{"id":32913,"date":"2025-03-13T16:16:47","date_gmt":"2025-03-13T14:16:47","guid":{"rendered":"https:\/\/beautyinstitute.ee\/?post_type=product&#038;p=32913"},"modified":"2026-02-26T08:41:07","modified_gmt":"2026-02-26T06:41:07","slug":"toonik-kuivale-ja-tundlikule-nahale","status":"publish","type":"product","link":"https:\/\/beautyinstitute.ee\/ru\/toode\/toonik-kuivale-ja-tundlikule-nahale\/","title":{"rendered":"Toonik Kuivale Ja Tundlikule Nahale"},"content":{"rendered":"<p>Alkoholivaba toonik, mis on rahustava toimega.<\/p>\n<p>Peamised aktiivained on kummel, n\u00f5iapuu ja kurgiekstrakt.<\/p>\n<p>Lisaks puhastamisele toniseerib ja pinguldab nahka ning parandab jumet.<\/p>\n<p>Tagab j\u00e4rgnevate toodete optimaalse toime, et saavutada parimad hooldustulemused<\/p>\n","protected":false},"excerpt":{"rendered":"<p>Alkoholivaba toonik, mis on rahustava toimega. Peamised aktiivained on kummel, n\u00f5iapuu ja kurgiekstrakt. Lisaks puhastamisele toniseerib ja pinguldab nahka ning parandab jumet. Tagab j\u00e4rgnevate toodete optimaalse toime, et saavutada parimad hooldustulemused<\/p>\n","protected":false},"featured_media":35062,"template":"","meta":{"_acf_changed":false},"product_cat":[291,246],"product_tag":[],"class_list":["post-32913","product","type-product","status-publish","has-post-thumbnail","hentry","product_cat-baehr-cosmetic","product_cat-toonikud"],"acf":[],"yoast_head":"<!-- This site is optimized with the Yoast SEO plugin v25.4 - https:\/\/yoast.com\/wordpress\/plugins\/seo\/ -->\n<title>Toonik Kuivale Ja Tundlikule Nahale - Beauty Institute<\/title>\n<meta name=\"robots\" content=\"index, follow, max-snippet:-1, max-image-preview:large, max-video-preview:-1\" \/>\n<link rel=\"canonical\" href=\"https:\/\/beautyinstitute.ee\/toode\/toonik-kuivale-ja-tundlikule-nahale\/\" \/>\n<meta property=\"og:locale\" content=\"ru_RU\" \/>\n<meta property=\"og:type\" content=\"article\" \/>\n<meta property=\"og:title\" content=\"Toonik Kuivale Ja Tundlikule Nahale - Beauty Institute\" \/>\n<meta property=\"og:description\" content=\"Alkoholivaba toonik, mis on rahustava toimega. Peamised aktiivained on kummel, n\u00f5iapuu ja kurgiekstrakt. Lisaks puhastamisele toniseerib ja pinguldab nahka ning parandab jumet. Tagab j\u00e4rgnevate toodete optimaalse toime, et saavutada parimad hooldustulemused\" \/>\n<meta property=\"og:url\" content=\"https:\/\/beautyinstitute.ee\/toode\/toonik-kuivale-ja-tundlikule-nahale\/\" \/>\n<meta property=\"og:site_name\" content=\"Beauty Institute\" \/>\n<meta property=\"article:modified_time\" content=\"2026-02-26T06:41:07+00:00\" \/>\n<meta property=\"og:image\" content=\"https:\/\/beautyinstitute.ee\/wp-content\/uploads\/2025\/09\/toonik-tundlik.-baehr-200.webp\" \/>\n\t<meta property=\"og:image:width\" content=\"1920\" \/>\n\t<meta property=\"og:image:height\" content=\"1920\" \/>\n\t<meta property=\"og:image:type\" content=\"image\/webp\" \/>\n<meta name=\"twitter:card\" content=\"summary_large_image\" \/>\n<meta name=\"twitter:site\" content=\"@Beauty_Eesti\" \/>\n<meta name=\"twitter:label1\" content=\"\u041f\u0440\u0438\u043c\u0435\u0440\u043d\u043e\u0435 \u0432\u0440\u0435\u043c\u044f \u0434\u043b\u044f \u0447\u0442\u0435\u043d\u0438\u044f\" \/>\n\t<meta name=\"twitter:data1\" content=\"1 \u043c\u0438\u043d\u0443\u0442\u0430\" \/>\n<script type=\"application\/ld+json\" class=\"yoast-schema-graph\">{\"@context\":\"https:\/\/schema.org\",\"@graph\":[{\"@type\":\"WebPage\",\"@id\":\"https:\/\/beautyinstitute.ee\/toode\/toonik-kuivale-ja-tundlikule-nahale\/\",\"url\":\"https:\/\/beautyinstitute.ee\/toode\/toonik-kuivale-ja-tundlikule-nahale\/\",\"name\":\"Toonik Kuivale Ja Tundlikule Nahale - Beauty Institute\",\"isPartOf\":{\"@id\":\"https:\/\/beautyinstitute.ee\/#website\"},\"primaryImageOfPage\":{\"@id\":\"https:\/\/beautyinstitute.ee\/toode\/toonik-kuivale-ja-tundlikule-nahale\/#primaryimage\"},\"image\":{\"@id\":\"https:\/\/beautyinstitute.ee\/toode\/toonik-kuivale-ja-tundlikule-nahale\/#primaryimage\"},\"thumbnailUrl\":\"https:\/\/beautyinstitute.ee\/wp-content\/uploads\/2025\/09\/toonik-tundlik.-baehr-200.webp\",\"datePublished\":\"2025-03-13T14:16:47+00:00\",\"dateModified\":\"2026-02-26T06:41:07+00:00\",\"breadcrumb\":{\"@id\":\"https:\/\/beautyinstitute.ee\/toode\/toonik-kuivale-ja-tundlikule-nahale\/#breadcrumb\"},\"inLanguage\":\"ru-RU\",\"potentialAction\":[{\"@type\":\"ReadAction\",\"target\":[\"https:\/\/beautyinstitute.ee\/toode\/toonik-kuivale-ja-tundlikule-nahale\/\"]}]},{\"@type\":\"ImageObject\",\"inLanguage\":\"ru-RU\",\"@id\":\"https:\/\/beautyinstitute.ee\/toode\/toonik-kuivale-ja-tundlikule-nahale\/#primaryimage\",\"url\":\"https:\/\/beautyinstitute.ee\/wp-content\/uploads\/2025\/09\/toonik-tundlik.-baehr-200.webp\",\"contentUrl\":\"https:\/\/beautyinstitute.ee\/wp-content\/uploads\/2025\/09\/toonik-tundlik.-baehr-200.webp\",\"width\":1920,\"height\":1920},{\"@type\":\"BreadcrumbList\",\"@id\":\"https:\/\/beautyinstitute.ee\/toode\/toonik-kuivale-ja-tundlikule-nahale\/#breadcrumb\",\"itemListElement\":[{\"@type\":\"ListItem\",\"position\":1,\"name\":\"Home\",\"item\":\"https:\/\/beautyinstitute.ee\/ru\/\"},{\"@type\":\"ListItem\",\"position\":2,\"name\":\"E-pood\",\"item\":\"https:\/\/beautyinstitute.ee\/e-pood\/\"},{\"@type\":\"ListItem\",\"position\":3,\"name\":\"Toonik Kuivale Ja Tundlikule Nahale\"}]},{\"@type\":\"WebSite\",\"@id\":\"https:\/\/beautyinstitute.ee\/#website\",\"url\":\"https:\/\/beautyinstitute.ee\/\",\"name\":\"Beauty Institute\",\"description\":\"CNC Cosmetic ametlik maaletooja ja edasim\u00fc\u00fcja Eestis, Soomes, L\u00e4tis. Aparaadikosmeetika, koolitused, kosmeetikatooted.\",\"potentialAction\":[{\"@type\":\"SearchAction\",\"target\":{\"@type\":\"EntryPoint\",\"urlTemplate\":\"https:\/\/beautyinstitute.ee\/?s={search_term_string}\"},\"query-input\":{\"@type\":\"PropertyValueSpecification\",\"valueRequired\":true,\"valueName\":\"search_term_string\"}}],\"inLanguage\":\"ru-RU\"}]}<\/script>\n<!-- \/ Yoast SEO plugin. -->","yoast_head_json":{"title":"Toonik Kuivale Ja Tundlikule Nahale - Beauty Institute","robots":{"index":"index","follow":"follow","max-snippet":"max-snippet:-1","max-image-preview":"max-image-preview:large","max-video-preview":"max-video-preview:-1"},"canonical":"https:\/\/beautyinstitute.ee\/toode\/toonik-kuivale-ja-tundlikule-nahale\/","og_locale":"ru_RU","og_type":"article","og_title":"Toonik Kuivale Ja Tundlikule Nahale - Beauty Institute","og_description":"Alkoholivaba toonik, mis on rahustava toimega. Peamised aktiivained on kummel, n\u00f5iapuu ja kurgiekstrakt. Lisaks puhastamisele toniseerib ja pinguldab nahka ning parandab jumet. Tagab j\u00e4rgnevate toodete optimaalse toime, et saavutada parimad hooldustulemused","og_url":"https:\/\/beautyinstitute.ee\/toode\/toonik-kuivale-ja-tundlikule-nahale\/","og_site_name":"Beauty Institute","article_modified_time":"2026-02-26T06:41:07+00:00","og_image":[{"width":1920,"height":1920,"url":"https:\/\/beautyinstitute.ee\/wp-content\/uploads\/2025\/09\/toonik-tundlik.-baehr-200.webp","type":"image\/webp"}],"twitter_card":"summary_large_image","twitter_site":"@Beauty_Eesti","twitter_misc":{"\u041f\u0440\u0438\u043c\u0435\u0440\u043d\u043e\u0435 \u0432\u0440\u0435\u043c\u044f \u0434\u043b\u044f \u0447\u0442\u0435\u043d\u0438\u044f":"1 \u043c\u0438\u043d\u0443\u0442\u0430"},"schema":{"@context":"https:\/\/schema.org","@graph":[{"@type":"WebPage","@id":"https:\/\/beautyinstitute.ee\/toode\/toonik-kuivale-ja-tundlikule-nahale\/","url":"https:\/\/beautyinstitute.ee\/toode\/toonik-kuivale-ja-tundlikule-nahale\/","name":"Toonik Kuivale Ja Tundlikule Nahale - Beauty Institute","isPartOf":{"@id":"https:\/\/beautyinstitute.ee\/#website"},"primaryImageOfPage":{"@id":"https:\/\/beautyinstitute.ee\/toode\/toonik-kuivale-ja-tundlikule-nahale\/#primaryimage"},"image":{"@id":"https:\/\/beautyinstitute.ee\/toode\/toonik-kuivale-ja-tundlikule-nahale\/#primaryimage"},"thumbnailUrl":"https:\/\/beautyinstitute.ee\/wp-content\/uploads\/2025\/09\/toonik-tundlik.-baehr-200.webp","datePublished":"2025-03-13T14:16:47+00:00","dateModified":"2026-02-26T06:41:07+00:00","breadcrumb":{"@id":"https:\/\/beautyinstitute.ee\/toode\/toonik-kuivale-ja-tundlikule-nahale\/#breadcrumb"},"inLanguage":"ru-RU","potentialAction":[{"@type":"ReadAction","target":["https:\/\/beautyinstitute.ee\/toode\/toonik-kuivale-ja-tundlikule-nahale\/"]}]},{"@type":"ImageObject","inLanguage":"ru-RU","@id":"https:\/\/beautyinstitute.ee\/toode\/toonik-kuivale-ja-tundlikule-nahale\/#primaryimage","url":"https:\/\/beautyinstitute.ee\/wp-content\/uploads\/2025\/09\/toonik-tundlik.-baehr-200.webp","contentUrl":"https:\/\/beautyinstitute.ee\/wp-content\/uploads\/2025\/09\/toonik-tundlik.-baehr-200.webp","width":1920,"height":1920},{"@type":"BreadcrumbList","@id":"https:\/\/beautyinstitute.ee\/toode\/toonik-kuivale-ja-tundlikule-nahale\/#breadcrumb","itemListElement":[{"@type":"ListItem","position":1,"name":"Home","item":"https:\/\/beautyinstitute.ee\/ru\/"},{"@type":"ListItem","position":2,"name":"E-pood","item":"https:\/\/beautyinstitute.ee\/e-pood\/"},{"@type":"ListItem","position":3,"name":"Toonik Kuivale Ja Tundlikule Nahale"}]},{"@type":"WebSite","@id":"https:\/\/beautyinstitute.ee\/#website","url":"https:\/\/beautyinstitute.ee\/","name":"Beauty Institute","description":"CNC Cosmetic ametlik maaletooja ja edasim\u00fc\u00fcja Eestis, Soomes, L\u00e4tis. Aparaadikosmeetika, koolitused, kosmeetikatooted.","potentialAction":[{"@type":"SearchAction","target":{"@type":"EntryPoint","urlTemplate":"https:\/\/beautyinstitute.ee\/?s={search_term_string}"},"query-input":{"@type":"PropertyValueSpecification","valueRequired":true,"valueName":"search_term_string"}}],"inLanguage":"ru-RU"}]}},"_links":{"self":[{"href":"https:\/\/beautyinstitute.ee\/ru\/wp-json\/wp\/v2\/product\/32913","targetHints":{"allow":["GET"]}}],"collection":[{"href":"https:\/\/beautyinstitute.ee\/ru\/wp-json\/wp\/v2\/product"}],"about":[{"href":"https:\/\/beautyinstitute.ee\/ru\/wp-json\/wp\/v2\/types\/product"}],"wp:featuredmedia":[{"embeddable":true,"href":"https:\/\/beautyinstitute.ee\/ru\/wp-json\/wp\/v2\/media\/35062"}],"wp:attachment":[{"href":"https:\/\/beautyinstitute.ee\/ru\/wp-json\/wp\/v2\/media?parent=32913"}],"wp:term":[{"taxonomy":"product_cat","embeddable":true,"href":"https:\/\/beautyinstitute.ee\/ru\/wp-json\/wp\/v2\/product_cat?post=32913"},{"taxonomy":"product_tag","embeddable":true,"href":"https:\/\/beautyinstitute.ee\/ru\/wp-json\/wp\/v2\/product_tag?post=32913"}],"curies":[{"name":"wp","href":"https:\/\/api.w.org\/{rel}","templated":true}]}}