{"id":32947,"date":"2025-03-17T21:05:08","date_gmt":"2025-03-17T19:05:08","guid":{"rendered":"https:\/\/beautyinstitute.ee\/?post_type=product&#038;p=32947"},"modified":"2026-04-27T10:48:47","modified_gmt":"2026-04-27T07:48:47","slug":"2-faasiline-ampull-q10-ja-astelpaju","status":"publish","type":"product","link":"https:\/\/beautyinstitute.ee\/ru\/toode\/2-faasiline-ampull-q10-ja-astelpaju\/","title":{"rendered":"2-Faasiline Ampull- Q10 Ja Astelpaju 10X2Ml"},"content":{"rendered":"<p id=\"tw-target-text\" class=\"tw-data-text tw-text-large tw-ta\" dir=\"ltr\" data-placeholder=\"T\u00f5lge\" data-ved=\"2ahUKEwi_x4bgxveLAxWOUXcKHZI5AZIQ3ewLegQICBAV\" aria-label=\"T\u00f5lgitud tekst: Kirjeldus:\nVitaliseeriv 2-faasiline ampull v\u00f5imsa rakukaitse kombinatsiooniga Q10, astelpaju\u00f5li ja E-vitamiiniga.\"><span class=\"Y2IQFc\" lang=\"et\"><strong>Kirjeldus:<\/strong> <strong>Vitaliseeriv 2-faasiline ampull v\u00f5imsa rakukaitse kombinatsiooniga Q10, astelpaju\u00f5li ja E-vitamiiniga.<\/strong><\/span><\/p>\n<p id=\"tw-target-text\" class=\"tw-data-text tw-text-large tw-ta\" dir=\"ltr\" data-placeholder=\"T\u00f5lge\" data-ved=\"2ahUKEwi_x4bgxveLAxWOUXcKHZI5AZIQ3ewLegQICBAV\" aria-label=\"T\u00f5lgitud tekst: M\u00f5ju:\nUuenduslik valem aktiveerib naha loomulikke taastumisprotsesse, t\u00e4iendab selle energiavarusid ja kaitseb optimaalselt oks\u00fcdatiivse stressi eest.\nH\u00fcaluroonhape ja fermenteeritud toimeaine reguleerivad lipiidbarj\u00e4\u00e4ri ja suurendavad niiskusesisaldust. Noorusliku s\u00e4raga taaselustatud jume jaoks.\"><span class=\"Y2IQFc\" lang=\"et\"><strong>M\u00f5ju:<\/strong> Uuenduslik valem aktiveerib naha loomulikke taastumisprotsesse, t\u00e4iendab selle energiavarusid ja kaitseb optimaalselt oks\u00fcdatiivse stressi eest. H\u00fcaluroonhape ja fermenteeritud toimeained reguleerivad lipiidbarj\u00e4\u00e4ri ja suurendavad niiskusesisaldust. Noorusliku s\u00e4raga taaselustatud jume jaoks.<\/span><\/p>\n<p id=\"tw-target-text\" class=\"tw-data-text tw-text-large tw-ta\" dir=\"ltr\" data-placeholder=\"T\u00f5lge\" data-ved=\"2ahUKEwi_x4bgxveLAxWOUXcKHZI5AZIQ3ewLegQICBAV\" aria-label=\"T\u00f5lgitud tekst: Sobib:\nv\u00e4sinud, energiavaene ja taastumist vajav nahk, antioks\u00fcdantne nahk ja rakukaitse\nEelised:\n- Stimuleerib rakkude aktiivsust ja taastumist\n\n- Energiseeritud ja taaselustatud naha jaoks\n\n- Niisutava seerumi ja rakke kaitsvate \u00f5lide kombinatsioon\n\n- Aktiveerib naha barj\u00e4\u00e4ri, rahustab ja l\u00f5dvestab\"><span class=\"Y2IQFc\" lang=\"et\"><strong>Sobib:<\/strong> <\/span><span class=\"Y2IQFc\" lang=\"et\">v\u00e4sinud, energiavaene ja taastumist vajav nahk, tugev antioks\u00fcdant \u00a0ja rakukaitse <\/span><\/p>\n<p class=\"tw-data-text tw-text-large tw-ta\" dir=\"ltr\" data-placeholder=\"T\u00f5lge\" data-ved=\"2ahUKEwi_x4bgxveLAxWOUXcKHZI5AZIQ3ewLegQICBAV\" aria-label=\"T\u00f5lgitud tekst: Sobib:\nv\u00e4sinud, energiavaene ja taastumist vajav nahk, antioks\u00fcdantne nahk ja rakukaitse\nEelised:\n- Stimuleerib rakkude aktiivsust ja taastumist\n\n- Energiseeritud ja taaselustatud naha jaoks\n\n- Niisutava seerumi ja rakke kaitsvate \u00f5lide kombinatsioon\n\n- Aktiveerib naha barj\u00e4\u00e4ri, rahustab ja l\u00f5dvestab\"><span class=\"Y2IQFc\" lang=\"et\"><strong>Eelised: <\/strong><\/span><\/p>\n<ul>\n<li class=\"tw-data-text tw-text-large tw-ta\" dir=\"ltr\" data-placeholder=\"T\u00f5lge\" data-ved=\"2ahUKEwi_x4bgxveLAxWOUXcKHZI5AZIQ3ewLegQICBAV\" aria-label=\"T\u00f5lgitud tekst: Sobib:\nv\u00e4sinud, energiavaene ja taastumist vajav nahk, antioks\u00fcdantne nahk ja rakukaitse\nEelised:\n- Stimuleerib rakkude aktiivsust ja taastumist\n\n- Energiseeritud ja taaselustatud naha jaoks\n\n- Niisutava seerumi ja rakke kaitsvate \u00f5lide kombinatsioon\n\n- Aktiveerib naha barj\u00e4\u00e4ri, rahustab ja l\u00f5dvestab\"><span class=\"Y2IQFc\" lang=\"et\">Stimuleerib rakkude aktiivsust ja taastumist <\/span><\/li>\n<li class=\"tw-data-text tw-text-large tw-ta\" dir=\"ltr\" data-placeholder=\"T\u00f5lge\" data-ved=\"2ahUKEwi_x4bgxveLAxWOUXcKHZI5AZIQ3ewLegQICBAV\" aria-label=\"T\u00f5lgitud tekst: Sobib:\nv\u00e4sinud, energiavaene ja taastumist vajav nahk, antioks\u00fcdantne nahk ja rakukaitse\nEelised:\n- Stimuleerib rakkude aktiivsust ja taastumist\n\n- Energiseeritud ja taaselustatud naha jaoks\n\n- Niisutava seerumi ja rakke kaitsvate \u00f5lide kombinatsioon\n\n- Aktiveerib naha barj\u00e4\u00e4ri, rahustab ja l\u00f5dvestab\"><span class=\"Y2IQFc\" lang=\"et\">Energiseeritud ja taaselustatud naha jaoks <\/span><\/li>\n<li class=\"tw-data-text tw-text-large tw-ta\" dir=\"ltr\" data-placeholder=\"T\u00f5lge\" data-ved=\"2ahUKEwi_x4bgxveLAxWOUXcKHZI5AZIQ3ewLegQICBAV\" aria-label=\"T\u00f5lgitud tekst: Sobib:\nv\u00e4sinud, energiavaene ja taastumist vajav nahk, antioks\u00fcdantne nahk ja rakukaitse\nEelised:\n- Stimuleerib rakkude aktiivsust ja taastumist\n\n- Energiseeritud ja taaselustatud naha jaoks\n\n- Niisutava seerumi ja rakke kaitsvate \u00f5lide kombinatsioon\n\n- Aktiveerib naha barj\u00e4\u00e4ri, rahustab ja l\u00f5dvestab\"><span class=\"Y2IQFc\" lang=\"et\">Niisutava seerumi ja rakke kaitsvate \u00f5lide kombinatsioon <\/span><\/li>\n<li class=\"tw-data-text tw-text-large tw-ta\" dir=\"ltr\" data-placeholder=\"T\u00f5lge\" data-ved=\"2ahUKEwi_x4bgxveLAxWOUXcKHZI5AZIQ3ewLegQICBAV\" aria-label=\"T\u00f5lgitud tekst: Sobib:\nv\u00e4sinud, energiavaene ja taastumist vajav nahk, antioks\u00fcdantne nahk ja rakukaitse\nEelised:\n- Stimuleerib rakkude aktiivsust ja taastumist\n\n- Energiseeritud ja taaselustatud naha jaoks\n\n- Niisutava seerumi ja rakke kaitsvate \u00f5lide kombinatsioon\n\n- Aktiveerib naha barj\u00e4\u00e4ri, rahustab ja l\u00f5dvestab\"><span class=\"Y2IQFc\" lang=\"et\">Aktiveerib naha barj\u00e4\u00e4ri, rahustab ja l\u00f5dvestab<\/span><\/li>\n<\/ul>\n<p id=\"tw-target-text\" class=\"tw-data-text tw-text-large tw-ta\" dir=\"ltr\" data-placeholder=\"T\u00f5lge\" data-ved=\"2ahUKEwi_x4bgxveLAxWOUXcKHZI5AZIQ3ewLegQICBAV\" aria-label=\"T\u00f5lgitud tekst: Rakendus:\nRaputage klaasampulli ja murrake see ettevaatlikult ampulliavaja v\u00f5i n\u00e4or\u00e4tikuga lahti. Vajadusel kandke hoolikalt puhastatud ja toonitud nahale ning patsutage \u00f5rnalt. Seej\u00e4rel kandke olenevalt oma vajadustest CNC p\u00e4eva- v\u00f5i \u00f6\u00f6hooldustoodet, mis sobib teie naha seisundile.\"><span class=\"Y2IQFc\" lang=\"et\"><strong>Kasutamine:<\/strong> Raputage klaasampulli ja murdke see ettevaatlikult ampulliavaja v\u00f5i n\u00e4or\u00e4tikuga lahti. Kandke hoolikalt puhastatud ja tooniseeritud nahale ning patsutage \u00f5rnalt. Seej\u00e4rel j\u00e4tkake oma tavap\u00e4rase p\u00e4eva- v\u00f5i \u00f6\u00f6kreemiga.<\/span><\/p>\n<p id=\"tw-target-text\" class=\"tw-data-text tw-text-large tw-ta\" dir=\"ltr\" data-placeholder=\"T\u00f5lge\" data-ved=\"2ahUKEwi_x4bgxveLAxWOUXcKHZI5AZIQ3ewLegQICBAV\" aria-label=\"T\u00f5lgitud tekst: Toimeaine ekstrakt:\nAstelpaju\u00f5li, Q10 (ubikinoon), h\u00fcaluroonhape, mandli\u00f5li, tokoferool, Bacillus ferment, p\u00e4evalille\u00f5li,\"><span class=\"Y2IQFc\" lang=\"et\"><strong>Toimeained<\/strong>: Astelpaju\u00f5li, Q10 (ubikinoon), h\u00fcaluroonhape, mandli\u00f5li, tokoferool, Bacillus ferment, p\u00e4evalille\u00f5li<\/span><\/p>\n<p id=\"tw-target-text\" class=\"tw-data-text tw-text-large tw-ta\" dir=\"ltr\" data-placeholder=\"T\u00f5lge\" data-ved=\"2ahUKEwi_x4bgxveLAxWOUXcKHZI5AZIQ3ewLegQICBAV\" aria-label=\"T\u00f5lgitud tekst: Oluline M\u00c4RKUS.\n\u00c4rge laske tootel silma sattuda. \u00c4rge avage ampulle paljaste k\u00e4tega. Ampullid tuleb kasutada kohe p\u00e4rast avamist.\"><span class=\"Y2IQFc\" lang=\"et\"><strong>Oluline M\u00c4RKUS<\/strong>. \u00c4rge laske tootel silma sattuda. \u00c4rge avage ampulle paljaste k\u00e4tega. Ampullid tuleb kasutada kohe p\u00e4rast avamist.<\/span><\/p>\n","protected":false},"excerpt":{"rendered":"<p>Kirjeldus: Vitaliseeriv 2-faasiline ampull v\u00f5imsa rakukaitse kombinatsiooniga Q10, astelpaju\u00f5li ja E-vitamiiniga. M\u00f5ju: Uuenduslik valem aktiveerib naha loomulikke taastumisprotsesse, t\u00e4iendab selle energiavarusid ja kaitseb optimaalselt oks\u00fcdatiivse stressi eest. H\u00fcaluroonhape ja fermenteeritud toimeained reguleerivad lipiidbarj\u00e4\u00e4ri ja suurendavad niiskusesisaldust. Noorusliku s\u00e4raga taaselustatud jume jaoks. Sobib: v\u00e4sinud, energiavaene ja taastumist vajav nahk, tugev antioks\u00fcdant \u00a0ja rakukaitse Eelised: Stimuleerib rakkude [&hellip;]<\/p>\n","protected":false},"featured_media":32949,"template":"","meta":{"_acf_changed":false},"product_cat":[278,150],"product_tag":[],"class_list":["post-32947","product","type-product","status-publish","has-post-thumbnail","hentry","product_cat-cnc","product_cat-ampullikontsentraadid"],"acf":[],"yoast_head":"<!-- This site is optimized with the Yoast SEO plugin v25.4 - https:\/\/yoast.com\/wordpress\/plugins\/seo\/ -->\n<title>2-Faasiline Ampull- Q10 Ja Astelpaju 10X2Ml - Beauty Institute<\/title>\n<meta name=\"robots\" content=\"index, follow, max-snippet:-1, max-image-preview:large, max-video-preview:-1\" \/>\n<link rel=\"canonical\" href=\"https:\/\/beautyinstitute.ee\/toode\/2-faasiline-ampull-q10-ja-astelpaju\/\" \/>\n<meta property=\"og:locale\" content=\"ru_RU\" \/>\n<meta property=\"og:type\" content=\"article\" \/>\n<meta property=\"og:title\" content=\"2-Faasiline Ampull- Q10 Ja Astelpaju 10X2Ml - Beauty Institute\" \/>\n<meta property=\"og:description\" content=\"Kirjeldus: Vitaliseeriv 2-faasiline ampull v\u00f5imsa rakukaitse kombinatsiooniga Q10, astelpaju\u00f5li ja E-vitamiiniga. M\u00f5ju: Uuenduslik valem aktiveerib naha loomulikke taastumisprotsesse, t\u00e4iendab selle energiavarusid ja kaitseb optimaalselt oks\u00fcdatiivse stressi eest. H\u00fcaluroonhape ja fermenteeritud toimeained reguleerivad lipiidbarj\u00e4\u00e4ri ja suurendavad niiskusesisaldust. Noorusliku s\u00e4raga taaselustatud jume jaoks. Sobib: v\u00e4sinud, energiavaene ja taastumist vajav nahk, tugev antioks\u00fcdant \u00a0ja rakukaitse Eelised: Stimuleerib rakkude [&hellip;]\" \/>\n<meta property=\"og:url\" content=\"https:\/\/beautyinstitute.ee\/toode\/2-faasiline-ampull-q10-ja-astelpaju\/\" \/>\n<meta property=\"og:site_name\" content=\"Beauty Institute\" \/>\n<meta property=\"article:modified_time\" content=\"2026-04-27T07:48:47+00:00\" \/>\n<meta property=\"og:image\" content=\"https:\/\/beautyinstitute.ee\/wp-content\/uploads\/2025\/03\/2-faasiline-amp-pakk.jpeg\" \/>\n\t<meta property=\"og:image:width\" content=\"1920\" \/>\n\t<meta property=\"og:image:height\" content=\"1920\" \/>\n\t<meta property=\"og:image:type\" content=\"image\/jpeg\" \/>\n<meta name=\"twitter:card\" content=\"summary_large_image\" \/>\n<meta name=\"twitter:site\" content=\"@Beauty_Eesti\" \/>\n<meta name=\"twitter:label1\" content=\"\u041f\u0440\u0438\u043c\u0435\u0440\u043d\u043e\u0435 \u0432\u0440\u0435\u043c\u044f \u0434\u043b\u044f \u0447\u0442\u0435\u043d\u0438\u044f\" \/>\n\t<meta name=\"twitter:data1\" content=\"1 \u043c\u0438\u043d\u0443\u0442\u0430\" \/>\n<script type=\"application\/ld+json\" class=\"yoast-schema-graph\">{\"@context\":\"https:\/\/schema.org\",\"@graph\":[{\"@type\":\"WebPage\",\"@id\":\"https:\/\/beautyinstitute.ee\/toode\/2-faasiline-ampull-q10-ja-astelpaju\/\",\"url\":\"https:\/\/beautyinstitute.ee\/toode\/2-faasiline-ampull-q10-ja-astelpaju\/\",\"name\":\"2-Faasiline Ampull- Q10 Ja Astelpaju 10X2Ml - Beauty Institute\",\"isPartOf\":{\"@id\":\"https:\/\/beautyinstitute.ee\/#website\"},\"primaryImageOfPage\":{\"@id\":\"https:\/\/beautyinstitute.ee\/toode\/2-faasiline-ampull-q10-ja-astelpaju\/#primaryimage\"},\"image\":{\"@id\":\"https:\/\/beautyinstitute.ee\/toode\/2-faasiline-ampull-q10-ja-astelpaju\/#primaryimage\"},\"thumbnailUrl\":\"https:\/\/beautyinstitute.ee\/wp-content\/uploads\/2025\/03\/2-faasiline-amp-pakk.jpeg\",\"datePublished\":\"2025-03-17T19:05:08+00:00\",\"dateModified\":\"2026-04-27T07:48:47+00:00\",\"breadcrumb\":{\"@id\":\"https:\/\/beautyinstitute.ee\/toode\/2-faasiline-ampull-q10-ja-astelpaju\/#breadcrumb\"},\"inLanguage\":\"ru-RU\",\"potentialAction\":[{\"@type\":\"ReadAction\",\"target\":[\"https:\/\/beautyinstitute.ee\/toode\/2-faasiline-ampull-q10-ja-astelpaju\/\"]}]},{\"@type\":\"ImageObject\",\"inLanguage\":\"ru-RU\",\"@id\":\"https:\/\/beautyinstitute.ee\/toode\/2-faasiline-ampull-q10-ja-astelpaju\/#primaryimage\",\"url\":\"https:\/\/beautyinstitute.ee\/wp-content\/uploads\/2025\/03\/2-faasiline-amp-pakk.jpeg\",\"contentUrl\":\"https:\/\/beautyinstitute.ee\/wp-content\/uploads\/2025\/03\/2-faasiline-amp-pakk.jpeg\",\"width\":1920,\"height\":1920},{\"@type\":\"BreadcrumbList\",\"@id\":\"https:\/\/beautyinstitute.ee\/toode\/2-faasiline-ampull-q10-ja-astelpaju\/#breadcrumb\",\"itemListElement\":[{\"@type\":\"ListItem\",\"position\":1,\"name\":\"Home\",\"item\":\"https:\/\/beautyinstitute.ee\/ru\/\"},{\"@type\":\"ListItem\",\"position\":2,\"name\":\"E-pood\",\"item\":\"https:\/\/beautyinstitute.ee\/e-pood\/\"},{\"@type\":\"ListItem\",\"position\":3,\"name\":\"2-Faasiline Ampull- Q10 Ja Astelpaju 10X2Ml\"}]},{\"@type\":\"WebSite\",\"@id\":\"https:\/\/beautyinstitute.ee\/#website\",\"url\":\"https:\/\/beautyinstitute.ee\/\",\"name\":\"Beauty Institute\",\"description\":\"CNC Cosmetic ametlik maaletooja ja edasim\u00fc\u00fcja Eestis, Soomes, L\u00e4tis. Aparaadikosmeetika, koolitused, kosmeetikatooted.\",\"potentialAction\":[{\"@type\":\"SearchAction\",\"target\":{\"@type\":\"EntryPoint\",\"urlTemplate\":\"https:\/\/beautyinstitute.ee\/?s={search_term_string}\"},\"query-input\":{\"@type\":\"PropertyValueSpecification\",\"valueRequired\":true,\"valueName\":\"search_term_string\"}}],\"inLanguage\":\"ru-RU\"}]}<\/script>\n<!-- \/ Yoast SEO plugin. -->","yoast_head_json":{"title":"2-Faasiline Ampull- Q10 Ja Astelpaju 10X2Ml - Beauty Institute","robots":{"index":"index","follow":"follow","max-snippet":"max-snippet:-1","max-image-preview":"max-image-preview:large","max-video-preview":"max-video-preview:-1"},"canonical":"https:\/\/beautyinstitute.ee\/toode\/2-faasiline-ampull-q10-ja-astelpaju\/","og_locale":"ru_RU","og_type":"article","og_title":"2-Faasiline Ampull- Q10 Ja Astelpaju 10X2Ml - Beauty Institute","og_description":"Kirjeldus: Vitaliseeriv 2-faasiline ampull v\u00f5imsa rakukaitse kombinatsiooniga Q10, astelpaju\u00f5li ja E-vitamiiniga. M\u00f5ju: Uuenduslik valem aktiveerib naha loomulikke taastumisprotsesse, t\u00e4iendab selle energiavarusid ja kaitseb optimaalselt oks\u00fcdatiivse stressi eest. H\u00fcaluroonhape ja fermenteeritud toimeained reguleerivad lipiidbarj\u00e4\u00e4ri ja suurendavad niiskusesisaldust. Noorusliku s\u00e4raga taaselustatud jume jaoks. Sobib: v\u00e4sinud, energiavaene ja taastumist vajav nahk, tugev antioks\u00fcdant \u00a0ja rakukaitse Eelised: Stimuleerib rakkude [&hellip;]","og_url":"https:\/\/beautyinstitute.ee\/toode\/2-faasiline-ampull-q10-ja-astelpaju\/","og_site_name":"Beauty Institute","article_modified_time":"2026-04-27T07:48:47+00:00","og_image":[{"width":1920,"height":1920,"url":"https:\/\/beautyinstitute.ee\/wp-content\/uploads\/2025\/03\/2-faasiline-amp-pakk.jpeg","type":"image\/jpeg"}],"twitter_card":"summary_large_image","twitter_site":"@Beauty_Eesti","twitter_misc":{"\u041f\u0440\u0438\u043c\u0435\u0440\u043d\u043e\u0435 \u0432\u0440\u0435\u043c\u044f \u0434\u043b\u044f \u0447\u0442\u0435\u043d\u0438\u044f":"1 \u043c\u0438\u043d\u0443\u0442\u0430"},"schema":{"@context":"https:\/\/schema.org","@graph":[{"@type":"WebPage","@id":"https:\/\/beautyinstitute.ee\/toode\/2-faasiline-ampull-q10-ja-astelpaju\/","url":"https:\/\/beautyinstitute.ee\/toode\/2-faasiline-ampull-q10-ja-astelpaju\/","name":"2-Faasiline Ampull- Q10 Ja Astelpaju 10X2Ml - Beauty Institute","isPartOf":{"@id":"https:\/\/beautyinstitute.ee\/#website"},"primaryImageOfPage":{"@id":"https:\/\/beautyinstitute.ee\/toode\/2-faasiline-ampull-q10-ja-astelpaju\/#primaryimage"},"image":{"@id":"https:\/\/beautyinstitute.ee\/toode\/2-faasiline-ampull-q10-ja-astelpaju\/#primaryimage"},"thumbnailUrl":"https:\/\/beautyinstitute.ee\/wp-content\/uploads\/2025\/03\/2-faasiline-amp-pakk.jpeg","datePublished":"2025-03-17T19:05:08+00:00","dateModified":"2026-04-27T07:48:47+00:00","breadcrumb":{"@id":"https:\/\/beautyinstitute.ee\/toode\/2-faasiline-ampull-q10-ja-astelpaju\/#breadcrumb"},"inLanguage":"ru-RU","potentialAction":[{"@type":"ReadAction","target":["https:\/\/beautyinstitute.ee\/toode\/2-faasiline-ampull-q10-ja-astelpaju\/"]}]},{"@type":"ImageObject","inLanguage":"ru-RU","@id":"https:\/\/beautyinstitute.ee\/toode\/2-faasiline-ampull-q10-ja-astelpaju\/#primaryimage","url":"https:\/\/beautyinstitute.ee\/wp-content\/uploads\/2025\/03\/2-faasiline-amp-pakk.jpeg","contentUrl":"https:\/\/beautyinstitute.ee\/wp-content\/uploads\/2025\/03\/2-faasiline-amp-pakk.jpeg","width":1920,"height":1920},{"@type":"BreadcrumbList","@id":"https:\/\/beautyinstitute.ee\/toode\/2-faasiline-ampull-q10-ja-astelpaju\/#breadcrumb","itemListElement":[{"@type":"ListItem","position":1,"name":"Home","item":"https:\/\/beautyinstitute.ee\/ru\/"},{"@type":"ListItem","position":2,"name":"E-pood","item":"https:\/\/beautyinstitute.ee\/e-pood\/"},{"@type":"ListItem","position":3,"name":"2-Faasiline Ampull- Q10 Ja Astelpaju 10X2Ml"}]},{"@type":"WebSite","@id":"https:\/\/beautyinstitute.ee\/#website","url":"https:\/\/beautyinstitute.ee\/","name":"Beauty Institute","description":"CNC Cosmetic ametlik maaletooja ja edasim\u00fc\u00fcja Eestis, Soomes, L\u00e4tis. Aparaadikosmeetika, koolitused, kosmeetikatooted.","potentialAction":[{"@type":"SearchAction","target":{"@type":"EntryPoint","urlTemplate":"https:\/\/beautyinstitute.ee\/?s={search_term_string}"},"query-input":{"@type":"PropertyValueSpecification","valueRequired":true,"valueName":"search_term_string"}}],"inLanguage":"ru-RU"}]}},"_links":{"self":[{"href":"https:\/\/beautyinstitute.ee\/ru\/wp-json\/wp\/v2\/product\/32947","targetHints":{"allow":["GET"]}}],"collection":[{"href":"https:\/\/beautyinstitute.ee\/ru\/wp-json\/wp\/v2\/product"}],"about":[{"href":"https:\/\/beautyinstitute.ee\/ru\/wp-json\/wp\/v2\/types\/product"}],"wp:featuredmedia":[{"embeddable":true,"href":"https:\/\/beautyinstitute.ee\/ru\/wp-json\/wp\/v2\/media\/32949"}],"wp:attachment":[{"href":"https:\/\/beautyinstitute.ee\/ru\/wp-json\/wp\/v2\/media?parent=32947"}],"wp:term":[{"taxonomy":"product_cat","embeddable":true,"href":"https:\/\/beautyinstitute.ee\/ru\/wp-json\/wp\/v2\/product_cat?post=32947"},{"taxonomy":"product_tag","embeddable":true,"href":"https:\/\/beautyinstitute.ee\/ru\/wp-json\/wp\/v2\/product_tag?post=32947"}],"curies":[{"name":"wp","href":"https:\/\/api.w.org\/{rel}","templated":true}]}}