{"id":32965,"date":"2025-03-19T09:42:49","date_gmt":"2025-03-19T07:42:49","guid":{"rendered":"https:\/\/beautyinstitute.ee\/?post_type=product&#038;p=32965"},"modified":"2026-04-28T14:19:02","modified_gmt":"2026-04-28T11:19:02","slug":"happy-skin-futo-endorfiini-kompleks-ja-hualuroonhape-10x2ml","status":"publish","type":"product","link":"https:\/\/beautyinstitute.ee\/ru\/toode\/happy-skin-futo-endorfiini-kompleks-ja-hualuroonhape-10x2ml\/","title":{"rendered":"Happy Skin- F\u00fcto-Endorfiini Kompleks Ja H\u00fcaluroonhape 10X2Ml"},"content":{"rendered":"<p id=\"tw-target-text\" class=\"tw-data-text tw-text-large tw-ta\" dir=\"ltr\" data-placeholder=\"T\u00f5lge\" data-ved=\"2ahUKEwig29fnyJWMAxW-BhAIHUMmNbUQ3ewLegQICBAV\" aria-label=\"T\u00f5lgitud tekst: Kirjeldus:\nKaasas olev Happy Skin kompleks, mis p\u00f5hineb looduslikul kastemarjal, j\u00e4ljendab endorfiine, millel on \u00fclit\u00e4htis roll naha taastumises ja eluj\u00f5us.\"><span class=\"Y2IQFc\" lang=\"et\"><strong>Kirjeldus:<\/strong>\u00a0Happy Skin kompleks, mis p\u00f5hineb looduslikul mungapipral , j\u00e4ljendab endorfiine, millel on \u00fclit\u00e4htis roll naha taastumises ja eluj\u00f5us.<\/span><\/p>\n<p id=\"tw-target-text\" class=\"tw-data-text tw-text-large tw-ta\" dir=\"ltr\" data-placeholder=\"T\u00f5lge\" data-ved=\"2ahUKEwig29fnyJWMAxW-BhAIHUMmNbUQ3ewLegQICBAV\" aria-label=\"T\u00f5lgitud tekst: M\u00f5ju:\n\u00d5nnemolekulid, antioks\u00fcdandid ja h\u00fcaluroonhape suurendavad naha niiskust, stimuleerivad kollageeni moodustumist ja tagavad oluliselt rohkem naha tugevust. S\u00e4rava ja r\u00f5\u00f5msa naha jaoks, mida n\u00e4ete ja tunnete.\"><span class=\"Y2IQFc\" lang=\"et\"><strong>M\u00f5ju:<\/strong> \u00d5nnemolekulid, antioks\u00fcdandid ja h\u00fcaluroonhape suurendavad naha niiskust, stimuleerivad kollageeni moodustumist ja annavad nahale elastsuse ja tiheduse. S\u00e4rava ja r\u00f5\u00f5msa naha jaoks &#8211; mida n\u00e4ete ja tunnete.<\/span><\/p>\n<p><span class=\"Y2IQFc\" lang=\"et\"><strong>Sobib:<\/strong>\u00a0eriti menopausi ajal \u00a0ja p\u00e4rast menopausi. Rohkem eluj\u00f5udu, pinguldatust ja r\u00f5\u00f5msat, ilusat n\u00e4onahka.<\/span><\/p>\n<p id=\"tw-target-text\" class=\"tw-data-text tw-text-large tw-ta\" dir=\"ltr\" data-placeholder=\"T\u00f5lge\" data-ved=\"2ahUKEwig29fnyJWMAxW-BhAIHUMmNbUQ3ewLegQICBAV\" aria-label=\"T\u00f5lgitud tekst: Eelised:\nEriti tasakaalustav menopausi ajal, et nahka \u00fcles ehitada\nSuurema ja kauakestvama nahaniisutuse tagamiseks\nKortsude v\u00e4hendamine\nTugevama naha jaoks\nR\u00f5\u00f5mus nahk, mida n\u00e4ete ja tunnete\"><span class=\"Y2IQFc\" lang=\"et\"><strong>Eelised:<\/strong> <\/span><\/p>\n<ul>\n<li class=\"tw-data-text tw-text-large tw-ta\" dir=\"ltr\" data-placeholder=\"T\u00f5lge\" data-ved=\"2ahUKEwig29fnyJWMAxW-BhAIHUMmNbUQ3ewLegQICBAV\" aria-label=\"T\u00f5lgitud tekst: Eelised:\nEriti tasakaalustav menopausi ajal, et nahka \u00fcles ehitada\nSuurema ja kauakestvama nahaniisutuse tagamiseks\nKortsude v\u00e4hendamine\nTugevama naha jaoks\nR\u00f5\u00f5mus nahk, mida n\u00e4ete ja tunnete\"><span class=\"Y2IQFc\" lang=\"et\">Eriti tasakaalustav menopausi ajal, tugevdab ja taastab nahastruktuuri<\/span><\/li>\n<li class=\"tw-data-text tw-text-large tw-ta\" dir=\"ltr\" data-placeholder=\"T\u00f5lge\" data-ved=\"2ahUKEwig29fnyJWMAxW-BhAIHUMmNbUQ3ewLegQICBAV\" aria-label=\"T\u00f5lgitud tekst: Eelised:\nEriti tasakaalustav menopausi ajal, et nahka \u00fcles ehitada\nSuurema ja kauakestvama nahaniisutuse tagamiseks\nKortsude v\u00e4hendamine\nTugevama naha jaoks\nR\u00f5\u00f5mus nahk, mida n\u00e4ete ja tunnete\"><span class=\"Y2IQFc\" lang=\"et\">Intensiivne ja pikaajaline nahaniisutus.<\/span><\/li>\n<li class=\"tw-data-text tw-text-large tw-ta\" dir=\"ltr\" data-placeholder=\"T\u00f5lge\" data-ved=\"2ahUKEwig29fnyJWMAxW-BhAIHUMmNbUQ3ewLegQICBAV\" aria-label=\"T\u00f5lgitud tekst: Eelised:\nEriti tasakaalustav menopausi ajal, et nahka \u00fcles ehitada\nSuurema ja kauakestvama nahaniisutuse tagamiseks\nKortsude v\u00e4hendamine\nTugevama naha jaoks\nR\u00f5\u00f5mus nahk, mida n\u00e4ete ja tunnete\"><span class=\"Y2IQFc\" lang=\"et\">Kortsude v\u00e4hendamine <\/span><\/li>\n<li class=\"tw-data-text tw-text-large tw-ta\" dir=\"ltr\" data-placeholder=\"T\u00f5lge\" data-ved=\"2ahUKEwig29fnyJWMAxW-BhAIHUMmNbUQ3ewLegQICBAV\" aria-label=\"T\u00f5lgitud tekst: Eelised:\nEriti tasakaalustav menopausi ajal, et nahka \u00fcles ehitada\nSuurema ja kauakestvama nahaniisutuse tagamiseks\nKortsude v\u00e4hendamine\nTugevama naha jaoks\nR\u00f5\u00f5mus nahk, mida n\u00e4ete ja tunnete\"><span class=\"Y2IQFc\" lang=\"et\">Elastsema \u00a0naha jaoks <\/span><\/li>\n<li class=\"tw-data-text tw-text-large tw-ta\" dir=\"ltr\" data-placeholder=\"T\u00f5lge\" data-ved=\"2ahUKEwig29fnyJWMAxW-BhAIHUMmNbUQ3ewLegQICBAV\" aria-label=\"T\u00f5lgitud tekst: Eelised:\nEriti tasakaalustav menopausi ajal, et nahka \u00fcles ehitada\nSuurema ja kauakestvama nahaniisutuse tagamiseks\nKortsude v\u00e4hendamine\nTugevama naha jaoks\nR\u00f5\u00f5mus nahk, mida n\u00e4ete ja tunnete\"><span class=\"Y2IQFc\" lang=\"et\">R\u00f5\u00f5mus nahk &#8211; mida n\u00e4ete ja tunnete<\/span><\/li>\n<\/ul>\n<p id=\"tw-target-text\" class=\"tw-data-text tw-text-large tw-ta\" dir=\"ltr\" data-placeholder=\"T\u00f5lge\" data-ved=\"2ahUKEwig29fnyJWMAxW-BhAIHUMmNbUQ3ewLegQICBAV\" aria-label=\"T\u00f5lgitud tekst: Peamised toimeained:\nF\u00fctoendorfiini kompleks, h\u00fcaluroonhape, sahhariidi isomeraadid,\"><span class=\"Y2IQFc\" lang=\"et\"><strong>Peamised toimeained<\/strong>: F\u00fctoendorfiini kompleks, h\u00fcaluroonhape, sahhariidi isomeraadid<\/span><\/p>\n<p id=\"tw-target-text\" class=\"tw-data-text tw-text-large tw-ta\" dir=\"ltr\" data-placeholder=\"T\u00f5lge\" data-ved=\"2ahUKEwig29fnyJWMAxW-BhAIHUMmNbUQ3ewLegQICBAV\" aria-label=\"T\u00f5lgitud tekst: Oluline M\u00c4RKUS.\n\u00c4rge laske tootel silma sattuda. \u00c4rge avage ampulle paljaste k\u00e4tega. Ampullid tuleb kasutada kohe p\u00e4rast avamist.\nSobib ultraheli jaoks\"><span class=\"Y2IQFc\" lang=\"et\"><strong>Oluline M\u00c4RKUS.<\/strong> \u00c4rge laske tootel silma sattuda. \u00c4rge avage ampulle paljaste k\u00e4tega. Ampullid tuleb kasutada kohe p\u00e4rast avamist. <strong>Sobib ultraheli jaoks<\/strong><\/span><\/p>\n","protected":false},"excerpt":{"rendered":"<p>Kirjeldus:\u00a0Happy Skin kompleks, mis p\u00f5hineb looduslikul mungapipral , j\u00e4ljendab endorfiine, millel on \u00fclit\u00e4htis roll naha taastumises ja eluj\u00f5us. M\u00f5ju: \u00d5nnemolekulid, antioks\u00fcdandid ja h\u00fcaluroonhape suurendavad naha niiskust, stimuleerivad kollageeni moodustumist ja annavad nahale elastsuse ja tiheduse. S\u00e4rava ja r\u00f5\u00f5msa naha jaoks &#8211; mida n\u00e4ete ja tunnete. Sobib:\u00a0eriti menopausi ajal \u00a0ja p\u00e4rast menopausi. Rohkem eluj\u00f5udu, pinguldatust ja [&hellip;]<\/p>\n","protected":false},"featured_media":32970,"template":"","meta":{"_acf_changed":false},"product_cat":[278,150],"product_tag":[],"class_list":["post-32965","product","type-product","status-publish","has-post-thumbnail","hentry","product_cat-cnc","product_cat-ampullikontsentraadid"],"acf":[],"yoast_head":"<!-- This site is optimized with the Yoast SEO plugin v25.4 - https:\/\/yoast.com\/wordpress\/plugins\/seo\/ -->\n<title>Happy Skin- F\u00fcto-Endorfiini Kompleks Ja H\u00fcaluroonhape 10X2Ml - Beauty Institute<\/title>\n<meta name=\"robots\" content=\"index, follow, max-snippet:-1, max-image-preview:large, max-video-preview:-1\" \/>\n<link rel=\"canonical\" href=\"https:\/\/beautyinstitute.ee\/toode\/happy-skin-futo-endorfiini-kompleks-ja-hualuroonhape-10x2ml\/\" \/>\n<meta property=\"og:locale\" content=\"ru_RU\" \/>\n<meta property=\"og:type\" content=\"article\" \/>\n<meta property=\"og:title\" content=\"Happy Skin- F\u00fcto-Endorfiini Kompleks Ja H\u00fcaluroonhape 10X2Ml - Beauty Institute\" \/>\n<meta property=\"og:description\" content=\"Kirjeldus:\u00a0Happy Skin kompleks, mis p\u00f5hineb looduslikul mungapipral , j\u00e4ljendab endorfiine, millel on \u00fclit\u00e4htis roll naha taastumises ja eluj\u00f5us. M\u00f5ju: \u00d5nnemolekulid, antioks\u00fcdandid ja h\u00fcaluroonhape suurendavad naha niiskust, stimuleerivad kollageeni moodustumist ja annavad nahale elastsuse ja tiheduse. S\u00e4rava ja r\u00f5\u00f5msa naha jaoks &#8211; mida n\u00e4ete ja tunnete. Sobib:\u00a0eriti menopausi ajal \u00a0ja p\u00e4rast menopausi. Rohkem eluj\u00f5udu, pinguldatust ja [&hellip;]\" \/>\n<meta property=\"og:url\" content=\"https:\/\/beautyinstitute.ee\/toode\/happy-skin-futo-endorfiini-kompleks-ja-hualuroonhape-10x2ml\/\" \/>\n<meta property=\"og:site_name\" content=\"Beauty Institute\" \/>\n<meta property=\"article:modified_time\" content=\"2026-04-28T11:19:02+00:00\" \/>\n<meta property=\"og:image\" content=\"https:\/\/beautyinstitute.ee\/wp-content\/uploads\/2025\/03\/happy-skin-karp.jpeg\" \/>\n\t<meta property=\"og:image:width\" content=\"1920\" \/>\n\t<meta property=\"og:image:height\" content=\"1920\" \/>\n\t<meta property=\"og:image:type\" content=\"image\/jpeg\" \/>\n<meta name=\"twitter:card\" content=\"summary_large_image\" \/>\n<meta name=\"twitter:site\" content=\"@Beauty_Eesti\" \/>\n<meta name=\"twitter:label1\" content=\"\u041f\u0440\u0438\u043c\u0435\u0440\u043d\u043e\u0435 \u0432\u0440\u0435\u043c\u044f \u0434\u043b\u044f \u0447\u0442\u0435\u043d\u0438\u044f\" \/>\n\t<meta name=\"twitter:data1\" content=\"1 \u043c\u0438\u043d\u0443\u0442\u0430\" \/>\n<script type=\"application\/ld+json\" class=\"yoast-schema-graph\">{\"@context\":\"https:\/\/schema.org\",\"@graph\":[{\"@type\":\"WebPage\",\"@id\":\"https:\/\/beautyinstitute.ee\/toode\/happy-skin-futo-endorfiini-kompleks-ja-hualuroonhape-10x2ml\/\",\"url\":\"https:\/\/beautyinstitute.ee\/toode\/happy-skin-futo-endorfiini-kompleks-ja-hualuroonhape-10x2ml\/\",\"name\":\"Happy Skin- F\u00fcto-Endorfiini Kompleks Ja H\u00fcaluroonhape 10X2Ml - Beauty Institute\",\"isPartOf\":{\"@id\":\"https:\/\/beautyinstitute.ee\/#website\"},\"primaryImageOfPage\":{\"@id\":\"https:\/\/beautyinstitute.ee\/toode\/happy-skin-futo-endorfiini-kompleks-ja-hualuroonhape-10x2ml\/#primaryimage\"},\"image\":{\"@id\":\"https:\/\/beautyinstitute.ee\/toode\/happy-skin-futo-endorfiini-kompleks-ja-hualuroonhape-10x2ml\/#primaryimage\"},\"thumbnailUrl\":\"https:\/\/beautyinstitute.ee\/wp-content\/uploads\/2025\/03\/happy-skin-karp.jpeg\",\"datePublished\":\"2025-03-19T07:42:49+00:00\",\"dateModified\":\"2026-04-28T11:19:02+00:00\",\"breadcrumb\":{\"@id\":\"https:\/\/beautyinstitute.ee\/toode\/happy-skin-futo-endorfiini-kompleks-ja-hualuroonhape-10x2ml\/#breadcrumb\"},\"inLanguage\":\"ru-RU\",\"potentialAction\":[{\"@type\":\"ReadAction\",\"target\":[\"https:\/\/beautyinstitute.ee\/toode\/happy-skin-futo-endorfiini-kompleks-ja-hualuroonhape-10x2ml\/\"]}]},{\"@type\":\"ImageObject\",\"inLanguage\":\"ru-RU\",\"@id\":\"https:\/\/beautyinstitute.ee\/toode\/happy-skin-futo-endorfiini-kompleks-ja-hualuroonhape-10x2ml\/#primaryimage\",\"url\":\"https:\/\/beautyinstitute.ee\/wp-content\/uploads\/2025\/03\/happy-skin-karp.jpeg\",\"contentUrl\":\"https:\/\/beautyinstitute.ee\/wp-content\/uploads\/2025\/03\/happy-skin-karp.jpeg\",\"width\":1920,\"height\":1920},{\"@type\":\"BreadcrumbList\",\"@id\":\"https:\/\/beautyinstitute.ee\/toode\/happy-skin-futo-endorfiini-kompleks-ja-hualuroonhape-10x2ml\/#breadcrumb\",\"itemListElement\":[{\"@type\":\"ListItem\",\"position\":1,\"name\":\"Home\",\"item\":\"https:\/\/beautyinstitute.ee\/ru\/\"},{\"@type\":\"ListItem\",\"position\":2,\"name\":\"E-pood\",\"item\":\"https:\/\/beautyinstitute.ee\/e-pood\/\"},{\"@type\":\"ListItem\",\"position\":3,\"name\":\"Happy Skin- F\u00fcto-Endorfiini Kompleks Ja H\u00fcaluroonhape 10X2Ml\"}]},{\"@type\":\"WebSite\",\"@id\":\"https:\/\/beautyinstitute.ee\/#website\",\"url\":\"https:\/\/beautyinstitute.ee\/\",\"name\":\"Beauty Institute\",\"description\":\"CNC Cosmetic ametlik maaletooja ja edasim\u00fc\u00fcja Eestis, Soomes, L\u00e4tis. Aparaadikosmeetika, koolitused, kosmeetikatooted.\",\"potentialAction\":[{\"@type\":\"SearchAction\",\"target\":{\"@type\":\"EntryPoint\",\"urlTemplate\":\"https:\/\/beautyinstitute.ee\/?s={search_term_string}\"},\"query-input\":{\"@type\":\"PropertyValueSpecification\",\"valueRequired\":true,\"valueName\":\"search_term_string\"}}],\"inLanguage\":\"ru-RU\"}]}<\/script>\n<!-- \/ Yoast SEO plugin. -->","yoast_head_json":{"title":"Happy Skin- F\u00fcto-Endorfiini Kompleks Ja H\u00fcaluroonhape 10X2Ml - Beauty Institute","robots":{"index":"index","follow":"follow","max-snippet":"max-snippet:-1","max-image-preview":"max-image-preview:large","max-video-preview":"max-video-preview:-1"},"canonical":"https:\/\/beautyinstitute.ee\/toode\/happy-skin-futo-endorfiini-kompleks-ja-hualuroonhape-10x2ml\/","og_locale":"ru_RU","og_type":"article","og_title":"Happy Skin- F\u00fcto-Endorfiini Kompleks Ja H\u00fcaluroonhape 10X2Ml - Beauty Institute","og_description":"Kirjeldus:\u00a0Happy Skin kompleks, mis p\u00f5hineb looduslikul mungapipral , j\u00e4ljendab endorfiine, millel on \u00fclit\u00e4htis roll naha taastumises ja eluj\u00f5us. M\u00f5ju: \u00d5nnemolekulid, antioks\u00fcdandid ja h\u00fcaluroonhape suurendavad naha niiskust, stimuleerivad kollageeni moodustumist ja annavad nahale elastsuse ja tiheduse. S\u00e4rava ja r\u00f5\u00f5msa naha jaoks &#8211; mida n\u00e4ete ja tunnete. Sobib:\u00a0eriti menopausi ajal \u00a0ja p\u00e4rast menopausi. Rohkem eluj\u00f5udu, pinguldatust ja [&hellip;]","og_url":"https:\/\/beautyinstitute.ee\/toode\/happy-skin-futo-endorfiini-kompleks-ja-hualuroonhape-10x2ml\/","og_site_name":"Beauty Institute","article_modified_time":"2026-04-28T11:19:02+00:00","og_image":[{"width":1920,"height":1920,"url":"https:\/\/beautyinstitute.ee\/wp-content\/uploads\/2025\/03\/happy-skin-karp.jpeg","type":"image\/jpeg"}],"twitter_card":"summary_large_image","twitter_site":"@Beauty_Eesti","twitter_misc":{"\u041f\u0440\u0438\u043c\u0435\u0440\u043d\u043e\u0435 \u0432\u0440\u0435\u043c\u044f \u0434\u043b\u044f \u0447\u0442\u0435\u043d\u0438\u044f":"1 \u043c\u0438\u043d\u0443\u0442\u0430"},"schema":{"@context":"https:\/\/schema.org","@graph":[{"@type":"WebPage","@id":"https:\/\/beautyinstitute.ee\/toode\/happy-skin-futo-endorfiini-kompleks-ja-hualuroonhape-10x2ml\/","url":"https:\/\/beautyinstitute.ee\/toode\/happy-skin-futo-endorfiini-kompleks-ja-hualuroonhape-10x2ml\/","name":"Happy Skin- F\u00fcto-Endorfiini Kompleks Ja H\u00fcaluroonhape 10X2Ml - Beauty Institute","isPartOf":{"@id":"https:\/\/beautyinstitute.ee\/#website"},"primaryImageOfPage":{"@id":"https:\/\/beautyinstitute.ee\/toode\/happy-skin-futo-endorfiini-kompleks-ja-hualuroonhape-10x2ml\/#primaryimage"},"image":{"@id":"https:\/\/beautyinstitute.ee\/toode\/happy-skin-futo-endorfiini-kompleks-ja-hualuroonhape-10x2ml\/#primaryimage"},"thumbnailUrl":"https:\/\/beautyinstitute.ee\/wp-content\/uploads\/2025\/03\/happy-skin-karp.jpeg","datePublished":"2025-03-19T07:42:49+00:00","dateModified":"2026-04-28T11:19:02+00:00","breadcrumb":{"@id":"https:\/\/beautyinstitute.ee\/toode\/happy-skin-futo-endorfiini-kompleks-ja-hualuroonhape-10x2ml\/#breadcrumb"},"inLanguage":"ru-RU","potentialAction":[{"@type":"ReadAction","target":["https:\/\/beautyinstitute.ee\/toode\/happy-skin-futo-endorfiini-kompleks-ja-hualuroonhape-10x2ml\/"]}]},{"@type":"ImageObject","inLanguage":"ru-RU","@id":"https:\/\/beautyinstitute.ee\/toode\/happy-skin-futo-endorfiini-kompleks-ja-hualuroonhape-10x2ml\/#primaryimage","url":"https:\/\/beautyinstitute.ee\/wp-content\/uploads\/2025\/03\/happy-skin-karp.jpeg","contentUrl":"https:\/\/beautyinstitute.ee\/wp-content\/uploads\/2025\/03\/happy-skin-karp.jpeg","width":1920,"height":1920},{"@type":"BreadcrumbList","@id":"https:\/\/beautyinstitute.ee\/toode\/happy-skin-futo-endorfiini-kompleks-ja-hualuroonhape-10x2ml\/#breadcrumb","itemListElement":[{"@type":"ListItem","position":1,"name":"Home","item":"https:\/\/beautyinstitute.ee\/ru\/"},{"@type":"ListItem","position":2,"name":"E-pood","item":"https:\/\/beautyinstitute.ee\/e-pood\/"},{"@type":"ListItem","position":3,"name":"Happy Skin- F\u00fcto-Endorfiini Kompleks Ja H\u00fcaluroonhape 10X2Ml"}]},{"@type":"WebSite","@id":"https:\/\/beautyinstitute.ee\/#website","url":"https:\/\/beautyinstitute.ee\/","name":"Beauty Institute","description":"CNC Cosmetic ametlik maaletooja ja edasim\u00fc\u00fcja Eestis, Soomes, L\u00e4tis. Aparaadikosmeetika, koolitused, kosmeetikatooted.","potentialAction":[{"@type":"SearchAction","target":{"@type":"EntryPoint","urlTemplate":"https:\/\/beautyinstitute.ee\/?s={search_term_string}"},"query-input":{"@type":"PropertyValueSpecification","valueRequired":true,"valueName":"search_term_string"}}],"inLanguage":"ru-RU"}]}},"_links":{"self":[{"href":"https:\/\/beautyinstitute.ee\/ru\/wp-json\/wp\/v2\/product\/32965","targetHints":{"allow":["GET"]}}],"collection":[{"href":"https:\/\/beautyinstitute.ee\/ru\/wp-json\/wp\/v2\/product"}],"about":[{"href":"https:\/\/beautyinstitute.ee\/ru\/wp-json\/wp\/v2\/types\/product"}],"wp:featuredmedia":[{"embeddable":true,"href":"https:\/\/beautyinstitute.ee\/ru\/wp-json\/wp\/v2\/media\/32970"}],"wp:attachment":[{"href":"https:\/\/beautyinstitute.ee\/ru\/wp-json\/wp\/v2\/media?parent=32965"}],"wp:term":[{"taxonomy":"product_cat","embeddable":true,"href":"https:\/\/beautyinstitute.ee\/ru\/wp-json\/wp\/v2\/product_cat?post=32965"},{"taxonomy":"product_tag","embeddable":true,"href":"https:\/\/beautyinstitute.ee\/ru\/wp-json\/wp\/v2\/product_tag?post=32965"}],"curies":[{"name":"wp","href":"https:\/\/api.w.org\/{rel}","templated":true}]}}