{"id":33158,"date":"2025-03-31T11:08:28","date_gmt":"2025-03-31T08:08:28","guid":{"rendered":"https:\/\/beautyinstitute.ee\/?post_type=product&#038;p=33158"},"modified":"2026-04-27T11:45:19","modified_gmt":"2026-04-27T08:45:19","slug":"premium-silmakreem-15ml","status":"publish","type":"product","link":"https:\/\/beautyinstitute.ee\/ru\/toode\/premium-silmakreem-15ml\/","title":{"rendered":"Premium Silmakreem 15Ml"},"content":{"rendered":"<p><strong>360\u00b0 muutus nooruslikult s\u00e4rava silma\u00fcbruse jaoks.<\/strong><\/p>\n<p><strong><em>&#8220;Gold Innovation Zone \u00a0Best Ingredient Award&#8221;v\u00f5itja Oliivl\u00fcsaat\u00a0<\/em><\/strong><\/p>\n<p><strong>KIRJELDUS:<\/strong><\/p>\n<p>L\u00e4bimurdelise rakumembraanitehnoloogia, pinguldavate peptiidide ja bioaktiivsete meremolekulidega &#8211; taasaktiveerib energeetilise rakkude uuenemise ja taastab \u00f5rna silma\u00fcmbruse pinguldava v\u00f5rgustiku. Kreem annab tundlikule nahale intensiivset niisutust ja vitaliseerivaid toitaineid, t\u00e4idab jooned ja kortsud vahetult ning v\u00e4hendab turseid ja tumedaid silmaaluseid. Tulemuseks on silmn\u00e4htavalt pringim, t\u00f5stetud ja nooruslikult s\u00fcravam silma\u00fcmbrus.<\/p>\n<p><strong>M\u00d5JU:<\/strong><\/p>\n<p>&#8211; Kortsude t\u00e4itmine juba 15 minuti p\u00e4rast<br \/>\n&#8211; Lifting efekt t\u00e4nu kollageeni ja elastiini t\u00e4iteainele<br \/>\n&#8211; Pinguldab ja tihendab silma\u00fcmbruse struktuuri<br \/>\n&#8211; V\u00f5ib n\u00e4htavalt v\u00e4hendada stressi m\u00e4rke ja \u00fchtlustada nahatooni<\/p>\n<p><strong>PEAMISED AKTIIVAINED:\u00a0<\/strong>Rakumembraanitehnoloogiaga oliivil\u00fcsaat, eksopol\u00fcsahhariid (EPS), silma peptiidide kompleks, fibroblastide taaselustaja, 360\u00b0 silmakontuuri regeneraator, maatriksi aktivaator<\/p>\n<p><strong>Oliivl\u00fcsaat<\/strong> &#8211; Eluj\u00f5udu andev taimel\u00fcsaat saadakse looduslike oliivipuu v\u00f5rsete taime t\u00fcvirakkudes, mis aktiveerib naharakkudes mitokondrid (j\u00f5ujaamad). See takistab naha energilist vananemist ja v\u00e4sinud rakud taastavad oma noorusliku energiapotentsiaali. Naha elastsus, tugevus ja tihedus paranevad ning kollageenkiudude gl\u00fckatsioon on takistatud.<\/p>\n<p><strong>Eksopol\u00fcsahhariid (EPS)<\/strong> &#8211; Mereline eksopol\u00fcsahhariid annab kortse t\u00e4itva siluva efekti naha pinnal juba 15 minuti p\u00e4rast. Regulaarsel kasutamisel toetab kollageeni ja elastiini moodustumist, et naha struktuur oleks tugevam.<\/p>\n<p><strong>Silma peptiidide kompleks<\/strong> &#8211; Traditsioonilisest hiina meditsiinist p\u00e4rit toimeainete kompleks ja bioaktiivsed peptiidid kortsude, tumedate ringide ja tursete v\u00e4hendamiseks. Sellel on antioks\u00fcdantne toime ja see v\u00e4hendab n\u00e4htavalt stressi m\u00e4rke tundlikus silma\u00fcmbruses.<\/p>\n<p><strong>Fibroplastide taaselustaja<\/strong> &#8211; \u201cN\u00f5elavaba&#8221; kollageeni ja elastiini t\u00e4iteainena tuntud toimeaine taaselustab vananenud fibroblaste ning taasaktiveerib kollageeni I, III ja elastiini s\u00fcnteesi. V\u00f5itleb naha vananemise ja kortsude tekkega, suurendab kollageeni tihedust ja kogust, korrastab rakuv\u00e4liseid kiude ja parandab naha paksust.<\/p>\n<p><strong>KASUTAMINE:<\/strong> Kandke silma\u00fcmbrusele hommikul ja \u00f5htul p\u00e4rast puhastamist ja toniseerimist ning patsutage \u00f5rnalt. Optimaalsete tulemuste saavutamiseks kasutage koos PREMIUM SERUM&#8217;iga.<\/p>\n","protected":false},"excerpt":{"rendered":"<p>360\u00b0 muutus nooruslikult s\u00e4rava silma\u00fcbruse jaoks. &#8220;Gold Innovation Zone \u00a0Best Ingredient Award&#8221;v\u00f5itja Oliivl\u00fcsaat\u00a0 KIRJELDUS: L\u00e4bimurdelise rakumembraanitehnoloogia, pinguldavate peptiidide ja bioaktiivsete meremolekulidega &#8211; taasaktiveerib energeetilise rakkude uuenemise ja taastab \u00f5rna silma\u00fcmbruse pinguldava v\u00f5rgustiku. Kreem annab tundlikule nahale intensiivset niisutust ja vitaliseerivaid toitaineid, t\u00e4idab jooned ja kortsud vahetult ning v\u00e4hendab turseid ja tumedaid silmaaluseid. Tulemuseks on silmn\u00e4htavalt [&hellip;]<\/p>\n","protected":false},"featured_media":33160,"template":"","meta":{"_acf_changed":false},"product_cat":[285,251],"product_tag":[],"class_list":["post-33158","product","type-product","status-publish","has-post-thumbnail","hentry","product_cat-premium-line","product_cat-silmakreemid"],"acf":[],"yoast_head":"<!-- This site is optimized with the Yoast SEO plugin v25.4 - https:\/\/yoast.com\/wordpress\/plugins\/seo\/ -->\n<title>Premium Silmakreem 15Ml - Beauty Institute<\/title>\n<meta name=\"robots\" content=\"index, follow, max-snippet:-1, max-image-preview:large, max-video-preview:-1\" \/>\n<link rel=\"canonical\" href=\"https:\/\/beautyinstitute.ee\/toode\/premium-silmakreem-15ml\/\" \/>\n<meta property=\"og:locale\" content=\"ru_RU\" \/>\n<meta property=\"og:type\" content=\"article\" \/>\n<meta property=\"og:title\" content=\"Premium Silmakreem 15Ml - Beauty Institute\" \/>\n<meta property=\"og:description\" content=\"360\u00b0 muutus nooruslikult s\u00e4rava silma\u00fcbruse jaoks. &#8220;Gold Innovation Zone \u00a0Best Ingredient Award&#8221;v\u00f5itja Oliivl\u00fcsaat\u00a0 KIRJELDUS: L\u00e4bimurdelise rakumembraanitehnoloogia, pinguldavate peptiidide ja bioaktiivsete meremolekulidega &#8211; taasaktiveerib energeetilise rakkude uuenemise ja taastab \u00f5rna silma\u00fcmbruse pinguldava v\u00f5rgustiku. Kreem annab tundlikule nahale intensiivset niisutust ja vitaliseerivaid toitaineid, t\u00e4idab jooned ja kortsud vahetult ning v\u00e4hendab turseid ja tumedaid silmaaluseid. Tulemuseks on silmn\u00e4htavalt [&hellip;]\" \/>\n<meta property=\"og:url\" content=\"https:\/\/beautyinstitute.ee\/toode\/premium-silmakreem-15ml\/\" \/>\n<meta property=\"og:site_name\" content=\"Beauty Institute\" \/>\n<meta property=\"article:modified_time\" content=\"2026-04-27T08:45:19+00:00\" \/>\n<meta property=\"og:image\" content=\"https:\/\/beautyinstitute.ee\/wp-content\/uploads\/2025\/03\/PREMIUM_EyeCream_Box-scaled.jpg\" \/>\n\t<meta property=\"og:image:width\" content=\"1701\" \/>\n\t<meta property=\"og:image:height\" content=\"2560\" \/>\n\t<meta property=\"og:image:type\" content=\"image\/jpeg\" \/>\n<meta name=\"twitter:card\" content=\"summary_large_image\" \/>\n<meta name=\"twitter:site\" content=\"@Beauty_Eesti\" \/>\n<meta name=\"twitter:label1\" content=\"\u041f\u0440\u0438\u043c\u0435\u0440\u043d\u043e\u0435 \u0432\u0440\u0435\u043c\u044f \u0434\u043b\u044f \u0447\u0442\u0435\u043d\u0438\u044f\" \/>\n\t<meta name=\"twitter:data1\" content=\"2 \u043c\u0438\u043d\u0443\u0442\u044b\" \/>\n<script type=\"application\/ld+json\" class=\"yoast-schema-graph\">{\"@context\":\"https:\/\/schema.org\",\"@graph\":[{\"@type\":\"WebPage\",\"@id\":\"https:\/\/beautyinstitute.ee\/toode\/premium-silmakreem-15ml\/\",\"url\":\"https:\/\/beautyinstitute.ee\/toode\/premium-silmakreem-15ml\/\",\"name\":\"Premium Silmakreem 15Ml - Beauty Institute\",\"isPartOf\":{\"@id\":\"https:\/\/beautyinstitute.ee\/#website\"},\"primaryImageOfPage\":{\"@id\":\"https:\/\/beautyinstitute.ee\/toode\/premium-silmakreem-15ml\/#primaryimage\"},\"image\":{\"@id\":\"https:\/\/beautyinstitute.ee\/toode\/premium-silmakreem-15ml\/#primaryimage\"},\"thumbnailUrl\":\"https:\/\/beautyinstitute.ee\/wp-content\/uploads\/2025\/03\/PREMIUM_EyeCream_Box-scaled.jpg\",\"datePublished\":\"2025-03-31T08:08:28+00:00\",\"dateModified\":\"2026-04-27T08:45:19+00:00\",\"breadcrumb\":{\"@id\":\"https:\/\/beautyinstitute.ee\/toode\/premium-silmakreem-15ml\/#breadcrumb\"},\"inLanguage\":\"ru-RU\",\"potentialAction\":[{\"@type\":\"ReadAction\",\"target\":[\"https:\/\/beautyinstitute.ee\/toode\/premium-silmakreem-15ml\/\"]}]},{\"@type\":\"ImageObject\",\"inLanguage\":\"ru-RU\",\"@id\":\"https:\/\/beautyinstitute.ee\/toode\/premium-silmakreem-15ml\/#primaryimage\",\"url\":\"https:\/\/beautyinstitute.ee\/wp-content\/uploads\/2025\/03\/PREMIUM_EyeCream_Box-scaled.jpg\",\"contentUrl\":\"https:\/\/beautyinstitute.ee\/wp-content\/uploads\/2025\/03\/PREMIUM_EyeCream_Box-scaled.jpg\",\"width\":1701,\"height\":2560},{\"@type\":\"BreadcrumbList\",\"@id\":\"https:\/\/beautyinstitute.ee\/toode\/premium-silmakreem-15ml\/#breadcrumb\",\"itemListElement\":[{\"@type\":\"ListItem\",\"position\":1,\"name\":\"Home\",\"item\":\"https:\/\/beautyinstitute.ee\/ru\/\"},{\"@type\":\"ListItem\",\"position\":2,\"name\":\"E-pood\",\"item\":\"https:\/\/beautyinstitute.ee\/e-pood\/\"},{\"@type\":\"ListItem\",\"position\":3,\"name\":\"Premium Silmakreem 15Ml\"}]},{\"@type\":\"WebSite\",\"@id\":\"https:\/\/beautyinstitute.ee\/#website\",\"url\":\"https:\/\/beautyinstitute.ee\/\",\"name\":\"Beauty Institute\",\"description\":\"CNC Cosmetic ametlik maaletooja ja edasim\u00fc\u00fcja Eestis, Soomes, L\u00e4tis. Aparaadikosmeetika, koolitused, kosmeetikatooted.\",\"potentialAction\":[{\"@type\":\"SearchAction\",\"target\":{\"@type\":\"EntryPoint\",\"urlTemplate\":\"https:\/\/beautyinstitute.ee\/?s={search_term_string}\"},\"query-input\":{\"@type\":\"PropertyValueSpecification\",\"valueRequired\":true,\"valueName\":\"search_term_string\"}}],\"inLanguage\":\"ru-RU\"}]}<\/script>\n<!-- \/ Yoast SEO plugin. -->","yoast_head_json":{"title":"Premium Silmakreem 15Ml - Beauty Institute","robots":{"index":"index","follow":"follow","max-snippet":"max-snippet:-1","max-image-preview":"max-image-preview:large","max-video-preview":"max-video-preview:-1"},"canonical":"https:\/\/beautyinstitute.ee\/toode\/premium-silmakreem-15ml\/","og_locale":"ru_RU","og_type":"article","og_title":"Premium Silmakreem 15Ml - Beauty Institute","og_description":"360\u00b0 muutus nooruslikult s\u00e4rava silma\u00fcbruse jaoks. &#8220;Gold Innovation Zone \u00a0Best Ingredient Award&#8221;v\u00f5itja Oliivl\u00fcsaat\u00a0 KIRJELDUS: L\u00e4bimurdelise rakumembraanitehnoloogia, pinguldavate peptiidide ja bioaktiivsete meremolekulidega &#8211; taasaktiveerib energeetilise rakkude uuenemise ja taastab \u00f5rna silma\u00fcmbruse pinguldava v\u00f5rgustiku. Kreem annab tundlikule nahale intensiivset niisutust ja vitaliseerivaid toitaineid, t\u00e4idab jooned ja kortsud vahetult ning v\u00e4hendab turseid ja tumedaid silmaaluseid. Tulemuseks on silmn\u00e4htavalt [&hellip;]","og_url":"https:\/\/beautyinstitute.ee\/toode\/premium-silmakreem-15ml\/","og_site_name":"Beauty Institute","article_modified_time":"2026-04-27T08:45:19+00:00","og_image":[{"width":1701,"height":2560,"url":"https:\/\/beautyinstitute.ee\/wp-content\/uploads\/2025\/03\/PREMIUM_EyeCream_Box-scaled.jpg","type":"image\/jpeg"}],"twitter_card":"summary_large_image","twitter_site":"@Beauty_Eesti","twitter_misc":{"\u041f\u0440\u0438\u043c\u0435\u0440\u043d\u043e\u0435 \u0432\u0440\u0435\u043c\u044f \u0434\u043b\u044f \u0447\u0442\u0435\u043d\u0438\u044f":"2 \u043c\u0438\u043d\u0443\u0442\u044b"},"schema":{"@context":"https:\/\/schema.org","@graph":[{"@type":"WebPage","@id":"https:\/\/beautyinstitute.ee\/toode\/premium-silmakreem-15ml\/","url":"https:\/\/beautyinstitute.ee\/toode\/premium-silmakreem-15ml\/","name":"Premium Silmakreem 15Ml - Beauty Institute","isPartOf":{"@id":"https:\/\/beautyinstitute.ee\/#website"},"primaryImageOfPage":{"@id":"https:\/\/beautyinstitute.ee\/toode\/premium-silmakreem-15ml\/#primaryimage"},"image":{"@id":"https:\/\/beautyinstitute.ee\/toode\/premium-silmakreem-15ml\/#primaryimage"},"thumbnailUrl":"https:\/\/beautyinstitute.ee\/wp-content\/uploads\/2025\/03\/PREMIUM_EyeCream_Box-scaled.jpg","datePublished":"2025-03-31T08:08:28+00:00","dateModified":"2026-04-27T08:45:19+00:00","breadcrumb":{"@id":"https:\/\/beautyinstitute.ee\/toode\/premium-silmakreem-15ml\/#breadcrumb"},"inLanguage":"ru-RU","potentialAction":[{"@type":"ReadAction","target":["https:\/\/beautyinstitute.ee\/toode\/premium-silmakreem-15ml\/"]}]},{"@type":"ImageObject","inLanguage":"ru-RU","@id":"https:\/\/beautyinstitute.ee\/toode\/premium-silmakreem-15ml\/#primaryimage","url":"https:\/\/beautyinstitute.ee\/wp-content\/uploads\/2025\/03\/PREMIUM_EyeCream_Box-scaled.jpg","contentUrl":"https:\/\/beautyinstitute.ee\/wp-content\/uploads\/2025\/03\/PREMIUM_EyeCream_Box-scaled.jpg","width":1701,"height":2560},{"@type":"BreadcrumbList","@id":"https:\/\/beautyinstitute.ee\/toode\/premium-silmakreem-15ml\/#breadcrumb","itemListElement":[{"@type":"ListItem","position":1,"name":"Home","item":"https:\/\/beautyinstitute.ee\/ru\/"},{"@type":"ListItem","position":2,"name":"E-pood","item":"https:\/\/beautyinstitute.ee\/e-pood\/"},{"@type":"ListItem","position":3,"name":"Premium Silmakreem 15Ml"}]},{"@type":"WebSite","@id":"https:\/\/beautyinstitute.ee\/#website","url":"https:\/\/beautyinstitute.ee\/","name":"Beauty Institute","description":"CNC Cosmetic ametlik maaletooja ja edasim\u00fc\u00fcja Eestis, Soomes, L\u00e4tis. Aparaadikosmeetika, koolitused, kosmeetikatooted.","potentialAction":[{"@type":"SearchAction","target":{"@type":"EntryPoint","urlTemplate":"https:\/\/beautyinstitute.ee\/?s={search_term_string}"},"query-input":{"@type":"PropertyValueSpecification","valueRequired":true,"valueName":"search_term_string"}}],"inLanguage":"ru-RU"}]}},"_links":{"self":[{"href":"https:\/\/beautyinstitute.ee\/ru\/wp-json\/wp\/v2\/product\/33158","targetHints":{"allow":["GET"]}}],"collection":[{"href":"https:\/\/beautyinstitute.ee\/ru\/wp-json\/wp\/v2\/product"}],"about":[{"href":"https:\/\/beautyinstitute.ee\/ru\/wp-json\/wp\/v2\/types\/product"}],"wp:featuredmedia":[{"embeddable":true,"href":"https:\/\/beautyinstitute.ee\/ru\/wp-json\/wp\/v2\/media\/33160"}],"wp:attachment":[{"href":"https:\/\/beautyinstitute.ee\/ru\/wp-json\/wp\/v2\/media?parent=33158"}],"wp:term":[{"taxonomy":"product_cat","embeddable":true,"href":"https:\/\/beautyinstitute.ee\/ru\/wp-json\/wp\/v2\/product_cat?post=33158"},{"taxonomy":"product_tag","embeddable":true,"href":"https:\/\/beautyinstitute.ee\/ru\/wp-json\/wp\/v2\/product_tag?post=33158"}],"curies":[{"name":"wp","href":"https:\/\/api.w.org\/{rel}","templated":true}]}}