{"id":33171,"date":"2025-03-31T11:49:05","date_gmt":"2025-03-31T08:49:05","guid":{"rendered":"https:\/\/beautyinstitute.ee\/?post_type=product&#038;p=33171"},"modified":"2026-04-17T12:00:41","modified_gmt":"2026-04-17T09:00:41","slug":"multi-repair-ampull-bakuchiol-ja-skvalaan-10-x-2ml","status":"publish","type":"product","link":"https:\/\/beautyinstitute.ee\/ru\/toode\/multi-repair-ampull-bakuchiol-ja-skvalaan-10-x-2ml\/","title":{"rendered":"Multi Repair Ampull- Bakuchiol Ja Skvalaan 10 X 2Ml"},"content":{"rendered":"<p dir=\"ltr\" data-placeholder=\"T\u00f5lge\" data-ved=\"2ahUKEwiq05nN8bOMAxVmLRAIHaszEckQ3ewLegQICBAV\" aria-label=\"T\u00f5lgitud tekst: Kirjeldus: Rakke uuendav \u00f5liampull toimeainete kombinatsiooniga bakuchioolist, mida tuntakse taimse A-vitamiinina, ja retin\u00fc\u00fclpalmitaadist.\"><strong><span class=\"Y2IQFc\" lang=\"et\">V\u00e4hendab naha stressi, pikendab naha nooruslikkust<\/span><\/strong><\/p>\n<p id=\"tw-target-text\" class=\"tw-data-text tw-text-large tw-ta\" dir=\"ltr\" data-placeholder=\"T\u00f5lge\" data-ved=\"2ahUKEwiq05nN8bOMAxVmLRAIHaszEckQ3ewLegQICBAV\" aria-label=\"T\u00f5lgitud tekst: Kirjeldus: Rakke uuendav \u00f5liampull toimeainete kombinatsiooniga bakuchioolist, mida tuntakse taimse A-vitamiinina, ja retin\u00fc\u00fclpalmitaadist.\"><span class=\"Y2IQFc\" lang=\"et\"><strong>Kirjeldus:<\/strong> Rakke uuendav \u00f5liampull toimeainete kombinatsiooniga bakuchioolist, mida tuntakse taimse A-vitamiinina, ja retin\u00fc\u00fclpalmitaadist.<\/span><\/p>\n<p id=\"tw-target-text\" class=\"tw-data-text tw-text-large tw-ta\" dir=\"ltr\" data-placeholder=\"T\u00f5lge\" data-ved=\"2ahUKEwiq05nN8bOMAxVmLRAIHaszEckQ3ewLegQICBAV\" aria-label=\"T\u00f5lgitud tekst: M\u00f5ju: Stimuleerib naha enda kollageeni tootmist ning v\u00f5itleb UV-kiirgusega seotud nahakahjustuste ja h\u00fcperpigmentatsiooni vastu. P\u00f5letikuvastane, rahustav Taimsed ekstraktid ja skvalaan tugevdavad naha loomulikku barj\u00e4\u00e4ri ning tagavad taastunud, pingul ja \u00fchtlase jume.\"><span class=\"Y2IQFc\" lang=\"et\"><strong>M\u00f5ju:<\/strong> Stimuleerib naha enda kollageeni tootmist ning v\u00f5itleb UV-kiirgusega seotud nahakahjustuste ja h\u00fcperpigmentatsiooni vastu. P\u00f5letikuvastane, rahustav. Taimsed ekstraktid ja skvalaan tugevdavad naha loomulikku barj\u00e4\u00e4ri ning tagavad taastunud, pingul ja \u00fchtlase jume.<\/span><\/p>\n<p id=\"tw-target-text\" class=\"tw-data-text tw-text-large tw-ta\" dir=\"ltr\" data-placeholder=\"T\u00f5lge\" data-ved=\"2ahUKEwiq05nN8bOMAxVmLRAIHaszEckQ3ewLegQICBAV\" aria-label=\"T\u00f5lgitud tekst: Sobib: Taimse A-vitamiiniga vananemisvastane, ka tundlikule nahale - Taastav, rikkalik nahka \u00fclesehitav ampull, nooruslikult rafineeritud jume ja tasakaalustatud nahatooni jaoks.\"><span class=\"Y2IQFc\" lang=\"et\"><strong>Sobib:<\/strong> Taimse A-vitamiiniga vananemisvastane seerum, sobib ka tundlikule nahale. \u00a0Taastav, rikkalik, struktuuri \u00fclesehitav \u00a0ampull, noorusliku naha struktuuri ja \u00fchtlase, klaari \u00a0nahatooni jaoks.<\/span><\/p>\n<p id=\"tw-target-text\" class=\"tw-data-text tw-text-large tw-ta\" dir=\"ltr\" data-placeholder=\"T\u00f5lge\" data-ved=\"2ahUKEwiq05nN8bOMAxVmLRAIHaszEckQ3ewLegQICBAV\" aria-label=\"T\u00f5lgitud tekst: Eelised: - Taimne A-vitamiin k\u00f5igile nahat\u00fc\u00fcpidele - Toitev \u00f5liampull, toitev ja rakke stimuleeriv - Suurendab kollageeni tootmist uue, tugeva nahakoe jaoks - Soodustab rakkude uuenemist, v\u00e4hendab peeneid joonekesi ja kortse - v\u00f5itleb UV-kiirgusega seotud naha vananemise vastu - V\u00e4hendab h\u00fcperpigmentatsiooni ja punetust ning \u00fchtlustab nahatooni - v\u00f5itleb naha ebat\u00e4iuslikkusega\"><strong><span class=\"Y2IQFc\" lang=\"et\">Eelised: <\/span><\/strong><\/p>\n<p class=\"tw-data-text tw-text-large tw-ta\" dir=\"ltr\" data-placeholder=\"T\u00f5lge\" data-ved=\"2ahUKEwiq05nN8bOMAxVmLRAIHaszEckQ3ewLegQICBAV\" aria-label=\"T\u00f5lgitud tekst: Eelised: - Taimne A-vitamiin k\u00f5igile nahat\u00fc\u00fcpidele - Toitev \u00f5liampull, toitev ja rakke stimuleeriv - Suurendab kollageeni tootmist uue, tugeva nahakoe jaoks - Soodustab rakkude uuenemist, v\u00e4hendab peeneid joonekesi ja kortse - v\u00f5itleb UV-kiirgusega seotud naha vananemise vastu - V\u00e4hendab h\u00fcperpigmentatsiooni ja punetust ning \u00fchtlustab nahatooni - v\u00f5itleb naha ebat\u00e4iuslikkusega\"><span class=\"Y2IQFc\" lang=\"et\">&#8211; Taimne A-vitamiin k\u00f5igile nahat\u00fc\u00fcpidele<\/span><\/p>\n<p class=\"tw-data-text tw-text-large tw-ta\" dir=\"ltr\" data-placeholder=\"T\u00f5lge\" data-ved=\"2ahUKEwiq05nN8bOMAxVmLRAIHaszEckQ3ewLegQICBAV\" aria-label=\"T\u00f5lgitud tekst: Eelised: - Taimne A-vitamiin k\u00f5igile nahat\u00fc\u00fcpidele - Toitev \u00f5liampull, toitev ja rakke stimuleeriv - Suurendab kollageeni tootmist uue, tugeva nahakoe jaoks - Soodustab rakkude uuenemist, v\u00e4hendab peeneid joonekesi ja kortse - v\u00f5itleb UV-kiirgusega seotud naha vananemise vastu - V\u00e4hendab h\u00fcperpigmentatsiooni ja punetust ning \u00fchtlustab nahatooni - v\u00f5itleb naha ebat\u00e4iuslikkusega\"><span class=\"Y2IQFc\" lang=\"et\">&#8211; Toitev \u00f5liampull, toitev ja rakke stimuleeriv <\/span><\/p>\n<p class=\"tw-data-text tw-text-large tw-ta\" dir=\"ltr\" data-placeholder=\"T\u00f5lge\" data-ved=\"2ahUKEwiq05nN8bOMAxVmLRAIHaszEckQ3ewLegQICBAV\" aria-label=\"T\u00f5lgitud tekst: Eelised: - Taimne A-vitamiin k\u00f5igile nahat\u00fc\u00fcpidele - Toitev \u00f5liampull, toitev ja rakke stimuleeriv - Suurendab kollageeni tootmist uue, tugeva nahakoe jaoks - Soodustab rakkude uuenemist, v\u00e4hendab peeneid joonekesi ja kortse - v\u00f5itleb UV-kiirgusega seotud naha vananemise vastu - V\u00e4hendab h\u00fcperpigmentatsiooni ja punetust ning \u00fchtlustab nahatooni - v\u00f5itleb naha ebat\u00e4iuslikkusega\"><span class=\"Y2IQFc\" lang=\"et\">&#8211; Suurendab kollageeni tootmist uue, tugeva nahastruktuuri jaoks <\/span><\/p>\n<p class=\"tw-data-text tw-text-large tw-ta\" dir=\"ltr\" data-placeholder=\"T\u00f5lge\" data-ved=\"2ahUKEwiq05nN8bOMAxVmLRAIHaszEckQ3ewLegQICBAV\" aria-label=\"T\u00f5lgitud tekst: Eelised: - Taimne A-vitamiin k\u00f5igile nahat\u00fc\u00fcpidele - Toitev \u00f5liampull, toitev ja rakke stimuleeriv - Suurendab kollageeni tootmist uue, tugeva nahakoe jaoks - Soodustab rakkude uuenemist, v\u00e4hendab peeneid joonekesi ja kortse - v\u00f5itleb UV-kiirgusega seotud naha vananemise vastu - V\u00e4hendab h\u00fcperpigmentatsiooni ja punetust ning \u00fchtlustab nahatooni - v\u00f5itleb naha ebat\u00e4iuslikkusega\"><span class=\"Y2IQFc\" lang=\"et\">&#8211; Soodustab rakkude uuenemist, v\u00e4hendab peeneid joonekesi ja kortse <\/span><\/p>\n<p class=\"tw-data-text tw-text-large tw-ta\" dir=\"ltr\" data-placeholder=\"T\u00f5lge\" data-ved=\"2ahUKEwiq05nN8bOMAxVmLRAIHaszEckQ3ewLegQICBAV\" aria-label=\"T\u00f5lgitud tekst: Eelised: - Taimne A-vitamiin k\u00f5igile nahat\u00fc\u00fcpidele - Toitev \u00f5liampull, toitev ja rakke stimuleeriv - Suurendab kollageeni tootmist uue, tugeva nahakoe jaoks - Soodustab rakkude uuenemist, v\u00e4hendab peeneid joonekesi ja kortse - v\u00f5itleb UV-kiirgusega seotud naha vananemise vastu - V\u00e4hendab h\u00fcperpigmentatsiooni ja punetust ning \u00fchtlustab nahatooni - v\u00f5itleb naha ebat\u00e4iuslikkusega\"><span class=\"Y2IQFc\" lang=\"et\">&#8211; v\u00f5itleb UV-kiirgusega seotud naha vananemise vastu <\/span><\/p>\n<p class=\"tw-data-text tw-text-large tw-ta\" dir=\"ltr\" data-placeholder=\"T\u00f5lge\" data-ved=\"2ahUKEwiq05nN8bOMAxVmLRAIHaszEckQ3ewLegQICBAV\" aria-label=\"T\u00f5lgitud tekst: Eelised: - Taimne A-vitamiin k\u00f5igile nahat\u00fc\u00fcpidele - Toitev \u00f5liampull, toitev ja rakke stimuleeriv - Suurendab kollageeni tootmist uue, tugeva nahakoe jaoks - Soodustab rakkude uuenemist, v\u00e4hendab peeneid joonekesi ja kortse - v\u00f5itleb UV-kiirgusega seotud naha vananemise vastu - V\u00e4hendab h\u00fcperpigmentatsiooni ja punetust ning \u00fchtlustab nahatooni - v\u00f5itleb naha ebat\u00e4iuslikkusega\"><span class=\"Y2IQFc\" lang=\"et\">&#8211; V\u00e4hendab h\u00fcperpigmentatsiooni ja punetust ning \u00fchtlustab nahatooni <\/span><\/p>\n<p class=\"tw-data-text tw-text-large tw-ta\" dir=\"ltr\" data-placeholder=\"T\u00f5lge\" data-ved=\"2ahUKEwiq05nN8bOMAxVmLRAIHaszEckQ3ewLegQICBAV\" aria-label=\"T\u00f5lgitud tekst: Eelised: - Taimne A-vitamiin k\u00f5igile nahat\u00fc\u00fcpidele - Toitev \u00f5liampull, toitev ja rakke stimuleeriv - Suurendab kollageeni tootmist uue, tugeva nahakoe jaoks - Soodustab rakkude uuenemist, v\u00e4hendab peeneid joonekesi ja kortse - v\u00f5itleb UV-kiirgusega seotud naha vananemise vastu - V\u00e4hendab h\u00fcperpigmentatsiooni ja punetust ning \u00fchtlustab nahatooni - v\u00f5itleb naha ebat\u00e4iuslikkusega\"><span class=\"Y2IQFc\" lang=\"et\">&#8211; v\u00f5itleb naha ebat\u00e4iuslikkusega<\/span><\/p>\n<p dir=\"ltr\" data-placeholder=\"T\u00f5lge\" data-ved=\"2ahUKEwiq05nN8bOMAxVmLRAIHaszEckQ3ewLegQICBAV\" aria-label=\"T\u00f5lgitud tekst: Eelised: - Taimne A-vitamiin k\u00f5igile nahat\u00fc\u00fcpidele - Toitev \u00f5liampull, toitev ja rakke stimuleeriv - Suurendab kollageeni tootmist uue, tugeva nahakoe jaoks - Soodustab rakkude uuenemist, v\u00e4hendab peeneid joonekesi ja kortse - v\u00f5itleb UV-kiirgusega seotud naha vananemise vastu - V\u00e4hendab h\u00fcperpigmentatsiooni ja punetust ning \u00fchtlustab nahatooni - v\u00f5itleb naha ebat\u00e4iuslikkusega\"><span class=\"Y2IQFc\" lang=\"et\"><strong>Peamised toimeained:<\/strong> Bakuchiol, retin\u00fc\u00fclpalmitaat, skvalaan, rahustav toimeainete kompleks (Defensil), teprenoon, Caparis Spinosa puuviljaekstrakt, mandli\u00f5li, tokoferool, bisabolool <\/span><\/p>\n<p id=\"tw-target-text\" class=\"tw-data-text tw-text-large tw-ta\" dir=\"ltr\" data-placeholder=\"T\u00f5lge\" data-ved=\"2ahUKEwiq05nN8bOMAxVmLRAIHaszEckQ3ewLegQICBAV\" aria-label=\"T\u00f5lgitud tekst: Oluline M\u00c4RKUS. \u00c4rge laske tootel silma sattuda. \u00c4rge avage ampulle paljaste k\u00e4tega. Ampullid tuleb \u00e4ra kasutada kohe p\u00e4rast avamist. Ultraheli ei sobi Peamised toimeained: Bakuchiol, retin\u00fc\u00fclpalmitaat, skvalaan, rahustav toimeainete kompleks (Defensil), teprenoon, Caparis Spinosa puuviljaekstrakt, mandli\u00f5li, tokoferool, bisabolool, V\u00e4hendab naha stressi Pikendab naha nooruslikkust\"><span class=\"Y2IQFc\" lang=\"et\"><strong>Oluline M\u00c4RKUS:<\/strong> \u00c4rge laske tootel silma sattuda. \u00c4rge avage ampulle paljaste k\u00e4tega. Ampullid tuleb \u00e4ra kasutada kohe p\u00e4rast avamist. Ultraheli ei sobi\u00a0<\/span><\/p>\n","protected":false},"excerpt":{"rendered":"<p>V\u00e4hendab naha stressi, pikendab naha nooruslikkust Kirjeldus: Rakke uuendav \u00f5liampull toimeainete kombinatsiooniga bakuchioolist, mida tuntakse taimse A-vitamiinina, ja retin\u00fc\u00fclpalmitaadist. M\u00f5ju: Stimuleerib naha enda kollageeni tootmist ning v\u00f5itleb UV-kiirgusega seotud nahakahjustuste ja h\u00fcperpigmentatsiooni vastu. P\u00f5letikuvastane, rahustav. Taimsed ekstraktid ja skvalaan tugevdavad naha loomulikku barj\u00e4\u00e4ri ning tagavad taastunud, pingul ja \u00fchtlase jume. Sobib: Taimse A-vitamiiniga vananemisvastane seerum, [&hellip;]<\/p>\n","protected":false},"featured_media":33175,"template":"","meta":{"_acf_changed":false},"product_cat":[278,150],"product_tag":[],"class_list":["post-33171","product","type-product","status-publish","has-post-thumbnail","hentry","product_cat-cnc","product_cat-ampullikontsentraadid"],"acf":[],"yoast_head":"<!-- This site is optimized with the Yoast SEO plugin v25.4 - https:\/\/yoast.com\/wordpress\/plugins\/seo\/ -->\n<title>Multi Repair Ampull- Bakuchiol Ja Skvalaan 10 X 2Ml - Beauty Institute<\/title>\n<meta name=\"robots\" content=\"index, follow, max-snippet:-1, max-image-preview:large, max-video-preview:-1\" \/>\n<link rel=\"canonical\" href=\"https:\/\/beautyinstitute.ee\/toode\/multi-repair-ampull-bakuchiol-ja-skvalaan-10-x-2ml\/\" \/>\n<meta property=\"og:locale\" content=\"ru_RU\" \/>\n<meta property=\"og:type\" content=\"article\" \/>\n<meta property=\"og:title\" content=\"Multi Repair Ampull- Bakuchiol Ja Skvalaan 10 X 2Ml - Beauty Institute\" \/>\n<meta property=\"og:description\" content=\"V\u00e4hendab naha stressi, pikendab naha nooruslikkust Kirjeldus: Rakke uuendav \u00f5liampull toimeainete kombinatsiooniga bakuchioolist, mida tuntakse taimse A-vitamiinina, ja retin\u00fc\u00fclpalmitaadist. M\u00f5ju: Stimuleerib naha enda kollageeni tootmist ning v\u00f5itleb UV-kiirgusega seotud nahakahjustuste ja h\u00fcperpigmentatsiooni vastu. P\u00f5letikuvastane, rahustav. Taimsed ekstraktid ja skvalaan tugevdavad naha loomulikku barj\u00e4\u00e4ri ning tagavad taastunud, pingul ja \u00fchtlase jume. Sobib: Taimse A-vitamiiniga vananemisvastane seerum, [&hellip;]\" \/>\n<meta property=\"og:url\" content=\"https:\/\/beautyinstitute.ee\/toode\/multi-repair-ampull-bakuchiol-ja-skvalaan-10-x-2ml\/\" \/>\n<meta property=\"og:site_name\" content=\"Beauty Institute\" \/>\n<meta property=\"article:modified_time\" content=\"2026-04-17T09:00:41+00:00\" \/>\n<meta property=\"og:image\" content=\"https:\/\/beautyinstitute.ee\/wp-content\/uploads\/2025\/03\/multi-repair-karp.jpeg\" \/>\n\t<meta property=\"og:image:width\" content=\"1920\" \/>\n\t<meta property=\"og:image:height\" content=\"1920\" \/>\n\t<meta property=\"og:image:type\" content=\"image\/jpeg\" \/>\n<meta name=\"twitter:card\" content=\"summary_large_image\" \/>\n<meta name=\"twitter:site\" content=\"@Beauty_Eesti\" \/>\n<meta name=\"twitter:label1\" content=\"\u041f\u0440\u0438\u043c\u0435\u0440\u043d\u043e\u0435 \u0432\u0440\u0435\u043c\u044f \u0434\u043b\u044f \u0447\u0442\u0435\u043d\u0438\u044f\" \/>\n\t<meta name=\"twitter:data1\" content=\"1 \u043c\u0438\u043d\u0443\u0442\u0430\" \/>\n<script type=\"application\/ld+json\" class=\"yoast-schema-graph\">{\"@context\":\"https:\/\/schema.org\",\"@graph\":[{\"@type\":\"WebPage\",\"@id\":\"https:\/\/beautyinstitute.ee\/toode\/multi-repair-ampull-bakuchiol-ja-skvalaan-10-x-2ml\/\",\"url\":\"https:\/\/beautyinstitute.ee\/toode\/multi-repair-ampull-bakuchiol-ja-skvalaan-10-x-2ml\/\",\"name\":\"Multi Repair Ampull- Bakuchiol Ja Skvalaan 10 X 2Ml - Beauty Institute\",\"isPartOf\":{\"@id\":\"https:\/\/beautyinstitute.ee\/#website\"},\"primaryImageOfPage\":{\"@id\":\"https:\/\/beautyinstitute.ee\/toode\/multi-repair-ampull-bakuchiol-ja-skvalaan-10-x-2ml\/#primaryimage\"},\"image\":{\"@id\":\"https:\/\/beautyinstitute.ee\/toode\/multi-repair-ampull-bakuchiol-ja-skvalaan-10-x-2ml\/#primaryimage\"},\"thumbnailUrl\":\"https:\/\/beautyinstitute.ee\/wp-content\/uploads\/2025\/03\/multi-repair-karp.jpeg\",\"datePublished\":\"2025-03-31T08:49:05+00:00\",\"dateModified\":\"2026-04-17T09:00:41+00:00\",\"breadcrumb\":{\"@id\":\"https:\/\/beautyinstitute.ee\/toode\/multi-repair-ampull-bakuchiol-ja-skvalaan-10-x-2ml\/#breadcrumb\"},\"inLanguage\":\"ru-RU\",\"potentialAction\":[{\"@type\":\"ReadAction\",\"target\":[\"https:\/\/beautyinstitute.ee\/toode\/multi-repair-ampull-bakuchiol-ja-skvalaan-10-x-2ml\/\"]}]},{\"@type\":\"ImageObject\",\"inLanguage\":\"ru-RU\",\"@id\":\"https:\/\/beautyinstitute.ee\/toode\/multi-repair-ampull-bakuchiol-ja-skvalaan-10-x-2ml\/#primaryimage\",\"url\":\"https:\/\/beautyinstitute.ee\/wp-content\/uploads\/2025\/03\/multi-repair-karp.jpeg\",\"contentUrl\":\"https:\/\/beautyinstitute.ee\/wp-content\/uploads\/2025\/03\/multi-repair-karp.jpeg\",\"width\":1920,\"height\":1920},{\"@type\":\"BreadcrumbList\",\"@id\":\"https:\/\/beautyinstitute.ee\/toode\/multi-repair-ampull-bakuchiol-ja-skvalaan-10-x-2ml\/#breadcrumb\",\"itemListElement\":[{\"@type\":\"ListItem\",\"position\":1,\"name\":\"Home\",\"item\":\"https:\/\/beautyinstitute.ee\/ru\/\"},{\"@type\":\"ListItem\",\"position\":2,\"name\":\"E-pood\",\"item\":\"https:\/\/beautyinstitute.ee\/e-pood\/\"},{\"@type\":\"ListItem\",\"position\":3,\"name\":\"Multi Repair Ampull- Bakuchiol Ja Skvalaan 10 X 2Ml\"}]},{\"@type\":\"WebSite\",\"@id\":\"https:\/\/beautyinstitute.ee\/#website\",\"url\":\"https:\/\/beautyinstitute.ee\/\",\"name\":\"Beauty Institute\",\"description\":\"CNC Cosmetic ametlik maaletooja ja edasim\u00fc\u00fcja Eestis, Soomes, L\u00e4tis. Aparaadikosmeetika, koolitused, kosmeetikatooted.\",\"potentialAction\":[{\"@type\":\"SearchAction\",\"target\":{\"@type\":\"EntryPoint\",\"urlTemplate\":\"https:\/\/beautyinstitute.ee\/?s={search_term_string}\"},\"query-input\":{\"@type\":\"PropertyValueSpecification\",\"valueRequired\":true,\"valueName\":\"search_term_string\"}}],\"inLanguage\":\"ru-RU\"}]}<\/script>\n<!-- \/ Yoast SEO plugin. -->","yoast_head_json":{"title":"Multi Repair Ampull- Bakuchiol Ja Skvalaan 10 X 2Ml - Beauty Institute","robots":{"index":"index","follow":"follow","max-snippet":"max-snippet:-1","max-image-preview":"max-image-preview:large","max-video-preview":"max-video-preview:-1"},"canonical":"https:\/\/beautyinstitute.ee\/toode\/multi-repair-ampull-bakuchiol-ja-skvalaan-10-x-2ml\/","og_locale":"ru_RU","og_type":"article","og_title":"Multi Repair Ampull- Bakuchiol Ja Skvalaan 10 X 2Ml - Beauty Institute","og_description":"V\u00e4hendab naha stressi, pikendab naha nooruslikkust Kirjeldus: Rakke uuendav \u00f5liampull toimeainete kombinatsiooniga bakuchioolist, mida tuntakse taimse A-vitamiinina, ja retin\u00fc\u00fclpalmitaadist. M\u00f5ju: Stimuleerib naha enda kollageeni tootmist ning v\u00f5itleb UV-kiirgusega seotud nahakahjustuste ja h\u00fcperpigmentatsiooni vastu. P\u00f5letikuvastane, rahustav. Taimsed ekstraktid ja skvalaan tugevdavad naha loomulikku barj\u00e4\u00e4ri ning tagavad taastunud, pingul ja \u00fchtlase jume. Sobib: Taimse A-vitamiiniga vananemisvastane seerum, [&hellip;]","og_url":"https:\/\/beautyinstitute.ee\/toode\/multi-repair-ampull-bakuchiol-ja-skvalaan-10-x-2ml\/","og_site_name":"Beauty Institute","article_modified_time":"2026-04-17T09:00:41+00:00","og_image":[{"width":1920,"height":1920,"url":"https:\/\/beautyinstitute.ee\/wp-content\/uploads\/2025\/03\/multi-repair-karp.jpeg","type":"image\/jpeg"}],"twitter_card":"summary_large_image","twitter_site":"@Beauty_Eesti","twitter_misc":{"\u041f\u0440\u0438\u043c\u0435\u0440\u043d\u043e\u0435 \u0432\u0440\u0435\u043c\u044f \u0434\u043b\u044f \u0447\u0442\u0435\u043d\u0438\u044f":"1 \u043c\u0438\u043d\u0443\u0442\u0430"},"schema":{"@context":"https:\/\/schema.org","@graph":[{"@type":"WebPage","@id":"https:\/\/beautyinstitute.ee\/toode\/multi-repair-ampull-bakuchiol-ja-skvalaan-10-x-2ml\/","url":"https:\/\/beautyinstitute.ee\/toode\/multi-repair-ampull-bakuchiol-ja-skvalaan-10-x-2ml\/","name":"Multi Repair Ampull- Bakuchiol Ja Skvalaan 10 X 2Ml - Beauty Institute","isPartOf":{"@id":"https:\/\/beautyinstitute.ee\/#website"},"primaryImageOfPage":{"@id":"https:\/\/beautyinstitute.ee\/toode\/multi-repair-ampull-bakuchiol-ja-skvalaan-10-x-2ml\/#primaryimage"},"image":{"@id":"https:\/\/beautyinstitute.ee\/toode\/multi-repair-ampull-bakuchiol-ja-skvalaan-10-x-2ml\/#primaryimage"},"thumbnailUrl":"https:\/\/beautyinstitute.ee\/wp-content\/uploads\/2025\/03\/multi-repair-karp.jpeg","datePublished":"2025-03-31T08:49:05+00:00","dateModified":"2026-04-17T09:00:41+00:00","breadcrumb":{"@id":"https:\/\/beautyinstitute.ee\/toode\/multi-repair-ampull-bakuchiol-ja-skvalaan-10-x-2ml\/#breadcrumb"},"inLanguage":"ru-RU","potentialAction":[{"@type":"ReadAction","target":["https:\/\/beautyinstitute.ee\/toode\/multi-repair-ampull-bakuchiol-ja-skvalaan-10-x-2ml\/"]}]},{"@type":"ImageObject","inLanguage":"ru-RU","@id":"https:\/\/beautyinstitute.ee\/toode\/multi-repair-ampull-bakuchiol-ja-skvalaan-10-x-2ml\/#primaryimage","url":"https:\/\/beautyinstitute.ee\/wp-content\/uploads\/2025\/03\/multi-repair-karp.jpeg","contentUrl":"https:\/\/beautyinstitute.ee\/wp-content\/uploads\/2025\/03\/multi-repair-karp.jpeg","width":1920,"height":1920},{"@type":"BreadcrumbList","@id":"https:\/\/beautyinstitute.ee\/toode\/multi-repair-ampull-bakuchiol-ja-skvalaan-10-x-2ml\/#breadcrumb","itemListElement":[{"@type":"ListItem","position":1,"name":"Home","item":"https:\/\/beautyinstitute.ee\/ru\/"},{"@type":"ListItem","position":2,"name":"E-pood","item":"https:\/\/beautyinstitute.ee\/e-pood\/"},{"@type":"ListItem","position":3,"name":"Multi Repair Ampull- Bakuchiol Ja Skvalaan 10 X 2Ml"}]},{"@type":"WebSite","@id":"https:\/\/beautyinstitute.ee\/#website","url":"https:\/\/beautyinstitute.ee\/","name":"Beauty Institute","description":"CNC Cosmetic ametlik maaletooja ja edasim\u00fc\u00fcja Eestis, Soomes, L\u00e4tis. Aparaadikosmeetika, koolitused, kosmeetikatooted.","potentialAction":[{"@type":"SearchAction","target":{"@type":"EntryPoint","urlTemplate":"https:\/\/beautyinstitute.ee\/?s={search_term_string}"},"query-input":{"@type":"PropertyValueSpecification","valueRequired":true,"valueName":"search_term_string"}}],"inLanguage":"ru-RU"}]}},"_links":{"self":[{"href":"https:\/\/beautyinstitute.ee\/ru\/wp-json\/wp\/v2\/product\/33171","targetHints":{"allow":["GET"]}}],"collection":[{"href":"https:\/\/beautyinstitute.ee\/ru\/wp-json\/wp\/v2\/product"}],"about":[{"href":"https:\/\/beautyinstitute.ee\/ru\/wp-json\/wp\/v2\/types\/product"}],"wp:featuredmedia":[{"embeddable":true,"href":"https:\/\/beautyinstitute.ee\/ru\/wp-json\/wp\/v2\/media\/33175"}],"wp:attachment":[{"href":"https:\/\/beautyinstitute.ee\/ru\/wp-json\/wp\/v2\/media?parent=33171"}],"wp:term":[{"taxonomy":"product_cat","embeddable":true,"href":"https:\/\/beautyinstitute.ee\/ru\/wp-json\/wp\/v2\/product_cat?post=33171"},{"taxonomy":"product_tag","embeddable":true,"href":"https:\/\/beautyinstitute.ee\/ru\/wp-json\/wp\/v2\/product_tag?post=33171"}],"curies":[{"name":"wp","href":"https:\/\/api.w.org\/{rel}","templated":true}]}}