{"id":33178,"date":"2025-03-31T12:14:30","date_gmt":"2025-03-31T09:14:30","guid":{"rendered":"https:\/\/beautyinstitute.ee\/?post_type=product&#038;p=33178"},"modified":"2026-04-27T14:47:17","modified_gmt":"2026-04-27T11:47:17","slug":"clear-skin-ampull-tsink-ja-rahustav-kompleks-10-x-2ml","status":"publish","type":"product","link":"https:\/\/beautyinstitute.ee\/ru\/toode\/clear-skin-ampull-tsink-ja-rahustav-kompleks-10-x-2ml\/","title":{"rendered":"Clear Skin Ampull &#8211; Tsink Ja Rahustav Kompleks 10 X 2Ml"},"content":{"rendered":"<p id=\"tw-target-text\" class=\"tw-data-text tw-text-large tw-ta\" dir=\"ltr\" data-placeholder=\"T\u00f5lge\" data-ved=\"2ahUKEwiq05nN8bOMAxVmLRAIHaszEckQ3ewLegQICBAV\" aria-label=\"T\u00f5lgitud tekst: Kirjeldus: Kaks aktiivset kompleksi looduslike rahustavate taimeekstraktide ja tsingiga v\u00f5ivad ennetada vistrike ja l\u00f6\u00f6vete teket, leevendada olemasolevaid ebapuhtusi ja v\u00e4hendada soovimatut naha s\u00e4ra.\"><span class=\"Y2IQFc\" lang=\"et\"><strong>Kirjeldus: <\/strong>Kaks aktiivset kompleksi looduslike rahustavate taimeekstraktide ja tsingiga \u00a0ennetavad vistrike ja l\u00f6\u00f6vete teket, leevendavad olemasolevaid ebapuhtusi ja v\u00e4hendavad, reguleerivad rasu.\u00a0<\/span><\/p>\n<p><span class=\"Y2IQFc\" lang=\"et\"><strong>M\u00f5ju:<\/strong>\u00a0Aktiivne v\u00f5itlus p\u00f5letikega, naha loomuliku tasakaalu taastamine.<\/span><\/p>\n<p id=\"tw-target-text\" class=\"tw-data-text tw-text-large tw-ta\" dir=\"ltr\" data-placeholder=\"T\u00f5lge\" data-ved=\"2ahUKEwiq05nN8bOMAxVmLRAIHaszEckQ3ewLegQICBAV\" aria-label=\"T\u00f5lgitud tekst: Sobib: ebapuhas, p\u00f5letikule kalduv nahk; rasune nahk; Kombineeritud nahk\"><span class=\"Y2IQFc\" lang=\"et\"><strong>Sobib:<\/strong> ebapuhas, p\u00f5letikule kalduv nahk, rasune nahk, kombineeritud nahk<\/span><\/p>\n<p id=\"tw-target-text\" class=\"tw-data-text tw-text-large tw-ta\" dir=\"ltr\" data-placeholder=\"T\u00f5lge\" data-ved=\"2ahUKEwiq05nN8bOMAxVmLRAIHaszEckQ3ewLegQICBAV\" aria-label=\"T\u00f5lgitud tekst: Eelised: - Leevendab olemasolevaid p\u00f5letikulisi protsesse ja punetust - V\u00e4hendab lisandite teket - Parandab nahabarj\u00e4\u00e4ri vastupidavust - On rasueritust reguleeriva toimega\/parandab naha s\u00e4ra\"><span class=\"Y2IQFc\" lang=\"et\"><strong>Eelised:<\/strong> <\/span><\/p>\n<p class=\"tw-data-text tw-text-large tw-ta\" dir=\"ltr\" data-placeholder=\"T\u00f5lge\" data-ved=\"2ahUKEwiq05nN8bOMAxVmLRAIHaszEckQ3ewLegQICBAV\" aria-label=\"T\u00f5lgitud tekst: Eelised: - Leevendab olemasolevaid p\u00f5letikulisi protsesse ja punetust - V\u00e4hendab lisandite teket - Parandab nahabarj\u00e4\u00e4ri vastupidavust - On rasueritust reguleeriva toimega\/parandab naha s\u00e4ra\"><span class=\"Y2IQFc\" lang=\"et\">&#8211; Leevendab olemasolevaid p\u00f5letikulisi protsesse ja punetust <\/span><\/p>\n<p class=\"tw-data-text tw-text-large tw-ta\" dir=\"ltr\" data-placeholder=\"T\u00f5lge\" data-ved=\"2ahUKEwiq05nN8bOMAxVmLRAIHaszEckQ3ewLegQICBAV\" aria-label=\"T\u00f5lgitud tekst: Eelised: - Leevendab olemasolevaid p\u00f5letikulisi protsesse ja punetust - V\u00e4hendab lisandite teket - Parandab nahabarj\u00e4\u00e4ri vastupidavust - On rasueritust reguleeriva toimega\/parandab naha s\u00e4ra\"><span class=\"Y2IQFc\" lang=\"et\">&#8211; V\u00e4hendab lisandite teket <\/span><\/p>\n<p class=\"tw-data-text tw-text-large tw-ta\" dir=\"ltr\" data-placeholder=\"T\u00f5lge\" data-ved=\"2ahUKEwiq05nN8bOMAxVmLRAIHaszEckQ3ewLegQICBAV\" aria-label=\"T\u00f5lgitud tekst: Eelised: - Leevendab olemasolevaid p\u00f5letikulisi protsesse ja punetust - V\u00e4hendab lisandite teket - Parandab nahabarj\u00e4\u00e4ri vastupidavust - On rasueritust reguleeriva toimega\/parandab naha s\u00e4ra\"><span class=\"Y2IQFc\" lang=\"et\">&#8211; Parandab nahabarj\u00e4\u00e4ri vastupidavust <\/span><\/p>\n<p class=\"tw-data-text tw-text-large tw-ta\" dir=\"ltr\" data-placeholder=\"T\u00f5lge\" data-ved=\"2ahUKEwiq05nN8bOMAxVmLRAIHaszEckQ3ewLegQICBAV\" aria-label=\"T\u00f5lgitud tekst: Eelised: - Leevendab olemasolevaid p\u00f5letikulisi protsesse ja punetust - V\u00e4hendab lisandite teket - Parandab nahabarj\u00e4\u00e4ri vastupidavust - On rasueritust reguleeriva toimega\/parandab naha s\u00e4ra\"><span class=\"Y2IQFc\" lang=\"et\">&#8211; On rasueritust reguleeriva toimega\/parandab naha s\u00e4ra<\/span><\/p>\n<p dir=\"ltr\" data-placeholder=\"T\u00f5lge\" data-ved=\"2ahUKEwiq05nN8bOMAxVmLRAIHaszEckQ3ewLegQICBAV\" aria-label=\"T\u00f5lgitud tekst: Eelised: - Leevendab olemasolevaid p\u00f5letikulisi protsesse ja punetust - V\u00e4hendab lisandite teket - Parandab nahabarj\u00e4\u00e4ri vastupidavust - On rasueritust reguleeriva toimega\/parandab naha s\u00e4ra\"><span class=\"Y2IQFc\" lang=\"et\"><strong>Peamised toimeained:<\/strong> Aknevastane kompleks, rahustav kompleks, pentavitiin, pantenool, aloe vera, allantoiin, gl\u00fctseriin<\/span><\/p>\n<p id=\"tw-target-text\" class=\"tw-data-text tw-text-large tw-ta\" dir=\"ltr\" data-placeholder=\"T\u00f5lge\" data-ved=\"2ahUKEwjh_an7-7OMAxVZKxAIHe3EK24Q3ewLegQICBAV\" aria-label=\"T\u00f5lgitud tekst: Oluline M\u00c4RKUS. \u00c4rge laske tootel silma sattuda. \u00c4rge avage ampulle paljaste k\u00e4tega. Ampullid tuleb \u00e4ra kasutada kohe p\u00e4rast avamist. V\u00f5ib rakendada ultraheliga Peamised toimeained: Aknevastane kompleks, rahustav kompleks, pentavitiin, pantenool, aloe vera, allantoiin, gl\u00fctseriin\"><span class=\"Y2IQFc\" lang=\"et\"><strong>Oluline M\u00c4RKUS!<\/strong> \u00c4rge laske tootel silma sattuda. \u00c4rge avage ampulle paljaste k\u00e4tega. Ampullid tuleb \u00e4ra kasutada kohe p\u00e4rast avamist. V\u00f5ib rakendada ultraheliga\u00a0<\/span><\/p>\n","protected":false},"excerpt":{"rendered":"<p>Kirjeldus: Kaks aktiivset kompleksi looduslike rahustavate taimeekstraktide ja tsingiga \u00a0ennetavad vistrike ja l\u00f6\u00f6vete teket, leevendavad olemasolevaid ebapuhtusi ja v\u00e4hendavad, reguleerivad rasu.\u00a0 M\u00f5ju:\u00a0Aktiivne v\u00f5itlus p\u00f5letikega, naha loomuliku tasakaalu taastamine. Sobib: ebapuhas, p\u00f5letikule kalduv nahk, rasune nahk, kombineeritud nahk Eelised: &#8211; Leevendab olemasolevaid p\u00f5letikulisi protsesse ja punetust &#8211; V\u00e4hendab lisandite teket &#8211; Parandab nahabarj\u00e4\u00e4ri vastupidavust &#8211; On [&hellip;]<\/p>\n","protected":false},"featured_media":33183,"template":"","meta":{"_acf_changed":false},"product_cat":[278,150],"product_tag":[],"class_list":["post-33178","product","type-product","status-publish","has-post-thumbnail","hentry","product_cat-cnc","product_cat-ampullikontsentraadid"],"acf":[],"yoast_head":"<!-- This site is optimized with the Yoast SEO plugin v25.4 - https:\/\/yoast.com\/wordpress\/plugins\/seo\/ -->\n<title>Clear Skin Ampull - Tsink Ja Rahustav Kompleks 10 X 2Ml - Beauty Institute<\/title>\n<meta name=\"robots\" content=\"index, follow, max-snippet:-1, max-image-preview:large, max-video-preview:-1\" \/>\n<link rel=\"canonical\" href=\"https:\/\/beautyinstitute.ee\/toode\/clear-skin-ampull-tsink-ja-rahustav-kompleks-10-x-2ml\/\" \/>\n<meta property=\"og:locale\" content=\"ru_RU\" \/>\n<meta property=\"og:type\" content=\"article\" \/>\n<meta property=\"og:title\" content=\"Clear Skin Ampull - Tsink Ja Rahustav Kompleks 10 X 2Ml - Beauty Institute\" \/>\n<meta property=\"og:description\" content=\"Kirjeldus: Kaks aktiivset kompleksi looduslike rahustavate taimeekstraktide ja tsingiga \u00a0ennetavad vistrike ja l\u00f6\u00f6vete teket, leevendavad olemasolevaid ebapuhtusi ja v\u00e4hendavad, reguleerivad rasu.\u00a0 M\u00f5ju:\u00a0Aktiivne v\u00f5itlus p\u00f5letikega, naha loomuliku tasakaalu taastamine. Sobib: ebapuhas, p\u00f5letikule kalduv nahk, rasune nahk, kombineeritud nahk Eelised: &#8211; Leevendab olemasolevaid p\u00f5letikulisi protsesse ja punetust &#8211; V\u00e4hendab lisandite teket &#8211; Parandab nahabarj\u00e4\u00e4ri vastupidavust &#8211; On [&hellip;]\" \/>\n<meta property=\"og:url\" content=\"https:\/\/beautyinstitute.ee\/toode\/clear-skin-ampull-tsink-ja-rahustav-kompleks-10-x-2ml\/\" \/>\n<meta property=\"og:site_name\" content=\"Beauty Institute\" \/>\n<meta property=\"article:modified_time\" content=\"2026-04-27T11:47:17+00:00\" \/>\n<meta property=\"og:image\" content=\"https:\/\/beautyinstitute.ee\/wp-content\/uploads\/2025\/03\/clear-skin-karp.jpeg\" \/>\n\t<meta property=\"og:image:width\" content=\"1920\" \/>\n\t<meta property=\"og:image:height\" content=\"1920\" \/>\n\t<meta property=\"og:image:type\" content=\"image\/jpeg\" \/>\n<meta name=\"twitter:card\" content=\"summary_large_image\" \/>\n<meta name=\"twitter:site\" content=\"@Beauty_Eesti\" \/>\n<meta name=\"twitter:label1\" content=\"\u041f\u0440\u0438\u043c\u0435\u0440\u043d\u043e\u0435 \u0432\u0440\u0435\u043c\u044f \u0434\u043b\u044f \u0447\u0442\u0435\u043d\u0438\u044f\" \/>\n\t<meta name=\"twitter:data1\" content=\"1 \u043c\u0438\u043d\u0443\u0442\u0430\" \/>\n<script type=\"application\/ld+json\" class=\"yoast-schema-graph\">{\"@context\":\"https:\/\/schema.org\",\"@graph\":[{\"@type\":\"WebPage\",\"@id\":\"https:\/\/beautyinstitute.ee\/toode\/clear-skin-ampull-tsink-ja-rahustav-kompleks-10-x-2ml\/\",\"url\":\"https:\/\/beautyinstitute.ee\/toode\/clear-skin-ampull-tsink-ja-rahustav-kompleks-10-x-2ml\/\",\"name\":\"Clear Skin Ampull - Tsink Ja Rahustav Kompleks 10 X 2Ml - Beauty Institute\",\"isPartOf\":{\"@id\":\"https:\/\/beautyinstitute.ee\/#website\"},\"primaryImageOfPage\":{\"@id\":\"https:\/\/beautyinstitute.ee\/toode\/clear-skin-ampull-tsink-ja-rahustav-kompleks-10-x-2ml\/#primaryimage\"},\"image\":{\"@id\":\"https:\/\/beautyinstitute.ee\/toode\/clear-skin-ampull-tsink-ja-rahustav-kompleks-10-x-2ml\/#primaryimage\"},\"thumbnailUrl\":\"https:\/\/beautyinstitute.ee\/wp-content\/uploads\/2025\/03\/clear-skin-karp.jpeg\",\"datePublished\":\"2025-03-31T09:14:30+00:00\",\"dateModified\":\"2026-04-27T11:47:17+00:00\",\"breadcrumb\":{\"@id\":\"https:\/\/beautyinstitute.ee\/toode\/clear-skin-ampull-tsink-ja-rahustav-kompleks-10-x-2ml\/#breadcrumb\"},\"inLanguage\":\"ru-RU\",\"potentialAction\":[{\"@type\":\"ReadAction\",\"target\":[\"https:\/\/beautyinstitute.ee\/toode\/clear-skin-ampull-tsink-ja-rahustav-kompleks-10-x-2ml\/\"]}]},{\"@type\":\"ImageObject\",\"inLanguage\":\"ru-RU\",\"@id\":\"https:\/\/beautyinstitute.ee\/toode\/clear-skin-ampull-tsink-ja-rahustav-kompleks-10-x-2ml\/#primaryimage\",\"url\":\"https:\/\/beautyinstitute.ee\/wp-content\/uploads\/2025\/03\/clear-skin-karp.jpeg\",\"contentUrl\":\"https:\/\/beautyinstitute.ee\/wp-content\/uploads\/2025\/03\/clear-skin-karp.jpeg\",\"width\":1920,\"height\":1920},{\"@type\":\"BreadcrumbList\",\"@id\":\"https:\/\/beautyinstitute.ee\/toode\/clear-skin-ampull-tsink-ja-rahustav-kompleks-10-x-2ml\/#breadcrumb\",\"itemListElement\":[{\"@type\":\"ListItem\",\"position\":1,\"name\":\"Home\",\"item\":\"https:\/\/beautyinstitute.ee\/ru\/\"},{\"@type\":\"ListItem\",\"position\":2,\"name\":\"E-pood\",\"item\":\"https:\/\/beautyinstitute.ee\/e-pood\/\"},{\"@type\":\"ListItem\",\"position\":3,\"name\":\"Clear Skin Ampull &#8211; Tsink Ja Rahustav Kompleks 10 X 2Ml\"}]},{\"@type\":\"WebSite\",\"@id\":\"https:\/\/beautyinstitute.ee\/#website\",\"url\":\"https:\/\/beautyinstitute.ee\/\",\"name\":\"Beauty Institute\",\"description\":\"CNC Cosmetic ametlik maaletooja ja edasim\u00fc\u00fcja Eestis, Soomes, L\u00e4tis. Aparaadikosmeetika, koolitused, kosmeetikatooted.\",\"potentialAction\":[{\"@type\":\"SearchAction\",\"target\":{\"@type\":\"EntryPoint\",\"urlTemplate\":\"https:\/\/beautyinstitute.ee\/?s={search_term_string}\"},\"query-input\":{\"@type\":\"PropertyValueSpecification\",\"valueRequired\":true,\"valueName\":\"search_term_string\"}}],\"inLanguage\":\"ru-RU\"}]}<\/script>\n<!-- \/ Yoast SEO plugin. -->","yoast_head_json":{"title":"Clear Skin Ampull - Tsink Ja Rahustav Kompleks 10 X 2Ml - Beauty Institute","robots":{"index":"index","follow":"follow","max-snippet":"max-snippet:-1","max-image-preview":"max-image-preview:large","max-video-preview":"max-video-preview:-1"},"canonical":"https:\/\/beautyinstitute.ee\/toode\/clear-skin-ampull-tsink-ja-rahustav-kompleks-10-x-2ml\/","og_locale":"ru_RU","og_type":"article","og_title":"Clear Skin Ampull - Tsink Ja Rahustav Kompleks 10 X 2Ml - Beauty Institute","og_description":"Kirjeldus: Kaks aktiivset kompleksi looduslike rahustavate taimeekstraktide ja tsingiga \u00a0ennetavad vistrike ja l\u00f6\u00f6vete teket, leevendavad olemasolevaid ebapuhtusi ja v\u00e4hendavad, reguleerivad rasu.\u00a0 M\u00f5ju:\u00a0Aktiivne v\u00f5itlus p\u00f5letikega, naha loomuliku tasakaalu taastamine. Sobib: ebapuhas, p\u00f5letikule kalduv nahk, rasune nahk, kombineeritud nahk Eelised: &#8211; Leevendab olemasolevaid p\u00f5letikulisi protsesse ja punetust &#8211; V\u00e4hendab lisandite teket &#8211; Parandab nahabarj\u00e4\u00e4ri vastupidavust &#8211; On [&hellip;]","og_url":"https:\/\/beautyinstitute.ee\/toode\/clear-skin-ampull-tsink-ja-rahustav-kompleks-10-x-2ml\/","og_site_name":"Beauty Institute","article_modified_time":"2026-04-27T11:47:17+00:00","og_image":[{"width":1920,"height":1920,"url":"https:\/\/beautyinstitute.ee\/wp-content\/uploads\/2025\/03\/clear-skin-karp.jpeg","type":"image\/jpeg"}],"twitter_card":"summary_large_image","twitter_site":"@Beauty_Eesti","twitter_misc":{"\u041f\u0440\u0438\u043c\u0435\u0440\u043d\u043e\u0435 \u0432\u0440\u0435\u043c\u044f \u0434\u043b\u044f \u0447\u0442\u0435\u043d\u0438\u044f":"1 \u043c\u0438\u043d\u0443\u0442\u0430"},"schema":{"@context":"https:\/\/schema.org","@graph":[{"@type":"WebPage","@id":"https:\/\/beautyinstitute.ee\/toode\/clear-skin-ampull-tsink-ja-rahustav-kompleks-10-x-2ml\/","url":"https:\/\/beautyinstitute.ee\/toode\/clear-skin-ampull-tsink-ja-rahustav-kompleks-10-x-2ml\/","name":"Clear Skin Ampull - Tsink Ja Rahustav Kompleks 10 X 2Ml - Beauty Institute","isPartOf":{"@id":"https:\/\/beautyinstitute.ee\/#website"},"primaryImageOfPage":{"@id":"https:\/\/beautyinstitute.ee\/toode\/clear-skin-ampull-tsink-ja-rahustav-kompleks-10-x-2ml\/#primaryimage"},"image":{"@id":"https:\/\/beautyinstitute.ee\/toode\/clear-skin-ampull-tsink-ja-rahustav-kompleks-10-x-2ml\/#primaryimage"},"thumbnailUrl":"https:\/\/beautyinstitute.ee\/wp-content\/uploads\/2025\/03\/clear-skin-karp.jpeg","datePublished":"2025-03-31T09:14:30+00:00","dateModified":"2026-04-27T11:47:17+00:00","breadcrumb":{"@id":"https:\/\/beautyinstitute.ee\/toode\/clear-skin-ampull-tsink-ja-rahustav-kompleks-10-x-2ml\/#breadcrumb"},"inLanguage":"ru-RU","potentialAction":[{"@type":"ReadAction","target":["https:\/\/beautyinstitute.ee\/toode\/clear-skin-ampull-tsink-ja-rahustav-kompleks-10-x-2ml\/"]}]},{"@type":"ImageObject","inLanguage":"ru-RU","@id":"https:\/\/beautyinstitute.ee\/toode\/clear-skin-ampull-tsink-ja-rahustav-kompleks-10-x-2ml\/#primaryimage","url":"https:\/\/beautyinstitute.ee\/wp-content\/uploads\/2025\/03\/clear-skin-karp.jpeg","contentUrl":"https:\/\/beautyinstitute.ee\/wp-content\/uploads\/2025\/03\/clear-skin-karp.jpeg","width":1920,"height":1920},{"@type":"BreadcrumbList","@id":"https:\/\/beautyinstitute.ee\/toode\/clear-skin-ampull-tsink-ja-rahustav-kompleks-10-x-2ml\/#breadcrumb","itemListElement":[{"@type":"ListItem","position":1,"name":"Home","item":"https:\/\/beautyinstitute.ee\/ru\/"},{"@type":"ListItem","position":2,"name":"E-pood","item":"https:\/\/beautyinstitute.ee\/e-pood\/"},{"@type":"ListItem","position":3,"name":"Clear Skin Ampull &#8211; Tsink Ja Rahustav Kompleks 10 X 2Ml"}]},{"@type":"WebSite","@id":"https:\/\/beautyinstitute.ee\/#website","url":"https:\/\/beautyinstitute.ee\/","name":"Beauty Institute","description":"CNC Cosmetic ametlik maaletooja ja edasim\u00fc\u00fcja Eestis, Soomes, L\u00e4tis. Aparaadikosmeetika, koolitused, kosmeetikatooted.","potentialAction":[{"@type":"SearchAction","target":{"@type":"EntryPoint","urlTemplate":"https:\/\/beautyinstitute.ee\/?s={search_term_string}"},"query-input":{"@type":"PropertyValueSpecification","valueRequired":true,"valueName":"search_term_string"}}],"inLanguage":"ru-RU"}]}},"_links":{"self":[{"href":"https:\/\/beautyinstitute.ee\/ru\/wp-json\/wp\/v2\/product\/33178","targetHints":{"allow":["GET"]}}],"collection":[{"href":"https:\/\/beautyinstitute.ee\/ru\/wp-json\/wp\/v2\/product"}],"about":[{"href":"https:\/\/beautyinstitute.ee\/ru\/wp-json\/wp\/v2\/types\/product"}],"wp:featuredmedia":[{"embeddable":true,"href":"https:\/\/beautyinstitute.ee\/ru\/wp-json\/wp\/v2\/media\/33183"}],"wp:attachment":[{"href":"https:\/\/beautyinstitute.ee\/ru\/wp-json\/wp\/v2\/media?parent=33178"}],"wp:term":[{"taxonomy":"product_cat","embeddable":true,"href":"https:\/\/beautyinstitute.ee\/ru\/wp-json\/wp\/v2\/product_cat?post=33178"},{"taxonomy":"product_tag","embeddable":true,"href":"https:\/\/beautyinstitute.ee\/ru\/wp-json\/wp\/v2\/product_tag?post=33178"}],"curies":[{"name":"wp","href":"https:\/\/api.w.org\/{rel}","templated":true}]}}