{"id":33186,"date":"2025-03-31T12:27:17","date_gmt":"2025-03-31T09:27:17","guid":{"rendered":"https:\/\/beautyinstitute.ee\/?post_type=product&#038;p=33186"},"modified":"2026-04-28T13:50:32","modified_gmt":"2026-04-28T10:50:32","slug":"multivitamin-ampullid-vitamin-b-c-e-10-x-2ml","status":"publish","type":"product","link":"https:\/\/beautyinstitute.ee\/ru\/toode\/multivitamin-ampullid-vitamin-b-c-e-10-x-2ml\/","title":{"rendered":"Multivitamin Ampullid &#8211; Vitamin B, C, E 10 X 2Ml"},"content":{"rendered":"<p id=\"tw-target-text\" class=\"tw-data-text tw-text-large tw-ta\" dir=\"ltr\" data-placeholder=\"T\u00f5lge\" data-ved=\"2ahUKEwjh_an7-7OMAxVZKxAIHe3EK24Q3ewLegQICBAV\" aria-label=\"T\u00f5lgitud tekst: Kirjeldus:\nK\u00f5ik-\u00fches vitamiinikompleks B-vitamiinide, C- ja E-vitamiinidega aitab tugevdada naha vastupanuv\u00f5imet kahjulikele keskkonnam\u00f5judele ja vabadele radikaalidele ning seega takistab naha enneaegset vananemist.\"><span class=\"Y2IQFc\" lang=\"et\"><strong>Kirjeldus:<\/strong> K\u00f5ik-\u00fches vitamiinikompleks B-vitamiinide, C- ja E-vitamiinidega aitab tugevdada naha vastupanuv\u00f5imet kahjulikele keskkonnam\u00f5judele ja vabadele radikaalidele ning seega takistab naha enneaegset vananemist.<\/span><\/p>\n<p id=\"tw-target-text\" class=\"tw-data-text tw-text-large tw-ta\" dir=\"ltr\" data-placeholder=\"T\u00f5lge\" data-ved=\"2ahUKEwjh_an7-7OMAxVZKxAIHe3EK24Q3ewLegQICBAV\" aria-label=\"T\u00f5lgitud tekst: M\u00f5ju:\nApelsini t\u00fcvirakud ja h\u00fcaluroonhape v\u00f5ivad parandada naha tihedust ja elastsust, v\u00e4hendada jooni ja kortse ning tasakaalustada niiskustaset.\"><span class=\"Y2IQFc\" lang=\"et\"><strong>M\u00f5ju:<\/strong> Apelsini t\u00fcvirakud ja h\u00fcaluroonhape \u00a0parandavad naha tihedust ja elastsust, v\u00e4hendavad jooni ja kortse ning tasakaalustavad niiskussisaldust nahas.<\/span><\/p>\n<p id=\"tw-target-text\" class=\"tw-data-text tw-text-large tw-ta\" dir=\"ltr\" data-placeholder=\"T\u00f5lge\" data-ved=\"2ahUKEwjh_an7-7OMAxVZKxAIHe3EK24Q3ewLegQICBAV\" aria-label=\"T\u00f5lgitud tekst: Sobib:\nigak\u00fclgne antioks\u00fcdantne kaitse ja niisutus k\u00f5ikidele nahat\u00fc\u00fcpidele\"><span class=\"Y2IQFc\" lang=\"et\"><strong>Sobib:<\/strong> igak\u00fclgne antioks\u00fcdantne kaitse ja niisutus k\u00f5ikidele nahat\u00fc\u00fcpidele<\/span><\/p>\n<p id=\"tw-target-text\" class=\"tw-data-text tw-text-large tw-ta\" dir=\"ltr\" data-placeholder=\"T\u00f5lge\" data-ved=\"2ahUKEwjh_an7-7OMAxVZKxAIHe3EK24Q3ewLegQICBAV\" aria-label=\"T\u00f5lgitud tekst: Eelised:\nKaitseb naha enneaegse vananemise eest, ideaalne vananemiseelne lisatoode\nV\u00e4hendab kortsude teket\nParandab naha elastsust\nIgap\u00e4evane vitamiinis\u00fcst k\u00f5ikidele nahat\u00fc\u00fcpidele\"><span class=\"Y2IQFc\" lang=\"et\"><strong>Eelised:<\/strong> <\/span><\/p>\n<ul>\n<li class=\"tw-data-text tw-text-large tw-ta\" dir=\"ltr\" data-placeholder=\"T\u00f5lge\" data-ved=\"2ahUKEwjh_an7-7OMAxVZKxAIHe3EK24Q3ewLegQICBAV\" aria-label=\"T\u00f5lgitud tekst: Eelised:\nKaitseb naha enneaegse vananemise eest, ideaalne vananemiseelne lisatoode\nV\u00e4hendab kortsude teket\nParandab naha elastsust\nIgap\u00e4evane vitamiinis\u00fcst k\u00f5ikidele nahat\u00fc\u00fcpidele\"><span class=\"Y2IQFc\" lang=\"et\">kaitseb naha enneaegse vananemise eest<\/span><\/li>\n<li class=\"tw-data-text tw-text-large tw-ta\" dir=\"ltr\" data-placeholder=\"T\u00f5lge\" data-ved=\"2ahUKEwjh_an7-7OMAxVZKxAIHe3EK24Q3ewLegQICBAV\" aria-label=\"T\u00f5lgitud tekst: Eelised:\nKaitseb naha enneaegse vananemise eest, ideaalne vananemiseelne lisatoode\nV\u00e4hendab kortsude teket\nParandab naha elastsust\nIgap\u00e4evane vitamiinis\u00fcst k\u00f5ikidele nahat\u00fc\u00fcpidele\"><span class=\"Y2IQFc\" lang=\"et\"> ideaalne vananemiseelne lisatoode <\/span><\/li>\n<li class=\"tw-data-text tw-text-large tw-ta\" dir=\"ltr\" data-placeholder=\"T\u00f5lge\" data-ved=\"2ahUKEwjh_an7-7OMAxVZKxAIHe3EK24Q3ewLegQICBAV\" aria-label=\"T\u00f5lgitud tekst: Eelised:\nKaitseb naha enneaegse vananemise eest, ideaalne vananemiseelne lisatoode\nV\u00e4hendab kortsude teket\nParandab naha elastsust\nIgap\u00e4evane vitamiinis\u00fcst k\u00f5ikidele nahat\u00fc\u00fcpidele\"><span class=\"Y2IQFc\" lang=\"et\">v\u00e4hendab kortsude teket <\/span><\/li>\n<li class=\"tw-data-text tw-text-large tw-ta\" dir=\"ltr\" data-placeholder=\"T\u00f5lge\" data-ved=\"2ahUKEwjh_an7-7OMAxVZKxAIHe3EK24Q3ewLegQICBAV\" aria-label=\"T\u00f5lgitud tekst: Eelised:\nKaitseb naha enneaegse vananemise eest, ideaalne vananemiseelne lisatoode\nV\u00e4hendab kortsude teket\nParandab naha elastsust\nIgap\u00e4evane vitamiinis\u00fcst k\u00f5ikidele nahat\u00fc\u00fcpidele\"><span class=\"Y2IQFc\" lang=\"et\">parandab naha elastsust<\/span><\/li>\n<li class=\"tw-data-text tw-text-large tw-ta\" dir=\"ltr\" data-placeholder=\"T\u00f5lge\" data-ved=\"2ahUKEwjh_an7-7OMAxVZKxAIHe3EK24Q3ewLegQICBAV\" aria-label=\"T\u00f5lgitud tekst: Eelised:\nKaitseb naha enneaegse vananemise eest, ideaalne vananemiseelne lisatoode\nV\u00e4hendab kortsude teket\nParandab naha elastsust\nIgap\u00e4evane vitamiinis\u00fcst k\u00f5ikidele nahat\u00fc\u00fcpidele\"><span class=\"Y2IQFc\" lang=\"et\">igap\u00e4evane vitamiinis\u00fcst k\u00f5ikidele nahat\u00fc\u00fcpidele<\/span><\/li>\n<\/ul>\n<p><span class=\"Y2IQFc\" lang=\"et\"><strong>Peamised toimeained:<\/strong> K\u00f5ik-\u00fches vitamiinide kompleks; apelsinit\u00fcvirakud, h\u00fcaluroonhape<\/span><\/p>\n<p id=\"tw-target-text\" class=\"tw-data-text tw-text-large tw-ta\" dir=\"ltr\" data-placeholder=\"T\u00f5lge\" data-ved=\"2ahUKEwjh_an7-7OMAxVZKxAIHe3EK24Q3ewLegQICBAV\" aria-label=\"T\u00f5lgitud tekst: Oluline M\u00c4RKUS.\n\u00c4rge laske tootel silma sattuda. \u00c4rge avage ampulle paljaste k\u00e4tega. Ampullid tuleb \u00e4ra kasutada kohe p\u00e4rast avamist.\nSobib ultraheli jaoks\nPeamised toimeained:\nK\u00f5ik-\u00fches vitamiinide kompleks; oran\u017eid t\u00fcvirakud; H\u00fcaluroonhape\"><span class=\"Y2IQFc\" lang=\"et\"><strong>Oluline M\u00c4RKUS!<\/strong> \u00c4rge laske tootel silma sattuda. \u00c4rge avage ampulle paljaste k\u00e4tega. Ampullid tuleb \u00e4ra kasutada kohe p\u00e4rast avamist. Sobib ultraheli jaoks\u00a0<\/span><\/p>\n","protected":false},"excerpt":{"rendered":"<p>Kirjeldus: K\u00f5ik-\u00fches vitamiinikompleks B-vitamiinide, C- ja E-vitamiinidega aitab tugevdada naha vastupanuv\u00f5imet kahjulikele keskkonnam\u00f5judele ja vabadele radikaalidele ning seega takistab naha enneaegset vananemist. M\u00f5ju: Apelsini t\u00fcvirakud ja h\u00fcaluroonhape \u00a0parandavad naha tihedust ja elastsust, v\u00e4hendavad jooni ja kortse ning tasakaalustavad niiskussisaldust nahas. Sobib: igak\u00fclgne antioks\u00fcdantne kaitse ja niisutus k\u00f5ikidele nahat\u00fc\u00fcpidele Eelised: kaitseb naha enneaegse vananemise eest ideaalne [&hellip;]<\/p>\n","protected":false},"featured_media":33191,"template":"","meta":{"_acf_changed":false},"product_cat":[278,150],"product_tag":[],"class_list":["post-33186","product","type-product","status-publish","has-post-thumbnail","hentry","product_cat-cnc","product_cat-ampullikontsentraadid"],"acf":[],"yoast_head":"<!-- This site is optimized with the Yoast SEO plugin v25.4 - https:\/\/yoast.com\/wordpress\/plugins\/seo\/ -->\n<title>Multivitamin Ampullid - Vitamin B, C, E 10 X 2Ml - Beauty Institute<\/title>\n<meta name=\"robots\" content=\"index, follow, max-snippet:-1, max-image-preview:large, max-video-preview:-1\" \/>\n<link rel=\"canonical\" href=\"https:\/\/beautyinstitute.ee\/toode\/multivitamin-ampullid-vitamin-b-c-e-10-x-2ml\/\" \/>\n<meta property=\"og:locale\" content=\"ru_RU\" \/>\n<meta property=\"og:type\" content=\"article\" \/>\n<meta property=\"og:title\" content=\"Multivitamin Ampullid - Vitamin B, C, E 10 X 2Ml - Beauty Institute\" \/>\n<meta property=\"og:description\" content=\"Kirjeldus: K\u00f5ik-\u00fches vitamiinikompleks B-vitamiinide, C- ja E-vitamiinidega aitab tugevdada naha vastupanuv\u00f5imet kahjulikele keskkonnam\u00f5judele ja vabadele radikaalidele ning seega takistab naha enneaegset vananemist. M\u00f5ju: Apelsini t\u00fcvirakud ja h\u00fcaluroonhape \u00a0parandavad naha tihedust ja elastsust, v\u00e4hendavad jooni ja kortse ning tasakaalustavad niiskussisaldust nahas. Sobib: igak\u00fclgne antioks\u00fcdantne kaitse ja niisutus k\u00f5ikidele nahat\u00fc\u00fcpidele Eelised: kaitseb naha enneaegse vananemise eest ideaalne [&hellip;]\" \/>\n<meta property=\"og:url\" content=\"https:\/\/beautyinstitute.ee\/toode\/multivitamin-ampullid-vitamin-b-c-e-10-x-2ml\/\" \/>\n<meta property=\"og:site_name\" content=\"Beauty Institute\" \/>\n<meta property=\"article:modified_time\" content=\"2026-04-28T10:50:32+00:00\" \/>\n<meta property=\"og:image\" content=\"https:\/\/beautyinstitute.ee\/wp-content\/uploads\/2025\/03\/multivitamin-karp.jpeg\" \/>\n\t<meta property=\"og:image:width\" content=\"1920\" \/>\n\t<meta property=\"og:image:height\" content=\"1920\" \/>\n\t<meta property=\"og:image:type\" content=\"image\/jpeg\" \/>\n<meta name=\"twitter:card\" content=\"summary_large_image\" \/>\n<meta name=\"twitter:site\" content=\"@Beauty_Eesti\" \/>\n<meta name=\"twitter:label1\" content=\"\u041f\u0440\u0438\u043c\u0435\u0440\u043d\u043e\u0435 \u0432\u0440\u0435\u043c\u044f \u0434\u043b\u044f \u0447\u0442\u0435\u043d\u0438\u044f\" \/>\n\t<meta name=\"twitter:data1\" content=\"1 \u043c\u0438\u043d\u0443\u0442\u0430\" \/>\n<script type=\"application\/ld+json\" class=\"yoast-schema-graph\">{\"@context\":\"https:\/\/schema.org\",\"@graph\":[{\"@type\":\"WebPage\",\"@id\":\"https:\/\/beautyinstitute.ee\/toode\/multivitamin-ampullid-vitamin-b-c-e-10-x-2ml\/\",\"url\":\"https:\/\/beautyinstitute.ee\/toode\/multivitamin-ampullid-vitamin-b-c-e-10-x-2ml\/\",\"name\":\"Multivitamin Ampullid - Vitamin B, C, E 10 X 2Ml - Beauty Institute\",\"isPartOf\":{\"@id\":\"https:\/\/beautyinstitute.ee\/#website\"},\"primaryImageOfPage\":{\"@id\":\"https:\/\/beautyinstitute.ee\/toode\/multivitamin-ampullid-vitamin-b-c-e-10-x-2ml\/#primaryimage\"},\"image\":{\"@id\":\"https:\/\/beautyinstitute.ee\/toode\/multivitamin-ampullid-vitamin-b-c-e-10-x-2ml\/#primaryimage\"},\"thumbnailUrl\":\"https:\/\/beautyinstitute.ee\/wp-content\/uploads\/2025\/03\/multivitamin-karp.jpeg\",\"datePublished\":\"2025-03-31T09:27:17+00:00\",\"dateModified\":\"2026-04-28T10:50:32+00:00\",\"breadcrumb\":{\"@id\":\"https:\/\/beautyinstitute.ee\/toode\/multivitamin-ampullid-vitamin-b-c-e-10-x-2ml\/#breadcrumb\"},\"inLanguage\":\"ru-RU\",\"potentialAction\":[{\"@type\":\"ReadAction\",\"target\":[\"https:\/\/beautyinstitute.ee\/toode\/multivitamin-ampullid-vitamin-b-c-e-10-x-2ml\/\"]}]},{\"@type\":\"ImageObject\",\"inLanguage\":\"ru-RU\",\"@id\":\"https:\/\/beautyinstitute.ee\/toode\/multivitamin-ampullid-vitamin-b-c-e-10-x-2ml\/#primaryimage\",\"url\":\"https:\/\/beautyinstitute.ee\/wp-content\/uploads\/2025\/03\/multivitamin-karp.jpeg\",\"contentUrl\":\"https:\/\/beautyinstitute.ee\/wp-content\/uploads\/2025\/03\/multivitamin-karp.jpeg\",\"width\":1920,\"height\":1920},{\"@type\":\"BreadcrumbList\",\"@id\":\"https:\/\/beautyinstitute.ee\/toode\/multivitamin-ampullid-vitamin-b-c-e-10-x-2ml\/#breadcrumb\",\"itemListElement\":[{\"@type\":\"ListItem\",\"position\":1,\"name\":\"Home\",\"item\":\"https:\/\/beautyinstitute.ee\/ru\/\"},{\"@type\":\"ListItem\",\"position\":2,\"name\":\"E-pood\",\"item\":\"https:\/\/beautyinstitute.ee\/e-pood\/\"},{\"@type\":\"ListItem\",\"position\":3,\"name\":\"Multivitamin Ampullid &#8211; Vitamin B, C, E 10 X 2Ml\"}]},{\"@type\":\"WebSite\",\"@id\":\"https:\/\/beautyinstitute.ee\/#website\",\"url\":\"https:\/\/beautyinstitute.ee\/\",\"name\":\"Beauty Institute\",\"description\":\"CNC Cosmetic ametlik maaletooja ja edasim\u00fc\u00fcja Eestis, Soomes, L\u00e4tis. Aparaadikosmeetika, koolitused, kosmeetikatooted.\",\"potentialAction\":[{\"@type\":\"SearchAction\",\"target\":{\"@type\":\"EntryPoint\",\"urlTemplate\":\"https:\/\/beautyinstitute.ee\/?s={search_term_string}\"},\"query-input\":{\"@type\":\"PropertyValueSpecification\",\"valueRequired\":true,\"valueName\":\"search_term_string\"}}],\"inLanguage\":\"ru-RU\"}]}<\/script>\n<!-- \/ Yoast SEO plugin. -->","yoast_head_json":{"title":"Multivitamin Ampullid - Vitamin B, C, E 10 X 2Ml - Beauty Institute","robots":{"index":"index","follow":"follow","max-snippet":"max-snippet:-1","max-image-preview":"max-image-preview:large","max-video-preview":"max-video-preview:-1"},"canonical":"https:\/\/beautyinstitute.ee\/toode\/multivitamin-ampullid-vitamin-b-c-e-10-x-2ml\/","og_locale":"ru_RU","og_type":"article","og_title":"Multivitamin Ampullid - Vitamin B, C, E 10 X 2Ml - Beauty Institute","og_description":"Kirjeldus: K\u00f5ik-\u00fches vitamiinikompleks B-vitamiinide, C- ja E-vitamiinidega aitab tugevdada naha vastupanuv\u00f5imet kahjulikele keskkonnam\u00f5judele ja vabadele radikaalidele ning seega takistab naha enneaegset vananemist. M\u00f5ju: Apelsini t\u00fcvirakud ja h\u00fcaluroonhape \u00a0parandavad naha tihedust ja elastsust, v\u00e4hendavad jooni ja kortse ning tasakaalustavad niiskussisaldust nahas. Sobib: igak\u00fclgne antioks\u00fcdantne kaitse ja niisutus k\u00f5ikidele nahat\u00fc\u00fcpidele Eelised: kaitseb naha enneaegse vananemise eest ideaalne [&hellip;]","og_url":"https:\/\/beautyinstitute.ee\/toode\/multivitamin-ampullid-vitamin-b-c-e-10-x-2ml\/","og_site_name":"Beauty Institute","article_modified_time":"2026-04-28T10:50:32+00:00","og_image":[{"width":1920,"height":1920,"url":"https:\/\/beautyinstitute.ee\/wp-content\/uploads\/2025\/03\/multivitamin-karp.jpeg","type":"image\/jpeg"}],"twitter_card":"summary_large_image","twitter_site":"@Beauty_Eesti","twitter_misc":{"\u041f\u0440\u0438\u043c\u0435\u0440\u043d\u043e\u0435 \u0432\u0440\u0435\u043c\u044f \u0434\u043b\u044f \u0447\u0442\u0435\u043d\u0438\u044f":"1 \u043c\u0438\u043d\u0443\u0442\u0430"},"schema":{"@context":"https:\/\/schema.org","@graph":[{"@type":"WebPage","@id":"https:\/\/beautyinstitute.ee\/toode\/multivitamin-ampullid-vitamin-b-c-e-10-x-2ml\/","url":"https:\/\/beautyinstitute.ee\/toode\/multivitamin-ampullid-vitamin-b-c-e-10-x-2ml\/","name":"Multivitamin Ampullid - Vitamin B, C, E 10 X 2Ml - Beauty Institute","isPartOf":{"@id":"https:\/\/beautyinstitute.ee\/#website"},"primaryImageOfPage":{"@id":"https:\/\/beautyinstitute.ee\/toode\/multivitamin-ampullid-vitamin-b-c-e-10-x-2ml\/#primaryimage"},"image":{"@id":"https:\/\/beautyinstitute.ee\/toode\/multivitamin-ampullid-vitamin-b-c-e-10-x-2ml\/#primaryimage"},"thumbnailUrl":"https:\/\/beautyinstitute.ee\/wp-content\/uploads\/2025\/03\/multivitamin-karp.jpeg","datePublished":"2025-03-31T09:27:17+00:00","dateModified":"2026-04-28T10:50:32+00:00","breadcrumb":{"@id":"https:\/\/beautyinstitute.ee\/toode\/multivitamin-ampullid-vitamin-b-c-e-10-x-2ml\/#breadcrumb"},"inLanguage":"ru-RU","potentialAction":[{"@type":"ReadAction","target":["https:\/\/beautyinstitute.ee\/toode\/multivitamin-ampullid-vitamin-b-c-e-10-x-2ml\/"]}]},{"@type":"ImageObject","inLanguage":"ru-RU","@id":"https:\/\/beautyinstitute.ee\/toode\/multivitamin-ampullid-vitamin-b-c-e-10-x-2ml\/#primaryimage","url":"https:\/\/beautyinstitute.ee\/wp-content\/uploads\/2025\/03\/multivitamin-karp.jpeg","contentUrl":"https:\/\/beautyinstitute.ee\/wp-content\/uploads\/2025\/03\/multivitamin-karp.jpeg","width":1920,"height":1920},{"@type":"BreadcrumbList","@id":"https:\/\/beautyinstitute.ee\/toode\/multivitamin-ampullid-vitamin-b-c-e-10-x-2ml\/#breadcrumb","itemListElement":[{"@type":"ListItem","position":1,"name":"Home","item":"https:\/\/beautyinstitute.ee\/ru\/"},{"@type":"ListItem","position":2,"name":"E-pood","item":"https:\/\/beautyinstitute.ee\/e-pood\/"},{"@type":"ListItem","position":3,"name":"Multivitamin Ampullid &#8211; Vitamin B, C, E 10 X 2Ml"}]},{"@type":"WebSite","@id":"https:\/\/beautyinstitute.ee\/#website","url":"https:\/\/beautyinstitute.ee\/","name":"Beauty Institute","description":"CNC Cosmetic ametlik maaletooja ja edasim\u00fc\u00fcja Eestis, Soomes, L\u00e4tis. Aparaadikosmeetika, koolitused, kosmeetikatooted.","potentialAction":[{"@type":"SearchAction","target":{"@type":"EntryPoint","urlTemplate":"https:\/\/beautyinstitute.ee\/?s={search_term_string}"},"query-input":{"@type":"PropertyValueSpecification","valueRequired":true,"valueName":"search_term_string"}}],"inLanguage":"ru-RU"}]}},"_links":{"self":[{"href":"https:\/\/beautyinstitute.ee\/ru\/wp-json\/wp\/v2\/product\/33186","targetHints":{"allow":["GET"]}}],"collection":[{"href":"https:\/\/beautyinstitute.ee\/ru\/wp-json\/wp\/v2\/product"}],"about":[{"href":"https:\/\/beautyinstitute.ee\/ru\/wp-json\/wp\/v2\/types\/product"}],"wp:featuredmedia":[{"embeddable":true,"href":"https:\/\/beautyinstitute.ee\/ru\/wp-json\/wp\/v2\/media\/33191"}],"wp:attachment":[{"href":"https:\/\/beautyinstitute.ee\/ru\/wp-json\/wp\/v2\/media?parent=33186"}],"wp:term":[{"taxonomy":"product_cat","embeddable":true,"href":"https:\/\/beautyinstitute.ee\/ru\/wp-json\/wp\/v2\/product_cat?post=33186"},{"taxonomy":"product_tag","embeddable":true,"href":"https:\/\/beautyinstitute.ee\/ru\/wp-json\/wp\/v2\/product_tag?post=33186"}],"curies":[{"name":"wp","href":"https:\/\/api.w.org\/{rel}","templated":true}]}}