{"id":33202,"date":"2025-03-31T13:43:25","date_gmt":"2025-03-31T10:43:25","guid":{"rendered":"https:\/\/beautyinstitute.ee\/?post_type=product&#038;p=33202"},"modified":"2026-04-06T14:31:45","modified_gmt":"2026-04-06T11:31:45","slug":"puhastuspiim-kuivale-ja-tundlikule-nahale-200-ml","status":"publish","type":"product","link":"https:\/\/beautyinstitute.ee\/ru\/toode\/puhastuspiim-kuivale-ja-tundlikule-nahale-200-ml\/","title":{"rendered":"Puhastuspiim Kuivale Ja Tundlikule Nahale"},"content":{"rendered":"<p id=\"tw-target-text\" class=\"tw-data-text tw-text-large tw-ta\" dir=\"ltr\" data-placeholder=\"T\u00f5lge\" data-ved=\"2ahUKEwjh_an7-7OMAxVZKxAIHe3EK24Q3ewLegQICBAV\" aria-label=\"T\u00f5lgitud tekst: Puhastuspiim kuivale ja tundlikule nahale, 200 ml&quot; Eriti \u00f5rn puhastus kuivale ja tundlikule nahale? Toitev avokaado ekstrakt ja pehmendav kookos\u00f5li puhastavad eriti \u00f5rnalt ja rahustavalt. Teie nahat\u00fc\u00fcbile vastava puhastuspiimaga valmistamine v\u00f5imaldab kujundada selge, v\u00e4rske jume, mis on ideaalne eeldus j\u00e4rgnevate toodete m\u00f5jule parimate hooldustulemuste saavutamiseks. toitev avokaado ekstrakt ja pehmendav kookos\u00f5li puhastab eriti \u00f5rnalt ja rahustavalt oluline selge ja v\u00e4rske jume kujundamiseks tagab j\u00e4rgnevate toodete optimaalse toime parimate hooldustulemuste saavutamiseks\"><span class=\"Y2IQFc\" lang=\"et\">Eriti \u00f5rn puhastuspiim kuivale ja tundlikule nahale. \u00a0Toitev avokaado ekstrakt ja pehmendav kookos\u00f5li puhastavad naha \u00f5rnalt ja rahustavad. Puhas, v\u00e4rske ja niisutatud nahk.<\/span><\/p>\n<p dir=\"ltr\" data-placeholder=\"T\u00f5lge\" data-ved=\"2ahUKEwjh_an7-7OMAxVZKxAIHe3EK24Q3ewLegQICBAV\" aria-label=\"T\u00f5lgitud tekst: Puhastuspiim kuivale ja tundlikule nahale, 200 ml&quot; Eriti \u00f5rn puhastus kuivale ja tundlikule nahale? Toitev avokaado ekstrakt ja pehmendav kookos\u00f5li puhastavad eriti \u00f5rnalt ja rahustavalt. Teie nahat\u00fc\u00fcbile vastava puhastuspiimaga valmistamine v\u00f5imaldab kujundada selge, v\u00e4rske jume, mis on ideaalne eeldus j\u00e4rgnevate toodete m\u00f5jule parimate hooldustulemuste saavutamiseks. toitev avokaado ekstrakt ja pehmendav kookos\u00f5li puhastab eriti \u00f5rnalt ja rahustavalt oluline selge ja v\u00e4rske jume kujundamiseks tagab j\u00e4rgnevate toodete optimaalse toime parimate hooldustulemuste saavutamiseks\">NB! peale piimaga pesu, kasutada n\u00e4onahatoonikut, et valmistada nahk ette j\u00e4rgnevateks toimeaineteks ja maksimaalseks imendumiseks.<\/p>\n<p class=\"tw-data-text tw-text-large tw-ta\" dir=\"ltr\" data-placeholder=\"T\u00f5lge\" data-ved=\"2ahUKEwjh_an7-7OMAxVZKxAIHe3EK24Q3ewLegQICBAV\" aria-label=\"T\u00f5lgitud tekst: Lotion kuivale ja tundlikule nahale, 200 ml&quot; Kuiva ja tundliku naha ettevalmistamine n\u00e4ohoolduseks? eemaldab \u00fclej\u00e4\u00e4nud puhastuspiima j\u00e4\u00e4gid ilma alkoholita Kummeli-, n\u00f5iapuu- ja kurgiekstraktiga on mahe ja rahustav toime Lisaks puhastamisele toniseerib ja pinguldab nahka oluline selge ja v\u00e4rske jume kujundamiseks tagab j\u00e4rgnevate toodete optimaalse toime parimate hooldustulemuste saavutamiseks\">\n","protected":false},"excerpt":{"rendered":"<p>Eriti \u00f5rn puhastuspiim kuivale ja tundlikule nahale. \u00a0Toitev avokaado ekstrakt ja pehmendav kookos\u00f5li puhastavad naha \u00f5rnalt ja rahustavad. Puhas, v\u00e4rske ja niisutatud nahk. NB! peale piimaga pesu, kasutada n\u00e4onahatoonikut, et valmistada nahk ette j\u00e4rgnevateks toimeaineteks ja maksimaalseks imendumiseks.<\/p>\n","protected":false},"featured_media":33208,"template":"","meta":{"_acf_changed":false},"product_cat":[291,245],"product_tag":[],"class_list":["post-33202","product","type-product","status-publish","has-post-thumbnail","hentry","product_cat-baehr-cosmetic","product_cat-puhastustooted"],"acf":[],"yoast_head":"<!-- This site is optimized with the Yoast SEO plugin v25.4 - https:\/\/yoast.com\/wordpress\/plugins\/seo\/ -->\n<title>Puhastuspiim Kuivale Ja Tundlikule Nahale - Beauty Institute<\/title>\n<meta name=\"robots\" content=\"index, follow, max-snippet:-1, max-image-preview:large, max-video-preview:-1\" \/>\n<link rel=\"canonical\" href=\"https:\/\/beautyinstitute.ee\/toode\/puhastuspiim-kuivale-ja-tundlikule-nahale-200-ml\/\" \/>\n<meta property=\"og:locale\" content=\"ru_RU\" \/>\n<meta property=\"og:type\" content=\"article\" \/>\n<meta property=\"og:title\" content=\"Puhastuspiim Kuivale Ja Tundlikule Nahale - Beauty Institute\" \/>\n<meta property=\"og:description\" content=\"Eriti \u00f5rn puhastuspiim kuivale ja tundlikule nahale. \u00a0Toitev avokaado ekstrakt ja pehmendav kookos\u00f5li puhastavad naha \u00f5rnalt ja rahustavad. Puhas, v\u00e4rske ja niisutatud nahk. NB! peale piimaga pesu, kasutada n\u00e4onahatoonikut, et valmistada nahk ette j\u00e4rgnevateks toimeaineteks ja maksimaalseks imendumiseks.\" \/>\n<meta property=\"og:url\" content=\"https:\/\/beautyinstitute.ee\/toode\/puhastuspiim-kuivale-ja-tundlikule-nahale-200-ml\/\" \/>\n<meta property=\"og:site_name\" content=\"Beauty Institute\" \/>\n<meta property=\"article:modified_time\" content=\"2026-04-06T11:31:45+00:00\" \/>\n<meta property=\"og:image\" content=\"https:\/\/beautyinstitute.ee\/wp-content\/uploads\/2025\/03\/baehr-tundliku-naha-puhastuspiim.png\" \/>\n\t<meta property=\"og:image:width\" content=\"1920\" \/>\n\t<meta property=\"og:image:height\" content=\"1920\" \/>\n\t<meta property=\"og:image:type\" content=\"image\/png\" \/>\n<meta name=\"twitter:card\" content=\"summary_large_image\" \/>\n<meta name=\"twitter:site\" content=\"@Beauty_Eesti\" \/>\n<meta name=\"twitter:label1\" content=\"\u041f\u0440\u0438\u043c\u0435\u0440\u043d\u043e\u0435 \u0432\u0440\u0435\u043c\u044f \u0434\u043b\u044f \u0447\u0442\u0435\u043d\u0438\u044f\" \/>\n\t<meta name=\"twitter:data1\" content=\"1 \u043c\u0438\u043d\u0443\u0442\u0430\" \/>\n<script type=\"application\/ld+json\" class=\"yoast-schema-graph\">{\"@context\":\"https:\/\/schema.org\",\"@graph\":[{\"@type\":\"WebPage\",\"@id\":\"https:\/\/beautyinstitute.ee\/toode\/puhastuspiim-kuivale-ja-tundlikule-nahale-200-ml\/\",\"url\":\"https:\/\/beautyinstitute.ee\/toode\/puhastuspiim-kuivale-ja-tundlikule-nahale-200-ml\/\",\"name\":\"Puhastuspiim Kuivale Ja Tundlikule Nahale - Beauty Institute\",\"isPartOf\":{\"@id\":\"https:\/\/beautyinstitute.ee\/#website\"},\"primaryImageOfPage\":{\"@id\":\"https:\/\/beautyinstitute.ee\/toode\/puhastuspiim-kuivale-ja-tundlikule-nahale-200-ml\/#primaryimage\"},\"image\":{\"@id\":\"https:\/\/beautyinstitute.ee\/toode\/puhastuspiim-kuivale-ja-tundlikule-nahale-200-ml\/#primaryimage\"},\"thumbnailUrl\":\"https:\/\/beautyinstitute.ee\/wp-content\/uploads\/2025\/03\/baehr-tundliku-naha-puhastuspiim.png\",\"datePublished\":\"2025-03-31T10:43:25+00:00\",\"dateModified\":\"2026-04-06T11:31:45+00:00\",\"breadcrumb\":{\"@id\":\"https:\/\/beautyinstitute.ee\/toode\/puhastuspiim-kuivale-ja-tundlikule-nahale-200-ml\/#breadcrumb\"},\"inLanguage\":\"ru-RU\",\"potentialAction\":[{\"@type\":\"ReadAction\",\"target\":[\"https:\/\/beautyinstitute.ee\/toode\/puhastuspiim-kuivale-ja-tundlikule-nahale-200-ml\/\"]}]},{\"@type\":\"ImageObject\",\"inLanguage\":\"ru-RU\",\"@id\":\"https:\/\/beautyinstitute.ee\/toode\/puhastuspiim-kuivale-ja-tundlikule-nahale-200-ml\/#primaryimage\",\"url\":\"https:\/\/beautyinstitute.ee\/wp-content\/uploads\/2025\/03\/baehr-tundliku-naha-puhastuspiim.png\",\"contentUrl\":\"https:\/\/beautyinstitute.ee\/wp-content\/uploads\/2025\/03\/baehr-tundliku-naha-puhastuspiim.png\",\"width\":1920,\"height\":1920},{\"@type\":\"BreadcrumbList\",\"@id\":\"https:\/\/beautyinstitute.ee\/toode\/puhastuspiim-kuivale-ja-tundlikule-nahale-200-ml\/#breadcrumb\",\"itemListElement\":[{\"@type\":\"ListItem\",\"position\":1,\"name\":\"Home\",\"item\":\"https:\/\/beautyinstitute.ee\/ru\/\"},{\"@type\":\"ListItem\",\"position\":2,\"name\":\"E-pood\",\"item\":\"https:\/\/beautyinstitute.ee\/e-pood\/\"},{\"@type\":\"ListItem\",\"position\":3,\"name\":\"Puhastuspiim Kuivale Ja Tundlikule Nahale\"}]},{\"@type\":\"WebSite\",\"@id\":\"https:\/\/beautyinstitute.ee\/#website\",\"url\":\"https:\/\/beautyinstitute.ee\/\",\"name\":\"Beauty Institute\",\"description\":\"CNC Cosmetic ametlik maaletooja ja edasim\u00fc\u00fcja Eestis, Soomes, L\u00e4tis. Aparaadikosmeetika, koolitused, kosmeetikatooted.\",\"potentialAction\":[{\"@type\":\"SearchAction\",\"target\":{\"@type\":\"EntryPoint\",\"urlTemplate\":\"https:\/\/beautyinstitute.ee\/?s={search_term_string}\"},\"query-input\":{\"@type\":\"PropertyValueSpecification\",\"valueRequired\":true,\"valueName\":\"search_term_string\"}}],\"inLanguage\":\"ru-RU\"}]}<\/script>\n<!-- \/ Yoast SEO plugin. -->","yoast_head_json":{"title":"Puhastuspiim Kuivale Ja Tundlikule Nahale - Beauty Institute","robots":{"index":"index","follow":"follow","max-snippet":"max-snippet:-1","max-image-preview":"max-image-preview:large","max-video-preview":"max-video-preview:-1"},"canonical":"https:\/\/beautyinstitute.ee\/toode\/puhastuspiim-kuivale-ja-tundlikule-nahale-200-ml\/","og_locale":"ru_RU","og_type":"article","og_title":"Puhastuspiim Kuivale Ja Tundlikule Nahale - Beauty Institute","og_description":"Eriti \u00f5rn puhastuspiim kuivale ja tundlikule nahale. \u00a0Toitev avokaado ekstrakt ja pehmendav kookos\u00f5li puhastavad naha \u00f5rnalt ja rahustavad. Puhas, v\u00e4rske ja niisutatud nahk. NB! peale piimaga pesu, kasutada n\u00e4onahatoonikut, et valmistada nahk ette j\u00e4rgnevateks toimeaineteks ja maksimaalseks imendumiseks.","og_url":"https:\/\/beautyinstitute.ee\/toode\/puhastuspiim-kuivale-ja-tundlikule-nahale-200-ml\/","og_site_name":"Beauty Institute","article_modified_time":"2026-04-06T11:31:45+00:00","og_image":[{"width":1920,"height":1920,"url":"https:\/\/beautyinstitute.ee\/wp-content\/uploads\/2025\/03\/baehr-tundliku-naha-puhastuspiim.png","type":"image\/png"}],"twitter_card":"summary_large_image","twitter_site":"@Beauty_Eesti","twitter_misc":{"\u041f\u0440\u0438\u043c\u0435\u0440\u043d\u043e\u0435 \u0432\u0440\u0435\u043c\u044f \u0434\u043b\u044f \u0447\u0442\u0435\u043d\u0438\u044f":"1 \u043c\u0438\u043d\u0443\u0442\u0430"},"schema":{"@context":"https:\/\/schema.org","@graph":[{"@type":"WebPage","@id":"https:\/\/beautyinstitute.ee\/toode\/puhastuspiim-kuivale-ja-tundlikule-nahale-200-ml\/","url":"https:\/\/beautyinstitute.ee\/toode\/puhastuspiim-kuivale-ja-tundlikule-nahale-200-ml\/","name":"Puhastuspiim Kuivale Ja Tundlikule Nahale - Beauty Institute","isPartOf":{"@id":"https:\/\/beautyinstitute.ee\/#website"},"primaryImageOfPage":{"@id":"https:\/\/beautyinstitute.ee\/toode\/puhastuspiim-kuivale-ja-tundlikule-nahale-200-ml\/#primaryimage"},"image":{"@id":"https:\/\/beautyinstitute.ee\/toode\/puhastuspiim-kuivale-ja-tundlikule-nahale-200-ml\/#primaryimage"},"thumbnailUrl":"https:\/\/beautyinstitute.ee\/wp-content\/uploads\/2025\/03\/baehr-tundliku-naha-puhastuspiim.png","datePublished":"2025-03-31T10:43:25+00:00","dateModified":"2026-04-06T11:31:45+00:00","breadcrumb":{"@id":"https:\/\/beautyinstitute.ee\/toode\/puhastuspiim-kuivale-ja-tundlikule-nahale-200-ml\/#breadcrumb"},"inLanguage":"ru-RU","potentialAction":[{"@type":"ReadAction","target":["https:\/\/beautyinstitute.ee\/toode\/puhastuspiim-kuivale-ja-tundlikule-nahale-200-ml\/"]}]},{"@type":"ImageObject","inLanguage":"ru-RU","@id":"https:\/\/beautyinstitute.ee\/toode\/puhastuspiim-kuivale-ja-tundlikule-nahale-200-ml\/#primaryimage","url":"https:\/\/beautyinstitute.ee\/wp-content\/uploads\/2025\/03\/baehr-tundliku-naha-puhastuspiim.png","contentUrl":"https:\/\/beautyinstitute.ee\/wp-content\/uploads\/2025\/03\/baehr-tundliku-naha-puhastuspiim.png","width":1920,"height":1920},{"@type":"BreadcrumbList","@id":"https:\/\/beautyinstitute.ee\/toode\/puhastuspiim-kuivale-ja-tundlikule-nahale-200-ml\/#breadcrumb","itemListElement":[{"@type":"ListItem","position":1,"name":"Home","item":"https:\/\/beautyinstitute.ee\/ru\/"},{"@type":"ListItem","position":2,"name":"E-pood","item":"https:\/\/beautyinstitute.ee\/e-pood\/"},{"@type":"ListItem","position":3,"name":"Puhastuspiim Kuivale Ja Tundlikule Nahale"}]},{"@type":"WebSite","@id":"https:\/\/beautyinstitute.ee\/#website","url":"https:\/\/beautyinstitute.ee\/","name":"Beauty Institute","description":"CNC Cosmetic ametlik maaletooja ja edasim\u00fc\u00fcja Eestis, Soomes, L\u00e4tis. Aparaadikosmeetika, koolitused, kosmeetikatooted.","potentialAction":[{"@type":"SearchAction","target":{"@type":"EntryPoint","urlTemplate":"https:\/\/beautyinstitute.ee\/?s={search_term_string}"},"query-input":{"@type":"PropertyValueSpecification","valueRequired":true,"valueName":"search_term_string"}}],"inLanguage":"ru-RU"}]}},"_links":{"self":[{"href":"https:\/\/beautyinstitute.ee\/ru\/wp-json\/wp\/v2\/product\/33202","targetHints":{"allow":["GET"]}}],"collection":[{"href":"https:\/\/beautyinstitute.ee\/ru\/wp-json\/wp\/v2\/product"}],"about":[{"href":"https:\/\/beautyinstitute.ee\/ru\/wp-json\/wp\/v2\/types\/product"}],"wp:featuredmedia":[{"embeddable":true,"href":"https:\/\/beautyinstitute.ee\/ru\/wp-json\/wp\/v2\/media\/33208"}],"wp:attachment":[{"href":"https:\/\/beautyinstitute.ee\/ru\/wp-json\/wp\/v2\/media?parent=33202"}],"wp:term":[{"taxonomy":"product_cat","embeddable":true,"href":"https:\/\/beautyinstitute.ee\/ru\/wp-json\/wp\/v2\/product_cat?post=33202"},{"taxonomy":"product_tag","embeddable":true,"href":"https:\/\/beautyinstitute.ee\/ru\/wp-json\/wp\/v2\/product_tag?post=33202"}],"curies":[{"name":"wp","href":"https:\/\/api.w.org\/{rel}","templated":true}]}}