{"id":33213,"date":"2025-03-31T14:22:49","date_gmt":"2025-03-31T11:22:49","guid":{"rendered":"https:\/\/beautyinstitute.ee\/?post_type=product&#038;p=33213"},"modified":"2026-04-28T13:21:09","modified_gmt":"2026-04-28T10:21:09","slug":"med-hyal-kit-3-x-5ml","status":"publish","type":"product","link":"https:\/\/beautyinstitute.ee\/ru\/toode\/med-hyal-kit-3-x-5ml\/","title":{"rendered":"Medhyal Kit 3 X 5Ml"},"content":{"rendered":"<p id=\"tw-target-text\" class=\"tw-data-text tw-text-large tw-ta\" dir=\"ltr\" data-placeholder=\"T\u00f5lge\" data-ved=\"2ahUKEwjh_an7-7OMAxVZKxAIHe3EK24Q3ewLegQICBAV\" aria-label=\"T\u00f5lgitud tekst: V\u00e4ga t\u00f5hus koduhoolduskolmik Nahk seab hooldusele k\u00f5rged n\u00f5udmised, eriti p\u00e4rast dermatseutiliste seadmete hooldust ja esteetilisi plastilisi protseduure. Selle komplektiga hoolitsetakse teie klientide eest kodus h\u00e4sti ja saavutatakse optimaalsed tulemused.\"><strong><span class=\"Y2IQFc\" lang=\"et\">V\u00e4ga t\u00f5hus koduhoolduskolmik <\/span><\/strong><\/p>\n<p class=\"tw-data-text tw-text-large tw-ta\" dir=\"ltr\" data-placeholder=\"T\u00f5lge\" data-ved=\"2ahUKEwjh_an7-7OMAxVZKxAIHe3EK24Q3ewLegQICBAV\" aria-label=\"T\u00f5lgitud tekst: V\u00e4ga t\u00f5hus koduhoolduskolmik Nahk seab hooldusele k\u00f5rged n\u00f5udmised, eriti p\u00e4rast dermatseutiliste seadmete hooldust ja esteetilisi plastilisi protseduure. Selle komplektiga hoolitsetakse teie klientide eest kodus h\u00e4sti ja saavutatakse optimaalsed tulemused.\"><span class=\"Y2IQFc\" lang=\"et\">Nahk seab hooldusele k\u00f5rged n\u00f5udmised, eriti p\u00e4rast dermatseutiliste seadmete hooldust ja esteetilisi plastilisi protseduure. Selle komplektiga hoolitsetakse teie klientide eest kodus h\u00e4sti ja saavutatakse optimaalsed tulemused.<\/span><\/p>\n<p dir=\"ltr\" data-placeholder=\"T\u00f5lge\" data-ved=\"2ahUKEwjh_an7-7OMAxVZKxAIHe3EK24Q3ewLegQICBAV\" aria-label=\"T\u00f5lgitud tekst: V\u00e4ga t\u00f5hus koduhoolduskolmik Nahk seab hooldusele k\u00f5rged n\u00f5udmised, eriti p\u00e4rast dermatseutiliste seadmete hooldust ja esteetilisi plastilisi protseduure. Selle komplektiga hoolitsetakse teie klientide eest kodus h\u00e4sti ja saavutatakse optimaalsed tulemused.\"><strong>Sisaldab:<\/strong><\/p>\n<p dir=\"ltr\" data-placeholder=\"T\u00f5lge\" data-ved=\"2ahUKEwjh_an7-7OMAxVZKxAIHe3EK24Q3ewLegQICBAV\" aria-label=\"T\u00f5lgitud tekst: V\u00e4ga t\u00f5hus koduhoolduskolmik Nahk seab hooldusele k\u00f5rged n\u00f5udmised, eriti p\u00e4rast dermatseutiliste seadmete hooldust ja esteetilisi plastilisi protseduure. Selle komplektiga hoolitsetakse teie klientide eest kodus h\u00e4sti ja saavutatakse optimaalsed tulemused.\"><span class=\"Y2IQFc\" lang=\"et\"><em><strong>MED HYAL kollageeni manager, 5 ml <\/strong><\/em>:\u00a0<\/span><span class=\"Y2IQFc\" lang=\"et\">Vananemisvastase toimega geelseerum. Aktiveerib kollageeni tootmist. Taastab silmn\u00e4htavalt kontuurid ja kortsud taanduvad. Kanda puhastatud nahale \u00f5htul, imendada ja j\u00e4tkata hooldust <em><strong>MED HYAL kreemiga.<\/strong><\/em><\/span><\/p>\n<p><em><strong>MED HYAL serum, 5 ml : <\/strong><\/em>Intensiivne niisutus &#8211; k<span class=\"Y2IQFc\" lang=\"et\">olm erinevat h\u00fcaluroonhapet tagavad suurema niiskuse s\u00e4ilimise nahas ning parandavad elastsust ja toonust. Kanda puhastatud nahale hommikul, imendada ja j\u00e4tkata hooldust <em><strong>MED HYAL kreemiga.<\/strong><\/em><\/span><\/p>\n<p id=\"tw-target-text\" class=\"tw-data-text tw-text-large tw-ta\" dir=\"ltr\" data-placeholder=\"T\u00f5lge\" data-ved=\"2ahUKEwjh_an7-7OMAxVZKxAIHe3EK24Q3ewLegQICBAV\" aria-label=\"T\u00f5lgitud tekst: MED HYAL kreem, 5 ml Taastav 24-tunnine hooldus. Toetab regeneratsiooni nahka ja tugevdab naha barj\u00e4\u00e4ri, kaitseb v\u00e4listegurite eest M\u00f5jutab, leevendab s\u00fcgelust ja rahustab.\"><span class=\"Y2IQFc\" lang=\"et\"><em><strong>MED HYAL kreem, 5 ml:\u00a0<\/strong><\/em>Taastav 24-tunnine hooldus. Toetab \u00a0naha regeneratsiooni \u00a0ja tugevdab naha barj\u00e4\u00e4ri. \u00a0Kaitseb v\u00e4listegurite eest . Kohene naha rahustus ja leevendab s\u00fcgelust. Kanda puhastatud nahale hommikul ja \u00f5htul.<\/span><\/p>\n<p>&nbsp;<\/p>\n<p>&nbsp;<\/p>\n<p dir=\"ltr\" data-placeholder=\"T\u00f5lge\" data-ved=\"2ahUKEwjh_an7-7OMAxVZKxAIHe3EK24Q3ewLegQICBAV\" aria-label=\"T\u00f5lgitud tekst: V\u00e4ga t\u00f5hus koduhoolduskolmik Nahk seab hooldusele k\u00f5rged n\u00f5udmised, eriti p\u00e4rast dermatseutiliste seadmete hooldust ja esteetilisi plastilisi protseduure. Selle komplektiga hoolitsetakse teie klientide eest kodus h\u00e4sti ja saavutatakse optimaalsed tulemused.\">\n","protected":false},"excerpt":{"rendered":"<p>V\u00e4ga t\u00f5hus koduhoolduskolmik Nahk seab hooldusele k\u00f5rged n\u00f5udmised, eriti p\u00e4rast dermatseutiliste seadmete hooldust ja esteetilisi plastilisi protseduure. Selle komplektiga hoolitsetakse teie klientide eest kodus h\u00e4sti ja saavutatakse optimaalsed tulemused. Sisaldab: MED HYAL kollageeni manager, 5 ml :\u00a0Vananemisvastase toimega geelseerum. Aktiveerib kollageeni tootmist. Taastab silmn\u00e4htavalt kontuurid ja kortsud taanduvad. Kanda puhastatud nahale \u00f5htul, imendada ja j\u00e4tkata [&hellip;]<\/p>\n","protected":false},"featured_media":33215,"template":"","meta":{"_acf_changed":false},"product_cat":[289,278,250,249],"product_tag":[],"class_list":["post-33213","product","type-product","status-publish","has-post-thumbnail","hentry","product_cat-medhyal-profi","product_cat-cnc","product_cat-naokreemid","product_cat-seerumid-2"],"acf":[],"yoast_head":"<!-- This site is optimized with the Yoast SEO plugin v25.4 - https:\/\/yoast.com\/wordpress\/plugins\/seo\/ -->\n<title>Medhyal Kit 3 X 5Ml - Beauty Institute<\/title>\n<meta name=\"robots\" content=\"index, follow, max-snippet:-1, max-image-preview:large, max-video-preview:-1\" \/>\n<link rel=\"canonical\" href=\"https:\/\/beautyinstitute.ee\/toode\/med-hyal-kit-3-x-5ml\/\" \/>\n<meta property=\"og:locale\" content=\"ru_RU\" \/>\n<meta property=\"og:type\" content=\"article\" \/>\n<meta property=\"og:title\" content=\"Medhyal Kit 3 X 5Ml - Beauty Institute\" \/>\n<meta property=\"og:description\" content=\"V\u00e4ga t\u00f5hus koduhoolduskolmik Nahk seab hooldusele k\u00f5rged n\u00f5udmised, eriti p\u00e4rast dermatseutiliste seadmete hooldust ja esteetilisi plastilisi protseduure. Selle komplektiga hoolitsetakse teie klientide eest kodus h\u00e4sti ja saavutatakse optimaalsed tulemused. Sisaldab: MED HYAL kollageeni manager, 5 ml :\u00a0Vananemisvastase toimega geelseerum. Aktiveerib kollageeni tootmist. Taastab silmn\u00e4htavalt kontuurid ja kortsud taanduvad. Kanda puhastatud nahale \u00f5htul, imendada ja j\u00e4tkata [&hellip;]\" \/>\n<meta property=\"og:url\" content=\"https:\/\/beautyinstitute.ee\/toode\/med-hyal-kit-3-x-5ml\/\" \/>\n<meta property=\"og:site_name\" content=\"Beauty Institute\" \/>\n<meta property=\"article:modified_time\" content=\"2026-04-28T10:21:09+00:00\" \/>\n<meta property=\"og:image\" content=\"https:\/\/beautyinstitute.ee\/wp-content\/uploads\/2025\/03\/MedHyal-kit.jpeg\" \/>\n\t<meta property=\"og:image:width\" content=\"1920\" \/>\n\t<meta property=\"og:image:height\" content=\"1920\" \/>\n\t<meta property=\"og:image:type\" content=\"image\/jpeg\" \/>\n<meta name=\"twitter:card\" content=\"summary_large_image\" \/>\n<meta name=\"twitter:site\" content=\"@Beauty_Eesti\" \/>\n<meta name=\"twitter:label1\" content=\"\u041f\u0440\u0438\u043c\u0435\u0440\u043d\u043e\u0435 \u0432\u0440\u0435\u043c\u044f \u0434\u043b\u044f \u0447\u0442\u0435\u043d\u0438\u044f\" \/>\n\t<meta name=\"twitter:data1\" content=\"1 \u043c\u0438\u043d\u0443\u0442\u0430\" \/>\n<script type=\"application\/ld+json\" class=\"yoast-schema-graph\">{\"@context\":\"https:\/\/schema.org\",\"@graph\":[{\"@type\":\"WebPage\",\"@id\":\"https:\/\/beautyinstitute.ee\/toode\/med-hyal-kit-3-x-5ml\/\",\"url\":\"https:\/\/beautyinstitute.ee\/toode\/med-hyal-kit-3-x-5ml\/\",\"name\":\"Medhyal Kit 3 X 5Ml - Beauty Institute\",\"isPartOf\":{\"@id\":\"https:\/\/beautyinstitute.ee\/#website\"},\"primaryImageOfPage\":{\"@id\":\"https:\/\/beautyinstitute.ee\/toode\/med-hyal-kit-3-x-5ml\/#primaryimage\"},\"image\":{\"@id\":\"https:\/\/beautyinstitute.ee\/toode\/med-hyal-kit-3-x-5ml\/#primaryimage\"},\"thumbnailUrl\":\"https:\/\/beautyinstitute.ee\/wp-content\/uploads\/2025\/03\/MedHyal-kit.jpeg\",\"datePublished\":\"2025-03-31T11:22:49+00:00\",\"dateModified\":\"2026-04-28T10:21:09+00:00\",\"breadcrumb\":{\"@id\":\"https:\/\/beautyinstitute.ee\/toode\/med-hyal-kit-3-x-5ml\/#breadcrumb\"},\"inLanguage\":\"ru-RU\",\"potentialAction\":[{\"@type\":\"ReadAction\",\"target\":[\"https:\/\/beautyinstitute.ee\/toode\/med-hyal-kit-3-x-5ml\/\"]}]},{\"@type\":\"ImageObject\",\"inLanguage\":\"ru-RU\",\"@id\":\"https:\/\/beautyinstitute.ee\/toode\/med-hyal-kit-3-x-5ml\/#primaryimage\",\"url\":\"https:\/\/beautyinstitute.ee\/wp-content\/uploads\/2025\/03\/MedHyal-kit.jpeg\",\"contentUrl\":\"https:\/\/beautyinstitute.ee\/wp-content\/uploads\/2025\/03\/MedHyal-kit.jpeg\",\"width\":1920,\"height\":1920},{\"@type\":\"BreadcrumbList\",\"@id\":\"https:\/\/beautyinstitute.ee\/toode\/med-hyal-kit-3-x-5ml\/#breadcrumb\",\"itemListElement\":[{\"@type\":\"ListItem\",\"position\":1,\"name\":\"Home\",\"item\":\"https:\/\/beautyinstitute.ee\/ru\/\"},{\"@type\":\"ListItem\",\"position\":2,\"name\":\"E-pood\",\"item\":\"https:\/\/beautyinstitute.ee\/e-pood\/\"},{\"@type\":\"ListItem\",\"position\":3,\"name\":\"Medhyal Kit 3 X 5Ml\"}]},{\"@type\":\"WebSite\",\"@id\":\"https:\/\/beautyinstitute.ee\/#website\",\"url\":\"https:\/\/beautyinstitute.ee\/\",\"name\":\"Beauty Institute\",\"description\":\"CNC Cosmetic ametlik maaletooja ja edasim\u00fc\u00fcja Eestis, Soomes, L\u00e4tis. Aparaadikosmeetika, koolitused, kosmeetikatooted.\",\"potentialAction\":[{\"@type\":\"SearchAction\",\"target\":{\"@type\":\"EntryPoint\",\"urlTemplate\":\"https:\/\/beautyinstitute.ee\/?s={search_term_string}\"},\"query-input\":{\"@type\":\"PropertyValueSpecification\",\"valueRequired\":true,\"valueName\":\"search_term_string\"}}],\"inLanguage\":\"ru-RU\"}]}<\/script>\n<!-- \/ Yoast SEO plugin. -->","yoast_head_json":{"title":"Medhyal Kit 3 X 5Ml - Beauty Institute","robots":{"index":"index","follow":"follow","max-snippet":"max-snippet:-1","max-image-preview":"max-image-preview:large","max-video-preview":"max-video-preview:-1"},"canonical":"https:\/\/beautyinstitute.ee\/toode\/med-hyal-kit-3-x-5ml\/","og_locale":"ru_RU","og_type":"article","og_title":"Medhyal Kit 3 X 5Ml - Beauty Institute","og_description":"V\u00e4ga t\u00f5hus koduhoolduskolmik Nahk seab hooldusele k\u00f5rged n\u00f5udmised, eriti p\u00e4rast dermatseutiliste seadmete hooldust ja esteetilisi plastilisi protseduure. Selle komplektiga hoolitsetakse teie klientide eest kodus h\u00e4sti ja saavutatakse optimaalsed tulemused. Sisaldab: MED HYAL kollageeni manager, 5 ml :\u00a0Vananemisvastase toimega geelseerum. Aktiveerib kollageeni tootmist. Taastab silmn\u00e4htavalt kontuurid ja kortsud taanduvad. Kanda puhastatud nahale \u00f5htul, imendada ja j\u00e4tkata [&hellip;]","og_url":"https:\/\/beautyinstitute.ee\/toode\/med-hyal-kit-3-x-5ml\/","og_site_name":"Beauty Institute","article_modified_time":"2026-04-28T10:21:09+00:00","og_image":[{"width":1920,"height":1920,"url":"https:\/\/beautyinstitute.ee\/wp-content\/uploads\/2025\/03\/MedHyal-kit.jpeg","type":"image\/jpeg"}],"twitter_card":"summary_large_image","twitter_site":"@Beauty_Eesti","twitter_misc":{"\u041f\u0440\u0438\u043c\u0435\u0440\u043d\u043e\u0435 \u0432\u0440\u0435\u043c\u044f \u0434\u043b\u044f \u0447\u0442\u0435\u043d\u0438\u044f":"1 \u043c\u0438\u043d\u0443\u0442\u0430"},"schema":{"@context":"https:\/\/schema.org","@graph":[{"@type":"WebPage","@id":"https:\/\/beautyinstitute.ee\/toode\/med-hyal-kit-3-x-5ml\/","url":"https:\/\/beautyinstitute.ee\/toode\/med-hyal-kit-3-x-5ml\/","name":"Medhyal Kit 3 X 5Ml - Beauty Institute","isPartOf":{"@id":"https:\/\/beautyinstitute.ee\/#website"},"primaryImageOfPage":{"@id":"https:\/\/beautyinstitute.ee\/toode\/med-hyal-kit-3-x-5ml\/#primaryimage"},"image":{"@id":"https:\/\/beautyinstitute.ee\/toode\/med-hyal-kit-3-x-5ml\/#primaryimage"},"thumbnailUrl":"https:\/\/beautyinstitute.ee\/wp-content\/uploads\/2025\/03\/MedHyal-kit.jpeg","datePublished":"2025-03-31T11:22:49+00:00","dateModified":"2026-04-28T10:21:09+00:00","breadcrumb":{"@id":"https:\/\/beautyinstitute.ee\/toode\/med-hyal-kit-3-x-5ml\/#breadcrumb"},"inLanguage":"ru-RU","potentialAction":[{"@type":"ReadAction","target":["https:\/\/beautyinstitute.ee\/toode\/med-hyal-kit-3-x-5ml\/"]}]},{"@type":"ImageObject","inLanguage":"ru-RU","@id":"https:\/\/beautyinstitute.ee\/toode\/med-hyal-kit-3-x-5ml\/#primaryimage","url":"https:\/\/beautyinstitute.ee\/wp-content\/uploads\/2025\/03\/MedHyal-kit.jpeg","contentUrl":"https:\/\/beautyinstitute.ee\/wp-content\/uploads\/2025\/03\/MedHyal-kit.jpeg","width":1920,"height":1920},{"@type":"BreadcrumbList","@id":"https:\/\/beautyinstitute.ee\/toode\/med-hyal-kit-3-x-5ml\/#breadcrumb","itemListElement":[{"@type":"ListItem","position":1,"name":"Home","item":"https:\/\/beautyinstitute.ee\/ru\/"},{"@type":"ListItem","position":2,"name":"E-pood","item":"https:\/\/beautyinstitute.ee\/e-pood\/"},{"@type":"ListItem","position":3,"name":"Medhyal Kit 3 X 5Ml"}]},{"@type":"WebSite","@id":"https:\/\/beautyinstitute.ee\/#website","url":"https:\/\/beautyinstitute.ee\/","name":"Beauty Institute","description":"CNC Cosmetic ametlik maaletooja ja edasim\u00fc\u00fcja Eestis, Soomes, L\u00e4tis. Aparaadikosmeetika, koolitused, kosmeetikatooted.","potentialAction":[{"@type":"SearchAction","target":{"@type":"EntryPoint","urlTemplate":"https:\/\/beautyinstitute.ee\/?s={search_term_string}"},"query-input":{"@type":"PropertyValueSpecification","valueRequired":true,"valueName":"search_term_string"}}],"inLanguage":"ru-RU"}]}},"_links":{"self":[{"href":"https:\/\/beautyinstitute.ee\/ru\/wp-json\/wp\/v2\/product\/33213","targetHints":{"allow":["GET"]}}],"collection":[{"href":"https:\/\/beautyinstitute.ee\/ru\/wp-json\/wp\/v2\/product"}],"about":[{"href":"https:\/\/beautyinstitute.ee\/ru\/wp-json\/wp\/v2\/types\/product"}],"wp:featuredmedia":[{"embeddable":true,"href":"https:\/\/beautyinstitute.ee\/ru\/wp-json\/wp\/v2\/media\/33215"}],"wp:attachment":[{"href":"https:\/\/beautyinstitute.ee\/ru\/wp-json\/wp\/v2\/media?parent=33213"}],"wp:term":[{"taxonomy":"product_cat","embeddable":true,"href":"https:\/\/beautyinstitute.ee\/ru\/wp-json\/wp\/v2\/product_cat?post=33213"},{"taxonomy":"product_tag","embeddable":true,"href":"https:\/\/beautyinstitute.ee\/ru\/wp-json\/wp\/v2\/product_tag?post=33213"}],"curies":[{"name":"wp","href":"https:\/\/api.w.org\/{rel}","templated":true}]}}