{"id":3333,"date":"2019-01-27T20:50:16","date_gmt":"2019-01-27T18:50:16","guid":{"rendered":"https:\/\/beautyinstitute.ee\/?post_type=product&#038;p=3333"},"modified":"2026-04-19T16:15:39","modified_gmt":"2026-04-19T13:15:39","slug":"power-lift-cream","status":"publish","type":"product","link":"https:\/\/beautyinstitute.ee\/ru\/toode\/power-lift-cream\/","title":{"rendered":"Power Lift Creme 30Ml"},"content":{"rendered":"<p><strong>Kerge p\u00e4evakreem liftingu fektiga.<\/strong><\/p>\n<p>Sisaldab revolutsioonilist toimeainet biomimeedicumi. Muudab meie naha elastseks, siledaks, s\u00e4ravaks ja pinguldab kortse silmn\u00e4htavalt. Ideaalne sile nahk juba 2h p\u00e4rast kreemi kasutamist. Efekt kestab kuni 8h. Kreem\u00a0 tagab n\u00e4o intensiivse hoolitsuse, kaitse ja klaari jume. Sobib v\u00e4sinud, k\u00fcpsele, taastamist vajavale nahale.<\/p>\n<p><strong>Eelised:<\/strong><\/p>\n<ul>\n<li>juba 2 tundi p\u00e4rast pealekandmist on nahk m\u00e4rgatavalt pringim ja siledam<\/li>\n<li>toime p\u00fcsib kuni 8 tundi<\/li>\n<li>intensiivne hooldus ja kaitse<\/li>\n<\/ul>\n<p><strong>Sobilik:<\/strong> v\u00e4sinud, k\u00fcps ja kortsus nahk, mis vajab taastumist.<\/p>\n<p><strong>Toimeained:<\/strong> biomimeedikum peptiidid, taime\u00f5lid, mandli\u00f5li, skvalaan, vitamiin-E, cupuacu v\u00f5i, allantoiin, punavetikaekstrakt.<\/p>\n","protected":false},"excerpt":{"rendered":"<p>Kerge p\u00e4evakreem liftingu fektiga. Sisaldab revolutsioonilist toimeainet biomimeedicumi. Muudab meie naha elastseks, siledaks, s\u00e4ravaks ja pinguldab kortse silmn\u00e4htavalt. Ideaalne sile nahk juba 2h p\u00e4rast kreemi kasutamist. Efekt kestab kuni 8h. Kreem\u00a0 tagab n\u00e4o intensiivse hoolitsuse, kaitse ja klaari jume. Sobib v\u00e4sinud, k\u00fcpsele, taastamist vajavale nahale. Eelised: juba 2 tundi p\u00e4rast pealekandmist on nahk m\u00e4rgatavalt pringim [&hellip;]<\/p>\n","protected":false},"featured_media":11531,"template":"","meta":{"_acf_changed":false},"product_cat":[250,144,114],"product_tag":[],"class_list":["post-3333","product","type-product","status-publish","has-post-thumbnail","hentry","product_cat-naokreemid","product_cat-eritooted","product_cat-tootesarjad"],"acf":[],"yoast_head":"<!-- This site is optimized with the Yoast SEO plugin v25.4 - https:\/\/yoast.com\/wordpress\/plugins\/seo\/ -->\n<title>Power Lift Creme 30Ml - Beauty Institute<\/title>\n<meta name=\"robots\" content=\"index, follow, max-snippet:-1, max-image-preview:large, max-video-preview:-1\" \/>\n<link rel=\"canonical\" href=\"https:\/\/beautyinstitute.ee\/toode\/power-lift-cream\/\" \/>\n<meta property=\"og:locale\" content=\"ru_RU\" \/>\n<meta property=\"og:type\" content=\"article\" \/>\n<meta property=\"og:title\" content=\"Power Lift Creme 30Ml - Beauty Institute\" \/>\n<meta property=\"og:description\" content=\"Kerge p\u00e4evakreem liftingu fektiga. Sisaldab revolutsioonilist toimeainet biomimeedicumi. Muudab meie naha elastseks, siledaks, s\u00e4ravaks ja pinguldab kortse silmn\u00e4htavalt. Ideaalne sile nahk juba 2h p\u00e4rast kreemi kasutamist. Efekt kestab kuni 8h. Kreem\u00a0 tagab n\u00e4o intensiivse hoolitsuse, kaitse ja klaari jume. Sobib v\u00e4sinud, k\u00fcpsele, taastamist vajavale nahale. Eelised: juba 2 tundi p\u00e4rast pealekandmist on nahk m\u00e4rgatavalt pringim [&hellip;]\" \/>\n<meta property=\"og:url\" content=\"https:\/\/beautyinstitute.ee\/toode\/power-lift-cream\/\" \/>\n<meta property=\"og:site_name\" content=\"Beauty Institute\" \/>\n<meta property=\"article:modified_time\" content=\"2026-04-19T13:15:39+00:00\" \/>\n<meta property=\"og:image\" content=\"https:\/\/beautyinstitute.ee\/wp-content\/uploads\/2019\/01\/power-lift-cream.png\" \/>\n\t<meta property=\"og:image:width\" content=\"1500\" \/>\n\t<meta property=\"og:image:height\" content=\"1422\" \/>\n\t<meta property=\"og:image:type\" content=\"image\/png\" \/>\n<meta name=\"twitter:card\" content=\"summary_large_image\" \/>\n<meta name=\"twitter:site\" content=\"@Beauty_Eesti\" \/>\n<meta name=\"twitter:label1\" content=\"\u041f\u0440\u0438\u043c\u0435\u0440\u043d\u043e\u0435 \u0432\u0440\u0435\u043c\u044f \u0434\u043b\u044f \u0447\u0442\u0435\u043d\u0438\u044f\" \/>\n\t<meta name=\"twitter:data1\" content=\"1 \u043c\u0438\u043d\u0443\u0442\u0430\" \/>\n<script type=\"application\/ld+json\" class=\"yoast-schema-graph\">{\"@context\":\"https:\/\/schema.org\",\"@graph\":[{\"@type\":\"WebPage\",\"@id\":\"https:\/\/beautyinstitute.ee\/toode\/power-lift-cream\/\",\"url\":\"https:\/\/beautyinstitute.ee\/toode\/power-lift-cream\/\",\"name\":\"Power Lift Creme 30Ml - Beauty Institute\",\"isPartOf\":{\"@id\":\"https:\/\/beautyinstitute.ee\/#website\"},\"primaryImageOfPage\":{\"@id\":\"https:\/\/beautyinstitute.ee\/toode\/power-lift-cream\/#primaryimage\"},\"image\":{\"@id\":\"https:\/\/beautyinstitute.ee\/toode\/power-lift-cream\/#primaryimage\"},\"thumbnailUrl\":\"https:\/\/beautyinstitute.ee\/wp-content\/uploads\/2019\/01\/power-lift-cream.png\",\"datePublished\":\"2019-01-27T18:50:16+00:00\",\"dateModified\":\"2026-04-19T13:15:39+00:00\",\"breadcrumb\":{\"@id\":\"https:\/\/beautyinstitute.ee\/toode\/power-lift-cream\/#breadcrumb\"},\"inLanguage\":\"ru-RU\",\"potentialAction\":[{\"@type\":\"ReadAction\",\"target\":[\"https:\/\/beautyinstitute.ee\/toode\/power-lift-cream\/\"]}]},{\"@type\":\"ImageObject\",\"inLanguage\":\"ru-RU\",\"@id\":\"https:\/\/beautyinstitute.ee\/toode\/power-lift-cream\/#primaryimage\",\"url\":\"https:\/\/beautyinstitute.ee\/wp-content\/uploads\/2019\/01\/power-lift-cream.png\",\"contentUrl\":\"https:\/\/beautyinstitute.ee\/wp-content\/uploads\/2019\/01\/power-lift-cream.png\",\"width\":1500,\"height\":1422},{\"@type\":\"BreadcrumbList\",\"@id\":\"https:\/\/beautyinstitute.ee\/toode\/power-lift-cream\/#breadcrumb\",\"itemListElement\":[{\"@type\":\"ListItem\",\"position\":1,\"name\":\"Home\",\"item\":\"https:\/\/beautyinstitute.ee\/ru\/\"},{\"@type\":\"ListItem\",\"position\":2,\"name\":\"E-pood\",\"item\":\"https:\/\/beautyinstitute.ee\/e-pood\/\"},{\"@type\":\"ListItem\",\"position\":3,\"name\":\"Power Lift Creme 30Ml\"}]},{\"@type\":\"WebSite\",\"@id\":\"https:\/\/beautyinstitute.ee\/#website\",\"url\":\"https:\/\/beautyinstitute.ee\/\",\"name\":\"Beauty Institute\",\"description\":\"CNC Cosmetic ametlik maaletooja ja edasim\u00fc\u00fcja Eestis, Soomes, L\u00e4tis. Aparaadikosmeetika, koolitused, kosmeetikatooted.\",\"potentialAction\":[{\"@type\":\"SearchAction\",\"target\":{\"@type\":\"EntryPoint\",\"urlTemplate\":\"https:\/\/beautyinstitute.ee\/?s={search_term_string}\"},\"query-input\":{\"@type\":\"PropertyValueSpecification\",\"valueRequired\":true,\"valueName\":\"search_term_string\"}}],\"inLanguage\":\"ru-RU\"}]}<\/script>\n<!-- \/ Yoast SEO plugin. -->","yoast_head_json":{"title":"Power Lift Creme 30Ml - Beauty Institute","robots":{"index":"index","follow":"follow","max-snippet":"max-snippet:-1","max-image-preview":"max-image-preview:large","max-video-preview":"max-video-preview:-1"},"canonical":"https:\/\/beautyinstitute.ee\/toode\/power-lift-cream\/","og_locale":"ru_RU","og_type":"article","og_title":"Power Lift Creme 30Ml - Beauty Institute","og_description":"Kerge p\u00e4evakreem liftingu fektiga. Sisaldab revolutsioonilist toimeainet biomimeedicumi. Muudab meie naha elastseks, siledaks, s\u00e4ravaks ja pinguldab kortse silmn\u00e4htavalt. Ideaalne sile nahk juba 2h p\u00e4rast kreemi kasutamist. Efekt kestab kuni 8h. Kreem\u00a0 tagab n\u00e4o intensiivse hoolitsuse, kaitse ja klaari jume. Sobib v\u00e4sinud, k\u00fcpsele, taastamist vajavale nahale. Eelised: juba 2 tundi p\u00e4rast pealekandmist on nahk m\u00e4rgatavalt pringim [&hellip;]","og_url":"https:\/\/beautyinstitute.ee\/toode\/power-lift-cream\/","og_site_name":"Beauty Institute","article_modified_time":"2026-04-19T13:15:39+00:00","og_image":[{"width":1500,"height":1422,"url":"https:\/\/beautyinstitute.ee\/wp-content\/uploads\/2019\/01\/power-lift-cream.png","type":"image\/png"}],"twitter_card":"summary_large_image","twitter_site":"@Beauty_Eesti","twitter_misc":{"\u041f\u0440\u0438\u043c\u0435\u0440\u043d\u043e\u0435 \u0432\u0440\u0435\u043c\u044f \u0434\u043b\u044f \u0447\u0442\u0435\u043d\u0438\u044f":"1 \u043c\u0438\u043d\u0443\u0442\u0430"},"schema":{"@context":"https:\/\/schema.org","@graph":[{"@type":"WebPage","@id":"https:\/\/beautyinstitute.ee\/toode\/power-lift-cream\/","url":"https:\/\/beautyinstitute.ee\/toode\/power-lift-cream\/","name":"Power Lift Creme 30Ml - Beauty Institute","isPartOf":{"@id":"https:\/\/beautyinstitute.ee\/#website"},"primaryImageOfPage":{"@id":"https:\/\/beautyinstitute.ee\/toode\/power-lift-cream\/#primaryimage"},"image":{"@id":"https:\/\/beautyinstitute.ee\/toode\/power-lift-cream\/#primaryimage"},"thumbnailUrl":"https:\/\/beautyinstitute.ee\/wp-content\/uploads\/2019\/01\/power-lift-cream.png","datePublished":"2019-01-27T18:50:16+00:00","dateModified":"2026-04-19T13:15:39+00:00","breadcrumb":{"@id":"https:\/\/beautyinstitute.ee\/toode\/power-lift-cream\/#breadcrumb"},"inLanguage":"ru-RU","potentialAction":[{"@type":"ReadAction","target":["https:\/\/beautyinstitute.ee\/toode\/power-lift-cream\/"]}]},{"@type":"ImageObject","inLanguage":"ru-RU","@id":"https:\/\/beautyinstitute.ee\/toode\/power-lift-cream\/#primaryimage","url":"https:\/\/beautyinstitute.ee\/wp-content\/uploads\/2019\/01\/power-lift-cream.png","contentUrl":"https:\/\/beautyinstitute.ee\/wp-content\/uploads\/2019\/01\/power-lift-cream.png","width":1500,"height":1422},{"@type":"BreadcrumbList","@id":"https:\/\/beautyinstitute.ee\/toode\/power-lift-cream\/#breadcrumb","itemListElement":[{"@type":"ListItem","position":1,"name":"Home","item":"https:\/\/beautyinstitute.ee\/ru\/"},{"@type":"ListItem","position":2,"name":"E-pood","item":"https:\/\/beautyinstitute.ee\/e-pood\/"},{"@type":"ListItem","position":3,"name":"Power Lift Creme 30Ml"}]},{"@type":"WebSite","@id":"https:\/\/beautyinstitute.ee\/#website","url":"https:\/\/beautyinstitute.ee\/","name":"Beauty Institute","description":"CNC Cosmetic ametlik maaletooja ja edasim\u00fc\u00fcja Eestis, Soomes, L\u00e4tis. Aparaadikosmeetika, koolitused, kosmeetikatooted.","potentialAction":[{"@type":"SearchAction","target":{"@type":"EntryPoint","urlTemplate":"https:\/\/beautyinstitute.ee\/?s={search_term_string}"},"query-input":{"@type":"PropertyValueSpecification","valueRequired":true,"valueName":"search_term_string"}}],"inLanguage":"ru-RU"}]}},"_links":{"self":[{"href":"https:\/\/beautyinstitute.ee\/ru\/wp-json\/wp\/v2\/product\/3333","targetHints":{"allow":["GET"]}}],"collection":[{"href":"https:\/\/beautyinstitute.ee\/ru\/wp-json\/wp\/v2\/product"}],"about":[{"href":"https:\/\/beautyinstitute.ee\/ru\/wp-json\/wp\/v2\/types\/product"}],"wp:featuredmedia":[{"embeddable":true,"href":"https:\/\/beautyinstitute.ee\/ru\/wp-json\/wp\/v2\/media\/11531"}],"wp:attachment":[{"href":"https:\/\/beautyinstitute.ee\/ru\/wp-json\/wp\/v2\/media?parent=3333"}],"wp:term":[{"taxonomy":"product_cat","embeddable":true,"href":"https:\/\/beautyinstitute.ee\/ru\/wp-json\/wp\/v2\/product_cat?post=3333"},{"taxonomy":"product_tag","embeddable":true,"href":"https:\/\/beautyinstitute.ee\/ru\/wp-json\/wp\/v2\/product_tag?post=3333"}],"curies":[{"name":"wp","href":"https:\/\/api.w.org\/{rel}","templated":true}]}}