{"id":3336,"date":"2019-01-27T20:53:34","date_gmt":"2019-01-27T18:53:34","guid":{"rendered":"https:\/\/beautyinstitute.ee\/?post_type=product&#038;p=3336"},"modified":"2026-04-25T10:33:19","modified_gmt":"2026-04-25T07:33:19","slug":"bust-up","status":"publish","type":"product","link":"https:\/\/beautyinstitute.ee\/ru\/toode\/bust-up\/","title":{"rendered":"Bust Up"},"content":{"rendered":"<p><strong>Kaunis dekoltee lihtsate v\u00f5tetega!\u00a0<\/strong><\/p>\n<p>T\u00e4nu f\u00fctohormoonidele, mida saadakse Aafrika Kigelia taimest, muutub unistus pingul ja atraktiivsest\u00a0 dekolteest \u00fcha reaalsemaks.\u00a0 Kigelia\u00a0 stimuleerib mikrotsirkulatsiooni ja taastab m\u00e4rgatavalt kollageeni- ja elastiinikiud. Vitamiin-E on tuntud\u00a0 kui antioks\u00fcdant, mis kaitseb nahka kahjulike m\u00f5jude eest (UV-kiirgus, stress), aitab s\u00e4ilitada naha niiskuse tasakaalu ja kaitseb nahka enneaegse vananemise eest. Aloe vera ja pantenool niisutavad nahka intensiivselt ja muudavad selle pehmeks ja siledaks. Humalaekstrakt tugevdab naha tekstuuri, muudab naha\u00a0 pinguldatuks ja siledaks.<\/p>\n<p><strong>Eelised:<\/strong><\/p>\n<ul>\n<li>parandab naha elastsust<\/li>\n<li>kaitseb UV-kiirguse eest<\/li>\n<li>tugevdab nahakudet<\/li>\n<\/ul>\n<p><strong>Sobilik:<\/strong> k\u00f5ikidele nahat\u00fc\u00fcpidele<\/p>\n<p><strong>Toimeained:<\/strong> Kigelia Africana, aloe vera, panthenol, E-vitamiin, humal.<\/p>\n<p>Kui geeli kasutada j\u00e4rjepidevalt hommikul ja \u00f5htul (dekoltee ja b\u00fcst), saavutate pinguldatud, sileda ja\u00a0 toonuses dekoltee.<\/p>\n<p><b>MILLISE NAISE UNISTUS EI OLEKS PINGUL <\/b><b>JA ATRAKTIIVNE DEKOLTEE!<\/b><\/p>\n","protected":false},"excerpt":{"rendered":"<p>Kaunis dekoltee lihtsate v\u00f5tetega!\u00a0 T\u00e4nu f\u00fctohormoonidele, mida saadakse Aafrika Kigelia taimest, muutub unistus pingul ja atraktiivsest\u00a0 dekolteest \u00fcha reaalsemaks.\u00a0 Kigelia\u00a0 stimuleerib mikrotsirkulatsiooni ja taastab m\u00e4rgatavalt kollageeni- ja elastiinikiud. Vitamiin-E on tuntud\u00a0 kui antioks\u00fcdant, mis kaitseb nahka kahjulike m\u00f5jude eest (UV-kiirgus, stress), aitab s\u00e4ilitada naha niiskuse tasakaalu ja kaitseb nahka enneaegse vananemise eest. Aloe vera ja [&hellip;]<\/p>\n","protected":false},"featured_media":11528,"template":"","meta":{"_acf_changed":false},"product_cat":[144,114],"product_tag":[],"class_list":["post-3336","product","type-product","status-publish","has-post-thumbnail","hentry","product_cat-eritooted","product_cat-tootesarjad"],"acf":[],"yoast_head":"<!-- This site is optimized with the Yoast SEO plugin v25.4 - https:\/\/yoast.com\/wordpress\/plugins\/seo\/ -->\n<title>Bust Up - Beauty Institute<\/title>\n<meta name=\"robots\" content=\"index, follow, max-snippet:-1, max-image-preview:large, max-video-preview:-1\" \/>\n<link rel=\"canonical\" href=\"https:\/\/beautyinstitute.ee\/toode\/bust-up\/\" \/>\n<meta property=\"og:locale\" content=\"ru_RU\" \/>\n<meta property=\"og:type\" content=\"article\" \/>\n<meta property=\"og:title\" content=\"Bust Up - Beauty Institute\" \/>\n<meta property=\"og:description\" content=\"Kaunis dekoltee lihtsate v\u00f5tetega!\u00a0 T\u00e4nu f\u00fctohormoonidele, mida saadakse Aafrika Kigelia taimest, muutub unistus pingul ja atraktiivsest\u00a0 dekolteest \u00fcha reaalsemaks.\u00a0 Kigelia\u00a0 stimuleerib mikrotsirkulatsiooni ja taastab m\u00e4rgatavalt kollageeni- ja elastiinikiud. Vitamiin-E on tuntud\u00a0 kui antioks\u00fcdant, mis kaitseb nahka kahjulike m\u00f5jude eest (UV-kiirgus, stress), aitab s\u00e4ilitada naha niiskuse tasakaalu ja kaitseb nahka enneaegse vananemise eest. Aloe vera ja [&hellip;]\" \/>\n<meta property=\"og:url\" content=\"https:\/\/beautyinstitute.ee\/toode\/bust-up\/\" \/>\n<meta property=\"og:site_name\" content=\"Beauty Institute\" \/>\n<meta property=\"article:modified_time\" content=\"2026-04-25T07:33:19+00:00\" \/>\n<meta property=\"og:image\" content=\"https:\/\/beautyinstitute.ee\/wp-content\/uploads\/2019\/01\/bust-up.png\" \/>\n\t<meta property=\"og:image:width\" content=\"1500\" \/>\n\t<meta property=\"og:image:height\" content=\"1422\" \/>\n\t<meta property=\"og:image:type\" content=\"image\/png\" \/>\n<meta name=\"twitter:card\" content=\"summary_large_image\" \/>\n<meta name=\"twitter:site\" content=\"@Beauty_Eesti\" \/>\n<meta name=\"twitter:label1\" content=\"\u041f\u0440\u0438\u043c\u0435\u0440\u043d\u043e\u0435 \u0432\u0440\u0435\u043c\u044f \u0434\u043b\u044f \u0447\u0442\u0435\u043d\u0438\u044f\" \/>\n\t<meta name=\"twitter:data1\" content=\"1 \u043c\u0438\u043d\u0443\u0442\u0430\" \/>\n<script type=\"application\/ld+json\" class=\"yoast-schema-graph\">{\"@context\":\"https:\/\/schema.org\",\"@graph\":[{\"@type\":\"WebPage\",\"@id\":\"https:\/\/beautyinstitute.ee\/toode\/bust-up\/\",\"url\":\"https:\/\/beautyinstitute.ee\/toode\/bust-up\/\",\"name\":\"Bust Up - Beauty Institute\",\"isPartOf\":{\"@id\":\"https:\/\/beautyinstitute.ee\/#website\"},\"primaryImageOfPage\":{\"@id\":\"https:\/\/beautyinstitute.ee\/toode\/bust-up\/#primaryimage\"},\"image\":{\"@id\":\"https:\/\/beautyinstitute.ee\/toode\/bust-up\/#primaryimage\"},\"thumbnailUrl\":\"https:\/\/beautyinstitute.ee\/wp-content\/uploads\/2019\/01\/bust-up.png\",\"datePublished\":\"2019-01-27T18:53:34+00:00\",\"dateModified\":\"2026-04-25T07:33:19+00:00\",\"breadcrumb\":{\"@id\":\"https:\/\/beautyinstitute.ee\/toode\/bust-up\/#breadcrumb\"},\"inLanguage\":\"ru-RU\",\"potentialAction\":[{\"@type\":\"ReadAction\",\"target\":[\"https:\/\/beautyinstitute.ee\/toode\/bust-up\/\"]}]},{\"@type\":\"ImageObject\",\"inLanguage\":\"ru-RU\",\"@id\":\"https:\/\/beautyinstitute.ee\/toode\/bust-up\/#primaryimage\",\"url\":\"https:\/\/beautyinstitute.ee\/wp-content\/uploads\/2019\/01\/bust-up.png\",\"contentUrl\":\"https:\/\/beautyinstitute.ee\/wp-content\/uploads\/2019\/01\/bust-up.png\",\"width\":1500,\"height\":1422},{\"@type\":\"BreadcrumbList\",\"@id\":\"https:\/\/beautyinstitute.ee\/toode\/bust-up\/#breadcrumb\",\"itemListElement\":[{\"@type\":\"ListItem\",\"position\":1,\"name\":\"Home\",\"item\":\"https:\/\/beautyinstitute.ee\/ru\/\"},{\"@type\":\"ListItem\",\"position\":2,\"name\":\"E-pood\",\"item\":\"https:\/\/beautyinstitute.ee\/e-pood\/\"},{\"@type\":\"ListItem\",\"position\":3,\"name\":\"Bust Up\"}]},{\"@type\":\"WebSite\",\"@id\":\"https:\/\/beautyinstitute.ee\/#website\",\"url\":\"https:\/\/beautyinstitute.ee\/\",\"name\":\"Beauty Institute\",\"description\":\"CNC Cosmetic ametlik maaletooja ja edasim\u00fc\u00fcja Eestis, Soomes, L\u00e4tis. Aparaadikosmeetika, koolitused, kosmeetikatooted.\",\"potentialAction\":[{\"@type\":\"SearchAction\",\"target\":{\"@type\":\"EntryPoint\",\"urlTemplate\":\"https:\/\/beautyinstitute.ee\/?s={search_term_string}\"},\"query-input\":{\"@type\":\"PropertyValueSpecification\",\"valueRequired\":true,\"valueName\":\"search_term_string\"}}],\"inLanguage\":\"ru-RU\"}]}<\/script>\n<!-- \/ Yoast SEO plugin. -->","yoast_head_json":{"title":"Bust Up - Beauty Institute","robots":{"index":"index","follow":"follow","max-snippet":"max-snippet:-1","max-image-preview":"max-image-preview:large","max-video-preview":"max-video-preview:-1"},"canonical":"https:\/\/beautyinstitute.ee\/toode\/bust-up\/","og_locale":"ru_RU","og_type":"article","og_title":"Bust Up - Beauty Institute","og_description":"Kaunis dekoltee lihtsate v\u00f5tetega!\u00a0 T\u00e4nu f\u00fctohormoonidele, mida saadakse Aafrika Kigelia taimest, muutub unistus pingul ja atraktiivsest\u00a0 dekolteest \u00fcha reaalsemaks.\u00a0 Kigelia\u00a0 stimuleerib mikrotsirkulatsiooni ja taastab m\u00e4rgatavalt kollageeni- ja elastiinikiud. Vitamiin-E on tuntud\u00a0 kui antioks\u00fcdant, mis kaitseb nahka kahjulike m\u00f5jude eest (UV-kiirgus, stress), aitab s\u00e4ilitada naha niiskuse tasakaalu ja kaitseb nahka enneaegse vananemise eest. Aloe vera ja [&hellip;]","og_url":"https:\/\/beautyinstitute.ee\/toode\/bust-up\/","og_site_name":"Beauty Institute","article_modified_time":"2026-04-25T07:33:19+00:00","og_image":[{"width":1500,"height":1422,"url":"https:\/\/beautyinstitute.ee\/wp-content\/uploads\/2019\/01\/bust-up.png","type":"image\/png"}],"twitter_card":"summary_large_image","twitter_site":"@Beauty_Eesti","twitter_misc":{"\u041f\u0440\u0438\u043c\u0435\u0440\u043d\u043e\u0435 \u0432\u0440\u0435\u043c\u044f \u0434\u043b\u044f \u0447\u0442\u0435\u043d\u0438\u044f":"1 \u043c\u0438\u043d\u0443\u0442\u0430"},"schema":{"@context":"https:\/\/schema.org","@graph":[{"@type":"WebPage","@id":"https:\/\/beautyinstitute.ee\/toode\/bust-up\/","url":"https:\/\/beautyinstitute.ee\/toode\/bust-up\/","name":"Bust Up - Beauty Institute","isPartOf":{"@id":"https:\/\/beautyinstitute.ee\/#website"},"primaryImageOfPage":{"@id":"https:\/\/beautyinstitute.ee\/toode\/bust-up\/#primaryimage"},"image":{"@id":"https:\/\/beautyinstitute.ee\/toode\/bust-up\/#primaryimage"},"thumbnailUrl":"https:\/\/beautyinstitute.ee\/wp-content\/uploads\/2019\/01\/bust-up.png","datePublished":"2019-01-27T18:53:34+00:00","dateModified":"2026-04-25T07:33:19+00:00","breadcrumb":{"@id":"https:\/\/beautyinstitute.ee\/toode\/bust-up\/#breadcrumb"},"inLanguage":"ru-RU","potentialAction":[{"@type":"ReadAction","target":["https:\/\/beautyinstitute.ee\/toode\/bust-up\/"]}]},{"@type":"ImageObject","inLanguage":"ru-RU","@id":"https:\/\/beautyinstitute.ee\/toode\/bust-up\/#primaryimage","url":"https:\/\/beautyinstitute.ee\/wp-content\/uploads\/2019\/01\/bust-up.png","contentUrl":"https:\/\/beautyinstitute.ee\/wp-content\/uploads\/2019\/01\/bust-up.png","width":1500,"height":1422},{"@type":"BreadcrumbList","@id":"https:\/\/beautyinstitute.ee\/toode\/bust-up\/#breadcrumb","itemListElement":[{"@type":"ListItem","position":1,"name":"Home","item":"https:\/\/beautyinstitute.ee\/ru\/"},{"@type":"ListItem","position":2,"name":"E-pood","item":"https:\/\/beautyinstitute.ee\/e-pood\/"},{"@type":"ListItem","position":3,"name":"Bust Up"}]},{"@type":"WebSite","@id":"https:\/\/beautyinstitute.ee\/#website","url":"https:\/\/beautyinstitute.ee\/","name":"Beauty Institute","description":"CNC Cosmetic ametlik maaletooja ja edasim\u00fc\u00fcja Eestis, Soomes, L\u00e4tis. Aparaadikosmeetika, koolitused, kosmeetikatooted.","potentialAction":[{"@type":"SearchAction","target":{"@type":"EntryPoint","urlTemplate":"https:\/\/beautyinstitute.ee\/?s={search_term_string}"},"query-input":{"@type":"PropertyValueSpecification","valueRequired":true,"valueName":"search_term_string"}}],"inLanguage":"ru-RU"}]}},"_links":{"self":[{"href":"https:\/\/beautyinstitute.ee\/ru\/wp-json\/wp\/v2\/product\/3336","targetHints":{"allow":["GET"]}}],"collection":[{"href":"https:\/\/beautyinstitute.ee\/ru\/wp-json\/wp\/v2\/product"}],"about":[{"href":"https:\/\/beautyinstitute.ee\/ru\/wp-json\/wp\/v2\/types\/product"}],"wp:featuredmedia":[{"embeddable":true,"href":"https:\/\/beautyinstitute.ee\/ru\/wp-json\/wp\/v2\/media\/11528"}],"wp:attachment":[{"href":"https:\/\/beautyinstitute.ee\/ru\/wp-json\/wp\/v2\/media?parent=3336"}],"wp:term":[{"taxonomy":"product_cat","embeddable":true,"href":"https:\/\/beautyinstitute.ee\/ru\/wp-json\/wp\/v2\/product_cat?post=3336"},{"taxonomy":"product_tag","embeddable":true,"href":"https:\/\/beautyinstitute.ee\/ru\/wp-json\/wp\/v2\/product_tag?post=3336"}],"curies":[{"name":"wp","href":"https:\/\/api.w.org\/{rel}","templated":true}]}}