{"id":3349,"date":"2019-01-27T21:10:00","date_gmt":"2019-01-27T19:10:00","guid":{"rendered":"https:\/\/beautyinstitute.ee\/?post_type=product&#038;p=3349"},"modified":"2026-04-28T10:02:33","modified_gmt":"2026-04-28T07:02:33","slug":"medium-keskmine","status":"publish","type":"product","link":"https:\/\/beautyinstitute.ee\/ru\/toode\/medium-keskmine\/","title":{"rendered":"Skadrees Jumestusvaht Medium\/Keskmine"},"content":{"rendered":"<p>Skadrees jumestusvaht on kreemja, \u00f5hulise tekstuuriga ja j\u00e4tab naha sametiselt pehmeks.\u00a0 Jumestusvaht tagab veatu ja mati jume kogu p\u00e4evaks.<\/p>\n<p><strong>Eelised:<\/strong><\/p>\n<ul>\n<li>T\u00e4iuslik matt jume kogu p\u00e4evaks<\/li>\n<li>Kerge, kreemjas tekstuur<\/li>\n<li>Veatu, sametine nahk t\u00e4nu \u00fcmmargustele r\u00e4nip\u00e4rlitele<\/li>\n<li>Nahas\u00f5bralik<\/li>\n<li>Kerge peale kanda<\/li>\n<li>Ilma meigita tunne<\/li>\n<\/ul>\n<p><strong>Sobilik:<\/strong>\u00a0k\u00f5ikidele nahat\u00fc\u00fcpidele<\/p>\n<p><b>\u00a0Perfektne jumestus oma parimal kujul!<\/b><\/p>\n<p>Toimeaine: r\u00e4nip\u00e4rlid<\/p>\n","protected":false},"excerpt":{"rendered":"<p>Skadrees jumestusvaht on kreemja, \u00f5hulise tekstuuriga ja j\u00e4tab naha sametiselt pehmeks.\u00a0 Jumestusvaht tagab veatu ja mati jume kogu p\u00e4evaks. Eelised: T\u00e4iuslik matt jume kogu p\u00e4evaks Kerge, kreemjas tekstuur Veatu, sametine nahk t\u00e4nu \u00fcmmargustele r\u00e4nip\u00e4rlitele Nahas\u00f5bralik Kerge peale kanda Ilma meigita tunne Sobilik:\u00a0k\u00f5ikidele nahat\u00fc\u00fcpidele \u00a0Perfektne jumestus oma parimal kujul! Toimeaine: r\u00e4nip\u00e4rlid<\/p>\n","protected":false},"featured_media":25449,"template":"","meta":{"_acf_changed":false},"product_cat":[253,144],"product_tag":[],"class_list":["post-3349","product","type-product","status-publish","has-post-thumbnail","hentry","product_cat-jumestustooted","product_cat-eritooted"],"acf":[],"yoast_head":"<!-- This site is optimized with the Yoast SEO plugin v25.4 - https:\/\/yoast.com\/wordpress\/plugins\/seo\/ -->\n<title>Skadrees Jumestusvaht Medium\/Keskmine - Beauty Institute<\/title>\n<meta name=\"robots\" content=\"index, follow, max-snippet:-1, max-image-preview:large, max-video-preview:-1\" \/>\n<link rel=\"canonical\" href=\"https:\/\/beautyinstitute.ee\/toode\/medium-keskmine\/\" \/>\n<meta property=\"og:locale\" content=\"ru_RU\" \/>\n<meta property=\"og:type\" content=\"article\" \/>\n<meta property=\"og:title\" content=\"Skadrees Jumestusvaht Medium\/Keskmine - Beauty Institute\" \/>\n<meta property=\"og:description\" content=\"Skadrees jumestusvaht on kreemja, \u00f5hulise tekstuuriga ja j\u00e4tab naha sametiselt pehmeks.\u00a0 Jumestusvaht tagab veatu ja mati jume kogu p\u00e4evaks. Eelised: T\u00e4iuslik matt jume kogu p\u00e4evaks Kerge, kreemjas tekstuur Veatu, sametine nahk t\u00e4nu \u00fcmmargustele r\u00e4nip\u00e4rlitele Nahas\u00f5bralik Kerge peale kanda Ilma meigita tunne Sobilik:\u00a0k\u00f5ikidele nahat\u00fc\u00fcpidele \u00a0Perfektne jumestus oma parimal kujul! Toimeaine: r\u00e4nip\u00e4rlid\" \/>\n<meta property=\"og:url\" content=\"https:\/\/beautyinstitute.ee\/toode\/medium-keskmine\/\" \/>\n<meta property=\"og:site_name\" content=\"Beauty Institute\" \/>\n<meta property=\"article:modified_time\" content=\"2026-04-28T07:02:33+00:00\" \/>\n<meta property=\"og:image\" content=\"https:\/\/beautyinstitute.ee\/wp-content\/uploads\/2019\/01\/Skadrees-jumestusvaht-Medium-keskmine.jpg\" \/>\n\t<meta property=\"og:image:width\" content=\"763\" \/>\n\t<meta property=\"og:image:height\" content=\"768\" \/>\n\t<meta property=\"og:image:type\" content=\"image\/jpeg\" \/>\n<meta name=\"twitter:card\" content=\"summary_large_image\" \/>\n<meta name=\"twitter:site\" content=\"@Beauty_Eesti\" \/>\n<meta name=\"twitter:label1\" content=\"\u041f\u0440\u0438\u043c\u0435\u0440\u043d\u043e\u0435 \u0432\u0440\u0435\u043c\u044f \u0434\u043b\u044f \u0447\u0442\u0435\u043d\u0438\u044f\" \/>\n\t<meta name=\"twitter:data1\" content=\"1 \u043c\u0438\u043d\u0443\u0442\u0430\" \/>\n<script type=\"application\/ld+json\" class=\"yoast-schema-graph\">{\"@context\":\"https:\/\/schema.org\",\"@graph\":[{\"@type\":\"WebPage\",\"@id\":\"https:\/\/beautyinstitute.ee\/toode\/medium-keskmine\/\",\"url\":\"https:\/\/beautyinstitute.ee\/toode\/medium-keskmine\/\",\"name\":\"Skadrees Jumestusvaht Medium\/Keskmine - Beauty Institute\",\"isPartOf\":{\"@id\":\"https:\/\/beautyinstitute.ee\/#website\"},\"primaryImageOfPage\":{\"@id\":\"https:\/\/beautyinstitute.ee\/toode\/medium-keskmine\/#primaryimage\"},\"image\":{\"@id\":\"https:\/\/beautyinstitute.ee\/toode\/medium-keskmine\/#primaryimage\"},\"thumbnailUrl\":\"https:\/\/beautyinstitute.ee\/wp-content\/uploads\/2019\/01\/Skadrees-jumestusvaht-Medium-keskmine.jpg\",\"datePublished\":\"2019-01-27T19:10:00+00:00\",\"dateModified\":\"2026-04-28T07:02:33+00:00\",\"breadcrumb\":{\"@id\":\"https:\/\/beautyinstitute.ee\/toode\/medium-keskmine\/#breadcrumb\"},\"inLanguage\":\"ru-RU\",\"potentialAction\":[{\"@type\":\"ReadAction\",\"target\":[\"https:\/\/beautyinstitute.ee\/toode\/medium-keskmine\/\"]}]},{\"@type\":\"ImageObject\",\"inLanguage\":\"ru-RU\",\"@id\":\"https:\/\/beautyinstitute.ee\/toode\/medium-keskmine\/#primaryimage\",\"url\":\"https:\/\/beautyinstitute.ee\/wp-content\/uploads\/2019\/01\/Skadrees-jumestusvaht-Medium-keskmine.jpg\",\"contentUrl\":\"https:\/\/beautyinstitute.ee\/wp-content\/uploads\/2019\/01\/Skadrees-jumestusvaht-Medium-keskmine.jpg\",\"width\":763,\"height\":768},{\"@type\":\"BreadcrumbList\",\"@id\":\"https:\/\/beautyinstitute.ee\/toode\/medium-keskmine\/#breadcrumb\",\"itemListElement\":[{\"@type\":\"ListItem\",\"position\":1,\"name\":\"Home\",\"item\":\"https:\/\/beautyinstitute.ee\/ru\/\"},{\"@type\":\"ListItem\",\"position\":2,\"name\":\"E-pood\",\"item\":\"https:\/\/beautyinstitute.ee\/e-pood\/\"},{\"@type\":\"ListItem\",\"position\":3,\"name\":\"Skadrees Jumestusvaht Medium\/Keskmine\"}]},{\"@type\":\"WebSite\",\"@id\":\"https:\/\/beautyinstitute.ee\/#website\",\"url\":\"https:\/\/beautyinstitute.ee\/\",\"name\":\"Beauty Institute\",\"description\":\"CNC Cosmetic ametlik maaletooja ja edasim\u00fc\u00fcja Eestis, Soomes, L\u00e4tis. Aparaadikosmeetika, koolitused, kosmeetikatooted.\",\"potentialAction\":[{\"@type\":\"SearchAction\",\"target\":{\"@type\":\"EntryPoint\",\"urlTemplate\":\"https:\/\/beautyinstitute.ee\/?s={search_term_string}\"},\"query-input\":{\"@type\":\"PropertyValueSpecification\",\"valueRequired\":true,\"valueName\":\"search_term_string\"}}],\"inLanguage\":\"ru-RU\"}]}<\/script>\n<!-- \/ Yoast SEO plugin. -->","yoast_head_json":{"title":"Skadrees Jumestusvaht Medium\/Keskmine - Beauty Institute","robots":{"index":"index","follow":"follow","max-snippet":"max-snippet:-1","max-image-preview":"max-image-preview:large","max-video-preview":"max-video-preview:-1"},"canonical":"https:\/\/beautyinstitute.ee\/toode\/medium-keskmine\/","og_locale":"ru_RU","og_type":"article","og_title":"Skadrees Jumestusvaht Medium\/Keskmine - Beauty Institute","og_description":"Skadrees jumestusvaht on kreemja, \u00f5hulise tekstuuriga ja j\u00e4tab naha sametiselt pehmeks.\u00a0 Jumestusvaht tagab veatu ja mati jume kogu p\u00e4evaks. Eelised: T\u00e4iuslik matt jume kogu p\u00e4evaks Kerge, kreemjas tekstuur Veatu, sametine nahk t\u00e4nu \u00fcmmargustele r\u00e4nip\u00e4rlitele Nahas\u00f5bralik Kerge peale kanda Ilma meigita tunne Sobilik:\u00a0k\u00f5ikidele nahat\u00fc\u00fcpidele \u00a0Perfektne jumestus oma parimal kujul! Toimeaine: r\u00e4nip\u00e4rlid","og_url":"https:\/\/beautyinstitute.ee\/toode\/medium-keskmine\/","og_site_name":"Beauty Institute","article_modified_time":"2026-04-28T07:02:33+00:00","og_image":[{"width":763,"height":768,"url":"https:\/\/beautyinstitute.ee\/wp-content\/uploads\/2019\/01\/Skadrees-jumestusvaht-Medium-keskmine.jpg","type":"image\/jpeg"}],"twitter_card":"summary_large_image","twitter_site":"@Beauty_Eesti","twitter_misc":{"\u041f\u0440\u0438\u043c\u0435\u0440\u043d\u043e\u0435 \u0432\u0440\u0435\u043c\u044f \u0434\u043b\u044f \u0447\u0442\u0435\u043d\u0438\u044f":"1 \u043c\u0438\u043d\u0443\u0442\u0430"},"schema":{"@context":"https:\/\/schema.org","@graph":[{"@type":"WebPage","@id":"https:\/\/beautyinstitute.ee\/toode\/medium-keskmine\/","url":"https:\/\/beautyinstitute.ee\/toode\/medium-keskmine\/","name":"Skadrees Jumestusvaht Medium\/Keskmine - Beauty Institute","isPartOf":{"@id":"https:\/\/beautyinstitute.ee\/#website"},"primaryImageOfPage":{"@id":"https:\/\/beautyinstitute.ee\/toode\/medium-keskmine\/#primaryimage"},"image":{"@id":"https:\/\/beautyinstitute.ee\/toode\/medium-keskmine\/#primaryimage"},"thumbnailUrl":"https:\/\/beautyinstitute.ee\/wp-content\/uploads\/2019\/01\/Skadrees-jumestusvaht-Medium-keskmine.jpg","datePublished":"2019-01-27T19:10:00+00:00","dateModified":"2026-04-28T07:02:33+00:00","breadcrumb":{"@id":"https:\/\/beautyinstitute.ee\/toode\/medium-keskmine\/#breadcrumb"},"inLanguage":"ru-RU","potentialAction":[{"@type":"ReadAction","target":["https:\/\/beautyinstitute.ee\/toode\/medium-keskmine\/"]}]},{"@type":"ImageObject","inLanguage":"ru-RU","@id":"https:\/\/beautyinstitute.ee\/toode\/medium-keskmine\/#primaryimage","url":"https:\/\/beautyinstitute.ee\/wp-content\/uploads\/2019\/01\/Skadrees-jumestusvaht-Medium-keskmine.jpg","contentUrl":"https:\/\/beautyinstitute.ee\/wp-content\/uploads\/2019\/01\/Skadrees-jumestusvaht-Medium-keskmine.jpg","width":763,"height":768},{"@type":"BreadcrumbList","@id":"https:\/\/beautyinstitute.ee\/toode\/medium-keskmine\/#breadcrumb","itemListElement":[{"@type":"ListItem","position":1,"name":"Home","item":"https:\/\/beautyinstitute.ee\/ru\/"},{"@type":"ListItem","position":2,"name":"E-pood","item":"https:\/\/beautyinstitute.ee\/e-pood\/"},{"@type":"ListItem","position":3,"name":"Skadrees Jumestusvaht Medium\/Keskmine"}]},{"@type":"WebSite","@id":"https:\/\/beautyinstitute.ee\/#website","url":"https:\/\/beautyinstitute.ee\/","name":"Beauty Institute","description":"CNC Cosmetic ametlik maaletooja ja edasim\u00fc\u00fcja Eestis, Soomes, L\u00e4tis. Aparaadikosmeetika, koolitused, kosmeetikatooted.","potentialAction":[{"@type":"SearchAction","target":{"@type":"EntryPoint","urlTemplate":"https:\/\/beautyinstitute.ee\/?s={search_term_string}"},"query-input":{"@type":"PropertyValueSpecification","valueRequired":true,"valueName":"search_term_string"}}],"inLanguage":"ru-RU"}]}},"_links":{"self":[{"href":"https:\/\/beautyinstitute.ee\/ru\/wp-json\/wp\/v2\/product\/3349","targetHints":{"allow":["GET"]}}],"collection":[{"href":"https:\/\/beautyinstitute.ee\/ru\/wp-json\/wp\/v2\/product"}],"about":[{"href":"https:\/\/beautyinstitute.ee\/ru\/wp-json\/wp\/v2\/types\/product"}],"wp:featuredmedia":[{"embeddable":true,"href":"https:\/\/beautyinstitute.ee\/ru\/wp-json\/wp\/v2\/media\/25449"}],"wp:attachment":[{"href":"https:\/\/beautyinstitute.ee\/ru\/wp-json\/wp\/v2\/media?parent=3349"}],"wp:term":[{"taxonomy":"product_cat","embeddable":true,"href":"https:\/\/beautyinstitute.ee\/ru\/wp-json\/wp\/v2\/product_cat?post=3349"},{"taxonomy":"product_tag","embeddable":true,"href":"https:\/\/beautyinstitute.ee\/ru\/wp-json\/wp\/v2\/product_tag?post=3349"}],"curies":[{"name":"wp","href":"https:\/\/api.w.org\/{rel}","templated":true}]}}