{"id":3355,"date":"2019-01-27T21:18:11","date_gmt":"2019-01-27T19:18:11","guid":{"rendered":"https:\/\/beautyinstitute.ee\/?post_type=product&#038;p=3355"},"modified":"2026-04-27T14:50:55","modified_gmt":"2026-04-27T11:50:55","slug":"bb-cream-medium","status":"publish","type":"product","link":"https:\/\/beautyinstitute.ee\/ru\/toode\/bb-cream-medium\/","title":{"rendered":"Bb Cream Medium"},"content":{"rendered":"<p>Innovatiivne p\u00e4evakreem koos p\u00e4ikesekaitse, matistava toime, niisutuse ja jumestusega. BB Cream Blemish Balm Beauty \u00fchendab nahahoolduse parimad omadused ja jumestuskreemile omased optimaalsed katvad, l\u00e4bipaistmatud ja helendavad tunnused. Tekstuurilt pehme ja kergesti imenduv ning nahaga \u00fchilduv kreem annab t\u00e4iuslikult mati, veatu ja jumeka tulemuse. Kreemi niisutavad ja toitvad komponendid annavad nahale meeldiva tunde.<\/p>\n<p>Kreem sisaldab looduslikke \u00f5lisid nagu jojoba\u00f5li, nisuidu\u00f5li ja maisi\u00f5li, mis kaitsevad nahka kuivuse eest. Sheav\u00f5i ja mesilasvaha tagavad sileda ja pehme naha. Panthenol ja allantoiin rahustavad \u00e4rritunud nahka. Lagritsa ekstrakt ja alfa-bisabolol rahustavad ja on p\u00f5letikuvastase toimega. Salits\u00fc\u00fclhape v\u00e4hendab \u00f5rnalt kuid efektiivselt surnud naharakke. V\u00e4\u00e4rtuslikud h\u00fcaluroonhappe molekulid v\u00f5itlevad nahakuivuse vastu, varustades nahka piisava niiskusega. Tulemuseks on siledam h\u00e4sti funktsioneeriv nahk.<\/p>\n<p>Kaks erinevat tooni v\u00f5imaldavad kohanduda iga nahatooniga. Sobib kasutada p\u00e4eval v\u00f5i 24-tunni kreemina, s\u00f5ltuvalt naha tekstuurist. CNC BB Cream Blemish Balm Beauty on \u00fcks samm ajast ees, sest omab juba k\u00f5rgeid CC kreemile esitatavaid n\u00f5udeid.<\/p>\n<p><strong>Eelised:<\/strong><\/p>\n<ul>\n<li>v\u00f5ib loobuda p\u00e4eva- v\u00f5i \u00f6\u00f6p\u00e4evaringsest kreemist<\/li>\n<li>kohaneb naha tooniga<\/li>\n<li>matistab nahka<\/li>\n<\/ul>\n<p><strong>Sobilik:<\/strong> k\u00f5ikidele nahat\u00fc\u00fcpidele ja vanusele.<\/p>\n<p><strong>Toimeained:<\/strong>\u00a0jojoba\u00f5li, nisuidu ja maisiidu\u00f5li, sheav\u00f5i, mesilasvaha, pantenool, allantoiin, lagritsaekstrakt, alfa-bisabolool, salits\u00fc\u00fclhape, h\u00fcaluroonhape.<\/p>\n","protected":false},"excerpt":{"rendered":"<p>Innovatiivne p\u00e4evakreem koos p\u00e4ikesekaitse, matistava toime, niisutuse ja jumestusega. BB Cream Blemish Balm Beauty \u00fchendab nahahoolduse parimad omadused ja jumestuskreemile omased optimaalsed katvad, l\u00e4bipaistmatud ja helendavad tunnused. Tekstuurilt pehme ja kergesti imenduv ning nahaga \u00fchilduv kreem annab t\u00e4iuslikult mati, veatu ja jumeka tulemuse. Kreemi niisutavad ja toitvad komponendid annavad nahale meeldiva tunde. Kreem sisaldab looduslikke [&hellip;]<\/p>\n","protected":false},"featured_media":11792,"template":"","meta":{"_acf_changed":false},"product_cat":[253,144],"product_tag":[],"class_list":["post-3355","product","type-product","status-publish","has-post-thumbnail","hentry","product_cat-jumestustooted","product_cat-eritooted"],"acf":[],"yoast_head":"<!-- This site is optimized with the Yoast SEO plugin v25.4 - https:\/\/yoast.com\/wordpress\/plugins\/seo\/ -->\n<title>Bb Cream Medium - Beauty Institute<\/title>\n<meta name=\"robots\" content=\"index, follow, max-snippet:-1, max-image-preview:large, max-video-preview:-1\" \/>\n<link rel=\"canonical\" href=\"https:\/\/beautyinstitute.ee\/toode\/bb-cream-medium\/\" \/>\n<meta property=\"og:locale\" content=\"ru_RU\" \/>\n<meta property=\"og:type\" content=\"article\" \/>\n<meta property=\"og:title\" content=\"Bb Cream Medium - Beauty Institute\" \/>\n<meta property=\"og:description\" content=\"Innovatiivne p\u00e4evakreem koos p\u00e4ikesekaitse, matistava toime, niisutuse ja jumestusega. BB Cream Blemish Balm Beauty \u00fchendab nahahoolduse parimad omadused ja jumestuskreemile omased optimaalsed katvad, l\u00e4bipaistmatud ja helendavad tunnused. Tekstuurilt pehme ja kergesti imenduv ning nahaga \u00fchilduv kreem annab t\u00e4iuslikult mati, veatu ja jumeka tulemuse. Kreemi niisutavad ja toitvad komponendid annavad nahale meeldiva tunde. Kreem sisaldab looduslikke [&hellip;]\" \/>\n<meta property=\"og:url\" content=\"https:\/\/beautyinstitute.ee\/toode\/bb-cream-medium\/\" \/>\n<meta property=\"og:site_name\" content=\"Beauty Institute\" \/>\n<meta property=\"article:modified_time\" content=\"2026-04-27T11:50:55+00:00\" \/>\n<meta property=\"og:image\" content=\"https:\/\/beautyinstitute.ee\/wp-content\/uploads\/2019\/01\/bb-cream-medium.jpg\" \/>\n\t<meta property=\"og:image:width\" content=\"750\" \/>\n\t<meta property=\"og:image:height\" content=\"711\" \/>\n\t<meta property=\"og:image:type\" content=\"image\/jpeg\" \/>\n<meta name=\"twitter:card\" content=\"summary_large_image\" \/>\n<meta name=\"twitter:site\" content=\"@Beauty_Eesti\" \/>\n<meta name=\"twitter:label1\" content=\"\u041f\u0440\u0438\u043c\u0435\u0440\u043d\u043e\u0435 \u0432\u0440\u0435\u043c\u044f \u0434\u043b\u044f \u0447\u0442\u0435\u043d\u0438\u044f\" \/>\n\t<meta name=\"twitter:data1\" content=\"1 \u043c\u0438\u043d\u0443\u0442\u0430\" \/>\n<script type=\"application\/ld+json\" class=\"yoast-schema-graph\">{\"@context\":\"https:\/\/schema.org\",\"@graph\":[{\"@type\":\"WebPage\",\"@id\":\"https:\/\/beautyinstitute.ee\/toode\/bb-cream-medium\/\",\"url\":\"https:\/\/beautyinstitute.ee\/toode\/bb-cream-medium\/\",\"name\":\"Bb Cream Medium - Beauty Institute\",\"isPartOf\":{\"@id\":\"https:\/\/beautyinstitute.ee\/#website\"},\"primaryImageOfPage\":{\"@id\":\"https:\/\/beautyinstitute.ee\/toode\/bb-cream-medium\/#primaryimage\"},\"image\":{\"@id\":\"https:\/\/beautyinstitute.ee\/toode\/bb-cream-medium\/#primaryimage\"},\"thumbnailUrl\":\"https:\/\/beautyinstitute.ee\/wp-content\/uploads\/2019\/01\/bb-cream-medium.jpg\",\"datePublished\":\"2019-01-27T19:18:11+00:00\",\"dateModified\":\"2026-04-27T11:50:55+00:00\",\"breadcrumb\":{\"@id\":\"https:\/\/beautyinstitute.ee\/toode\/bb-cream-medium\/#breadcrumb\"},\"inLanguage\":\"ru-RU\",\"potentialAction\":[{\"@type\":\"ReadAction\",\"target\":[\"https:\/\/beautyinstitute.ee\/toode\/bb-cream-medium\/\"]}]},{\"@type\":\"ImageObject\",\"inLanguage\":\"ru-RU\",\"@id\":\"https:\/\/beautyinstitute.ee\/toode\/bb-cream-medium\/#primaryimage\",\"url\":\"https:\/\/beautyinstitute.ee\/wp-content\/uploads\/2019\/01\/bb-cream-medium.jpg\",\"contentUrl\":\"https:\/\/beautyinstitute.ee\/wp-content\/uploads\/2019\/01\/bb-cream-medium.jpg\",\"width\":750,\"height\":711},{\"@type\":\"BreadcrumbList\",\"@id\":\"https:\/\/beautyinstitute.ee\/toode\/bb-cream-medium\/#breadcrumb\",\"itemListElement\":[{\"@type\":\"ListItem\",\"position\":1,\"name\":\"Home\",\"item\":\"https:\/\/beautyinstitute.ee\/ru\/\"},{\"@type\":\"ListItem\",\"position\":2,\"name\":\"E-pood\",\"item\":\"https:\/\/beautyinstitute.ee\/e-pood\/\"},{\"@type\":\"ListItem\",\"position\":3,\"name\":\"Bb Cream Medium\"}]},{\"@type\":\"WebSite\",\"@id\":\"https:\/\/beautyinstitute.ee\/#website\",\"url\":\"https:\/\/beautyinstitute.ee\/\",\"name\":\"Beauty Institute\",\"description\":\"CNC Cosmetic ametlik maaletooja ja edasim\u00fc\u00fcja Eestis, Soomes, L\u00e4tis. Aparaadikosmeetika, koolitused, kosmeetikatooted.\",\"potentialAction\":[{\"@type\":\"SearchAction\",\"target\":{\"@type\":\"EntryPoint\",\"urlTemplate\":\"https:\/\/beautyinstitute.ee\/?s={search_term_string}\"},\"query-input\":{\"@type\":\"PropertyValueSpecification\",\"valueRequired\":true,\"valueName\":\"search_term_string\"}}],\"inLanguage\":\"ru-RU\"}]}<\/script>\n<!-- \/ Yoast SEO plugin. -->","yoast_head_json":{"title":"Bb Cream Medium - Beauty Institute","robots":{"index":"index","follow":"follow","max-snippet":"max-snippet:-1","max-image-preview":"max-image-preview:large","max-video-preview":"max-video-preview:-1"},"canonical":"https:\/\/beautyinstitute.ee\/toode\/bb-cream-medium\/","og_locale":"ru_RU","og_type":"article","og_title":"Bb Cream Medium - Beauty Institute","og_description":"Innovatiivne p\u00e4evakreem koos p\u00e4ikesekaitse, matistava toime, niisutuse ja jumestusega. BB Cream Blemish Balm Beauty \u00fchendab nahahoolduse parimad omadused ja jumestuskreemile omased optimaalsed katvad, l\u00e4bipaistmatud ja helendavad tunnused. Tekstuurilt pehme ja kergesti imenduv ning nahaga \u00fchilduv kreem annab t\u00e4iuslikult mati, veatu ja jumeka tulemuse. Kreemi niisutavad ja toitvad komponendid annavad nahale meeldiva tunde. Kreem sisaldab looduslikke [&hellip;]","og_url":"https:\/\/beautyinstitute.ee\/toode\/bb-cream-medium\/","og_site_name":"Beauty Institute","article_modified_time":"2026-04-27T11:50:55+00:00","og_image":[{"width":750,"height":711,"url":"https:\/\/beautyinstitute.ee\/wp-content\/uploads\/2019\/01\/bb-cream-medium.jpg","type":"image\/jpeg"}],"twitter_card":"summary_large_image","twitter_site":"@Beauty_Eesti","twitter_misc":{"\u041f\u0440\u0438\u043c\u0435\u0440\u043d\u043e\u0435 \u0432\u0440\u0435\u043c\u044f \u0434\u043b\u044f \u0447\u0442\u0435\u043d\u0438\u044f":"1 \u043c\u0438\u043d\u0443\u0442\u0430"},"schema":{"@context":"https:\/\/schema.org","@graph":[{"@type":"WebPage","@id":"https:\/\/beautyinstitute.ee\/toode\/bb-cream-medium\/","url":"https:\/\/beautyinstitute.ee\/toode\/bb-cream-medium\/","name":"Bb Cream Medium - Beauty Institute","isPartOf":{"@id":"https:\/\/beautyinstitute.ee\/#website"},"primaryImageOfPage":{"@id":"https:\/\/beautyinstitute.ee\/toode\/bb-cream-medium\/#primaryimage"},"image":{"@id":"https:\/\/beautyinstitute.ee\/toode\/bb-cream-medium\/#primaryimage"},"thumbnailUrl":"https:\/\/beautyinstitute.ee\/wp-content\/uploads\/2019\/01\/bb-cream-medium.jpg","datePublished":"2019-01-27T19:18:11+00:00","dateModified":"2026-04-27T11:50:55+00:00","breadcrumb":{"@id":"https:\/\/beautyinstitute.ee\/toode\/bb-cream-medium\/#breadcrumb"},"inLanguage":"ru-RU","potentialAction":[{"@type":"ReadAction","target":["https:\/\/beautyinstitute.ee\/toode\/bb-cream-medium\/"]}]},{"@type":"ImageObject","inLanguage":"ru-RU","@id":"https:\/\/beautyinstitute.ee\/toode\/bb-cream-medium\/#primaryimage","url":"https:\/\/beautyinstitute.ee\/wp-content\/uploads\/2019\/01\/bb-cream-medium.jpg","contentUrl":"https:\/\/beautyinstitute.ee\/wp-content\/uploads\/2019\/01\/bb-cream-medium.jpg","width":750,"height":711},{"@type":"BreadcrumbList","@id":"https:\/\/beautyinstitute.ee\/toode\/bb-cream-medium\/#breadcrumb","itemListElement":[{"@type":"ListItem","position":1,"name":"Home","item":"https:\/\/beautyinstitute.ee\/ru\/"},{"@type":"ListItem","position":2,"name":"E-pood","item":"https:\/\/beautyinstitute.ee\/e-pood\/"},{"@type":"ListItem","position":3,"name":"Bb Cream Medium"}]},{"@type":"WebSite","@id":"https:\/\/beautyinstitute.ee\/#website","url":"https:\/\/beautyinstitute.ee\/","name":"Beauty Institute","description":"CNC Cosmetic ametlik maaletooja ja edasim\u00fc\u00fcja Eestis, Soomes, L\u00e4tis. Aparaadikosmeetika, koolitused, kosmeetikatooted.","potentialAction":[{"@type":"SearchAction","target":{"@type":"EntryPoint","urlTemplate":"https:\/\/beautyinstitute.ee\/?s={search_term_string}"},"query-input":{"@type":"PropertyValueSpecification","valueRequired":true,"valueName":"search_term_string"}}],"inLanguage":"ru-RU"}]}},"_links":{"self":[{"href":"https:\/\/beautyinstitute.ee\/ru\/wp-json\/wp\/v2\/product\/3355","targetHints":{"allow":["GET"]}}],"collection":[{"href":"https:\/\/beautyinstitute.ee\/ru\/wp-json\/wp\/v2\/product"}],"about":[{"href":"https:\/\/beautyinstitute.ee\/ru\/wp-json\/wp\/v2\/types\/product"}],"wp:featuredmedia":[{"embeddable":true,"href":"https:\/\/beautyinstitute.ee\/ru\/wp-json\/wp\/v2\/media\/11792"}],"wp:attachment":[{"href":"https:\/\/beautyinstitute.ee\/ru\/wp-json\/wp\/v2\/media?parent=3355"}],"wp:term":[{"taxonomy":"product_cat","embeddable":true,"href":"https:\/\/beautyinstitute.ee\/ru\/wp-json\/wp\/v2\/product_cat?post=3355"},{"taxonomy":"product_tag","embeddable":true,"href":"https:\/\/beautyinstitute.ee\/ru\/wp-json\/wp\/v2\/product_tag?post=3355"}],"curies":[{"name":"wp","href":"https:\/\/api.w.org\/{rel}","templated":true}]}}