{"id":3361,"date":"2019-01-27T21:24:06","date_gmt":"2019-01-27T19:24:06","guid":{"rendered":"https:\/\/beautyinstitute.ee\/?post_type=product&#038;p=3361"},"modified":"2026-04-14T12:27:55","modified_gmt":"2026-04-14T09:27:55","slug":"long-lash-power-serum","status":"publish","type":"product","link":"https:\/\/beautyinstitute.ee\/ru\/toode\/long-lash-power-serum\/","title":{"rendered":"Long Lash Power Serum, 6 Ml"},"content":{"rendered":"<p><strong>Staari v\u00e4limus vastupandamatute ripsmetega!<\/strong><\/p>\n<p>Innovatiivne ripsmekasvuseerum aitab sul saavutada muljetavaldavalt pikad ja tihedad ripsmed. Uuenduslike aktiivainete kooslus (m\u00fcristo\u00fc\u00fcl pentapeptiid-17) stimuleerib ripsmete kasvu ja tugevdab ripsmekarva. Regulaarsel kasutamisel (kahe n\u00e4dala jooksul) on tulemuseks silmn\u00e4htavalt pikemad ja tihedamad ripsmed. Ripsmed on vol\u00fc\u00fcmikamad, tervemad ja tugevamad. Toitev aloe vera ekstrakt koos panthenooliga varustab ripsmeid niiskusega ning annab ripsmetele elastsuse.<\/p>\n<p><strong>Eelised:<\/strong><\/p>\n<ul>\n<li>stimuleerib ripsmete kasvu<\/li>\n<li>tugevdab ripsmekarva<\/li>\n<li>ilma hormoonide ja parabeenideta<\/li>\n<\/ul>\n<p><strong>Sobilik:<\/strong> k\u00f5igile.<\/p>\n<p><strong>Toimeained:<\/strong> kurkum \/ kollajuur, punane ristik, m\u00fcristo\u00fc\u00fclpentapeptiid-17, aloe vera ekstrakt, pantenool, biotino\u00fc\u00fcltripeptiid-1, atset\u00fc\u00fcltetrapeptiid-3.<\/p>\n<p><strong>Kasutamine:<\/strong> iga p\u00e4ev, soovitatavalt \u00f5htuti. Puhasta eelnevalt silma\u00fcmbrus ja ripsmed. Enne seerumi kasutamist veendu, et laujoon oleks rasvavaba ja kuiv. Kanna seerum \u00fchtlaselt lainerijoonena ripsmete piirile. Lase kuivada.<\/p>\n<p><b>Regulaarsel kasutamisel on silmn\u00e4htavad tulemused:<\/b><\/p>\n<ul>\n<li>Peale 14 p\u00e4eva- 46% tihedamad ja pikemad<\/li>\n<li>Peale 28 p\u00e4eva- 66% tihedamad ja pikemad<\/li>\n<li>Peale 42 p\u00e4eva- 72% tihedamad ja pikemad<\/li>\n<\/ul>\n","protected":false},"excerpt":{"rendered":"<p>Staari v\u00e4limus vastupandamatute ripsmetega! Innovatiivne ripsmekasvuseerum aitab sul saavutada muljetavaldavalt pikad ja tihedad ripsmed. Uuenduslike aktiivainete kooslus (m\u00fcristo\u00fc\u00fcl pentapeptiid-17) stimuleerib ripsmete kasvu ja tugevdab ripsmekarva. Regulaarsel kasutamisel (kahe n\u00e4dala jooksul) on tulemuseks silmn\u00e4htavalt pikemad ja tihedamad ripsmed. Ripsmed on vol\u00fc\u00fcmikamad, tervemad ja tugevamad. Toitev aloe vera ekstrakt koos panthenooliga varustab ripsmeid niiskusega ning annab ripsmetele [&hellip;]<\/p>\n","protected":false},"featured_media":11524,"template":"","meta":{"_acf_changed":false},"product_cat":[144,114],"product_tag":[],"class_list":["post-3361","product","type-product","status-publish","has-post-thumbnail","hentry","product_cat-eritooted","product_cat-tootesarjad"],"acf":[],"yoast_head":"<!-- This site is optimized with the Yoast SEO plugin v25.4 - https:\/\/yoast.com\/wordpress\/plugins\/seo\/ -->\n<title>Long Lash Power Serum, 6 Ml - Beauty Institute<\/title>\n<meta name=\"robots\" content=\"index, follow, max-snippet:-1, max-image-preview:large, max-video-preview:-1\" \/>\n<link rel=\"canonical\" href=\"https:\/\/beautyinstitute.ee\/toode\/long-lash-power-serum\/\" \/>\n<meta property=\"og:locale\" content=\"ru_RU\" \/>\n<meta property=\"og:type\" content=\"article\" \/>\n<meta property=\"og:title\" content=\"Long Lash Power Serum, 6 Ml - Beauty Institute\" \/>\n<meta property=\"og:description\" content=\"Staari v\u00e4limus vastupandamatute ripsmetega! Innovatiivne ripsmekasvuseerum aitab sul saavutada muljetavaldavalt pikad ja tihedad ripsmed. Uuenduslike aktiivainete kooslus (m\u00fcristo\u00fc\u00fcl pentapeptiid-17) stimuleerib ripsmete kasvu ja tugevdab ripsmekarva. Regulaarsel kasutamisel (kahe n\u00e4dala jooksul) on tulemuseks silmn\u00e4htavalt pikemad ja tihedamad ripsmed. Ripsmed on vol\u00fc\u00fcmikamad, tervemad ja tugevamad. Toitev aloe vera ekstrakt koos panthenooliga varustab ripsmeid niiskusega ning annab ripsmetele [&hellip;]\" \/>\n<meta property=\"og:url\" content=\"https:\/\/beautyinstitute.ee\/toode\/long-lash-power-serum\/\" \/>\n<meta property=\"og:site_name\" content=\"Beauty Institute\" \/>\n<meta property=\"article:modified_time\" content=\"2026-04-14T09:27:55+00:00\" \/>\n<meta property=\"og:image\" content=\"https:\/\/beautyinstitute.ee\/wp-content\/uploads\/2019\/01\/long-lash-power.jpg\" \/>\n\t<meta property=\"og:image:width\" content=\"750\" \/>\n\t<meta property=\"og:image:height\" content=\"711\" \/>\n\t<meta property=\"og:image:type\" content=\"image\/jpeg\" \/>\n<meta name=\"twitter:card\" content=\"summary_large_image\" \/>\n<meta name=\"twitter:site\" content=\"@Beauty_Eesti\" \/>\n<meta name=\"twitter:label1\" content=\"\u041f\u0440\u0438\u043c\u0435\u0440\u043d\u043e\u0435 \u0432\u0440\u0435\u043c\u044f \u0434\u043b\u044f \u0447\u0442\u0435\u043d\u0438\u044f\" \/>\n\t<meta name=\"twitter:data1\" content=\"1 \u043c\u0438\u043d\u0443\u0442\u0430\" \/>\n<script type=\"application\/ld+json\" class=\"yoast-schema-graph\">{\"@context\":\"https:\/\/schema.org\",\"@graph\":[{\"@type\":\"WebPage\",\"@id\":\"https:\/\/beautyinstitute.ee\/toode\/long-lash-power-serum\/\",\"url\":\"https:\/\/beautyinstitute.ee\/toode\/long-lash-power-serum\/\",\"name\":\"Long Lash Power Serum, 6 Ml - Beauty Institute\",\"isPartOf\":{\"@id\":\"https:\/\/beautyinstitute.ee\/#website\"},\"primaryImageOfPage\":{\"@id\":\"https:\/\/beautyinstitute.ee\/toode\/long-lash-power-serum\/#primaryimage\"},\"image\":{\"@id\":\"https:\/\/beautyinstitute.ee\/toode\/long-lash-power-serum\/#primaryimage\"},\"thumbnailUrl\":\"https:\/\/beautyinstitute.ee\/wp-content\/uploads\/2019\/01\/long-lash-power.jpg\",\"datePublished\":\"2019-01-27T19:24:06+00:00\",\"dateModified\":\"2026-04-14T09:27:55+00:00\",\"breadcrumb\":{\"@id\":\"https:\/\/beautyinstitute.ee\/toode\/long-lash-power-serum\/#breadcrumb\"},\"inLanguage\":\"ru-RU\",\"potentialAction\":[{\"@type\":\"ReadAction\",\"target\":[\"https:\/\/beautyinstitute.ee\/toode\/long-lash-power-serum\/\"]}]},{\"@type\":\"ImageObject\",\"inLanguage\":\"ru-RU\",\"@id\":\"https:\/\/beautyinstitute.ee\/toode\/long-lash-power-serum\/#primaryimage\",\"url\":\"https:\/\/beautyinstitute.ee\/wp-content\/uploads\/2019\/01\/long-lash-power.jpg\",\"contentUrl\":\"https:\/\/beautyinstitute.ee\/wp-content\/uploads\/2019\/01\/long-lash-power.jpg\",\"width\":750,\"height\":711},{\"@type\":\"BreadcrumbList\",\"@id\":\"https:\/\/beautyinstitute.ee\/toode\/long-lash-power-serum\/#breadcrumb\",\"itemListElement\":[{\"@type\":\"ListItem\",\"position\":1,\"name\":\"Home\",\"item\":\"https:\/\/beautyinstitute.ee\/ru\/\"},{\"@type\":\"ListItem\",\"position\":2,\"name\":\"E-pood\",\"item\":\"https:\/\/beautyinstitute.ee\/e-pood\/\"},{\"@type\":\"ListItem\",\"position\":3,\"name\":\"Long Lash Power Serum, 6 Ml\"}]},{\"@type\":\"WebSite\",\"@id\":\"https:\/\/beautyinstitute.ee\/#website\",\"url\":\"https:\/\/beautyinstitute.ee\/\",\"name\":\"Beauty Institute\",\"description\":\"CNC Cosmetic ametlik maaletooja ja edasim\u00fc\u00fcja Eestis, Soomes, L\u00e4tis. Aparaadikosmeetika, koolitused, kosmeetikatooted.\",\"potentialAction\":[{\"@type\":\"SearchAction\",\"target\":{\"@type\":\"EntryPoint\",\"urlTemplate\":\"https:\/\/beautyinstitute.ee\/?s={search_term_string}\"},\"query-input\":{\"@type\":\"PropertyValueSpecification\",\"valueRequired\":true,\"valueName\":\"search_term_string\"}}],\"inLanguage\":\"ru-RU\"}]}<\/script>\n<!-- \/ Yoast SEO plugin. -->","yoast_head_json":{"title":"Long Lash Power Serum, 6 Ml - Beauty Institute","robots":{"index":"index","follow":"follow","max-snippet":"max-snippet:-1","max-image-preview":"max-image-preview:large","max-video-preview":"max-video-preview:-1"},"canonical":"https:\/\/beautyinstitute.ee\/toode\/long-lash-power-serum\/","og_locale":"ru_RU","og_type":"article","og_title":"Long Lash Power Serum, 6 Ml - Beauty Institute","og_description":"Staari v\u00e4limus vastupandamatute ripsmetega! Innovatiivne ripsmekasvuseerum aitab sul saavutada muljetavaldavalt pikad ja tihedad ripsmed. Uuenduslike aktiivainete kooslus (m\u00fcristo\u00fc\u00fcl pentapeptiid-17) stimuleerib ripsmete kasvu ja tugevdab ripsmekarva. Regulaarsel kasutamisel (kahe n\u00e4dala jooksul) on tulemuseks silmn\u00e4htavalt pikemad ja tihedamad ripsmed. Ripsmed on vol\u00fc\u00fcmikamad, tervemad ja tugevamad. Toitev aloe vera ekstrakt koos panthenooliga varustab ripsmeid niiskusega ning annab ripsmetele [&hellip;]","og_url":"https:\/\/beautyinstitute.ee\/toode\/long-lash-power-serum\/","og_site_name":"Beauty Institute","article_modified_time":"2026-04-14T09:27:55+00:00","og_image":[{"width":750,"height":711,"url":"https:\/\/beautyinstitute.ee\/wp-content\/uploads\/2019\/01\/long-lash-power.jpg","type":"image\/jpeg"}],"twitter_card":"summary_large_image","twitter_site":"@Beauty_Eesti","twitter_misc":{"\u041f\u0440\u0438\u043c\u0435\u0440\u043d\u043e\u0435 \u0432\u0440\u0435\u043c\u044f \u0434\u043b\u044f \u0447\u0442\u0435\u043d\u0438\u044f":"1 \u043c\u0438\u043d\u0443\u0442\u0430"},"schema":{"@context":"https:\/\/schema.org","@graph":[{"@type":"WebPage","@id":"https:\/\/beautyinstitute.ee\/toode\/long-lash-power-serum\/","url":"https:\/\/beautyinstitute.ee\/toode\/long-lash-power-serum\/","name":"Long Lash Power Serum, 6 Ml - Beauty Institute","isPartOf":{"@id":"https:\/\/beautyinstitute.ee\/#website"},"primaryImageOfPage":{"@id":"https:\/\/beautyinstitute.ee\/toode\/long-lash-power-serum\/#primaryimage"},"image":{"@id":"https:\/\/beautyinstitute.ee\/toode\/long-lash-power-serum\/#primaryimage"},"thumbnailUrl":"https:\/\/beautyinstitute.ee\/wp-content\/uploads\/2019\/01\/long-lash-power.jpg","datePublished":"2019-01-27T19:24:06+00:00","dateModified":"2026-04-14T09:27:55+00:00","breadcrumb":{"@id":"https:\/\/beautyinstitute.ee\/toode\/long-lash-power-serum\/#breadcrumb"},"inLanguage":"ru-RU","potentialAction":[{"@type":"ReadAction","target":["https:\/\/beautyinstitute.ee\/toode\/long-lash-power-serum\/"]}]},{"@type":"ImageObject","inLanguage":"ru-RU","@id":"https:\/\/beautyinstitute.ee\/toode\/long-lash-power-serum\/#primaryimage","url":"https:\/\/beautyinstitute.ee\/wp-content\/uploads\/2019\/01\/long-lash-power.jpg","contentUrl":"https:\/\/beautyinstitute.ee\/wp-content\/uploads\/2019\/01\/long-lash-power.jpg","width":750,"height":711},{"@type":"BreadcrumbList","@id":"https:\/\/beautyinstitute.ee\/toode\/long-lash-power-serum\/#breadcrumb","itemListElement":[{"@type":"ListItem","position":1,"name":"Home","item":"https:\/\/beautyinstitute.ee\/ru\/"},{"@type":"ListItem","position":2,"name":"E-pood","item":"https:\/\/beautyinstitute.ee\/e-pood\/"},{"@type":"ListItem","position":3,"name":"Long Lash Power Serum, 6 Ml"}]},{"@type":"WebSite","@id":"https:\/\/beautyinstitute.ee\/#website","url":"https:\/\/beautyinstitute.ee\/","name":"Beauty Institute","description":"CNC Cosmetic ametlik maaletooja ja edasim\u00fc\u00fcja Eestis, Soomes, L\u00e4tis. Aparaadikosmeetika, koolitused, kosmeetikatooted.","potentialAction":[{"@type":"SearchAction","target":{"@type":"EntryPoint","urlTemplate":"https:\/\/beautyinstitute.ee\/?s={search_term_string}"},"query-input":{"@type":"PropertyValueSpecification","valueRequired":true,"valueName":"search_term_string"}}],"inLanguage":"ru-RU"}]}},"_links":{"self":[{"href":"https:\/\/beautyinstitute.ee\/ru\/wp-json\/wp\/v2\/product\/3361","targetHints":{"allow":["GET"]}}],"collection":[{"href":"https:\/\/beautyinstitute.ee\/ru\/wp-json\/wp\/v2\/product"}],"about":[{"href":"https:\/\/beautyinstitute.ee\/ru\/wp-json\/wp\/v2\/types\/product"}],"wp:featuredmedia":[{"embeddable":true,"href":"https:\/\/beautyinstitute.ee\/ru\/wp-json\/wp\/v2\/media\/11524"}],"wp:attachment":[{"href":"https:\/\/beautyinstitute.ee\/ru\/wp-json\/wp\/v2\/media?parent=3361"}],"wp:term":[{"taxonomy":"product_cat","embeddable":true,"href":"https:\/\/beautyinstitute.ee\/ru\/wp-json\/wp\/v2\/product_cat?post=3361"},{"taxonomy":"product_tag","embeddable":true,"href":"https:\/\/beautyinstitute.ee\/ru\/wp-json\/wp\/v2\/product_tag?post=3361"}],"curies":[{"name":"wp","href":"https:\/\/api.w.org\/{rel}","templated":true}]}}