{"id":3364,"date":"2019-01-27T21:26:23","date_gmt":"2019-01-27T19:26:23","guid":{"rendered":"https:\/\/beautyinstitute.ee\/?post_type=product&#038;p=3364"},"modified":"2026-04-23T13:16:42","modified_gmt":"2026-04-23T10:16:42","slug":"optimizer","status":"publish","type":"product","link":"https:\/\/beautyinstitute.ee\/ru\/toode\/optimizer\/","title":{"rendered":"Optimizer"},"content":{"rendered":"<p><strong>Poore ahendav, nahka pinguldav ja kaitsev kreem.<\/strong><\/p>\n<p>Ideaalne kreem meigi alla, muutes teie n\u00e4onaha perfektselt siledaks. Kreemi toimeained aitavad muuta\u00a0 sinu naha vastupandamatult v\u00e4rskeks ja elastseks. Kreem sobib kasutamiseks ka p\u00e4evakreemina. \u00a0Soovitame kasutada Skadrees make-up tootesarjaga.<\/p>\n<p><strong>Eelised:<\/strong><\/p>\n<ul>\n<li>silub poore<\/li>\n<li>muudab n\u00e4o \u00fchtlaseks ja siledaks<\/li>\n<li>ideaalne meigip\u00f5hi<\/li>\n<\/ul>\n<p><strong>Sobilik:<\/strong> k\u00f5ikidele nahat\u00fc\u00fcpidele, eriti suurepoorilisele nahale.<\/p>\n<p><strong>Toimeained:<\/strong> h\u00fcaluroonhape, kofeiin, viinamarjaekstrakt, vaniljeekstrakt, s\u00f5stariekstrakt.<\/p>\n","protected":false},"excerpt":{"rendered":"<p>Poore ahendav, nahka pinguldav ja kaitsev kreem. Ideaalne kreem meigi alla, muutes teie n\u00e4onaha perfektselt siledaks. Kreemi toimeained aitavad muuta\u00a0 sinu naha vastupandamatult v\u00e4rskeks ja elastseks. Kreem sobib kasutamiseks ka p\u00e4evakreemina. \u00a0Soovitame kasutada Skadrees make-up tootesarjaga. Eelised: silub poore muudab n\u00e4o \u00fchtlaseks ja siledaks ideaalne meigip\u00f5hi Sobilik: k\u00f5ikidele nahat\u00fc\u00fcpidele, eriti suurepoorilisele nahale. Toimeained: h\u00fcaluroonhape, kofeiin, [&hellip;]<\/p>\n","protected":false},"featured_media":28143,"template":"","meta":{"_acf_changed":false},"product_cat":[250,144,114],"product_tag":[],"class_list":["post-3364","product","type-product","status-publish","has-post-thumbnail","hentry","product_cat-naokreemid","product_cat-eritooted","product_cat-tootesarjad"],"acf":[],"yoast_head":"<!-- This site is optimized with the Yoast SEO plugin v25.4 - https:\/\/yoast.com\/wordpress\/plugins\/seo\/ -->\n<title>Optimizer - Beauty Institute<\/title>\n<meta name=\"robots\" content=\"index, follow, max-snippet:-1, max-image-preview:large, max-video-preview:-1\" \/>\n<link rel=\"canonical\" href=\"https:\/\/beautyinstitute.ee\/toode\/optimizer\/\" \/>\n<meta property=\"og:locale\" content=\"ru_RU\" \/>\n<meta property=\"og:type\" content=\"article\" \/>\n<meta property=\"og:title\" content=\"Optimizer - Beauty Institute\" \/>\n<meta property=\"og:description\" content=\"Poore ahendav, nahka pinguldav ja kaitsev kreem. Ideaalne kreem meigi alla, muutes teie n\u00e4onaha perfektselt siledaks. Kreemi toimeained aitavad muuta\u00a0 sinu naha vastupandamatult v\u00e4rskeks ja elastseks. Kreem sobib kasutamiseks ka p\u00e4evakreemina. \u00a0Soovitame kasutada Skadrees make-up tootesarjaga. Eelised: silub poore muudab n\u00e4o \u00fchtlaseks ja siledaks ideaalne meigip\u00f5hi Sobilik: k\u00f5ikidele nahat\u00fc\u00fcpidele, eriti suurepoorilisele nahale. Toimeained: h\u00fcaluroonhape, kofeiin, [&hellip;]\" \/>\n<meta property=\"og:url\" content=\"https:\/\/beautyinstitute.ee\/toode\/optimizer\/\" \/>\n<meta property=\"og:site_name\" content=\"Beauty Institute\" \/>\n<meta property=\"article:modified_time\" content=\"2026-04-23T10:16:42+00:00\" \/>\n<meta property=\"og:image\" content=\"https:\/\/beautyinstitute.ee\/wp-content\/uploads\/2019\/01\/image_301052_1_600x600.jpg\" \/>\n\t<meta property=\"og:image:width\" content=\"600\" \/>\n\t<meta property=\"og:image:height\" content=\"594\" \/>\n\t<meta property=\"og:image:type\" content=\"image\/jpeg\" \/>\n<meta name=\"twitter:card\" content=\"summary_large_image\" \/>\n<meta name=\"twitter:site\" content=\"@Beauty_Eesti\" \/>\n<meta name=\"twitter:label1\" content=\"\u041f\u0440\u0438\u043c\u0435\u0440\u043d\u043e\u0435 \u0432\u0440\u0435\u043c\u044f \u0434\u043b\u044f \u0447\u0442\u0435\u043d\u0438\u044f\" \/>\n\t<meta name=\"twitter:data1\" content=\"1 \u043c\u0438\u043d\u0443\u0442\u0430\" \/>\n<script type=\"application\/ld+json\" class=\"yoast-schema-graph\">{\"@context\":\"https:\/\/schema.org\",\"@graph\":[{\"@type\":\"WebPage\",\"@id\":\"https:\/\/beautyinstitute.ee\/toode\/optimizer\/\",\"url\":\"https:\/\/beautyinstitute.ee\/toode\/optimizer\/\",\"name\":\"Optimizer - Beauty Institute\",\"isPartOf\":{\"@id\":\"https:\/\/beautyinstitute.ee\/#website\"},\"primaryImageOfPage\":{\"@id\":\"https:\/\/beautyinstitute.ee\/toode\/optimizer\/#primaryimage\"},\"image\":{\"@id\":\"https:\/\/beautyinstitute.ee\/toode\/optimizer\/#primaryimage\"},\"thumbnailUrl\":\"https:\/\/beautyinstitute.ee\/wp-content\/uploads\/2019\/01\/image_301052_1_600x600.jpg\",\"datePublished\":\"2019-01-27T19:26:23+00:00\",\"dateModified\":\"2026-04-23T10:16:42+00:00\",\"breadcrumb\":{\"@id\":\"https:\/\/beautyinstitute.ee\/toode\/optimizer\/#breadcrumb\"},\"inLanguage\":\"ru-RU\",\"potentialAction\":[{\"@type\":\"ReadAction\",\"target\":[\"https:\/\/beautyinstitute.ee\/toode\/optimizer\/\"]}]},{\"@type\":\"ImageObject\",\"inLanguage\":\"ru-RU\",\"@id\":\"https:\/\/beautyinstitute.ee\/toode\/optimizer\/#primaryimage\",\"url\":\"https:\/\/beautyinstitute.ee\/wp-content\/uploads\/2019\/01\/image_301052_1_600x600.jpg\",\"contentUrl\":\"https:\/\/beautyinstitute.ee\/wp-content\/uploads\/2019\/01\/image_301052_1_600x600.jpg\",\"width\":600,\"height\":594},{\"@type\":\"BreadcrumbList\",\"@id\":\"https:\/\/beautyinstitute.ee\/toode\/optimizer\/#breadcrumb\",\"itemListElement\":[{\"@type\":\"ListItem\",\"position\":1,\"name\":\"Home\",\"item\":\"https:\/\/beautyinstitute.ee\/ru\/\"},{\"@type\":\"ListItem\",\"position\":2,\"name\":\"E-pood\",\"item\":\"https:\/\/beautyinstitute.ee\/e-pood\/\"},{\"@type\":\"ListItem\",\"position\":3,\"name\":\"Optimizer\"}]},{\"@type\":\"WebSite\",\"@id\":\"https:\/\/beautyinstitute.ee\/#website\",\"url\":\"https:\/\/beautyinstitute.ee\/\",\"name\":\"Beauty Institute\",\"description\":\"CNC Cosmetic ametlik maaletooja ja edasim\u00fc\u00fcja Eestis, Soomes, L\u00e4tis. Aparaadikosmeetika, koolitused, kosmeetikatooted.\",\"potentialAction\":[{\"@type\":\"SearchAction\",\"target\":{\"@type\":\"EntryPoint\",\"urlTemplate\":\"https:\/\/beautyinstitute.ee\/?s={search_term_string}\"},\"query-input\":{\"@type\":\"PropertyValueSpecification\",\"valueRequired\":true,\"valueName\":\"search_term_string\"}}],\"inLanguage\":\"ru-RU\"}]}<\/script>\n<!-- \/ Yoast SEO plugin. -->","yoast_head_json":{"title":"Optimizer - Beauty Institute","robots":{"index":"index","follow":"follow","max-snippet":"max-snippet:-1","max-image-preview":"max-image-preview:large","max-video-preview":"max-video-preview:-1"},"canonical":"https:\/\/beautyinstitute.ee\/toode\/optimizer\/","og_locale":"ru_RU","og_type":"article","og_title":"Optimizer - Beauty Institute","og_description":"Poore ahendav, nahka pinguldav ja kaitsev kreem. Ideaalne kreem meigi alla, muutes teie n\u00e4onaha perfektselt siledaks. Kreemi toimeained aitavad muuta\u00a0 sinu naha vastupandamatult v\u00e4rskeks ja elastseks. Kreem sobib kasutamiseks ka p\u00e4evakreemina. \u00a0Soovitame kasutada Skadrees make-up tootesarjaga. Eelised: silub poore muudab n\u00e4o \u00fchtlaseks ja siledaks ideaalne meigip\u00f5hi Sobilik: k\u00f5ikidele nahat\u00fc\u00fcpidele, eriti suurepoorilisele nahale. Toimeained: h\u00fcaluroonhape, kofeiin, [&hellip;]","og_url":"https:\/\/beautyinstitute.ee\/toode\/optimizer\/","og_site_name":"Beauty Institute","article_modified_time":"2026-04-23T10:16:42+00:00","og_image":[{"width":600,"height":594,"url":"https:\/\/beautyinstitute.ee\/wp-content\/uploads\/2019\/01\/image_301052_1_600x600.jpg","type":"image\/jpeg"}],"twitter_card":"summary_large_image","twitter_site":"@Beauty_Eesti","twitter_misc":{"\u041f\u0440\u0438\u043c\u0435\u0440\u043d\u043e\u0435 \u0432\u0440\u0435\u043c\u044f \u0434\u043b\u044f \u0447\u0442\u0435\u043d\u0438\u044f":"1 \u043c\u0438\u043d\u0443\u0442\u0430"},"schema":{"@context":"https:\/\/schema.org","@graph":[{"@type":"WebPage","@id":"https:\/\/beautyinstitute.ee\/toode\/optimizer\/","url":"https:\/\/beautyinstitute.ee\/toode\/optimizer\/","name":"Optimizer - Beauty Institute","isPartOf":{"@id":"https:\/\/beautyinstitute.ee\/#website"},"primaryImageOfPage":{"@id":"https:\/\/beautyinstitute.ee\/toode\/optimizer\/#primaryimage"},"image":{"@id":"https:\/\/beautyinstitute.ee\/toode\/optimizer\/#primaryimage"},"thumbnailUrl":"https:\/\/beautyinstitute.ee\/wp-content\/uploads\/2019\/01\/image_301052_1_600x600.jpg","datePublished":"2019-01-27T19:26:23+00:00","dateModified":"2026-04-23T10:16:42+00:00","breadcrumb":{"@id":"https:\/\/beautyinstitute.ee\/toode\/optimizer\/#breadcrumb"},"inLanguage":"ru-RU","potentialAction":[{"@type":"ReadAction","target":["https:\/\/beautyinstitute.ee\/toode\/optimizer\/"]}]},{"@type":"ImageObject","inLanguage":"ru-RU","@id":"https:\/\/beautyinstitute.ee\/toode\/optimizer\/#primaryimage","url":"https:\/\/beautyinstitute.ee\/wp-content\/uploads\/2019\/01\/image_301052_1_600x600.jpg","contentUrl":"https:\/\/beautyinstitute.ee\/wp-content\/uploads\/2019\/01\/image_301052_1_600x600.jpg","width":600,"height":594},{"@type":"BreadcrumbList","@id":"https:\/\/beautyinstitute.ee\/toode\/optimizer\/#breadcrumb","itemListElement":[{"@type":"ListItem","position":1,"name":"Home","item":"https:\/\/beautyinstitute.ee\/ru\/"},{"@type":"ListItem","position":2,"name":"E-pood","item":"https:\/\/beautyinstitute.ee\/e-pood\/"},{"@type":"ListItem","position":3,"name":"Optimizer"}]},{"@type":"WebSite","@id":"https:\/\/beautyinstitute.ee\/#website","url":"https:\/\/beautyinstitute.ee\/","name":"Beauty Institute","description":"CNC Cosmetic ametlik maaletooja ja edasim\u00fc\u00fcja Eestis, Soomes, L\u00e4tis. Aparaadikosmeetika, koolitused, kosmeetikatooted.","potentialAction":[{"@type":"SearchAction","target":{"@type":"EntryPoint","urlTemplate":"https:\/\/beautyinstitute.ee\/?s={search_term_string}"},"query-input":{"@type":"PropertyValueSpecification","valueRequired":true,"valueName":"search_term_string"}}],"inLanguage":"ru-RU"}]}},"_links":{"self":[{"href":"https:\/\/beautyinstitute.ee\/ru\/wp-json\/wp\/v2\/product\/3364","targetHints":{"allow":["GET"]}}],"collection":[{"href":"https:\/\/beautyinstitute.ee\/ru\/wp-json\/wp\/v2\/product"}],"about":[{"href":"https:\/\/beautyinstitute.ee\/ru\/wp-json\/wp\/v2\/types\/product"}],"wp:featuredmedia":[{"embeddable":true,"href":"https:\/\/beautyinstitute.ee\/ru\/wp-json\/wp\/v2\/media\/28143"}],"wp:attachment":[{"href":"https:\/\/beautyinstitute.ee\/ru\/wp-json\/wp\/v2\/media?parent=3364"}],"wp:term":[{"taxonomy":"product_cat","embeddable":true,"href":"https:\/\/beautyinstitute.ee\/ru\/wp-json\/wp\/v2\/product_cat?post=3364"},{"taxonomy":"product_tag","embeddable":true,"href":"https:\/\/beautyinstitute.ee\/ru\/wp-json\/wp\/v2\/product_tag?post=3364"}],"curies":[{"name":"wp","href":"https:\/\/api.w.org\/{rel}","templated":true}]}}