{"id":34053,"date":"2025-06-03T10:39:23","date_gmt":"2025-06-03T07:39:23","guid":{"rendered":"https:\/\/beautyinstitute.ee\/?post_type=product&#038;p=34053"},"modified":"2026-04-27T14:47:17","modified_gmt":"2026-04-27T11:47:17","slug":"baehr-seerumikomplekt-aparatiivkosmeetika-jaoks-450-ml","status":"publish","type":"product","link":"https:\/\/beautyinstitute.ee\/ru\/toode\/baehr-seerumikomplekt-aparatiivkosmeetika-jaoks-450-ml\/","title":{"rendered":"Baehr Seerumikomplekt Aparatiivkosmeetika Jaoks 4*50 Ml"},"content":{"rendered":"<p>Neli spetsiaalselt aparaadikosmeetika jaoks v\u00e4lja t\u00f6\u00f6tatud seerumit, mis sobivad ideaalselt ka<strong data-start=\"325\" data-end=\"353\">\u00a0ColdPlasma\u00a0<\/strong>\u00a0hoolduseks, moodustavad t\u00e4iuslikult tasakaalustatud hoolduskomplekti kauni ja s\u00e4rava naha jaoks. K\u00f5ik neli seerumit on dermatoloogiliselt testitud ja sobivad ka tundlikule nahale.<\/p>\n<p>Komplekti kuuluvad j\u00e4rgnevad seerumid:<\/p>\n<ol>\n<li>Anti-aging<\/li>\n<li>Repair &amp; Prevent<\/li>\n<li>Moisture &amp; Radiance<\/li>\n<li>Clarify &amp; Balance<\/li>\n<\/ol>\n<p>1. Anti-aging seerum v\u00e4hendab naha vananemise m\u00e4rke. Vananemisvastane seerum retinooliga taastab, niisutab ja elavdab nahka, et see oleks siledam. Retinool soodustab rakkude uuenemist ja tagab koos E-vitamiini, vaarikaseemne\u00f5li ja dongbaek-\u00f5liga s\u00e4ravalt kauni naha!<\/p>\n<p>2. Repair &amp; Prevent seerum on hooldusime \u00e4rritunud ja punetavale nahale. Probiootiline Bifiida fermentatsiooni l\u00fctsaat ja gl\u00fctseerin m\u00f5juvad nahka rahustavalt ja niisutavalt. Rutiinil, pantenoolil ja tokoferoolil on antioks\u00fcdantne toime. Seerum tagab sileda ja tasakaalustatud n\u00e4onaha.<\/p>\n<p>3. Moisture &amp; Radiance seerum: T\u00e4iuslikult reguleeritud niiskusesisaldus kuivale nahale: Moisture &amp; Radiance seerum 4-kordse h\u00fcaluroonhappega tagab nahale intensiivse niisutuse. <i>Tremella fuciformis<\/i>\u00a0toetab naha loomulikku kaitsefunktsiooni oma tugeva antioks\u00fcdantse toimega.<\/p>\n<p>4. Clarify &amp; Balance seerum: Sobib ideaalselt ebapuhtale nahale: Clarify &amp; Balance seerum aitab salits\u00fc\u00fclhappe ja niatsiinamiidi kombinatsiooniga v\u00f5idelda liigse rasu tootmise vastu. Magnoolia ekstrakt oma antibakteriaalsete omadustega v\u00f5itleb ebapuhtuste tekkimise vastu. Seerum taastab ja tagab puhtama ja siledama n\u00e4onaha.<\/p>\n<p>Ei sobi alla 3-aastastele lastele. V\u00e4ltida kokkupuudet silmade ja limaskestadega.<\/p>\n","protected":false},"excerpt":{"rendered":"<p>Neli spetsiaalselt aparaadikosmeetika jaoks v\u00e4lja t\u00f6\u00f6tatud seerumit, mis sobivad ideaalselt ka\u00a0ColdPlasma\u00a0\u00a0hoolduseks, moodustavad t\u00e4iuslikult tasakaalustatud hoolduskomplekti kauni ja s\u00e4rava naha jaoks. K\u00f5ik neli seerumit on dermatoloogiliselt testitud ja sobivad ka tundlikule nahale. Komplekti kuuluvad j\u00e4rgnevad seerumid: Anti-aging Repair &amp; Prevent Moisture &amp; Radiance Clarify &amp; Balance 1. Anti-aging seerum v\u00e4hendab naha vananemise m\u00e4rke. Vananemisvastane seerum retinooliga [&hellip;]<\/p>\n","protected":false},"featured_media":34054,"template":"","meta":{"_acf_changed":false},"product_cat":[291,249],"product_tag":[],"class_list":["post-34053","product","type-product","status-publish","has-post-thumbnail","hentry","product_cat-baehr-cosmetic","product_cat-seerumid-2"],"acf":[],"yoast_head":"<!-- This site is optimized with the Yoast SEO plugin v25.4 - https:\/\/yoast.com\/wordpress\/plugins\/seo\/ -->\n<title>Baehr Seerumikomplekt Aparatiivkosmeetika Jaoks 4*50 Ml - Beauty Institute<\/title>\n<meta name=\"robots\" content=\"index, follow, max-snippet:-1, max-image-preview:large, max-video-preview:-1\" \/>\n<link rel=\"canonical\" href=\"https:\/\/beautyinstitute.ee\/toode\/baehr-seerumikomplekt-aparatiivkosmeetika-jaoks-450-ml\/\" \/>\n<meta property=\"og:locale\" content=\"ru_RU\" \/>\n<meta property=\"og:type\" content=\"article\" \/>\n<meta property=\"og:title\" content=\"Baehr Seerumikomplekt Aparatiivkosmeetika Jaoks 4*50 Ml - Beauty Institute\" \/>\n<meta property=\"og:description\" content=\"Neli spetsiaalselt aparaadikosmeetika jaoks v\u00e4lja t\u00f6\u00f6tatud seerumit, mis sobivad ideaalselt ka\u00a0ColdPlasma\u00a0\u00a0hoolduseks, moodustavad t\u00e4iuslikult tasakaalustatud hoolduskomplekti kauni ja s\u00e4rava naha jaoks. K\u00f5ik neli seerumit on dermatoloogiliselt testitud ja sobivad ka tundlikule nahale. Komplekti kuuluvad j\u00e4rgnevad seerumid: Anti-aging Repair &amp; Prevent Moisture &amp; Radiance Clarify &amp; Balance 1. Anti-aging seerum v\u00e4hendab naha vananemise m\u00e4rke. Vananemisvastane seerum retinooliga [&hellip;]\" \/>\n<meta property=\"og:url\" content=\"https:\/\/beautyinstitute.ee\/toode\/baehr-seerumikomplekt-aparatiivkosmeetika-jaoks-450-ml\/\" \/>\n<meta property=\"og:site_name\" content=\"Beauty Institute\" \/>\n<meta property=\"article:modified_time\" content=\"2026-04-27T11:47:17+00:00\" \/>\n<meta property=\"og:image\" content=\"https:\/\/beautyinstitute.ee\/wp-content\/uploads\/2025\/06\/seren-set-fur-apparative-kosmetik_25004_7_2B5_1920x1920.webp\" \/>\n\t<meta property=\"og:image:width\" content=\"1920\" \/>\n\t<meta property=\"og:image:height\" content=\"1920\" \/>\n\t<meta property=\"og:image:type\" content=\"image\/webp\" \/>\n<meta name=\"twitter:card\" content=\"summary_large_image\" \/>\n<meta name=\"twitter:site\" content=\"@Beauty_Eesti\" \/>\n<meta name=\"twitter:label1\" content=\"\u041f\u0440\u0438\u043c\u0435\u0440\u043d\u043e\u0435 \u0432\u0440\u0435\u043c\u044f \u0434\u043b\u044f \u0447\u0442\u0435\u043d\u0438\u044f\" \/>\n\t<meta name=\"twitter:data1\" content=\"2 \u043c\u0438\u043d\u0443\u0442\u044b\" \/>\n<script type=\"application\/ld+json\" class=\"yoast-schema-graph\">{\"@context\":\"https:\/\/schema.org\",\"@graph\":[{\"@type\":\"WebPage\",\"@id\":\"https:\/\/beautyinstitute.ee\/toode\/baehr-seerumikomplekt-aparatiivkosmeetika-jaoks-450-ml\/\",\"url\":\"https:\/\/beautyinstitute.ee\/toode\/baehr-seerumikomplekt-aparatiivkosmeetika-jaoks-450-ml\/\",\"name\":\"Baehr Seerumikomplekt Aparatiivkosmeetika Jaoks 4*50 Ml - Beauty Institute\",\"isPartOf\":{\"@id\":\"https:\/\/beautyinstitute.ee\/#website\"},\"primaryImageOfPage\":{\"@id\":\"https:\/\/beautyinstitute.ee\/toode\/baehr-seerumikomplekt-aparatiivkosmeetika-jaoks-450-ml\/#primaryimage\"},\"image\":{\"@id\":\"https:\/\/beautyinstitute.ee\/toode\/baehr-seerumikomplekt-aparatiivkosmeetika-jaoks-450-ml\/#primaryimage\"},\"thumbnailUrl\":\"https:\/\/beautyinstitute.ee\/wp-content\/uploads\/2025\/06\/seren-set-fur-apparative-kosmetik_25004_7_2B5_1920x1920.webp\",\"datePublished\":\"2025-06-03T07:39:23+00:00\",\"dateModified\":\"2026-04-27T11:47:17+00:00\",\"breadcrumb\":{\"@id\":\"https:\/\/beautyinstitute.ee\/toode\/baehr-seerumikomplekt-aparatiivkosmeetika-jaoks-450-ml\/#breadcrumb\"},\"inLanguage\":\"ru-RU\",\"potentialAction\":[{\"@type\":\"ReadAction\",\"target\":[\"https:\/\/beautyinstitute.ee\/toode\/baehr-seerumikomplekt-aparatiivkosmeetika-jaoks-450-ml\/\"]}]},{\"@type\":\"ImageObject\",\"inLanguage\":\"ru-RU\",\"@id\":\"https:\/\/beautyinstitute.ee\/toode\/baehr-seerumikomplekt-aparatiivkosmeetika-jaoks-450-ml\/#primaryimage\",\"url\":\"https:\/\/beautyinstitute.ee\/wp-content\/uploads\/2025\/06\/seren-set-fur-apparative-kosmetik_25004_7_2B5_1920x1920.webp\",\"contentUrl\":\"https:\/\/beautyinstitute.ee\/wp-content\/uploads\/2025\/06\/seren-set-fur-apparative-kosmetik_25004_7_2B5_1920x1920.webp\",\"width\":1920,\"height\":1920},{\"@type\":\"BreadcrumbList\",\"@id\":\"https:\/\/beautyinstitute.ee\/toode\/baehr-seerumikomplekt-aparatiivkosmeetika-jaoks-450-ml\/#breadcrumb\",\"itemListElement\":[{\"@type\":\"ListItem\",\"position\":1,\"name\":\"Home\",\"item\":\"https:\/\/beautyinstitute.ee\/ru\/\"},{\"@type\":\"ListItem\",\"position\":2,\"name\":\"E-pood\",\"item\":\"https:\/\/beautyinstitute.ee\/e-pood\/\"},{\"@type\":\"ListItem\",\"position\":3,\"name\":\"Baehr Seerumikomplekt Aparatiivkosmeetika Jaoks 4*50 Ml\"}]},{\"@type\":\"WebSite\",\"@id\":\"https:\/\/beautyinstitute.ee\/#website\",\"url\":\"https:\/\/beautyinstitute.ee\/\",\"name\":\"Beauty Institute\",\"description\":\"CNC Cosmetic ametlik maaletooja ja edasim\u00fc\u00fcja Eestis, Soomes, L\u00e4tis. Aparaadikosmeetika, koolitused, kosmeetikatooted.\",\"potentialAction\":[{\"@type\":\"SearchAction\",\"target\":{\"@type\":\"EntryPoint\",\"urlTemplate\":\"https:\/\/beautyinstitute.ee\/?s={search_term_string}\"},\"query-input\":{\"@type\":\"PropertyValueSpecification\",\"valueRequired\":true,\"valueName\":\"search_term_string\"}}],\"inLanguage\":\"ru-RU\"}]}<\/script>\n<!-- \/ Yoast SEO plugin. -->","yoast_head_json":{"title":"Baehr Seerumikomplekt Aparatiivkosmeetika Jaoks 4*50 Ml - Beauty Institute","robots":{"index":"index","follow":"follow","max-snippet":"max-snippet:-1","max-image-preview":"max-image-preview:large","max-video-preview":"max-video-preview:-1"},"canonical":"https:\/\/beautyinstitute.ee\/toode\/baehr-seerumikomplekt-aparatiivkosmeetika-jaoks-450-ml\/","og_locale":"ru_RU","og_type":"article","og_title":"Baehr Seerumikomplekt Aparatiivkosmeetika Jaoks 4*50 Ml - Beauty Institute","og_description":"Neli spetsiaalselt aparaadikosmeetika jaoks v\u00e4lja t\u00f6\u00f6tatud seerumit, mis sobivad ideaalselt ka\u00a0ColdPlasma\u00a0\u00a0hoolduseks, moodustavad t\u00e4iuslikult tasakaalustatud hoolduskomplekti kauni ja s\u00e4rava naha jaoks. K\u00f5ik neli seerumit on dermatoloogiliselt testitud ja sobivad ka tundlikule nahale. Komplekti kuuluvad j\u00e4rgnevad seerumid: Anti-aging Repair &amp; Prevent Moisture &amp; Radiance Clarify &amp; Balance 1. Anti-aging seerum v\u00e4hendab naha vananemise m\u00e4rke. Vananemisvastane seerum retinooliga [&hellip;]","og_url":"https:\/\/beautyinstitute.ee\/toode\/baehr-seerumikomplekt-aparatiivkosmeetika-jaoks-450-ml\/","og_site_name":"Beauty Institute","article_modified_time":"2026-04-27T11:47:17+00:00","og_image":[{"width":1920,"height":1920,"url":"https:\/\/beautyinstitute.ee\/wp-content\/uploads\/2025\/06\/seren-set-fur-apparative-kosmetik_25004_7_2B5_1920x1920.webp","type":"image\/webp"}],"twitter_card":"summary_large_image","twitter_site":"@Beauty_Eesti","twitter_misc":{"\u041f\u0440\u0438\u043c\u0435\u0440\u043d\u043e\u0435 \u0432\u0440\u0435\u043c\u044f \u0434\u043b\u044f \u0447\u0442\u0435\u043d\u0438\u044f":"2 \u043c\u0438\u043d\u0443\u0442\u044b"},"schema":{"@context":"https:\/\/schema.org","@graph":[{"@type":"WebPage","@id":"https:\/\/beautyinstitute.ee\/toode\/baehr-seerumikomplekt-aparatiivkosmeetika-jaoks-450-ml\/","url":"https:\/\/beautyinstitute.ee\/toode\/baehr-seerumikomplekt-aparatiivkosmeetika-jaoks-450-ml\/","name":"Baehr Seerumikomplekt Aparatiivkosmeetika Jaoks 4*50 Ml - Beauty Institute","isPartOf":{"@id":"https:\/\/beautyinstitute.ee\/#website"},"primaryImageOfPage":{"@id":"https:\/\/beautyinstitute.ee\/toode\/baehr-seerumikomplekt-aparatiivkosmeetika-jaoks-450-ml\/#primaryimage"},"image":{"@id":"https:\/\/beautyinstitute.ee\/toode\/baehr-seerumikomplekt-aparatiivkosmeetika-jaoks-450-ml\/#primaryimage"},"thumbnailUrl":"https:\/\/beautyinstitute.ee\/wp-content\/uploads\/2025\/06\/seren-set-fur-apparative-kosmetik_25004_7_2B5_1920x1920.webp","datePublished":"2025-06-03T07:39:23+00:00","dateModified":"2026-04-27T11:47:17+00:00","breadcrumb":{"@id":"https:\/\/beautyinstitute.ee\/toode\/baehr-seerumikomplekt-aparatiivkosmeetika-jaoks-450-ml\/#breadcrumb"},"inLanguage":"ru-RU","potentialAction":[{"@type":"ReadAction","target":["https:\/\/beautyinstitute.ee\/toode\/baehr-seerumikomplekt-aparatiivkosmeetika-jaoks-450-ml\/"]}]},{"@type":"ImageObject","inLanguage":"ru-RU","@id":"https:\/\/beautyinstitute.ee\/toode\/baehr-seerumikomplekt-aparatiivkosmeetika-jaoks-450-ml\/#primaryimage","url":"https:\/\/beautyinstitute.ee\/wp-content\/uploads\/2025\/06\/seren-set-fur-apparative-kosmetik_25004_7_2B5_1920x1920.webp","contentUrl":"https:\/\/beautyinstitute.ee\/wp-content\/uploads\/2025\/06\/seren-set-fur-apparative-kosmetik_25004_7_2B5_1920x1920.webp","width":1920,"height":1920},{"@type":"BreadcrumbList","@id":"https:\/\/beautyinstitute.ee\/toode\/baehr-seerumikomplekt-aparatiivkosmeetika-jaoks-450-ml\/#breadcrumb","itemListElement":[{"@type":"ListItem","position":1,"name":"Home","item":"https:\/\/beautyinstitute.ee\/ru\/"},{"@type":"ListItem","position":2,"name":"E-pood","item":"https:\/\/beautyinstitute.ee\/e-pood\/"},{"@type":"ListItem","position":3,"name":"Baehr Seerumikomplekt Aparatiivkosmeetika Jaoks 4*50 Ml"}]},{"@type":"WebSite","@id":"https:\/\/beautyinstitute.ee\/#website","url":"https:\/\/beautyinstitute.ee\/","name":"Beauty Institute","description":"CNC Cosmetic ametlik maaletooja ja edasim\u00fc\u00fcja Eestis, Soomes, L\u00e4tis. Aparaadikosmeetika, koolitused, kosmeetikatooted.","potentialAction":[{"@type":"SearchAction","target":{"@type":"EntryPoint","urlTemplate":"https:\/\/beautyinstitute.ee\/?s={search_term_string}"},"query-input":{"@type":"PropertyValueSpecification","valueRequired":true,"valueName":"search_term_string"}}],"inLanguage":"ru-RU"}]}},"_links":{"self":[{"href":"https:\/\/beautyinstitute.ee\/ru\/wp-json\/wp\/v2\/product\/34053","targetHints":{"allow":["GET"]}}],"collection":[{"href":"https:\/\/beautyinstitute.ee\/ru\/wp-json\/wp\/v2\/product"}],"about":[{"href":"https:\/\/beautyinstitute.ee\/ru\/wp-json\/wp\/v2\/types\/product"}],"wp:featuredmedia":[{"embeddable":true,"href":"https:\/\/beautyinstitute.ee\/ru\/wp-json\/wp\/v2\/media\/34054"}],"wp:attachment":[{"href":"https:\/\/beautyinstitute.ee\/ru\/wp-json\/wp\/v2\/media?parent=34053"}],"wp:term":[{"taxonomy":"product_cat","embeddable":true,"href":"https:\/\/beautyinstitute.ee\/ru\/wp-json\/wp\/v2\/product_cat?post=34053"},{"taxonomy":"product_tag","embeddable":true,"href":"https:\/\/beautyinstitute.ee\/ru\/wp-json\/wp\/v2\/product_tag?post=34053"}],"curies":[{"name":"wp","href":"https:\/\/api.w.org\/{rel}","templated":true}]}}