{"id":34196,"date":"2025-06-13T10:46:49","date_gmt":"2025-06-13T07:46:49","guid":{"rendered":"https:\/\/beautyinstitute.ee\/?post_type=product&#038;p=34196"},"modified":"2026-04-28T14:47:53","modified_gmt":"2026-04-28T11:47:53","slug":"anti-aging-uv-protect-spf-50-30ml","status":"publish","type":"product","link":"https:\/\/beautyinstitute.ee\/ru\/toode\/anti-aging-uv-protect-spf-50-30ml\/","title":{"rendered":"Anti-Aging Uv Protect Spf 50 30Ml"},"content":{"rendered":"<p><strong>P\u00e4ikesekaitsekreem, mis \u00fchendab tippteaduse ja \u00e4\u00e4rmiselt t\u00f5husa ning puhta koostise<\/strong><\/p>\n<p data-start=\"179\" data-end=\"720\"><strong data-start=\"179\" data-end=\"193\">Kirjeldus:<\/strong><br data-start=\"193\" data-end=\"196\" \/>Kerge tekstuuriga \u00a0p\u00e4evakreem pakub tugevat kaitset p\u00e4ikesekahjustuste ja enneaegse vananemise eest t\u00e4nu SPF 50-le. Kreem aitab pikendada naha loomulikku kaitseaega ning ennetab UV-kiirgusest p\u00f5hjustatud kahjustusi ja kortsude teket. T\u00e4nu kaasaegsetele UVA-, UVB- ja infrapunakiirgust (IR) blokeerivatele filtritele ning Ectoinile v\u00e4hendab see nahale kahjulike kiirguste m\u00f5ju. Kakaoubade peptiidid aitavad \u00fchtlustada nahatooni, v\u00e4hendades sinise valguse (HEV) p\u00f5hjustatud h\u00fcperpigmentatsiooni ning toetavad elastiini tootmist.<\/p>\n<p data-start=\"179\" data-end=\"720\"><span style=\"font-weight: 400;\">\u2714 <\/span><b>Kerge ja matt viimistlus<\/b><span style=\"font-weight: 400;\"> ehk sobib meigi alla ja ei j\u00e4ta nahka l\u00e4ikima<\/span><span style=\"font-weight: 400;\"><br \/>\n<\/span><span style=\"font-weight: 400;\"> \u2714 <\/span><b>SPF 50 + kaasaegsed UV-filtrid + ektoiin<\/b><span style=\"font-weight: 400;\"> on kindel kaitse UVA, UVB ja infrapunakiirguse eest<\/span><span style=\"font-weight: 400;\"><br \/>\n<\/span><span style=\"font-weight: 400;\"> \u2714 <\/span><b>H\u00fcaluroonhape, C- ja E-vitamiin<\/b><span style=\"font-weight: 400;\"> pakuvad s\u00fcgavat niisutust <\/span><span style=\"font-weight: 400;\"><br \/>\n<\/span><span style=\"font-weight: 400;\"> \u2714 <\/span><b>Kakaopeptiidid<\/b><span style=\"font-weight: 400;\">\u00a0 v\u00e4hendavad sinise valguse tekitatud pigmendimuutusi ja tugevdavad naha struktuuri<\/span><\/p>\n<p data-start=\"722\" data-end=\"889\"><strong data-start=\"722\" data-end=\"737\">Kasutamine:<\/strong><br data-start=\"737\" data-end=\"740\" \/>Kanda igal hommikul p\u00e4rast tavap\u00e4rast seerumit ja\/v\u00f5i p\u00e4evakreemi. Parima kaitse tagamiseks on soovitatav p\u00e4eva jooksul vajadusel uuesti peale kanda.<\/p>\n<p data-start=\"891\" data-end=\"1023\"><strong data-start=\"891\" data-end=\"915\">Peamised toimeained:<\/strong><br data-start=\"915\" data-end=\"918\" \/>UVA- ja UVB-filtrid, MattControl, kakaoubade ekstrakt, Ectoin, h\u00fcaluroonhape, arginiin, vitamiinid C ja E<\/p>\n","protected":false},"excerpt":{"rendered":"<p>P\u00e4ikesekaitsekreem, mis \u00fchendab tippteaduse ja \u00e4\u00e4rmiselt t\u00f5husa ning puhta koostise Kirjeldus:Kerge tekstuuriga \u00a0p\u00e4evakreem pakub tugevat kaitset p\u00e4ikesekahjustuste ja enneaegse vananemise eest t\u00e4nu SPF 50-le. Kreem aitab pikendada naha loomulikku kaitseaega ning ennetab UV-kiirgusest p\u00f5hjustatud kahjustusi ja kortsude teket. T\u00e4nu kaasaegsetele UVA-, UVB- ja infrapunakiirgust (IR) blokeerivatele filtritele ning Ectoinile v\u00e4hendab see nahale kahjulike kiirguste m\u00f5ju. [&hellip;]<\/p>\n","protected":false},"featured_media":34197,"template":"","meta":{"_acf_changed":false},"product_cat":[278,250,252,118,123],"product_tag":[],"class_list":["post-34196","product","type-product","status-publish","has-post-thumbnail","hentry","product_cat-cnc","product_cat-naokreemid","product_cat-uv-kaitse","product_cat-aesthetic-world","product_cat-sun"],"acf":[],"yoast_head":"<!-- This site is optimized with the Yoast SEO plugin v25.4 - https:\/\/yoast.com\/wordpress\/plugins\/seo\/ -->\n<title>Anti-Aging Uv Protect Spf 50 30Ml - Beauty Institute<\/title>\n<meta name=\"robots\" content=\"index, follow, max-snippet:-1, max-image-preview:large, max-video-preview:-1\" \/>\n<link rel=\"canonical\" href=\"https:\/\/beautyinstitute.ee\/toode\/anti-aging-uv-protect-spf-50-30ml\/\" \/>\n<meta property=\"og:locale\" content=\"ru_RU\" \/>\n<meta property=\"og:type\" content=\"article\" \/>\n<meta property=\"og:title\" content=\"Anti-Aging Uv Protect Spf 50 30Ml - Beauty Institute\" \/>\n<meta property=\"og:description\" content=\"P\u00e4ikesekaitsekreem, mis \u00fchendab tippteaduse ja \u00e4\u00e4rmiselt t\u00f5husa ning puhta koostise Kirjeldus:Kerge tekstuuriga \u00a0p\u00e4evakreem pakub tugevat kaitset p\u00e4ikesekahjustuste ja enneaegse vananemise eest t\u00e4nu SPF 50-le. Kreem aitab pikendada naha loomulikku kaitseaega ning ennetab UV-kiirgusest p\u00f5hjustatud kahjustusi ja kortsude teket. T\u00e4nu kaasaegsetele UVA-, UVB- ja infrapunakiirgust (IR) blokeerivatele filtritele ning Ectoinile v\u00e4hendab see nahale kahjulike kiirguste m\u00f5ju. [&hellip;]\" \/>\n<meta property=\"og:url\" content=\"https:\/\/beautyinstitute.ee\/toode\/anti-aging-uv-protect-spf-50-30ml\/\" \/>\n<meta property=\"og:site_name\" content=\"Beauty Institute\" \/>\n<meta property=\"article:modified_time\" content=\"2026-04-28T11:47:53+00:00\" \/>\n<meta property=\"og:image\" content=\"https:\/\/beautyinstitute.ee\/wp-content\/uploads\/2025\/06\/anti-age-sun-fluid.jpeg\" \/>\n\t<meta property=\"og:image:width\" content=\"1920\" \/>\n\t<meta property=\"og:image:height\" content=\"1920\" \/>\n\t<meta property=\"og:image:type\" content=\"image\/jpeg\" \/>\n<meta name=\"twitter:card\" content=\"summary_large_image\" \/>\n<meta name=\"twitter:site\" content=\"@Beauty_Eesti\" \/>\n<meta name=\"twitter:label1\" content=\"\u041f\u0440\u0438\u043c\u0435\u0440\u043d\u043e\u0435 \u0432\u0440\u0435\u043c\u044f \u0434\u043b\u044f \u0447\u0442\u0435\u043d\u0438\u044f\" \/>\n\t<meta name=\"twitter:data1\" content=\"2 \u043c\u0438\u043d\u0443\u0442\u044b\" \/>\n<script type=\"application\/ld+json\" class=\"yoast-schema-graph\">{\"@context\":\"https:\/\/schema.org\",\"@graph\":[{\"@type\":\"WebPage\",\"@id\":\"https:\/\/beautyinstitute.ee\/toode\/anti-aging-uv-protect-spf-50-30ml\/\",\"url\":\"https:\/\/beautyinstitute.ee\/toode\/anti-aging-uv-protect-spf-50-30ml\/\",\"name\":\"Anti-Aging Uv Protect Spf 50 30Ml - Beauty Institute\",\"isPartOf\":{\"@id\":\"https:\/\/beautyinstitute.ee\/#website\"},\"primaryImageOfPage\":{\"@id\":\"https:\/\/beautyinstitute.ee\/toode\/anti-aging-uv-protect-spf-50-30ml\/#primaryimage\"},\"image\":{\"@id\":\"https:\/\/beautyinstitute.ee\/toode\/anti-aging-uv-protect-spf-50-30ml\/#primaryimage\"},\"thumbnailUrl\":\"https:\/\/beautyinstitute.ee\/wp-content\/uploads\/2025\/06\/anti-age-sun-fluid.jpeg\",\"datePublished\":\"2025-06-13T07:46:49+00:00\",\"dateModified\":\"2026-04-28T11:47:53+00:00\",\"breadcrumb\":{\"@id\":\"https:\/\/beautyinstitute.ee\/toode\/anti-aging-uv-protect-spf-50-30ml\/#breadcrumb\"},\"inLanguage\":\"ru-RU\",\"potentialAction\":[{\"@type\":\"ReadAction\",\"target\":[\"https:\/\/beautyinstitute.ee\/toode\/anti-aging-uv-protect-spf-50-30ml\/\"]}]},{\"@type\":\"ImageObject\",\"inLanguage\":\"ru-RU\",\"@id\":\"https:\/\/beautyinstitute.ee\/toode\/anti-aging-uv-protect-spf-50-30ml\/#primaryimage\",\"url\":\"https:\/\/beautyinstitute.ee\/wp-content\/uploads\/2025\/06\/anti-age-sun-fluid.jpeg\",\"contentUrl\":\"https:\/\/beautyinstitute.ee\/wp-content\/uploads\/2025\/06\/anti-age-sun-fluid.jpeg\",\"width\":1920,\"height\":1920},{\"@type\":\"BreadcrumbList\",\"@id\":\"https:\/\/beautyinstitute.ee\/toode\/anti-aging-uv-protect-spf-50-30ml\/#breadcrumb\",\"itemListElement\":[{\"@type\":\"ListItem\",\"position\":1,\"name\":\"Home\",\"item\":\"https:\/\/beautyinstitute.ee\/ru\/\"},{\"@type\":\"ListItem\",\"position\":2,\"name\":\"E-pood\",\"item\":\"https:\/\/beautyinstitute.ee\/e-pood\/\"},{\"@type\":\"ListItem\",\"position\":3,\"name\":\"Anti-Aging Uv Protect Spf 50 30Ml\"}]},{\"@type\":\"WebSite\",\"@id\":\"https:\/\/beautyinstitute.ee\/#website\",\"url\":\"https:\/\/beautyinstitute.ee\/\",\"name\":\"Beauty Institute\",\"description\":\"CNC Cosmetic ametlik maaletooja ja edasim\u00fc\u00fcja Eestis, Soomes, L\u00e4tis. Aparaadikosmeetika, koolitused, kosmeetikatooted.\",\"potentialAction\":[{\"@type\":\"SearchAction\",\"target\":{\"@type\":\"EntryPoint\",\"urlTemplate\":\"https:\/\/beautyinstitute.ee\/?s={search_term_string}\"},\"query-input\":{\"@type\":\"PropertyValueSpecification\",\"valueRequired\":true,\"valueName\":\"search_term_string\"}}],\"inLanguage\":\"ru-RU\"}]}<\/script>\n<!-- \/ Yoast SEO plugin. -->","yoast_head_json":{"title":"Anti-Aging Uv Protect Spf 50 30Ml - Beauty Institute","robots":{"index":"index","follow":"follow","max-snippet":"max-snippet:-1","max-image-preview":"max-image-preview:large","max-video-preview":"max-video-preview:-1"},"canonical":"https:\/\/beautyinstitute.ee\/toode\/anti-aging-uv-protect-spf-50-30ml\/","og_locale":"ru_RU","og_type":"article","og_title":"Anti-Aging Uv Protect Spf 50 30Ml - Beauty Institute","og_description":"P\u00e4ikesekaitsekreem, mis \u00fchendab tippteaduse ja \u00e4\u00e4rmiselt t\u00f5husa ning puhta koostise Kirjeldus:Kerge tekstuuriga \u00a0p\u00e4evakreem pakub tugevat kaitset p\u00e4ikesekahjustuste ja enneaegse vananemise eest t\u00e4nu SPF 50-le. Kreem aitab pikendada naha loomulikku kaitseaega ning ennetab UV-kiirgusest p\u00f5hjustatud kahjustusi ja kortsude teket. T\u00e4nu kaasaegsetele UVA-, UVB- ja infrapunakiirgust (IR) blokeerivatele filtritele ning Ectoinile v\u00e4hendab see nahale kahjulike kiirguste m\u00f5ju. [&hellip;]","og_url":"https:\/\/beautyinstitute.ee\/toode\/anti-aging-uv-protect-spf-50-30ml\/","og_site_name":"Beauty Institute","article_modified_time":"2026-04-28T11:47:53+00:00","og_image":[{"width":1920,"height":1920,"url":"https:\/\/beautyinstitute.ee\/wp-content\/uploads\/2025\/06\/anti-age-sun-fluid.jpeg","type":"image\/jpeg"}],"twitter_card":"summary_large_image","twitter_site":"@Beauty_Eesti","twitter_misc":{"\u041f\u0440\u0438\u043c\u0435\u0440\u043d\u043e\u0435 \u0432\u0440\u0435\u043c\u044f \u0434\u043b\u044f \u0447\u0442\u0435\u043d\u0438\u044f":"2 \u043c\u0438\u043d\u0443\u0442\u044b"},"schema":{"@context":"https:\/\/schema.org","@graph":[{"@type":"WebPage","@id":"https:\/\/beautyinstitute.ee\/toode\/anti-aging-uv-protect-spf-50-30ml\/","url":"https:\/\/beautyinstitute.ee\/toode\/anti-aging-uv-protect-spf-50-30ml\/","name":"Anti-Aging Uv Protect Spf 50 30Ml - Beauty Institute","isPartOf":{"@id":"https:\/\/beautyinstitute.ee\/#website"},"primaryImageOfPage":{"@id":"https:\/\/beautyinstitute.ee\/toode\/anti-aging-uv-protect-spf-50-30ml\/#primaryimage"},"image":{"@id":"https:\/\/beautyinstitute.ee\/toode\/anti-aging-uv-protect-spf-50-30ml\/#primaryimage"},"thumbnailUrl":"https:\/\/beautyinstitute.ee\/wp-content\/uploads\/2025\/06\/anti-age-sun-fluid.jpeg","datePublished":"2025-06-13T07:46:49+00:00","dateModified":"2026-04-28T11:47:53+00:00","breadcrumb":{"@id":"https:\/\/beautyinstitute.ee\/toode\/anti-aging-uv-protect-spf-50-30ml\/#breadcrumb"},"inLanguage":"ru-RU","potentialAction":[{"@type":"ReadAction","target":["https:\/\/beautyinstitute.ee\/toode\/anti-aging-uv-protect-spf-50-30ml\/"]}]},{"@type":"ImageObject","inLanguage":"ru-RU","@id":"https:\/\/beautyinstitute.ee\/toode\/anti-aging-uv-protect-spf-50-30ml\/#primaryimage","url":"https:\/\/beautyinstitute.ee\/wp-content\/uploads\/2025\/06\/anti-age-sun-fluid.jpeg","contentUrl":"https:\/\/beautyinstitute.ee\/wp-content\/uploads\/2025\/06\/anti-age-sun-fluid.jpeg","width":1920,"height":1920},{"@type":"BreadcrumbList","@id":"https:\/\/beautyinstitute.ee\/toode\/anti-aging-uv-protect-spf-50-30ml\/#breadcrumb","itemListElement":[{"@type":"ListItem","position":1,"name":"Home","item":"https:\/\/beautyinstitute.ee\/ru\/"},{"@type":"ListItem","position":2,"name":"E-pood","item":"https:\/\/beautyinstitute.ee\/e-pood\/"},{"@type":"ListItem","position":3,"name":"Anti-Aging Uv Protect Spf 50 30Ml"}]},{"@type":"WebSite","@id":"https:\/\/beautyinstitute.ee\/#website","url":"https:\/\/beautyinstitute.ee\/","name":"Beauty Institute","description":"CNC Cosmetic ametlik maaletooja ja edasim\u00fc\u00fcja Eestis, Soomes, L\u00e4tis. Aparaadikosmeetika, koolitused, kosmeetikatooted.","potentialAction":[{"@type":"SearchAction","target":{"@type":"EntryPoint","urlTemplate":"https:\/\/beautyinstitute.ee\/?s={search_term_string}"},"query-input":{"@type":"PropertyValueSpecification","valueRequired":true,"valueName":"search_term_string"}}],"inLanguage":"ru-RU"}]}},"_links":{"self":[{"href":"https:\/\/beautyinstitute.ee\/ru\/wp-json\/wp\/v2\/product\/34196","targetHints":{"allow":["GET"]}}],"collection":[{"href":"https:\/\/beautyinstitute.ee\/ru\/wp-json\/wp\/v2\/product"}],"about":[{"href":"https:\/\/beautyinstitute.ee\/ru\/wp-json\/wp\/v2\/types\/product"}],"wp:featuredmedia":[{"embeddable":true,"href":"https:\/\/beautyinstitute.ee\/ru\/wp-json\/wp\/v2\/media\/34197"}],"wp:attachment":[{"href":"https:\/\/beautyinstitute.ee\/ru\/wp-json\/wp\/v2\/media?parent=34196"}],"wp:term":[{"taxonomy":"product_cat","embeddable":true,"href":"https:\/\/beautyinstitute.ee\/ru\/wp-json\/wp\/v2\/product_cat?post=34196"},{"taxonomy":"product_tag","embeddable":true,"href":"https:\/\/beautyinstitute.ee\/ru\/wp-json\/wp\/v2\/product_tag?post=34196"}],"curies":[{"name":"wp","href":"https:\/\/api.w.org\/{rel}","templated":true}]}}