{"id":34306,"date":"2025-06-26T10:46:42","date_gmt":"2025-06-26T07:46:42","guid":{"rendered":"https:\/\/beautyinstitute.ee\/?post_type=product&#038;p=34306"},"modified":"2026-04-28T13:29:37","modified_gmt":"2026-04-28T10:29:37","slug":"hyaluron-lift-hualuroon-aloe-vera","status":"publish","type":"product","link":"https:\/\/beautyinstitute.ee\/ru\/toode\/hyaluron-lift-hualuroon-aloe-vera\/","title":{"rendered":"Hyaluron Lift &#8211; H\u00fcaluroon &#038; Aloe Vera"},"content":{"rendered":"<p data-start=\"46\" data-end=\"125\"><strong data-start=\"46\" data-end=\"59\">Kirjeldus<\/strong><br data-start=\"59\" data-end=\"62\" \/>Lisahooldus miimikakortsude ja esimeste vananemism\u00e4rkide korral<\/p>\n<p data-start=\"127\" data-end=\"259\"><strong data-start=\"127\" data-end=\"136\">Toime<\/strong><br data-start=\"136\" data-end=\"139\" \/>Annab nahale \u00a0elastsust ja pinguldab nahka. Tagab optimaalse niisutuse ja silub kortsukesi. Leevendab naha\u00e4rritusi.<\/p>\n<p data-start=\"261\" data-end=\"331\"><strong data-start=\"261\" data-end=\"271\">Sobib:<\/strong><br data-start=\"271\" data-end=\"274\" \/>K\u00f5igile nahat\u00fc\u00fcpidele, eriti esimeste kortsude ilmnemisel<\/p>\n<p data-start=\"333\" data-end=\"424\"><strong data-start=\"333\" data-end=\"345\">Eelised:<\/strong><br data-start=\"345\" data-end=\"348\" \/>\u2022 V\u00e4hendab kortsukesi<br data-start=\"369\" data-end=\"372\" \/>\u2022 Tagab intensiivse niisutuse<br data-start=\"401\" data-end=\"404\" \/>\u2022 Leevendab \u00e4rritusi<\/p>\n<p data-start=\"426\" data-end=\"481\"><strong data-start=\"426\" data-end=\"441\">Toimeained:<\/strong><br data-start=\"441\" data-end=\"444\" \/>H\u00fcaluroonhape, aaloe vera, allantoiin<\/p>\n<p data-start=\"483\" data-end=\"657\"><strong data-start=\"483\" data-end=\"498\">Kasutamine:<\/strong><br data-start=\"498\" data-end=\"501\" \/>Kanna v\u00e4ike kogus toimeainete kontsentraati hoolikalt puhastatud nahale s\u00f5rmeotstega ning patsuta \u00f5rnalt sisse. Seej\u00e4rel kasuta tavap\u00e4rast n\u00e4ohooldustoodet.<\/p>\n<p data-start=\"659\" data-end=\"817\"><strong data-start=\"659\" data-end=\"678\">Oluline m\u00e4rkus:<\/strong><br data-start=\"678\" data-end=\"681\" \/>V\u00e4ltida silma sattumist. Ampulli mitte avada paljaste k\u00e4tega. P\u00e4rast avamist kasutada koheselt. Sobib kasutamiseks koos ultraheliraviga.<\/p>\n<p data-start=\"819\" data-end=\"828\"><strong data-start=\"819\" data-end=\"828\">Vegan<\/strong><\/p>\n","protected":false},"excerpt":{"rendered":"<p>KirjeldusLisahooldus miimikakortsude ja esimeste vananemism\u00e4rkide korral ToimeAnnab nahale \u00a0elastsust ja pinguldab nahka. Tagab optimaalse niisutuse ja silub kortsukesi. Leevendab naha\u00e4rritusi. Sobib:K\u00f5igile nahat\u00fc\u00fcpidele, eriti esimeste kortsude ilmnemisel Eelised:\u2022 V\u00e4hendab kortsukesi\u2022 Tagab intensiivse niisutuse\u2022 Leevendab \u00e4rritusi Toimeained:H\u00fcaluroonhape, aaloe vera, allantoiin Kasutamine:Kanna v\u00e4ike kogus toimeainete kontsentraati hoolikalt puhastatud nahale s\u00f5rmeotstega ning patsuta \u00f5rnalt sisse. Seej\u00e4rel kasuta tavap\u00e4rast n\u00e4ohooldustoodet. [&hellip;]<\/p>\n","protected":false},"featured_media":34310,"template":"","meta":{"_acf_changed":false},"product_cat":[278,150,135],"product_tag":[],"class_list":["post-34306","product","type-product","status-publish","has-post-thumbnail","hentry","product_cat-cnc","product_cat-ampullikontsentraadid","product_cat-ultrasonic-beauty-light"],"acf":[],"yoast_head":"<!-- This site is optimized with the Yoast SEO plugin v25.4 - https:\/\/yoast.com\/wordpress\/plugins\/seo\/ -->\n<title>Hyaluron Lift - H\u00fcaluroon &amp; Aloe Vera - Beauty Institute<\/title>\n<meta name=\"robots\" content=\"index, follow, max-snippet:-1, max-image-preview:large, max-video-preview:-1\" \/>\n<link rel=\"canonical\" href=\"https:\/\/beautyinstitute.ee\/toode\/hyaluron-lift-hualuroon-aloe-vera\/\" \/>\n<meta property=\"og:locale\" content=\"ru_RU\" \/>\n<meta property=\"og:type\" content=\"article\" \/>\n<meta property=\"og:title\" content=\"Hyaluron Lift - H\u00fcaluroon &amp; Aloe Vera - Beauty Institute\" \/>\n<meta property=\"og:description\" content=\"KirjeldusLisahooldus miimikakortsude ja esimeste vananemism\u00e4rkide korral ToimeAnnab nahale \u00a0elastsust ja pinguldab nahka. Tagab optimaalse niisutuse ja silub kortsukesi. Leevendab naha\u00e4rritusi. Sobib:K\u00f5igile nahat\u00fc\u00fcpidele, eriti esimeste kortsude ilmnemisel Eelised:\u2022 V\u00e4hendab kortsukesi\u2022 Tagab intensiivse niisutuse\u2022 Leevendab \u00e4rritusi Toimeained:H\u00fcaluroonhape, aaloe vera, allantoiin Kasutamine:Kanna v\u00e4ike kogus toimeainete kontsentraati hoolikalt puhastatud nahale s\u00f5rmeotstega ning patsuta \u00f5rnalt sisse. Seej\u00e4rel kasuta tavap\u00e4rast n\u00e4ohooldustoodet. [&hellip;]\" \/>\n<meta property=\"og:url\" content=\"https:\/\/beautyinstitute.ee\/toode\/hyaluron-lift-hualuroon-aloe-vera\/\" \/>\n<meta property=\"og:site_name\" content=\"Beauty Institute\" \/>\n<meta property=\"article:modified_time\" content=\"2026-04-28T10:29:37+00:00\" \/>\n<meta property=\"og:image\" content=\"https:\/\/beautyinstitute.ee\/wp-content\/uploads\/2025\/06\/hyaluron-lift.-karp.jpeg\" \/>\n\t<meta property=\"og:image:width\" content=\"1920\" \/>\n\t<meta property=\"og:image:height\" content=\"1920\" \/>\n\t<meta property=\"og:image:type\" content=\"image\/jpeg\" \/>\n<meta name=\"twitter:card\" content=\"summary_large_image\" \/>\n<meta name=\"twitter:site\" content=\"@Beauty_Eesti\" \/>\n<meta name=\"twitter:label1\" content=\"\u041f\u0440\u0438\u043c\u0435\u0440\u043d\u043e\u0435 \u0432\u0440\u0435\u043c\u044f \u0434\u043b\u044f \u0447\u0442\u0435\u043d\u0438\u044f\" \/>\n\t<meta name=\"twitter:data1\" content=\"1 \u043c\u0438\u043d\u0443\u0442\u0430\" \/>\n<script type=\"application\/ld+json\" class=\"yoast-schema-graph\">{\"@context\":\"https:\/\/schema.org\",\"@graph\":[{\"@type\":\"WebPage\",\"@id\":\"https:\/\/beautyinstitute.ee\/toode\/hyaluron-lift-hualuroon-aloe-vera\/\",\"url\":\"https:\/\/beautyinstitute.ee\/toode\/hyaluron-lift-hualuroon-aloe-vera\/\",\"name\":\"Hyaluron Lift - H\u00fcaluroon & Aloe Vera - Beauty Institute\",\"isPartOf\":{\"@id\":\"https:\/\/beautyinstitute.ee\/#website\"},\"primaryImageOfPage\":{\"@id\":\"https:\/\/beautyinstitute.ee\/toode\/hyaluron-lift-hualuroon-aloe-vera\/#primaryimage\"},\"image\":{\"@id\":\"https:\/\/beautyinstitute.ee\/toode\/hyaluron-lift-hualuroon-aloe-vera\/#primaryimage\"},\"thumbnailUrl\":\"https:\/\/beautyinstitute.ee\/wp-content\/uploads\/2025\/06\/hyaluron-lift.-karp.jpeg\",\"datePublished\":\"2025-06-26T07:46:42+00:00\",\"dateModified\":\"2026-04-28T10:29:37+00:00\",\"breadcrumb\":{\"@id\":\"https:\/\/beautyinstitute.ee\/toode\/hyaluron-lift-hualuroon-aloe-vera\/#breadcrumb\"},\"inLanguage\":\"ru-RU\",\"potentialAction\":[{\"@type\":\"ReadAction\",\"target\":[\"https:\/\/beautyinstitute.ee\/toode\/hyaluron-lift-hualuroon-aloe-vera\/\"]}]},{\"@type\":\"ImageObject\",\"inLanguage\":\"ru-RU\",\"@id\":\"https:\/\/beautyinstitute.ee\/toode\/hyaluron-lift-hualuroon-aloe-vera\/#primaryimage\",\"url\":\"https:\/\/beautyinstitute.ee\/wp-content\/uploads\/2025\/06\/hyaluron-lift.-karp.jpeg\",\"contentUrl\":\"https:\/\/beautyinstitute.ee\/wp-content\/uploads\/2025\/06\/hyaluron-lift.-karp.jpeg\",\"width\":1920,\"height\":1920},{\"@type\":\"BreadcrumbList\",\"@id\":\"https:\/\/beautyinstitute.ee\/toode\/hyaluron-lift-hualuroon-aloe-vera\/#breadcrumb\",\"itemListElement\":[{\"@type\":\"ListItem\",\"position\":1,\"name\":\"Home\",\"item\":\"https:\/\/beautyinstitute.ee\/ru\/\"},{\"@type\":\"ListItem\",\"position\":2,\"name\":\"E-pood\",\"item\":\"https:\/\/beautyinstitute.ee\/e-pood\/\"},{\"@type\":\"ListItem\",\"position\":3,\"name\":\"Hyaluron Lift &#8211; H\u00fcaluroon &#038; Aloe Vera\"}]},{\"@type\":\"WebSite\",\"@id\":\"https:\/\/beautyinstitute.ee\/#website\",\"url\":\"https:\/\/beautyinstitute.ee\/\",\"name\":\"Beauty Institute\",\"description\":\"CNC Cosmetic ametlik maaletooja ja edasim\u00fc\u00fcja Eestis, Soomes, L\u00e4tis. Aparaadikosmeetika, koolitused, kosmeetikatooted.\",\"potentialAction\":[{\"@type\":\"SearchAction\",\"target\":{\"@type\":\"EntryPoint\",\"urlTemplate\":\"https:\/\/beautyinstitute.ee\/?s={search_term_string}\"},\"query-input\":{\"@type\":\"PropertyValueSpecification\",\"valueRequired\":true,\"valueName\":\"search_term_string\"}}],\"inLanguage\":\"ru-RU\"}]}<\/script>\n<!-- \/ Yoast SEO plugin. -->","yoast_head_json":{"title":"Hyaluron Lift - H\u00fcaluroon & Aloe Vera - Beauty Institute","robots":{"index":"index","follow":"follow","max-snippet":"max-snippet:-1","max-image-preview":"max-image-preview:large","max-video-preview":"max-video-preview:-1"},"canonical":"https:\/\/beautyinstitute.ee\/toode\/hyaluron-lift-hualuroon-aloe-vera\/","og_locale":"ru_RU","og_type":"article","og_title":"Hyaluron Lift - H\u00fcaluroon & Aloe Vera - Beauty Institute","og_description":"KirjeldusLisahooldus miimikakortsude ja esimeste vananemism\u00e4rkide korral ToimeAnnab nahale \u00a0elastsust ja pinguldab nahka. Tagab optimaalse niisutuse ja silub kortsukesi. Leevendab naha\u00e4rritusi. Sobib:K\u00f5igile nahat\u00fc\u00fcpidele, eriti esimeste kortsude ilmnemisel Eelised:\u2022 V\u00e4hendab kortsukesi\u2022 Tagab intensiivse niisutuse\u2022 Leevendab \u00e4rritusi Toimeained:H\u00fcaluroonhape, aaloe vera, allantoiin Kasutamine:Kanna v\u00e4ike kogus toimeainete kontsentraati hoolikalt puhastatud nahale s\u00f5rmeotstega ning patsuta \u00f5rnalt sisse. Seej\u00e4rel kasuta tavap\u00e4rast n\u00e4ohooldustoodet. [&hellip;]","og_url":"https:\/\/beautyinstitute.ee\/toode\/hyaluron-lift-hualuroon-aloe-vera\/","og_site_name":"Beauty Institute","article_modified_time":"2026-04-28T10:29:37+00:00","og_image":[{"width":1920,"height":1920,"url":"https:\/\/beautyinstitute.ee\/wp-content\/uploads\/2025\/06\/hyaluron-lift.-karp.jpeg","type":"image\/jpeg"}],"twitter_card":"summary_large_image","twitter_site":"@Beauty_Eesti","twitter_misc":{"\u041f\u0440\u0438\u043c\u0435\u0440\u043d\u043e\u0435 \u0432\u0440\u0435\u043c\u044f \u0434\u043b\u044f \u0447\u0442\u0435\u043d\u0438\u044f":"1 \u043c\u0438\u043d\u0443\u0442\u0430"},"schema":{"@context":"https:\/\/schema.org","@graph":[{"@type":"WebPage","@id":"https:\/\/beautyinstitute.ee\/toode\/hyaluron-lift-hualuroon-aloe-vera\/","url":"https:\/\/beautyinstitute.ee\/toode\/hyaluron-lift-hualuroon-aloe-vera\/","name":"Hyaluron Lift - H\u00fcaluroon & Aloe Vera - Beauty Institute","isPartOf":{"@id":"https:\/\/beautyinstitute.ee\/#website"},"primaryImageOfPage":{"@id":"https:\/\/beautyinstitute.ee\/toode\/hyaluron-lift-hualuroon-aloe-vera\/#primaryimage"},"image":{"@id":"https:\/\/beautyinstitute.ee\/toode\/hyaluron-lift-hualuroon-aloe-vera\/#primaryimage"},"thumbnailUrl":"https:\/\/beautyinstitute.ee\/wp-content\/uploads\/2025\/06\/hyaluron-lift.-karp.jpeg","datePublished":"2025-06-26T07:46:42+00:00","dateModified":"2026-04-28T10:29:37+00:00","breadcrumb":{"@id":"https:\/\/beautyinstitute.ee\/toode\/hyaluron-lift-hualuroon-aloe-vera\/#breadcrumb"},"inLanguage":"ru-RU","potentialAction":[{"@type":"ReadAction","target":["https:\/\/beautyinstitute.ee\/toode\/hyaluron-lift-hualuroon-aloe-vera\/"]}]},{"@type":"ImageObject","inLanguage":"ru-RU","@id":"https:\/\/beautyinstitute.ee\/toode\/hyaluron-lift-hualuroon-aloe-vera\/#primaryimage","url":"https:\/\/beautyinstitute.ee\/wp-content\/uploads\/2025\/06\/hyaluron-lift.-karp.jpeg","contentUrl":"https:\/\/beautyinstitute.ee\/wp-content\/uploads\/2025\/06\/hyaluron-lift.-karp.jpeg","width":1920,"height":1920},{"@type":"BreadcrumbList","@id":"https:\/\/beautyinstitute.ee\/toode\/hyaluron-lift-hualuroon-aloe-vera\/#breadcrumb","itemListElement":[{"@type":"ListItem","position":1,"name":"Home","item":"https:\/\/beautyinstitute.ee\/ru\/"},{"@type":"ListItem","position":2,"name":"E-pood","item":"https:\/\/beautyinstitute.ee\/e-pood\/"},{"@type":"ListItem","position":3,"name":"Hyaluron Lift &#8211; H\u00fcaluroon &#038; Aloe Vera"}]},{"@type":"WebSite","@id":"https:\/\/beautyinstitute.ee\/#website","url":"https:\/\/beautyinstitute.ee\/","name":"Beauty Institute","description":"CNC Cosmetic ametlik maaletooja ja edasim\u00fc\u00fcja Eestis, Soomes, L\u00e4tis. Aparaadikosmeetika, koolitused, kosmeetikatooted.","potentialAction":[{"@type":"SearchAction","target":{"@type":"EntryPoint","urlTemplate":"https:\/\/beautyinstitute.ee\/?s={search_term_string}"},"query-input":{"@type":"PropertyValueSpecification","valueRequired":true,"valueName":"search_term_string"}}],"inLanguage":"ru-RU"}]}},"_links":{"self":[{"href":"https:\/\/beautyinstitute.ee\/ru\/wp-json\/wp\/v2\/product\/34306","targetHints":{"allow":["GET"]}}],"collection":[{"href":"https:\/\/beautyinstitute.ee\/ru\/wp-json\/wp\/v2\/product"}],"about":[{"href":"https:\/\/beautyinstitute.ee\/ru\/wp-json\/wp\/v2\/types\/product"}],"wp:featuredmedia":[{"embeddable":true,"href":"https:\/\/beautyinstitute.ee\/ru\/wp-json\/wp\/v2\/media\/34310"}],"wp:attachment":[{"href":"https:\/\/beautyinstitute.ee\/ru\/wp-json\/wp\/v2\/media?parent=34306"}],"wp:term":[{"taxonomy":"product_cat","embeddable":true,"href":"https:\/\/beautyinstitute.ee\/ru\/wp-json\/wp\/v2\/product_cat?post=34306"},{"taxonomy":"product_tag","embeddable":true,"href":"https:\/\/beautyinstitute.ee\/ru\/wp-json\/wp\/v2\/product_tag?post=34306"}],"curies":[{"name":"wp","href":"https:\/\/api.w.org\/{rel}","templated":true}]}}