{"id":3448,"date":"2019-01-29T14:07:42","date_gmt":"2019-01-29T14:07:42","guid":{"rendered":"https:\/\/beautyinstitute.ee\/?post_type=product&#038;p=3448"},"modified":"2026-04-20T16:15:33","modified_gmt":"2026-04-20T13:15:33","slug":"dihyal-effect-gel","status":"publish","type":"product","link":"https:\/\/beautyinstitute.ee\/ru\/toode\/dihyal-effect-gel\/","title":{"rendered":"Dihyal Effect Gel"},"content":{"rendered":"<p><strong>\u00d5livaba kontsentraat k\u00fcpsele, ja taastamist vajavale nahale.<\/strong><\/p>\n<p>V\u00f5imas aktiivainete j\u00f5ud &#8211; n\u00e4htavad tulemused vaid 28. p\u00e4evaga.<br \/>\nGeelis kasutatakse Dihyal-Anti age vananemisvastaseid toimeained ja Lift-kompleksi. Geel v\u00f5itleb miimika- ja kuivusest tulenevate kortsudega.<br \/>\nNahk j\u00e4\u00e4b sile ja pinguldatud. Tugevdab ja t\u00f5stab n\u00e4okontuure. Kiirendab naha regeneratsiooni protsessi ja kaitseb nahka enneaegse vananemise eest. <span class=\"text_exposed_show\">N\u00e4htavalt eluj\u00f5ulisem, siledam, nooruslikum ja s\u00e4ravam v\u00e4limus.<br \/>\n<\/span><\/p>\n<p><strong>Eelised:<\/strong><\/p>\n<ul>\n<li>n\u00e4htavalt eluj\u00f5ulise, siledama ja noorema v\u00e4limuse saamiseks<\/li>\n<li>miimilised kortsud ja kuivus on silutud<\/li>\n<\/ul>\n<p><strong>Sobilik:<\/strong> k\u00fcps nahk, mis vajab taastumist, ka ebapuhta naha jaoks.<\/p>\n<p><span class=\"text_exposed_show\"><strong>Toimeained:<\/strong> H\u00fcaluroonhape (2.molekulaarne), m\u00fcrtleekstrakt, kuradikeele ekstrakt, karrageen.<\/span><\/p>\n","protected":false},"excerpt":{"rendered":"<p>\u00d5livaba kontsentraat k\u00fcpsele, ja taastamist vajavale nahale. V\u00f5imas aktiivainete j\u00f5ud &#8211; n\u00e4htavad tulemused vaid 28. p\u00e4evaga. Geelis kasutatakse Dihyal-Anti age vananemisvastaseid toimeained ja Lift-kompleksi. Geel v\u00f5itleb miimika- ja kuivusest tulenevate kortsudega. Nahk j\u00e4\u00e4b sile ja pinguldatud. Tugevdab ja t\u00f5stab n\u00e4okontuure. Kiirendab naha regeneratsiooni protsessi ja kaitseb nahka enneaegse vananemise eest. N\u00e4htavalt eluj\u00f5ulisem, siledam, nooruslikum ja [&hellip;]<\/p>\n","protected":false},"featured_media":11752,"template":"","meta":{"_acf_changed":false},"product_cat":[114,126],"product_tag":[],"class_list":["post-3448","product","type-product","status-publish","has-post-thumbnail","hentry","product_cat-tootesarjad","product_cat-classic-plus"],"acf":[],"yoast_head":"<!-- This site is optimized with the Yoast SEO plugin v25.4 - https:\/\/yoast.com\/wordpress\/plugins\/seo\/ -->\n<title>Dihyal Effect Gel - Beauty Institute<\/title>\n<meta name=\"robots\" content=\"index, follow, max-snippet:-1, max-image-preview:large, max-video-preview:-1\" \/>\n<link rel=\"canonical\" href=\"https:\/\/beautyinstitute.ee\/toode\/dihyal-effect-gel\/\" \/>\n<meta property=\"og:locale\" content=\"ru_RU\" \/>\n<meta property=\"og:type\" content=\"article\" \/>\n<meta property=\"og:title\" content=\"Dihyal Effect Gel - Beauty Institute\" \/>\n<meta property=\"og:description\" content=\"\u00d5livaba kontsentraat k\u00fcpsele, ja taastamist vajavale nahale. V\u00f5imas aktiivainete j\u00f5ud &#8211; n\u00e4htavad tulemused vaid 28. p\u00e4evaga. Geelis kasutatakse Dihyal-Anti age vananemisvastaseid toimeained ja Lift-kompleksi. Geel v\u00f5itleb miimika- ja kuivusest tulenevate kortsudega. Nahk j\u00e4\u00e4b sile ja pinguldatud. Tugevdab ja t\u00f5stab n\u00e4okontuure. Kiirendab naha regeneratsiooni protsessi ja kaitseb nahka enneaegse vananemise eest. N\u00e4htavalt eluj\u00f5ulisem, siledam, nooruslikum ja [&hellip;]\" \/>\n<meta property=\"og:url\" content=\"https:\/\/beautyinstitute.ee\/toode\/dihyal-effect-gel\/\" \/>\n<meta property=\"og:site_name\" content=\"Beauty Institute\" \/>\n<meta property=\"article:modified_time\" content=\"2026-04-20T13:15:33+00:00\" \/>\n<meta property=\"og:image\" content=\"https:\/\/beautyinstitute.ee\/wp-content\/uploads\/2019\/01\/dihyal-effect-gel.jpg\" \/>\n\t<meta property=\"og:image:width\" content=\"750\" \/>\n\t<meta property=\"og:image:height\" content=\"711\" \/>\n\t<meta property=\"og:image:type\" content=\"image\/jpeg\" \/>\n<meta name=\"twitter:card\" content=\"summary_large_image\" \/>\n<meta name=\"twitter:site\" content=\"@Beauty_Eesti\" \/>\n<meta name=\"twitter:label1\" content=\"\u041f\u0440\u0438\u043c\u0435\u0440\u043d\u043e\u0435 \u0432\u0440\u0435\u043c\u044f \u0434\u043b\u044f \u0447\u0442\u0435\u043d\u0438\u044f\" \/>\n\t<meta name=\"twitter:data1\" content=\"1 \u043c\u0438\u043d\u0443\u0442\u0430\" \/>\n<script type=\"application\/ld+json\" class=\"yoast-schema-graph\">{\"@context\":\"https:\/\/schema.org\",\"@graph\":[{\"@type\":\"WebPage\",\"@id\":\"https:\/\/beautyinstitute.ee\/toode\/dihyal-effect-gel\/\",\"url\":\"https:\/\/beautyinstitute.ee\/toode\/dihyal-effect-gel\/\",\"name\":\"Dihyal Effect Gel - Beauty Institute\",\"isPartOf\":{\"@id\":\"https:\/\/beautyinstitute.ee\/#website\"},\"primaryImageOfPage\":{\"@id\":\"https:\/\/beautyinstitute.ee\/toode\/dihyal-effect-gel\/#primaryimage\"},\"image\":{\"@id\":\"https:\/\/beautyinstitute.ee\/toode\/dihyal-effect-gel\/#primaryimage\"},\"thumbnailUrl\":\"https:\/\/beautyinstitute.ee\/wp-content\/uploads\/2019\/01\/dihyal-effect-gel.jpg\",\"datePublished\":\"2019-01-29T14:07:42+00:00\",\"dateModified\":\"2026-04-20T13:15:33+00:00\",\"breadcrumb\":{\"@id\":\"https:\/\/beautyinstitute.ee\/toode\/dihyal-effect-gel\/#breadcrumb\"},\"inLanguage\":\"ru-RU\",\"potentialAction\":[{\"@type\":\"ReadAction\",\"target\":[\"https:\/\/beautyinstitute.ee\/toode\/dihyal-effect-gel\/\"]}]},{\"@type\":\"ImageObject\",\"inLanguage\":\"ru-RU\",\"@id\":\"https:\/\/beautyinstitute.ee\/toode\/dihyal-effect-gel\/#primaryimage\",\"url\":\"https:\/\/beautyinstitute.ee\/wp-content\/uploads\/2019\/01\/dihyal-effect-gel.jpg\",\"contentUrl\":\"https:\/\/beautyinstitute.ee\/wp-content\/uploads\/2019\/01\/dihyal-effect-gel.jpg\",\"width\":750,\"height\":711},{\"@type\":\"BreadcrumbList\",\"@id\":\"https:\/\/beautyinstitute.ee\/toode\/dihyal-effect-gel\/#breadcrumb\",\"itemListElement\":[{\"@type\":\"ListItem\",\"position\":1,\"name\":\"Home\",\"item\":\"https:\/\/beautyinstitute.ee\/ru\/\"},{\"@type\":\"ListItem\",\"position\":2,\"name\":\"E-pood\",\"item\":\"https:\/\/beautyinstitute.ee\/e-pood\/\"},{\"@type\":\"ListItem\",\"position\":3,\"name\":\"Dihyal Effect Gel\"}]},{\"@type\":\"WebSite\",\"@id\":\"https:\/\/beautyinstitute.ee\/#website\",\"url\":\"https:\/\/beautyinstitute.ee\/\",\"name\":\"Beauty Institute\",\"description\":\"CNC Cosmetic ametlik maaletooja ja edasim\u00fc\u00fcja Eestis, Soomes, L\u00e4tis. Aparaadikosmeetika, koolitused, kosmeetikatooted.\",\"potentialAction\":[{\"@type\":\"SearchAction\",\"target\":{\"@type\":\"EntryPoint\",\"urlTemplate\":\"https:\/\/beautyinstitute.ee\/?s={search_term_string}\"},\"query-input\":{\"@type\":\"PropertyValueSpecification\",\"valueRequired\":true,\"valueName\":\"search_term_string\"}}],\"inLanguage\":\"ru-RU\"}]}<\/script>\n<!-- \/ Yoast SEO plugin. -->","yoast_head_json":{"title":"Dihyal Effect Gel - Beauty Institute","robots":{"index":"index","follow":"follow","max-snippet":"max-snippet:-1","max-image-preview":"max-image-preview:large","max-video-preview":"max-video-preview:-1"},"canonical":"https:\/\/beautyinstitute.ee\/toode\/dihyal-effect-gel\/","og_locale":"ru_RU","og_type":"article","og_title":"Dihyal Effect Gel - Beauty Institute","og_description":"\u00d5livaba kontsentraat k\u00fcpsele, ja taastamist vajavale nahale. V\u00f5imas aktiivainete j\u00f5ud &#8211; n\u00e4htavad tulemused vaid 28. p\u00e4evaga. Geelis kasutatakse Dihyal-Anti age vananemisvastaseid toimeained ja Lift-kompleksi. Geel v\u00f5itleb miimika- ja kuivusest tulenevate kortsudega. Nahk j\u00e4\u00e4b sile ja pinguldatud. Tugevdab ja t\u00f5stab n\u00e4okontuure. Kiirendab naha regeneratsiooni protsessi ja kaitseb nahka enneaegse vananemise eest. N\u00e4htavalt eluj\u00f5ulisem, siledam, nooruslikum ja [&hellip;]","og_url":"https:\/\/beautyinstitute.ee\/toode\/dihyal-effect-gel\/","og_site_name":"Beauty Institute","article_modified_time":"2026-04-20T13:15:33+00:00","og_image":[{"width":750,"height":711,"url":"https:\/\/beautyinstitute.ee\/wp-content\/uploads\/2019\/01\/dihyal-effect-gel.jpg","type":"image\/jpeg"}],"twitter_card":"summary_large_image","twitter_site":"@Beauty_Eesti","twitter_misc":{"\u041f\u0440\u0438\u043c\u0435\u0440\u043d\u043e\u0435 \u0432\u0440\u0435\u043c\u044f \u0434\u043b\u044f \u0447\u0442\u0435\u043d\u0438\u044f":"1 \u043c\u0438\u043d\u0443\u0442\u0430"},"schema":{"@context":"https:\/\/schema.org","@graph":[{"@type":"WebPage","@id":"https:\/\/beautyinstitute.ee\/toode\/dihyal-effect-gel\/","url":"https:\/\/beautyinstitute.ee\/toode\/dihyal-effect-gel\/","name":"Dihyal Effect Gel - Beauty Institute","isPartOf":{"@id":"https:\/\/beautyinstitute.ee\/#website"},"primaryImageOfPage":{"@id":"https:\/\/beautyinstitute.ee\/toode\/dihyal-effect-gel\/#primaryimage"},"image":{"@id":"https:\/\/beautyinstitute.ee\/toode\/dihyal-effect-gel\/#primaryimage"},"thumbnailUrl":"https:\/\/beautyinstitute.ee\/wp-content\/uploads\/2019\/01\/dihyal-effect-gel.jpg","datePublished":"2019-01-29T14:07:42+00:00","dateModified":"2026-04-20T13:15:33+00:00","breadcrumb":{"@id":"https:\/\/beautyinstitute.ee\/toode\/dihyal-effect-gel\/#breadcrumb"},"inLanguage":"ru-RU","potentialAction":[{"@type":"ReadAction","target":["https:\/\/beautyinstitute.ee\/toode\/dihyal-effect-gel\/"]}]},{"@type":"ImageObject","inLanguage":"ru-RU","@id":"https:\/\/beautyinstitute.ee\/toode\/dihyal-effect-gel\/#primaryimage","url":"https:\/\/beautyinstitute.ee\/wp-content\/uploads\/2019\/01\/dihyal-effect-gel.jpg","contentUrl":"https:\/\/beautyinstitute.ee\/wp-content\/uploads\/2019\/01\/dihyal-effect-gel.jpg","width":750,"height":711},{"@type":"BreadcrumbList","@id":"https:\/\/beautyinstitute.ee\/toode\/dihyal-effect-gel\/#breadcrumb","itemListElement":[{"@type":"ListItem","position":1,"name":"Home","item":"https:\/\/beautyinstitute.ee\/ru\/"},{"@type":"ListItem","position":2,"name":"E-pood","item":"https:\/\/beautyinstitute.ee\/e-pood\/"},{"@type":"ListItem","position":3,"name":"Dihyal Effect Gel"}]},{"@type":"WebSite","@id":"https:\/\/beautyinstitute.ee\/#website","url":"https:\/\/beautyinstitute.ee\/","name":"Beauty Institute","description":"CNC Cosmetic ametlik maaletooja ja edasim\u00fc\u00fcja Eestis, Soomes, L\u00e4tis. Aparaadikosmeetika, koolitused, kosmeetikatooted.","potentialAction":[{"@type":"SearchAction","target":{"@type":"EntryPoint","urlTemplate":"https:\/\/beautyinstitute.ee\/?s={search_term_string}"},"query-input":{"@type":"PropertyValueSpecification","valueRequired":true,"valueName":"search_term_string"}}],"inLanguage":"ru-RU"}]}},"_links":{"self":[{"href":"https:\/\/beautyinstitute.ee\/ru\/wp-json\/wp\/v2\/product\/3448","targetHints":{"allow":["GET"]}}],"collection":[{"href":"https:\/\/beautyinstitute.ee\/ru\/wp-json\/wp\/v2\/product"}],"about":[{"href":"https:\/\/beautyinstitute.ee\/ru\/wp-json\/wp\/v2\/types\/product"}],"wp:featuredmedia":[{"embeddable":true,"href":"https:\/\/beautyinstitute.ee\/ru\/wp-json\/wp\/v2\/media\/11752"}],"wp:attachment":[{"href":"https:\/\/beautyinstitute.ee\/ru\/wp-json\/wp\/v2\/media?parent=3448"}],"wp:term":[{"taxonomy":"product_cat","embeddable":true,"href":"https:\/\/beautyinstitute.ee\/ru\/wp-json\/wp\/v2\/product_cat?post=3448"},{"taxonomy":"product_tag","embeddable":true,"href":"https:\/\/beautyinstitute.ee\/ru\/wp-json\/wp\/v2\/product_tag?post=3448"}],"curies":[{"name":"wp","href":"https:\/\/api.w.org\/{rel}","templated":true}]}}