{"id":3451,"date":"2019-01-29T16:12:38","date_gmt":"2019-01-29T14:12:38","guid":{"rendered":"https:\/\/beautyinstitute.ee\/?post_type=product&#038;p=3451"},"modified":"2026-03-26T09:47:23","modified_gmt":"2026-03-26T07:47:23","slug":"extreme-lift-mask","status":"publish","type":"product","link":"https:\/\/beautyinstitute.ee\/ru\/toode\/extreme-lift-mask\/","title":{"rendered":"Extreme Lift Mask 30Ml"},"content":{"rendered":"<p><strong>Intensiivselt pinguldav ja taastav mask kahjustatud, k\u00fcpsele ja regeneratsiooni vajavale nahale.<\/strong><br \/>\n<strong>Kohene VAU tulemus!<\/strong><\/p>\n<p><strong>Eelised:<\/strong><\/p>\n<ul>\n<li>pinguldab ja parandab naha elastsust<\/li>\n<li>v\u00e4hendab kortsude s\u00fcgavust<\/li>\n<li><span class=\"text_exposed_show\">hoiab \u00e4ra naha enneaegse vananemise protsessi, mis on tingitud stressist ja valguse kahjustustest<\/span><\/li>\n<li><span class=\"text_exposed_show\">tagab v\u00e4rske ja \u00fchtlase jume<\/span><\/li>\n<\/ul>\n<p><strong>Sobilik:<\/strong> k\u00f5ikidele nahat\u00fc\u00fcpidele.<\/p>\n<p><span class=\"text_exposed_show\"><strong>Peamised toimeained:<\/strong><br \/>\n<span class=\"_5mfr\"><span class=\"_6qdm\">&#x2714;&#xfe0f;<\/span><\/span>Tripeptide \u2013 Copper Complex on v\u00e4lja t\u00f6\u00f6tatud, et parandada naha elastsust, suurendada naha enda kollageeni ja elastiini s\u00fcnteesi ja seel\u00e4bi v\u00e4hendada olemasolevaid kortse ja hoida \u00e4ra uute tekke. Naha kaitsebarj\u00e4\u00e4rid on taastatud, nahk on elastsem, samas on ka p\u00f5letikuvastase ja antiox\u00fcdatiivse toimega.<br \/>\n<span class=\"_5mfr\"><span class=\"_6qdm\">&#x2714;&#xfe0f;<\/span><\/span>Hexapeptide- 8 kiireks n\u00e4htavaks leevenduseks miimilistele kortsudele, mis on tekkinud n\u00e4olihaste kontraktsioonist. Nahk on trimmitud ja toonuses.<br \/>\n<span class=\"_5mfr\"><span class=\"_6qdm\">&#x2714;&#xfe0f;<\/span><\/span>V\u00e4ga efektiivne oktapeptiid (Octapeptide-3) omab nahatooni \u00fchtlustavat toimet. Lisaks sellele omab lihaseid l\u00f5dvestavat toimet. V\u00e4iksed kortsud v\u00e4henevad, nahk on toonuses ja nooruslikuma v\u00e4ljan\u00e4gemisega.<br \/>\n<span class=\"_5mfr\"><span class=\"_6qdm\">&#x2714;&#xfe0f;<\/span><\/span>Sojaoaekstrakt sisaldab valke, gl\u00fckoproteiine ja pol\u00fcsahhariide, mis v\u00e4hendavad naha stressi kahjustusi ja pidurdavad naha enneaegset vananemise protsessi. On kindlaks tehtud, et sojaoaekstrakt ergastab rakke ja selle tulemusena valkude s\u00fcntees oluliselt suureneb. Naha tektuur paraneb ja omab tugevat UV kiirguse poolt tekitatud nahastressi vastast toimet. Taastab ja kaitseb naha DNA kahjustusi.<br \/>\n<span class=\"_5mfr\"><span class=\"_6qdm\">&#x2714;&#xfe0f;<\/span><\/span>Tselluloosi derivaatide, biopol\u00fcmeeride ja mikrorahaade (lillakas punased vetikad) toimeaine taasatab naha mikrostruktuuri. V\u00e4hendab n\u00e4o, silmade ja laubalt miimikakortse, v\u00e4hendab naha \u00e4rritust ja kuivusest tulenevaid s\u00fcmptomeid, \u00fchtlustab ja toidab nahka.<br \/>\n<span class=\"_5mfr\"><span class=\"_6qdm\">&#x2714;&#xfe0f;<\/span><\/span>Kapseldatud retinool on v\u00e4ga k\u00f5rge kontsentratsiooniga, mis on puhtaim ja k\u00f5ige aktiivsem A-vitamiini vorm. Letsitiini abil viiakse kapseldatud retinool s\u00fcgavamateks nahakihtidesse, mis aitab kaasa kollageeni s\u00fcnteesile ja v\u00e4hendab efektiivselt uute kortsude teket. Lisaks kapseldatud retinool on stabiilsem ja ei tekita naha\u00e4rritust.<\/span><\/p>\n","protected":false},"excerpt":{"rendered":"<p>Intensiivselt pinguldav ja taastav mask kahjustatud, k\u00fcpsele ja regeneratsiooni vajavale nahale. Kohene VAU tulemus! Eelised: pinguldab ja parandab naha elastsust v\u00e4hendab kortsude s\u00fcgavust hoiab \u00e4ra naha enneaegse vananemise protsessi, mis on tingitud stressist ja valguse kahjustustest tagab v\u00e4rske ja \u00fchtlase jume Sobilik: k\u00f5ikidele nahat\u00fc\u00fcpidele. Peamised toimeained: &#x2714;&#xfe0f;Tripeptide \u2013 Copper Complex on v\u00e4lja t\u00f6\u00f6tatud, et parandada [&hellip;]<\/p>\n","protected":false},"featured_media":11520,"template":"","meta":{"_acf_changed":false},"product_cat":[248,147,114,118],"product_tag":[],"class_list":["post-3451","product","type-product","status-publish","has-post-thumbnail","hentry","product_cat-maskid-2","product_cat-kreemmaskid","product_cat-tootesarjad","product_cat-aesthetic-world"],"acf":[],"yoast_head":"<!-- This site is optimized with the Yoast SEO plugin v25.4 - https:\/\/yoast.com\/wordpress\/plugins\/seo\/ -->\n<title>Extreme Lift Mask 30Ml - Beauty Institute<\/title>\n<meta name=\"robots\" content=\"index, follow, max-snippet:-1, max-image-preview:large, max-video-preview:-1\" \/>\n<link rel=\"canonical\" href=\"https:\/\/beautyinstitute.ee\/toode\/extreme-lift-mask\/\" \/>\n<meta property=\"og:locale\" content=\"ru_RU\" \/>\n<meta property=\"og:type\" content=\"article\" \/>\n<meta property=\"og:title\" content=\"Extreme Lift Mask 30Ml - Beauty Institute\" \/>\n<meta property=\"og:description\" content=\"Intensiivselt pinguldav ja taastav mask kahjustatud, k\u00fcpsele ja regeneratsiooni vajavale nahale. Kohene VAU tulemus! Eelised: pinguldab ja parandab naha elastsust v\u00e4hendab kortsude s\u00fcgavust hoiab \u00e4ra naha enneaegse vananemise protsessi, mis on tingitud stressist ja valguse kahjustustest tagab v\u00e4rske ja \u00fchtlase jume Sobilik: k\u00f5ikidele nahat\u00fc\u00fcpidele. Peamised toimeained: &#x2714;&#xfe0f;Tripeptide \u2013 Copper Complex on v\u00e4lja t\u00f6\u00f6tatud, et parandada [&hellip;]\" \/>\n<meta property=\"og:url\" content=\"https:\/\/beautyinstitute.ee\/toode\/extreme-lift-mask\/\" \/>\n<meta property=\"og:site_name\" content=\"Beauty Institute\" \/>\n<meta property=\"article:modified_time\" content=\"2026-03-26T07:47:23+00:00\" \/>\n<meta property=\"og:image\" content=\"https:\/\/beautyinstitute.ee\/wp-content\/uploads\/2019\/01\/extreme-lift-mask.jpg\" \/>\n\t<meta property=\"og:image:width\" content=\"750\" \/>\n\t<meta property=\"og:image:height\" content=\"711\" \/>\n\t<meta property=\"og:image:type\" content=\"image\/jpeg\" \/>\n<meta name=\"twitter:card\" content=\"summary_large_image\" \/>\n<meta name=\"twitter:site\" content=\"@Beauty_Eesti\" \/>\n<meta name=\"twitter:label1\" content=\"\u041f\u0440\u0438\u043c\u0435\u0440\u043d\u043e\u0435 \u0432\u0440\u0435\u043c\u044f \u0434\u043b\u044f \u0447\u0442\u0435\u043d\u0438\u044f\" \/>\n\t<meta name=\"twitter:data1\" content=\"2 \u043c\u0438\u043d\u0443\u0442\u044b\" \/>\n<script type=\"application\/ld+json\" class=\"yoast-schema-graph\">{\"@context\":\"https:\/\/schema.org\",\"@graph\":[{\"@type\":\"WebPage\",\"@id\":\"https:\/\/beautyinstitute.ee\/toode\/extreme-lift-mask\/\",\"url\":\"https:\/\/beautyinstitute.ee\/toode\/extreme-lift-mask\/\",\"name\":\"Extreme Lift Mask 30Ml - Beauty Institute\",\"isPartOf\":{\"@id\":\"https:\/\/beautyinstitute.ee\/#website\"},\"primaryImageOfPage\":{\"@id\":\"https:\/\/beautyinstitute.ee\/toode\/extreme-lift-mask\/#primaryimage\"},\"image\":{\"@id\":\"https:\/\/beautyinstitute.ee\/toode\/extreme-lift-mask\/#primaryimage\"},\"thumbnailUrl\":\"https:\/\/beautyinstitute.ee\/wp-content\/uploads\/2019\/01\/extreme-lift-mask.jpg\",\"datePublished\":\"2019-01-29T14:12:38+00:00\",\"dateModified\":\"2026-03-26T07:47:23+00:00\",\"breadcrumb\":{\"@id\":\"https:\/\/beautyinstitute.ee\/toode\/extreme-lift-mask\/#breadcrumb\"},\"inLanguage\":\"ru-RU\",\"potentialAction\":[{\"@type\":\"ReadAction\",\"target\":[\"https:\/\/beautyinstitute.ee\/toode\/extreme-lift-mask\/\"]}]},{\"@type\":\"ImageObject\",\"inLanguage\":\"ru-RU\",\"@id\":\"https:\/\/beautyinstitute.ee\/toode\/extreme-lift-mask\/#primaryimage\",\"url\":\"https:\/\/beautyinstitute.ee\/wp-content\/uploads\/2019\/01\/extreme-lift-mask.jpg\",\"contentUrl\":\"https:\/\/beautyinstitute.ee\/wp-content\/uploads\/2019\/01\/extreme-lift-mask.jpg\",\"width\":750,\"height\":711},{\"@type\":\"BreadcrumbList\",\"@id\":\"https:\/\/beautyinstitute.ee\/toode\/extreme-lift-mask\/#breadcrumb\",\"itemListElement\":[{\"@type\":\"ListItem\",\"position\":1,\"name\":\"Home\",\"item\":\"https:\/\/beautyinstitute.ee\/ru\/\"},{\"@type\":\"ListItem\",\"position\":2,\"name\":\"E-pood\",\"item\":\"https:\/\/beautyinstitute.ee\/e-pood\/\"},{\"@type\":\"ListItem\",\"position\":3,\"name\":\"Extreme Lift Mask 30Ml\"}]},{\"@type\":\"WebSite\",\"@id\":\"https:\/\/beautyinstitute.ee\/#website\",\"url\":\"https:\/\/beautyinstitute.ee\/\",\"name\":\"Beauty Institute\",\"description\":\"CNC Cosmetic ametlik maaletooja ja edasim\u00fc\u00fcja Eestis, Soomes, L\u00e4tis. Aparaadikosmeetika, koolitused, kosmeetikatooted.\",\"potentialAction\":[{\"@type\":\"SearchAction\",\"target\":{\"@type\":\"EntryPoint\",\"urlTemplate\":\"https:\/\/beautyinstitute.ee\/?s={search_term_string}\"},\"query-input\":{\"@type\":\"PropertyValueSpecification\",\"valueRequired\":true,\"valueName\":\"search_term_string\"}}],\"inLanguage\":\"ru-RU\"}]}<\/script>\n<!-- \/ Yoast SEO plugin. -->","yoast_head_json":{"title":"Extreme Lift Mask 30Ml - Beauty Institute","robots":{"index":"index","follow":"follow","max-snippet":"max-snippet:-1","max-image-preview":"max-image-preview:large","max-video-preview":"max-video-preview:-1"},"canonical":"https:\/\/beautyinstitute.ee\/toode\/extreme-lift-mask\/","og_locale":"ru_RU","og_type":"article","og_title":"Extreme Lift Mask 30Ml - Beauty Institute","og_description":"Intensiivselt pinguldav ja taastav mask kahjustatud, k\u00fcpsele ja regeneratsiooni vajavale nahale. Kohene VAU tulemus! Eelised: pinguldab ja parandab naha elastsust v\u00e4hendab kortsude s\u00fcgavust hoiab \u00e4ra naha enneaegse vananemise protsessi, mis on tingitud stressist ja valguse kahjustustest tagab v\u00e4rske ja \u00fchtlase jume Sobilik: k\u00f5ikidele nahat\u00fc\u00fcpidele. Peamised toimeained: &#x2714;&#xfe0f;Tripeptide \u2013 Copper Complex on v\u00e4lja t\u00f6\u00f6tatud, et parandada [&hellip;]","og_url":"https:\/\/beautyinstitute.ee\/toode\/extreme-lift-mask\/","og_site_name":"Beauty Institute","article_modified_time":"2026-03-26T07:47:23+00:00","og_image":[{"width":750,"height":711,"url":"https:\/\/beautyinstitute.ee\/wp-content\/uploads\/2019\/01\/extreme-lift-mask.jpg","type":"image\/jpeg"}],"twitter_card":"summary_large_image","twitter_site":"@Beauty_Eesti","twitter_misc":{"\u041f\u0440\u0438\u043c\u0435\u0440\u043d\u043e\u0435 \u0432\u0440\u0435\u043c\u044f \u0434\u043b\u044f \u0447\u0442\u0435\u043d\u0438\u044f":"2 \u043c\u0438\u043d\u0443\u0442\u044b"},"schema":{"@context":"https:\/\/schema.org","@graph":[{"@type":"WebPage","@id":"https:\/\/beautyinstitute.ee\/toode\/extreme-lift-mask\/","url":"https:\/\/beautyinstitute.ee\/toode\/extreme-lift-mask\/","name":"Extreme Lift Mask 30Ml - Beauty Institute","isPartOf":{"@id":"https:\/\/beautyinstitute.ee\/#website"},"primaryImageOfPage":{"@id":"https:\/\/beautyinstitute.ee\/toode\/extreme-lift-mask\/#primaryimage"},"image":{"@id":"https:\/\/beautyinstitute.ee\/toode\/extreme-lift-mask\/#primaryimage"},"thumbnailUrl":"https:\/\/beautyinstitute.ee\/wp-content\/uploads\/2019\/01\/extreme-lift-mask.jpg","datePublished":"2019-01-29T14:12:38+00:00","dateModified":"2026-03-26T07:47:23+00:00","breadcrumb":{"@id":"https:\/\/beautyinstitute.ee\/toode\/extreme-lift-mask\/#breadcrumb"},"inLanguage":"ru-RU","potentialAction":[{"@type":"ReadAction","target":["https:\/\/beautyinstitute.ee\/toode\/extreme-lift-mask\/"]}]},{"@type":"ImageObject","inLanguage":"ru-RU","@id":"https:\/\/beautyinstitute.ee\/toode\/extreme-lift-mask\/#primaryimage","url":"https:\/\/beautyinstitute.ee\/wp-content\/uploads\/2019\/01\/extreme-lift-mask.jpg","contentUrl":"https:\/\/beautyinstitute.ee\/wp-content\/uploads\/2019\/01\/extreme-lift-mask.jpg","width":750,"height":711},{"@type":"BreadcrumbList","@id":"https:\/\/beautyinstitute.ee\/toode\/extreme-lift-mask\/#breadcrumb","itemListElement":[{"@type":"ListItem","position":1,"name":"Home","item":"https:\/\/beautyinstitute.ee\/ru\/"},{"@type":"ListItem","position":2,"name":"E-pood","item":"https:\/\/beautyinstitute.ee\/e-pood\/"},{"@type":"ListItem","position":3,"name":"Extreme Lift Mask 30Ml"}]},{"@type":"WebSite","@id":"https:\/\/beautyinstitute.ee\/#website","url":"https:\/\/beautyinstitute.ee\/","name":"Beauty Institute","description":"CNC Cosmetic ametlik maaletooja ja edasim\u00fc\u00fcja Eestis, Soomes, L\u00e4tis. Aparaadikosmeetika, koolitused, kosmeetikatooted.","potentialAction":[{"@type":"SearchAction","target":{"@type":"EntryPoint","urlTemplate":"https:\/\/beautyinstitute.ee\/?s={search_term_string}"},"query-input":{"@type":"PropertyValueSpecification","valueRequired":true,"valueName":"search_term_string"}}],"inLanguage":"ru-RU"}]}},"_links":{"self":[{"href":"https:\/\/beautyinstitute.ee\/ru\/wp-json\/wp\/v2\/product\/3451","targetHints":{"allow":["GET"]}}],"collection":[{"href":"https:\/\/beautyinstitute.ee\/ru\/wp-json\/wp\/v2\/product"}],"about":[{"href":"https:\/\/beautyinstitute.ee\/ru\/wp-json\/wp\/v2\/types\/product"}],"wp:featuredmedia":[{"embeddable":true,"href":"https:\/\/beautyinstitute.ee\/ru\/wp-json\/wp\/v2\/media\/11520"}],"wp:attachment":[{"href":"https:\/\/beautyinstitute.ee\/ru\/wp-json\/wp\/v2\/media?parent=3451"}],"wp:term":[{"taxonomy":"product_cat","embeddable":true,"href":"https:\/\/beautyinstitute.ee\/ru\/wp-json\/wp\/v2\/product_cat?post=3451"},{"taxonomy":"product_tag","embeddable":true,"href":"https:\/\/beautyinstitute.ee\/ru\/wp-json\/wp\/v2\/product_tag?post=3451"}],"curies":[{"name":"wp","href":"https:\/\/api.w.org\/{rel}","templated":true}]}}