{"id":34572,"date":"2025-07-29T11:01:18","date_gmt":"2025-07-29T08:01:18","guid":{"rendered":"https:\/\/beautyinstitute.ee\/?post_type=product&#038;p=34572"},"modified":"2026-04-13T11:19:31","modified_gmt":"2026-04-13T08:19:31","slug":"power-hyal12-30-ml","status":"publish","type":"product","link":"https:\/\/beautyinstitute.ee\/ru\/toode\/power-hyal12-30-ml\/","title":{"rendered":"Power Hyal12 30 Ml"},"content":{"rendered":"<p>Uuenduslik h\u00fcaluroonseerum pakub intensiivset niisutavat hooldust ainulaadse modifitseeritud<br \/>\nh\u00fcaluroonhappe kombinatsiooniga, et nahk oleks sile, prink ja s\u00e4rav. Valgendav h\u00fcaluroonhape<br \/>\nsoodustab \u00fchtlase jume saavutamist, samas kui TCM taimeekstrakt tugevdab nahabarj\u00e4\u00e4ri.<br \/>\nRohevetikatest saadud oligosahhariidid kontuurivad l\u00f5uajoont ja nooruslikku n\u00e4oovaali<\/p>\n<p>&nbsp;<\/p>\n<p>M\u00f5ju:<\/p>\n<p>Valgendav h\u00fcaluroonhape soodustab \u00fchtlase jume saavutamist, samas kui Hiina<br \/>\ntraditsioonilise meditsiini taimeekstrakt tugevdab nahabarj\u00e4\u00e4ri. Roheliste vetikate oligosahhariidid defineerivad l\u00f5ua kontuurid noorusliku n\u00e4o ovaalsuse saavutamiseks.<\/p>\n<p>Sobib: K\u00f5ikidele nahat\u00fc\u00fcpidele<\/p>\n<p>Tulemus:<\/p>\n<p>&#8211; Pikaajaline toime t\u00e4nu depoosefektile.<\/p>\n<p>&#8211; P\u00fcsiv kortsudevastane toime<\/p>\n<p>&#8211; V\u00e4hendab kortse silmn\u00e4htavalt<\/p>\n<p>&#8211; Pikaajaline niisutus<\/p>\n<p>&#8211; V\u00e4hendab pigmentatsiooni laike<\/p>\n<p>&nbsp;<\/p>\n<p>Kasutamine: Kandke puhastatud nahale ja vajutage \u00f5rnalt sisse. Seej\u00e4rel kandke peale oma tavap\u00e4rane<br \/>\nniisutaja.<\/p>\n<p>&nbsp;<\/p>\n<p>Peamised aktiivained:<\/p>\n<p>Klassikaline k\u00f5rge, keskmise ja madala molekulmassiga h\u00fcaluroonhape, atset\u00fc\u00fclitud<br \/>\nh\u00fcaluroonhape, liposomaalselt kapseldatud h\u00fcaluroonhape, DDS-h\u00fcaluroonhape, oligomeerne<br \/>\nh\u00fcaluroonhape, ristseotud h\u00fcaluroonhape, atset\u00fc\u00fcl-D-gl\u00fckosamiin, valgendav h\u00fcaluroonhape,<br \/>\nbotaaniline h\u00fcaluroonhape (ravimseen), Ulva Lactuca<\/p>\n<p>&nbsp;<\/p>\n<p>&nbsp;<\/p>\n","protected":false},"excerpt":{"rendered":"<p>Uuenduslik h\u00fcaluroonseerum pakub intensiivset niisutavat hooldust ainulaadse modifitseeritud h\u00fcaluroonhappe kombinatsiooniga, et nahk oleks sile, prink ja s\u00e4rav. Valgendav h\u00fcaluroonhape soodustab \u00fchtlase jume saavutamist, samas kui TCM taimeekstrakt tugevdab nahabarj\u00e4\u00e4ri. Rohevetikatest saadud oligosahhariidid kontuurivad l\u00f5uajoont ja nooruslikku n\u00e4oovaali &nbsp; M\u00f5ju: Valgendav h\u00fcaluroonhape soodustab \u00fchtlase jume saavutamist, samas kui Hiina traditsioonilise meditsiini taimeekstrakt tugevdab nahabarj\u00e4\u00e4ri. Roheliste vetikate [&hellip;]<\/p>\n","protected":false},"featured_media":34573,"template":"","meta":{"_acf_changed":false},"product_cat":[278,249,186,118],"product_tag":[],"class_list":["post-34572","product","type-product","status-publish","has-post-thumbnail","hentry","product_cat-cnc","product_cat-seerumid-2","product_cat-uued-tulijad","product_cat-aesthetic-world"],"acf":[],"yoast_head":"<!-- This site is optimized with the Yoast SEO plugin v25.4 - https:\/\/yoast.com\/wordpress\/plugins\/seo\/ -->\n<title>Power Hyal12 30 Ml - Beauty Institute<\/title>\n<meta name=\"robots\" content=\"index, follow, max-snippet:-1, max-image-preview:large, max-video-preview:-1\" \/>\n<link rel=\"canonical\" href=\"https:\/\/beautyinstitute.ee\/toode\/power-hyal12-30-ml\/\" \/>\n<meta property=\"og:locale\" content=\"ru_RU\" \/>\n<meta property=\"og:type\" content=\"article\" \/>\n<meta property=\"og:title\" content=\"Power Hyal12 30 Ml - Beauty Institute\" \/>\n<meta property=\"og:description\" content=\"Uuenduslik h\u00fcaluroonseerum pakub intensiivset niisutavat hooldust ainulaadse modifitseeritud h\u00fcaluroonhappe kombinatsiooniga, et nahk oleks sile, prink ja s\u00e4rav. Valgendav h\u00fcaluroonhape soodustab \u00fchtlase jume saavutamist, samas kui TCM taimeekstrakt tugevdab nahabarj\u00e4\u00e4ri. Rohevetikatest saadud oligosahhariidid kontuurivad l\u00f5uajoont ja nooruslikku n\u00e4oovaali &nbsp; M\u00f5ju: Valgendav h\u00fcaluroonhape soodustab \u00fchtlase jume saavutamist, samas kui Hiina traditsioonilise meditsiini taimeekstrakt tugevdab nahabarj\u00e4\u00e4ri. Roheliste vetikate [&hellip;]\" \/>\n<meta property=\"og:url\" content=\"https:\/\/beautyinstitute.ee\/toode\/power-hyal12-30-ml\/\" \/>\n<meta property=\"og:site_name\" content=\"Beauty Institute\" \/>\n<meta property=\"article:modified_time\" content=\"2026-04-13T08:19:31+00:00\" \/>\n<meta property=\"og:image\" content=\"https:\/\/beautyinstitute.ee\/wp-content\/uploads\/2025\/07\/hyal-12.jpg\" \/>\n\t<meta property=\"og:image:width\" content=\"1920\" \/>\n\t<meta property=\"og:image:height\" content=\"1920\" \/>\n\t<meta property=\"og:image:type\" content=\"image\/jpeg\" \/>\n<meta name=\"twitter:card\" content=\"summary_large_image\" \/>\n<meta name=\"twitter:site\" content=\"@Beauty_Eesti\" \/>\n<meta name=\"twitter:label1\" content=\"\u041f\u0440\u0438\u043c\u0435\u0440\u043d\u043e\u0435 \u0432\u0440\u0435\u043c\u044f \u0434\u043b\u044f \u0447\u0442\u0435\u043d\u0438\u044f\" \/>\n\t<meta name=\"twitter:data1\" content=\"1 \u043c\u0438\u043d\u0443\u0442\u0430\" \/>\n<script type=\"application\/ld+json\" class=\"yoast-schema-graph\">{\"@context\":\"https:\/\/schema.org\",\"@graph\":[{\"@type\":\"WebPage\",\"@id\":\"https:\/\/beautyinstitute.ee\/toode\/power-hyal12-30-ml\/\",\"url\":\"https:\/\/beautyinstitute.ee\/toode\/power-hyal12-30-ml\/\",\"name\":\"Power Hyal12 30 Ml - Beauty Institute\",\"isPartOf\":{\"@id\":\"https:\/\/beautyinstitute.ee\/#website\"},\"primaryImageOfPage\":{\"@id\":\"https:\/\/beautyinstitute.ee\/toode\/power-hyal12-30-ml\/#primaryimage\"},\"image\":{\"@id\":\"https:\/\/beautyinstitute.ee\/toode\/power-hyal12-30-ml\/#primaryimage\"},\"thumbnailUrl\":\"https:\/\/beautyinstitute.ee\/wp-content\/uploads\/2025\/07\/hyal-12.jpg\",\"datePublished\":\"2025-07-29T08:01:18+00:00\",\"dateModified\":\"2026-04-13T08:19:31+00:00\",\"breadcrumb\":{\"@id\":\"https:\/\/beautyinstitute.ee\/toode\/power-hyal12-30-ml\/#breadcrumb\"},\"inLanguage\":\"ru-RU\",\"potentialAction\":[{\"@type\":\"ReadAction\",\"target\":[\"https:\/\/beautyinstitute.ee\/toode\/power-hyal12-30-ml\/\"]}]},{\"@type\":\"ImageObject\",\"inLanguage\":\"ru-RU\",\"@id\":\"https:\/\/beautyinstitute.ee\/toode\/power-hyal12-30-ml\/#primaryimage\",\"url\":\"https:\/\/beautyinstitute.ee\/wp-content\/uploads\/2025\/07\/hyal-12.jpg\",\"contentUrl\":\"https:\/\/beautyinstitute.ee\/wp-content\/uploads\/2025\/07\/hyal-12.jpg\",\"width\":1920,\"height\":1920},{\"@type\":\"BreadcrumbList\",\"@id\":\"https:\/\/beautyinstitute.ee\/toode\/power-hyal12-30-ml\/#breadcrumb\",\"itemListElement\":[{\"@type\":\"ListItem\",\"position\":1,\"name\":\"Home\",\"item\":\"https:\/\/beautyinstitute.ee\/ru\/\"},{\"@type\":\"ListItem\",\"position\":2,\"name\":\"E-pood\",\"item\":\"https:\/\/beautyinstitute.ee\/e-pood\/\"},{\"@type\":\"ListItem\",\"position\":3,\"name\":\"Power Hyal12 30 Ml\"}]},{\"@type\":\"WebSite\",\"@id\":\"https:\/\/beautyinstitute.ee\/#website\",\"url\":\"https:\/\/beautyinstitute.ee\/\",\"name\":\"Beauty Institute\",\"description\":\"CNC Cosmetic ametlik maaletooja ja edasim\u00fc\u00fcja Eestis, Soomes, L\u00e4tis. Aparaadikosmeetika, koolitused, kosmeetikatooted.\",\"potentialAction\":[{\"@type\":\"SearchAction\",\"target\":{\"@type\":\"EntryPoint\",\"urlTemplate\":\"https:\/\/beautyinstitute.ee\/?s={search_term_string}\"},\"query-input\":{\"@type\":\"PropertyValueSpecification\",\"valueRequired\":true,\"valueName\":\"search_term_string\"}}],\"inLanguage\":\"ru-RU\"}]}<\/script>\n<!-- \/ Yoast SEO plugin. -->","yoast_head_json":{"title":"Power Hyal12 30 Ml - Beauty Institute","robots":{"index":"index","follow":"follow","max-snippet":"max-snippet:-1","max-image-preview":"max-image-preview:large","max-video-preview":"max-video-preview:-1"},"canonical":"https:\/\/beautyinstitute.ee\/toode\/power-hyal12-30-ml\/","og_locale":"ru_RU","og_type":"article","og_title":"Power Hyal12 30 Ml - Beauty Institute","og_description":"Uuenduslik h\u00fcaluroonseerum pakub intensiivset niisutavat hooldust ainulaadse modifitseeritud h\u00fcaluroonhappe kombinatsiooniga, et nahk oleks sile, prink ja s\u00e4rav. Valgendav h\u00fcaluroonhape soodustab \u00fchtlase jume saavutamist, samas kui TCM taimeekstrakt tugevdab nahabarj\u00e4\u00e4ri. Rohevetikatest saadud oligosahhariidid kontuurivad l\u00f5uajoont ja nooruslikku n\u00e4oovaali &nbsp; M\u00f5ju: Valgendav h\u00fcaluroonhape soodustab \u00fchtlase jume saavutamist, samas kui Hiina traditsioonilise meditsiini taimeekstrakt tugevdab nahabarj\u00e4\u00e4ri. Roheliste vetikate [&hellip;]","og_url":"https:\/\/beautyinstitute.ee\/toode\/power-hyal12-30-ml\/","og_site_name":"Beauty Institute","article_modified_time":"2026-04-13T08:19:31+00:00","og_image":[{"width":1920,"height":1920,"url":"https:\/\/beautyinstitute.ee\/wp-content\/uploads\/2025\/07\/hyal-12.jpg","type":"image\/jpeg"}],"twitter_card":"summary_large_image","twitter_site":"@Beauty_Eesti","twitter_misc":{"\u041f\u0440\u0438\u043c\u0435\u0440\u043d\u043e\u0435 \u0432\u0440\u0435\u043c\u044f \u0434\u043b\u044f \u0447\u0442\u0435\u043d\u0438\u044f":"1 \u043c\u0438\u043d\u0443\u0442\u0430"},"schema":{"@context":"https:\/\/schema.org","@graph":[{"@type":"WebPage","@id":"https:\/\/beautyinstitute.ee\/toode\/power-hyal12-30-ml\/","url":"https:\/\/beautyinstitute.ee\/toode\/power-hyal12-30-ml\/","name":"Power Hyal12 30 Ml - Beauty Institute","isPartOf":{"@id":"https:\/\/beautyinstitute.ee\/#website"},"primaryImageOfPage":{"@id":"https:\/\/beautyinstitute.ee\/toode\/power-hyal12-30-ml\/#primaryimage"},"image":{"@id":"https:\/\/beautyinstitute.ee\/toode\/power-hyal12-30-ml\/#primaryimage"},"thumbnailUrl":"https:\/\/beautyinstitute.ee\/wp-content\/uploads\/2025\/07\/hyal-12.jpg","datePublished":"2025-07-29T08:01:18+00:00","dateModified":"2026-04-13T08:19:31+00:00","breadcrumb":{"@id":"https:\/\/beautyinstitute.ee\/toode\/power-hyal12-30-ml\/#breadcrumb"},"inLanguage":"ru-RU","potentialAction":[{"@type":"ReadAction","target":["https:\/\/beautyinstitute.ee\/toode\/power-hyal12-30-ml\/"]}]},{"@type":"ImageObject","inLanguage":"ru-RU","@id":"https:\/\/beautyinstitute.ee\/toode\/power-hyal12-30-ml\/#primaryimage","url":"https:\/\/beautyinstitute.ee\/wp-content\/uploads\/2025\/07\/hyal-12.jpg","contentUrl":"https:\/\/beautyinstitute.ee\/wp-content\/uploads\/2025\/07\/hyal-12.jpg","width":1920,"height":1920},{"@type":"BreadcrumbList","@id":"https:\/\/beautyinstitute.ee\/toode\/power-hyal12-30-ml\/#breadcrumb","itemListElement":[{"@type":"ListItem","position":1,"name":"Home","item":"https:\/\/beautyinstitute.ee\/ru\/"},{"@type":"ListItem","position":2,"name":"E-pood","item":"https:\/\/beautyinstitute.ee\/e-pood\/"},{"@type":"ListItem","position":3,"name":"Power Hyal12 30 Ml"}]},{"@type":"WebSite","@id":"https:\/\/beautyinstitute.ee\/#website","url":"https:\/\/beautyinstitute.ee\/","name":"Beauty Institute","description":"CNC Cosmetic ametlik maaletooja ja edasim\u00fc\u00fcja Eestis, Soomes, L\u00e4tis. Aparaadikosmeetika, koolitused, kosmeetikatooted.","potentialAction":[{"@type":"SearchAction","target":{"@type":"EntryPoint","urlTemplate":"https:\/\/beautyinstitute.ee\/?s={search_term_string}"},"query-input":{"@type":"PropertyValueSpecification","valueRequired":true,"valueName":"search_term_string"}}],"inLanguage":"ru-RU"}]}},"_links":{"self":[{"href":"https:\/\/beautyinstitute.ee\/ru\/wp-json\/wp\/v2\/product\/34572","targetHints":{"allow":["GET"]}}],"collection":[{"href":"https:\/\/beautyinstitute.ee\/ru\/wp-json\/wp\/v2\/product"}],"about":[{"href":"https:\/\/beautyinstitute.ee\/ru\/wp-json\/wp\/v2\/types\/product"}],"wp:featuredmedia":[{"embeddable":true,"href":"https:\/\/beautyinstitute.ee\/ru\/wp-json\/wp\/v2\/media\/34573"}],"wp:attachment":[{"href":"https:\/\/beautyinstitute.ee\/ru\/wp-json\/wp\/v2\/media?parent=34572"}],"wp:term":[{"taxonomy":"product_cat","embeddable":true,"href":"https:\/\/beautyinstitute.ee\/ru\/wp-json\/wp\/v2\/product_cat?post=34572"},{"taxonomy":"product_tag","embeddable":true,"href":"https:\/\/beautyinstitute.ee\/ru\/wp-json\/wp\/v2\/product_tag?post=34572"}],"curies":[{"name":"wp","href":"https:\/\/api.w.org\/{rel}","templated":true}]}}