{"id":3472,"date":"2019-01-30T13:47:52","date_gmt":"2019-01-30T13:47:52","guid":{"rendered":"https:\/\/beautyinstitute.ee\/?post_type=product&#038;p=3472"},"modified":"2026-04-28T14:14:34","modified_gmt":"2026-04-28T11:14:34","slug":"trihyal-age-resist-cream","status":"publish","type":"product","link":"https:\/\/beautyinstitute.ee\/ru\/toode\/trihyal-age-resist-cream\/","title":{"rendered":"Trihyal Age Resist Cream"},"content":{"rendered":"<p><strong>Innovatiivne k\u00f5rgmolekulaarne kreem sisaldab kolme erimolekulaarset h\u00fcaluroonhapet.<\/strong><\/p>\n<p>L\u00fchikese ahelaga h\u00fcaluroonhape annab nahale kohese s\u00e4ra. Pika ahelaga h\u00fcaluroonhape niiskutab meie nahka s\u00fcgavuti\u00a0 ja ristseotud h\u00fcaluroonhape t\u00e4idab kortsud koheselt ning toestab meie nahka. Teised toimeained ahendavad\u00a0 poore, v\u00e4hendab punetust, \u00e4rritust ja h\u00fcperpigmendatsiooni. Muudab naha pehmeks ja elastseks. Ideaalne lahendus n\u00f5udlikule, k\u00fcpsele, regeneratsiooni vajavale\u00a0 ja h\u00fcperpigmendatsioonile kalduvale nahale.<\/p>\n<p><strong>Eelised:<\/strong><\/p>\n<ul>\n<li>suurendab naha elastsust, viimistleb jumet<\/li>\n<li>edendab kollageenimaatriksi kogunemist<\/li>\n<li>ideaalne meigip\u00f5hi<\/li>\n<\/ul>\n<p><strong>Sobilik:<\/strong> n\u00f5udlik, k\u00fcps, h\u00fcperpigmenteeritud nahk, mis vajab taastamist.<\/p>\n<p><strong>Toimeained:<\/strong> kolm erimolekulaarset\u00a0 h\u00fcaluroonhapet, alpiroosi t\u00fcvirakke, isostear\u00fc\u00fcli-isostearaati, lehis agaric t\u00fcvirakke, Sigesbeckia orientalis, Rabdosia rubescens, aloe vera ekstrakti, alfa-bisabolol.<\/p>\n","protected":false},"excerpt":{"rendered":"<p>Innovatiivne k\u00f5rgmolekulaarne kreem sisaldab kolme erimolekulaarset h\u00fcaluroonhapet. L\u00fchikese ahelaga h\u00fcaluroonhape annab nahale kohese s\u00e4ra. Pika ahelaga h\u00fcaluroonhape niiskutab meie nahka s\u00fcgavuti\u00a0 ja ristseotud h\u00fcaluroonhape t\u00e4idab kortsud koheselt ning toestab meie nahka. Teised toimeained ahendavad\u00a0 poore, v\u00e4hendab punetust, \u00e4rritust ja h\u00fcperpigmendatsiooni. Muudab naha pehmeks ja elastseks. Ideaalne lahendus n\u00f5udlikule, k\u00fcpsele, regeneratsiooni vajavale\u00a0 ja h\u00fcperpigmendatsioonile kalduvale nahale. [&hellip;]<\/p>\n","protected":false},"featured_media":32723,"template":"","meta":{"_acf_changed":false},"product_cat":[250,114,118,260],"product_tag":[],"class_list":["post-3472","product","type-product","status-publish","has-post-thumbnail","hentry","product_cat-naokreemid","product_cat-tootesarjad","product_cat-aesthetic-world","product_cat-tri-hyal"],"acf":[],"yoast_head":"<!-- This site is optimized with the Yoast SEO plugin v25.4 - https:\/\/yoast.com\/wordpress\/plugins\/seo\/ -->\n<title>Trihyal Age Resist Cream - Beauty Institute<\/title>\n<meta name=\"robots\" content=\"index, follow, max-snippet:-1, max-image-preview:large, max-video-preview:-1\" \/>\n<link rel=\"canonical\" href=\"https:\/\/beautyinstitute.ee\/toode\/trihyal-age-resist-cream\/\" \/>\n<meta property=\"og:locale\" content=\"ru_RU\" \/>\n<meta property=\"og:type\" content=\"article\" \/>\n<meta property=\"og:title\" content=\"Trihyal Age Resist Cream - Beauty Institute\" \/>\n<meta property=\"og:description\" content=\"Innovatiivne k\u00f5rgmolekulaarne kreem sisaldab kolme erimolekulaarset h\u00fcaluroonhapet. L\u00fchikese ahelaga h\u00fcaluroonhape annab nahale kohese s\u00e4ra. Pika ahelaga h\u00fcaluroonhape niiskutab meie nahka s\u00fcgavuti\u00a0 ja ristseotud h\u00fcaluroonhape t\u00e4idab kortsud koheselt ning toestab meie nahka. Teised toimeained ahendavad\u00a0 poore, v\u00e4hendab punetust, \u00e4rritust ja h\u00fcperpigmendatsiooni. Muudab naha pehmeks ja elastseks. Ideaalne lahendus n\u00f5udlikule, k\u00fcpsele, regeneratsiooni vajavale\u00a0 ja h\u00fcperpigmendatsioonile kalduvale nahale. [&hellip;]\" \/>\n<meta property=\"og:url\" content=\"https:\/\/beautyinstitute.ee\/toode\/trihyal-age-resist-cream\/\" \/>\n<meta property=\"og:site_name\" content=\"Beauty Institute\" \/>\n<meta property=\"article:modified_time\" content=\"2026-04-28T11:14:34+00:00\" \/>\n<meta property=\"og:image\" content=\"https:\/\/beautyinstitute.ee\/wp-content\/uploads\/2019\/01\/trihyal.jpeg\" \/>\n\t<meta property=\"og:image:width\" content=\"1920\" \/>\n\t<meta property=\"og:image:height\" content=\"1920\" \/>\n\t<meta property=\"og:image:type\" content=\"image\/jpeg\" \/>\n<meta name=\"twitter:card\" content=\"summary_large_image\" \/>\n<meta name=\"twitter:site\" content=\"@Beauty_Eesti\" \/>\n<meta name=\"twitter:label1\" content=\"\u041f\u0440\u0438\u043c\u0435\u0440\u043d\u043e\u0435 \u0432\u0440\u0435\u043c\u044f \u0434\u043b\u044f \u0447\u0442\u0435\u043d\u0438\u044f\" \/>\n\t<meta name=\"twitter:data1\" content=\"1 \u043c\u0438\u043d\u0443\u0442\u0430\" \/>\n<script type=\"application\/ld+json\" class=\"yoast-schema-graph\">{\"@context\":\"https:\/\/schema.org\",\"@graph\":[{\"@type\":\"WebPage\",\"@id\":\"https:\/\/beautyinstitute.ee\/toode\/trihyal-age-resist-cream\/\",\"url\":\"https:\/\/beautyinstitute.ee\/toode\/trihyal-age-resist-cream\/\",\"name\":\"Trihyal Age Resist Cream - Beauty Institute\",\"isPartOf\":{\"@id\":\"https:\/\/beautyinstitute.ee\/#website\"},\"primaryImageOfPage\":{\"@id\":\"https:\/\/beautyinstitute.ee\/toode\/trihyal-age-resist-cream\/#primaryimage\"},\"image\":{\"@id\":\"https:\/\/beautyinstitute.ee\/toode\/trihyal-age-resist-cream\/#primaryimage\"},\"thumbnailUrl\":\"https:\/\/beautyinstitute.ee\/wp-content\/uploads\/2019\/01\/trihyal.jpeg\",\"datePublished\":\"2019-01-30T13:47:52+00:00\",\"dateModified\":\"2026-04-28T11:14:34+00:00\",\"breadcrumb\":{\"@id\":\"https:\/\/beautyinstitute.ee\/toode\/trihyal-age-resist-cream\/#breadcrumb\"},\"inLanguage\":\"ru-RU\",\"potentialAction\":[{\"@type\":\"ReadAction\",\"target\":[\"https:\/\/beautyinstitute.ee\/toode\/trihyal-age-resist-cream\/\"]}]},{\"@type\":\"ImageObject\",\"inLanguage\":\"ru-RU\",\"@id\":\"https:\/\/beautyinstitute.ee\/toode\/trihyal-age-resist-cream\/#primaryimage\",\"url\":\"https:\/\/beautyinstitute.ee\/wp-content\/uploads\/2019\/01\/trihyal.jpeg\",\"contentUrl\":\"https:\/\/beautyinstitute.ee\/wp-content\/uploads\/2019\/01\/trihyal.jpeg\",\"width\":1920,\"height\":1920},{\"@type\":\"BreadcrumbList\",\"@id\":\"https:\/\/beautyinstitute.ee\/toode\/trihyal-age-resist-cream\/#breadcrumb\",\"itemListElement\":[{\"@type\":\"ListItem\",\"position\":1,\"name\":\"Home\",\"item\":\"https:\/\/beautyinstitute.ee\/ru\/\"},{\"@type\":\"ListItem\",\"position\":2,\"name\":\"E-pood\",\"item\":\"https:\/\/beautyinstitute.ee\/e-pood\/\"},{\"@type\":\"ListItem\",\"position\":3,\"name\":\"Trihyal Age Resist Cream\"}]},{\"@type\":\"WebSite\",\"@id\":\"https:\/\/beautyinstitute.ee\/#website\",\"url\":\"https:\/\/beautyinstitute.ee\/\",\"name\":\"Beauty Institute\",\"description\":\"CNC Cosmetic ametlik maaletooja ja edasim\u00fc\u00fcja Eestis, Soomes, L\u00e4tis. Aparaadikosmeetika, koolitused, kosmeetikatooted.\",\"potentialAction\":[{\"@type\":\"SearchAction\",\"target\":{\"@type\":\"EntryPoint\",\"urlTemplate\":\"https:\/\/beautyinstitute.ee\/?s={search_term_string}\"},\"query-input\":{\"@type\":\"PropertyValueSpecification\",\"valueRequired\":true,\"valueName\":\"search_term_string\"}}],\"inLanguage\":\"ru-RU\"}]}<\/script>\n<!-- \/ Yoast SEO plugin. -->","yoast_head_json":{"title":"Trihyal Age Resist Cream - Beauty Institute","robots":{"index":"index","follow":"follow","max-snippet":"max-snippet:-1","max-image-preview":"max-image-preview:large","max-video-preview":"max-video-preview:-1"},"canonical":"https:\/\/beautyinstitute.ee\/toode\/trihyal-age-resist-cream\/","og_locale":"ru_RU","og_type":"article","og_title":"Trihyal Age Resist Cream - Beauty Institute","og_description":"Innovatiivne k\u00f5rgmolekulaarne kreem sisaldab kolme erimolekulaarset h\u00fcaluroonhapet. L\u00fchikese ahelaga h\u00fcaluroonhape annab nahale kohese s\u00e4ra. Pika ahelaga h\u00fcaluroonhape niiskutab meie nahka s\u00fcgavuti\u00a0 ja ristseotud h\u00fcaluroonhape t\u00e4idab kortsud koheselt ning toestab meie nahka. Teised toimeained ahendavad\u00a0 poore, v\u00e4hendab punetust, \u00e4rritust ja h\u00fcperpigmendatsiooni. Muudab naha pehmeks ja elastseks. Ideaalne lahendus n\u00f5udlikule, k\u00fcpsele, regeneratsiooni vajavale\u00a0 ja h\u00fcperpigmendatsioonile kalduvale nahale. [&hellip;]","og_url":"https:\/\/beautyinstitute.ee\/toode\/trihyal-age-resist-cream\/","og_site_name":"Beauty Institute","article_modified_time":"2026-04-28T11:14:34+00:00","og_image":[{"width":1920,"height":1920,"url":"https:\/\/beautyinstitute.ee\/wp-content\/uploads\/2019\/01\/trihyal.jpeg","type":"image\/jpeg"}],"twitter_card":"summary_large_image","twitter_site":"@Beauty_Eesti","twitter_misc":{"\u041f\u0440\u0438\u043c\u0435\u0440\u043d\u043e\u0435 \u0432\u0440\u0435\u043c\u044f \u0434\u043b\u044f \u0447\u0442\u0435\u043d\u0438\u044f":"1 \u043c\u0438\u043d\u0443\u0442\u0430"},"schema":{"@context":"https:\/\/schema.org","@graph":[{"@type":"WebPage","@id":"https:\/\/beautyinstitute.ee\/toode\/trihyal-age-resist-cream\/","url":"https:\/\/beautyinstitute.ee\/toode\/trihyal-age-resist-cream\/","name":"Trihyal Age Resist Cream - Beauty Institute","isPartOf":{"@id":"https:\/\/beautyinstitute.ee\/#website"},"primaryImageOfPage":{"@id":"https:\/\/beautyinstitute.ee\/toode\/trihyal-age-resist-cream\/#primaryimage"},"image":{"@id":"https:\/\/beautyinstitute.ee\/toode\/trihyal-age-resist-cream\/#primaryimage"},"thumbnailUrl":"https:\/\/beautyinstitute.ee\/wp-content\/uploads\/2019\/01\/trihyal.jpeg","datePublished":"2019-01-30T13:47:52+00:00","dateModified":"2026-04-28T11:14:34+00:00","breadcrumb":{"@id":"https:\/\/beautyinstitute.ee\/toode\/trihyal-age-resist-cream\/#breadcrumb"},"inLanguage":"ru-RU","potentialAction":[{"@type":"ReadAction","target":["https:\/\/beautyinstitute.ee\/toode\/trihyal-age-resist-cream\/"]}]},{"@type":"ImageObject","inLanguage":"ru-RU","@id":"https:\/\/beautyinstitute.ee\/toode\/trihyal-age-resist-cream\/#primaryimage","url":"https:\/\/beautyinstitute.ee\/wp-content\/uploads\/2019\/01\/trihyal.jpeg","contentUrl":"https:\/\/beautyinstitute.ee\/wp-content\/uploads\/2019\/01\/trihyal.jpeg","width":1920,"height":1920},{"@type":"BreadcrumbList","@id":"https:\/\/beautyinstitute.ee\/toode\/trihyal-age-resist-cream\/#breadcrumb","itemListElement":[{"@type":"ListItem","position":1,"name":"Home","item":"https:\/\/beautyinstitute.ee\/ru\/"},{"@type":"ListItem","position":2,"name":"E-pood","item":"https:\/\/beautyinstitute.ee\/e-pood\/"},{"@type":"ListItem","position":3,"name":"Trihyal Age Resist Cream"}]},{"@type":"WebSite","@id":"https:\/\/beautyinstitute.ee\/#website","url":"https:\/\/beautyinstitute.ee\/","name":"Beauty Institute","description":"CNC Cosmetic ametlik maaletooja ja edasim\u00fc\u00fcja Eestis, Soomes, L\u00e4tis. Aparaadikosmeetika, koolitused, kosmeetikatooted.","potentialAction":[{"@type":"SearchAction","target":{"@type":"EntryPoint","urlTemplate":"https:\/\/beautyinstitute.ee\/?s={search_term_string}"},"query-input":{"@type":"PropertyValueSpecification","valueRequired":true,"valueName":"search_term_string"}}],"inLanguage":"ru-RU"}]}},"_links":{"self":[{"href":"https:\/\/beautyinstitute.ee\/ru\/wp-json\/wp\/v2\/product\/3472","targetHints":{"allow":["GET"]}}],"collection":[{"href":"https:\/\/beautyinstitute.ee\/ru\/wp-json\/wp\/v2\/product"}],"about":[{"href":"https:\/\/beautyinstitute.ee\/ru\/wp-json\/wp\/v2\/types\/product"}],"wp:featuredmedia":[{"embeddable":true,"href":"https:\/\/beautyinstitute.ee\/ru\/wp-json\/wp\/v2\/media\/32723"}],"wp:attachment":[{"href":"https:\/\/beautyinstitute.ee\/ru\/wp-json\/wp\/v2\/media?parent=3472"}],"wp:term":[{"taxonomy":"product_cat","embeddable":true,"href":"https:\/\/beautyinstitute.ee\/ru\/wp-json\/wp\/v2\/product_cat?post=3472"},{"taxonomy":"product_tag","embeddable":true,"href":"https:\/\/beautyinstitute.ee\/ru\/wp-json\/wp\/v2\/product_tag?post=3472"}],"curies":[{"name":"wp","href":"https:\/\/api.w.org\/{rel}","templated":true}]}}