{"id":3479,"date":"2019-01-30T15:54:02","date_gmt":"2019-01-30T13:54:02","guid":{"rendered":"https:\/\/beautyinstitute.ee\/?post_type=product&#038;p=3479"},"modified":"2026-04-22T15:56:13","modified_gmt":"2026-04-22T12:56:13","slug":"golden-shining-cream","status":"publish","type":"product","link":"https:\/\/beautyinstitute.ee\/ru\/toode\/golden-shining-cream\/","title":{"rendered":"Golden Shining Creme 30Ml"},"content":{"rendered":"<p><strong>Niisutav hooldus terveks p\u00e4evaks ja \u00fclima s\u00e4ra saamiseks.<\/strong><\/p>\n<p>Golden Shining niisutav kreem sisaldab mikroskoopilisi kulla ja vaskosakesi, mis panevad su naha s\u00e4rama.<\/p>\n<ul>\n<li><b>Hyal\u00fcroonhappe<\/b> sisaldus niisutab ja toestab teie nahka ning v\u00e4hendab kortse.<\/li>\n<li><b>Troopiline Cuouacu v\u00f5i <\/b>annab nahale sametise pehmuse ja toetab nahka vajalike toitainetega.<\/li>\n<\/ul>\n<p>Kreem on oma iseloomult niisutav p\u00e4evakreem\u00a0 koos unikaalse s\u00e4ra kompleksiga. Kergelt imenduv\u00a0 ja kauni s\u00e4rava tooniga kreem annab kohese\u00a0 noorusliku ja s\u00e4rava v\u00e4ljan\u00e4gemise. Peale kreemi\u00a0 kasutamist n\u00e4eb teie nahk v\u00e4lja kergelt jumekas ja p\u00e4ikeseliselt s\u00e4rav-just kui oleksite tulnud rannast.\u00a0 Kreemi v\u00f5ib kasutada p\u00e4evakreemina, efektikreemina.\u00a0 Sobib kasutada ka dekolteele, k\u00e4sivartele, s\u00e4\u00e4rtele. Ideaalne suvetoode.<\/p>\n<p><strong>Eelised:<\/strong><\/p>\n<ul>\n<li>\u00fclima s\u00e4ra jaoks<\/li>\n<li>muudab naha pehmeks ja elastseks<\/li>\n<\/ul>\n<p><strong>Sobilik:<\/strong> k\u00f5ikidele nahat\u00fc\u00fcpidele.<\/p>\n<p><strong>Toimeained:<\/strong> h\u00fcaluroonhape, cupuacu v\u00f5i.<\/p>\n","protected":false},"excerpt":{"rendered":"<p>Niisutav hooldus terveks p\u00e4evaks ja \u00fclima s\u00e4ra saamiseks. Golden Shining niisutav kreem sisaldab mikroskoopilisi kulla ja vaskosakesi, mis panevad su naha s\u00e4rama. Hyal\u00fcroonhappe sisaldus niisutab ja toestab teie nahka ning v\u00e4hendab kortse. Troopiline Cuouacu v\u00f5i annab nahale sametise pehmuse ja toetab nahka vajalike toitainetega. Kreem on oma iseloomult niisutav p\u00e4evakreem\u00a0 koos unikaalse s\u00e4ra kompleksiga. Kergelt [&hellip;]<\/p>\n","protected":false},"featured_media":11784,"template":"","meta":{"_acf_changed":false},"product_cat":[253,144],"product_tag":[],"class_list":["post-3479","product","type-product","status-publish","has-post-thumbnail","hentry","product_cat-jumestustooted","product_cat-eritooted"],"acf":[],"yoast_head":"<!-- This site is optimized with the Yoast SEO plugin v25.4 - https:\/\/yoast.com\/wordpress\/plugins\/seo\/ -->\n<title>Golden Shining Creme 30Ml - Beauty Institute<\/title>\n<meta name=\"robots\" content=\"index, follow, max-snippet:-1, max-image-preview:large, max-video-preview:-1\" \/>\n<link rel=\"canonical\" href=\"https:\/\/beautyinstitute.ee\/toode\/golden-shining-cream\/\" \/>\n<meta property=\"og:locale\" content=\"ru_RU\" \/>\n<meta property=\"og:type\" content=\"article\" \/>\n<meta property=\"og:title\" content=\"Golden Shining Creme 30Ml - Beauty Institute\" \/>\n<meta property=\"og:description\" content=\"Niisutav hooldus terveks p\u00e4evaks ja \u00fclima s\u00e4ra saamiseks. Golden Shining niisutav kreem sisaldab mikroskoopilisi kulla ja vaskosakesi, mis panevad su naha s\u00e4rama. Hyal\u00fcroonhappe sisaldus niisutab ja toestab teie nahka ning v\u00e4hendab kortse. Troopiline Cuouacu v\u00f5i annab nahale sametise pehmuse ja toetab nahka vajalike toitainetega. Kreem on oma iseloomult niisutav p\u00e4evakreem\u00a0 koos unikaalse s\u00e4ra kompleksiga. Kergelt [&hellip;]\" \/>\n<meta property=\"og:url\" content=\"https:\/\/beautyinstitute.ee\/toode\/golden-shining-cream\/\" \/>\n<meta property=\"og:site_name\" content=\"Beauty Institute\" \/>\n<meta property=\"article:modified_time\" content=\"2026-04-22T12:56:13+00:00\" \/>\n<meta property=\"og:image\" content=\"https:\/\/beautyinstitute.ee\/wp-content\/uploads\/2019\/01\/golden-shining.jpg\" \/>\n\t<meta property=\"og:image:width\" content=\"750\" \/>\n\t<meta property=\"og:image:height\" content=\"711\" \/>\n\t<meta property=\"og:image:type\" content=\"image\/jpeg\" \/>\n<meta name=\"twitter:card\" content=\"summary_large_image\" \/>\n<meta name=\"twitter:site\" content=\"@Beauty_Eesti\" \/>\n<meta name=\"twitter:label1\" content=\"\u041f\u0440\u0438\u043c\u0435\u0440\u043d\u043e\u0435 \u0432\u0440\u0435\u043c\u044f \u0434\u043b\u044f \u0447\u0442\u0435\u043d\u0438\u044f\" \/>\n\t<meta name=\"twitter:data1\" content=\"1 \u043c\u0438\u043d\u0443\u0442\u0430\" \/>\n<script type=\"application\/ld+json\" class=\"yoast-schema-graph\">{\"@context\":\"https:\/\/schema.org\",\"@graph\":[{\"@type\":\"WebPage\",\"@id\":\"https:\/\/beautyinstitute.ee\/toode\/golden-shining-cream\/\",\"url\":\"https:\/\/beautyinstitute.ee\/toode\/golden-shining-cream\/\",\"name\":\"Golden Shining Creme 30Ml - Beauty Institute\",\"isPartOf\":{\"@id\":\"https:\/\/beautyinstitute.ee\/#website\"},\"primaryImageOfPage\":{\"@id\":\"https:\/\/beautyinstitute.ee\/toode\/golden-shining-cream\/#primaryimage\"},\"image\":{\"@id\":\"https:\/\/beautyinstitute.ee\/toode\/golden-shining-cream\/#primaryimage\"},\"thumbnailUrl\":\"https:\/\/beautyinstitute.ee\/wp-content\/uploads\/2019\/01\/golden-shining.jpg\",\"datePublished\":\"2019-01-30T13:54:02+00:00\",\"dateModified\":\"2026-04-22T12:56:13+00:00\",\"breadcrumb\":{\"@id\":\"https:\/\/beautyinstitute.ee\/toode\/golden-shining-cream\/#breadcrumb\"},\"inLanguage\":\"ru-RU\",\"potentialAction\":[{\"@type\":\"ReadAction\",\"target\":[\"https:\/\/beautyinstitute.ee\/toode\/golden-shining-cream\/\"]}]},{\"@type\":\"ImageObject\",\"inLanguage\":\"ru-RU\",\"@id\":\"https:\/\/beautyinstitute.ee\/toode\/golden-shining-cream\/#primaryimage\",\"url\":\"https:\/\/beautyinstitute.ee\/wp-content\/uploads\/2019\/01\/golden-shining.jpg\",\"contentUrl\":\"https:\/\/beautyinstitute.ee\/wp-content\/uploads\/2019\/01\/golden-shining.jpg\",\"width\":750,\"height\":711},{\"@type\":\"BreadcrumbList\",\"@id\":\"https:\/\/beautyinstitute.ee\/toode\/golden-shining-cream\/#breadcrumb\",\"itemListElement\":[{\"@type\":\"ListItem\",\"position\":1,\"name\":\"Home\",\"item\":\"https:\/\/beautyinstitute.ee\/ru\/\"},{\"@type\":\"ListItem\",\"position\":2,\"name\":\"E-pood\",\"item\":\"https:\/\/beautyinstitute.ee\/e-pood\/\"},{\"@type\":\"ListItem\",\"position\":3,\"name\":\"Golden Shining Creme 30Ml\"}]},{\"@type\":\"WebSite\",\"@id\":\"https:\/\/beautyinstitute.ee\/#website\",\"url\":\"https:\/\/beautyinstitute.ee\/\",\"name\":\"Beauty Institute\",\"description\":\"CNC Cosmetic ametlik maaletooja ja edasim\u00fc\u00fcja Eestis, Soomes, L\u00e4tis. Aparaadikosmeetika, koolitused, kosmeetikatooted.\",\"potentialAction\":[{\"@type\":\"SearchAction\",\"target\":{\"@type\":\"EntryPoint\",\"urlTemplate\":\"https:\/\/beautyinstitute.ee\/?s={search_term_string}\"},\"query-input\":{\"@type\":\"PropertyValueSpecification\",\"valueRequired\":true,\"valueName\":\"search_term_string\"}}],\"inLanguage\":\"ru-RU\"}]}<\/script>\n<!-- \/ Yoast SEO plugin. -->","yoast_head_json":{"title":"Golden Shining Creme 30Ml - Beauty Institute","robots":{"index":"index","follow":"follow","max-snippet":"max-snippet:-1","max-image-preview":"max-image-preview:large","max-video-preview":"max-video-preview:-1"},"canonical":"https:\/\/beautyinstitute.ee\/toode\/golden-shining-cream\/","og_locale":"ru_RU","og_type":"article","og_title":"Golden Shining Creme 30Ml - Beauty Institute","og_description":"Niisutav hooldus terveks p\u00e4evaks ja \u00fclima s\u00e4ra saamiseks. Golden Shining niisutav kreem sisaldab mikroskoopilisi kulla ja vaskosakesi, mis panevad su naha s\u00e4rama. Hyal\u00fcroonhappe sisaldus niisutab ja toestab teie nahka ning v\u00e4hendab kortse. Troopiline Cuouacu v\u00f5i annab nahale sametise pehmuse ja toetab nahka vajalike toitainetega. Kreem on oma iseloomult niisutav p\u00e4evakreem\u00a0 koos unikaalse s\u00e4ra kompleksiga. Kergelt [&hellip;]","og_url":"https:\/\/beautyinstitute.ee\/toode\/golden-shining-cream\/","og_site_name":"Beauty Institute","article_modified_time":"2026-04-22T12:56:13+00:00","og_image":[{"width":750,"height":711,"url":"https:\/\/beautyinstitute.ee\/wp-content\/uploads\/2019\/01\/golden-shining.jpg","type":"image\/jpeg"}],"twitter_card":"summary_large_image","twitter_site":"@Beauty_Eesti","twitter_misc":{"\u041f\u0440\u0438\u043c\u0435\u0440\u043d\u043e\u0435 \u0432\u0440\u0435\u043c\u044f \u0434\u043b\u044f \u0447\u0442\u0435\u043d\u0438\u044f":"1 \u043c\u0438\u043d\u0443\u0442\u0430"},"schema":{"@context":"https:\/\/schema.org","@graph":[{"@type":"WebPage","@id":"https:\/\/beautyinstitute.ee\/toode\/golden-shining-cream\/","url":"https:\/\/beautyinstitute.ee\/toode\/golden-shining-cream\/","name":"Golden Shining Creme 30Ml - Beauty Institute","isPartOf":{"@id":"https:\/\/beautyinstitute.ee\/#website"},"primaryImageOfPage":{"@id":"https:\/\/beautyinstitute.ee\/toode\/golden-shining-cream\/#primaryimage"},"image":{"@id":"https:\/\/beautyinstitute.ee\/toode\/golden-shining-cream\/#primaryimage"},"thumbnailUrl":"https:\/\/beautyinstitute.ee\/wp-content\/uploads\/2019\/01\/golden-shining.jpg","datePublished":"2019-01-30T13:54:02+00:00","dateModified":"2026-04-22T12:56:13+00:00","breadcrumb":{"@id":"https:\/\/beautyinstitute.ee\/toode\/golden-shining-cream\/#breadcrumb"},"inLanguage":"ru-RU","potentialAction":[{"@type":"ReadAction","target":["https:\/\/beautyinstitute.ee\/toode\/golden-shining-cream\/"]}]},{"@type":"ImageObject","inLanguage":"ru-RU","@id":"https:\/\/beautyinstitute.ee\/toode\/golden-shining-cream\/#primaryimage","url":"https:\/\/beautyinstitute.ee\/wp-content\/uploads\/2019\/01\/golden-shining.jpg","contentUrl":"https:\/\/beautyinstitute.ee\/wp-content\/uploads\/2019\/01\/golden-shining.jpg","width":750,"height":711},{"@type":"BreadcrumbList","@id":"https:\/\/beautyinstitute.ee\/toode\/golden-shining-cream\/#breadcrumb","itemListElement":[{"@type":"ListItem","position":1,"name":"Home","item":"https:\/\/beautyinstitute.ee\/ru\/"},{"@type":"ListItem","position":2,"name":"E-pood","item":"https:\/\/beautyinstitute.ee\/e-pood\/"},{"@type":"ListItem","position":3,"name":"Golden Shining Creme 30Ml"}]},{"@type":"WebSite","@id":"https:\/\/beautyinstitute.ee\/#website","url":"https:\/\/beautyinstitute.ee\/","name":"Beauty Institute","description":"CNC Cosmetic ametlik maaletooja ja edasim\u00fc\u00fcja Eestis, Soomes, L\u00e4tis. Aparaadikosmeetika, koolitused, kosmeetikatooted.","potentialAction":[{"@type":"SearchAction","target":{"@type":"EntryPoint","urlTemplate":"https:\/\/beautyinstitute.ee\/?s={search_term_string}"},"query-input":{"@type":"PropertyValueSpecification","valueRequired":true,"valueName":"search_term_string"}}],"inLanguage":"ru-RU"}]}},"_links":{"self":[{"href":"https:\/\/beautyinstitute.ee\/ru\/wp-json\/wp\/v2\/product\/3479","targetHints":{"allow":["GET"]}}],"collection":[{"href":"https:\/\/beautyinstitute.ee\/ru\/wp-json\/wp\/v2\/product"}],"about":[{"href":"https:\/\/beautyinstitute.ee\/ru\/wp-json\/wp\/v2\/types\/product"}],"wp:featuredmedia":[{"embeddable":true,"href":"https:\/\/beautyinstitute.ee\/ru\/wp-json\/wp\/v2\/media\/11784"}],"wp:attachment":[{"href":"https:\/\/beautyinstitute.ee\/ru\/wp-json\/wp\/v2\/media?parent=3479"}],"wp:term":[{"taxonomy":"product_cat","embeddable":true,"href":"https:\/\/beautyinstitute.ee\/ru\/wp-json\/wp\/v2\/product_cat?post=3479"},{"taxonomy":"product_tag","embeddable":true,"href":"https:\/\/beautyinstitute.ee\/ru\/wp-json\/wp\/v2\/product_tag?post=3479"}],"curies":[{"name":"wp","href":"https:\/\/api.w.org\/{rel}","templated":true}]}}