{"id":35195,"date":"2025-09-17T15:39:29","date_gmt":"2025-09-17T12:39:29","guid":{"rendered":"https:\/\/beautyinstitute.ee\/?post_type=product&#038;p=35195"},"modified":"2026-04-15T22:57:49","modified_gmt":"2026-04-15T19:57:49","slug":"restore-intense-peptiidid-i-vii-10x2ml","status":"publish","type":"product","link":"https:\/\/beautyinstitute.ee\/ru\/toode\/restore-intense-peptiidid-i-vii-10x2ml\/","title":{"rendered":"Restore Intense &#8211; Peptiidid I &#038; Vii 10X2Ml"},"content":{"rendered":"<p data-start=\"46\" data-end=\"125\"><strong data-start=\"46\" data-end=\"59\">Kirjeldus<\/strong><br data-start=\"59\" data-end=\"62\" \/>Aitab intensiivselt nahka taastada ja pinguldada<\/p>\n<p data-start=\"127\" data-end=\"259\"><strong data-start=\"127\" data-end=\"136\">Toime<\/strong><br data-start=\"136\" data-end=\"139\" \/>Tagab tihedama ja nooruslikult pinguldatud naha struktuuri. J\u00e4tab naha n\u00e4htavalt pringimaks, siledamaks ja nooruslikumaks.<\/p>\n<p data-start=\"261\" data-end=\"331\"><strong data-start=\"261\" data-end=\"271\">Sobib:<\/strong><br data-start=\"271\" data-end=\"274\" \/>K\u00f5igile nahat\u00fc\u00fcpidele, eriti vananemism\u00e4rkidega, l\u00f5tvunud nahale.<\/p>\n<p data-start=\"333\" data-end=\"424\"><strong data-start=\"333\" data-end=\"345\">Eelised:<\/strong><br data-start=\"345\" data-end=\"348\" \/>\u2022 Tugevdab naha struktuuri<br data-start=\"369\" data-end=\"372\" \/>\u2022 Soodustab kollageeni ja h\u00fcaluroonhappe tootmist\u00a0<br data-start=\"401\" data-end=\"404\" \/>\u2022 V\u00e4hendab kortse ja naha ebakorrap\u00e4rasusi<\/p>\n<p data-start=\"426\" data-end=\"481\"><strong data-start=\"426\" data-end=\"441\">Toimeained:<\/strong><br data-start=\"441\" data-end=\"444\" \/>Patendeeritud \u00a0Matrix peptiidid<\/p>\n<p data-start=\"483\" data-end=\"657\"><strong data-start=\"483\" data-end=\"498\">Kasutamine:<\/strong><br data-start=\"498\" data-end=\"501\" \/>Kanna v\u00e4ike kogus toimeainete kontsentraati hoolikalt puhastatud nahale s\u00f5rmeotstega ning patsuta \u00f5rnalt sisse. Seej\u00e4rel kasuta tavap\u00e4rast n\u00e4ohooldustoodet.<\/p>\n<p data-start=\"659\" data-end=\"817\"><strong data-start=\"659\" data-end=\"678\">Oluline m\u00e4rkus:<\/strong><br data-start=\"678\" data-end=\"681\" \/>V\u00e4ltida silma sattumist. Ampulli mitte avada paljaste k\u00e4tega. P\u00e4rast avamist kasutada koheselt. Sobib kasutamiseks koos ultraheliraviga.<\/p>\n","protected":false},"excerpt":{"rendered":"<p>KirjeldusAitab intensiivselt nahka taastada ja pinguldada ToimeTagab tihedama ja nooruslikult pinguldatud naha struktuuri. J\u00e4tab naha n\u00e4htavalt pringimaks, siledamaks ja nooruslikumaks. Sobib:K\u00f5igile nahat\u00fc\u00fcpidele, eriti vananemism\u00e4rkidega, l\u00f5tvunud nahale. Eelised:\u2022 Tugevdab naha struktuuri\u2022 Soodustab kollageeni ja h\u00fcaluroonhappe tootmist\u00a0\u2022 V\u00e4hendab kortse ja naha ebakorrap\u00e4rasusi Toimeained:Patendeeritud \u00a0Matrix peptiidid Kasutamine:Kanna v\u00e4ike kogus toimeainete kontsentraati hoolikalt puhastatud nahale s\u00f5rmeotstega ning patsuta \u00f5rnalt [&hellip;]<\/p>\n","protected":false},"featured_media":35209,"template":"","meta":{"_acf_changed":false},"product_cat":[278,150],"product_tag":[],"class_list":["post-35195","product","type-product","status-publish","has-post-thumbnail","hentry","product_cat-cnc","product_cat-ampullikontsentraadid"],"acf":[],"yoast_head":"<!-- This site is optimized with the Yoast SEO plugin v25.4 - https:\/\/yoast.com\/wordpress\/plugins\/seo\/ -->\n<title>Restore Intense - Peptiidid I &amp; Vii 10X2Ml - Beauty Institute<\/title>\n<meta name=\"robots\" content=\"index, follow, max-snippet:-1, max-image-preview:large, max-video-preview:-1\" \/>\n<link rel=\"canonical\" href=\"https:\/\/beautyinstitute.ee\/toode\/restore-intense-peptiidid-i-vii-10x2ml\/\" \/>\n<meta property=\"og:locale\" content=\"ru_RU\" \/>\n<meta property=\"og:type\" content=\"article\" \/>\n<meta property=\"og:title\" content=\"Restore Intense - Peptiidid I &amp; Vii 10X2Ml - Beauty Institute\" \/>\n<meta property=\"og:description\" content=\"KirjeldusAitab intensiivselt nahka taastada ja pinguldada ToimeTagab tihedama ja nooruslikult pinguldatud naha struktuuri. J\u00e4tab naha n\u00e4htavalt pringimaks, siledamaks ja nooruslikumaks. Sobib:K\u00f5igile nahat\u00fc\u00fcpidele, eriti vananemism\u00e4rkidega, l\u00f5tvunud nahale. Eelised:\u2022 Tugevdab naha struktuuri\u2022 Soodustab kollageeni ja h\u00fcaluroonhappe tootmist\u00a0\u2022 V\u00e4hendab kortse ja naha ebakorrap\u00e4rasusi Toimeained:Patendeeritud \u00a0Matrix peptiidid Kasutamine:Kanna v\u00e4ike kogus toimeainete kontsentraati hoolikalt puhastatud nahale s\u00f5rmeotstega ning patsuta \u00f5rnalt [&hellip;]\" \/>\n<meta property=\"og:url\" content=\"https:\/\/beautyinstitute.ee\/toode\/restore-intense-peptiidid-i-vii-10x2ml\/\" \/>\n<meta property=\"og:site_name\" content=\"Beauty Institute\" \/>\n<meta property=\"article:modified_time\" content=\"2026-04-15T19:57:49+00:00\" \/>\n<meta property=\"og:image\" content=\"https:\/\/beautyinstitute.ee\/wp-content\/uploads\/2025\/09\/CNCRestoreintense2-scaled.jpeg\" \/>\n\t<meta property=\"og:image:width\" content=\"2560\" \/>\n\t<meta property=\"og:image:height\" content=\"2560\" \/>\n\t<meta property=\"og:image:type\" content=\"image\/jpeg\" \/>\n<meta name=\"twitter:card\" content=\"summary_large_image\" \/>\n<meta name=\"twitter:site\" content=\"@Beauty_Eesti\" \/>\n<meta name=\"twitter:label1\" content=\"\u041f\u0440\u0438\u043c\u0435\u0440\u043d\u043e\u0435 \u0432\u0440\u0435\u043c\u044f \u0434\u043b\u044f \u0447\u0442\u0435\u043d\u0438\u044f\" \/>\n\t<meta name=\"twitter:data1\" content=\"1 \u043c\u0438\u043d\u0443\u0442\u0430\" \/>\n<script type=\"application\/ld+json\" class=\"yoast-schema-graph\">{\"@context\":\"https:\/\/schema.org\",\"@graph\":[{\"@type\":\"WebPage\",\"@id\":\"https:\/\/beautyinstitute.ee\/toode\/restore-intense-peptiidid-i-vii-10x2ml\/\",\"url\":\"https:\/\/beautyinstitute.ee\/toode\/restore-intense-peptiidid-i-vii-10x2ml\/\",\"name\":\"Restore Intense - Peptiidid I & Vii 10X2Ml - Beauty Institute\",\"isPartOf\":{\"@id\":\"https:\/\/beautyinstitute.ee\/#website\"},\"primaryImageOfPage\":{\"@id\":\"https:\/\/beautyinstitute.ee\/toode\/restore-intense-peptiidid-i-vii-10x2ml\/#primaryimage\"},\"image\":{\"@id\":\"https:\/\/beautyinstitute.ee\/toode\/restore-intense-peptiidid-i-vii-10x2ml\/#primaryimage\"},\"thumbnailUrl\":\"https:\/\/beautyinstitute.ee\/wp-content\/uploads\/2025\/09\/CNCRestoreintense2-scaled.jpeg\",\"datePublished\":\"2025-09-17T12:39:29+00:00\",\"dateModified\":\"2026-04-15T19:57:49+00:00\",\"breadcrumb\":{\"@id\":\"https:\/\/beautyinstitute.ee\/toode\/restore-intense-peptiidid-i-vii-10x2ml\/#breadcrumb\"},\"inLanguage\":\"ru-RU\",\"potentialAction\":[{\"@type\":\"ReadAction\",\"target\":[\"https:\/\/beautyinstitute.ee\/toode\/restore-intense-peptiidid-i-vii-10x2ml\/\"]}]},{\"@type\":\"ImageObject\",\"inLanguage\":\"ru-RU\",\"@id\":\"https:\/\/beautyinstitute.ee\/toode\/restore-intense-peptiidid-i-vii-10x2ml\/#primaryimage\",\"url\":\"https:\/\/beautyinstitute.ee\/wp-content\/uploads\/2025\/09\/CNCRestoreintense2-scaled.jpeg\",\"contentUrl\":\"https:\/\/beautyinstitute.ee\/wp-content\/uploads\/2025\/09\/CNCRestoreintense2-scaled.jpeg\",\"width\":2560,\"height\":2560},{\"@type\":\"BreadcrumbList\",\"@id\":\"https:\/\/beautyinstitute.ee\/toode\/restore-intense-peptiidid-i-vii-10x2ml\/#breadcrumb\",\"itemListElement\":[{\"@type\":\"ListItem\",\"position\":1,\"name\":\"Home\",\"item\":\"https:\/\/beautyinstitute.ee\/ru\/\"},{\"@type\":\"ListItem\",\"position\":2,\"name\":\"E-pood\",\"item\":\"https:\/\/beautyinstitute.ee\/e-pood\/\"},{\"@type\":\"ListItem\",\"position\":3,\"name\":\"Restore Intense &#8211; Peptiidid I &#038; Vii 10X2Ml\"}]},{\"@type\":\"WebSite\",\"@id\":\"https:\/\/beautyinstitute.ee\/#website\",\"url\":\"https:\/\/beautyinstitute.ee\/\",\"name\":\"Beauty Institute\",\"description\":\"CNC Cosmetic ametlik maaletooja ja edasim\u00fc\u00fcja Eestis, Soomes, L\u00e4tis. Aparaadikosmeetika, koolitused, kosmeetikatooted.\",\"potentialAction\":[{\"@type\":\"SearchAction\",\"target\":{\"@type\":\"EntryPoint\",\"urlTemplate\":\"https:\/\/beautyinstitute.ee\/?s={search_term_string}\"},\"query-input\":{\"@type\":\"PropertyValueSpecification\",\"valueRequired\":true,\"valueName\":\"search_term_string\"}}],\"inLanguage\":\"ru-RU\"}]}<\/script>\n<!-- \/ Yoast SEO plugin. -->","yoast_head_json":{"title":"Restore Intense - Peptiidid I & Vii 10X2Ml - Beauty Institute","robots":{"index":"index","follow":"follow","max-snippet":"max-snippet:-1","max-image-preview":"max-image-preview:large","max-video-preview":"max-video-preview:-1"},"canonical":"https:\/\/beautyinstitute.ee\/toode\/restore-intense-peptiidid-i-vii-10x2ml\/","og_locale":"ru_RU","og_type":"article","og_title":"Restore Intense - Peptiidid I & Vii 10X2Ml - Beauty Institute","og_description":"KirjeldusAitab intensiivselt nahka taastada ja pinguldada ToimeTagab tihedama ja nooruslikult pinguldatud naha struktuuri. J\u00e4tab naha n\u00e4htavalt pringimaks, siledamaks ja nooruslikumaks. Sobib:K\u00f5igile nahat\u00fc\u00fcpidele, eriti vananemism\u00e4rkidega, l\u00f5tvunud nahale. Eelised:\u2022 Tugevdab naha struktuuri\u2022 Soodustab kollageeni ja h\u00fcaluroonhappe tootmist\u00a0\u2022 V\u00e4hendab kortse ja naha ebakorrap\u00e4rasusi Toimeained:Patendeeritud \u00a0Matrix peptiidid Kasutamine:Kanna v\u00e4ike kogus toimeainete kontsentraati hoolikalt puhastatud nahale s\u00f5rmeotstega ning patsuta \u00f5rnalt [&hellip;]","og_url":"https:\/\/beautyinstitute.ee\/toode\/restore-intense-peptiidid-i-vii-10x2ml\/","og_site_name":"Beauty Institute","article_modified_time":"2026-04-15T19:57:49+00:00","og_image":[{"width":2560,"height":2560,"url":"https:\/\/beautyinstitute.ee\/wp-content\/uploads\/2025\/09\/CNCRestoreintense2-scaled.jpeg","type":"image\/jpeg"}],"twitter_card":"summary_large_image","twitter_site":"@Beauty_Eesti","twitter_misc":{"\u041f\u0440\u0438\u043c\u0435\u0440\u043d\u043e\u0435 \u0432\u0440\u0435\u043c\u044f \u0434\u043b\u044f \u0447\u0442\u0435\u043d\u0438\u044f":"1 \u043c\u0438\u043d\u0443\u0442\u0430"},"schema":{"@context":"https:\/\/schema.org","@graph":[{"@type":"WebPage","@id":"https:\/\/beautyinstitute.ee\/toode\/restore-intense-peptiidid-i-vii-10x2ml\/","url":"https:\/\/beautyinstitute.ee\/toode\/restore-intense-peptiidid-i-vii-10x2ml\/","name":"Restore Intense - Peptiidid I & Vii 10X2Ml - Beauty Institute","isPartOf":{"@id":"https:\/\/beautyinstitute.ee\/#website"},"primaryImageOfPage":{"@id":"https:\/\/beautyinstitute.ee\/toode\/restore-intense-peptiidid-i-vii-10x2ml\/#primaryimage"},"image":{"@id":"https:\/\/beautyinstitute.ee\/toode\/restore-intense-peptiidid-i-vii-10x2ml\/#primaryimage"},"thumbnailUrl":"https:\/\/beautyinstitute.ee\/wp-content\/uploads\/2025\/09\/CNCRestoreintense2-scaled.jpeg","datePublished":"2025-09-17T12:39:29+00:00","dateModified":"2026-04-15T19:57:49+00:00","breadcrumb":{"@id":"https:\/\/beautyinstitute.ee\/toode\/restore-intense-peptiidid-i-vii-10x2ml\/#breadcrumb"},"inLanguage":"ru-RU","potentialAction":[{"@type":"ReadAction","target":["https:\/\/beautyinstitute.ee\/toode\/restore-intense-peptiidid-i-vii-10x2ml\/"]}]},{"@type":"ImageObject","inLanguage":"ru-RU","@id":"https:\/\/beautyinstitute.ee\/toode\/restore-intense-peptiidid-i-vii-10x2ml\/#primaryimage","url":"https:\/\/beautyinstitute.ee\/wp-content\/uploads\/2025\/09\/CNCRestoreintense2-scaled.jpeg","contentUrl":"https:\/\/beautyinstitute.ee\/wp-content\/uploads\/2025\/09\/CNCRestoreintense2-scaled.jpeg","width":2560,"height":2560},{"@type":"BreadcrumbList","@id":"https:\/\/beautyinstitute.ee\/toode\/restore-intense-peptiidid-i-vii-10x2ml\/#breadcrumb","itemListElement":[{"@type":"ListItem","position":1,"name":"Home","item":"https:\/\/beautyinstitute.ee\/ru\/"},{"@type":"ListItem","position":2,"name":"E-pood","item":"https:\/\/beautyinstitute.ee\/e-pood\/"},{"@type":"ListItem","position":3,"name":"Restore Intense &#8211; Peptiidid I &#038; Vii 10X2Ml"}]},{"@type":"WebSite","@id":"https:\/\/beautyinstitute.ee\/#website","url":"https:\/\/beautyinstitute.ee\/","name":"Beauty Institute","description":"CNC Cosmetic ametlik maaletooja ja edasim\u00fc\u00fcja Eestis, Soomes, L\u00e4tis. Aparaadikosmeetika, koolitused, kosmeetikatooted.","potentialAction":[{"@type":"SearchAction","target":{"@type":"EntryPoint","urlTemplate":"https:\/\/beautyinstitute.ee\/?s={search_term_string}"},"query-input":{"@type":"PropertyValueSpecification","valueRequired":true,"valueName":"search_term_string"}}],"inLanguage":"ru-RU"}]}},"_links":{"self":[{"href":"https:\/\/beautyinstitute.ee\/ru\/wp-json\/wp\/v2\/product\/35195","targetHints":{"allow":["GET"]}}],"collection":[{"href":"https:\/\/beautyinstitute.ee\/ru\/wp-json\/wp\/v2\/product"}],"about":[{"href":"https:\/\/beautyinstitute.ee\/ru\/wp-json\/wp\/v2\/types\/product"}],"wp:featuredmedia":[{"embeddable":true,"href":"https:\/\/beautyinstitute.ee\/ru\/wp-json\/wp\/v2\/media\/35209"}],"wp:attachment":[{"href":"https:\/\/beautyinstitute.ee\/ru\/wp-json\/wp\/v2\/media?parent=35195"}],"wp:term":[{"taxonomy":"product_cat","embeddable":true,"href":"https:\/\/beautyinstitute.ee\/ru\/wp-json\/wp\/v2\/product_cat?post=35195"},{"taxonomy":"product_tag","embeddable":true,"href":"https:\/\/beautyinstitute.ee\/ru\/wp-json\/wp\/v2\/product_tag?post=35195"}],"curies":[{"name":"wp","href":"https:\/\/api.w.org\/{rel}","templated":true}]}}