{"id":3540,"date":"2019-03-29T13:55:48","date_gmt":"2019-03-29T11:55:48","guid":{"rendered":"https:\/\/beautyinstitute.ee\/?post_type=product&#038;p=3540"},"modified":"2026-04-17T12:56:32","modified_gmt":"2026-04-17T09:56:32","slug":"microsilver-katepesugeel-250ml","status":"publish","type":"product","link":"https:\/\/beautyinstitute.ee\/ru\/toode\/microsilver-katepesugeel-250ml\/","title":{"rendered":"Microsilver K\u00e4tepesugeel 250Ml"},"content":{"rendered":"<p><strong>Vedelseep k\u00e4tele, mis annab puhta ja kaitstud tunde.<\/strong><\/p>\n<p>Toode on antibakteriaalne ja pikaajalise toimega, sisaldab MicroSilver Bg kompleksi.<\/p>\n<p><strong>Eelised:<\/strong><\/p>\n<ul>\n<li>annab nahale pehme ja elastse tunde<\/li>\n<li>pikaajaline kaitse mikroobide eest p\u00e4rast igat k\u00e4tepesu<\/li>\n<\/ul>\n<p><strong>Sobilik:<\/strong> k\u00f5ikidele nahat\u00fc\u00fcpidele, igas vanuses.<\/p>\n<p><strong>Toimeained:<\/strong> looduslik tensiit, h\u00f5be, gl\u00fctseriin, pantenool.<\/p>\n<p><em>H\u00f5be<\/em>&#8211; suuremolekulaarne h\u00f5be moodustab nahale kaitsekihi. Tagab antibakteriaalse keskkonna. Omab v\u00f5imet h\u00e4vitada baktereid ja viiruseid.<br \/>\n<em>Looduslik tensiit<\/em>&#8211; puhastav toime.<br \/>\n<em>Glycerine<\/em>&#8211; tugev niisutaja.<br \/>\n<em>Panthenol<\/em>&#8211; taastab ja niisutab nahka. \u00c4rrituste, p\u00f5letuste ja s\u00fcgeluste v\u00e4hendaja.<\/p>\n","protected":false},"excerpt":{"rendered":"<p>Vedelseep k\u00e4tele, mis annab puhta ja kaitstud tunde. Toode on antibakteriaalne ja pikaajalise toimega, sisaldab MicroSilver Bg kompleksi. Eelised: annab nahale pehme ja elastse tunde pikaajaline kaitse mikroobide eest p\u00e4rast igat k\u00e4tepesu Sobilik: k\u00f5ikidele nahat\u00fc\u00fcpidele, igas vanuses. Toimeained: looduslik tensiit, h\u00f5be, gl\u00fctseriin, pantenool. H\u00f5be&#8211; suuremolekulaarne h\u00f5be moodustab nahale kaitsekihi. Tagab antibakteriaalse keskkonna. Omab v\u00f5imet h\u00e4vitada [&hellip;]<\/p>\n","protected":false},"featured_media":11744,"template":"","meta":{"_acf_changed":false},"product_cat":[254,128],"product_tag":[],"class_list":["post-3540","product","type-product","status-publish","has-post-thumbnail","hentry","product_cat-katehooldustooted","product_cat-microsilver"],"acf":[],"yoast_head":"<!-- This site is optimized with the Yoast SEO plugin v25.4 - https:\/\/yoast.com\/wordpress\/plugins\/seo\/ -->\n<title>Microsilver K\u00e4tepesugeel 250Ml - Beauty Institute<\/title>\n<meta name=\"robots\" content=\"index, follow, max-snippet:-1, max-image-preview:large, max-video-preview:-1\" \/>\n<link rel=\"canonical\" href=\"https:\/\/beautyinstitute.ee\/toode\/microsilver-katepesugeel-250ml\/\" \/>\n<meta property=\"og:locale\" content=\"ru_RU\" \/>\n<meta property=\"og:type\" content=\"article\" \/>\n<meta property=\"og:title\" content=\"Microsilver K\u00e4tepesugeel 250Ml - Beauty Institute\" \/>\n<meta property=\"og:description\" content=\"Vedelseep k\u00e4tele, mis annab puhta ja kaitstud tunde. Toode on antibakteriaalne ja pikaajalise toimega, sisaldab MicroSilver Bg kompleksi. Eelised: annab nahale pehme ja elastse tunde pikaajaline kaitse mikroobide eest p\u00e4rast igat k\u00e4tepesu Sobilik: k\u00f5ikidele nahat\u00fc\u00fcpidele, igas vanuses. Toimeained: looduslik tensiit, h\u00f5be, gl\u00fctseriin, pantenool. H\u00f5be&#8211; suuremolekulaarne h\u00f5be moodustab nahale kaitsekihi. Tagab antibakteriaalse keskkonna. Omab v\u00f5imet h\u00e4vitada [&hellip;]\" \/>\n<meta property=\"og:url\" content=\"https:\/\/beautyinstitute.ee\/toode\/microsilver-katepesugeel-250ml\/\" \/>\n<meta property=\"og:site_name\" content=\"Beauty Institute\" \/>\n<meta property=\"article:modified_time\" content=\"2026-04-17T09:56:32+00:00\" \/>\n<meta property=\"og:image\" content=\"https:\/\/beautyinstitute.ee\/wp-content\/uploads\/2019\/03\/MS-hand-wash.jpg\" \/>\n\t<meta property=\"og:image:width\" content=\"750\" \/>\n\t<meta property=\"og:image:height\" content=\"711\" \/>\n\t<meta property=\"og:image:type\" content=\"image\/jpeg\" \/>\n<meta name=\"twitter:card\" content=\"summary_large_image\" \/>\n<meta name=\"twitter:site\" content=\"@Beauty_Eesti\" \/>\n<meta name=\"twitter:label1\" content=\"\u041f\u0440\u0438\u043c\u0435\u0440\u043d\u043e\u0435 \u0432\u0440\u0435\u043c\u044f \u0434\u043b\u044f \u0447\u0442\u0435\u043d\u0438\u044f\" \/>\n\t<meta name=\"twitter:data1\" content=\"1 \u043c\u0438\u043d\u0443\u0442\u0430\" \/>\n<script type=\"application\/ld+json\" class=\"yoast-schema-graph\">{\"@context\":\"https:\/\/schema.org\",\"@graph\":[{\"@type\":\"WebPage\",\"@id\":\"https:\/\/beautyinstitute.ee\/toode\/microsilver-katepesugeel-250ml\/\",\"url\":\"https:\/\/beautyinstitute.ee\/toode\/microsilver-katepesugeel-250ml\/\",\"name\":\"Microsilver K\u00e4tepesugeel 250Ml - Beauty Institute\",\"isPartOf\":{\"@id\":\"https:\/\/beautyinstitute.ee\/#website\"},\"primaryImageOfPage\":{\"@id\":\"https:\/\/beautyinstitute.ee\/toode\/microsilver-katepesugeel-250ml\/#primaryimage\"},\"image\":{\"@id\":\"https:\/\/beautyinstitute.ee\/toode\/microsilver-katepesugeel-250ml\/#primaryimage\"},\"thumbnailUrl\":\"https:\/\/beautyinstitute.ee\/wp-content\/uploads\/2019\/03\/MS-hand-wash.jpg\",\"datePublished\":\"2019-03-29T11:55:48+00:00\",\"dateModified\":\"2026-04-17T09:56:32+00:00\",\"breadcrumb\":{\"@id\":\"https:\/\/beautyinstitute.ee\/toode\/microsilver-katepesugeel-250ml\/#breadcrumb\"},\"inLanguage\":\"ru-RU\",\"potentialAction\":[{\"@type\":\"ReadAction\",\"target\":[\"https:\/\/beautyinstitute.ee\/toode\/microsilver-katepesugeel-250ml\/\"]}]},{\"@type\":\"ImageObject\",\"inLanguage\":\"ru-RU\",\"@id\":\"https:\/\/beautyinstitute.ee\/toode\/microsilver-katepesugeel-250ml\/#primaryimage\",\"url\":\"https:\/\/beautyinstitute.ee\/wp-content\/uploads\/2019\/03\/MS-hand-wash.jpg\",\"contentUrl\":\"https:\/\/beautyinstitute.ee\/wp-content\/uploads\/2019\/03\/MS-hand-wash.jpg\",\"width\":750,\"height\":711},{\"@type\":\"BreadcrumbList\",\"@id\":\"https:\/\/beautyinstitute.ee\/toode\/microsilver-katepesugeel-250ml\/#breadcrumb\",\"itemListElement\":[{\"@type\":\"ListItem\",\"position\":1,\"name\":\"Home\",\"item\":\"https:\/\/beautyinstitute.ee\/ru\/\"},{\"@type\":\"ListItem\",\"position\":2,\"name\":\"E-pood\",\"item\":\"https:\/\/beautyinstitute.ee\/e-pood\/\"},{\"@type\":\"ListItem\",\"position\":3,\"name\":\"Microsilver K\u00e4tepesugeel 250Ml\"}]},{\"@type\":\"WebSite\",\"@id\":\"https:\/\/beautyinstitute.ee\/#website\",\"url\":\"https:\/\/beautyinstitute.ee\/\",\"name\":\"Beauty Institute\",\"description\":\"CNC Cosmetic ametlik maaletooja ja edasim\u00fc\u00fcja Eestis, Soomes, L\u00e4tis. Aparaadikosmeetika, koolitused, kosmeetikatooted.\",\"potentialAction\":[{\"@type\":\"SearchAction\",\"target\":{\"@type\":\"EntryPoint\",\"urlTemplate\":\"https:\/\/beautyinstitute.ee\/?s={search_term_string}\"},\"query-input\":{\"@type\":\"PropertyValueSpecification\",\"valueRequired\":true,\"valueName\":\"search_term_string\"}}],\"inLanguage\":\"ru-RU\"}]}<\/script>\n<!-- \/ Yoast SEO plugin. -->","yoast_head_json":{"title":"Microsilver K\u00e4tepesugeel 250Ml - Beauty Institute","robots":{"index":"index","follow":"follow","max-snippet":"max-snippet:-1","max-image-preview":"max-image-preview:large","max-video-preview":"max-video-preview:-1"},"canonical":"https:\/\/beautyinstitute.ee\/toode\/microsilver-katepesugeel-250ml\/","og_locale":"ru_RU","og_type":"article","og_title":"Microsilver K\u00e4tepesugeel 250Ml - Beauty Institute","og_description":"Vedelseep k\u00e4tele, mis annab puhta ja kaitstud tunde. Toode on antibakteriaalne ja pikaajalise toimega, sisaldab MicroSilver Bg kompleksi. Eelised: annab nahale pehme ja elastse tunde pikaajaline kaitse mikroobide eest p\u00e4rast igat k\u00e4tepesu Sobilik: k\u00f5ikidele nahat\u00fc\u00fcpidele, igas vanuses. Toimeained: looduslik tensiit, h\u00f5be, gl\u00fctseriin, pantenool. H\u00f5be&#8211; suuremolekulaarne h\u00f5be moodustab nahale kaitsekihi. Tagab antibakteriaalse keskkonna. Omab v\u00f5imet h\u00e4vitada [&hellip;]","og_url":"https:\/\/beautyinstitute.ee\/toode\/microsilver-katepesugeel-250ml\/","og_site_name":"Beauty Institute","article_modified_time":"2026-04-17T09:56:32+00:00","og_image":[{"width":750,"height":711,"url":"https:\/\/beautyinstitute.ee\/wp-content\/uploads\/2019\/03\/MS-hand-wash.jpg","type":"image\/jpeg"}],"twitter_card":"summary_large_image","twitter_site":"@Beauty_Eesti","twitter_misc":{"\u041f\u0440\u0438\u043c\u0435\u0440\u043d\u043e\u0435 \u0432\u0440\u0435\u043c\u044f \u0434\u043b\u044f \u0447\u0442\u0435\u043d\u0438\u044f":"1 \u043c\u0438\u043d\u0443\u0442\u0430"},"schema":{"@context":"https:\/\/schema.org","@graph":[{"@type":"WebPage","@id":"https:\/\/beautyinstitute.ee\/toode\/microsilver-katepesugeel-250ml\/","url":"https:\/\/beautyinstitute.ee\/toode\/microsilver-katepesugeel-250ml\/","name":"Microsilver K\u00e4tepesugeel 250Ml - Beauty Institute","isPartOf":{"@id":"https:\/\/beautyinstitute.ee\/#website"},"primaryImageOfPage":{"@id":"https:\/\/beautyinstitute.ee\/toode\/microsilver-katepesugeel-250ml\/#primaryimage"},"image":{"@id":"https:\/\/beautyinstitute.ee\/toode\/microsilver-katepesugeel-250ml\/#primaryimage"},"thumbnailUrl":"https:\/\/beautyinstitute.ee\/wp-content\/uploads\/2019\/03\/MS-hand-wash.jpg","datePublished":"2019-03-29T11:55:48+00:00","dateModified":"2026-04-17T09:56:32+00:00","breadcrumb":{"@id":"https:\/\/beautyinstitute.ee\/toode\/microsilver-katepesugeel-250ml\/#breadcrumb"},"inLanguage":"ru-RU","potentialAction":[{"@type":"ReadAction","target":["https:\/\/beautyinstitute.ee\/toode\/microsilver-katepesugeel-250ml\/"]}]},{"@type":"ImageObject","inLanguage":"ru-RU","@id":"https:\/\/beautyinstitute.ee\/toode\/microsilver-katepesugeel-250ml\/#primaryimage","url":"https:\/\/beautyinstitute.ee\/wp-content\/uploads\/2019\/03\/MS-hand-wash.jpg","contentUrl":"https:\/\/beautyinstitute.ee\/wp-content\/uploads\/2019\/03\/MS-hand-wash.jpg","width":750,"height":711},{"@type":"BreadcrumbList","@id":"https:\/\/beautyinstitute.ee\/toode\/microsilver-katepesugeel-250ml\/#breadcrumb","itemListElement":[{"@type":"ListItem","position":1,"name":"Home","item":"https:\/\/beautyinstitute.ee\/ru\/"},{"@type":"ListItem","position":2,"name":"E-pood","item":"https:\/\/beautyinstitute.ee\/e-pood\/"},{"@type":"ListItem","position":3,"name":"Microsilver K\u00e4tepesugeel 250Ml"}]},{"@type":"WebSite","@id":"https:\/\/beautyinstitute.ee\/#website","url":"https:\/\/beautyinstitute.ee\/","name":"Beauty Institute","description":"CNC Cosmetic ametlik maaletooja ja edasim\u00fc\u00fcja Eestis, Soomes, L\u00e4tis. Aparaadikosmeetika, koolitused, kosmeetikatooted.","potentialAction":[{"@type":"SearchAction","target":{"@type":"EntryPoint","urlTemplate":"https:\/\/beautyinstitute.ee\/?s={search_term_string}"},"query-input":{"@type":"PropertyValueSpecification","valueRequired":true,"valueName":"search_term_string"}}],"inLanguage":"ru-RU"}]}},"_links":{"self":[{"href":"https:\/\/beautyinstitute.ee\/ru\/wp-json\/wp\/v2\/product\/3540","targetHints":{"allow":["GET"]}}],"collection":[{"href":"https:\/\/beautyinstitute.ee\/ru\/wp-json\/wp\/v2\/product"}],"about":[{"href":"https:\/\/beautyinstitute.ee\/ru\/wp-json\/wp\/v2\/types\/product"}],"wp:featuredmedia":[{"embeddable":true,"href":"https:\/\/beautyinstitute.ee\/ru\/wp-json\/wp\/v2\/media\/11744"}],"wp:attachment":[{"href":"https:\/\/beautyinstitute.ee\/ru\/wp-json\/wp\/v2\/media?parent=3540"}],"wp:term":[{"taxonomy":"product_cat","embeddable":true,"href":"https:\/\/beautyinstitute.ee\/ru\/wp-json\/wp\/v2\/product_cat?post=3540"},{"taxonomy":"product_tag","embeddable":true,"href":"https:\/\/beautyinstitute.ee\/ru\/wp-json\/wp\/v2\/product_tag?post=3540"}],"curies":[{"name":"wp","href":"https:\/\/api.w.org\/{rel}","templated":true}]}}