{"id":3543,"date":"2019-03-29T13:59:14","date_gmt":"2019-03-29T11:59:14","guid":{"rendered":"https:\/\/beautyinstitute.ee\/?post_type=product&#038;p=3543"},"modified":"2026-04-28T12:59:00","modified_gmt":"2026-04-28T09:59:00","slug":"microsilver-huulebalsam","status":"publish","type":"product","link":"https:\/\/beautyinstitute.ee\/ru\/toode\/microsilver-huulebalsam\/","title":{"rendered":"Ms Huulepalsam Spf 30"},"content":{"rendered":"<p><strong>Micro Silver Lip Balm with SPF 30<\/strong><\/p>\n<p>Pehmendab ja hooldab kuivi,\u00a0 katkiseid huuli. Rikastab huuli naturaalse niisutuse ja lipiididega\u00a0<span class=\"text_exposed_show\">j\u00e4ttes huultele kerge kaitsekile. <\/span><span class=\"text_exposed_show\">Kaitseb huuli deh\u00fcdreerumise eest ja p\u00e4ikesest tulenevate kahjustuste eest.<br \/>\n<\/span><\/p>\n<p>Huulepalsam on kerge vanilli l\u00f5hnaga.<\/p>\n<p><strong>Eelised:\u00a0<\/strong><\/p>\n<ul>\n<li>meeldiva l\u00f5hnaga<\/li>\n<li>niisutav ja hooldav<\/li>\n<li>annab huultele siidise s\u00e4ra<\/li>\n<li>kaitsefaktor SPF 30<\/li>\n<\/ul>\n<p>&nbsp;<\/p>\n<p><strong>Sobilik: <\/strong>k\u00f5ikidele nahat\u00fc\u00fcpidele, igas vanuses.<\/p>\n<p><strong>Toimeained:<\/strong> h\u00f5be.<\/p>\n<p><span class=\"text_exposed_show\">H\u00f5be \u2192 omab mikroobidevastast toimet, kaitseb bakterite ja viiruste eest.<br \/>\nRiitsinus\u00f5li- on p\u00f5letikuvastase, antimikroobse ja antioks\u00fcdantse omadusega. Samas aitab s\u00e4ilitada niiskusetaset nahas.<\/span><\/p>\n<p><span class=\"_5mfr\"><span class=\"_6qdm\">\u274c<\/span><\/span>ei sisalda mineraal\u00f5lisid (NB! paraffinium liquid), parabeene, silikoon\u00f5lisid. Tooted sobivad kasutamiseks ka lastele!<\/p>\n","protected":false},"excerpt":{"rendered":"<p>Micro Silver Lip Balm with SPF 30 Pehmendab ja hooldab kuivi,\u00a0 katkiseid huuli. Rikastab huuli naturaalse niisutuse ja lipiididega\u00a0j\u00e4ttes huultele kerge kaitsekile. Kaitseb huuli deh\u00fcdreerumise eest ja p\u00e4ikesest tulenevate kahjustuste eest. Huulepalsam on kerge vanilli l\u00f5hnaga. Eelised:\u00a0 meeldiva l\u00f5hnaga niisutav ja hooldav annab huultele siidise s\u00e4ra kaitsefaktor SPF 30 &nbsp; Sobilik: k\u00f5ikidele nahat\u00fc\u00fcpidele, igas vanuses. [&hellip;]<\/p>\n","protected":false},"featured_media":11741,"template":"","meta":{"_acf_changed":false},"product_cat":[252,123,128],"product_tag":[],"class_list":["post-3543","product","type-product","status-publish","has-post-thumbnail","hentry","product_cat-uv-kaitse","product_cat-sun","product_cat-microsilver"],"acf":[],"yoast_head":"<!-- This site is optimized with the Yoast SEO plugin v25.4 - https:\/\/yoast.com\/wordpress\/plugins\/seo\/ -->\n<title>Ms Huulepalsam Spf 30 - Beauty Institute<\/title>\n<meta name=\"robots\" content=\"index, follow, max-snippet:-1, max-image-preview:large, max-video-preview:-1\" \/>\n<link rel=\"canonical\" href=\"https:\/\/beautyinstitute.ee\/toode\/microsilver-huulebalsam\/\" \/>\n<meta property=\"og:locale\" content=\"ru_RU\" \/>\n<meta property=\"og:type\" content=\"article\" \/>\n<meta property=\"og:title\" content=\"Ms Huulepalsam Spf 30 - Beauty Institute\" \/>\n<meta property=\"og:description\" content=\"Micro Silver Lip Balm with SPF 30 Pehmendab ja hooldab kuivi,\u00a0 katkiseid huuli. Rikastab huuli naturaalse niisutuse ja lipiididega\u00a0j\u00e4ttes huultele kerge kaitsekile. Kaitseb huuli deh\u00fcdreerumise eest ja p\u00e4ikesest tulenevate kahjustuste eest. Huulepalsam on kerge vanilli l\u00f5hnaga. Eelised:\u00a0 meeldiva l\u00f5hnaga niisutav ja hooldav annab huultele siidise s\u00e4ra kaitsefaktor SPF 30 &nbsp; Sobilik: k\u00f5ikidele nahat\u00fc\u00fcpidele, igas vanuses. [&hellip;]\" \/>\n<meta property=\"og:url\" content=\"https:\/\/beautyinstitute.ee\/toode\/microsilver-huulebalsam\/\" \/>\n<meta property=\"og:site_name\" content=\"Beauty Institute\" \/>\n<meta property=\"article:modified_time\" content=\"2026-04-28T09:59:00+00:00\" \/>\n<meta property=\"og:image\" content=\"https:\/\/beautyinstitute.ee\/wp-content\/uploads\/2019\/03\/MS-huulebals.jpg\" \/>\n\t<meta property=\"og:image:width\" content=\"750\" \/>\n\t<meta property=\"og:image:height\" content=\"711\" \/>\n\t<meta property=\"og:image:type\" content=\"image\/jpeg\" \/>\n<meta name=\"twitter:card\" content=\"summary_large_image\" \/>\n<meta name=\"twitter:site\" content=\"@Beauty_Eesti\" \/>\n<meta name=\"twitter:label1\" content=\"\u041f\u0440\u0438\u043c\u0435\u0440\u043d\u043e\u0435 \u0432\u0440\u0435\u043c\u044f \u0434\u043b\u044f \u0447\u0442\u0435\u043d\u0438\u044f\" \/>\n\t<meta name=\"twitter:data1\" content=\"1 \u043c\u0438\u043d\u0443\u0442\u0430\" \/>\n<script type=\"application\/ld+json\" class=\"yoast-schema-graph\">{\"@context\":\"https:\/\/schema.org\",\"@graph\":[{\"@type\":\"WebPage\",\"@id\":\"https:\/\/beautyinstitute.ee\/toode\/microsilver-huulebalsam\/\",\"url\":\"https:\/\/beautyinstitute.ee\/toode\/microsilver-huulebalsam\/\",\"name\":\"Ms Huulepalsam Spf 30 - Beauty Institute\",\"isPartOf\":{\"@id\":\"https:\/\/beautyinstitute.ee\/#website\"},\"primaryImageOfPage\":{\"@id\":\"https:\/\/beautyinstitute.ee\/toode\/microsilver-huulebalsam\/#primaryimage\"},\"image\":{\"@id\":\"https:\/\/beautyinstitute.ee\/toode\/microsilver-huulebalsam\/#primaryimage\"},\"thumbnailUrl\":\"https:\/\/beautyinstitute.ee\/wp-content\/uploads\/2019\/03\/MS-huulebals.jpg\",\"datePublished\":\"2019-03-29T11:59:14+00:00\",\"dateModified\":\"2026-04-28T09:59:00+00:00\",\"breadcrumb\":{\"@id\":\"https:\/\/beautyinstitute.ee\/toode\/microsilver-huulebalsam\/#breadcrumb\"},\"inLanguage\":\"ru-RU\",\"potentialAction\":[{\"@type\":\"ReadAction\",\"target\":[\"https:\/\/beautyinstitute.ee\/toode\/microsilver-huulebalsam\/\"]}]},{\"@type\":\"ImageObject\",\"inLanguage\":\"ru-RU\",\"@id\":\"https:\/\/beautyinstitute.ee\/toode\/microsilver-huulebalsam\/#primaryimage\",\"url\":\"https:\/\/beautyinstitute.ee\/wp-content\/uploads\/2019\/03\/MS-huulebals.jpg\",\"contentUrl\":\"https:\/\/beautyinstitute.ee\/wp-content\/uploads\/2019\/03\/MS-huulebals.jpg\",\"width\":750,\"height\":711},{\"@type\":\"BreadcrumbList\",\"@id\":\"https:\/\/beautyinstitute.ee\/toode\/microsilver-huulebalsam\/#breadcrumb\",\"itemListElement\":[{\"@type\":\"ListItem\",\"position\":1,\"name\":\"Home\",\"item\":\"https:\/\/beautyinstitute.ee\/ru\/\"},{\"@type\":\"ListItem\",\"position\":2,\"name\":\"E-pood\",\"item\":\"https:\/\/beautyinstitute.ee\/e-pood\/\"},{\"@type\":\"ListItem\",\"position\":3,\"name\":\"Ms Huulepalsam Spf 30\"}]},{\"@type\":\"WebSite\",\"@id\":\"https:\/\/beautyinstitute.ee\/#website\",\"url\":\"https:\/\/beautyinstitute.ee\/\",\"name\":\"Beauty Institute\",\"description\":\"CNC Cosmetic ametlik maaletooja ja edasim\u00fc\u00fcja Eestis, Soomes, L\u00e4tis. Aparaadikosmeetika, koolitused, kosmeetikatooted.\",\"potentialAction\":[{\"@type\":\"SearchAction\",\"target\":{\"@type\":\"EntryPoint\",\"urlTemplate\":\"https:\/\/beautyinstitute.ee\/?s={search_term_string}\"},\"query-input\":{\"@type\":\"PropertyValueSpecification\",\"valueRequired\":true,\"valueName\":\"search_term_string\"}}],\"inLanguage\":\"ru-RU\"}]}<\/script>\n<!-- \/ Yoast SEO plugin. -->","yoast_head_json":{"title":"Ms Huulepalsam Spf 30 - Beauty Institute","robots":{"index":"index","follow":"follow","max-snippet":"max-snippet:-1","max-image-preview":"max-image-preview:large","max-video-preview":"max-video-preview:-1"},"canonical":"https:\/\/beautyinstitute.ee\/toode\/microsilver-huulebalsam\/","og_locale":"ru_RU","og_type":"article","og_title":"Ms Huulepalsam Spf 30 - Beauty Institute","og_description":"Micro Silver Lip Balm with SPF 30 Pehmendab ja hooldab kuivi,\u00a0 katkiseid huuli. Rikastab huuli naturaalse niisutuse ja lipiididega\u00a0j\u00e4ttes huultele kerge kaitsekile. Kaitseb huuli deh\u00fcdreerumise eest ja p\u00e4ikesest tulenevate kahjustuste eest. Huulepalsam on kerge vanilli l\u00f5hnaga. Eelised:\u00a0 meeldiva l\u00f5hnaga niisutav ja hooldav annab huultele siidise s\u00e4ra kaitsefaktor SPF 30 &nbsp; Sobilik: k\u00f5ikidele nahat\u00fc\u00fcpidele, igas vanuses. [&hellip;]","og_url":"https:\/\/beautyinstitute.ee\/toode\/microsilver-huulebalsam\/","og_site_name":"Beauty Institute","article_modified_time":"2026-04-28T09:59:00+00:00","og_image":[{"width":750,"height":711,"url":"https:\/\/beautyinstitute.ee\/wp-content\/uploads\/2019\/03\/MS-huulebals.jpg","type":"image\/jpeg"}],"twitter_card":"summary_large_image","twitter_site":"@Beauty_Eesti","twitter_misc":{"\u041f\u0440\u0438\u043c\u0435\u0440\u043d\u043e\u0435 \u0432\u0440\u0435\u043c\u044f \u0434\u043b\u044f \u0447\u0442\u0435\u043d\u0438\u044f":"1 \u043c\u0438\u043d\u0443\u0442\u0430"},"schema":{"@context":"https:\/\/schema.org","@graph":[{"@type":"WebPage","@id":"https:\/\/beautyinstitute.ee\/toode\/microsilver-huulebalsam\/","url":"https:\/\/beautyinstitute.ee\/toode\/microsilver-huulebalsam\/","name":"Ms Huulepalsam Spf 30 - Beauty Institute","isPartOf":{"@id":"https:\/\/beautyinstitute.ee\/#website"},"primaryImageOfPage":{"@id":"https:\/\/beautyinstitute.ee\/toode\/microsilver-huulebalsam\/#primaryimage"},"image":{"@id":"https:\/\/beautyinstitute.ee\/toode\/microsilver-huulebalsam\/#primaryimage"},"thumbnailUrl":"https:\/\/beautyinstitute.ee\/wp-content\/uploads\/2019\/03\/MS-huulebals.jpg","datePublished":"2019-03-29T11:59:14+00:00","dateModified":"2026-04-28T09:59:00+00:00","breadcrumb":{"@id":"https:\/\/beautyinstitute.ee\/toode\/microsilver-huulebalsam\/#breadcrumb"},"inLanguage":"ru-RU","potentialAction":[{"@type":"ReadAction","target":["https:\/\/beautyinstitute.ee\/toode\/microsilver-huulebalsam\/"]}]},{"@type":"ImageObject","inLanguage":"ru-RU","@id":"https:\/\/beautyinstitute.ee\/toode\/microsilver-huulebalsam\/#primaryimage","url":"https:\/\/beautyinstitute.ee\/wp-content\/uploads\/2019\/03\/MS-huulebals.jpg","contentUrl":"https:\/\/beautyinstitute.ee\/wp-content\/uploads\/2019\/03\/MS-huulebals.jpg","width":750,"height":711},{"@type":"BreadcrumbList","@id":"https:\/\/beautyinstitute.ee\/toode\/microsilver-huulebalsam\/#breadcrumb","itemListElement":[{"@type":"ListItem","position":1,"name":"Home","item":"https:\/\/beautyinstitute.ee\/ru\/"},{"@type":"ListItem","position":2,"name":"E-pood","item":"https:\/\/beautyinstitute.ee\/e-pood\/"},{"@type":"ListItem","position":3,"name":"Ms Huulepalsam Spf 30"}]},{"@type":"WebSite","@id":"https:\/\/beautyinstitute.ee\/#website","url":"https:\/\/beautyinstitute.ee\/","name":"Beauty Institute","description":"CNC Cosmetic ametlik maaletooja ja edasim\u00fc\u00fcja Eestis, Soomes, L\u00e4tis. Aparaadikosmeetika, koolitused, kosmeetikatooted.","potentialAction":[{"@type":"SearchAction","target":{"@type":"EntryPoint","urlTemplate":"https:\/\/beautyinstitute.ee\/?s={search_term_string}"},"query-input":{"@type":"PropertyValueSpecification","valueRequired":true,"valueName":"search_term_string"}}],"inLanguage":"ru-RU"}]}},"_links":{"self":[{"href":"https:\/\/beautyinstitute.ee\/ru\/wp-json\/wp\/v2\/product\/3543","targetHints":{"allow":["GET"]}}],"collection":[{"href":"https:\/\/beautyinstitute.ee\/ru\/wp-json\/wp\/v2\/product"}],"about":[{"href":"https:\/\/beautyinstitute.ee\/ru\/wp-json\/wp\/v2\/types\/product"}],"wp:featuredmedia":[{"embeddable":true,"href":"https:\/\/beautyinstitute.ee\/ru\/wp-json\/wp\/v2\/media\/11741"}],"wp:attachment":[{"href":"https:\/\/beautyinstitute.ee\/ru\/wp-json\/wp\/v2\/media?parent=3543"}],"wp:term":[{"taxonomy":"product_cat","embeddable":true,"href":"https:\/\/beautyinstitute.ee\/ru\/wp-json\/wp\/v2\/product_cat?post=3543"},{"taxonomy":"product_tag","embeddable":true,"href":"https:\/\/beautyinstitute.ee\/ru\/wp-json\/wp\/v2\/product_tag?post=3543"}],"curies":[{"name":"wp","href":"https:\/\/api.w.org\/{rel}","templated":true}]}}