{"id":35456,"date":"2025-10-10T09:07:54","date_gmt":"2025-10-10T06:07:54","guid":{"rendered":"https:\/\/beautyinstitute.ee\/?post_type=product&#038;p=35456"},"modified":"2026-04-15T12:25:28","modified_gmt":"2026-04-15T09:25:28","slug":"classic-paevakreem-apelsinioiega-15-ml","status":"publish","type":"product","link":"https:\/\/beautyinstitute.ee\/ru\/toode\/classic-paevakreem-apelsinioiega-15-ml\/","title":{"rendered":"Classic P\u00e4evakreem, Apelsini\u00f5iega, 15 Ml"},"content":{"rendered":"<p data-start=\"118\" data-end=\"137\"><strong data-start=\"122\" data-end=\"135\">KIRJELDUS: <\/strong>Siidise tekstuuriga \u00a0p\u00e4evakreem, mis j\u00e4tab mati jume<\/p>\n<p data-start=\"180\" data-end=\"195\"><strong data-start=\"184\" data-end=\"193\">TOIME: <\/strong>Kreem tasakaalustab ja rahustab nahka, pakkudes samal ajal piisavalt niiskust kogu p\u00e4evaks. Meeldivalt v\u00e4rske ja puuviljane aroom t\u00e4iendab \u00a0n\u00e4ohooldust.<\/p>\n<p data-start=\"356\" data-end=\"371\"><strong data-start=\"360\" data-end=\"369\">SOBIB: <\/strong>kreem on loodud normaalsele ja rasusele nahale.<\/p>\n<p data-start=\"425\" data-end=\"461\"><strong data-start=\"429\" data-end=\"459\">MIKS SEE TOODE ON VAJALIK?<\/strong><\/p>\n<p data-start=\"462\" data-end=\"532\">\u2022 Selge ja v\u00e4rske jume<br data-start=\"484\" data-end=\"487\" \/>\u2022 T\u00f5hus niisutus ja hooldus kogu p\u00e4eva v\u00e4ltel<\/p>\n<p data-start=\"534\" data-end=\"554\"><strong data-start=\"538\" data-end=\"552\">KASUTAMINE: <\/strong>Kanda hommikuti puhastatud nahale ja \u00f5rnalt sisse masseerida.<\/p>\n<p data-start=\"618\" data-end=\"647\"><strong data-start=\"622\" data-end=\"645\">PEAMISED TOIMEAINED: <\/strong>N\u00f5iap\u00e4hkli (Hamamelis) ekstrakt, bisabolool, pantenool, apelsini\u00f5ie ekstrakt, E-vitamiin, allantoiin<\/p>\n","protected":false},"excerpt":{"rendered":"<p>KIRJELDUS: Siidise tekstuuriga \u00a0p\u00e4evakreem, mis j\u00e4tab mati jume TOIME: Kreem tasakaalustab ja rahustab nahka, pakkudes samal ajal piisavalt niiskust kogu p\u00e4evaks. Meeldivalt v\u00e4rske ja puuviljane aroom t\u00e4iendab \u00a0n\u00e4ohooldust. SOBIB: kreem on loodud normaalsele ja rasusele nahale. MIKS SEE TOODE ON VAJALIK? \u2022 Selge ja v\u00e4rske jume\u2022 T\u00f5hus niisutus ja hooldus kogu p\u00e4eva v\u00e4ltel KASUTAMINE: Kanda [&hellip;]<\/p>\n","protected":false},"featured_media":35457,"template":"","meta":{"_acf_changed":false},"product_cat":[278,250,134],"product_tag":[],"class_list":["post-35456","product","type-product","status-publish","has-post-thumbnail","hentry","product_cat-cnc","product_cat-naokreemid","product_cat-classic"],"acf":[],"yoast_head":"<!-- This site is optimized with the Yoast SEO plugin v25.4 - https:\/\/yoast.com\/wordpress\/plugins\/seo\/ -->\n<title>Classic P\u00e4evakreem, Apelsini\u00f5iega, 15 Ml - Beauty Institute<\/title>\n<meta name=\"robots\" content=\"index, follow, max-snippet:-1, max-image-preview:large, max-video-preview:-1\" \/>\n<link rel=\"canonical\" href=\"https:\/\/beautyinstitute.ee\/toode\/classic-paevakreem-apelsinioiega-15-ml\/\" \/>\n<meta property=\"og:locale\" content=\"ru_RU\" \/>\n<meta property=\"og:type\" content=\"article\" \/>\n<meta property=\"og:title\" content=\"Classic P\u00e4evakreem, Apelsini\u00f5iega, 15 Ml - Beauty Institute\" \/>\n<meta property=\"og:description\" content=\"KIRJELDUS: Siidise tekstuuriga \u00a0p\u00e4evakreem, mis j\u00e4tab mati jume TOIME: Kreem tasakaalustab ja rahustab nahka, pakkudes samal ajal piisavalt niiskust kogu p\u00e4evaks. Meeldivalt v\u00e4rske ja puuviljane aroom t\u00e4iendab \u00a0n\u00e4ohooldust. SOBIB: kreem on loodud normaalsele ja rasusele nahale. MIKS SEE TOODE ON VAJALIK? \u2022 Selge ja v\u00e4rske jume\u2022 T\u00f5hus niisutus ja hooldus kogu p\u00e4eva v\u00e4ltel KASUTAMINE: Kanda [&hellip;]\" \/>\n<meta property=\"og:url\" content=\"https:\/\/beautyinstitute.ee\/toode\/classic-paevakreem-apelsinioiega-15-ml\/\" \/>\n<meta property=\"og:site_name\" content=\"Beauty Institute\" \/>\n<meta property=\"article:modified_time\" content=\"2026-04-15T09:25:28+00:00\" \/>\n<meta property=\"og:image\" content=\"https:\/\/beautyinstitute.ee\/wp-content\/uploads\/2025\/10\/Orange-kreem-joulud.jpg\" \/>\n\t<meta property=\"og:image:width\" content=\"1920\" \/>\n\t<meta property=\"og:image:height\" content=\"1920\" \/>\n\t<meta property=\"og:image:type\" content=\"image\/jpeg\" \/>\n<meta name=\"twitter:card\" content=\"summary_large_image\" \/>\n<meta name=\"twitter:site\" content=\"@Beauty_Eesti\" \/>\n<meta name=\"twitter:label1\" content=\"\u041f\u0440\u0438\u043c\u0435\u0440\u043d\u043e\u0435 \u0432\u0440\u0435\u043c\u044f \u0434\u043b\u044f \u0447\u0442\u0435\u043d\u0438\u044f\" \/>\n\t<meta name=\"twitter:data1\" content=\"1 \u043c\u0438\u043d\u0443\u0442\u0430\" \/>\n<script type=\"application\/ld+json\" class=\"yoast-schema-graph\">{\"@context\":\"https:\/\/schema.org\",\"@graph\":[{\"@type\":\"WebPage\",\"@id\":\"https:\/\/beautyinstitute.ee\/toode\/classic-paevakreem-apelsinioiega-15-ml\/\",\"url\":\"https:\/\/beautyinstitute.ee\/toode\/classic-paevakreem-apelsinioiega-15-ml\/\",\"name\":\"Classic P\u00e4evakreem, Apelsini\u00f5iega, 15 Ml - Beauty Institute\",\"isPartOf\":{\"@id\":\"https:\/\/beautyinstitute.ee\/#website\"},\"primaryImageOfPage\":{\"@id\":\"https:\/\/beautyinstitute.ee\/toode\/classic-paevakreem-apelsinioiega-15-ml\/#primaryimage\"},\"image\":{\"@id\":\"https:\/\/beautyinstitute.ee\/toode\/classic-paevakreem-apelsinioiega-15-ml\/#primaryimage\"},\"thumbnailUrl\":\"https:\/\/beautyinstitute.ee\/wp-content\/uploads\/2025\/10\/Orange-kreem-joulud.jpg\",\"datePublished\":\"2025-10-10T06:07:54+00:00\",\"dateModified\":\"2026-04-15T09:25:28+00:00\",\"breadcrumb\":{\"@id\":\"https:\/\/beautyinstitute.ee\/toode\/classic-paevakreem-apelsinioiega-15-ml\/#breadcrumb\"},\"inLanguage\":\"ru-RU\",\"potentialAction\":[{\"@type\":\"ReadAction\",\"target\":[\"https:\/\/beautyinstitute.ee\/toode\/classic-paevakreem-apelsinioiega-15-ml\/\"]}]},{\"@type\":\"ImageObject\",\"inLanguage\":\"ru-RU\",\"@id\":\"https:\/\/beautyinstitute.ee\/toode\/classic-paevakreem-apelsinioiega-15-ml\/#primaryimage\",\"url\":\"https:\/\/beautyinstitute.ee\/wp-content\/uploads\/2025\/10\/Orange-kreem-joulud.jpg\",\"contentUrl\":\"https:\/\/beautyinstitute.ee\/wp-content\/uploads\/2025\/10\/Orange-kreem-joulud.jpg\",\"width\":1920,\"height\":1920},{\"@type\":\"BreadcrumbList\",\"@id\":\"https:\/\/beautyinstitute.ee\/toode\/classic-paevakreem-apelsinioiega-15-ml\/#breadcrumb\",\"itemListElement\":[{\"@type\":\"ListItem\",\"position\":1,\"name\":\"Home\",\"item\":\"https:\/\/beautyinstitute.ee\/ru\/\"},{\"@type\":\"ListItem\",\"position\":2,\"name\":\"E-pood\",\"item\":\"https:\/\/beautyinstitute.ee\/e-pood\/\"},{\"@type\":\"ListItem\",\"position\":3,\"name\":\"Classic P\u00e4evakreem, Apelsini\u00f5iega, 15 Ml\"}]},{\"@type\":\"WebSite\",\"@id\":\"https:\/\/beautyinstitute.ee\/#website\",\"url\":\"https:\/\/beautyinstitute.ee\/\",\"name\":\"Beauty Institute\",\"description\":\"CNC Cosmetic ametlik maaletooja ja edasim\u00fc\u00fcja Eestis, Soomes, L\u00e4tis. Aparaadikosmeetika, koolitused, kosmeetikatooted.\",\"potentialAction\":[{\"@type\":\"SearchAction\",\"target\":{\"@type\":\"EntryPoint\",\"urlTemplate\":\"https:\/\/beautyinstitute.ee\/?s={search_term_string}\"},\"query-input\":{\"@type\":\"PropertyValueSpecification\",\"valueRequired\":true,\"valueName\":\"search_term_string\"}}],\"inLanguage\":\"ru-RU\"}]}<\/script>\n<!-- \/ Yoast SEO plugin. -->","yoast_head_json":{"title":"Classic P\u00e4evakreem, Apelsini\u00f5iega, 15 Ml - Beauty Institute","robots":{"index":"index","follow":"follow","max-snippet":"max-snippet:-1","max-image-preview":"max-image-preview:large","max-video-preview":"max-video-preview:-1"},"canonical":"https:\/\/beautyinstitute.ee\/toode\/classic-paevakreem-apelsinioiega-15-ml\/","og_locale":"ru_RU","og_type":"article","og_title":"Classic P\u00e4evakreem, Apelsini\u00f5iega, 15 Ml - Beauty Institute","og_description":"KIRJELDUS: Siidise tekstuuriga \u00a0p\u00e4evakreem, mis j\u00e4tab mati jume TOIME: Kreem tasakaalustab ja rahustab nahka, pakkudes samal ajal piisavalt niiskust kogu p\u00e4evaks. Meeldivalt v\u00e4rske ja puuviljane aroom t\u00e4iendab \u00a0n\u00e4ohooldust. SOBIB: kreem on loodud normaalsele ja rasusele nahale. MIKS SEE TOODE ON VAJALIK? \u2022 Selge ja v\u00e4rske jume\u2022 T\u00f5hus niisutus ja hooldus kogu p\u00e4eva v\u00e4ltel KASUTAMINE: Kanda [&hellip;]","og_url":"https:\/\/beautyinstitute.ee\/toode\/classic-paevakreem-apelsinioiega-15-ml\/","og_site_name":"Beauty Institute","article_modified_time":"2026-04-15T09:25:28+00:00","og_image":[{"width":1920,"height":1920,"url":"https:\/\/beautyinstitute.ee\/wp-content\/uploads\/2025\/10\/Orange-kreem-joulud.jpg","type":"image\/jpeg"}],"twitter_card":"summary_large_image","twitter_site":"@Beauty_Eesti","twitter_misc":{"\u041f\u0440\u0438\u043c\u0435\u0440\u043d\u043e\u0435 \u0432\u0440\u0435\u043c\u044f \u0434\u043b\u044f \u0447\u0442\u0435\u043d\u0438\u044f":"1 \u043c\u0438\u043d\u0443\u0442\u0430"},"schema":{"@context":"https:\/\/schema.org","@graph":[{"@type":"WebPage","@id":"https:\/\/beautyinstitute.ee\/toode\/classic-paevakreem-apelsinioiega-15-ml\/","url":"https:\/\/beautyinstitute.ee\/toode\/classic-paevakreem-apelsinioiega-15-ml\/","name":"Classic P\u00e4evakreem, Apelsini\u00f5iega, 15 Ml - Beauty Institute","isPartOf":{"@id":"https:\/\/beautyinstitute.ee\/#website"},"primaryImageOfPage":{"@id":"https:\/\/beautyinstitute.ee\/toode\/classic-paevakreem-apelsinioiega-15-ml\/#primaryimage"},"image":{"@id":"https:\/\/beautyinstitute.ee\/toode\/classic-paevakreem-apelsinioiega-15-ml\/#primaryimage"},"thumbnailUrl":"https:\/\/beautyinstitute.ee\/wp-content\/uploads\/2025\/10\/Orange-kreem-joulud.jpg","datePublished":"2025-10-10T06:07:54+00:00","dateModified":"2026-04-15T09:25:28+00:00","breadcrumb":{"@id":"https:\/\/beautyinstitute.ee\/toode\/classic-paevakreem-apelsinioiega-15-ml\/#breadcrumb"},"inLanguage":"ru-RU","potentialAction":[{"@type":"ReadAction","target":["https:\/\/beautyinstitute.ee\/toode\/classic-paevakreem-apelsinioiega-15-ml\/"]}]},{"@type":"ImageObject","inLanguage":"ru-RU","@id":"https:\/\/beautyinstitute.ee\/toode\/classic-paevakreem-apelsinioiega-15-ml\/#primaryimage","url":"https:\/\/beautyinstitute.ee\/wp-content\/uploads\/2025\/10\/Orange-kreem-joulud.jpg","contentUrl":"https:\/\/beautyinstitute.ee\/wp-content\/uploads\/2025\/10\/Orange-kreem-joulud.jpg","width":1920,"height":1920},{"@type":"BreadcrumbList","@id":"https:\/\/beautyinstitute.ee\/toode\/classic-paevakreem-apelsinioiega-15-ml\/#breadcrumb","itemListElement":[{"@type":"ListItem","position":1,"name":"Home","item":"https:\/\/beautyinstitute.ee\/ru\/"},{"@type":"ListItem","position":2,"name":"E-pood","item":"https:\/\/beautyinstitute.ee\/e-pood\/"},{"@type":"ListItem","position":3,"name":"Classic P\u00e4evakreem, Apelsini\u00f5iega, 15 Ml"}]},{"@type":"WebSite","@id":"https:\/\/beautyinstitute.ee\/#website","url":"https:\/\/beautyinstitute.ee\/","name":"Beauty Institute","description":"CNC Cosmetic ametlik maaletooja ja edasim\u00fc\u00fcja Eestis, Soomes, L\u00e4tis. Aparaadikosmeetika, koolitused, kosmeetikatooted.","potentialAction":[{"@type":"SearchAction","target":{"@type":"EntryPoint","urlTemplate":"https:\/\/beautyinstitute.ee\/?s={search_term_string}"},"query-input":{"@type":"PropertyValueSpecification","valueRequired":true,"valueName":"search_term_string"}}],"inLanguage":"ru-RU"}]}},"_links":{"self":[{"href":"https:\/\/beautyinstitute.ee\/ru\/wp-json\/wp\/v2\/product\/35456","targetHints":{"allow":["GET"]}}],"collection":[{"href":"https:\/\/beautyinstitute.ee\/ru\/wp-json\/wp\/v2\/product"}],"about":[{"href":"https:\/\/beautyinstitute.ee\/ru\/wp-json\/wp\/v2\/types\/product"}],"wp:featuredmedia":[{"embeddable":true,"href":"https:\/\/beautyinstitute.ee\/ru\/wp-json\/wp\/v2\/media\/35457"}],"wp:attachment":[{"href":"https:\/\/beautyinstitute.ee\/ru\/wp-json\/wp\/v2\/media?parent=35456"}],"wp:term":[{"taxonomy":"product_cat","embeddable":true,"href":"https:\/\/beautyinstitute.ee\/ru\/wp-json\/wp\/v2\/product_cat?post=35456"},{"taxonomy":"product_tag","embeddable":true,"href":"https:\/\/beautyinstitute.ee\/ru\/wp-json\/wp\/v2\/product_tag?post=35456"}],"curies":[{"name":"wp","href":"https:\/\/api.w.org\/{rel}","templated":true}]}}