{"id":35460,"date":"2025-10-10T09:17:57","date_gmt":"2025-10-10T06:17:57","guid":{"rendered":"https:\/\/beautyinstitute.ee\/?post_type=product&#038;p=35460"},"modified":"2026-04-23T10:24:09","modified_gmt":"2026-04-23T07:24:09","slug":"microsilver-bgtm-soft-naokreem-15-ml","status":"publish","type":"product","link":"https:\/\/beautyinstitute.ee\/ru\/toode\/microsilver-bgtm-soft-naokreem-15-ml\/","title":{"rendered":"Microsilver Bgtm Soft N\u00e4okreem, 15 Ml"},"content":{"rendered":"<p data-start=\"121\" data-end=\"140\"><strong data-start=\"125\" data-end=\"138\">KIRJELDUS: <\/strong>Kerge tekstuuriga tasakaalustav kreem, mis reguleerib rasueritust ja aitab ennetada nahap\u00f5letikke ning ebapuhtusi.<\/p>\n<p data-start=\"188\" data-end=\"203\"><strong data-start=\"192\" data-end=\"201\">TOIME: <\/strong>Aitab ennetada komedoonide (mustpeade), ebapuhtuste, nahaaluste kogumike ja p\u00f5letikuliste protsesside teket. Kreem rahustab ja tasakaalustab nahka, aidates taastada selle loomuliku tasakaalu.<\/p>\n<p data-start=\"397\" data-end=\"412\"><strong data-start=\"401\" data-end=\"410\">SOBIB: <\/strong>Sobib kombineeritud, rasusele v\u00f5i probleemsele nahale. Ideaalne ka teismelistele.<\/p>\n<p data-start=\"481\" data-end=\"498\"><strong data-start=\"485\" data-end=\"496\">EELISED<\/strong><\/p>\n<p data-start=\"499\" data-end=\"643\">\u2022 Pakub nahale \u00a0niisutust<\/p>\n<p data-start=\"499\" data-end=\"643\">\u2022 Kreem aitab v\u00f5idelda naha\u00e4rrituse, punetuse ja p\u00f5letikuga. Nahk n\u00e4eb v\u00e4lja klaarim.<\/p>\n<p data-start=\"499\" data-end=\"643\">\u2022 Kaitseb nahka vabade radikaalide kahjuliku m\u00f5ju eest<\/p>\n<p data-start=\"645\" data-end=\"665\"><strong data-start=\"649\" data-end=\"663\">KASUTAMINE: <\/strong>Kanda hommikul ja \u00f5htul puhastatud nahale ning \u00f5rnalt sisse masseerida.<\/p>\n<p data-start=\"739\" data-end=\"759\"><strong data-start=\"743\" data-end=\"757\">TOIMEAINED: <\/strong>H\u00f5be, pantenool, tokoferool (E-vitamiin), tsink, oleanoolhape, NDGA (nordih\u00fcdrogvajaaretseetiline hape), aasia vesinaba (Centella Asiatica)<\/p>\n","protected":false},"excerpt":{"rendered":"<p>KIRJELDUS: Kerge tekstuuriga tasakaalustav kreem, mis reguleerib rasueritust ja aitab ennetada nahap\u00f5letikke ning ebapuhtusi. TOIME: Aitab ennetada komedoonide (mustpeade), ebapuhtuste, nahaaluste kogumike ja p\u00f5letikuliste protsesside teket. Kreem rahustab ja tasakaalustab nahka, aidates taastada selle loomuliku tasakaalu. SOBIB: Sobib kombineeritud, rasusele v\u00f5i probleemsele nahale. Ideaalne ka teismelistele. EELISED \u2022 Pakub nahale \u00a0niisutust \u2022 Kreem aitab v\u00f5idelda [&hellip;]<\/p>\n","protected":false},"featured_media":35462,"template":"","meta":{"_acf_changed":false},"product_cat":[250,128],"product_tag":[],"class_list":["post-35460","product","type-product","status-publish","has-post-thumbnail","hentry","product_cat-naokreemid","product_cat-microsilver"],"acf":[],"yoast_head":"<!-- This site is optimized with the Yoast SEO plugin v25.4 - https:\/\/yoast.com\/wordpress\/plugins\/seo\/ -->\n<title>Microsilver Bgtm Soft N\u00e4okreem, 15 Ml - Beauty Institute<\/title>\n<meta name=\"robots\" content=\"index, follow, max-snippet:-1, max-image-preview:large, max-video-preview:-1\" \/>\n<link rel=\"canonical\" href=\"https:\/\/beautyinstitute.ee\/toode\/microsilver-bgtm-soft-naokreem-15-ml\/\" \/>\n<meta property=\"og:locale\" content=\"ru_RU\" \/>\n<meta property=\"og:type\" content=\"article\" \/>\n<meta property=\"og:title\" content=\"Microsilver Bgtm Soft N\u00e4okreem, 15 Ml - Beauty Institute\" \/>\n<meta property=\"og:description\" content=\"KIRJELDUS: Kerge tekstuuriga tasakaalustav kreem, mis reguleerib rasueritust ja aitab ennetada nahap\u00f5letikke ning ebapuhtusi. TOIME: Aitab ennetada komedoonide (mustpeade), ebapuhtuste, nahaaluste kogumike ja p\u00f5letikuliste protsesside teket. Kreem rahustab ja tasakaalustab nahka, aidates taastada selle loomuliku tasakaalu. SOBIB: Sobib kombineeritud, rasusele v\u00f5i probleemsele nahale. Ideaalne ka teismelistele. EELISED \u2022 Pakub nahale \u00a0niisutust \u2022 Kreem aitab v\u00f5idelda [&hellip;]\" \/>\n<meta property=\"og:url\" content=\"https:\/\/beautyinstitute.ee\/toode\/microsilver-bgtm-soft-naokreem-15-ml\/\" \/>\n<meta property=\"og:site_name\" content=\"Beauty Institute\" \/>\n<meta property=\"article:modified_time\" content=\"2026-04-23T07:24:09+00:00\" \/>\n<meta property=\"og:image\" content=\"https:\/\/beautyinstitute.ee\/wp-content\/uploads\/2025\/10\/ms-soft-joul.jpg\" \/>\n\t<meta property=\"og:image:width\" content=\"1920\" \/>\n\t<meta property=\"og:image:height\" content=\"1920\" \/>\n\t<meta property=\"og:image:type\" content=\"image\/jpeg\" \/>\n<meta name=\"twitter:card\" content=\"summary_large_image\" \/>\n<meta name=\"twitter:site\" content=\"@Beauty_Eesti\" \/>\n<meta name=\"twitter:label1\" content=\"\u041f\u0440\u0438\u043c\u0435\u0440\u043d\u043e\u0435 \u0432\u0440\u0435\u043c\u044f \u0434\u043b\u044f \u0447\u0442\u0435\u043d\u0438\u044f\" \/>\n\t<meta name=\"twitter:data1\" content=\"1 \u043c\u0438\u043d\u0443\u0442\u0430\" \/>\n<script type=\"application\/ld+json\" class=\"yoast-schema-graph\">{\"@context\":\"https:\/\/schema.org\",\"@graph\":[{\"@type\":\"WebPage\",\"@id\":\"https:\/\/beautyinstitute.ee\/toode\/microsilver-bgtm-soft-naokreem-15-ml\/\",\"url\":\"https:\/\/beautyinstitute.ee\/toode\/microsilver-bgtm-soft-naokreem-15-ml\/\",\"name\":\"Microsilver Bgtm Soft N\u00e4okreem, 15 Ml - Beauty Institute\",\"isPartOf\":{\"@id\":\"https:\/\/beautyinstitute.ee\/#website\"},\"primaryImageOfPage\":{\"@id\":\"https:\/\/beautyinstitute.ee\/toode\/microsilver-bgtm-soft-naokreem-15-ml\/#primaryimage\"},\"image\":{\"@id\":\"https:\/\/beautyinstitute.ee\/toode\/microsilver-bgtm-soft-naokreem-15-ml\/#primaryimage\"},\"thumbnailUrl\":\"https:\/\/beautyinstitute.ee\/wp-content\/uploads\/2025\/10\/ms-soft-joul.jpg\",\"datePublished\":\"2025-10-10T06:17:57+00:00\",\"dateModified\":\"2026-04-23T07:24:09+00:00\",\"breadcrumb\":{\"@id\":\"https:\/\/beautyinstitute.ee\/toode\/microsilver-bgtm-soft-naokreem-15-ml\/#breadcrumb\"},\"inLanguage\":\"ru-RU\",\"potentialAction\":[{\"@type\":\"ReadAction\",\"target\":[\"https:\/\/beautyinstitute.ee\/toode\/microsilver-bgtm-soft-naokreem-15-ml\/\"]}]},{\"@type\":\"ImageObject\",\"inLanguage\":\"ru-RU\",\"@id\":\"https:\/\/beautyinstitute.ee\/toode\/microsilver-bgtm-soft-naokreem-15-ml\/#primaryimage\",\"url\":\"https:\/\/beautyinstitute.ee\/wp-content\/uploads\/2025\/10\/ms-soft-joul.jpg\",\"contentUrl\":\"https:\/\/beautyinstitute.ee\/wp-content\/uploads\/2025\/10\/ms-soft-joul.jpg\",\"width\":1920,\"height\":1920},{\"@type\":\"BreadcrumbList\",\"@id\":\"https:\/\/beautyinstitute.ee\/toode\/microsilver-bgtm-soft-naokreem-15-ml\/#breadcrumb\",\"itemListElement\":[{\"@type\":\"ListItem\",\"position\":1,\"name\":\"Home\",\"item\":\"https:\/\/beautyinstitute.ee\/ru\/\"},{\"@type\":\"ListItem\",\"position\":2,\"name\":\"E-pood\",\"item\":\"https:\/\/beautyinstitute.ee\/e-pood\/\"},{\"@type\":\"ListItem\",\"position\":3,\"name\":\"Microsilver Bgtm Soft N\u00e4okreem, 15 Ml\"}]},{\"@type\":\"WebSite\",\"@id\":\"https:\/\/beautyinstitute.ee\/#website\",\"url\":\"https:\/\/beautyinstitute.ee\/\",\"name\":\"Beauty Institute\",\"description\":\"CNC Cosmetic ametlik maaletooja ja edasim\u00fc\u00fcja Eestis, Soomes, L\u00e4tis. Aparaadikosmeetika, koolitused, kosmeetikatooted.\",\"potentialAction\":[{\"@type\":\"SearchAction\",\"target\":{\"@type\":\"EntryPoint\",\"urlTemplate\":\"https:\/\/beautyinstitute.ee\/?s={search_term_string}\"},\"query-input\":{\"@type\":\"PropertyValueSpecification\",\"valueRequired\":true,\"valueName\":\"search_term_string\"}}],\"inLanguage\":\"ru-RU\"}]}<\/script>\n<!-- \/ Yoast SEO plugin. -->","yoast_head_json":{"title":"Microsilver Bgtm Soft N\u00e4okreem, 15 Ml - Beauty Institute","robots":{"index":"index","follow":"follow","max-snippet":"max-snippet:-1","max-image-preview":"max-image-preview:large","max-video-preview":"max-video-preview:-1"},"canonical":"https:\/\/beautyinstitute.ee\/toode\/microsilver-bgtm-soft-naokreem-15-ml\/","og_locale":"ru_RU","og_type":"article","og_title":"Microsilver Bgtm Soft N\u00e4okreem, 15 Ml - Beauty Institute","og_description":"KIRJELDUS: Kerge tekstuuriga tasakaalustav kreem, mis reguleerib rasueritust ja aitab ennetada nahap\u00f5letikke ning ebapuhtusi. TOIME: Aitab ennetada komedoonide (mustpeade), ebapuhtuste, nahaaluste kogumike ja p\u00f5letikuliste protsesside teket. Kreem rahustab ja tasakaalustab nahka, aidates taastada selle loomuliku tasakaalu. SOBIB: Sobib kombineeritud, rasusele v\u00f5i probleemsele nahale. Ideaalne ka teismelistele. EELISED \u2022 Pakub nahale \u00a0niisutust \u2022 Kreem aitab v\u00f5idelda [&hellip;]","og_url":"https:\/\/beautyinstitute.ee\/toode\/microsilver-bgtm-soft-naokreem-15-ml\/","og_site_name":"Beauty Institute","article_modified_time":"2026-04-23T07:24:09+00:00","og_image":[{"width":1920,"height":1920,"url":"https:\/\/beautyinstitute.ee\/wp-content\/uploads\/2025\/10\/ms-soft-joul.jpg","type":"image\/jpeg"}],"twitter_card":"summary_large_image","twitter_site":"@Beauty_Eesti","twitter_misc":{"\u041f\u0440\u0438\u043c\u0435\u0440\u043d\u043e\u0435 \u0432\u0440\u0435\u043c\u044f \u0434\u043b\u044f \u0447\u0442\u0435\u043d\u0438\u044f":"1 \u043c\u0438\u043d\u0443\u0442\u0430"},"schema":{"@context":"https:\/\/schema.org","@graph":[{"@type":"WebPage","@id":"https:\/\/beautyinstitute.ee\/toode\/microsilver-bgtm-soft-naokreem-15-ml\/","url":"https:\/\/beautyinstitute.ee\/toode\/microsilver-bgtm-soft-naokreem-15-ml\/","name":"Microsilver Bgtm Soft N\u00e4okreem, 15 Ml - Beauty Institute","isPartOf":{"@id":"https:\/\/beautyinstitute.ee\/#website"},"primaryImageOfPage":{"@id":"https:\/\/beautyinstitute.ee\/toode\/microsilver-bgtm-soft-naokreem-15-ml\/#primaryimage"},"image":{"@id":"https:\/\/beautyinstitute.ee\/toode\/microsilver-bgtm-soft-naokreem-15-ml\/#primaryimage"},"thumbnailUrl":"https:\/\/beautyinstitute.ee\/wp-content\/uploads\/2025\/10\/ms-soft-joul.jpg","datePublished":"2025-10-10T06:17:57+00:00","dateModified":"2026-04-23T07:24:09+00:00","breadcrumb":{"@id":"https:\/\/beautyinstitute.ee\/toode\/microsilver-bgtm-soft-naokreem-15-ml\/#breadcrumb"},"inLanguage":"ru-RU","potentialAction":[{"@type":"ReadAction","target":["https:\/\/beautyinstitute.ee\/toode\/microsilver-bgtm-soft-naokreem-15-ml\/"]}]},{"@type":"ImageObject","inLanguage":"ru-RU","@id":"https:\/\/beautyinstitute.ee\/toode\/microsilver-bgtm-soft-naokreem-15-ml\/#primaryimage","url":"https:\/\/beautyinstitute.ee\/wp-content\/uploads\/2025\/10\/ms-soft-joul.jpg","contentUrl":"https:\/\/beautyinstitute.ee\/wp-content\/uploads\/2025\/10\/ms-soft-joul.jpg","width":1920,"height":1920},{"@type":"BreadcrumbList","@id":"https:\/\/beautyinstitute.ee\/toode\/microsilver-bgtm-soft-naokreem-15-ml\/#breadcrumb","itemListElement":[{"@type":"ListItem","position":1,"name":"Home","item":"https:\/\/beautyinstitute.ee\/ru\/"},{"@type":"ListItem","position":2,"name":"E-pood","item":"https:\/\/beautyinstitute.ee\/e-pood\/"},{"@type":"ListItem","position":3,"name":"Microsilver Bgtm Soft N\u00e4okreem, 15 Ml"}]},{"@type":"WebSite","@id":"https:\/\/beautyinstitute.ee\/#website","url":"https:\/\/beautyinstitute.ee\/","name":"Beauty Institute","description":"CNC Cosmetic ametlik maaletooja ja edasim\u00fc\u00fcja Eestis, Soomes, L\u00e4tis. Aparaadikosmeetika, koolitused, kosmeetikatooted.","potentialAction":[{"@type":"SearchAction","target":{"@type":"EntryPoint","urlTemplate":"https:\/\/beautyinstitute.ee\/?s={search_term_string}"},"query-input":{"@type":"PropertyValueSpecification","valueRequired":true,"valueName":"search_term_string"}}],"inLanguage":"ru-RU"}]}},"_links":{"self":[{"href":"https:\/\/beautyinstitute.ee\/ru\/wp-json\/wp\/v2\/product\/35460","targetHints":{"allow":["GET"]}}],"collection":[{"href":"https:\/\/beautyinstitute.ee\/ru\/wp-json\/wp\/v2\/product"}],"about":[{"href":"https:\/\/beautyinstitute.ee\/ru\/wp-json\/wp\/v2\/types\/product"}],"wp:featuredmedia":[{"embeddable":true,"href":"https:\/\/beautyinstitute.ee\/ru\/wp-json\/wp\/v2\/media\/35462"}],"wp:attachment":[{"href":"https:\/\/beautyinstitute.ee\/ru\/wp-json\/wp\/v2\/media?parent=35460"}],"wp:term":[{"taxonomy":"product_cat","embeddable":true,"href":"https:\/\/beautyinstitute.ee\/ru\/wp-json\/wp\/v2\/product_cat?post=35460"},{"taxonomy":"product_tag","embeddable":true,"href":"https:\/\/beautyinstitute.ee\/ru\/wp-json\/wp\/v2\/product_tag?post=35460"}],"curies":[{"name":"wp","href":"https:\/\/api.w.org\/{rel}","templated":true}]}}