{"id":35500,"date":"2025-10-10T20:32:53","date_gmt":"2025-10-10T17:32:53","guid":{"rendered":"https:\/\/beautyinstitute.ee\/?post_type=product&#038;p=35500"},"modified":"2026-04-02T13:44:57","modified_gmt":"2026-04-02T10:44:57","slug":"time-expert-system-hudrogeelist-silmapadjad-peptiididega-30-paari","status":"publish","type":"product","link":"https:\/\/beautyinstitute.ee\/ru\/toode\/time-expert-system-hudrogeelist-silmapadjad-peptiididega-30-paari\/","title":{"rendered":"Time Expert System\u00ae H\u00fcdrogeelist Silmapadjad Peptiididega, 30 Paari"},"content":{"rendered":"<h3 data-start=\"73\" data-end=\"115\"><strong data-start=\"77\" data-end=\"113\">V\u00e4sinud ja tuhmunud silma\u00fcmbrus?<\/strong><\/h3>\n<p data-start=\"116\" data-end=\"443\">Intensiivselt toitvad <strong data-start=\"138\" data-end=\"172\">peptiidi-h\u00fcdrogeel silmapadjad<\/strong> aitavad v\u00f5idelda naha vananemise k\u00f5ige levinumate tunnustega. Unikaalne toimeainete kombinatsioon \u2013 p\u00e4rliekstraktid, merevetikad ja peptiidid \u2013 v\u00e4hendab silmaaluseid turseid ja tumedaid varje. Nahk on s\u00fcgavniisutatud ja n\u00e4eb v\u00e4lja n\u00e4htavalt nooruslikum ning eluj\u00f5ulisem.<\/p>\n<p data-start=\"445\" data-end=\"560\"><strong data-start=\"448\" data-end=\"487\">T\u00f5eline energialaeng silma\u00fcmbrusele<\/strong> \u2013 siidiselt sile ja v\u00e4rske tulemus.<br data-start=\"523\" data-end=\"526\" \/><strong data-start=\"526\" data-end=\"560\">Sobib k\u00f5ikidele nahat\u00fc\u00fcpidele.<\/strong><\/p>\n<p data-start=\"562\" data-end=\"588\"><strong data-start=\"562\" data-end=\"571\">Sisu:<\/strong> 30 paari (60 tk)<\/p>\n","protected":false},"excerpt":{"rendered":"<p>V\u00e4sinud ja tuhmunud silma\u00fcmbrus? Intensiivselt toitvad peptiidi-h\u00fcdrogeel silmapadjad aitavad v\u00f5idelda naha vananemise k\u00f5ige levinumate tunnustega. Unikaalne toimeainete kombinatsioon \u2013 p\u00e4rliekstraktid, merevetikad ja peptiidid \u2013 v\u00e4hendab silmaaluseid turseid ja tumedaid varje. Nahk on s\u00fcgavniisutatud ja n\u00e4eb v\u00e4lja n\u00e4htavalt nooruslikum ning eluj\u00f5ulisem. T\u00f5eline energialaeng silma\u00fcmbrusele \u2013 siidiselt sile ja v\u00e4rske tulemus.Sobib k\u00f5ikidele nahat\u00fc\u00fcpidele. Sisu: 30 paari (60 [&hellip;]<\/p>\n","protected":false},"featured_media":35504,"template":"","meta":{"_acf_changed":false},"product_cat":[291,314],"product_tag":[],"class_list":["post-35500","product","type-product","status-publish","has-post-thumbnail","hentry","product_cat-baehr-cosmetic","product_cat-silmamaskid"],"acf":[],"yoast_head":"<!-- This site is optimized with the Yoast SEO plugin v25.4 - https:\/\/yoast.com\/wordpress\/plugins\/seo\/ -->\n<title>Time Expert System\u00ae H\u00fcdrogeelist Silmapadjad Peptiididega, 30 Paari - Beauty Institute<\/title>\n<meta name=\"robots\" content=\"index, follow, max-snippet:-1, max-image-preview:large, max-video-preview:-1\" \/>\n<link rel=\"canonical\" href=\"https:\/\/beautyinstitute.ee\/toode\/time-expert-system-hudrogeelist-silmapadjad-peptiididega-30-paari\/\" \/>\n<meta property=\"og:locale\" content=\"ru_RU\" \/>\n<meta property=\"og:type\" content=\"article\" \/>\n<meta property=\"og:title\" content=\"Time Expert System\u00ae H\u00fcdrogeelist Silmapadjad Peptiididega, 30 Paari - Beauty Institute\" \/>\n<meta property=\"og:description\" content=\"V\u00e4sinud ja tuhmunud silma\u00fcmbrus? Intensiivselt toitvad peptiidi-h\u00fcdrogeel silmapadjad aitavad v\u00f5idelda naha vananemise k\u00f5ige levinumate tunnustega. Unikaalne toimeainete kombinatsioon \u2013 p\u00e4rliekstraktid, merevetikad ja peptiidid \u2013 v\u00e4hendab silmaaluseid turseid ja tumedaid varje. Nahk on s\u00fcgavniisutatud ja n\u00e4eb v\u00e4lja n\u00e4htavalt nooruslikum ning eluj\u00f5ulisem. T\u00f5eline energialaeng silma\u00fcmbrusele \u2013 siidiselt sile ja v\u00e4rske tulemus.Sobib k\u00f5ikidele nahat\u00fc\u00fcpidele. Sisu: 30 paari (60 [&hellip;]\" \/>\n<meta property=\"og:url\" content=\"https:\/\/beautyinstitute.ee\/toode\/time-expert-system-hudrogeelist-silmapadjad-peptiididega-30-paari\/\" \/>\n<meta property=\"og:site_name\" content=\"Beauty Institute\" \/>\n<meta property=\"article:modified_time\" content=\"2026-04-02T10:44:57+00:00\" \/>\n<meta property=\"og:image\" content=\"https:\/\/beautyinstitute.ee\/wp-content\/uploads\/2025\/10\/baehr-silmapadjad-pakk.webp\" \/>\n\t<meta property=\"og:image:width\" content=\"1920\" \/>\n\t<meta property=\"og:image:height\" content=\"1920\" \/>\n\t<meta property=\"og:image:type\" content=\"image\/webp\" \/>\n<meta name=\"twitter:card\" content=\"summary_large_image\" \/>\n<meta name=\"twitter:site\" content=\"@Beauty_Eesti\" \/>\n<meta name=\"twitter:label1\" content=\"\u041f\u0440\u0438\u043c\u0435\u0440\u043d\u043e\u0435 \u0432\u0440\u0435\u043c\u044f \u0434\u043b\u044f \u0447\u0442\u0435\u043d\u0438\u044f\" \/>\n\t<meta name=\"twitter:data1\" content=\"1 \u043c\u0438\u043d\u0443\u0442\u0430\" \/>\n<script type=\"application\/ld+json\" class=\"yoast-schema-graph\">{\"@context\":\"https:\/\/schema.org\",\"@graph\":[{\"@type\":\"WebPage\",\"@id\":\"https:\/\/beautyinstitute.ee\/toode\/time-expert-system-hudrogeelist-silmapadjad-peptiididega-30-paari\/\",\"url\":\"https:\/\/beautyinstitute.ee\/toode\/time-expert-system-hudrogeelist-silmapadjad-peptiididega-30-paari\/\",\"name\":\"Time Expert System\u00ae H\u00fcdrogeelist Silmapadjad Peptiididega, 30 Paari - Beauty Institute\",\"isPartOf\":{\"@id\":\"https:\/\/beautyinstitute.ee\/#website\"},\"primaryImageOfPage\":{\"@id\":\"https:\/\/beautyinstitute.ee\/toode\/time-expert-system-hudrogeelist-silmapadjad-peptiididega-30-paari\/#primaryimage\"},\"image\":{\"@id\":\"https:\/\/beautyinstitute.ee\/toode\/time-expert-system-hudrogeelist-silmapadjad-peptiididega-30-paari\/#primaryimage\"},\"thumbnailUrl\":\"https:\/\/beautyinstitute.ee\/wp-content\/uploads\/2025\/10\/baehr-silmapadjad-pakk.webp\",\"datePublished\":\"2025-10-10T17:32:53+00:00\",\"dateModified\":\"2026-04-02T10:44:57+00:00\",\"breadcrumb\":{\"@id\":\"https:\/\/beautyinstitute.ee\/toode\/time-expert-system-hudrogeelist-silmapadjad-peptiididega-30-paari\/#breadcrumb\"},\"inLanguage\":\"ru-RU\",\"potentialAction\":[{\"@type\":\"ReadAction\",\"target\":[\"https:\/\/beautyinstitute.ee\/toode\/time-expert-system-hudrogeelist-silmapadjad-peptiididega-30-paari\/\"]}]},{\"@type\":\"ImageObject\",\"inLanguage\":\"ru-RU\",\"@id\":\"https:\/\/beautyinstitute.ee\/toode\/time-expert-system-hudrogeelist-silmapadjad-peptiididega-30-paari\/#primaryimage\",\"url\":\"https:\/\/beautyinstitute.ee\/wp-content\/uploads\/2025\/10\/baehr-silmapadjad-pakk.webp\",\"contentUrl\":\"https:\/\/beautyinstitute.ee\/wp-content\/uploads\/2025\/10\/baehr-silmapadjad-pakk.webp\",\"width\":1920,\"height\":1920},{\"@type\":\"BreadcrumbList\",\"@id\":\"https:\/\/beautyinstitute.ee\/toode\/time-expert-system-hudrogeelist-silmapadjad-peptiididega-30-paari\/#breadcrumb\",\"itemListElement\":[{\"@type\":\"ListItem\",\"position\":1,\"name\":\"Home\",\"item\":\"https:\/\/beautyinstitute.ee\/ru\/\"},{\"@type\":\"ListItem\",\"position\":2,\"name\":\"E-pood\",\"item\":\"https:\/\/beautyinstitute.ee\/e-pood\/\"},{\"@type\":\"ListItem\",\"position\":3,\"name\":\"Time Expert System\u00ae H\u00fcdrogeelist Silmapadjad Peptiididega, 30 Paari\"}]},{\"@type\":\"WebSite\",\"@id\":\"https:\/\/beautyinstitute.ee\/#website\",\"url\":\"https:\/\/beautyinstitute.ee\/\",\"name\":\"Beauty Institute\",\"description\":\"CNC Cosmetic ametlik maaletooja ja edasim\u00fc\u00fcja Eestis, Soomes, L\u00e4tis. Aparaadikosmeetika, koolitused, kosmeetikatooted.\",\"potentialAction\":[{\"@type\":\"SearchAction\",\"target\":{\"@type\":\"EntryPoint\",\"urlTemplate\":\"https:\/\/beautyinstitute.ee\/?s={search_term_string}\"},\"query-input\":{\"@type\":\"PropertyValueSpecification\",\"valueRequired\":true,\"valueName\":\"search_term_string\"}}],\"inLanguage\":\"ru-RU\"}]}<\/script>\n<!-- \/ Yoast SEO plugin. -->","yoast_head_json":{"title":"Time Expert System\u00ae H\u00fcdrogeelist Silmapadjad Peptiididega, 30 Paari - Beauty Institute","robots":{"index":"index","follow":"follow","max-snippet":"max-snippet:-1","max-image-preview":"max-image-preview:large","max-video-preview":"max-video-preview:-1"},"canonical":"https:\/\/beautyinstitute.ee\/toode\/time-expert-system-hudrogeelist-silmapadjad-peptiididega-30-paari\/","og_locale":"ru_RU","og_type":"article","og_title":"Time Expert System\u00ae H\u00fcdrogeelist Silmapadjad Peptiididega, 30 Paari - Beauty Institute","og_description":"V\u00e4sinud ja tuhmunud silma\u00fcmbrus? Intensiivselt toitvad peptiidi-h\u00fcdrogeel silmapadjad aitavad v\u00f5idelda naha vananemise k\u00f5ige levinumate tunnustega. Unikaalne toimeainete kombinatsioon \u2013 p\u00e4rliekstraktid, merevetikad ja peptiidid \u2013 v\u00e4hendab silmaaluseid turseid ja tumedaid varje. Nahk on s\u00fcgavniisutatud ja n\u00e4eb v\u00e4lja n\u00e4htavalt nooruslikum ning eluj\u00f5ulisem. T\u00f5eline energialaeng silma\u00fcmbrusele \u2013 siidiselt sile ja v\u00e4rske tulemus.Sobib k\u00f5ikidele nahat\u00fc\u00fcpidele. Sisu: 30 paari (60 [&hellip;]","og_url":"https:\/\/beautyinstitute.ee\/toode\/time-expert-system-hudrogeelist-silmapadjad-peptiididega-30-paari\/","og_site_name":"Beauty Institute","article_modified_time":"2026-04-02T10:44:57+00:00","og_image":[{"width":1920,"height":1920,"url":"https:\/\/beautyinstitute.ee\/wp-content\/uploads\/2025\/10\/baehr-silmapadjad-pakk.webp","type":"image\/webp"}],"twitter_card":"summary_large_image","twitter_site":"@Beauty_Eesti","twitter_misc":{"\u041f\u0440\u0438\u043c\u0435\u0440\u043d\u043e\u0435 \u0432\u0440\u0435\u043c\u044f \u0434\u043b\u044f \u0447\u0442\u0435\u043d\u0438\u044f":"1 \u043c\u0438\u043d\u0443\u0442\u0430"},"schema":{"@context":"https:\/\/schema.org","@graph":[{"@type":"WebPage","@id":"https:\/\/beautyinstitute.ee\/toode\/time-expert-system-hudrogeelist-silmapadjad-peptiididega-30-paari\/","url":"https:\/\/beautyinstitute.ee\/toode\/time-expert-system-hudrogeelist-silmapadjad-peptiididega-30-paari\/","name":"Time Expert System\u00ae H\u00fcdrogeelist Silmapadjad Peptiididega, 30 Paari - Beauty Institute","isPartOf":{"@id":"https:\/\/beautyinstitute.ee\/#website"},"primaryImageOfPage":{"@id":"https:\/\/beautyinstitute.ee\/toode\/time-expert-system-hudrogeelist-silmapadjad-peptiididega-30-paari\/#primaryimage"},"image":{"@id":"https:\/\/beautyinstitute.ee\/toode\/time-expert-system-hudrogeelist-silmapadjad-peptiididega-30-paari\/#primaryimage"},"thumbnailUrl":"https:\/\/beautyinstitute.ee\/wp-content\/uploads\/2025\/10\/baehr-silmapadjad-pakk.webp","datePublished":"2025-10-10T17:32:53+00:00","dateModified":"2026-04-02T10:44:57+00:00","breadcrumb":{"@id":"https:\/\/beautyinstitute.ee\/toode\/time-expert-system-hudrogeelist-silmapadjad-peptiididega-30-paari\/#breadcrumb"},"inLanguage":"ru-RU","potentialAction":[{"@type":"ReadAction","target":["https:\/\/beautyinstitute.ee\/toode\/time-expert-system-hudrogeelist-silmapadjad-peptiididega-30-paari\/"]}]},{"@type":"ImageObject","inLanguage":"ru-RU","@id":"https:\/\/beautyinstitute.ee\/toode\/time-expert-system-hudrogeelist-silmapadjad-peptiididega-30-paari\/#primaryimage","url":"https:\/\/beautyinstitute.ee\/wp-content\/uploads\/2025\/10\/baehr-silmapadjad-pakk.webp","contentUrl":"https:\/\/beautyinstitute.ee\/wp-content\/uploads\/2025\/10\/baehr-silmapadjad-pakk.webp","width":1920,"height":1920},{"@type":"BreadcrumbList","@id":"https:\/\/beautyinstitute.ee\/toode\/time-expert-system-hudrogeelist-silmapadjad-peptiididega-30-paari\/#breadcrumb","itemListElement":[{"@type":"ListItem","position":1,"name":"Home","item":"https:\/\/beautyinstitute.ee\/ru\/"},{"@type":"ListItem","position":2,"name":"E-pood","item":"https:\/\/beautyinstitute.ee\/e-pood\/"},{"@type":"ListItem","position":3,"name":"Time Expert System\u00ae H\u00fcdrogeelist Silmapadjad Peptiididega, 30 Paari"}]},{"@type":"WebSite","@id":"https:\/\/beautyinstitute.ee\/#website","url":"https:\/\/beautyinstitute.ee\/","name":"Beauty Institute","description":"CNC Cosmetic ametlik maaletooja ja edasim\u00fc\u00fcja Eestis, Soomes, L\u00e4tis. Aparaadikosmeetika, koolitused, kosmeetikatooted.","potentialAction":[{"@type":"SearchAction","target":{"@type":"EntryPoint","urlTemplate":"https:\/\/beautyinstitute.ee\/?s={search_term_string}"},"query-input":{"@type":"PropertyValueSpecification","valueRequired":true,"valueName":"search_term_string"}}],"inLanguage":"ru-RU"}]}},"_links":{"self":[{"href":"https:\/\/beautyinstitute.ee\/ru\/wp-json\/wp\/v2\/product\/35500","targetHints":{"allow":["GET"]}}],"collection":[{"href":"https:\/\/beautyinstitute.ee\/ru\/wp-json\/wp\/v2\/product"}],"about":[{"href":"https:\/\/beautyinstitute.ee\/ru\/wp-json\/wp\/v2\/types\/product"}],"wp:featuredmedia":[{"embeddable":true,"href":"https:\/\/beautyinstitute.ee\/ru\/wp-json\/wp\/v2\/media\/35504"}],"wp:attachment":[{"href":"https:\/\/beautyinstitute.ee\/ru\/wp-json\/wp\/v2\/media?parent=35500"}],"wp:term":[{"taxonomy":"product_cat","embeddable":true,"href":"https:\/\/beautyinstitute.ee\/ru\/wp-json\/wp\/v2\/product_cat?post=35500"},{"taxonomy":"product_tag","embeddable":true,"href":"https:\/\/beautyinstitute.ee\/ru\/wp-json\/wp\/v2\/product_tag?post=35500"}],"curies":[{"name":"wp","href":"https:\/\/api.w.org\/{rel}","templated":true}]}}