{"id":35510,"date":"2025-10-10T20:38:15","date_gmt":"2025-10-10T17:38:15","guid":{"rendered":"https:\/\/beautyinstitute.ee\/?post_type=product&#038;p=35510"},"modified":"2026-04-08T13:33:19","modified_gmt":"2026-04-08T10:33:19","slug":"hyaluronic-glow-kontsentraat-30-ml","status":"publish","type":"product","link":"https:\/\/beautyinstitute.ee\/ru\/toode\/hyaluronic-glow-kontsentraat-30-ml\/","title":{"rendered":"Hyaluronic Glow Kontsentraat, 30 Ml"},"content":{"rendered":"<p>L\u00f5hnatu ja 100% vegan <strong>Hyaluronic Glow<\/strong> kontsentraat pakub intensiivset niisutust igale nahat\u00fc\u00fcbile. L\u00fchikese ja pika ahelaga h\u00fcaluroonhape aitab taastada naha niiskustasakaalu ning v\u00e4hendada kuivusest tingitud pingulolekut. <strong data-start=\"365\" data-end=\"378\">Pantenool<\/strong> toetab naha niiskustasakaalu, samas kui <strong data-start=\"419\" data-end=\"451\">v\u00e4\u00e4rtuslikud taimeekstraktid<\/strong> \u2013 aloe vera ja kurk \u2013 hooldavad ja v\u00e4rskendavad jumet. Tulemuseks on <strong data-start=\"521\" data-end=\"552\">s\u00e4rav, terve ja kaunis nahk<\/strong>.<\/p>\n","protected":false},"excerpt":{"rendered":"<p>L\u00f5hnatu ja 100% vegan Hyaluronic Glow kontsentraat pakub intensiivset niisutust igale nahat\u00fc\u00fcbile. L\u00fchikese ja pika ahelaga h\u00fcaluroonhape aitab taastada naha niiskustasakaalu ning v\u00e4hendada kuivusest tingitud pingulolekut. Pantenool toetab naha niiskustasakaalu, samas kui v\u00e4\u00e4rtuslikud taimeekstraktid \u2013 aloe vera ja kurk \u2013 hooldavad ja v\u00e4rskendavad jumet. Tulemuseks on s\u00e4rav, terve ja kaunis nahk.<\/p>\n","protected":false},"featured_media":35520,"template":"","meta":{"_acf_changed":false},"product_cat":[291,249],"product_tag":[],"class_list":["post-35510","product","type-product","status-publish","has-post-thumbnail","hentry","product_cat-baehr-cosmetic","product_cat-seerumid-2"],"acf":[],"yoast_head":"<!-- This site is optimized with the Yoast SEO plugin v25.4 - https:\/\/yoast.com\/wordpress\/plugins\/seo\/ -->\n<title>Hyaluronic Glow Kontsentraat, 30 Ml - Beauty Institute<\/title>\n<meta name=\"robots\" content=\"index, follow, max-snippet:-1, max-image-preview:large, max-video-preview:-1\" \/>\n<link rel=\"canonical\" href=\"https:\/\/beautyinstitute.ee\/toode\/hyaluronic-glow-kontsentraat-30-ml\/\" \/>\n<meta property=\"og:locale\" content=\"ru_RU\" \/>\n<meta property=\"og:type\" content=\"article\" \/>\n<meta property=\"og:title\" content=\"Hyaluronic Glow Kontsentraat, 30 Ml - Beauty Institute\" \/>\n<meta property=\"og:description\" content=\"L\u00f5hnatu ja 100% vegan Hyaluronic Glow kontsentraat pakub intensiivset niisutust igale nahat\u00fc\u00fcbile. L\u00fchikese ja pika ahelaga h\u00fcaluroonhape aitab taastada naha niiskustasakaalu ning v\u00e4hendada kuivusest tingitud pingulolekut. Pantenool toetab naha niiskustasakaalu, samas kui v\u00e4\u00e4rtuslikud taimeekstraktid \u2013 aloe vera ja kurk \u2013 hooldavad ja v\u00e4rskendavad jumet. Tulemuseks on s\u00e4rav, terve ja kaunis nahk.\" \/>\n<meta property=\"og:url\" content=\"https:\/\/beautyinstitute.ee\/toode\/hyaluronic-glow-kontsentraat-30-ml\/\" \/>\n<meta property=\"og:site_name\" content=\"Beauty Institute\" \/>\n<meta property=\"article:modified_time\" content=\"2026-04-08T10:33:19+00:00\" \/>\n<meta property=\"og:image\" content=\"https:\/\/beautyinstitute.ee\/wp-content\/uploads\/2025\/10\/glow-hyaluron.webp\" \/>\n\t<meta property=\"og:image:width\" content=\"1920\" \/>\n\t<meta property=\"og:image:height\" content=\"1920\" \/>\n\t<meta property=\"og:image:type\" content=\"image\/webp\" \/>\n<meta name=\"twitter:card\" content=\"summary_large_image\" \/>\n<meta name=\"twitter:site\" content=\"@Beauty_Eesti\" \/>\n<meta name=\"twitter:label1\" content=\"\u041f\u0440\u0438\u043c\u0435\u0440\u043d\u043e\u0435 \u0432\u0440\u0435\u043c\u044f \u0434\u043b\u044f \u0447\u0442\u0435\u043d\u0438\u044f\" \/>\n\t<meta name=\"twitter:data1\" content=\"1 \u043c\u0438\u043d\u0443\u0442\u0430\" \/>\n<script type=\"application\/ld+json\" class=\"yoast-schema-graph\">{\"@context\":\"https:\/\/schema.org\",\"@graph\":[{\"@type\":\"WebPage\",\"@id\":\"https:\/\/beautyinstitute.ee\/toode\/hyaluronic-glow-kontsentraat-30-ml\/\",\"url\":\"https:\/\/beautyinstitute.ee\/toode\/hyaluronic-glow-kontsentraat-30-ml\/\",\"name\":\"Hyaluronic Glow Kontsentraat, 30 Ml - Beauty Institute\",\"isPartOf\":{\"@id\":\"https:\/\/beautyinstitute.ee\/#website\"},\"primaryImageOfPage\":{\"@id\":\"https:\/\/beautyinstitute.ee\/toode\/hyaluronic-glow-kontsentraat-30-ml\/#primaryimage\"},\"image\":{\"@id\":\"https:\/\/beautyinstitute.ee\/toode\/hyaluronic-glow-kontsentraat-30-ml\/#primaryimage\"},\"thumbnailUrl\":\"https:\/\/beautyinstitute.ee\/wp-content\/uploads\/2025\/10\/glow-hyaluron.webp\",\"datePublished\":\"2025-10-10T17:38:15+00:00\",\"dateModified\":\"2026-04-08T10:33:19+00:00\",\"breadcrumb\":{\"@id\":\"https:\/\/beautyinstitute.ee\/toode\/hyaluronic-glow-kontsentraat-30-ml\/#breadcrumb\"},\"inLanguage\":\"ru-RU\",\"potentialAction\":[{\"@type\":\"ReadAction\",\"target\":[\"https:\/\/beautyinstitute.ee\/toode\/hyaluronic-glow-kontsentraat-30-ml\/\"]}]},{\"@type\":\"ImageObject\",\"inLanguage\":\"ru-RU\",\"@id\":\"https:\/\/beautyinstitute.ee\/toode\/hyaluronic-glow-kontsentraat-30-ml\/#primaryimage\",\"url\":\"https:\/\/beautyinstitute.ee\/wp-content\/uploads\/2025\/10\/glow-hyaluron.webp\",\"contentUrl\":\"https:\/\/beautyinstitute.ee\/wp-content\/uploads\/2025\/10\/glow-hyaluron.webp\",\"width\":1920,\"height\":1920},{\"@type\":\"BreadcrumbList\",\"@id\":\"https:\/\/beautyinstitute.ee\/toode\/hyaluronic-glow-kontsentraat-30-ml\/#breadcrumb\",\"itemListElement\":[{\"@type\":\"ListItem\",\"position\":1,\"name\":\"Home\",\"item\":\"https:\/\/beautyinstitute.ee\/ru\/\"},{\"@type\":\"ListItem\",\"position\":2,\"name\":\"E-pood\",\"item\":\"https:\/\/beautyinstitute.ee\/e-pood\/\"},{\"@type\":\"ListItem\",\"position\":3,\"name\":\"Hyaluronic Glow Kontsentraat, 30 Ml\"}]},{\"@type\":\"WebSite\",\"@id\":\"https:\/\/beautyinstitute.ee\/#website\",\"url\":\"https:\/\/beautyinstitute.ee\/\",\"name\":\"Beauty Institute\",\"description\":\"CNC Cosmetic ametlik maaletooja ja edasim\u00fc\u00fcja Eestis, Soomes, L\u00e4tis. Aparaadikosmeetika, koolitused, kosmeetikatooted.\",\"potentialAction\":[{\"@type\":\"SearchAction\",\"target\":{\"@type\":\"EntryPoint\",\"urlTemplate\":\"https:\/\/beautyinstitute.ee\/?s={search_term_string}\"},\"query-input\":{\"@type\":\"PropertyValueSpecification\",\"valueRequired\":true,\"valueName\":\"search_term_string\"}}],\"inLanguage\":\"ru-RU\"}]}<\/script>\n<!-- \/ Yoast SEO plugin. -->","yoast_head_json":{"title":"Hyaluronic Glow Kontsentraat, 30 Ml - Beauty Institute","robots":{"index":"index","follow":"follow","max-snippet":"max-snippet:-1","max-image-preview":"max-image-preview:large","max-video-preview":"max-video-preview:-1"},"canonical":"https:\/\/beautyinstitute.ee\/toode\/hyaluronic-glow-kontsentraat-30-ml\/","og_locale":"ru_RU","og_type":"article","og_title":"Hyaluronic Glow Kontsentraat, 30 Ml - Beauty Institute","og_description":"L\u00f5hnatu ja 100% vegan Hyaluronic Glow kontsentraat pakub intensiivset niisutust igale nahat\u00fc\u00fcbile. L\u00fchikese ja pika ahelaga h\u00fcaluroonhape aitab taastada naha niiskustasakaalu ning v\u00e4hendada kuivusest tingitud pingulolekut. Pantenool toetab naha niiskustasakaalu, samas kui v\u00e4\u00e4rtuslikud taimeekstraktid \u2013 aloe vera ja kurk \u2013 hooldavad ja v\u00e4rskendavad jumet. Tulemuseks on s\u00e4rav, terve ja kaunis nahk.","og_url":"https:\/\/beautyinstitute.ee\/toode\/hyaluronic-glow-kontsentraat-30-ml\/","og_site_name":"Beauty Institute","article_modified_time":"2026-04-08T10:33:19+00:00","og_image":[{"width":1920,"height":1920,"url":"https:\/\/beautyinstitute.ee\/wp-content\/uploads\/2025\/10\/glow-hyaluron.webp","type":"image\/webp"}],"twitter_card":"summary_large_image","twitter_site":"@Beauty_Eesti","twitter_misc":{"\u041f\u0440\u0438\u043c\u0435\u0440\u043d\u043e\u0435 \u0432\u0440\u0435\u043c\u044f \u0434\u043b\u044f \u0447\u0442\u0435\u043d\u0438\u044f":"1 \u043c\u0438\u043d\u0443\u0442\u0430"},"schema":{"@context":"https:\/\/schema.org","@graph":[{"@type":"WebPage","@id":"https:\/\/beautyinstitute.ee\/toode\/hyaluronic-glow-kontsentraat-30-ml\/","url":"https:\/\/beautyinstitute.ee\/toode\/hyaluronic-glow-kontsentraat-30-ml\/","name":"Hyaluronic Glow Kontsentraat, 30 Ml - Beauty Institute","isPartOf":{"@id":"https:\/\/beautyinstitute.ee\/#website"},"primaryImageOfPage":{"@id":"https:\/\/beautyinstitute.ee\/toode\/hyaluronic-glow-kontsentraat-30-ml\/#primaryimage"},"image":{"@id":"https:\/\/beautyinstitute.ee\/toode\/hyaluronic-glow-kontsentraat-30-ml\/#primaryimage"},"thumbnailUrl":"https:\/\/beautyinstitute.ee\/wp-content\/uploads\/2025\/10\/glow-hyaluron.webp","datePublished":"2025-10-10T17:38:15+00:00","dateModified":"2026-04-08T10:33:19+00:00","breadcrumb":{"@id":"https:\/\/beautyinstitute.ee\/toode\/hyaluronic-glow-kontsentraat-30-ml\/#breadcrumb"},"inLanguage":"ru-RU","potentialAction":[{"@type":"ReadAction","target":["https:\/\/beautyinstitute.ee\/toode\/hyaluronic-glow-kontsentraat-30-ml\/"]}]},{"@type":"ImageObject","inLanguage":"ru-RU","@id":"https:\/\/beautyinstitute.ee\/toode\/hyaluronic-glow-kontsentraat-30-ml\/#primaryimage","url":"https:\/\/beautyinstitute.ee\/wp-content\/uploads\/2025\/10\/glow-hyaluron.webp","contentUrl":"https:\/\/beautyinstitute.ee\/wp-content\/uploads\/2025\/10\/glow-hyaluron.webp","width":1920,"height":1920},{"@type":"BreadcrumbList","@id":"https:\/\/beautyinstitute.ee\/toode\/hyaluronic-glow-kontsentraat-30-ml\/#breadcrumb","itemListElement":[{"@type":"ListItem","position":1,"name":"Home","item":"https:\/\/beautyinstitute.ee\/ru\/"},{"@type":"ListItem","position":2,"name":"E-pood","item":"https:\/\/beautyinstitute.ee\/e-pood\/"},{"@type":"ListItem","position":3,"name":"Hyaluronic Glow Kontsentraat, 30 Ml"}]},{"@type":"WebSite","@id":"https:\/\/beautyinstitute.ee\/#website","url":"https:\/\/beautyinstitute.ee\/","name":"Beauty Institute","description":"CNC Cosmetic ametlik maaletooja ja edasim\u00fc\u00fcja Eestis, Soomes, L\u00e4tis. Aparaadikosmeetika, koolitused, kosmeetikatooted.","potentialAction":[{"@type":"SearchAction","target":{"@type":"EntryPoint","urlTemplate":"https:\/\/beautyinstitute.ee\/?s={search_term_string}"},"query-input":{"@type":"PropertyValueSpecification","valueRequired":true,"valueName":"search_term_string"}}],"inLanguage":"ru-RU"}]}},"_links":{"self":[{"href":"https:\/\/beautyinstitute.ee\/ru\/wp-json\/wp\/v2\/product\/35510","targetHints":{"allow":["GET"]}}],"collection":[{"href":"https:\/\/beautyinstitute.ee\/ru\/wp-json\/wp\/v2\/product"}],"about":[{"href":"https:\/\/beautyinstitute.ee\/ru\/wp-json\/wp\/v2\/types\/product"}],"wp:featuredmedia":[{"embeddable":true,"href":"https:\/\/beautyinstitute.ee\/ru\/wp-json\/wp\/v2\/media\/35520"}],"wp:attachment":[{"href":"https:\/\/beautyinstitute.ee\/ru\/wp-json\/wp\/v2\/media?parent=35510"}],"wp:term":[{"taxonomy":"product_cat","embeddable":true,"href":"https:\/\/beautyinstitute.ee\/ru\/wp-json\/wp\/v2\/product_cat?post=35510"},{"taxonomy":"product_tag","embeddable":true,"href":"https:\/\/beautyinstitute.ee\/ru\/wp-json\/wp\/v2\/product_tag?post=35510"}],"curies":[{"name":"wp","href":"https:\/\/api.w.org\/{rel}","templated":true}]}}