{"id":35536,"date":"2025-10-13T15:04:38","date_gmt":"2025-10-13T12:04:38","guid":{"rendered":"https:\/\/beautyinstitute.ee\/?post_type=product&#038;p=35536"},"modified":"2026-02-04T15:23:33","modified_gmt":"2026-02-04T13:23:33","slug":"vaniljekupsise-lohnaga-katekoorija-30-ml","status":"publish","type":"product","link":"https:\/\/beautyinstitute.ee\/ru\/toode\/vaniljekupsise-lohnaga-katekoorija-30-ml\/","title":{"rendered":"Vaniljek\u00fcpsise L\u00f5hnaga K\u00e4tekoorija, 30 Ml"},"content":{"rendered":"<p><strong>Tee oma k\u00e4tele talvine hellitus! <\/strong><\/p>\n<p>Vaniljek\u00fcpsise aroomiga k\u00e4tekoorija eemaldab \u00f5rnalt kuiva ja kahjustunud nahapinna ning toob esile pehme ja hoolitsetud naha.<br \/>\nPeen <strong>meresool<\/strong> puhastab nahka s\u00fcgavuti ja avab poorid, j\u00e4ttes k\u00e4ed v\u00e4rskeks ja siidiseks. <strong>Viinamarja- ja aprikoosikivi\u00f5li<\/strong> niisutavad intensiivselt ning imenduvad kiiresti, muutes naha \u00fclimalt pehmeks ja elastseks. <strong>E-vitamiin<\/strong> toetab naha loomulikku taastumist ja kaitseb seda kuivuse eest. Soe vaniljel\u00f5hn loob hubase meeleolu igaks hooldushetkeks. Tulemuseks on sametiselt pehmed ja s\u00e4ravad k\u00e4ed, mis on valmis nautima talviseid hetki.<\/p>\n","protected":false},"excerpt":{"rendered":"<p>Tee oma k\u00e4tele talvine hellitus! Vaniljek\u00fcpsise aroomiga k\u00e4tekoorija eemaldab \u00f5rnalt kuiva ja kahjustunud nahapinna ning toob esile pehme ja hoolitsetud naha. Peen meresool puhastab nahka s\u00fcgavuti ja avab poorid, j\u00e4ttes k\u00e4ed v\u00e4rskeks ja siidiseks. Viinamarja- ja aprikoosikivi\u00f5li niisutavad intensiivselt ning imenduvad kiiresti, muutes naha \u00fclimalt pehmeks ja elastseks. E-vitamiin toetab naha loomulikku taastumist ja kaitseb [&hellip;]<\/p>\n","protected":false},"featured_media":35537,"template":"","meta":{"_acf_changed":false},"product_cat":[291,254],"product_tag":[],"class_list":["post-35536","product","type-product","status-publish","has-post-thumbnail","hentry","product_cat-baehr-cosmetic","product_cat-katehooldustooted"],"acf":[],"yoast_head":"<!-- This site is optimized with the Yoast SEO plugin v25.4 - https:\/\/yoast.com\/wordpress\/plugins\/seo\/ -->\n<title>Vaniljek\u00fcpsise L\u00f5hnaga K\u00e4tekoorija, 30 Ml - Beauty Institute<\/title>\n<meta name=\"robots\" content=\"index, follow, max-snippet:-1, max-image-preview:large, max-video-preview:-1\" \/>\n<link rel=\"canonical\" href=\"https:\/\/beautyinstitute.ee\/toode\/vaniljekupsise-lohnaga-katekoorija-30-ml\/\" \/>\n<meta property=\"og:locale\" content=\"ru_RU\" \/>\n<meta property=\"og:type\" content=\"article\" \/>\n<meta property=\"og:title\" content=\"Vaniljek\u00fcpsise L\u00f5hnaga K\u00e4tekoorija, 30 Ml - Beauty Institute\" \/>\n<meta property=\"og:description\" content=\"Tee oma k\u00e4tele talvine hellitus! Vaniljek\u00fcpsise aroomiga k\u00e4tekoorija eemaldab \u00f5rnalt kuiva ja kahjustunud nahapinna ning toob esile pehme ja hoolitsetud naha. Peen meresool puhastab nahka s\u00fcgavuti ja avab poorid, j\u00e4ttes k\u00e4ed v\u00e4rskeks ja siidiseks. Viinamarja- ja aprikoosikivi\u00f5li niisutavad intensiivselt ning imenduvad kiiresti, muutes naha \u00fclimalt pehmeks ja elastseks. E-vitamiin toetab naha loomulikku taastumist ja kaitseb [&hellip;]\" \/>\n<meta property=\"og:url\" content=\"https:\/\/beautyinstitute.ee\/toode\/vaniljekupsise-lohnaga-katekoorija-30-ml\/\" \/>\n<meta property=\"og:site_name\" content=\"Beauty Institute\" \/>\n<meta property=\"article:modified_time\" content=\"2026-02-04T13:23:33+00:00\" \/>\n<meta property=\"og:image\" content=\"https:\/\/beautyinstitute.ee\/wp-content\/uploads\/2025\/10\/katekoorija-baehr.webp\" \/>\n\t<meta property=\"og:image:width\" content=\"1920\" \/>\n\t<meta property=\"og:image:height\" content=\"1920\" \/>\n\t<meta property=\"og:image:type\" content=\"image\/webp\" \/>\n<meta name=\"twitter:card\" content=\"summary_large_image\" \/>\n<meta name=\"twitter:site\" content=\"@Beauty_Eesti\" \/>\n<meta name=\"twitter:label1\" content=\"\u041f\u0440\u0438\u043c\u0435\u0440\u043d\u043e\u0435 \u0432\u0440\u0435\u043c\u044f \u0434\u043b\u044f \u0447\u0442\u0435\u043d\u0438\u044f\" \/>\n\t<meta name=\"twitter:data1\" content=\"1 \u043c\u0438\u043d\u0443\u0442\u0430\" \/>\n<script type=\"application\/ld+json\" class=\"yoast-schema-graph\">{\"@context\":\"https:\/\/schema.org\",\"@graph\":[{\"@type\":\"WebPage\",\"@id\":\"https:\/\/beautyinstitute.ee\/toode\/vaniljekupsise-lohnaga-katekoorija-30-ml\/\",\"url\":\"https:\/\/beautyinstitute.ee\/toode\/vaniljekupsise-lohnaga-katekoorija-30-ml\/\",\"name\":\"Vaniljek\u00fcpsise L\u00f5hnaga K\u00e4tekoorija, 30 Ml - Beauty Institute\",\"isPartOf\":{\"@id\":\"https:\/\/beautyinstitute.ee\/#website\"},\"primaryImageOfPage\":{\"@id\":\"https:\/\/beautyinstitute.ee\/toode\/vaniljekupsise-lohnaga-katekoorija-30-ml\/#primaryimage\"},\"image\":{\"@id\":\"https:\/\/beautyinstitute.ee\/toode\/vaniljekupsise-lohnaga-katekoorija-30-ml\/#primaryimage\"},\"thumbnailUrl\":\"https:\/\/beautyinstitute.ee\/wp-content\/uploads\/2025\/10\/katekoorija-baehr.webp\",\"datePublished\":\"2025-10-13T12:04:38+00:00\",\"dateModified\":\"2026-02-04T13:23:33+00:00\",\"breadcrumb\":{\"@id\":\"https:\/\/beautyinstitute.ee\/toode\/vaniljekupsise-lohnaga-katekoorija-30-ml\/#breadcrumb\"},\"inLanguage\":\"ru-RU\",\"potentialAction\":[{\"@type\":\"ReadAction\",\"target\":[\"https:\/\/beautyinstitute.ee\/toode\/vaniljekupsise-lohnaga-katekoorija-30-ml\/\"]}]},{\"@type\":\"ImageObject\",\"inLanguage\":\"ru-RU\",\"@id\":\"https:\/\/beautyinstitute.ee\/toode\/vaniljekupsise-lohnaga-katekoorija-30-ml\/#primaryimage\",\"url\":\"https:\/\/beautyinstitute.ee\/wp-content\/uploads\/2025\/10\/katekoorija-baehr.webp\",\"contentUrl\":\"https:\/\/beautyinstitute.ee\/wp-content\/uploads\/2025\/10\/katekoorija-baehr.webp\",\"width\":1920,\"height\":1920},{\"@type\":\"BreadcrumbList\",\"@id\":\"https:\/\/beautyinstitute.ee\/toode\/vaniljekupsise-lohnaga-katekoorija-30-ml\/#breadcrumb\",\"itemListElement\":[{\"@type\":\"ListItem\",\"position\":1,\"name\":\"Home\",\"item\":\"https:\/\/beautyinstitute.ee\/ru\/\"},{\"@type\":\"ListItem\",\"position\":2,\"name\":\"E-pood\",\"item\":\"https:\/\/beautyinstitute.ee\/e-pood\/\"},{\"@type\":\"ListItem\",\"position\":3,\"name\":\"Vaniljek\u00fcpsise L\u00f5hnaga K\u00e4tekoorija, 30 Ml\"}]},{\"@type\":\"WebSite\",\"@id\":\"https:\/\/beautyinstitute.ee\/#website\",\"url\":\"https:\/\/beautyinstitute.ee\/\",\"name\":\"Beauty Institute\",\"description\":\"CNC Cosmetic ametlik maaletooja ja edasim\u00fc\u00fcja Eestis, Soomes, L\u00e4tis. Aparaadikosmeetika, koolitused, kosmeetikatooted.\",\"potentialAction\":[{\"@type\":\"SearchAction\",\"target\":{\"@type\":\"EntryPoint\",\"urlTemplate\":\"https:\/\/beautyinstitute.ee\/?s={search_term_string}\"},\"query-input\":{\"@type\":\"PropertyValueSpecification\",\"valueRequired\":true,\"valueName\":\"search_term_string\"}}],\"inLanguage\":\"ru-RU\"}]}<\/script>\n<!-- \/ Yoast SEO plugin. -->","yoast_head_json":{"title":"Vaniljek\u00fcpsise L\u00f5hnaga K\u00e4tekoorija, 30 Ml - Beauty Institute","robots":{"index":"index","follow":"follow","max-snippet":"max-snippet:-1","max-image-preview":"max-image-preview:large","max-video-preview":"max-video-preview:-1"},"canonical":"https:\/\/beautyinstitute.ee\/toode\/vaniljekupsise-lohnaga-katekoorija-30-ml\/","og_locale":"ru_RU","og_type":"article","og_title":"Vaniljek\u00fcpsise L\u00f5hnaga K\u00e4tekoorija, 30 Ml - Beauty Institute","og_description":"Tee oma k\u00e4tele talvine hellitus! Vaniljek\u00fcpsise aroomiga k\u00e4tekoorija eemaldab \u00f5rnalt kuiva ja kahjustunud nahapinna ning toob esile pehme ja hoolitsetud naha. Peen meresool puhastab nahka s\u00fcgavuti ja avab poorid, j\u00e4ttes k\u00e4ed v\u00e4rskeks ja siidiseks. Viinamarja- ja aprikoosikivi\u00f5li niisutavad intensiivselt ning imenduvad kiiresti, muutes naha \u00fclimalt pehmeks ja elastseks. E-vitamiin toetab naha loomulikku taastumist ja kaitseb [&hellip;]","og_url":"https:\/\/beautyinstitute.ee\/toode\/vaniljekupsise-lohnaga-katekoorija-30-ml\/","og_site_name":"Beauty Institute","article_modified_time":"2026-02-04T13:23:33+00:00","og_image":[{"width":1920,"height":1920,"url":"https:\/\/beautyinstitute.ee\/wp-content\/uploads\/2025\/10\/katekoorija-baehr.webp","type":"image\/webp"}],"twitter_card":"summary_large_image","twitter_site":"@Beauty_Eesti","twitter_misc":{"\u041f\u0440\u0438\u043c\u0435\u0440\u043d\u043e\u0435 \u0432\u0440\u0435\u043c\u044f \u0434\u043b\u044f \u0447\u0442\u0435\u043d\u0438\u044f":"1 \u043c\u0438\u043d\u0443\u0442\u0430"},"schema":{"@context":"https:\/\/schema.org","@graph":[{"@type":"WebPage","@id":"https:\/\/beautyinstitute.ee\/toode\/vaniljekupsise-lohnaga-katekoorija-30-ml\/","url":"https:\/\/beautyinstitute.ee\/toode\/vaniljekupsise-lohnaga-katekoorija-30-ml\/","name":"Vaniljek\u00fcpsise L\u00f5hnaga K\u00e4tekoorija, 30 Ml - Beauty Institute","isPartOf":{"@id":"https:\/\/beautyinstitute.ee\/#website"},"primaryImageOfPage":{"@id":"https:\/\/beautyinstitute.ee\/toode\/vaniljekupsise-lohnaga-katekoorija-30-ml\/#primaryimage"},"image":{"@id":"https:\/\/beautyinstitute.ee\/toode\/vaniljekupsise-lohnaga-katekoorija-30-ml\/#primaryimage"},"thumbnailUrl":"https:\/\/beautyinstitute.ee\/wp-content\/uploads\/2025\/10\/katekoorija-baehr.webp","datePublished":"2025-10-13T12:04:38+00:00","dateModified":"2026-02-04T13:23:33+00:00","breadcrumb":{"@id":"https:\/\/beautyinstitute.ee\/toode\/vaniljekupsise-lohnaga-katekoorija-30-ml\/#breadcrumb"},"inLanguage":"ru-RU","potentialAction":[{"@type":"ReadAction","target":["https:\/\/beautyinstitute.ee\/toode\/vaniljekupsise-lohnaga-katekoorija-30-ml\/"]}]},{"@type":"ImageObject","inLanguage":"ru-RU","@id":"https:\/\/beautyinstitute.ee\/toode\/vaniljekupsise-lohnaga-katekoorija-30-ml\/#primaryimage","url":"https:\/\/beautyinstitute.ee\/wp-content\/uploads\/2025\/10\/katekoorija-baehr.webp","contentUrl":"https:\/\/beautyinstitute.ee\/wp-content\/uploads\/2025\/10\/katekoorija-baehr.webp","width":1920,"height":1920},{"@type":"BreadcrumbList","@id":"https:\/\/beautyinstitute.ee\/toode\/vaniljekupsise-lohnaga-katekoorija-30-ml\/#breadcrumb","itemListElement":[{"@type":"ListItem","position":1,"name":"Home","item":"https:\/\/beautyinstitute.ee\/ru\/"},{"@type":"ListItem","position":2,"name":"E-pood","item":"https:\/\/beautyinstitute.ee\/e-pood\/"},{"@type":"ListItem","position":3,"name":"Vaniljek\u00fcpsise L\u00f5hnaga K\u00e4tekoorija, 30 Ml"}]},{"@type":"WebSite","@id":"https:\/\/beautyinstitute.ee\/#website","url":"https:\/\/beautyinstitute.ee\/","name":"Beauty Institute","description":"CNC Cosmetic ametlik maaletooja ja edasim\u00fc\u00fcja Eestis, Soomes, L\u00e4tis. Aparaadikosmeetika, koolitused, kosmeetikatooted.","potentialAction":[{"@type":"SearchAction","target":{"@type":"EntryPoint","urlTemplate":"https:\/\/beautyinstitute.ee\/?s={search_term_string}"},"query-input":{"@type":"PropertyValueSpecification","valueRequired":true,"valueName":"search_term_string"}}],"inLanguage":"ru-RU"}]}},"_links":{"self":[{"href":"https:\/\/beautyinstitute.ee\/ru\/wp-json\/wp\/v2\/product\/35536","targetHints":{"allow":["GET"]}}],"collection":[{"href":"https:\/\/beautyinstitute.ee\/ru\/wp-json\/wp\/v2\/product"}],"about":[{"href":"https:\/\/beautyinstitute.ee\/ru\/wp-json\/wp\/v2\/types\/product"}],"wp:featuredmedia":[{"embeddable":true,"href":"https:\/\/beautyinstitute.ee\/ru\/wp-json\/wp\/v2\/media\/35537"}],"wp:attachment":[{"href":"https:\/\/beautyinstitute.ee\/ru\/wp-json\/wp\/v2\/media?parent=35536"}],"wp:term":[{"taxonomy":"product_cat","embeddable":true,"href":"https:\/\/beautyinstitute.ee\/ru\/wp-json\/wp\/v2\/product_cat?post=35536"},{"taxonomy":"product_tag","embeddable":true,"href":"https:\/\/beautyinstitute.ee\/ru\/wp-json\/wp\/v2\/product_tag?post=35536"}],"curies":[{"name":"wp","href":"https:\/\/api.w.org\/{rel}","templated":true}]}}