{"id":35581,"date":"2025-10-14T12:22:28","date_gmt":"2025-10-14T09:22:28","guid":{"rendered":"https:\/\/beautyinstitute.ee\/?post_type=product&#038;p=35581"},"modified":"2026-04-27T14:47:17","modified_gmt":"2026-04-27T11:47:17","slug":"beauty-mousse-mask-100-ml","status":"publish","type":"product","link":"https:\/\/beautyinstitute.ee\/ru\/toode\/beauty-mousse-mask-100-ml\/","title":{"rendered":"Beauty Mousse Mask, 100 Ml"},"content":{"rendered":"<p><strong>Luksuslik hooldus, mis \u00fcllatab oma tekstuuriga!<\/strong><\/p>\n<p>Beauty MOUSSE MASK on kerge vahutaoline mask, mis muutub nahal sulandudes rikkalikuks \u00f5liks. Mask pakub s\u00fcgavniisutust, toidab ja toetab naha loomulikku taastumisprotsessi. Spetsiaalne t\u00f5husate toimeainete kombinatsioon aitab v\u00e4hendada naha vananemise m\u00e4rke, samal ajal kui <strong>sheav\u00f5i<\/strong>, <strong>v\u00e4\u00e4rtuslikud taime\u00f5lid ja keramiidid<\/strong> tasakaalustavad lipiidide puudust, tugevdavad kaitse- barj\u00e4\u00e4ri ning siluvad naha pinda.<\/p>\n","protected":false},"excerpt":{"rendered":"<p>Luksuslik hooldus, mis \u00fcllatab oma tekstuuriga! Beauty MOUSSE MASK on kerge vahutaoline mask, mis muutub nahal sulandudes rikkalikuks \u00f5liks. Mask pakub s\u00fcgavniisutust, toidab ja toetab naha loomulikku taastumisprotsessi. Spetsiaalne t\u00f5husate toimeainete kombinatsioon aitab v\u00e4hendada naha vananemise m\u00e4rke, samal ajal kui sheav\u00f5i, v\u00e4\u00e4rtuslikud taime\u00f5lid ja keramiidid tasakaalustavad lipiidide puudust, tugevdavad kaitse- barj\u00e4\u00e4ri ning siluvad naha pinda.<\/p>\n","protected":false},"featured_media":35587,"template":"","meta":{"_acf_changed":false},"product_cat":[278,248,147],"product_tag":[],"class_list":["post-35581","product","type-product","status-publish","has-post-thumbnail","hentry","product_cat-cnc","product_cat-maskid-2","product_cat-kreemmaskid"],"acf":[],"yoast_head":"<!-- This site is optimized with the Yoast SEO plugin v25.4 - https:\/\/yoast.com\/wordpress\/plugins\/seo\/ -->\n<title>Beauty Mousse Mask, 100 Ml - Beauty Institute<\/title>\n<meta name=\"robots\" content=\"index, follow, max-snippet:-1, max-image-preview:large, max-video-preview:-1\" \/>\n<link rel=\"canonical\" href=\"https:\/\/beautyinstitute.ee\/toode\/beauty-mousse-mask-100-ml\/\" \/>\n<meta property=\"og:locale\" content=\"ru_RU\" \/>\n<meta property=\"og:type\" content=\"article\" \/>\n<meta property=\"og:title\" content=\"Beauty Mousse Mask, 100 Ml - Beauty Institute\" \/>\n<meta property=\"og:description\" content=\"Luksuslik hooldus, mis \u00fcllatab oma tekstuuriga! Beauty MOUSSE MASK on kerge vahutaoline mask, mis muutub nahal sulandudes rikkalikuks \u00f5liks. Mask pakub s\u00fcgavniisutust, toidab ja toetab naha loomulikku taastumisprotsessi. Spetsiaalne t\u00f5husate toimeainete kombinatsioon aitab v\u00e4hendada naha vananemise m\u00e4rke, samal ajal kui sheav\u00f5i, v\u00e4\u00e4rtuslikud taime\u00f5lid ja keramiidid tasakaalustavad lipiidide puudust, tugevdavad kaitse- barj\u00e4\u00e4ri ning siluvad naha pinda.\" \/>\n<meta property=\"og:url\" content=\"https:\/\/beautyinstitute.ee\/toode\/beauty-mousse-mask-100-ml\/\" \/>\n<meta property=\"og:site_name\" content=\"Beauty Institute\" \/>\n<meta property=\"article:modified_time\" content=\"2026-04-27T11:47:17+00:00\" \/>\n<meta property=\"og:image\" content=\"https:\/\/beautyinstitute.ee\/wp-content\/uploads\/2025\/10\/Beauty-Mousse-Mask-2025-Tiegel-Ebene-scaled.jpeg\" \/>\n\t<meta property=\"og:image:width\" content=\"2173\" \/>\n\t<meta property=\"og:image:height\" content=\"2560\" \/>\n\t<meta property=\"og:image:type\" content=\"image\/jpeg\" \/>\n<meta name=\"twitter:card\" content=\"summary_large_image\" \/>\n<meta name=\"twitter:site\" content=\"@Beauty_Eesti\" \/>\n<meta name=\"twitter:label1\" content=\"\u041f\u0440\u0438\u043c\u0435\u0440\u043d\u043e\u0435 \u0432\u0440\u0435\u043c\u044f \u0434\u043b\u044f \u0447\u0442\u0435\u043d\u0438\u044f\" \/>\n\t<meta name=\"twitter:data1\" content=\"1 \u043c\u0438\u043d\u0443\u0442\u0430\" \/>\n<script type=\"application\/ld+json\" class=\"yoast-schema-graph\">{\"@context\":\"https:\/\/schema.org\",\"@graph\":[{\"@type\":\"WebPage\",\"@id\":\"https:\/\/beautyinstitute.ee\/toode\/beauty-mousse-mask-100-ml\/\",\"url\":\"https:\/\/beautyinstitute.ee\/toode\/beauty-mousse-mask-100-ml\/\",\"name\":\"Beauty Mousse Mask, 100 Ml - Beauty Institute\",\"isPartOf\":{\"@id\":\"https:\/\/beautyinstitute.ee\/#website\"},\"primaryImageOfPage\":{\"@id\":\"https:\/\/beautyinstitute.ee\/toode\/beauty-mousse-mask-100-ml\/#primaryimage\"},\"image\":{\"@id\":\"https:\/\/beautyinstitute.ee\/toode\/beauty-mousse-mask-100-ml\/#primaryimage\"},\"thumbnailUrl\":\"https:\/\/beautyinstitute.ee\/wp-content\/uploads\/2025\/10\/Beauty-Mousse-Mask-2025-Tiegel-Ebene-scaled.jpeg\",\"datePublished\":\"2025-10-14T09:22:28+00:00\",\"dateModified\":\"2026-04-27T11:47:17+00:00\",\"breadcrumb\":{\"@id\":\"https:\/\/beautyinstitute.ee\/toode\/beauty-mousse-mask-100-ml\/#breadcrumb\"},\"inLanguage\":\"ru-RU\",\"potentialAction\":[{\"@type\":\"ReadAction\",\"target\":[\"https:\/\/beautyinstitute.ee\/toode\/beauty-mousse-mask-100-ml\/\"]}]},{\"@type\":\"ImageObject\",\"inLanguage\":\"ru-RU\",\"@id\":\"https:\/\/beautyinstitute.ee\/toode\/beauty-mousse-mask-100-ml\/#primaryimage\",\"url\":\"https:\/\/beautyinstitute.ee\/wp-content\/uploads\/2025\/10\/Beauty-Mousse-Mask-2025-Tiegel-Ebene-scaled.jpeg\",\"contentUrl\":\"https:\/\/beautyinstitute.ee\/wp-content\/uploads\/2025\/10\/Beauty-Mousse-Mask-2025-Tiegel-Ebene-scaled.jpeg\",\"width\":2173,\"height\":2560},{\"@type\":\"BreadcrumbList\",\"@id\":\"https:\/\/beautyinstitute.ee\/toode\/beauty-mousse-mask-100-ml\/#breadcrumb\",\"itemListElement\":[{\"@type\":\"ListItem\",\"position\":1,\"name\":\"Home\",\"item\":\"https:\/\/beautyinstitute.ee\/ru\/\"},{\"@type\":\"ListItem\",\"position\":2,\"name\":\"E-pood\",\"item\":\"https:\/\/beautyinstitute.ee\/e-pood\/\"},{\"@type\":\"ListItem\",\"position\":3,\"name\":\"Beauty Mousse Mask, 100 Ml\"}]},{\"@type\":\"WebSite\",\"@id\":\"https:\/\/beautyinstitute.ee\/#website\",\"url\":\"https:\/\/beautyinstitute.ee\/\",\"name\":\"Beauty Institute\",\"description\":\"CNC Cosmetic ametlik maaletooja ja edasim\u00fc\u00fcja Eestis, Soomes, L\u00e4tis. Aparaadikosmeetika, koolitused, kosmeetikatooted.\",\"potentialAction\":[{\"@type\":\"SearchAction\",\"target\":{\"@type\":\"EntryPoint\",\"urlTemplate\":\"https:\/\/beautyinstitute.ee\/?s={search_term_string}\"},\"query-input\":{\"@type\":\"PropertyValueSpecification\",\"valueRequired\":true,\"valueName\":\"search_term_string\"}}],\"inLanguage\":\"ru-RU\"}]}<\/script>\n<!-- \/ Yoast SEO plugin. -->","yoast_head_json":{"title":"Beauty Mousse Mask, 100 Ml - Beauty Institute","robots":{"index":"index","follow":"follow","max-snippet":"max-snippet:-1","max-image-preview":"max-image-preview:large","max-video-preview":"max-video-preview:-1"},"canonical":"https:\/\/beautyinstitute.ee\/toode\/beauty-mousse-mask-100-ml\/","og_locale":"ru_RU","og_type":"article","og_title":"Beauty Mousse Mask, 100 Ml - Beauty Institute","og_description":"Luksuslik hooldus, mis \u00fcllatab oma tekstuuriga! Beauty MOUSSE MASK on kerge vahutaoline mask, mis muutub nahal sulandudes rikkalikuks \u00f5liks. Mask pakub s\u00fcgavniisutust, toidab ja toetab naha loomulikku taastumisprotsessi. Spetsiaalne t\u00f5husate toimeainete kombinatsioon aitab v\u00e4hendada naha vananemise m\u00e4rke, samal ajal kui sheav\u00f5i, v\u00e4\u00e4rtuslikud taime\u00f5lid ja keramiidid tasakaalustavad lipiidide puudust, tugevdavad kaitse- barj\u00e4\u00e4ri ning siluvad naha pinda.","og_url":"https:\/\/beautyinstitute.ee\/toode\/beauty-mousse-mask-100-ml\/","og_site_name":"Beauty Institute","article_modified_time":"2026-04-27T11:47:17+00:00","og_image":[{"width":2173,"height":2560,"url":"https:\/\/beautyinstitute.ee\/wp-content\/uploads\/2025\/10\/Beauty-Mousse-Mask-2025-Tiegel-Ebene-scaled.jpeg","type":"image\/jpeg"}],"twitter_card":"summary_large_image","twitter_site":"@Beauty_Eesti","twitter_misc":{"\u041f\u0440\u0438\u043c\u0435\u0440\u043d\u043e\u0435 \u0432\u0440\u0435\u043c\u044f \u0434\u043b\u044f \u0447\u0442\u0435\u043d\u0438\u044f":"1 \u043c\u0438\u043d\u0443\u0442\u0430"},"schema":{"@context":"https:\/\/schema.org","@graph":[{"@type":"WebPage","@id":"https:\/\/beautyinstitute.ee\/toode\/beauty-mousse-mask-100-ml\/","url":"https:\/\/beautyinstitute.ee\/toode\/beauty-mousse-mask-100-ml\/","name":"Beauty Mousse Mask, 100 Ml - Beauty Institute","isPartOf":{"@id":"https:\/\/beautyinstitute.ee\/#website"},"primaryImageOfPage":{"@id":"https:\/\/beautyinstitute.ee\/toode\/beauty-mousse-mask-100-ml\/#primaryimage"},"image":{"@id":"https:\/\/beautyinstitute.ee\/toode\/beauty-mousse-mask-100-ml\/#primaryimage"},"thumbnailUrl":"https:\/\/beautyinstitute.ee\/wp-content\/uploads\/2025\/10\/Beauty-Mousse-Mask-2025-Tiegel-Ebene-scaled.jpeg","datePublished":"2025-10-14T09:22:28+00:00","dateModified":"2026-04-27T11:47:17+00:00","breadcrumb":{"@id":"https:\/\/beautyinstitute.ee\/toode\/beauty-mousse-mask-100-ml\/#breadcrumb"},"inLanguage":"ru-RU","potentialAction":[{"@type":"ReadAction","target":["https:\/\/beautyinstitute.ee\/toode\/beauty-mousse-mask-100-ml\/"]}]},{"@type":"ImageObject","inLanguage":"ru-RU","@id":"https:\/\/beautyinstitute.ee\/toode\/beauty-mousse-mask-100-ml\/#primaryimage","url":"https:\/\/beautyinstitute.ee\/wp-content\/uploads\/2025\/10\/Beauty-Mousse-Mask-2025-Tiegel-Ebene-scaled.jpeg","contentUrl":"https:\/\/beautyinstitute.ee\/wp-content\/uploads\/2025\/10\/Beauty-Mousse-Mask-2025-Tiegel-Ebene-scaled.jpeg","width":2173,"height":2560},{"@type":"BreadcrumbList","@id":"https:\/\/beautyinstitute.ee\/toode\/beauty-mousse-mask-100-ml\/#breadcrumb","itemListElement":[{"@type":"ListItem","position":1,"name":"Home","item":"https:\/\/beautyinstitute.ee\/ru\/"},{"@type":"ListItem","position":2,"name":"E-pood","item":"https:\/\/beautyinstitute.ee\/e-pood\/"},{"@type":"ListItem","position":3,"name":"Beauty Mousse Mask, 100 Ml"}]},{"@type":"WebSite","@id":"https:\/\/beautyinstitute.ee\/#website","url":"https:\/\/beautyinstitute.ee\/","name":"Beauty Institute","description":"CNC Cosmetic ametlik maaletooja ja edasim\u00fc\u00fcja Eestis, Soomes, L\u00e4tis. Aparaadikosmeetika, koolitused, kosmeetikatooted.","potentialAction":[{"@type":"SearchAction","target":{"@type":"EntryPoint","urlTemplate":"https:\/\/beautyinstitute.ee\/?s={search_term_string}"},"query-input":{"@type":"PropertyValueSpecification","valueRequired":true,"valueName":"search_term_string"}}],"inLanguage":"ru-RU"}]}},"_links":{"self":[{"href":"https:\/\/beautyinstitute.ee\/ru\/wp-json\/wp\/v2\/product\/35581","targetHints":{"allow":["GET"]}}],"collection":[{"href":"https:\/\/beautyinstitute.ee\/ru\/wp-json\/wp\/v2\/product"}],"about":[{"href":"https:\/\/beautyinstitute.ee\/ru\/wp-json\/wp\/v2\/types\/product"}],"wp:featuredmedia":[{"embeddable":true,"href":"https:\/\/beautyinstitute.ee\/ru\/wp-json\/wp\/v2\/media\/35587"}],"wp:attachment":[{"href":"https:\/\/beautyinstitute.ee\/ru\/wp-json\/wp\/v2\/media?parent=35581"}],"wp:term":[{"taxonomy":"product_cat","embeddable":true,"href":"https:\/\/beautyinstitute.ee\/ru\/wp-json\/wp\/v2\/product_cat?post=35581"},{"taxonomy":"product_tag","embeddable":true,"href":"https:\/\/beautyinstitute.ee\/ru\/wp-json\/wp\/v2\/product_tag?post=35581"}],"curies":[{"name":"wp","href":"https:\/\/api.w.org\/{rel}","templated":true}]}}