{"id":35594,"date":"2025-10-14T12:30:06","date_gmt":"2025-10-14T09:30:06","guid":{"rendered":"https:\/\/beautyinstitute.ee\/?post_type=product&#038;p=35594"},"modified":"2026-04-02T13:08:10","modified_gmt":"2026-04-02T10:08:10","slug":"aesthetic-world-hyaluron-forte-seerum-15-ml","status":"publish","type":"product","link":"https:\/\/beautyinstitute.ee\/ru\/toode\/aesthetic-world-hyaluron-forte-seerum-15-ml\/","title":{"rendered":"Aesthetic World Hyaluron Forte Seerum, 15 Ml"},"content":{"rendered":"<p><strong>Ilumaailma hitt noorusliku naha jaoks!<\/strong><br \/>\nKoge h\u00fcaluroonhappe erakordset j\u00f5udu, mis on hetkel ilumaailmas t\u00f5eline hitt ning p\u00f5hjusega! H\u00fcaluroonhape on \u00fcks t\u00f5husamaid<br \/>\nnahahoolduse toimeaineid, mis suudab siduda tohutul hulgal vett, pakkudes nahale s\u00fcgavat ja pikaajalist niisutust. See mitte ainult ei t\u00e4ida kortse ja peeneid jooni, vaid taastab ka naha elastsuse ja pringi tekstuuri, muutes selle s\u00e4ravaks ja nooruslikuks. Aesthetic World Hyaluron Forte seerum on \u00fclim h\u00fcaluroonfiller, mis pakub kiiret ja n\u00e4htavat kortsude t\u00e4itmist ning silumist. T\u00e4nu kohesele ja pikaajalisele toimele muutub nahk hetkega pringimaks ja nooruslikumaks. Seerum pakub intensiivset niisutust, mis j\u00e4tab jume v\u00e4rskeks, s\u00e4ravaks ja elastseks \u2013 just selliseks, nagu sa oled alati soovinud.<\/p>\n","protected":false},"excerpt":{"rendered":"<p>Ilumaailma hitt noorusliku naha jaoks! Koge h\u00fcaluroonhappe erakordset j\u00f5udu, mis on hetkel ilumaailmas t\u00f5eline hitt ning p\u00f5hjusega! H\u00fcaluroonhape on \u00fcks t\u00f5husamaid nahahoolduse toimeaineid, mis suudab siduda tohutul hulgal vett, pakkudes nahale s\u00fcgavat ja pikaajalist niisutust. See mitte ainult ei t\u00e4ida kortse ja peeneid jooni, vaid taastab ka naha elastsuse ja pringi tekstuuri, muutes selle s\u00e4ravaks [&hellip;]<\/p>\n","protected":false},"featured_media":35595,"template":"","meta":{"_acf_changed":false},"product_cat":[278,249,118],"product_tag":[],"class_list":["post-35594","product","type-product","status-publish","has-post-thumbnail","hentry","product_cat-cnc","product_cat-seerumid-2","product_cat-aesthetic-world"],"acf":[],"yoast_head":"<!-- This site is optimized with the Yoast SEO plugin v25.4 - https:\/\/yoast.com\/wordpress\/plugins\/seo\/ -->\n<title>Aesthetic World Hyaluron Forte Seerum, 15 Ml - Beauty Institute<\/title>\n<meta name=\"robots\" content=\"index, follow, max-snippet:-1, max-image-preview:large, max-video-preview:-1\" \/>\n<link rel=\"canonical\" href=\"https:\/\/beautyinstitute.ee\/toode\/aesthetic-world-hyaluron-forte-seerum-15-ml\/\" \/>\n<meta property=\"og:locale\" content=\"ru_RU\" \/>\n<meta property=\"og:type\" content=\"article\" \/>\n<meta property=\"og:title\" content=\"Aesthetic World Hyaluron Forte Seerum, 15 Ml - Beauty Institute\" \/>\n<meta property=\"og:description\" content=\"Ilumaailma hitt noorusliku naha jaoks! Koge h\u00fcaluroonhappe erakordset j\u00f5udu, mis on hetkel ilumaailmas t\u00f5eline hitt ning p\u00f5hjusega! H\u00fcaluroonhape on \u00fcks t\u00f5husamaid nahahoolduse toimeaineid, mis suudab siduda tohutul hulgal vett, pakkudes nahale s\u00fcgavat ja pikaajalist niisutust. See mitte ainult ei t\u00e4ida kortse ja peeneid jooni, vaid taastab ka naha elastsuse ja pringi tekstuuri, muutes selle s\u00e4ravaks [&hellip;]\" \/>\n<meta property=\"og:url\" content=\"https:\/\/beautyinstitute.ee\/toode\/aesthetic-world-hyaluron-forte-seerum-15-ml\/\" \/>\n<meta property=\"og:site_name\" content=\"Beauty Institute\" \/>\n<meta property=\"article:modified_time\" content=\"2026-04-02T10:08:10+00:00\" \/>\n<meta property=\"og:image\" content=\"https:\/\/beautyinstitute.ee\/wp-content\/uploads\/2025\/10\/hyal-forte-joul-scaled.jpeg\" \/>\n\t<meta property=\"og:image:width\" content=\"1026\" \/>\n\t<meta property=\"og:image:height\" content=\"2560\" \/>\n\t<meta property=\"og:image:type\" content=\"image\/jpeg\" \/>\n<meta name=\"twitter:card\" content=\"summary_large_image\" \/>\n<meta name=\"twitter:site\" content=\"@Beauty_Eesti\" \/>\n<meta name=\"twitter:label1\" content=\"\u041f\u0440\u0438\u043c\u0435\u0440\u043d\u043e\u0435 \u0432\u0440\u0435\u043c\u044f \u0434\u043b\u044f \u0447\u0442\u0435\u043d\u0438\u044f\" \/>\n\t<meta name=\"twitter:data1\" content=\"1 \u043c\u0438\u043d\u0443\u0442\u0430\" \/>\n<script type=\"application\/ld+json\" class=\"yoast-schema-graph\">{\"@context\":\"https:\/\/schema.org\",\"@graph\":[{\"@type\":\"WebPage\",\"@id\":\"https:\/\/beautyinstitute.ee\/toode\/aesthetic-world-hyaluron-forte-seerum-15-ml\/\",\"url\":\"https:\/\/beautyinstitute.ee\/toode\/aesthetic-world-hyaluron-forte-seerum-15-ml\/\",\"name\":\"Aesthetic World Hyaluron Forte Seerum, 15 Ml - Beauty Institute\",\"isPartOf\":{\"@id\":\"https:\/\/beautyinstitute.ee\/#website\"},\"primaryImageOfPage\":{\"@id\":\"https:\/\/beautyinstitute.ee\/toode\/aesthetic-world-hyaluron-forte-seerum-15-ml\/#primaryimage\"},\"image\":{\"@id\":\"https:\/\/beautyinstitute.ee\/toode\/aesthetic-world-hyaluron-forte-seerum-15-ml\/#primaryimage\"},\"thumbnailUrl\":\"https:\/\/beautyinstitute.ee\/wp-content\/uploads\/2025\/10\/hyal-forte-joul-scaled.jpeg\",\"datePublished\":\"2025-10-14T09:30:06+00:00\",\"dateModified\":\"2026-04-02T10:08:10+00:00\",\"breadcrumb\":{\"@id\":\"https:\/\/beautyinstitute.ee\/toode\/aesthetic-world-hyaluron-forte-seerum-15-ml\/#breadcrumb\"},\"inLanguage\":\"ru-RU\",\"potentialAction\":[{\"@type\":\"ReadAction\",\"target\":[\"https:\/\/beautyinstitute.ee\/toode\/aesthetic-world-hyaluron-forte-seerum-15-ml\/\"]}]},{\"@type\":\"ImageObject\",\"inLanguage\":\"ru-RU\",\"@id\":\"https:\/\/beautyinstitute.ee\/toode\/aesthetic-world-hyaluron-forte-seerum-15-ml\/#primaryimage\",\"url\":\"https:\/\/beautyinstitute.ee\/wp-content\/uploads\/2025\/10\/hyal-forte-joul-scaled.jpeg\",\"contentUrl\":\"https:\/\/beautyinstitute.ee\/wp-content\/uploads\/2025\/10\/hyal-forte-joul-scaled.jpeg\",\"width\":1026,\"height\":2560},{\"@type\":\"BreadcrumbList\",\"@id\":\"https:\/\/beautyinstitute.ee\/toode\/aesthetic-world-hyaluron-forte-seerum-15-ml\/#breadcrumb\",\"itemListElement\":[{\"@type\":\"ListItem\",\"position\":1,\"name\":\"Home\",\"item\":\"https:\/\/beautyinstitute.ee\/ru\/\"},{\"@type\":\"ListItem\",\"position\":2,\"name\":\"E-pood\",\"item\":\"https:\/\/beautyinstitute.ee\/e-pood\/\"},{\"@type\":\"ListItem\",\"position\":3,\"name\":\"Aesthetic World Hyaluron Forte Seerum, 15 Ml\"}]},{\"@type\":\"WebSite\",\"@id\":\"https:\/\/beautyinstitute.ee\/#website\",\"url\":\"https:\/\/beautyinstitute.ee\/\",\"name\":\"Beauty Institute\",\"description\":\"CNC Cosmetic ametlik maaletooja ja edasim\u00fc\u00fcja Eestis, Soomes, L\u00e4tis. Aparaadikosmeetika, koolitused, kosmeetikatooted.\",\"potentialAction\":[{\"@type\":\"SearchAction\",\"target\":{\"@type\":\"EntryPoint\",\"urlTemplate\":\"https:\/\/beautyinstitute.ee\/?s={search_term_string}\"},\"query-input\":{\"@type\":\"PropertyValueSpecification\",\"valueRequired\":true,\"valueName\":\"search_term_string\"}}],\"inLanguage\":\"ru-RU\"}]}<\/script>\n<!-- \/ Yoast SEO plugin. -->","yoast_head_json":{"title":"Aesthetic World Hyaluron Forte Seerum, 15 Ml - Beauty Institute","robots":{"index":"index","follow":"follow","max-snippet":"max-snippet:-1","max-image-preview":"max-image-preview:large","max-video-preview":"max-video-preview:-1"},"canonical":"https:\/\/beautyinstitute.ee\/toode\/aesthetic-world-hyaluron-forte-seerum-15-ml\/","og_locale":"ru_RU","og_type":"article","og_title":"Aesthetic World Hyaluron Forte Seerum, 15 Ml - Beauty Institute","og_description":"Ilumaailma hitt noorusliku naha jaoks! Koge h\u00fcaluroonhappe erakordset j\u00f5udu, mis on hetkel ilumaailmas t\u00f5eline hitt ning p\u00f5hjusega! H\u00fcaluroonhape on \u00fcks t\u00f5husamaid nahahoolduse toimeaineid, mis suudab siduda tohutul hulgal vett, pakkudes nahale s\u00fcgavat ja pikaajalist niisutust. See mitte ainult ei t\u00e4ida kortse ja peeneid jooni, vaid taastab ka naha elastsuse ja pringi tekstuuri, muutes selle s\u00e4ravaks [&hellip;]","og_url":"https:\/\/beautyinstitute.ee\/toode\/aesthetic-world-hyaluron-forte-seerum-15-ml\/","og_site_name":"Beauty Institute","article_modified_time":"2026-04-02T10:08:10+00:00","og_image":[{"width":1026,"height":2560,"url":"https:\/\/beautyinstitute.ee\/wp-content\/uploads\/2025\/10\/hyal-forte-joul-scaled.jpeg","type":"image\/jpeg"}],"twitter_card":"summary_large_image","twitter_site":"@Beauty_Eesti","twitter_misc":{"\u041f\u0440\u0438\u043c\u0435\u0440\u043d\u043e\u0435 \u0432\u0440\u0435\u043c\u044f \u0434\u043b\u044f \u0447\u0442\u0435\u043d\u0438\u044f":"1 \u043c\u0438\u043d\u0443\u0442\u0430"},"schema":{"@context":"https:\/\/schema.org","@graph":[{"@type":"WebPage","@id":"https:\/\/beautyinstitute.ee\/toode\/aesthetic-world-hyaluron-forte-seerum-15-ml\/","url":"https:\/\/beautyinstitute.ee\/toode\/aesthetic-world-hyaluron-forte-seerum-15-ml\/","name":"Aesthetic World Hyaluron Forte Seerum, 15 Ml - Beauty Institute","isPartOf":{"@id":"https:\/\/beautyinstitute.ee\/#website"},"primaryImageOfPage":{"@id":"https:\/\/beautyinstitute.ee\/toode\/aesthetic-world-hyaluron-forte-seerum-15-ml\/#primaryimage"},"image":{"@id":"https:\/\/beautyinstitute.ee\/toode\/aesthetic-world-hyaluron-forte-seerum-15-ml\/#primaryimage"},"thumbnailUrl":"https:\/\/beautyinstitute.ee\/wp-content\/uploads\/2025\/10\/hyal-forte-joul-scaled.jpeg","datePublished":"2025-10-14T09:30:06+00:00","dateModified":"2026-04-02T10:08:10+00:00","breadcrumb":{"@id":"https:\/\/beautyinstitute.ee\/toode\/aesthetic-world-hyaluron-forte-seerum-15-ml\/#breadcrumb"},"inLanguage":"ru-RU","potentialAction":[{"@type":"ReadAction","target":["https:\/\/beautyinstitute.ee\/toode\/aesthetic-world-hyaluron-forte-seerum-15-ml\/"]}]},{"@type":"ImageObject","inLanguage":"ru-RU","@id":"https:\/\/beautyinstitute.ee\/toode\/aesthetic-world-hyaluron-forte-seerum-15-ml\/#primaryimage","url":"https:\/\/beautyinstitute.ee\/wp-content\/uploads\/2025\/10\/hyal-forte-joul-scaled.jpeg","contentUrl":"https:\/\/beautyinstitute.ee\/wp-content\/uploads\/2025\/10\/hyal-forte-joul-scaled.jpeg","width":1026,"height":2560},{"@type":"BreadcrumbList","@id":"https:\/\/beautyinstitute.ee\/toode\/aesthetic-world-hyaluron-forte-seerum-15-ml\/#breadcrumb","itemListElement":[{"@type":"ListItem","position":1,"name":"Home","item":"https:\/\/beautyinstitute.ee\/ru\/"},{"@type":"ListItem","position":2,"name":"E-pood","item":"https:\/\/beautyinstitute.ee\/e-pood\/"},{"@type":"ListItem","position":3,"name":"Aesthetic World Hyaluron Forte Seerum, 15 Ml"}]},{"@type":"WebSite","@id":"https:\/\/beautyinstitute.ee\/#website","url":"https:\/\/beautyinstitute.ee\/","name":"Beauty Institute","description":"CNC Cosmetic ametlik maaletooja ja edasim\u00fc\u00fcja Eestis, Soomes, L\u00e4tis. Aparaadikosmeetika, koolitused, kosmeetikatooted.","potentialAction":[{"@type":"SearchAction","target":{"@type":"EntryPoint","urlTemplate":"https:\/\/beautyinstitute.ee\/?s={search_term_string}"},"query-input":{"@type":"PropertyValueSpecification","valueRequired":true,"valueName":"search_term_string"}}],"inLanguage":"ru-RU"}]}},"_links":{"self":[{"href":"https:\/\/beautyinstitute.ee\/ru\/wp-json\/wp\/v2\/product\/35594","targetHints":{"allow":["GET"]}}],"collection":[{"href":"https:\/\/beautyinstitute.ee\/ru\/wp-json\/wp\/v2\/product"}],"about":[{"href":"https:\/\/beautyinstitute.ee\/ru\/wp-json\/wp\/v2\/types\/product"}],"wp:featuredmedia":[{"embeddable":true,"href":"https:\/\/beautyinstitute.ee\/ru\/wp-json\/wp\/v2\/media\/35595"}],"wp:attachment":[{"href":"https:\/\/beautyinstitute.ee\/ru\/wp-json\/wp\/v2\/media?parent=35594"}],"wp:term":[{"taxonomy":"product_cat","embeddable":true,"href":"https:\/\/beautyinstitute.ee\/ru\/wp-json\/wp\/v2\/product_cat?post=35594"},{"taxonomy":"product_tag","embeddable":true,"href":"https:\/\/beautyinstitute.ee\/ru\/wp-json\/wp\/v2\/product_tag?post=35594"}],"curies":[{"name":"wp","href":"https:\/\/api.w.org\/{rel}","templated":true}]}}