{"id":35626,"date":"2025-10-14T21:37:29","date_gmt":"2025-10-14T18:37:29","guid":{"rendered":"https:\/\/beautyinstitute.ee\/?post_type=product&#038;p=35626"},"modified":"2026-04-14T12:18:04","modified_gmt":"2026-04-14T09:18:04","slug":"ampullid-hyaluron-hy10-1-pakk-10-x-2-ml","status":"publish","type":"product","link":"https:\/\/beautyinstitute.ee\/ru\/toode\/ampullid-hyaluron-hy10-1-pakk-10-x-2-ml\/","title":{"rendered":"Ampullid Hyaluron Hy10, 1 Pakk = 10 \u00d7 2 Ml"},"content":{"rendered":"<p>Kontsentreeritud h\u00fcaluroonij\u00f5ud naha elastsuse ja s\u00e4ra heaks!<br \/>\nK\u00f5rgkvaliteetne ja teaduslikult v\u00e4ljat\u00f6\u00f6tatud Hyaluron Hy10 \u00fchendab endas innovatiivse <strong>10-komponentse h\u00fcaluroonhappe<\/strong> kompleksi, mis niisutab intensiivselt iga nahat\u00fc\u00fcpi. Eriti l\u00fchikese ahelaga h\u00fcaluroonhapped tungivad s\u00fcgavamale epidermisesse, pakkudes nahale intensiivset niisutust ja aidates t\u00e4ita kortsukesi. Kasutamisel muutub nahk \u00fchtlasemaks, elastsemaks ja s\u00e4ravamaks.<br \/>\nKomplekti kuulub ka praktiline ampulliavaja, mis tagab lihtsa ja turvalise kasutamise.<\/p>\n","protected":false},"excerpt":{"rendered":"<p>Kontsentreeritud h\u00fcaluroonij\u00f5ud naha elastsuse ja s\u00e4ra heaks! K\u00f5rgkvaliteetne ja teaduslikult v\u00e4ljat\u00f6\u00f6tatud Hyaluron Hy10 \u00fchendab endas innovatiivse 10-komponentse h\u00fcaluroonhappe kompleksi, mis niisutab intensiivselt iga nahat\u00fc\u00fcpi. Eriti l\u00fchikese ahelaga h\u00fcaluroonhapped tungivad s\u00fcgavamale epidermisesse, pakkudes nahale intensiivset niisutust ja aidates t\u00e4ita kortsukesi. Kasutamisel muutub nahk \u00fchtlasemaks, elastsemaks ja s\u00e4ravamaks. Komplekti kuulub ka praktiline ampulliavaja, mis tagab lihtsa ja [&hellip;]<\/p>\n","protected":false},"featured_media":35633,"template":"","meta":{"_acf_changed":false},"product_cat":[291,150],"product_tag":[],"class_list":["post-35626","product","type-product","status-publish","has-post-thumbnail","hentry","product_cat-baehr-cosmetic","product_cat-ampullikontsentraadid"],"acf":[],"yoast_head":"<!-- This site is optimized with the Yoast SEO plugin v25.4 - https:\/\/yoast.com\/wordpress\/plugins\/seo\/ -->\n<title>Ampullid Hyaluron Hy10, 1 Pakk = 10 \u00d7 2 Ml - Beauty Institute<\/title>\n<meta name=\"robots\" content=\"index, follow, max-snippet:-1, max-image-preview:large, max-video-preview:-1\" \/>\n<link rel=\"canonical\" href=\"https:\/\/beautyinstitute.ee\/toode\/ampullid-hyaluron-hy10-1-pakk-10-x-2-ml\/\" \/>\n<meta property=\"og:locale\" content=\"ru_RU\" \/>\n<meta property=\"og:type\" content=\"article\" \/>\n<meta property=\"og:title\" content=\"Ampullid Hyaluron Hy10, 1 Pakk = 10 \u00d7 2 Ml - Beauty Institute\" \/>\n<meta property=\"og:description\" content=\"Kontsentreeritud h\u00fcaluroonij\u00f5ud naha elastsuse ja s\u00e4ra heaks! K\u00f5rgkvaliteetne ja teaduslikult v\u00e4ljat\u00f6\u00f6tatud Hyaluron Hy10 \u00fchendab endas innovatiivse 10-komponentse h\u00fcaluroonhappe kompleksi, mis niisutab intensiivselt iga nahat\u00fc\u00fcpi. Eriti l\u00fchikese ahelaga h\u00fcaluroonhapped tungivad s\u00fcgavamale epidermisesse, pakkudes nahale intensiivset niisutust ja aidates t\u00e4ita kortsukesi. Kasutamisel muutub nahk \u00fchtlasemaks, elastsemaks ja s\u00e4ravamaks. Komplekti kuulub ka praktiline ampulliavaja, mis tagab lihtsa ja [&hellip;]\" \/>\n<meta property=\"og:url\" content=\"https:\/\/beautyinstitute.ee\/toode\/ampullid-hyaluron-hy10-1-pakk-10-x-2-ml\/\" \/>\n<meta property=\"og:site_name\" content=\"Beauty Institute\" \/>\n<meta property=\"article:modified_time\" content=\"2026-04-14T09:18:04+00:00\" \/>\n<meta property=\"og:image\" content=\"https:\/\/beautyinstitute.ee\/wp-content\/uploads\/2025\/10\/hyal10-pakk-avatud-amp.webp\" \/>\n\t<meta property=\"og:image:width\" content=\"1920\" \/>\n\t<meta property=\"og:image:height\" content=\"1920\" \/>\n\t<meta property=\"og:image:type\" content=\"image\/webp\" \/>\n<meta name=\"twitter:card\" content=\"summary_large_image\" \/>\n<meta name=\"twitter:site\" content=\"@Beauty_Eesti\" \/>\n<meta name=\"twitter:label1\" content=\"\u041f\u0440\u0438\u043c\u0435\u0440\u043d\u043e\u0435 \u0432\u0440\u0435\u043c\u044f \u0434\u043b\u044f \u0447\u0442\u0435\u043d\u0438\u044f\" \/>\n\t<meta name=\"twitter:data1\" content=\"1 \u043c\u0438\u043d\u0443\u0442\u0430\" \/>\n<script type=\"application\/ld+json\" class=\"yoast-schema-graph\">{\"@context\":\"https:\/\/schema.org\",\"@graph\":[{\"@type\":\"WebPage\",\"@id\":\"https:\/\/beautyinstitute.ee\/toode\/ampullid-hyaluron-hy10-1-pakk-10-x-2-ml\/\",\"url\":\"https:\/\/beautyinstitute.ee\/toode\/ampullid-hyaluron-hy10-1-pakk-10-x-2-ml\/\",\"name\":\"Ampullid Hyaluron Hy10, 1 Pakk = 10 \u00d7 2 Ml - Beauty Institute\",\"isPartOf\":{\"@id\":\"https:\/\/beautyinstitute.ee\/#website\"},\"primaryImageOfPage\":{\"@id\":\"https:\/\/beautyinstitute.ee\/toode\/ampullid-hyaluron-hy10-1-pakk-10-x-2-ml\/#primaryimage\"},\"image\":{\"@id\":\"https:\/\/beautyinstitute.ee\/toode\/ampullid-hyaluron-hy10-1-pakk-10-x-2-ml\/#primaryimage\"},\"thumbnailUrl\":\"https:\/\/beautyinstitute.ee\/wp-content\/uploads\/2025\/10\/hyal10-pakk-avatud-amp.webp\",\"datePublished\":\"2025-10-14T18:37:29+00:00\",\"dateModified\":\"2026-04-14T09:18:04+00:00\",\"breadcrumb\":{\"@id\":\"https:\/\/beautyinstitute.ee\/toode\/ampullid-hyaluron-hy10-1-pakk-10-x-2-ml\/#breadcrumb\"},\"inLanguage\":\"ru-RU\",\"potentialAction\":[{\"@type\":\"ReadAction\",\"target\":[\"https:\/\/beautyinstitute.ee\/toode\/ampullid-hyaluron-hy10-1-pakk-10-x-2-ml\/\"]}]},{\"@type\":\"ImageObject\",\"inLanguage\":\"ru-RU\",\"@id\":\"https:\/\/beautyinstitute.ee\/toode\/ampullid-hyaluron-hy10-1-pakk-10-x-2-ml\/#primaryimage\",\"url\":\"https:\/\/beautyinstitute.ee\/wp-content\/uploads\/2025\/10\/hyal10-pakk-avatud-amp.webp\",\"contentUrl\":\"https:\/\/beautyinstitute.ee\/wp-content\/uploads\/2025\/10\/hyal10-pakk-avatud-amp.webp\",\"width\":1920,\"height\":1920},{\"@type\":\"BreadcrumbList\",\"@id\":\"https:\/\/beautyinstitute.ee\/toode\/ampullid-hyaluron-hy10-1-pakk-10-x-2-ml\/#breadcrumb\",\"itemListElement\":[{\"@type\":\"ListItem\",\"position\":1,\"name\":\"Home\",\"item\":\"https:\/\/beautyinstitute.ee\/ru\/\"},{\"@type\":\"ListItem\",\"position\":2,\"name\":\"E-pood\",\"item\":\"https:\/\/beautyinstitute.ee\/e-pood\/\"},{\"@type\":\"ListItem\",\"position\":3,\"name\":\"Ampullid Hyaluron Hy10, 1 Pakk = 10 \u00d7 2 Ml\"}]},{\"@type\":\"WebSite\",\"@id\":\"https:\/\/beautyinstitute.ee\/#website\",\"url\":\"https:\/\/beautyinstitute.ee\/\",\"name\":\"Beauty Institute\",\"description\":\"CNC Cosmetic ametlik maaletooja ja edasim\u00fc\u00fcja Eestis, Soomes, L\u00e4tis. Aparaadikosmeetika, koolitused, kosmeetikatooted.\",\"potentialAction\":[{\"@type\":\"SearchAction\",\"target\":{\"@type\":\"EntryPoint\",\"urlTemplate\":\"https:\/\/beautyinstitute.ee\/?s={search_term_string}\"},\"query-input\":{\"@type\":\"PropertyValueSpecification\",\"valueRequired\":true,\"valueName\":\"search_term_string\"}}],\"inLanguage\":\"ru-RU\"}]}<\/script>\n<!-- \/ Yoast SEO plugin. -->","yoast_head_json":{"title":"Ampullid Hyaluron Hy10, 1 Pakk = 10 \u00d7 2 Ml - Beauty Institute","robots":{"index":"index","follow":"follow","max-snippet":"max-snippet:-1","max-image-preview":"max-image-preview:large","max-video-preview":"max-video-preview:-1"},"canonical":"https:\/\/beautyinstitute.ee\/toode\/ampullid-hyaluron-hy10-1-pakk-10-x-2-ml\/","og_locale":"ru_RU","og_type":"article","og_title":"Ampullid Hyaluron Hy10, 1 Pakk = 10 \u00d7 2 Ml - Beauty Institute","og_description":"Kontsentreeritud h\u00fcaluroonij\u00f5ud naha elastsuse ja s\u00e4ra heaks! K\u00f5rgkvaliteetne ja teaduslikult v\u00e4ljat\u00f6\u00f6tatud Hyaluron Hy10 \u00fchendab endas innovatiivse 10-komponentse h\u00fcaluroonhappe kompleksi, mis niisutab intensiivselt iga nahat\u00fc\u00fcpi. Eriti l\u00fchikese ahelaga h\u00fcaluroonhapped tungivad s\u00fcgavamale epidermisesse, pakkudes nahale intensiivset niisutust ja aidates t\u00e4ita kortsukesi. Kasutamisel muutub nahk \u00fchtlasemaks, elastsemaks ja s\u00e4ravamaks. Komplekti kuulub ka praktiline ampulliavaja, mis tagab lihtsa ja [&hellip;]","og_url":"https:\/\/beautyinstitute.ee\/toode\/ampullid-hyaluron-hy10-1-pakk-10-x-2-ml\/","og_site_name":"Beauty Institute","article_modified_time":"2026-04-14T09:18:04+00:00","og_image":[{"width":1920,"height":1920,"url":"https:\/\/beautyinstitute.ee\/wp-content\/uploads\/2025\/10\/hyal10-pakk-avatud-amp.webp","type":"image\/webp"}],"twitter_card":"summary_large_image","twitter_site":"@Beauty_Eesti","twitter_misc":{"\u041f\u0440\u0438\u043c\u0435\u0440\u043d\u043e\u0435 \u0432\u0440\u0435\u043c\u044f \u0434\u043b\u044f \u0447\u0442\u0435\u043d\u0438\u044f":"1 \u043c\u0438\u043d\u0443\u0442\u0430"},"schema":{"@context":"https:\/\/schema.org","@graph":[{"@type":"WebPage","@id":"https:\/\/beautyinstitute.ee\/toode\/ampullid-hyaluron-hy10-1-pakk-10-x-2-ml\/","url":"https:\/\/beautyinstitute.ee\/toode\/ampullid-hyaluron-hy10-1-pakk-10-x-2-ml\/","name":"Ampullid Hyaluron Hy10, 1 Pakk = 10 \u00d7 2 Ml - Beauty Institute","isPartOf":{"@id":"https:\/\/beautyinstitute.ee\/#website"},"primaryImageOfPage":{"@id":"https:\/\/beautyinstitute.ee\/toode\/ampullid-hyaluron-hy10-1-pakk-10-x-2-ml\/#primaryimage"},"image":{"@id":"https:\/\/beautyinstitute.ee\/toode\/ampullid-hyaluron-hy10-1-pakk-10-x-2-ml\/#primaryimage"},"thumbnailUrl":"https:\/\/beautyinstitute.ee\/wp-content\/uploads\/2025\/10\/hyal10-pakk-avatud-amp.webp","datePublished":"2025-10-14T18:37:29+00:00","dateModified":"2026-04-14T09:18:04+00:00","breadcrumb":{"@id":"https:\/\/beautyinstitute.ee\/toode\/ampullid-hyaluron-hy10-1-pakk-10-x-2-ml\/#breadcrumb"},"inLanguage":"ru-RU","potentialAction":[{"@type":"ReadAction","target":["https:\/\/beautyinstitute.ee\/toode\/ampullid-hyaluron-hy10-1-pakk-10-x-2-ml\/"]}]},{"@type":"ImageObject","inLanguage":"ru-RU","@id":"https:\/\/beautyinstitute.ee\/toode\/ampullid-hyaluron-hy10-1-pakk-10-x-2-ml\/#primaryimage","url":"https:\/\/beautyinstitute.ee\/wp-content\/uploads\/2025\/10\/hyal10-pakk-avatud-amp.webp","contentUrl":"https:\/\/beautyinstitute.ee\/wp-content\/uploads\/2025\/10\/hyal10-pakk-avatud-amp.webp","width":1920,"height":1920},{"@type":"BreadcrumbList","@id":"https:\/\/beautyinstitute.ee\/toode\/ampullid-hyaluron-hy10-1-pakk-10-x-2-ml\/#breadcrumb","itemListElement":[{"@type":"ListItem","position":1,"name":"Home","item":"https:\/\/beautyinstitute.ee\/ru\/"},{"@type":"ListItem","position":2,"name":"E-pood","item":"https:\/\/beautyinstitute.ee\/e-pood\/"},{"@type":"ListItem","position":3,"name":"Ampullid Hyaluron Hy10, 1 Pakk = 10 \u00d7 2 Ml"}]},{"@type":"WebSite","@id":"https:\/\/beautyinstitute.ee\/#website","url":"https:\/\/beautyinstitute.ee\/","name":"Beauty Institute","description":"CNC Cosmetic ametlik maaletooja ja edasim\u00fc\u00fcja Eestis, Soomes, L\u00e4tis. Aparaadikosmeetika, koolitused, kosmeetikatooted.","potentialAction":[{"@type":"SearchAction","target":{"@type":"EntryPoint","urlTemplate":"https:\/\/beautyinstitute.ee\/?s={search_term_string}"},"query-input":{"@type":"PropertyValueSpecification","valueRequired":true,"valueName":"search_term_string"}}],"inLanguage":"ru-RU"}]}},"_links":{"self":[{"href":"https:\/\/beautyinstitute.ee\/ru\/wp-json\/wp\/v2\/product\/35626","targetHints":{"allow":["GET"]}}],"collection":[{"href":"https:\/\/beautyinstitute.ee\/ru\/wp-json\/wp\/v2\/product"}],"about":[{"href":"https:\/\/beautyinstitute.ee\/ru\/wp-json\/wp\/v2\/types\/product"}],"wp:featuredmedia":[{"embeddable":true,"href":"https:\/\/beautyinstitute.ee\/ru\/wp-json\/wp\/v2\/media\/35633"}],"wp:attachment":[{"href":"https:\/\/beautyinstitute.ee\/ru\/wp-json\/wp\/v2\/media?parent=35626"}],"wp:term":[{"taxonomy":"product_cat","embeddable":true,"href":"https:\/\/beautyinstitute.ee\/ru\/wp-json\/wp\/v2\/product_cat?post=35626"},{"taxonomy":"product_tag","embeddable":true,"href":"https:\/\/beautyinstitute.ee\/ru\/wp-json\/wp\/v2\/product_tag?post=35626"}],"curies":[{"name":"wp","href":"https:\/\/api.w.org\/{rel}","templated":true}]}}