{"id":35659,"date":"2025-10-15T12:18:12","date_gmt":"2025-10-15T09:18:12","guid":{"rendered":"https:\/\/beautyinstitute.ee\/?post_type=product&#038;p=35659"},"modified":"2026-04-13T12:44:13","modified_gmt":"2026-04-13T09:44:13","slug":"lohenenud-kandade-kreemvaht-35-ml","status":"publish","type":"product","link":"https:\/\/beautyinstitute.ee\/ru\/toode\/lohenenud-kandade-kreemvaht-35-ml\/","title":{"rendered":"L\u00f5henenud Kandade Kreemvaht, 35 Ml"},"content":{"rendered":"<p><strong>T\u00f5hus hooldus kuivadele ja l\u00f5henenud jalgadele!<\/strong><br \/>\nKreemvaht \u201cSchrunden PLUS\u201d taastab naha elastsust ja annab kergendust v\u00e4sinud jalataldadele. Sheav\u00f5i ja jojoba\u00f5li niisutavad<br \/>\ns\u00fcgavuti ning muudavad naha pehmeks. Keramiidid, uurea ja pantenool toetavad naha loomulikku kaitsebarj\u00e4\u00e4ri ja kiirendavad taastumist, allantoiin aga rahustab \u00e4rritunud nahka. Vahul on kerge tekstuur, see imendub kiiresti ega j\u00e4ta nahale rasvast kihti.<br \/>\nDermatoloogiliselt testitud ja sobib ka diabeetikutele.<\/p>\n","protected":false},"excerpt":{"rendered":"<p>T\u00f5hus hooldus kuivadele ja l\u00f5henenud jalgadele! Kreemvaht \u201cSchrunden PLUS\u201d taastab naha elastsust ja annab kergendust v\u00e4sinud jalataldadele. Sheav\u00f5i ja jojoba\u00f5li niisutavad s\u00fcgavuti ning muudavad naha pehmeks. Keramiidid, uurea ja pantenool toetavad naha loomulikku kaitsebarj\u00e4\u00e4ri ja kiirendavad taastumist, allantoiin aga rahustab \u00e4rritunud nahka. Vahul on kerge tekstuur, see imendub kiiresti ega j\u00e4ta nahale rasvast kihti. Dermatoloogiliselt [&hellip;]<\/p>\n","protected":false},"featured_media":35661,"template":"","meta":{"_acf_changed":false},"product_cat":[291,255,133],"product_tag":[],"class_list":["post-35659","product","type-product","status-publish","has-post-thumbnail","hentry","product_cat-baehr-cosmetic","product_cat-jalahooldustooted","product_cat-jalavahud"],"acf":[],"yoast_head":"<!-- This site is optimized with the Yoast SEO plugin v25.4 - https:\/\/yoast.com\/wordpress\/plugins\/seo\/ -->\n<title>L\u00f5henenud Kandade Kreemvaht, 35 Ml - Beauty Institute<\/title>\n<meta name=\"robots\" content=\"index, follow, max-snippet:-1, max-image-preview:large, max-video-preview:-1\" \/>\n<link rel=\"canonical\" href=\"https:\/\/beautyinstitute.ee\/toode\/lohenenud-kandade-kreemvaht-35-ml\/\" \/>\n<meta property=\"og:locale\" content=\"ru_RU\" \/>\n<meta property=\"og:type\" content=\"article\" \/>\n<meta property=\"og:title\" content=\"L\u00f5henenud Kandade Kreemvaht, 35 Ml - Beauty Institute\" \/>\n<meta property=\"og:description\" content=\"T\u00f5hus hooldus kuivadele ja l\u00f5henenud jalgadele! Kreemvaht \u201cSchrunden PLUS\u201d taastab naha elastsust ja annab kergendust v\u00e4sinud jalataldadele. Sheav\u00f5i ja jojoba\u00f5li niisutavad s\u00fcgavuti ning muudavad naha pehmeks. Keramiidid, uurea ja pantenool toetavad naha loomulikku kaitsebarj\u00e4\u00e4ri ja kiirendavad taastumist, allantoiin aga rahustab \u00e4rritunud nahka. Vahul on kerge tekstuur, see imendub kiiresti ega j\u00e4ta nahale rasvast kihti. Dermatoloogiliselt [&hellip;]\" \/>\n<meta property=\"og:url\" content=\"https:\/\/beautyinstitute.ee\/toode\/lohenenud-kandade-kreemvaht-35-ml\/\" \/>\n<meta property=\"og:site_name\" content=\"Beauty Institute\" \/>\n<meta property=\"article:modified_time\" content=\"2026-04-13T09:44:13+00:00\" \/>\n<meta property=\"og:image\" content=\"https:\/\/beautyinstitute.ee\/wp-content\/uploads\/2025\/10\/kreemvaht-jalgadele.webp\" \/>\n\t<meta property=\"og:image:width\" content=\"1920\" \/>\n\t<meta property=\"og:image:height\" content=\"1920\" \/>\n\t<meta property=\"og:image:type\" content=\"image\/webp\" \/>\n<meta name=\"twitter:card\" content=\"summary_large_image\" \/>\n<meta name=\"twitter:site\" content=\"@Beauty_Eesti\" \/>\n<meta name=\"twitter:label1\" content=\"\u041f\u0440\u0438\u043c\u0435\u0440\u043d\u043e\u0435 \u0432\u0440\u0435\u043c\u044f \u0434\u043b\u044f \u0447\u0442\u0435\u043d\u0438\u044f\" \/>\n\t<meta name=\"twitter:data1\" content=\"1 \u043c\u0438\u043d\u0443\u0442\u0430\" \/>\n<script type=\"application\/ld+json\" class=\"yoast-schema-graph\">{\"@context\":\"https:\/\/schema.org\",\"@graph\":[{\"@type\":\"WebPage\",\"@id\":\"https:\/\/beautyinstitute.ee\/toode\/lohenenud-kandade-kreemvaht-35-ml\/\",\"url\":\"https:\/\/beautyinstitute.ee\/toode\/lohenenud-kandade-kreemvaht-35-ml\/\",\"name\":\"L\u00f5henenud Kandade Kreemvaht, 35 Ml - Beauty Institute\",\"isPartOf\":{\"@id\":\"https:\/\/beautyinstitute.ee\/#website\"},\"primaryImageOfPage\":{\"@id\":\"https:\/\/beautyinstitute.ee\/toode\/lohenenud-kandade-kreemvaht-35-ml\/#primaryimage\"},\"image\":{\"@id\":\"https:\/\/beautyinstitute.ee\/toode\/lohenenud-kandade-kreemvaht-35-ml\/#primaryimage\"},\"thumbnailUrl\":\"https:\/\/beautyinstitute.ee\/wp-content\/uploads\/2025\/10\/kreemvaht-jalgadele.webp\",\"datePublished\":\"2025-10-15T09:18:12+00:00\",\"dateModified\":\"2026-04-13T09:44:13+00:00\",\"breadcrumb\":{\"@id\":\"https:\/\/beautyinstitute.ee\/toode\/lohenenud-kandade-kreemvaht-35-ml\/#breadcrumb\"},\"inLanguage\":\"ru-RU\",\"potentialAction\":[{\"@type\":\"ReadAction\",\"target\":[\"https:\/\/beautyinstitute.ee\/toode\/lohenenud-kandade-kreemvaht-35-ml\/\"]}]},{\"@type\":\"ImageObject\",\"inLanguage\":\"ru-RU\",\"@id\":\"https:\/\/beautyinstitute.ee\/toode\/lohenenud-kandade-kreemvaht-35-ml\/#primaryimage\",\"url\":\"https:\/\/beautyinstitute.ee\/wp-content\/uploads\/2025\/10\/kreemvaht-jalgadele.webp\",\"contentUrl\":\"https:\/\/beautyinstitute.ee\/wp-content\/uploads\/2025\/10\/kreemvaht-jalgadele.webp\",\"width\":1920,\"height\":1920},{\"@type\":\"BreadcrumbList\",\"@id\":\"https:\/\/beautyinstitute.ee\/toode\/lohenenud-kandade-kreemvaht-35-ml\/#breadcrumb\",\"itemListElement\":[{\"@type\":\"ListItem\",\"position\":1,\"name\":\"Home\",\"item\":\"https:\/\/beautyinstitute.ee\/ru\/\"},{\"@type\":\"ListItem\",\"position\":2,\"name\":\"E-pood\",\"item\":\"https:\/\/beautyinstitute.ee\/e-pood\/\"},{\"@type\":\"ListItem\",\"position\":3,\"name\":\"L\u00f5henenud Kandade Kreemvaht, 35 Ml\"}]},{\"@type\":\"WebSite\",\"@id\":\"https:\/\/beautyinstitute.ee\/#website\",\"url\":\"https:\/\/beautyinstitute.ee\/\",\"name\":\"Beauty Institute\",\"description\":\"CNC Cosmetic ametlik maaletooja ja edasim\u00fc\u00fcja Eestis, Soomes, L\u00e4tis. Aparaadikosmeetika, koolitused, kosmeetikatooted.\",\"potentialAction\":[{\"@type\":\"SearchAction\",\"target\":{\"@type\":\"EntryPoint\",\"urlTemplate\":\"https:\/\/beautyinstitute.ee\/?s={search_term_string}\"},\"query-input\":{\"@type\":\"PropertyValueSpecification\",\"valueRequired\":true,\"valueName\":\"search_term_string\"}}],\"inLanguage\":\"ru-RU\"}]}<\/script>\n<!-- \/ Yoast SEO plugin. -->","yoast_head_json":{"title":"L\u00f5henenud Kandade Kreemvaht, 35 Ml - Beauty Institute","robots":{"index":"index","follow":"follow","max-snippet":"max-snippet:-1","max-image-preview":"max-image-preview:large","max-video-preview":"max-video-preview:-1"},"canonical":"https:\/\/beautyinstitute.ee\/toode\/lohenenud-kandade-kreemvaht-35-ml\/","og_locale":"ru_RU","og_type":"article","og_title":"L\u00f5henenud Kandade Kreemvaht, 35 Ml - Beauty Institute","og_description":"T\u00f5hus hooldus kuivadele ja l\u00f5henenud jalgadele! Kreemvaht \u201cSchrunden PLUS\u201d taastab naha elastsust ja annab kergendust v\u00e4sinud jalataldadele. Sheav\u00f5i ja jojoba\u00f5li niisutavad s\u00fcgavuti ning muudavad naha pehmeks. Keramiidid, uurea ja pantenool toetavad naha loomulikku kaitsebarj\u00e4\u00e4ri ja kiirendavad taastumist, allantoiin aga rahustab \u00e4rritunud nahka. Vahul on kerge tekstuur, see imendub kiiresti ega j\u00e4ta nahale rasvast kihti. Dermatoloogiliselt [&hellip;]","og_url":"https:\/\/beautyinstitute.ee\/toode\/lohenenud-kandade-kreemvaht-35-ml\/","og_site_name":"Beauty Institute","article_modified_time":"2026-04-13T09:44:13+00:00","og_image":[{"width":1920,"height":1920,"url":"https:\/\/beautyinstitute.ee\/wp-content\/uploads\/2025\/10\/kreemvaht-jalgadele.webp","type":"image\/webp"}],"twitter_card":"summary_large_image","twitter_site":"@Beauty_Eesti","twitter_misc":{"\u041f\u0440\u0438\u043c\u0435\u0440\u043d\u043e\u0435 \u0432\u0440\u0435\u043c\u044f \u0434\u043b\u044f \u0447\u0442\u0435\u043d\u0438\u044f":"1 \u043c\u0438\u043d\u0443\u0442\u0430"},"schema":{"@context":"https:\/\/schema.org","@graph":[{"@type":"WebPage","@id":"https:\/\/beautyinstitute.ee\/toode\/lohenenud-kandade-kreemvaht-35-ml\/","url":"https:\/\/beautyinstitute.ee\/toode\/lohenenud-kandade-kreemvaht-35-ml\/","name":"L\u00f5henenud Kandade Kreemvaht, 35 Ml - Beauty Institute","isPartOf":{"@id":"https:\/\/beautyinstitute.ee\/#website"},"primaryImageOfPage":{"@id":"https:\/\/beautyinstitute.ee\/toode\/lohenenud-kandade-kreemvaht-35-ml\/#primaryimage"},"image":{"@id":"https:\/\/beautyinstitute.ee\/toode\/lohenenud-kandade-kreemvaht-35-ml\/#primaryimage"},"thumbnailUrl":"https:\/\/beautyinstitute.ee\/wp-content\/uploads\/2025\/10\/kreemvaht-jalgadele.webp","datePublished":"2025-10-15T09:18:12+00:00","dateModified":"2026-04-13T09:44:13+00:00","breadcrumb":{"@id":"https:\/\/beautyinstitute.ee\/toode\/lohenenud-kandade-kreemvaht-35-ml\/#breadcrumb"},"inLanguage":"ru-RU","potentialAction":[{"@type":"ReadAction","target":["https:\/\/beautyinstitute.ee\/toode\/lohenenud-kandade-kreemvaht-35-ml\/"]}]},{"@type":"ImageObject","inLanguage":"ru-RU","@id":"https:\/\/beautyinstitute.ee\/toode\/lohenenud-kandade-kreemvaht-35-ml\/#primaryimage","url":"https:\/\/beautyinstitute.ee\/wp-content\/uploads\/2025\/10\/kreemvaht-jalgadele.webp","contentUrl":"https:\/\/beautyinstitute.ee\/wp-content\/uploads\/2025\/10\/kreemvaht-jalgadele.webp","width":1920,"height":1920},{"@type":"BreadcrumbList","@id":"https:\/\/beautyinstitute.ee\/toode\/lohenenud-kandade-kreemvaht-35-ml\/#breadcrumb","itemListElement":[{"@type":"ListItem","position":1,"name":"Home","item":"https:\/\/beautyinstitute.ee\/ru\/"},{"@type":"ListItem","position":2,"name":"E-pood","item":"https:\/\/beautyinstitute.ee\/e-pood\/"},{"@type":"ListItem","position":3,"name":"L\u00f5henenud Kandade Kreemvaht, 35 Ml"}]},{"@type":"WebSite","@id":"https:\/\/beautyinstitute.ee\/#website","url":"https:\/\/beautyinstitute.ee\/","name":"Beauty Institute","description":"CNC Cosmetic ametlik maaletooja ja edasim\u00fc\u00fcja Eestis, Soomes, L\u00e4tis. Aparaadikosmeetika, koolitused, kosmeetikatooted.","potentialAction":[{"@type":"SearchAction","target":{"@type":"EntryPoint","urlTemplate":"https:\/\/beautyinstitute.ee\/?s={search_term_string}"},"query-input":{"@type":"PropertyValueSpecification","valueRequired":true,"valueName":"search_term_string"}}],"inLanguage":"ru-RU"}]}},"_links":{"self":[{"href":"https:\/\/beautyinstitute.ee\/ru\/wp-json\/wp\/v2\/product\/35659","targetHints":{"allow":["GET"]}}],"collection":[{"href":"https:\/\/beautyinstitute.ee\/ru\/wp-json\/wp\/v2\/product"}],"about":[{"href":"https:\/\/beautyinstitute.ee\/ru\/wp-json\/wp\/v2\/types\/product"}],"wp:featuredmedia":[{"embeddable":true,"href":"https:\/\/beautyinstitute.ee\/ru\/wp-json\/wp\/v2\/media\/35661"}],"wp:attachment":[{"href":"https:\/\/beautyinstitute.ee\/ru\/wp-json\/wp\/v2\/media?parent=35659"}],"wp:term":[{"taxonomy":"product_cat","embeddable":true,"href":"https:\/\/beautyinstitute.ee\/ru\/wp-json\/wp\/v2\/product_cat?post=35659"},{"taxonomy":"product_tag","embeddable":true,"href":"https:\/\/beautyinstitute.ee\/ru\/wp-json\/wp\/v2\/product_tag?post=35659"}],"curies":[{"name":"wp","href":"https:\/\/api.w.org\/{rel}","templated":true}]}}