{"id":3589,"date":"2019-04-04T20:30:55","date_gmt":"2019-04-04T17:30:55","guid":{"rendered":"https:\/\/beautyinstitute.ee\/?post_type=product&#038;p=3589"},"modified":"2026-04-27T10:22:13","modified_gmt":"2026-04-27T07:22:13","slug":"ageminus-face-30ml","status":"publish","type":"product","link":"https:\/\/beautyinstitute.ee\/ru\/toode\/ageminus-face-30ml\/","title":{"rendered":"Ageminus Face 100Ml"},"content":{"rendered":"<p><b>Spetsiaalne RF-Lifting seerum taastamist vajavale nahale.<\/b><\/p>\n<p>AgeMinus Face aitab taastada nahka oks\u00fcdatiivsest stressist. Toetab kollagenaazi, koondab kollageenikiud kimpudesse, tugevdab kollageenikiudu, taastab raku membraani. Annab nahale uue hingamise, lisab nahale niiskust ja toitaineid.<\/p>\n<p><strong>Eelised:<\/strong><\/p>\n<ul>\n<li>toetab ravi raadiosagedusega<\/li>\n<li>v\u00e4hendab naha niiskuskadu<\/li>\n<li>kaitseb nahka keskkonnam\u00f5jude eest<\/li>\n<li>stimuleerib naha kollageeni tootmist<\/li>\n<\/ul>\n<p><strong>Sobilik: <\/strong>taastamist vajav nahk.<\/p>\n<p><strong>Toimeained: <\/strong>tsinkgl\u00fctsiin, h\u00fcaluroonhappe kompleks, odraekstrakt, lipiidid, peptiidid.<\/p>\n","protected":false},"excerpt":{"rendered":"<p>Spetsiaalne RF-Lifting seerum taastamist vajavale nahale. AgeMinus Face aitab taastada nahka oks\u00fcdatiivsest stressist. Toetab kollagenaazi, koondab kollageenikiud kimpudesse, tugevdab kollageenikiudu, taastab raku membraani. Annab nahale uue hingamise, lisab nahale niiskust ja toitaineid. Eelised: toetab ravi raadiosagedusega v\u00e4hendab naha niiskuskadu kaitseb nahka keskkonnam\u00f5jude eest stimuleerib naha kollageeni tootmist Sobilik: taastamist vajav nahk. Toimeained: tsinkgl\u00fctsiin, h\u00fcaluroonhappe kompleks, [&hellip;]<\/p>\n","protected":false},"featured_media":12263,"template":"","meta":{"_acf_changed":false},"product_cat":[183],"product_tag":[],"class_list":["post-3589","product","type-product","status-publish","has-post-thumbnail","hentry","product_cat-rf-lifting"],"acf":[],"yoast_head":"<!-- This site is optimized with the Yoast SEO plugin v25.4 - https:\/\/yoast.com\/wordpress\/plugins\/seo\/ -->\n<title>Ageminus Face 100Ml - Beauty Institute<\/title>\n<meta name=\"robots\" content=\"index, follow, max-snippet:-1, max-image-preview:large, max-video-preview:-1\" \/>\n<link rel=\"canonical\" href=\"https:\/\/beautyinstitute.ee\/toode\/ageminus-face-30ml\/\" \/>\n<meta property=\"og:locale\" content=\"ru_RU\" \/>\n<meta property=\"og:type\" content=\"article\" \/>\n<meta property=\"og:title\" content=\"Ageminus Face 100Ml - Beauty Institute\" \/>\n<meta property=\"og:description\" content=\"Spetsiaalne RF-Lifting seerum taastamist vajavale nahale. AgeMinus Face aitab taastada nahka oks\u00fcdatiivsest stressist. Toetab kollagenaazi, koondab kollageenikiud kimpudesse, tugevdab kollageenikiudu, taastab raku membraani. Annab nahale uue hingamise, lisab nahale niiskust ja toitaineid. Eelised: toetab ravi raadiosagedusega v\u00e4hendab naha niiskuskadu kaitseb nahka keskkonnam\u00f5jude eest stimuleerib naha kollageeni tootmist Sobilik: taastamist vajav nahk. Toimeained: tsinkgl\u00fctsiin, h\u00fcaluroonhappe kompleks, [&hellip;]\" \/>\n<meta property=\"og:url\" content=\"https:\/\/beautyinstitute.ee\/toode\/ageminus-face-30ml\/\" \/>\n<meta property=\"og:site_name\" content=\"Beauty Institute\" \/>\n<meta property=\"article:modified_time\" content=\"2026-04-27T07:22:13+00:00\" \/>\n<meta property=\"og:image\" content=\"https:\/\/beautyinstitute.ee\/wp-content\/uploads\/2019\/04\/Age-minus-face-1.jpg\" \/>\n\t<meta property=\"og:image:width\" content=\"2480\" \/>\n\t<meta property=\"og:image:height\" content=\"2405\" \/>\n\t<meta property=\"og:image:type\" content=\"image\/jpeg\" \/>\n<meta name=\"twitter:card\" content=\"summary_large_image\" \/>\n<meta name=\"twitter:site\" content=\"@Beauty_Eesti\" \/>\n<script type=\"application\/ld+json\" class=\"yoast-schema-graph\">{\"@context\":\"https:\/\/schema.org\",\"@graph\":[{\"@type\":\"WebPage\",\"@id\":\"https:\/\/beautyinstitute.ee\/toode\/ageminus-face-30ml\/\",\"url\":\"https:\/\/beautyinstitute.ee\/toode\/ageminus-face-30ml\/\",\"name\":\"Ageminus Face 100Ml - Beauty Institute\",\"isPartOf\":{\"@id\":\"https:\/\/beautyinstitute.ee\/#website\"},\"primaryImageOfPage\":{\"@id\":\"https:\/\/beautyinstitute.ee\/toode\/ageminus-face-30ml\/#primaryimage\"},\"image\":{\"@id\":\"https:\/\/beautyinstitute.ee\/toode\/ageminus-face-30ml\/#primaryimage\"},\"thumbnailUrl\":\"https:\/\/beautyinstitute.ee\/wp-content\/uploads\/2019\/04\/Age-minus-face-1.jpg\",\"datePublished\":\"2019-04-04T17:30:55+00:00\",\"dateModified\":\"2026-04-27T07:22:13+00:00\",\"breadcrumb\":{\"@id\":\"https:\/\/beautyinstitute.ee\/toode\/ageminus-face-30ml\/#breadcrumb\"},\"inLanguage\":\"ru-RU\",\"potentialAction\":[{\"@type\":\"ReadAction\",\"target\":[\"https:\/\/beautyinstitute.ee\/toode\/ageminus-face-30ml\/\"]}]},{\"@type\":\"ImageObject\",\"inLanguage\":\"ru-RU\",\"@id\":\"https:\/\/beautyinstitute.ee\/toode\/ageminus-face-30ml\/#primaryimage\",\"url\":\"https:\/\/beautyinstitute.ee\/wp-content\/uploads\/2019\/04\/Age-minus-face-1.jpg\",\"contentUrl\":\"https:\/\/beautyinstitute.ee\/wp-content\/uploads\/2019\/04\/Age-minus-face-1.jpg\",\"width\":2480,\"height\":2405},{\"@type\":\"BreadcrumbList\",\"@id\":\"https:\/\/beautyinstitute.ee\/toode\/ageminus-face-30ml\/#breadcrumb\",\"itemListElement\":[{\"@type\":\"ListItem\",\"position\":1,\"name\":\"Home\",\"item\":\"https:\/\/beautyinstitute.ee\/ru\/\"},{\"@type\":\"ListItem\",\"position\":2,\"name\":\"E-pood\",\"item\":\"https:\/\/beautyinstitute.ee\/e-pood\/\"},{\"@type\":\"ListItem\",\"position\":3,\"name\":\"Ageminus Face 100Ml\"}]},{\"@type\":\"WebSite\",\"@id\":\"https:\/\/beautyinstitute.ee\/#website\",\"url\":\"https:\/\/beautyinstitute.ee\/\",\"name\":\"Beauty Institute\",\"description\":\"CNC Cosmetic ametlik maaletooja ja edasim\u00fc\u00fcja Eestis, Soomes, L\u00e4tis. Aparaadikosmeetika, koolitused, kosmeetikatooted.\",\"potentialAction\":[{\"@type\":\"SearchAction\",\"target\":{\"@type\":\"EntryPoint\",\"urlTemplate\":\"https:\/\/beautyinstitute.ee\/?s={search_term_string}\"},\"query-input\":{\"@type\":\"PropertyValueSpecification\",\"valueRequired\":true,\"valueName\":\"search_term_string\"}}],\"inLanguage\":\"ru-RU\"}]}<\/script>\n<!-- \/ Yoast SEO plugin. -->","yoast_head_json":{"title":"Ageminus Face 100Ml - Beauty Institute","robots":{"index":"index","follow":"follow","max-snippet":"max-snippet:-1","max-image-preview":"max-image-preview:large","max-video-preview":"max-video-preview:-1"},"canonical":"https:\/\/beautyinstitute.ee\/toode\/ageminus-face-30ml\/","og_locale":"ru_RU","og_type":"article","og_title":"Ageminus Face 100Ml - Beauty Institute","og_description":"Spetsiaalne RF-Lifting seerum taastamist vajavale nahale. AgeMinus Face aitab taastada nahka oks\u00fcdatiivsest stressist. Toetab kollagenaazi, koondab kollageenikiud kimpudesse, tugevdab kollageenikiudu, taastab raku membraani. Annab nahale uue hingamise, lisab nahale niiskust ja toitaineid. Eelised: toetab ravi raadiosagedusega v\u00e4hendab naha niiskuskadu kaitseb nahka keskkonnam\u00f5jude eest stimuleerib naha kollageeni tootmist Sobilik: taastamist vajav nahk. Toimeained: tsinkgl\u00fctsiin, h\u00fcaluroonhappe kompleks, [&hellip;]","og_url":"https:\/\/beautyinstitute.ee\/toode\/ageminus-face-30ml\/","og_site_name":"Beauty Institute","article_modified_time":"2026-04-27T07:22:13+00:00","og_image":[{"width":2480,"height":2405,"url":"https:\/\/beautyinstitute.ee\/wp-content\/uploads\/2019\/04\/Age-minus-face-1.jpg","type":"image\/jpeg"}],"twitter_card":"summary_large_image","twitter_site":"@Beauty_Eesti","schema":{"@context":"https:\/\/schema.org","@graph":[{"@type":"WebPage","@id":"https:\/\/beautyinstitute.ee\/toode\/ageminus-face-30ml\/","url":"https:\/\/beautyinstitute.ee\/toode\/ageminus-face-30ml\/","name":"Ageminus Face 100Ml - Beauty Institute","isPartOf":{"@id":"https:\/\/beautyinstitute.ee\/#website"},"primaryImageOfPage":{"@id":"https:\/\/beautyinstitute.ee\/toode\/ageminus-face-30ml\/#primaryimage"},"image":{"@id":"https:\/\/beautyinstitute.ee\/toode\/ageminus-face-30ml\/#primaryimage"},"thumbnailUrl":"https:\/\/beautyinstitute.ee\/wp-content\/uploads\/2019\/04\/Age-minus-face-1.jpg","datePublished":"2019-04-04T17:30:55+00:00","dateModified":"2026-04-27T07:22:13+00:00","breadcrumb":{"@id":"https:\/\/beautyinstitute.ee\/toode\/ageminus-face-30ml\/#breadcrumb"},"inLanguage":"ru-RU","potentialAction":[{"@type":"ReadAction","target":["https:\/\/beautyinstitute.ee\/toode\/ageminus-face-30ml\/"]}]},{"@type":"ImageObject","inLanguage":"ru-RU","@id":"https:\/\/beautyinstitute.ee\/toode\/ageminus-face-30ml\/#primaryimage","url":"https:\/\/beautyinstitute.ee\/wp-content\/uploads\/2019\/04\/Age-minus-face-1.jpg","contentUrl":"https:\/\/beautyinstitute.ee\/wp-content\/uploads\/2019\/04\/Age-minus-face-1.jpg","width":2480,"height":2405},{"@type":"BreadcrumbList","@id":"https:\/\/beautyinstitute.ee\/toode\/ageminus-face-30ml\/#breadcrumb","itemListElement":[{"@type":"ListItem","position":1,"name":"Home","item":"https:\/\/beautyinstitute.ee\/ru\/"},{"@type":"ListItem","position":2,"name":"E-pood","item":"https:\/\/beautyinstitute.ee\/e-pood\/"},{"@type":"ListItem","position":3,"name":"Ageminus Face 100Ml"}]},{"@type":"WebSite","@id":"https:\/\/beautyinstitute.ee\/#website","url":"https:\/\/beautyinstitute.ee\/","name":"Beauty Institute","description":"CNC Cosmetic ametlik maaletooja ja edasim\u00fc\u00fcja Eestis, Soomes, L\u00e4tis. Aparaadikosmeetika, koolitused, kosmeetikatooted.","potentialAction":[{"@type":"SearchAction","target":{"@type":"EntryPoint","urlTemplate":"https:\/\/beautyinstitute.ee\/?s={search_term_string}"},"query-input":{"@type":"PropertyValueSpecification","valueRequired":true,"valueName":"search_term_string"}}],"inLanguage":"ru-RU"}]}},"_links":{"self":[{"href":"https:\/\/beautyinstitute.ee\/ru\/wp-json\/wp\/v2\/product\/3589","targetHints":{"allow":["GET"]}}],"collection":[{"href":"https:\/\/beautyinstitute.ee\/ru\/wp-json\/wp\/v2\/product"}],"about":[{"href":"https:\/\/beautyinstitute.ee\/ru\/wp-json\/wp\/v2\/types\/product"}],"wp:featuredmedia":[{"embeddable":true,"href":"https:\/\/beautyinstitute.ee\/ru\/wp-json\/wp\/v2\/media\/12263"}],"wp:attachment":[{"href":"https:\/\/beautyinstitute.ee\/ru\/wp-json\/wp\/v2\/media?parent=3589"}],"wp:term":[{"taxonomy":"product_cat","embeddable":true,"href":"https:\/\/beautyinstitute.ee\/ru\/wp-json\/wp\/v2\/product_cat?post=3589"},{"taxonomy":"product_tag","embeddable":true,"href":"https:\/\/beautyinstitute.ee\/ru\/wp-json\/wp\/v2\/product_tag?post=3589"}],"curies":[{"name":"wp","href":"https:\/\/api.w.org\/{rel}","templated":true}]}}