{"id":3592,"date":"2019-04-04T20:37:05","date_gmt":"2019-04-04T17:37:05","guid":{"rendered":"https:\/\/beautyinstitute.ee\/?post_type=product&#038;p=3592"},"modified":"2026-04-21T13:21:17","modified_gmt":"2026-04-21T10:21:17","slug":"ageminus-body-50ml","status":"publish","type":"product","link":"https:\/\/beautyinstitute.ee\/ru\/toode\/ageminus-body-50ml\/","title":{"rendered":"Ageminus Body 150Ml"},"content":{"rendered":"<p><b>Spetsiaalne RF-Lifting serum taastamist vajavale dekolteele, k\u00e4sivartele, l\u00f5tvunud piirkondadele.<\/b><\/p>\n<p><strong>Age Minus Body<\/strong> aitab taastada ja tugevdada naha t\u00fcvirakke ja stimuleerib nende kasvu. Tugevdab ja stabiliseerib naha kaitsebarj\u00e4\u00e4ri ning kaitseb nahka TEWL eest. Stimuleerib kollageeni tootmist ja tugevdab kollageenikiudu. Annab nahale niiskust, tihendab nahka, annab toiteaineid.<\/p>\n<p><strong>Eelised:<\/strong><\/p>\n<ul>\n<li>tugevdab naha kaitsebarj\u00e4\u00e4ri<\/li>\n<li>pinguldab nahka<\/li>\n<li>kaitseb niiskuskadude eest<\/li>\n<\/ul>\n<p><strong>Sobilik:<\/strong> n\u00f5udlikule nahale.<\/p>\n<p><strong>Toimeained: <\/strong>\u00f5una t\u00fcvirakkude ekstrakt, madala molekulmassiga, h\u00fcaluroonhape, pullulaan, naatrium-PCA, peptiidid.<\/p>\n<p>NB! RF- geelid on uues ja suuremas pudelis n\u00fc\u00fcd ( enne 50ml, n\u00fc\u00fcd 150ml).<\/p>\n","protected":false},"excerpt":{"rendered":"<p>Spetsiaalne RF-Lifting serum taastamist vajavale dekolteele, k\u00e4sivartele, l\u00f5tvunud piirkondadele. Age Minus Body aitab taastada ja tugevdada naha t\u00fcvirakke ja stimuleerib nende kasvu. Tugevdab ja stabiliseerib naha kaitsebarj\u00e4\u00e4ri ning kaitseb nahka TEWL eest. Stimuleerib kollageeni tootmist ja tugevdab kollageenikiudu. Annab nahale niiskust, tihendab nahka, annab toiteaineid. Eelised: tugevdab naha kaitsebarj\u00e4\u00e4ri pinguldab nahka kaitseb niiskuskadude eest Sobilik: [&hellip;]<\/p>\n","protected":false},"featured_media":12261,"template":"","meta":{"_acf_changed":false},"product_cat":[183],"product_tag":[],"class_list":["post-3592","product","type-product","status-publish","has-post-thumbnail","hentry","product_cat-rf-lifting"],"acf":[],"yoast_head":"<!-- This site is optimized with the Yoast SEO plugin v25.4 - https:\/\/yoast.com\/wordpress\/plugins\/seo\/ -->\n<title>Ageminus Body 150Ml - Beauty Institute<\/title>\n<meta name=\"robots\" content=\"index, follow, max-snippet:-1, max-image-preview:large, max-video-preview:-1\" \/>\n<link rel=\"canonical\" href=\"https:\/\/beautyinstitute.ee\/toode\/ageminus-body-50ml\/\" \/>\n<meta property=\"og:locale\" content=\"ru_RU\" \/>\n<meta property=\"og:type\" content=\"article\" \/>\n<meta property=\"og:title\" content=\"Ageminus Body 150Ml - Beauty Institute\" \/>\n<meta property=\"og:description\" content=\"Spetsiaalne RF-Lifting serum taastamist vajavale dekolteele, k\u00e4sivartele, l\u00f5tvunud piirkondadele. Age Minus Body aitab taastada ja tugevdada naha t\u00fcvirakke ja stimuleerib nende kasvu. Tugevdab ja stabiliseerib naha kaitsebarj\u00e4\u00e4ri ning kaitseb nahka TEWL eest. Stimuleerib kollageeni tootmist ja tugevdab kollageenikiudu. Annab nahale niiskust, tihendab nahka, annab toiteaineid. Eelised: tugevdab naha kaitsebarj\u00e4\u00e4ri pinguldab nahka kaitseb niiskuskadude eest Sobilik: [&hellip;]\" \/>\n<meta property=\"og:url\" content=\"https:\/\/beautyinstitute.ee\/toode\/ageminus-body-50ml\/\" \/>\n<meta property=\"og:site_name\" content=\"Beauty Institute\" \/>\n<meta property=\"article:modified_time\" content=\"2026-04-21T10:21:17+00:00\" \/>\n<meta property=\"og:image\" content=\"https:\/\/beautyinstitute.ee\/wp-content\/uploads\/2019\/04\/Age-minus-body-1.jpg\" \/>\n\t<meta property=\"og:image:width\" content=\"2480\" \/>\n\t<meta property=\"og:image:height\" content=\"2405\" \/>\n\t<meta property=\"og:image:type\" content=\"image\/jpeg\" \/>\n<meta name=\"twitter:card\" content=\"summary_large_image\" \/>\n<meta name=\"twitter:site\" content=\"@Beauty_Eesti\" \/>\n<script type=\"application\/ld+json\" class=\"yoast-schema-graph\">{\"@context\":\"https:\/\/schema.org\",\"@graph\":[{\"@type\":\"WebPage\",\"@id\":\"https:\/\/beautyinstitute.ee\/toode\/ageminus-body-50ml\/\",\"url\":\"https:\/\/beautyinstitute.ee\/toode\/ageminus-body-50ml\/\",\"name\":\"Ageminus Body 150Ml - Beauty Institute\",\"isPartOf\":{\"@id\":\"https:\/\/beautyinstitute.ee\/#website\"},\"primaryImageOfPage\":{\"@id\":\"https:\/\/beautyinstitute.ee\/toode\/ageminus-body-50ml\/#primaryimage\"},\"image\":{\"@id\":\"https:\/\/beautyinstitute.ee\/toode\/ageminus-body-50ml\/#primaryimage\"},\"thumbnailUrl\":\"https:\/\/beautyinstitute.ee\/wp-content\/uploads\/2019\/04\/Age-minus-body-1.jpg\",\"datePublished\":\"2019-04-04T17:37:05+00:00\",\"dateModified\":\"2026-04-21T10:21:17+00:00\",\"breadcrumb\":{\"@id\":\"https:\/\/beautyinstitute.ee\/toode\/ageminus-body-50ml\/#breadcrumb\"},\"inLanguage\":\"ru-RU\",\"potentialAction\":[{\"@type\":\"ReadAction\",\"target\":[\"https:\/\/beautyinstitute.ee\/toode\/ageminus-body-50ml\/\"]}]},{\"@type\":\"ImageObject\",\"inLanguage\":\"ru-RU\",\"@id\":\"https:\/\/beautyinstitute.ee\/toode\/ageminus-body-50ml\/#primaryimage\",\"url\":\"https:\/\/beautyinstitute.ee\/wp-content\/uploads\/2019\/04\/Age-minus-body-1.jpg\",\"contentUrl\":\"https:\/\/beautyinstitute.ee\/wp-content\/uploads\/2019\/04\/Age-minus-body-1.jpg\",\"width\":2480,\"height\":2405},{\"@type\":\"BreadcrumbList\",\"@id\":\"https:\/\/beautyinstitute.ee\/toode\/ageminus-body-50ml\/#breadcrumb\",\"itemListElement\":[{\"@type\":\"ListItem\",\"position\":1,\"name\":\"Home\",\"item\":\"https:\/\/beautyinstitute.ee\/ru\/\"},{\"@type\":\"ListItem\",\"position\":2,\"name\":\"E-pood\",\"item\":\"https:\/\/beautyinstitute.ee\/e-pood\/\"},{\"@type\":\"ListItem\",\"position\":3,\"name\":\"Ageminus Body 150Ml\"}]},{\"@type\":\"WebSite\",\"@id\":\"https:\/\/beautyinstitute.ee\/#website\",\"url\":\"https:\/\/beautyinstitute.ee\/\",\"name\":\"Beauty Institute\",\"description\":\"CNC Cosmetic ametlik maaletooja ja edasim\u00fc\u00fcja Eestis, Soomes, L\u00e4tis. Aparaadikosmeetika, koolitused, kosmeetikatooted.\",\"potentialAction\":[{\"@type\":\"SearchAction\",\"target\":{\"@type\":\"EntryPoint\",\"urlTemplate\":\"https:\/\/beautyinstitute.ee\/?s={search_term_string}\"},\"query-input\":{\"@type\":\"PropertyValueSpecification\",\"valueRequired\":true,\"valueName\":\"search_term_string\"}}],\"inLanguage\":\"ru-RU\"}]}<\/script>\n<!-- \/ Yoast SEO plugin. -->","yoast_head_json":{"title":"Ageminus Body 150Ml - Beauty Institute","robots":{"index":"index","follow":"follow","max-snippet":"max-snippet:-1","max-image-preview":"max-image-preview:large","max-video-preview":"max-video-preview:-1"},"canonical":"https:\/\/beautyinstitute.ee\/toode\/ageminus-body-50ml\/","og_locale":"ru_RU","og_type":"article","og_title":"Ageminus Body 150Ml - Beauty Institute","og_description":"Spetsiaalne RF-Lifting serum taastamist vajavale dekolteele, k\u00e4sivartele, l\u00f5tvunud piirkondadele. Age Minus Body aitab taastada ja tugevdada naha t\u00fcvirakke ja stimuleerib nende kasvu. Tugevdab ja stabiliseerib naha kaitsebarj\u00e4\u00e4ri ning kaitseb nahka TEWL eest. Stimuleerib kollageeni tootmist ja tugevdab kollageenikiudu. Annab nahale niiskust, tihendab nahka, annab toiteaineid. Eelised: tugevdab naha kaitsebarj\u00e4\u00e4ri pinguldab nahka kaitseb niiskuskadude eest Sobilik: [&hellip;]","og_url":"https:\/\/beautyinstitute.ee\/toode\/ageminus-body-50ml\/","og_site_name":"Beauty Institute","article_modified_time":"2026-04-21T10:21:17+00:00","og_image":[{"width":2480,"height":2405,"url":"https:\/\/beautyinstitute.ee\/wp-content\/uploads\/2019\/04\/Age-minus-body-1.jpg","type":"image\/jpeg"}],"twitter_card":"summary_large_image","twitter_site":"@Beauty_Eesti","schema":{"@context":"https:\/\/schema.org","@graph":[{"@type":"WebPage","@id":"https:\/\/beautyinstitute.ee\/toode\/ageminus-body-50ml\/","url":"https:\/\/beautyinstitute.ee\/toode\/ageminus-body-50ml\/","name":"Ageminus Body 150Ml - Beauty Institute","isPartOf":{"@id":"https:\/\/beautyinstitute.ee\/#website"},"primaryImageOfPage":{"@id":"https:\/\/beautyinstitute.ee\/toode\/ageminus-body-50ml\/#primaryimage"},"image":{"@id":"https:\/\/beautyinstitute.ee\/toode\/ageminus-body-50ml\/#primaryimage"},"thumbnailUrl":"https:\/\/beautyinstitute.ee\/wp-content\/uploads\/2019\/04\/Age-minus-body-1.jpg","datePublished":"2019-04-04T17:37:05+00:00","dateModified":"2026-04-21T10:21:17+00:00","breadcrumb":{"@id":"https:\/\/beautyinstitute.ee\/toode\/ageminus-body-50ml\/#breadcrumb"},"inLanguage":"ru-RU","potentialAction":[{"@type":"ReadAction","target":["https:\/\/beautyinstitute.ee\/toode\/ageminus-body-50ml\/"]}]},{"@type":"ImageObject","inLanguage":"ru-RU","@id":"https:\/\/beautyinstitute.ee\/toode\/ageminus-body-50ml\/#primaryimage","url":"https:\/\/beautyinstitute.ee\/wp-content\/uploads\/2019\/04\/Age-minus-body-1.jpg","contentUrl":"https:\/\/beautyinstitute.ee\/wp-content\/uploads\/2019\/04\/Age-minus-body-1.jpg","width":2480,"height":2405},{"@type":"BreadcrumbList","@id":"https:\/\/beautyinstitute.ee\/toode\/ageminus-body-50ml\/#breadcrumb","itemListElement":[{"@type":"ListItem","position":1,"name":"Home","item":"https:\/\/beautyinstitute.ee\/ru\/"},{"@type":"ListItem","position":2,"name":"E-pood","item":"https:\/\/beautyinstitute.ee\/e-pood\/"},{"@type":"ListItem","position":3,"name":"Ageminus Body 150Ml"}]},{"@type":"WebSite","@id":"https:\/\/beautyinstitute.ee\/#website","url":"https:\/\/beautyinstitute.ee\/","name":"Beauty Institute","description":"CNC Cosmetic ametlik maaletooja ja edasim\u00fc\u00fcja Eestis, Soomes, L\u00e4tis. Aparaadikosmeetika, koolitused, kosmeetikatooted.","potentialAction":[{"@type":"SearchAction","target":{"@type":"EntryPoint","urlTemplate":"https:\/\/beautyinstitute.ee\/?s={search_term_string}"},"query-input":{"@type":"PropertyValueSpecification","valueRequired":true,"valueName":"search_term_string"}}],"inLanguage":"ru-RU"}]}},"_links":{"self":[{"href":"https:\/\/beautyinstitute.ee\/ru\/wp-json\/wp\/v2\/product\/3592","targetHints":{"allow":["GET"]}}],"collection":[{"href":"https:\/\/beautyinstitute.ee\/ru\/wp-json\/wp\/v2\/product"}],"about":[{"href":"https:\/\/beautyinstitute.ee\/ru\/wp-json\/wp\/v2\/types\/product"}],"wp:featuredmedia":[{"embeddable":true,"href":"https:\/\/beautyinstitute.ee\/ru\/wp-json\/wp\/v2\/media\/12261"}],"wp:attachment":[{"href":"https:\/\/beautyinstitute.ee\/ru\/wp-json\/wp\/v2\/media?parent=3592"}],"wp:term":[{"taxonomy":"product_cat","embeddable":true,"href":"https:\/\/beautyinstitute.ee\/ru\/wp-json\/wp\/v2\/product_cat?post=3592"},{"taxonomy":"product_tag","embeddable":true,"href":"https:\/\/beautyinstitute.ee\/ru\/wp-json\/wp\/v2\/product_tag?post=3592"}],"curies":[{"name":"wp","href":"https:\/\/api.w.org\/{rel}","templated":true}]}}