{"id":36025,"date":"2025-11-05T11:08:53","date_gmt":"2025-11-05T09:08:53","guid":{"rendered":"https:\/\/beautyinstitute.ee\/?post_type=product&#038;p=36025"},"modified":"2026-04-27T14:50:55","modified_gmt":"2026-04-27T11:50:55","slug":"luksuslik-gold-rush-komplekt","status":"publish","type":"product","link":"https:\/\/beautyinstitute.ee\/ru\/toode\/luksuslik-gold-rush-komplekt\/","title":{"rendered":"Luksuslik Gold Rush Komplekt"},"content":{"rendered":"<p><strong>\u00d6ine unistuste duo sileda, s\u00e4rava ja elujoulise naha jaoks.<\/strong><\/p>\n<p>Luxus-set&#8217;i kuuluvad GOLD Elixier s e e r u m (30 ml), GOLD Rush kreem (50 ml) ja H o l o &#8211; G l a m k i n k e k o t t<\/p>\n<p><strong>Gold Rush Elixier<\/strong><em>&#8211; <\/em><span style=\"font-size: 17px;\"> Intensivne nooruslikkuse \u00a0booster liposoomse <\/span><span style=\"font-size: 17px;\">\u00a0<\/span><span style=\"font-size: 17px;\">argaania t\u00fcviraku ja h\u00fcaluroonhappega. Kiiresti<\/span><br \/>\n<span style=\"font-size: 17px;\">imenduv \u00a0seerum, mis \u00a0aktiveerib rakkude \u00a0uuenemise ja tugevdab nahka.\u00a0<\/span><\/p>\n<p><strong>GOLD Rush kreem-<\/strong> Rikkalik hooldus argaania\u00f5li, meditsiinilise seene ja taimsete ekstraktidega. Rahustab, toidab \u00a0ja kaitseb nahka, et saaksid \u00e4rgata hommikul v\u00e4rske ja s\u00e4ravana.<\/p>\n<p><em><strong>NB! Komplekte on limiteeritud koguses.<\/strong><\/em><\/p>\n<p>&nbsp;<\/p>\n","protected":false},"excerpt":{"rendered":"<p>\u00d6ine unistuste duo sileda, s\u00e4rava ja elujoulise naha jaoks. Luxus-set&#8217;i kuuluvad GOLD Elixier s e e r u m (30 ml), GOLD Rush kreem (50 ml) ja H o l o &#8211; G l a m k i n k e k o t t Gold Rush Elixier&#8211; Intensivne nooruslikkuse \u00a0booster liposoomse \u00a0argaania t\u00fcviraku ja [&hellip;]<\/p>\n","protected":false},"featured_media":36026,"template":"","meta":{"_acf_changed":false},"product_cat":[323],"product_tag":[],"class_list":["post-36025","product","type-product","status-publish","has-post-thumbnail","hentry","product_cat-jooulud-2025"],"acf":[],"yoast_head":"<!-- This site is optimized with the Yoast SEO plugin v25.4 - https:\/\/yoast.com\/wordpress\/plugins\/seo\/ -->\n<title>Luksuslik Gold Rush Komplekt - Beauty Institute<\/title>\n<meta name=\"robots\" content=\"index, follow, max-snippet:-1, max-image-preview:large, max-video-preview:-1\" \/>\n<link rel=\"canonical\" href=\"https:\/\/beautyinstitute.ee\/toode\/luksuslik-gold-rush-komplekt\/\" \/>\n<meta property=\"og:locale\" content=\"ru_RU\" \/>\n<meta property=\"og:type\" content=\"article\" \/>\n<meta property=\"og:title\" content=\"Luksuslik Gold Rush Komplekt - Beauty Institute\" \/>\n<meta property=\"og:description\" content=\"\u00d6ine unistuste duo sileda, s\u00e4rava ja elujoulise naha jaoks. Luxus-set&#8217;i kuuluvad GOLD Elixier s e e r u m (30 ml), GOLD Rush kreem (50 ml) ja H o l o &#8211; G l a m k i n k e k o t t Gold Rush Elixier&#8211; Intensivne nooruslikkuse \u00a0booster liposoomse \u00a0argaania t\u00fcviraku ja [&hellip;]\" \/>\n<meta property=\"og:url\" content=\"https:\/\/beautyinstitute.ee\/toode\/luksuslik-gold-rush-komplekt\/\" \/>\n<meta property=\"og:site_name\" content=\"Beauty Institute\" \/>\n<meta property=\"article:modified_time\" content=\"2026-04-27T11:50:55+00:00\" \/>\n<meta property=\"og:image\" content=\"https:\/\/beautyinstitute.ee\/wp-content\/uploads\/2025\/11\/rush-eliksiir.jpg\" \/>\n\t<meta property=\"og:image:width\" content=\"1920\" \/>\n\t<meta property=\"og:image:height\" content=\"1920\" \/>\n\t<meta property=\"og:image:type\" content=\"image\/jpeg\" \/>\n<meta name=\"twitter:card\" content=\"summary_large_image\" \/>\n<meta name=\"twitter:site\" content=\"@Beauty_Eesti\" \/>\n<meta name=\"twitter:label1\" content=\"\u041f\u0440\u0438\u043c\u0435\u0440\u043d\u043e\u0435 \u0432\u0440\u0435\u043c\u044f \u0434\u043b\u044f \u0447\u0442\u0435\u043d\u0438\u044f\" \/>\n\t<meta name=\"twitter:data1\" content=\"1 \u043c\u0438\u043d\u0443\u0442\u0430\" \/>\n<script type=\"application\/ld+json\" class=\"yoast-schema-graph\">{\"@context\":\"https:\/\/schema.org\",\"@graph\":[{\"@type\":\"WebPage\",\"@id\":\"https:\/\/beautyinstitute.ee\/toode\/luksuslik-gold-rush-komplekt\/\",\"url\":\"https:\/\/beautyinstitute.ee\/toode\/luksuslik-gold-rush-komplekt\/\",\"name\":\"Luksuslik Gold Rush Komplekt - Beauty Institute\",\"isPartOf\":{\"@id\":\"https:\/\/beautyinstitute.ee\/#website\"},\"primaryImageOfPage\":{\"@id\":\"https:\/\/beautyinstitute.ee\/toode\/luksuslik-gold-rush-komplekt\/#primaryimage\"},\"image\":{\"@id\":\"https:\/\/beautyinstitute.ee\/toode\/luksuslik-gold-rush-komplekt\/#primaryimage\"},\"thumbnailUrl\":\"https:\/\/beautyinstitute.ee\/wp-content\/uploads\/2025\/11\/rush-eliksiir.jpg\",\"datePublished\":\"2025-11-05T09:08:53+00:00\",\"dateModified\":\"2026-04-27T11:50:55+00:00\",\"breadcrumb\":{\"@id\":\"https:\/\/beautyinstitute.ee\/toode\/luksuslik-gold-rush-komplekt\/#breadcrumb\"},\"inLanguage\":\"ru-RU\",\"potentialAction\":[{\"@type\":\"ReadAction\",\"target\":[\"https:\/\/beautyinstitute.ee\/toode\/luksuslik-gold-rush-komplekt\/\"]}]},{\"@type\":\"ImageObject\",\"inLanguage\":\"ru-RU\",\"@id\":\"https:\/\/beautyinstitute.ee\/toode\/luksuslik-gold-rush-komplekt\/#primaryimage\",\"url\":\"https:\/\/beautyinstitute.ee\/wp-content\/uploads\/2025\/11\/rush-eliksiir.jpg\",\"contentUrl\":\"https:\/\/beautyinstitute.ee\/wp-content\/uploads\/2025\/11\/rush-eliksiir.jpg\",\"width\":1920,\"height\":1920},{\"@type\":\"BreadcrumbList\",\"@id\":\"https:\/\/beautyinstitute.ee\/toode\/luksuslik-gold-rush-komplekt\/#breadcrumb\",\"itemListElement\":[{\"@type\":\"ListItem\",\"position\":1,\"name\":\"Home\",\"item\":\"https:\/\/beautyinstitute.ee\/ru\/\"},{\"@type\":\"ListItem\",\"position\":2,\"name\":\"E-pood\",\"item\":\"https:\/\/beautyinstitute.ee\/e-pood\/\"},{\"@type\":\"ListItem\",\"position\":3,\"name\":\"Luksuslik Gold Rush Komplekt\"}]},{\"@type\":\"WebSite\",\"@id\":\"https:\/\/beautyinstitute.ee\/#website\",\"url\":\"https:\/\/beautyinstitute.ee\/\",\"name\":\"Beauty Institute\",\"description\":\"CNC Cosmetic ametlik maaletooja ja edasim\u00fc\u00fcja Eestis, Soomes, L\u00e4tis. Aparaadikosmeetika, koolitused, kosmeetikatooted.\",\"potentialAction\":[{\"@type\":\"SearchAction\",\"target\":{\"@type\":\"EntryPoint\",\"urlTemplate\":\"https:\/\/beautyinstitute.ee\/?s={search_term_string}\"},\"query-input\":{\"@type\":\"PropertyValueSpecification\",\"valueRequired\":true,\"valueName\":\"search_term_string\"}}],\"inLanguage\":\"ru-RU\"}]}<\/script>\n<!-- \/ Yoast SEO plugin. -->","yoast_head_json":{"title":"Luksuslik Gold Rush Komplekt - Beauty Institute","robots":{"index":"index","follow":"follow","max-snippet":"max-snippet:-1","max-image-preview":"max-image-preview:large","max-video-preview":"max-video-preview:-1"},"canonical":"https:\/\/beautyinstitute.ee\/toode\/luksuslik-gold-rush-komplekt\/","og_locale":"ru_RU","og_type":"article","og_title":"Luksuslik Gold Rush Komplekt - Beauty Institute","og_description":"\u00d6ine unistuste duo sileda, s\u00e4rava ja elujoulise naha jaoks. Luxus-set&#8217;i kuuluvad GOLD Elixier s e e r u m (30 ml), GOLD Rush kreem (50 ml) ja H o l o &#8211; G l a m k i n k e k o t t Gold Rush Elixier&#8211; Intensivne nooruslikkuse \u00a0booster liposoomse \u00a0argaania t\u00fcviraku ja [&hellip;]","og_url":"https:\/\/beautyinstitute.ee\/toode\/luksuslik-gold-rush-komplekt\/","og_site_name":"Beauty Institute","article_modified_time":"2026-04-27T11:50:55+00:00","og_image":[{"width":1920,"height":1920,"url":"https:\/\/beautyinstitute.ee\/wp-content\/uploads\/2025\/11\/rush-eliksiir.jpg","type":"image\/jpeg"}],"twitter_card":"summary_large_image","twitter_site":"@Beauty_Eesti","twitter_misc":{"\u041f\u0440\u0438\u043c\u0435\u0440\u043d\u043e\u0435 \u0432\u0440\u0435\u043c\u044f \u0434\u043b\u044f \u0447\u0442\u0435\u043d\u0438\u044f":"1 \u043c\u0438\u043d\u0443\u0442\u0430"},"schema":{"@context":"https:\/\/schema.org","@graph":[{"@type":"WebPage","@id":"https:\/\/beautyinstitute.ee\/toode\/luksuslik-gold-rush-komplekt\/","url":"https:\/\/beautyinstitute.ee\/toode\/luksuslik-gold-rush-komplekt\/","name":"Luksuslik Gold Rush Komplekt - Beauty Institute","isPartOf":{"@id":"https:\/\/beautyinstitute.ee\/#website"},"primaryImageOfPage":{"@id":"https:\/\/beautyinstitute.ee\/toode\/luksuslik-gold-rush-komplekt\/#primaryimage"},"image":{"@id":"https:\/\/beautyinstitute.ee\/toode\/luksuslik-gold-rush-komplekt\/#primaryimage"},"thumbnailUrl":"https:\/\/beautyinstitute.ee\/wp-content\/uploads\/2025\/11\/rush-eliksiir.jpg","datePublished":"2025-11-05T09:08:53+00:00","dateModified":"2026-04-27T11:50:55+00:00","breadcrumb":{"@id":"https:\/\/beautyinstitute.ee\/toode\/luksuslik-gold-rush-komplekt\/#breadcrumb"},"inLanguage":"ru-RU","potentialAction":[{"@type":"ReadAction","target":["https:\/\/beautyinstitute.ee\/toode\/luksuslik-gold-rush-komplekt\/"]}]},{"@type":"ImageObject","inLanguage":"ru-RU","@id":"https:\/\/beautyinstitute.ee\/toode\/luksuslik-gold-rush-komplekt\/#primaryimage","url":"https:\/\/beautyinstitute.ee\/wp-content\/uploads\/2025\/11\/rush-eliksiir.jpg","contentUrl":"https:\/\/beautyinstitute.ee\/wp-content\/uploads\/2025\/11\/rush-eliksiir.jpg","width":1920,"height":1920},{"@type":"BreadcrumbList","@id":"https:\/\/beautyinstitute.ee\/toode\/luksuslik-gold-rush-komplekt\/#breadcrumb","itemListElement":[{"@type":"ListItem","position":1,"name":"Home","item":"https:\/\/beautyinstitute.ee\/ru\/"},{"@type":"ListItem","position":2,"name":"E-pood","item":"https:\/\/beautyinstitute.ee\/e-pood\/"},{"@type":"ListItem","position":3,"name":"Luksuslik Gold Rush Komplekt"}]},{"@type":"WebSite","@id":"https:\/\/beautyinstitute.ee\/#website","url":"https:\/\/beautyinstitute.ee\/","name":"Beauty Institute","description":"CNC Cosmetic ametlik maaletooja ja edasim\u00fc\u00fcja Eestis, Soomes, L\u00e4tis. Aparaadikosmeetika, koolitused, kosmeetikatooted.","potentialAction":[{"@type":"SearchAction","target":{"@type":"EntryPoint","urlTemplate":"https:\/\/beautyinstitute.ee\/?s={search_term_string}"},"query-input":{"@type":"PropertyValueSpecification","valueRequired":true,"valueName":"search_term_string"}}],"inLanguage":"ru-RU"}]}},"_links":{"self":[{"href":"https:\/\/beautyinstitute.ee\/ru\/wp-json\/wp\/v2\/product\/36025","targetHints":{"allow":["GET"]}}],"collection":[{"href":"https:\/\/beautyinstitute.ee\/ru\/wp-json\/wp\/v2\/product"}],"about":[{"href":"https:\/\/beautyinstitute.ee\/ru\/wp-json\/wp\/v2\/types\/product"}],"wp:featuredmedia":[{"embeddable":true,"href":"https:\/\/beautyinstitute.ee\/ru\/wp-json\/wp\/v2\/media\/36026"}],"wp:attachment":[{"href":"https:\/\/beautyinstitute.ee\/ru\/wp-json\/wp\/v2\/media?parent=36025"}],"wp:term":[{"taxonomy":"product_cat","embeddable":true,"href":"https:\/\/beautyinstitute.ee\/ru\/wp-json\/wp\/v2\/product_cat?post=36025"},{"taxonomy":"product_tag","embeddable":true,"href":"https:\/\/beautyinstitute.ee\/ru\/wp-json\/wp\/v2\/product_tag?post=36025"}],"curies":[{"name":"wp","href":"https:\/\/api.w.org\/{rel}","templated":true}]}}