{"id":36032,"date":"2025-11-05T11:53:56","date_gmt":"2025-11-05T09:53:56","guid":{"rendered":"https:\/\/beautyinstitute.ee\/?post_type=product&#038;p=36032"},"modified":"2026-04-27T14:47:17","modified_gmt":"2026-04-27T11:47:17","slug":"cnc-skin-light","status":"publish","type":"product","link":"https:\/\/beautyinstitute.ee\/ru\/toode\/cnc-skin-light\/","title":{"rendered":"Cnc Skin Light"},"content":{"rendered":"<p>CNC Skin Light \u00a0on professionaalne LED-valgusteraapia seade, mis kasutab <strong>7 erinevat valgusspektrit<\/strong> naha stimuleerimiseks, rahustamiseks ja taastamiseks. See on mitteinvasiivne, valutu ja turvaline meetod, mis sobib nii iseseisvaks hoolduseks kui ka kombineeritult teiste aparaatide v\u00f5i manuaalsete n\u00e4ohooldustega.<\/p>\n<p><strong>J\u00e4rgnevalt leiad \u00fclevaate Skin Light\u2019i seitsmest valgusprogrammist ja nende m\u00f5just nahale:<\/strong><\/p>\n<p><strong>Punane LED (630 nm)<\/strong> tungib k\u00f5ige s\u00fcgavamale naha kihtidesse, stimuleerib rakkude energiatoomist ja kollageeni s\u00fcnteesi, kiirendab naha taastumist, v\u00e4hendab p\u00f5letikku ning parandab naha elastsust. Sobib k\u00fcpsele, \u00e4rritunud v\u00f5i aknele kalduvale nahale.<\/p>\n<p><strong>Sinine LED (460 nm)<\/strong> toimib naha pindmistes kihtides, v\u00e4hendab aknebakteri (Propionibacterium acnes) aktiivsust, aitab reguleerida rasueritust ja v\u00e4hendab p\u00f5letikulisi koldeid. Sobib rasusele ja kombineeritud nahale, millel esinevad vistrikud, m\u00e4dapunnid v\u00f5i mustpead.<\/p>\n<p><strong>Lilla LED (punane &amp; sinine, 630 nm &amp; 460 nm)<\/strong> \u00fchendab punase ja sinise valguse omadused, toetades nii akne ravi kui ka naha taastumist. Aitab \u00fchtlustada nahatooni ning v\u00e4hendada arme.<\/p>\n<p><strong>Roheline LED (520 nm)<\/strong> rahustab naha reaktsioone, v\u00e4hendab p\u00f5letikku ja \u00fclepigmenteerumist, aidates tasakaalustada melaniini tootmist. Sobib tundlikule, punetavale v\u00f5i h\u00fcperpigmenteerunud nahale.<\/p>\n<p><strong>Kollane LED (punane &amp; roheline. 630 nm &amp; 520 nm)<\/strong> stimuleerib l\u00fcmfiringet, aitab v\u00e4ltida korduvaid vistrikke ning annab nahale v\u00e4rskust ja s\u00e4ra. Sobib k\u00fcpsele, tuhmile v\u00f5i v\u00e4sinud nahale.<\/p>\n<p><strong>Oran\u017e LED (punane &amp; roheline, 630 nm &amp; 520 nm)<\/strong> soodustab mikrotsirkulatsiooni ja parandab naha \u00fcldist kvaliteeti, toetades naha tervist ja elastsust. Sobib k\u00fcpsele v\u00f5i v\u00e4sinud nahale, millel on n\u00f5rk vereringe.<\/p>\n<p><strong>Valguste segu (460\u2013630 nm) pulsivalgus<\/strong>, mis kombineerib erinevaid lainepikkusi, v\u00f5ib esile kutsuda tugevama rakuaktiivsuse ning tagab valgusimpulsside vahel l\u00fchikesed pausid, mis takistavad naha \u00fclestimulatsiooni.<\/p>\n<blockquote class=\"wp-embedded-content\" data-secret=\"a4Rl0kl9xS\"><p><a href=\"https:\/\/beautyinstitute.ee\/uudis-cnc-cosmetic-skin-light-led-valgusteraapia-seade\/\">UUDIS! CNC Cosmetic Skin Light LED-valgusteraapia seade<\/a><\/p><\/blockquote>\n<p><iframe loading=\"lazy\" class=\"wp-embedded-content\" sandbox=\"allow-scripts\" security=\"restricted\" style=\"position: absolute; visibility: hidden;\" title=\"&#8220;UUDIS! CNC Cosmetic Skin Light LED-valgusteraapia seade&#8221; &#8212; Beauty Institute\" src=\"https:\/\/beautyinstitute.ee\/uudis-cnc-cosmetic-skin-light-led-valgusteraapia-seade\/embed\/#?secret=aDR6W1Jgfo#?secret=a4Rl0kl9xS\" data-secret=\"a4Rl0kl9xS\" width=\"600\" height=\"338\" frameborder=\"0\" marginwidth=\"0\" marginheight=\"0\" scrolling=\"no\"><\/iframe><\/p>\n","protected":false},"excerpt":{"rendered":"<p>CNC Skin Light \u00a0on professionaalne LED-valgusteraapia seade, mis kasutab 7 erinevat valgusspektrit naha stimuleerimiseks, rahustamiseks ja taastamiseks. See on mitteinvasiivne, valutu ja turvaline meetod, mis sobib nii iseseisvaks hoolduseks kui ka kombineeritult teiste aparaatide v\u00f5i manuaalsete n\u00e4ohooldustega. J\u00e4rgnevalt leiad \u00fclevaate Skin Light\u2019i seitsmest valgusprogrammist ja nende m\u00f5just nahale: Punane LED (630 nm) tungib k\u00f5ige s\u00fcgavamale [&hellip;]<\/p>\n","protected":false},"featured_media":36625,"template":"","meta":{"_acf_changed":false},"product_cat":[115],"product_tag":[],"class_list":["post-36032","product","type-product","status-publish","has-post-thumbnail","hentry","product_cat-aparaadi-kontseptsioonid"],"acf":[],"yoast_head":"<!-- This site is optimized with the Yoast SEO plugin v25.4 - https:\/\/yoast.com\/wordpress\/plugins\/seo\/ -->\n<title>Cnc Skin Light - Beauty Institute<\/title>\n<meta name=\"robots\" content=\"index, follow, max-snippet:-1, max-image-preview:large, max-video-preview:-1\" \/>\n<link rel=\"canonical\" href=\"https:\/\/beautyinstitute.ee\/toode\/cnc-skin-light\/\" \/>\n<meta property=\"og:locale\" content=\"ru_RU\" \/>\n<meta property=\"og:type\" content=\"article\" \/>\n<meta property=\"og:title\" content=\"Cnc Skin Light - Beauty Institute\" \/>\n<meta property=\"og:description\" content=\"CNC Skin Light \u00a0on professionaalne LED-valgusteraapia seade, mis kasutab 7 erinevat valgusspektrit naha stimuleerimiseks, rahustamiseks ja taastamiseks. See on mitteinvasiivne, valutu ja turvaline meetod, mis sobib nii iseseisvaks hoolduseks kui ka kombineeritult teiste aparaatide v\u00f5i manuaalsete n\u00e4ohooldustega. J\u00e4rgnevalt leiad \u00fclevaate Skin Light\u2019i seitsmest valgusprogrammist ja nende m\u00f5just nahale: Punane LED (630 nm) tungib k\u00f5ige s\u00fcgavamale [&hellip;]\" \/>\n<meta property=\"og:url\" content=\"https:\/\/beautyinstitute.ee\/toode\/cnc-skin-light\/\" \/>\n<meta property=\"og:site_name\" content=\"Beauty Institute\" \/>\n<meta property=\"article:modified_time\" content=\"2026-04-27T11:47:17+00:00\" \/>\n<meta property=\"og:image\" content=\"https:\/\/beautyinstitute.ee\/wp-content\/uploads\/2025\/11\/skin-light.jpg\" \/>\n\t<meta property=\"og:image:width\" content=\"1250\" \/>\n\t<meta property=\"og:image:height\" content=\"1250\" \/>\n\t<meta property=\"og:image:type\" content=\"image\/jpeg\" \/>\n<meta name=\"twitter:card\" content=\"summary_large_image\" \/>\n<meta name=\"twitter:site\" content=\"@Beauty_Eesti\" \/>\n<meta name=\"twitter:label1\" content=\"\u041f\u0440\u0438\u043c\u0435\u0440\u043d\u043e\u0435 \u0432\u0440\u0435\u043c\u044f \u0434\u043b\u044f \u0447\u0442\u0435\u043d\u0438\u044f\" \/>\n\t<meta name=\"twitter:data1\" content=\"2 \u043c\u0438\u043d\u0443\u0442\u044b\" \/>\n<script type=\"application\/ld+json\" class=\"yoast-schema-graph\">{\"@context\":\"https:\/\/schema.org\",\"@graph\":[{\"@type\":\"WebPage\",\"@id\":\"https:\/\/beautyinstitute.ee\/toode\/cnc-skin-light\/\",\"url\":\"https:\/\/beautyinstitute.ee\/toode\/cnc-skin-light\/\",\"name\":\"Cnc Skin Light - Beauty Institute\",\"isPartOf\":{\"@id\":\"https:\/\/beautyinstitute.ee\/#website\"},\"primaryImageOfPage\":{\"@id\":\"https:\/\/beautyinstitute.ee\/toode\/cnc-skin-light\/#primaryimage\"},\"image\":{\"@id\":\"https:\/\/beautyinstitute.ee\/toode\/cnc-skin-light\/#primaryimage\"},\"thumbnailUrl\":\"https:\/\/beautyinstitute.ee\/wp-content\/uploads\/2025\/11\/skin-light.jpg\",\"datePublished\":\"2025-11-05T09:53:56+00:00\",\"dateModified\":\"2026-04-27T11:47:17+00:00\",\"breadcrumb\":{\"@id\":\"https:\/\/beautyinstitute.ee\/toode\/cnc-skin-light\/#breadcrumb\"},\"inLanguage\":\"ru-RU\",\"potentialAction\":[{\"@type\":\"ReadAction\",\"target\":[\"https:\/\/beautyinstitute.ee\/toode\/cnc-skin-light\/\"]}]},{\"@type\":\"ImageObject\",\"inLanguage\":\"ru-RU\",\"@id\":\"https:\/\/beautyinstitute.ee\/toode\/cnc-skin-light\/#primaryimage\",\"url\":\"https:\/\/beautyinstitute.ee\/wp-content\/uploads\/2025\/11\/skin-light.jpg\",\"contentUrl\":\"https:\/\/beautyinstitute.ee\/wp-content\/uploads\/2025\/11\/skin-light.jpg\",\"width\":1250,\"height\":1250},{\"@type\":\"BreadcrumbList\",\"@id\":\"https:\/\/beautyinstitute.ee\/toode\/cnc-skin-light\/#breadcrumb\",\"itemListElement\":[{\"@type\":\"ListItem\",\"position\":1,\"name\":\"Home\",\"item\":\"https:\/\/beautyinstitute.ee\/ru\/\"},{\"@type\":\"ListItem\",\"position\":2,\"name\":\"E-pood\",\"item\":\"https:\/\/beautyinstitute.ee\/e-pood\/\"},{\"@type\":\"ListItem\",\"position\":3,\"name\":\"Cnc Skin Light\"}]},{\"@type\":\"WebSite\",\"@id\":\"https:\/\/beautyinstitute.ee\/#website\",\"url\":\"https:\/\/beautyinstitute.ee\/\",\"name\":\"Beauty Institute\",\"description\":\"CNC Cosmetic ametlik maaletooja ja edasim\u00fc\u00fcja Eestis, Soomes, L\u00e4tis. Aparaadikosmeetika, koolitused, kosmeetikatooted.\",\"potentialAction\":[{\"@type\":\"SearchAction\",\"target\":{\"@type\":\"EntryPoint\",\"urlTemplate\":\"https:\/\/beautyinstitute.ee\/?s={search_term_string}\"},\"query-input\":{\"@type\":\"PropertyValueSpecification\",\"valueRequired\":true,\"valueName\":\"search_term_string\"}}],\"inLanguage\":\"ru-RU\"}]}<\/script>\n<!-- \/ Yoast SEO plugin. -->","yoast_head_json":{"title":"Cnc Skin Light - Beauty Institute","robots":{"index":"index","follow":"follow","max-snippet":"max-snippet:-1","max-image-preview":"max-image-preview:large","max-video-preview":"max-video-preview:-1"},"canonical":"https:\/\/beautyinstitute.ee\/toode\/cnc-skin-light\/","og_locale":"ru_RU","og_type":"article","og_title":"Cnc Skin Light - Beauty Institute","og_description":"CNC Skin Light \u00a0on professionaalne LED-valgusteraapia seade, mis kasutab 7 erinevat valgusspektrit naha stimuleerimiseks, rahustamiseks ja taastamiseks. See on mitteinvasiivne, valutu ja turvaline meetod, mis sobib nii iseseisvaks hoolduseks kui ka kombineeritult teiste aparaatide v\u00f5i manuaalsete n\u00e4ohooldustega. J\u00e4rgnevalt leiad \u00fclevaate Skin Light\u2019i seitsmest valgusprogrammist ja nende m\u00f5just nahale: Punane LED (630 nm) tungib k\u00f5ige s\u00fcgavamale [&hellip;]","og_url":"https:\/\/beautyinstitute.ee\/toode\/cnc-skin-light\/","og_site_name":"Beauty Institute","article_modified_time":"2026-04-27T11:47:17+00:00","og_image":[{"width":1250,"height":1250,"url":"https:\/\/beautyinstitute.ee\/wp-content\/uploads\/2025\/11\/skin-light.jpg","type":"image\/jpeg"}],"twitter_card":"summary_large_image","twitter_site":"@Beauty_Eesti","twitter_misc":{"\u041f\u0440\u0438\u043c\u0435\u0440\u043d\u043e\u0435 \u0432\u0440\u0435\u043c\u044f \u0434\u043b\u044f \u0447\u0442\u0435\u043d\u0438\u044f":"2 \u043c\u0438\u043d\u0443\u0442\u044b"},"schema":{"@context":"https:\/\/schema.org","@graph":[{"@type":"WebPage","@id":"https:\/\/beautyinstitute.ee\/toode\/cnc-skin-light\/","url":"https:\/\/beautyinstitute.ee\/toode\/cnc-skin-light\/","name":"Cnc Skin Light - Beauty Institute","isPartOf":{"@id":"https:\/\/beautyinstitute.ee\/#website"},"primaryImageOfPage":{"@id":"https:\/\/beautyinstitute.ee\/toode\/cnc-skin-light\/#primaryimage"},"image":{"@id":"https:\/\/beautyinstitute.ee\/toode\/cnc-skin-light\/#primaryimage"},"thumbnailUrl":"https:\/\/beautyinstitute.ee\/wp-content\/uploads\/2025\/11\/skin-light.jpg","datePublished":"2025-11-05T09:53:56+00:00","dateModified":"2026-04-27T11:47:17+00:00","breadcrumb":{"@id":"https:\/\/beautyinstitute.ee\/toode\/cnc-skin-light\/#breadcrumb"},"inLanguage":"ru-RU","potentialAction":[{"@type":"ReadAction","target":["https:\/\/beautyinstitute.ee\/toode\/cnc-skin-light\/"]}]},{"@type":"ImageObject","inLanguage":"ru-RU","@id":"https:\/\/beautyinstitute.ee\/toode\/cnc-skin-light\/#primaryimage","url":"https:\/\/beautyinstitute.ee\/wp-content\/uploads\/2025\/11\/skin-light.jpg","contentUrl":"https:\/\/beautyinstitute.ee\/wp-content\/uploads\/2025\/11\/skin-light.jpg","width":1250,"height":1250},{"@type":"BreadcrumbList","@id":"https:\/\/beautyinstitute.ee\/toode\/cnc-skin-light\/#breadcrumb","itemListElement":[{"@type":"ListItem","position":1,"name":"Home","item":"https:\/\/beautyinstitute.ee\/ru\/"},{"@type":"ListItem","position":2,"name":"E-pood","item":"https:\/\/beautyinstitute.ee\/e-pood\/"},{"@type":"ListItem","position":3,"name":"Cnc Skin Light"}]},{"@type":"WebSite","@id":"https:\/\/beautyinstitute.ee\/#website","url":"https:\/\/beautyinstitute.ee\/","name":"Beauty Institute","description":"CNC Cosmetic ametlik maaletooja ja edasim\u00fc\u00fcja Eestis, Soomes, L\u00e4tis. Aparaadikosmeetika, koolitused, kosmeetikatooted.","potentialAction":[{"@type":"SearchAction","target":{"@type":"EntryPoint","urlTemplate":"https:\/\/beautyinstitute.ee\/?s={search_term_string}"},"query-input":{"@type":"PropertyValueSpecification","valueRequired":true,"valueName":"search_term_string"}}],"inLanguage":"ru-RU"}]}},"_links":{"self":[{"href":"https:\/\/beautyinstitute.ee\/ru\/wp-json\/wp\/v2\/product\/36032","targetHints":{"allow":["GET"]}}],"collection":[{"href":"https:\/\/beautyinstitute.ee\/ru\/wp-json\/wp\/v2\/product"}],"about":[{"href":"https:\/\/beautyinstitute.ee\/ru\/wp-json\/wp\/v2\/types\/product"}],"wp:featuredmedia":[{"embeddable":true,"href":"https:\/\/beautyinstitute.ee\/ru\/wp-json\/wp\/v2\/media\/36625"}],"wp:attachment":[{"href":"https:\/\/beautyinstitute.ee\/ru\/wp-json\/wp\/v2\/media?parent=36032"}],"wp:term":[{"taxonomy":"product_cat","embeddable":true,"href":"https:\/\/beautyinstitute.ee\/ru\/wp-json\/wp\/v2\/product_cat?post=36032"},{"taxonomy":"product_tag","embeddable":true,"href":"https:\/\/beautyinstitute.ee\/ru\/wp-json\/wp\/v2\/product_tag?post=36032"}],"curies":[{"name":"wp","href":"https:\/\/api.w.org\/{rel}","templated":true}]}}