{"id":36172,"date":"2025-11-14T12:04:19","date_gmt":"2025-11-14T10:04:19","guid":{"rendered":"https:\/\/beautyinstitute.ee\/?post_type=product&#038;p=36172"},"modified":"2026-04-30T15:03:11","modified_gmt":"2026-04-30T12:03:11","slug":"med-hyal-exosome-30ml","status":"publish","type":"product","link":"https:\/\/beautyinstitute.ee\/ru\/toode\/med-hyal-exosome-30ml\/","title":{"rendered":"Med Hyal Exosome 30Ml"},"content":{"rendered":"<p data-start=\"121\" data-end=\"219\"><strong data-start=\"121\" data-end=\"151\">Uue ajastu biomimeetilised eksosoomid.<\/strong><br data-start=\"151\" data-end=\"154\" \/>Advanced Repair Serum \u2013 Intensiivne taastav seerum\u00a0h\u00fcaluroonhappe ja Exometrics\u2122 G kompleksiga<\/p>\n<p data-start=\"221\" data-end=\"333\"><strong>See seerum m\u00e4rgib uue ajastu algust nahahoolduses<\/strong> \u2013 intelligentne, s\u00fcgavatoimeline ja aktiveerib rakutasandil.<\/p>\n<p data-start=\"335\" data-end=\"445\">Valemi tuumaks on biomimeetilised veganeksosoomid, mis on tuntud oma erakordse rakkude taastamisv\u00f5ime poolest.<\/p>\n<p data-start=\"447\" data-end=\"741\">K\u00f5rgtehnoloogiline seerum \u00fchendab \u00fclimalt puhast h\u00fcaluroonhapet \u00a0uuema\u00a0p\u00f5lvkonna biomimeetilise toimeainega \u2013 veganeksosoomidega, mis pakuvad silmapaistvat regeneratsiooniefekti. Tulemuseks on intensiivne pinguldus, v\u00e4henenud h\u00fcperpigmentatsioon ning m\u00e4rgatavalt siledam ja s\u00e4ravam nahk.<\/p>\n<p data-start=\"743\" data-end=\"822\"><strong data-start=\"743\" data-end=\"822\">Tuntavalt taastunud. N\u00e4htavalt noorenenud. Revolutsiooniliselt hoolitsetud.<\/strong><\/p>\n<p data-start=\"824\" data-end=\"922\"><strong data-start=\"824\" data-end=\"834\">Sobib:<\/strong> k\u00f5igile nahat\u00fc\u00fcpidele, eriti taastamist vajavale nahale ja h\u00fcperpigmentatsiooni korral.<\/p>\n<hr data-start=\"924\" data-end=\"927\" \/>\n<h3 data-start=\"929\" data-end=\"947\"><strong data-start=\"933\" data-end=\"947\">Kasutamine<\/strong><\/h3>\n<p data-start=\"948\" data-end=\"1169\"><strong data-start=\"948\" data-end=\"960\">Salongis:<\/strong> kasutada koos microneedling\u2019u protseduuriga vastavalt protokollile.<br data-start=\"1028\" data-end=\"1031\" \/><strong data-start=\"1031\" data-end=\"1041\">Kodus:<\/strong> kanda hommikul ja\/v\u00f5i \u00f5htul puhtale nahale ning \u00f5rnalt sisse vajutada. Seej\u00e4rel kasutada \u00a0vastavalt vajadusele \u00a0hoolduskreemi.<\/p>\n<hr data-start=\"1171\" data-end=\"1174\" \/>\n<h3 data-start=\"1176\" data-end=\"1191\"><strong data-start=\"1180\" data-end=\"1191\">Eelised<\/strong><\/h3>\n<ul data-start=\"1192\" data-end=\"1387\">\n<li data-start=\"1192\" data-end=\"1225\">\n<p data-start=\"1194\" data-end=\"1225\">erakordne nahka taastav toime<\/p>\n<\/li>\n<li data-start=\"1226\" data-end=\"1266\">\n<p data-start=\"1228\" data-end=\"1266\">v\u00e4hendab kortse, silub nahatekstuuri<\/p>\n<\/li>\n<li data-start=\"1267\" data-end=\"1317\">\n<p data-start=\"1269\" data-end=\"1317\">pinguldav lift-efekt ja nooruslikud n\u00e4okontuurid<\/p>\n<\/li>\n<li data-start=\"1318\" data-end=\"1351\">\n<p data-start=\"1320\" data-end=\"1351\">v\u00e4hendab h\u00fcperpigmentatsiooni<\/p>\n<\/li>\n<li data-start=\"1352\" data-end=\"1387\">\n<p data-start=\"1354\" data-end=\"1387\">s\u00e4rav ja noorusliku kumaga nahk<\/p>\n<\/li>\n<\/ul>\n<hr data-start=\"1389\" data-end=\"1392\" \/>\n<h3 data-start=\"1394\" data-end=\"1421\"><strong data-start=\"1398\" data-end=\"1421\">Peamised toimeained<\/strong><\/h3>\n<ul data-start=\"1422\" data-end=\"1510\">\n<li data-start=\"1422\" data-end=\"1458\">\n<p data-start=\"1424\" data-end=\"1458\">vegan biomimeetilised eksosoomid<\/p>\n<\/li>\n<li data-start=\"1459\" data-end=\"1510\">\n<p data-start=\"1461\" data-end=\"1510\">Erimolekulaarsed \u00a0h\u00fcaluroonhapped<\/p>\n<\/li>\n<\/ul>\n<p data-start=\"1517\" data-end=\"1602\" data-is-last-node=\"\" data-is-only-node=\"\">\n","protected":false},"excerpt":{"rendered":"<p>Uue ajastu biomimeetilised eksosoomid.Advanced Repair Serum \u2013 Intensiivne taastav seerum\u00a0h\u00fcaluroonhappe ja Exometrics\u2122 G kompleksiga See seerum m\u00e4rgib uue ajastu algust nahahoolduses \u2013 intelligentne, s\u00fcgavatoimeline ja aktiveerib rakutasandil. Valemi tuumaks on biomimeetilised veganeksosoomid, mis on tuntud oma erakordse rakkude taastamisv\u00f5ime poolest. K\u00f5rgtehnoloogiline seerum \u00fchendab \u00fclimalt puhast h\u00fcaluroonhapet \u00a0uuema\u00a0p\u00f5lvkonna biomimeetilise toimeainega \u2013 veganeksosoomidega, mis pakuvad silmapaistvat regeneratsiooniefekti. [&hellip;]<\/p>\n","protected":false},"featured_media":36173,"template":"","meta":{"_acf_changed":false},"product_cat":[289,249,186,137],"product_tag":[],"class_list":["post-36172","product","type-product","status-publish","has-post-thumbnail","hentry","product_cat-medhyal-profi","product_cat-seerumid-2","product_cat-uued-tulijad","product_cat-micro-needling-pen"],"acf":[],"yoast_head":"<!-- This site is optimized with the Yoast SEO plugin v25.4 - https:\/\/yoast.com\/wordpress\/plugins\/seo\/ -->\n<title>Med Hyal Exosome 30Ml - Beauty Institute<\/title>\n<meta name=\"robots\" content=\"index, follow, max-snippet:-1, max-image-preview:large, max-video-preview:-1\" \/>\n<link rel=\"canonical\" href=\"https:\/\/beautyinstitute.ee\/toode\/med-hyal-exosome-30ml\/\" \/>\n<meta property=\"og:locale\" content=\"ru_RU\" \/>\n<meta property=\"og:type\" content=\"article\" \/>\n<meta property=\"og:title\" content=\"Med Hyal Exosome 30Ml - Beauty Institute\" \/>\n<meta property=\"og:description\" content=\"Uue ajastu biomimeetilised eksosoomid.Advanced Repair Serum \u2013 Intensiivne taastav seerum\u00a0h\u00fcaluroonhappe ja Exometrics\u2122 G kompleksiga See seerum m\u00e4rgib uue ajastu algust nahahoolduses \u2013 intelligentne, s\u00fcgavatoimeline ja aktiveerib rakutasandil. Valemi tuumaks on biomimeetilised veganeksosoomid, mis on tuntud oma erakordse rakkude taastamisv\u00f5ime poolest. K\u00f5rgtehnoloogiline seerum \u00fchendab \u00fclimalt puhast h\u00fcaluroonhapet \u00a0uuema\u00a0p\u00f5lvkonna biomimeetilise toimeainega \u2013 veganeksosoomidega, mis pakuvad silmapaistvat regeneratsiooniefekti. [&hellip;]\" \/>\n<meta property=\"og:url\" content=\"https:\/\/beautyinstitute.ee\/toode\/med-hyal-exosome-30ml\/\" \/>\n<meta property=\"og:site_name\" content=\"Beauty Institute\" \/>\n<meta property=\"article:modified_time\" content=\"2026-04-30T12:03:11+00:00\" \/>\n<meta property=\"og:image\" content=\"https:\/\/beautyinstitute.ee\/wp-content\/uploads\/2025\/11\/exosome.jpg\" \/>\n\t<meta property=\"og:image:width\" content=\"1920\" \/>\n\t<meta property=\"og:image:height\" content=\"1920\" \/>\n\t<meta property=\"og:image:type\" content=\"image\/jpeg\" \/>\n<meta name=\"twitter:card\" content=\"summary_large_image\" \/>\n<meta name=\"twitter:site\" content=\"@Beauty_Eesti\" \/>\n<meta name=\"twitter:label1\" content=\"\u041f\u0440\u0438\u043c\u0435\u0440\u043d\u043e\u0435 \u0432\u0440\u0435\u043c\u044f \u0434\u043b\u044f \u0447\u0442\u0435\u043d\u0438\u044f\" \/>\n\t<meta name=\"twitter:data1\" content=\"1 \u043c\u0438\u043d\u0443\u0442\u0430\" \/>\n<script type=\"application\/ld+json\" class=\"yoast-schema-graph\">{\"@context\":\"https:\/\/schema.org\",\"@graph\":[{\"@type\":\"WebPage\",\"@id\":\"https:\/\/beautyinstitute.ee\/toode\/med-hyal-exosome-30ml\/\",\"url\":\"https:\/\/beautyinstitute.ee\/toode\/med-hyal-exosome-30ml\/\",\"name\":\"Med Hyal Exosome 30Ml - Beauty Institute\",\"isPartOf\":{\"@id\":\"https:\/\/beautyinstitute.ee\/#website\"},\"primaryImageOfPage\":{\"@id\":\"https:\/\/beautyinstitute.ee\/toode\/med-hyal-exosome-30ml\/#primaryimage\"},\"image\":{\"@id\":\"https:\/\/beautyinstitute.ee\/toode\/med-hyal-exosome-30ml\/#primaryimage\"},\"thumbnailUrl\":\"https:\/\/beautyinstitute.ee\/wp-content\/uploads\/2025\/11\/exosome.jpg\",\"datePublished\":\"2025-11-14T10:04:19+00:00\",\"dateModified\":\"2026-04-30T12:03:11+00:00\",\"breadcrumb\":{\"@id\":\"https:\/\/beautyinstitute.ee\/toode\/med-hyal-exosome-30ml\/#breadcrumb\"},\"inLanguage\":\"ru-RU\",\"potentialAction\":[{\"@type\":\"ReadAction\",\"target\":[\"https:\/\/beautyinstitute.ee\/toode\/med-hyal-exosome-30ml\/\"]}]},{\"@type\":\"ImageObject\",\"inLanguage\":\"ru-RU\",\"@id\":\"https:\/\/beautyinstitute.ee\/toode\/med-hyal-exosome-30ml\/#primaryimage\",\"url\":\"https:\/\/beautyinstitute.ee\/wp-content\/uploads\/2025\/11\/exosome.jpg\",\"contentUrl\":\"https:\/\/beautyinstitute.ee\/wp-content\/uploads\/2025\/11\/exosome.jpg\",\"width\":1920,\"height\":1920},{\"@type\":\"BreadcrumbList\",\"@id\":\"https:\/\/beautyinstitute.ee\/toode\/med-hyal-exosome-30ml\/#breadcrumb\",\"itemListElement\":[{\"@type\":\"ListItem\",\"position\":1,\"name\":\"Home\",\"item\":\"https:\/\/beautyinstitute.ee\/ru\/\"},{\"@type\":\"ListItem\",\"position\":2,\"name\":\"E-pood\",\"item\":\"https:\/\/beautyinstitute.ee\/e-pood\/\"},{\"@type\":\"ListItem\",\"position\":3,\"name\":\"Med Hyal Exosome 30Ml\"}]},{\"@type\":\"WebSite\",\"@id\":\"https:\/\/beautyinstitute.ee\/#website\",\"url\":\"https:\/\/beautyinstitute.ee\/\",\"name\":\"Beauty Institute\",\"description\":\"CNC Cosmetic ametlik maaletooja ja edasim\u00fc\u00fcja Eestis, Soomes, L\u00e4tis. Aparaadikosmeetika, koolitused, kosmeetikatooted.\",\"potentialAction\":[{\"@type\":\"SearchAction\",\"target\":{\"@type\":\"EntryPoint\",\"urlTemplate\":\"https:\/\/beautyinstitute.ee\/?s={search_term_string}\"},\"query-input\":{\"@type\":\"PropertyValueSpecification\",\"valueRequired\":true,\"valueName\":\"search_term_string\"}}],\"inLanguage\":\"ru-RU\"}]}<\/script>\n<!-- \/ Yoast SEO plugin. -->","yoast_head_json":{"title":"Med Hyal Exosome 30Ml - Beauty Institute","robots":{"index":"index","follow":"follow","max-snippet":"max-snippet:-1","max-image-preview":"max-image-preview:large","max-video-preview":"max-video-preview:-1"},"canonical":"https:\/\/beautyinstitute.ee\/toode\/med-hyal-exosome-30ml\/","og_locale":"ru_RU","og_type":"article","og_title":"Med Hyal Exosome 30Ml - Beauty Institute","og_description":"Uue ajastu biomimeetilised eksosoomid.Advanced Repair Serum \u2013 Intensiivne taastav seerum\u00a0h\u00fcaluroonhappe ja Exometrics\u2122 G kompleksiga See seerum m\u00e4rgib uue ajastu algust nahahoolduses \u2013 intelligentne, s\u00fcgavatoimeline ja aktiveerib rakutasandil. Valemi tuumaks on biomimeetilised veganeksosoomid, mis on tuntud oma erakordse rakkude taastamisv\u00f5ime poolest. K\u00f5rgtehnoloogiline seerum \u00fchendab \u00fclimalt puhast h\u00fcaluroonhapet \u00a0uuema\u00a0p\u00f5lvkonna biomimeetilise toimeainega \u2013 veganeksosoomidega, mis pakuvad silmapaistvat regeneratsiooniefekti. [&hellip;]","og_url":"https:\/\/beautyinstitute.ee\/toode\/med-hyal-exosome-30ml\/","og_site_name":"Beauty Institute","article_modified_time":"2026-04-30T12:03:11+00:00","og_image":[{"width":1920,"height":1920,"url":"https:\/\/beautyinstitute.ee\/wp-content\/uploads\/2025\/11\/exosome.jpg","type":"image\/jpeg"}],"twitter_card":"summary_large_image","twitter_site":"@Beauty_Eesti","twitter_misc":{"\u041f\u0440\u0438\u043c\u0435\u0440\u043d\u043e\u0435 \u0432\u0440\u0435\u043c\u044f \u0434\u043b\u044f \u0447\u0442\u0435\u043d\u0438\u044f":"1 \u043c\u0438\u043d\u0443\u0442\u0430"},"schema":{"@context":"https:\/\/schema.org","@graph":[{"@type":"WebPage","@id":"https:\/\/beautyinstitute.ee\/toode\/med-hyal-exosome-30ml\/","url":"https:\/\/beautyinstitute.ee\/toode\/med-hyal-exosome-30ml\/","name":"Med Hyal Exosome 30Ml - Beauty Institute","isPartOf":{"@id":"https:\/\/beautyinstitute.ee\/#website"},"primaryImageOfPage":{"@id":"https:\/\/beautyinstitute.ee\/toode\/med-hyal-exosome-30ml\/#primaryimage"},"image":{"@id":"https:\/\/beautyinstitute.ee\/toode\/med-hyal-exosome-30ml\/#primaryimage"},"thumbnailUrl":"https:\/\/beautyinstitute.ee\/wp-content\/uploads\/2025\/11\/exosome.jpg","datePublished":"2025-11-14T10:04:19+00:00","dateModified":"2026-04-30T12:03:11+00:00","breadcrumb":{"@id":"https:\/\/beautyinstitute.ee\/toode\/med-hyal-exosome-30ml\/#breadcrumb"},"inLanguage":"ru-RU","potentialAction":[{"@type":"ReadAction","target":["https:\/\/beautyinstitute.ee\/toode\/med-hyal-exosome-30ml\/"]}]},{"@type":"ImageObject","inLanguage":"ru-RU","@id":"https:\/\/beautyinstitute.ee\/toode\/med-hyal-exosome-30ml\/#primaryimage","url":"https:\/\/beautyinstitute.ee\/wp-content\/uploads\/2025\/11\/exosome.jpg","contentUrl":"https:\/\/beautyinstitute.ee\/wp-content\/uploads\/2025\/11\/exosome.jpg","width":1920,"height":1920},{"@type":"BreadcrumbList","@id":"https:\/\/beautyinstitute.ee\/toode\/med-hyal-exosome-30ml\/#breadcrumb","itemListElement":[{"@type":"ListItem","position":1,"name":"Home","item":"https:\/\/beautyinstitute.ee\/ru\/"},{"@type":"ListItem","position":2,"name":"E-pood","item":"https:\/\/beautyinstitute.ee\/e-pood\/"},{"@type":"ListItem","position":3,"name":"Med Hyal Exosome 30Ml"}]},{"@type":"WebSite","@id":"https:\/\/beautyinstitute.ee\/#website","url":"https:\/\/beautyinstitute.ee\/","name":"Beauty Institute","description":"CNC Cosmetic ametlik maaletooja ja edasim\u00fc\u00fcja Eestis, Soomes, L\u00e4tis. Aparaadikosmeetika, koolitused, kosmeetikatooted.","potentialAction":[{"@type":"SearchAction","target":{"@type":"EntryPoint","urlTemplate":"https:\/\/beautyinstitute.ee\/?s={search_term_string}"},"query-input":{"@type":"PropertyValueSpecification","valueRequired":true,"valueName":"search_term_string"}}],"inLanguage":"ru-RU"}]}},"_links":{"self":[{"href":"https:\/\/beautyinstitute.ee\/ru\/wp-json\/wp\/v2\/product\/36172","targetHints":{"allow":["GET"]}}],"collection":[{"href":"https:\/\/beautyinstitute.ee\/ru\/wp-json\/wp\/v2\/product"}],"about":[{"href":"https:\/\/beautyinstitute.ee\/ru\/wp-json\/wp\/v2\/types\/product"}],"wp:featuredmedia":[{"embeddable":true,"href":"https:\/\/beautyinstitute.ee\/ru\/wp-json\/wp\/v2\/media\/36173"}],"wp:attachment":[{"href":"https:\/\/beautyinstitute.ee\/ru\/wp-json\/wp\/v2\/media?parent=36172"}],"wp:term":[{"taxonomy":"product_cat","embeddable":true,"href":"https:\/\/beautyinstitute.ee\/ru\/wp-json\/wp\/v2\/product_cat?post=36172"},{"taxonomy":"product_tag","embeddable":true,"href":"https:\/\/beautyinstitute.ee\/ru\/wp-json\/wp\/v2\/product_tag?post=36172"}],"curies":[{"name":"wp","href":"https:\/\/api.w.org\/{rel}","templated":true}]}}