{"id":36176,"date":"2025-11-14T12:24:56","date_gmt":"2025-11-14T10:24:56","guid":{"rendered":"https:\/\/beautyinstitute.ee\/?post_type=product&#038;p=36176"},"modified":"2026-04-24T14:18:40","modified_gmt":"2026-04-24T11:18:40","slug":"beautiful-eyes-ampullid-hyaluron-firming-peptide","status":"publish","type":"product","link":"https:\/\/beautyinstitute.ee\/ru\/toode\/beautiful-eyes-ampullid-hyaluron-firming-peptide\/","title":{"rendered":"Beautiful Eyes Ampullid &#8220;Hyaluron &#038; Firming Peptide"},"content":{"rendered":"<h3 data-start=\"185\" data-end=\"200\"><strong data-start=\"189\" data-end=\"198\">Toime<\/strong><\/h3>\n<p data-start=\"201\" data-end=\"469\">H\u00fcaluroonhape t\u00e4idab peened jooned ja kuivusest tingitud kortsukesed, aidates nahal p\u00fcsida siledamana ja niisutatuna. Toetab kollageeni s\u00fcnteesi, mis aitab v\u00e4hendada kortsude n\u00e4htavust. Silma\u00fcmbruspiirkond on kaitstud kuivamise eest ning n\u00e4eb v\u00e4lja v\u00e4rskem ja puhanum.<\/p>\n<p data-start=\"471\" data-end=\"487\"><strong data-start=\"475\" data-end=\"485\">Sobib: <\/strong>K\u00f5igile nahat\u00fc\u00fcpidele.<\/p>\n<h3 data-start=\"512\" data-end=\"529\"><strong data-start=\"516\" data-end=\"527\">Eelised<\/strong><\/h3>\n<ul data-start=\"530\" data-end=\"652\">\n<li data-start=\"530\" data-end=\"582\">\n<p data-start=\"532\" data-end=\"582\">ideaalne kasutamiseks kuurina v\u00f5i p\u00fcsihooldusena<\/p>\n<\/li>\n<li data-start=\"583\" data-end=\"613\">\n<p data-start=\"585\" data-end=\"613\">toetab kollageeni s\u00fcnteesi<\/p>\n<\/li>\n<li data-start=\"614\" data-end=\"652\">\n<p data-start=\"616\" data-end=\"652\">muudab silma\u00fcmbruse nooruslikumaks<\/p>\n<\/li>\n<\/ul>\n<h3 data-start=\"654\" data-end=\"677\"><strong data-start=\"658\" data-end=\"675\">Oluline teave<\/strong><\/h3>\n<ul data-start=\"678\" data-end=\"824\">\n<li data-start=\"678\" data-end=\"712\">\n<p data-start=\"680\" data-end=\"712\">V\u00e4ltida toote sattumist silma.<\/p>\n<\/li>\n<li data-start=\"713\" data-end=\"749\">\n<p data-start=\"715\" data-end=\"749\">Ampulli ei tohi avada paljak\u00e4si.<\/p>\n<\/li>\n<li data-start=\"750\" data-end=\"787\">\n<p data-start=\"752\" data-end=\"787\">P\u00e4rast avamist kasutada koheselt.<\/p>\n<\/li>\n<li data-start=\"788\" data-end=\"824\">\n<p data-start=\"790\" data-end=\"824\">Sobib kasutamiseks ka ultraheliga.<\/p>\n<\/li>\n<\/ul>\n<h3 data-start=\"826\" data-end=\"855\"><strong data-start=\"830\" data-end=\"853\">Toimeainete koostis<\/strong><\/h3>\n<p data-start=\"856\" data-end=\"982\">Panthenool, allantoiin, h\u00fcaluroonhape, letsitiin, E-vitamiin, peptiidid, harilik maarjaohakas (Silybum Marianum), karnosiin.<\/p>\n<p data-start=\"984\" data-end=\"993\"><strong data-start=\"984\" data-end=\"993\">Vegan<\/strong><\/p>\n","protected":false},"excerpt":{"rendered":"<p>Toime H\u00fcaluroonhape t\u00e4idab peened jooned ja kuivusest tingitud kortsukesed, aidates nahal p\u00fcsida siledamana ja niisutatuna. Toetab kollageeni s\u00fcnteesi, mis aitab v\u00e4hendada kortsude n\u00e4htavust. Silma\u00fcmbruspiirkond on kaitstud kuivamise eest ning n\u00e4eb v\u00e4lja v\u00e4rskem ja puhanum. Sobib: K\u00f5igile nahat\u00fc\u00fcpidele. Eelised ideaalne kasutamiseks kuurina v\u00f5i p\u00fcsihooldusena toetab kollageeni s\u00fcnteesi muudab silma\u00fcmbruse nooruslikumaks Oluline teave V\u00e4ltida toote sattumist silma. [&hellip;]<\/p>\n","protected":false},"featured_media":36180,"template":"","meta":{"_acf_changed":false},"product_cat":[314,150,249,186],"product_tag":[],"class_list":["post-36176","product","type-product","status-publish","has-post-thumbnail","hentry","product_cat-silmamaskid","product_cat-ampullikontsentraadid","product_cat-seerumid-2","product_cat-uued-tulijad"],"acf":[],"yoast_head":"<!-- This site is optimized with the Yoast SEO plugin v25.4 - https:\/\/yoast.com\/wordpress\/plugins\/seo\/ -->\n<title>Beautiful Eyes Ampullid &quot;Hyaluron &amp; Firming Peptide - Beauty Institute<\/title>\n<meta name=\"robots\" content=\"index, follow, max-snippet:-1, max-image-preview:large, max-video-preview:-1\" \/>\n<link rel=\"canonical\" href=\"https:\/\/beautyinstitute.ee\/toode\/beautiful-eyes-ampullid-hyaluron-firming-peptide\/\" \/>\n<meta property=\"og:locale\" content=\"ru_RU\" \/>\n<meta property=\"og:type\" content=\"article\" \/>\n<meta property=\"og:title\" content=\"Beautiful Eyes Ampullid &quot;Hyaluron &amp; Firming Peptide - Beauty Institute\" \/>\n<meta property=\"og:description\" content=\"Toime H\u00fcaluroonhape t\u00e4idab peened jooned ja kuivusest tingitud kortsukesed, aidates nahal p\u00fcsida siledamana ja niisutatuna. Toetab kollageeni s\u00fcnteesi, mis aitab v\u00e4hendada kortsude n\u00e4htavust. Silma\u00fcmbruspiirkond on kaitstud kuivamise eest ning n\u00e4eb v\u00e4lja v\u00e4rskem ja puhanum. Sobib: K\u00f5igile nahat\u00fc\u00fcpidele. Eelised ideaalne kasutamiseks kuurina v\u00f5i p\u00fcsihooldusena toetab kollageeni s\u00fcnteesi muudab silma\u00fcmbruse nooruslikumaks Oluline teave V\u00e4ltida toote sattumist silma. [&hellip;]\" \/>\n<meta property=\"og:url\" content=\"https:\/\/beautyinstitute.ee\/toode\/beautiful-eyes-ampullid-hyaluron-firming-peptide\/\" \/>\n<meta property=\"og:site_name\" content=\"Beauty Institute\" \/>\n<meta property=\"article:modified_time\" content=\"2026-04-24T11:18:40+00:00\" \/>\n<meta property=\"og:image\" content=\"https:\/\/beautyinstitute.ee\/wp-content\/uploads\/2025\/11\/beautiful-eye.jpg\" \/>\n\t<meta property=\"og:image:width\" content=\"1920\" \/>\n\t<meta property=\"og:image:height\" content=\"1920\" \/>\n\t<meta property=\"og:image:type\" content=\"image\/jpeg\" \/>\n<meta name=\"twitter:card\" content=\"summary_large_image\" \/>\n<meta name=\"twitter:site\" content=\"@Beauty_Eesti\" \/>\n<meta name=\"twitter:label1\" content=\"\u041f\u0440\u0438\u043c\u0435\u0440\u043d\u043e\u0435 \u0432\u0440\u0435\u043c\u044f \u0434\u043b\u044f \u0447\u0442\u0435\u043d\u0438\u044f\" \/>\n\t<meta name=\"twitter:data1\" content=\"1 \u043c\u0438\u043d\u0443\u0442\u0430\" \/>\n<script type=\"application\/ld+json\" class=\"yoast-schema-graph\">{\"@context\":\"https:\/\/schema.org\",\"@graph\":[{\"@type\":\"WebPage\",\"@id\":\"https:\/\/beautyinstitute.ee\/toode\/beautiful-eyes-ampullid-hyaluron-firming-peptide\/\",\"url\":\"https:\/\/beautyinstitute.ee\/toode\/beautiful-eyes-ampullid-hyaluron-firming-peptide\/\",\"name\":\"Beautiful Eyes Ampullid \\\"Hyaluron & Firming Peptide - Beauty Institute\",\"isPartOf\":{\"@id\":\"https:\/\/beautyinstitute.ee\/#website\"},\"primaryImageOfPage\":{\"@id\":\"https:\/\/beautyinstitute.ee\/toode\/beautiful-eyes-ampullid-hyaluron-firming-peptide\/#primaryimage\"},\"image\":{\"@id\":\"https:\/\/beautyinstitute.ee\/toode\/beautiful-eyes-ampullid-hyaluron-firming-peptide\/#primaryimage\"},\"thumbnailUrl\":\"https:\/\/beautyinstitute.ee\/wp-content\/uploads\/2025\/11\/beautiful-eye.jpg\",\"datePublished\":\"2025-11-14T10:24:56+00:00\",\"dateModified\":\"2026-04-24T11:18:40+00:00\",\"breadcrumb\":{\"@id\":\"https:\/\/beautyinstitute.ee\/toode\/beautiful-eyes-ampullid-hyaluron-firming-peptide\/#breadcrumb\"},\"inLanguage\":\"ru-RU\",\"potentialAction\":[{\"@type\":\"ReadAction\",\"target\":[\"https:\/\/beautyinstitute.ee\/toode\/beautiful-eyes-ampullid-hyaluron-firming-peptide\/\"]}]},{\"@type\":\"ImageObject\",\"inLanguage\":\"ru-RU\",\"@id\":\"https:\/\/beautyinstitute.ee\/toode\/beautiful-eyes-ampullid-hyaluron-firming-peptide\/#primaryimage\",\"url\":\"https:\/\/beautyinstitute.ee\/wp-content\/uploads\/2025\/11\/beautiful-eye.jpg\",\"contentUrl\":\"https:\/\/beautyinstitute.ee\/wp-content\/uploads\/2025\/11\/beautiful-eye.jpg\",\"width\":1920,\"height\":1920},{\"@type\":\"BreadcrumbList\",\"@id\":\"https:\/\/beautyinstitute.ee\/toode\/beautiful-eyes-ampullid-hyaluron-firming-peptide\/#breadcrumb\",\"itemListElement\":[{\"@type\":\"ListItem\",\"position\":1,\"name\":\"Home\",\"item\":\"https:\/\/beautyinstitute.ee\/ru\/\"},{\"@type\":\"ListItem\",\"position\":2,\"name\":\"E-pood\",\"item\":\"https:\/\/beautyinstitute.ee\/e-pood\/\"},{\"@type\":\"ListItem\",\"position\":3,\"name\":\"Beautiful Eyes Ampullid &#8220;Hyaluron &#038; Firming Peptide\"}]},{\"@type\":\"WebSite\",\"@id\":\"https:\/\/beautyinstitute.ee\/#website\",\"url\":\"https:\/\/beautyinstitute.ee\/\",\"name\":\"Beauty Institute\",\"description\":\"CNC Cosmetic ametlik maaletooja ja edasim\u00fc\u00fcja Eestis, Soomes, L\u00e4tis. Aparaadikosmeetika, koolitused, kosmeetikatooted.\",\"potentialAction\":[{\"@type\":\"SearchAction\",\"target\":{\"@type\":\"EntryPoint\",\"urlTemplate\":\"https:\/\/beautyinstitute.ee\/?s={search_term_string}\"},\"query-input\":{\"@type\":\"PropertyValueSpecification\",\"valueRequired\":true,\"valueName\":\"search_term_string\"}}],\"inLanguage\":\"ru-RU\"}]}<\/script>\n<!-- \/ Yoast SEO plugin. -->","yoast_head_json":{"title":"Beautiful Eyes Ampullid \"Hyaluron & Firming Peptide - Beauty Institute","robots":{"index":"index","follow":"follow","max-snippet":"max-snippet:-1","max-image-preview":"max-image-preview:large","max-video-preview":"max-video-preview:-1"},"canonical":"https:\/\/beautyinstitute.ee\/toode\/beautiful-eyes-ampullid-hyaluron-firming-peptide\/","og_locale":"ru_RU","og_type":"article","og_title":"Beautiful Eyes Ampullid \"Hyaluron & Firming Peptide - Beauty Institute","og_description":"Toime H\u00fcaluroonhape t\u00e4idab peened jooned ja kuivusest tingitud kortsukesed, aidates nahal p\u00fcsida siledamana ja niisutatuna. Toetab kollageeni s\u00fcnteesi, mis aitab v\u00e4hendada kortsude n\u00e4htavust. Silma\u00fcmbruspiirkond on kaitstud kuivamise eest ning n\u00e4eb v\u00e4lja v\u00e4rskem ja puhanum. Sobib: K\u00f5igile nahat\u00fc\u00fcpidele. Eelised ideaalne kasutamiseks kuurina v\u00f5i p\u00fcsihooldusena toetab kollageeni s\u00fcnteesi muudab silma\u00fcmbruse nooruslikumaks Oluline teave V\u00e4ltida toote sattumist silma. [&hellip;]","og_url":"https:\/\/beautyinstitute.ee\/toode\/beautiful-eyes-ampullid-hyaluron-firming-peptide\/","og_site_name":"Beauty Institute","article_modified_time":"2026-04-24T11:18:40+00:00","og_image":[{"width":1920,"height":1920,"url":"https:\/\/beautyinstitute.ee\/wp-content\/uploads\/2025\/11\/beautiful-eye.jpg","type":"image\/jpeg"}],"twitter_card":"summary_large_image","twitter_site":"@Beauty_Eesti","twitter_misc":{"\u041f\u0440\u0438\u043c\u0435\u0440\u043d\u043e\u0435 \u0432\u0440\u0435\u043c\u044f \u0434\u043b\u044f \u0447\u0442\u0435\u043d\u0438\u044f":"1 \u043c\u0438\u043d\u0443\u0442\u0430"},"schema":{"@context":"https:\/\/schema.org","@graph":[{"@type":"WebPage","@id":"https:\/\/beautyinstitute.ee\/toode\/beautiful-eyes-ampullid-hyaluron-firming-peptide\/","url":"https:\/\/beautyinstitute.ee\/toode\/beautiful-eyes-ampullid-hyaluron-firming-peptide\/","name":"Beautiful Eyes Ampullid \"Hyaluron & Firming Peptide - Beauty Institute","isPartOf":{"@id":"https:\/\/beautyinstitute.ee\/#website"},"primaryImageOfPage":{"@id":"https:\/\/beautyinstitute.ee\/toode\/beautiful-eyes-ampullid-hyaluron-firming-peptide\/#primaryimage"},"image":{"@id":"https:\/\/beautyinstitute.ee\/toode\/beautiful-eyes-ampullid-hyaluron-firming-peptide\/#primaryimage"},"thumbnailUrl":"https:\/\/beautyinstitute.ee\/wp-content\/uploads\/2025\/11\/beautiful-eye.jpg","datePublished":"2025-11-14T10:24:56+00:00","dateModified":"2026-04-24T11:18:40+00:00","breadcrumb":{"@id":"https:\/\/beautyinstitute.ee\/toode\/beautiful-eyes-ampullid-hyaluron-firming-peptide\/#breadcrumb"},"inLanguage":"ru-RU","potentialAction":[{"@type":"ReadAction","target":["https:\/\/beautyinstitute.ee\/toode\/beautiful-eyes-ampullid-hyaluron-firming-peptide\/"]}]},{"@type":"ImageObject","inLanguage":"ru-RU","@id":"https:\/\/beautyinstitute.ee\/toode\/beautiful-eyes-ampullid-hyaluron-firming-peptide\/#primaryimage","url":"https:\/\/beautyinstitute.ee\/wp-content\/uploads\/2025\/11\/beautiful-eye.jpg","contentUrl":"https:\/\/beautyinstitute.ee\/wp-content\/uploads\/2025\/11\/beautiful-eye.jpg","width":1920,"height":1920},{"@type":"BreadcrumbList","@id":"https:\/\/beautyinstitute.ee\/toode\/beautiful-eyes-ampullid-hyaluron-firming-peptide\/#breadcrumb","itemListElement":[{"@type":"ListItem","position":1,"name":"Home","item":"https:\/\/beautyinstitute.ee\/ru\/"},{"@type":"ListItem","position":2,"name":"E-pood","item":"https:\/\/beautyinstitute.ee\/e-pood\/"},{"@type":"ListItem","position":3,"name":"Beautiful Eyes Ampullid &#8220;Hyaluron &#038; Firming Peptide"}]},{"@type":"WebSite","@id":"https:\/\/beautyinstitute.ee\/#website","url":"https:\/\/beautyinstitute.ee\/","name":"Beauty Institute","description":"CNC Cosmetic ametlik maaletooja ja edasim\u00fc\u00fcja Eestis, Soomes, L\u00e4tis. Aparaadikosmeetika, koolitused, kosmeetikatooted.","potentialAction":[{"@type":"SearchAction","target":{"@type":"EntryPoint","urlTemplate":"https:\/\/beautyinstitute.ee\/?s={search_term_string}"},"query-input":{"@type":"PropertyValueSpecification","valueRequired":true,"valueName":"search_term_string"}}],"inLanguage":"ru-RU"}]}},"_links":{"self":[{"href":"https:\/\/beautyinstitute.ee\/ru\/wp-json\/wp\/v2\/product\/36176","targetHints":{"allow":["GET"]}}],"collection":[{"href":"https:\/\/beautyinstitute.ee\/ru\/wp-json\/wp\/v2\/product"}],"about":[{"href":"https:\/\/beautyinstitute.ee\/ru\/wp-json\/wp\/v2\/types\/product"}],"wp:featuredmedia":[{"embeddable":true,"href":"https:\/\/beautyinstitute.ee\/ru\/wp-json\/wp\/v2\/media\/36180"}],"wp:attachment":[{"href":"https:\/\/beautyinstitute.ee\/ru\/wp-json\/wp\/v2\/media?parent=36176"}],"wp:term":[{"taxonomy":"product_cat","embeddable":true,"href":"https:\/\/beautyinstitute.ee\/ru\/wp-json\/wp\/v2\/product_cat?post=36176"},{"taxonomy":"product_tag","embeddable":true,"href":"https:\/\/beautyinstitute.ee\/ru\/wp-json\/wp\/v2\/product_tag?post=36176"}],"curies":[{"name":"wp","href":"https:\/\/api.w.org\/{rel}","templated":true}]}}