{"id":3671,"date":"2019-04-12T12:55:43","date_gmt":"2019-04-12T09:55:43","guid":{"rendered":"https:\/\/beautyinstitute.ee\/?post_type=product&#038;p=3671"},"modified":"2026-03-24T10:41:51","modified_gmt":"2026-03-24T08:41:51","slug":"steril-hyaluron-seerum-1x4ml","status":"publish","type":"product","link":"https:\/\/beautyinstitute.ee\/ru\/toode\/steril-hyaluron-seerum-1x4ml\/","title":{"rendered":"Steril Hyaluron Seerum 1X4Ml"},"content":{"rendered":"<p><strong>Kontsentreeritud steriilne h\u00fcaluroonhappe lahus.<\/strong><\/p>\n<p>\u00dclimalt t\u00f5hus geeljas seerum, mis sisaldab puhast h\u00fcaluroonhapet. Annab nahale intensiivse niisutuse. T\u00f5stva efektiga, kortsud on\u00a0 silmn\u00e4htavalt v\u00e4iksemad.<\/p>\n<p><strong>Eelised:<\/strong><\/p>\n<ul>\n<li>optimaalne sobivus<\/li>\n<li>varustab nahka niiskusega ja on pehmendava toimega<\/li>\n<\/ul>\n<p><strong>Sobilik:<\/strong> k\u00f5ik nahat\u00fc\u00fcbid.<\/p>\n<p><strong>Toimeaine:<\/strong> k\u00f5rge kontsentratsiooniga h\u00fcaluroonhape.<\/p>\n<p>&nbsp;<\/p>\n","protected":false},"excerpt":{"rendered":"<p>Kontsentreeritud steriilne h\u00fcaluroonhappe lahus. \u00dclimalt t\u00f5hus geeljas seerum, mis sisaldab puhast h\u00fcaluroonhapet. Annab nahale intensiivse niisutuse. T\u00f5stva efektiga, kortsud on\u00a0 silmn\u00e4htavalt v\u00e4iksemad. Eelised: optimaalne sobivus varustab nahka niiskusega ja on pehmendava toimega Sobilik: k\u00f5ik nahat\u00fc\u00fcbid. Toimeaine: k\u00f5rge kontsentratsiooniga h\u00fcaluroonhape. &nbsp;<\/p>\n","protected":false},"featured_media":11397,"template":"","meta":{"_acf_changed":false},"product_cat":[137],"product_tag":[],"class_list":["post-3671","product","type-product","status-publish","has-post-thumbnail","hentry","product_cat-micro-needling-pen"],"acf":[],"yoast_head":"<!-- This site is optimized with the Yoast SEO plugin v25.4 - https:\/\/yoast.com\/wordpress\/plugins\/seo\/ -->\n<title>Steril Hyaluron Seerum 1X4Ml - Beauty Institute<\/title>\n<meta name=\"robots\" content=\"index, follow, max-snippet:-1, max-image-preview:large, max-video-preview:-1\" \/>\n<link rel=\"canonical\" href=\"https:\/\/beautyinstitute.ee\/toode\/steril-hyaluron-seerum-1x4ml\/\" \/>\n<meta property=\"og:locale\" content=\"ru_RU\" \/>\n<meta property=\"og:type\" content=\"article\" \/>\n<meta property=\"og:title\" content=\"Steril Hyaluron Seerum 1X4Ml - Beauty Institute\" \/>\n<meta property=\"og:description\" content=\"Kontsentreeritud steriilne h\u00fcaluroonhappe lahus. \u00dclimalt t\u00f5hus geeljas seerum, mis sisaldab puhast h\u00fcaluroonhapet. Annab nahale intensiivse niisutuse. T\u00f5stva efektiga, kortsud on\u00a0 silmn\u00e4htavalt v\u00e4iksemad. Eelised: optimaalne sobivus varustab nahka niiskusega ja on pehmendava toimega Sobilik: k\u00f5ik nahat\u00fc\u00fcbid. Toimeaine: k\u00f5rge kontsentratsiooniga h\u00fcaluroonhape. &nbsp;\" \/>\n<meta property=\"og:url\" content=\"https:\/\/beautyinstitute.ee\/toode\/steril-hyaluron-seerum-1x4ml\/\" \/>\n<meta property=\"og:site_name\" content=\"Beauty Institute\" \/>\n<meta property=\"article:modified_time\" content=\"2026-03-24T08:41:51+00:00\" \/>\n<meta property=\"og:image\" content=\"https:\/\/beautyinstitute.ee\/wp-content\/uploads\/2019\/04\/hyal-forte-steril-suur.jpg\" \/>\n\t<meta property=\"og:image:width\" content=\"1688\" \/>\n\t<meta property=\"og:image:height\" content=\"1376\" \/>\n\t<meta property=\"og:image:type\" content=\"image\/jpeg\" \/>\n<meta name=\"twitter:card\" content=\"summary_large_image\" \/>\n<meta name=\"twitter:site\" content=\"@Beauty_Eesti\" \/>\n<meta name=\"twitter:label1\" content=\"\u041f\u0440\u0438\u043c\u0435\u0440\u043d\u043e\u0435 \u0432\u0440\u0435\u043c\u044f \u0434\u043b\u044f \u0447\u0442\u0435\u043d\u0438\u044f\" \/>\n\t<meta name=\"twitter:data1\" content=\"1 \u043c\u0438\u043d\u0443\u0442\u0430\" \/>\n<script type=\"application\/ld+json\" class=\"yoast-schema-graph\">{\"@context\":\"https:\/\/schema.org\",\"@graph\":[{\"@type\":\"WebPage\",\"@id\":\"https:\/\/beautyinstitute.ee\/toode\/steril-hyaluron-seerum-1x4ml\/\",\"url\":\"https:\/\/beautyinstitute.ee\/toode\/steril-hyaluron-seerum-1x4ml\/\",\"name\":\"Steril Hyaluron Seerum 1X4Ml - Beauty Institute\",\"isPartOf\":{\"@id\":\"https:\/\/beautyinstitute.ee\/#website\"},\"primaryImageOfPage\":{\"@id\":\"https:\/\/beautyinstitute.ee\/toode\/steril-hyaluron-seerum-1x4ml\/#primaryimage\"},\"image\":{\"@id\":\"https:\/\/beautyinstitute.ee\/toode\/steril-hyaluron-seerum-1x4ml\/#primaryimage\"},\"thumbnailUrl\":\"https:\/\/beautyinstitute.ee\/wp-content\/uploads\/2019\/04\/hyal-forte-steril-suur.jpg\",\"datePublished\":\"2019-04-12T09:55:43+00:00\",\"dateModified\":\"2026-03-24T08:41:51+00:00\",\"breadcrumb\":{\"@id\":\"https:\/\/beautyinstitute.ee\/toode\/steril-hyaluron-seerum-1x4ml\/#breadcrumb\"},\"inLanguage\":\"ru-RU\",\"potentialAction\":[{\"@type\":\"ReadAction\",\"target\":[\"https:\/\/beautyinstitute.ee\/toode\/steril-hyaluron-seerum-1x4ml\/\"]}]},{\"@type\":\"ImageObject\",\"inLanguage\":\"ru-RU\",\"@id\":\"https:\/\/beautyinstitute.ee\/toode\/steril-hyaluron-seerum-1x4ml\/#primaryimage\",\"url\":\"https:\/\/beautyinstitute.ee\/wp-content\/uploads\/2019\/04\/hyal-forte-steril-suur.jpg\",\"contentUrl\":\"https:\/\/beautyinstitute.ee\/wp-content\/uploads\/2019\/04\/hyal-forte-steril-suur.jpg\",\"width\":1688,\"height\":1376},{\"@type\":\"BreadcrumbList\",\"@id\":\"https:\/\/beautyinstitute.ee\/toode\/steril-hyaluron-seerum-1x4ml\/#breadcrumb\",\"itemListElement\":[{\"@type\":\"ListItem\",\"position\":1,\"name\":\"Home\",\"item\":\"https:\/\/beautyinstitute.ee\/ru\/\"},{\"@type\":\"ListItem\",\"position\":2,\"name\":\"E-pood\",\"item\":\"https:\/\/beautyinstitute.ee\/e-pood\/\"},{\"@type\":\"ListItem\",\"position\":3,\"name\":\"Steril Hyaluron Seerum 1X4Ml\"}]},{\"@type\":\"WebSite\",\"@id\":\"https:\/\/beautyinstitute.ee\/#website\",\"url\":\"https:\/\/beautyinstitute.ee\/\",\"name\":\"Beauty Institute\",\"description\":\"CNC Cosmetic ametlik maaletooja ja edasim\u00fc\u00fcja Eestis, Soomes, L\u00e4tis. Aparaadikosmeetika, koolitused, kosmeetikatooted.\",\"potentialAction\":[{\"@type\":\"SearchAction\",\"target\":{\"@type\":\"EntryPoint\",\"urlTemplate\":\"https:\/\/beautyinstitute.ee\/?s={search_term_string}\"},\"query-input\":{\"@type\":\"PropertyValueSpecification\",\"valueRequired\":true,\"valueName\":\"search_term_string\"}}],\"inLanguage\":\"ru-RU\"}]}<\/script>\n<!-- \/ Yoast SEO plugin. -->","yoast_head_json":{"title":"Steril Hyaluron Seerum 1X4Ml - Beauty Institute","robots":{"index":"index","follow":"follow","max-snippet":"max-snippet:-1","max-image-preview":"max-image-preview:large","max-video-preview":"max-video-preview:-1"},"canonical":"https:\/\/beautyinstitute.ee\/toode\/steril-hyaluron-seerum-1x4ml\/","og_locale":"ru_RU","og_type":"article","og_title":"Steril Hyaluron Seerum 1X4Ml - Beauty Institute","og_description":"Kontsentreeritud steriilne h\u00fcaluroonhappe lahus. \u00dclimalt t\u00f5hus geeljas seerum, mis sisaldab puhast h\u00fcaluroonhapet. Annab nahale intensiivse niisutuse. T\u00f5stva efektiga, kortsud on\u00a0 silmn\u00e4htavalt v\u00e4iksemad. Eelised: optimaalne sobivus varustab nahka niiskusega ja on pehmendava toimega Sobilik: k\u00f5ik nahat\u00fc\u00fcbid. Toimeaine: k\u00f5rge kontsentratsiooniga h\u00fcaluroonhape. &nbsp;","og_url":"https:\/\/beautyinstitute.ee\/toode\/steril-hyaluron-seerum-1x4ml\/","og_site_name":"Beauty Institute","article_modified_time":"2026-03-24T08:41:51+00:00","og_image":[{"width":1688,"height":1376,"url":"https:\/\/beautyinstitute.ee\/wp-content\/uploads\/2019\/04\/hyal-forte-steril-suur.jpg","type":"image\/jpeg"}],"twitter_card":"summary_large_image","twitter_site":"@Beauty_Eesti","twitter_misc":{"\u041f\u0440\u0438\u043c\u0435\u0440\u043d\u043e\u0435 \u0432\u0440\u0435\u043c\u044f \u0434\u043b\u044f \u0447\u0442\u0435\u043d\u0438\u044f":"1 \u043c\u0438\u043d\u0443\u0442\u0430"},"schema":{"@context":"https:\/\/schema.org","@graph":[{"@type":"WebPage","@id":"https:\/\/beautyinstitute.ee\/toode\/steril-hyaluron-seerum-1x4ml\/","url":"https:\/\/beautyinstitute.ee\/toode\/steril-hyaluron-seerum-1x4ml\/","name":"Steril Hyaluron Seerum 1X4Ml - Beauty Institute","isPartOf":{"@id":"https:\/\/beautyinstitute.ee\/#website"},"primaryImageOfPage":{"@id":"https:\/\/beautyinstitute.ee\/toode\/steril-hyaluron-seerum-1x4ml\/#primaryimage"},"image":{"@id":"https:\/\/beautyinstitute.ee\/toode\/steril-hyaluron-seerum-1x4ml\/#primaryimage"},"thumbnailUrl":"https:\/\/beautyinstitute.ee\/wp-content\/uploads\/2019\/04\/hyal-forte-steril-suur.jpg","datePublished":"2019-04-12T09:55:43+00:00","dateModified":"2026-03-24T08:41:51+00:00","breadcrumb":{"@id":"https:\/\/beautyinstitute.ee\/toode\/steril-hyaluron-seerum-1x4ml\/#breadcrumb"},"inLanguage":"ru-RU","potentialAction":[{"@type":"ReadAction","target":["https:\/\/beautyinstitute.ee\/toode\/steril-hyaluron-seerum-1x4ml\/"]}]},{"@type":"ImageObject","inLanguage":"ru-RU","@id":"https:\/\/beautyinstitute.ee\/toode\/steril-hyaluron-seerum-1x4ml\/#primaryimage","url":"https:\/\/beautyinstitute.ee\/wp-content\/uploads\/2019\/04\/hyal-forte-steril-suur.jpg","contentUrl":"https:\/\/beautyinstitute.ee\/wp-content\/uploads\/2019\/04\/hyal-forte-steril-suur.jpg","width":1688,"height":1376},{"@type":"BreadcrumbList","@id":"https:\/\/beautyinstitute.ee\/toode\/steril-hyaluron-seerum-1x4ml\/#breadcrumb","itemListElement":[{"@type":"ListItem","position":1,"name":"Home","item":"https:\/\/beautyinstitute.ee\/ru\/"},{"@type":"ListItem","position":2,"name":"E-pood","item":"https:\/\/beautyinstitute.ee\/e-pood\/"},{"@type":"ListItem","position":3,"name":"Steril Hyaluron Seerum 1X4Ml"}]},{"@type":"WebSite","@id":"https:\/\/beautyinstitute.ee\/#website","url":"https:\/\/beautyinstitute.ee\/","name":"Beauty Institute","description":"CNC Cosmetic ametlik maaletooja ja edasim\u00fc\u00fcja Eestis, Soomes, L\u00e4tis. Aparaadikosmeetika, koolitused, kosmeetikatooted.","potentialAction":[{"@type":"SearchAction","target":{"@type":"EntryPoint","urlTemplate":"https:\/\/beautyinstitute.ee\/?s={search_term_string}"},"query-input":{"@type":"PropertyValueSpecification","valueRequired":true,"valueName":"search_term_string"}}],"inLanguage":"ru-RU"}]}},"_links":{"self":[{"href":"https:\/\/beautyinstitute.ee\/ru\/wp-json\/wp\/v2\/product\/3671","targetHints":{"allow":["GET"]}}],"collection":[{"href":"https:\/\/beautyinstitute.ee\/ru\/wp-json\/wp\/v2\/product"}],"about":[{"href":"https:\/\/beautyinstitute.ee\/ru\/wp-json\/wp\/v2\/types\/product"}],"wp:featuredmedia":[{"embeddable":true,"href":"https:\/\/beautyinstitute.ee\/ru\/wp-json\/wp\/v2\/media\/11397"}],"wp:attachment":[{"href":"https:\/\/beautyinstitute.ee\/ru\/wp-json\/wp\/v2\/media?parent=3671"}],"wp:term":[{"taxonomy":"product_cat","embeddable":true,"href":"https:\/\/beautyinstitute.ee\/ru\/wp-json\/wp\/v2\/product_cat?post=3671"},{"taxonomy":"product_tag","embeddable":true,"href":"https:\/\/beautyinstitute.ee\/ru\/wp-json\/wp\/v2\/product_tag?post=3671"}],"curies":[{"name":"wp","href":"https:\/\/api.w.org\/{rel}","templated":true}]}}