{"id":36883,"date":"2026-01-08T15:22:27","date_gmt":"2026-01-08T13:22:27","guid":{"rendered":"https:\/\/beautyinstitute.ee\/?post_type=product&#038;p=36883"},"modified":"2026-04-25T13:04:12","modified_gmt":"2026-04-25T10:04:12","slug":"retinal-serum-level-1-esimene-kokkupuude","status":"publish","type":"product","link":"https:\/\/beautyinstitute.ee\/ru\/toode\/retinal-serum-level-1-esimene-kokkupuude\/","title":{"rendered":"Retinal Serum Level 1 15Ml"},"content":{"rendered":"<p data-start=\"93\" data-end=\"182\"><em data-start=\"142\" data-end=\"180\">\u201eSissejuhatus \u00f5rna naha uuenemisse.\u201c &#8211; esimene kokkupuude<\/em><\/p>\n<p data-start=\"184\" data-end=\"358\">Level 1 on loodud selleks, et harjutada nahka \u00f5rnalt retinali toimega. Kapseldatud vorm tagab aeglase ja kontrollitud vabanemise \u2013 ideaalne tundlikule ja kergesti \u00e4rrituvale nahale.<\/p>\n<p data-start=\"365\" data-end=\"376\"><strong>Toime: <\/strong>Stimuleerib rakuaktiivsust nahka \u00fcle koormamata. Nagu vaikne impulss, mis toimib s\u00fcgaval nahas\u00a0ja aitab nahal p\u00e4ev-p\u00e4evalt uueneda.<\/p>\n<ul data-start=\"513\" data-end=\"618\">\n<li data-start=\"513\" data-end=\"540\">\n<p data-start=\"515\" data-end=\"540\"><strong data-start=\"515\" data-end=\"538\">3% RETINAL kompleks<\/strong><\/p>\n<\/li>\n<li data-start=\"541\" data-end=\"618\">\n<p data-start=\"543\" data-end=\"618\"><strong data-start=\"552\" data-end=\"590\">niatsiinamiid ja h\u00fcaluroonhape <\/strong>\u00a0tugeva nahabarj\u00e4\u00e4ri jaoks<\/p>\n<\/li>\n<\/ul>\n<p data-start=\"620\" data-end=\"688\"><strong data-start=\"620\" data-end=\"632\">Eesm\u00e4rk:<\/strong> \u00f5rn raku uuenemise stimuleerimine, minimaalne \u00e4rritus<\/p>\n<p data-start=\"690\" data-end=\"746\"><strong data-start=\"690\" data-end=\"700\">Sobib:<\/strong> k\u00f5ikidele nahat\u00fc\u00fcpidele, sh tundlikule nahale<\/p>\n<p data-start=\"753\" data-end=\"769\"><strong>Kasutamine: <\/strong>Kanda \u00f5htul puhastatud ja kuivale nahale. Kanda peale <strong data-start=\"824\" data-end=\"841\">Retinal Cream<\/strong>.<\/p>\n<p data-start=\"753\" data-end=\"769\"><strong>M\u00e4rkus: <\/strong>Mitte kasutada raseduse ega imetamise ajal. Kasutamise ajal on vajalik piisav p\u00e4ikesekaitse<\/p>\n<p data-start=\"961\" data-end=\"974\"><strong>Eelised<\/strong>: Stimuleerib kollageeni, elastiini ja h\u00fcaluroonhappe tootmist<\/p>\n<ul data-start=\"975\" data-end=\"1293\">\n<li data-start=\"1040\" data-end=\"1083\">\n<p data-start=\"1042\" data-end=\"1083\">Toimib antioks\u00fcdandi ja raku taastajana<\/p>\n<\/li>\n<li data-start=\"1084\" data-end=\"1110\">\n<p data-start=\"1086\" data-end=\"1110\">Reguleerib rasueritust<\/p>\n<\/li>\n<li data-start=\"1111\" data-end=\"1136\">\n<p data-start=\"1113\" data-end=\"1136\">P\u00f5letikuvastane toime<\/p>\n<\/li>\n<li data-start=\"1137\" data-end=\"1162\">\n<p data-start=\"1139\" data-end=\"1162\">Tugevdab nahabarj\u00e4\u00e4ri<\/p>\n<\/li>\n<li data-start=\"1163\" data-end=\"1192\">\n<p data-start=\"1165\" data-end=\"1192\">Niisutab ja seob niiskust<\/p>\n<\/li>\n<li data-start=\"1193\" data-end=\"1239\">\n<p data-start=\"1195\" data-end=\"1239\">V\u00e4hendab kuivusest tingitud peeneid kortse<\/p>\n<\/li>\n<li data-start=\"1193\" data-end=\"1239\">Annab nahale t\u00e4idlasema ja siledama ilme<\/li>\n<\/ul>\n<p data-start=\"1300\" data-end=\"1325\"><strong>Peamised toimeained: <\/strong>Kapseldatud retinal, niatsiinamiid, h\u00fcaluroonhape, E-vitamiin<\/p>\n","protected":false},"excerpt":{"rendered":"<p>\u201eSissejuhatus \u00f5rna naha uuenemisse.\u201c &#8211; esimene kokkupuude Level 1 on loodud selleks, et harjutada nahka \u00f5rnalt retinali toimega. Kapseldatud vorm tagab aeglase ja kontrollitud vabanemise \u2013 ideaalne tundlikule ja kergesti \u00e4rrituvale nahale. Toime: Stimuleerib rakuaktiivsust nahka \u00fcle koormamata. Nagu vaikne impulss, mis toimib s\u00fcgaval nahas\u00a0ja aitab nahal p\u00e4ev-p\u00e4evalt uueneda. 3% RETINAL kompleks niatsiinamiid ja h\u00fcaluroonhape [&hellip;]<\/p>\n","protected":false},"featured_media":36884,"template":"","meta":{"_acf_changed":false},"product_cat":[325,278,249,186],"product_tag":[],"class_list":["post-36883","product","type-product","status-publish","has-post-thumbnail","hentry","product_cat-retinal","product_cat-cnc","product_cat-seerumid-2","product_cat-uued-tulijad"],"acf":[],"yoast_head":"<!-- This site is optimized with the Yoast SEO plugin v25.4 - https:\/\/yoast.com\/wordpress\/plugins\/seo\/ -->\n<title>Retinal Serum Level 1 15Ml - Beauty Institute<\/title>\n<meta name=\"robots\" content=\"index, follow, max-snippet:-1, max-image-preview:large, max-video-preview:-1\" \/>\n<link rel=\"canonical\" href=\"https:\/\/beautyinstitute.ee\/toode\/retinal-serum-level-1-esimene-kokkupuude\/\" \/>\n<meta property=\"og:locale\" content=\"ru_RU\" \/>\n<meta property=\"og:type\" content=\"article\" \/>\n<meta property=\"og:title\" content=\"Retinal Serum Level 1 15Ml - Beauty Institute\" \/>\n<meta property=\"og:description\" content=\"\u201eSissejuhatus \u00f5rna naha uuenemisse.\u201c &#8211; esimene kokkupuude Level 1 on loodud selleks, et harjutada nahka \u00f5rnalt retinali toimega. Kapseldatud vorm tagab aeglase ja kontrollitud vabanemise \u2013 ideaalne tundlikule ja kergesti \u00e4rrituvale nahale. Toime: Stimuleerib rakuaktiivsust nahka \u00fcle koormamata. Nagu vaikne impulss, mis toimib s\u00fcgaval nahas\u00a0ja aitab nahal p\u00e4ev-p\u00e4evalt uueneda. 3% RETINAL kompleks niatsiinamiid ja h\u00fcaluroonhape [&hellip;]\" \/>\n<meta property=\"og:url\" content=\"https:\/\/beautyinstitute.ee\/toode\/retinal-serum-level-1-esimene-kokkupuude\/\" \/>\n<meta property=\"og:site_name\" content=\"Beauty Institute\" \/>\n<meta property=\"article:modified_time\" content=\"2026-04-25T10:04:12+00:00\" \/>\n<meta property=\"og:image\" content=\"https:\/\/beautyinstitute.ee\/wp-content\/uploads\/2026\/01\/retinal-1.jpg\" \/>\n\t<meta property=\"og:image:width\" content=\"1920\" \/>\n\t<meta property=\"og:image:height\" content=\"1920\" \/>\n\t<meta property=\"og:image:type\" content=\"image\/jpeg\" \/>\n<meta name=\"twitter:card\" content=\"summary_large_image\" \/>\n<meta name=\"twitter:site\" content=\"@Beauty_Eesti\" \/>\n<meta name=\"twitter:label1\" content=\"\u041f\u0440\u0438\u043c\u0435\u0440\u043d\u043e\u0435 \u0432\u0440\u0435\u043c\u044f \u0434\u043b\u044f \u0447\u0442\u0435\u043d\u0438\u044f\" \/>\n\t<meta name=\"twitter:data1\" content=\"1 \u043c\u0438\u043d\u0443\u0442\u0430\" \/>\n<script type=\"application\/ld+json\" class=\"yoast-schema-graph\">{\"@context\":\"https:\/\/schema.org\",\"@graph\":[{\"@type\":\"WebPage\",\"@id\":\"https:\/\/beautyinstitute.ee\/toode\/retinal-serum-level-1-esimene-kokkupuude\/\",\"url\":\"https:\/\/beautyinstitute.ee\/toode\/retinal-serum-level-1-esimene-kokkupuude\/\",\"name\":\"Retinal Serum Level 1 15Ml - Beauty Institute\",\"isPartOf\":{\"@id\":\"https:\/\/beautyinstitute.ee\/#website\"},\"primaryImageOfPage\":{\"@id\":\"https:\/\/beautyinstitute.ee\/toode\/retinal-serum-level-1-esimene-kokkupuude\/#primaryimage\"},\"image\":{\"@id\":\"https:\/\/beautyinstitute.ee\/toode\/retinal-serum-level-1-esimene-kokkupuude\/#primaryimage\"},\"thumbnailUrl\":\"https:\/\/beautyinstitute.ee\/wp-content\/uploads\/2026\/01\/retinal-1.jpg\",\"datePublished\":\"2026-01-08T13:22:27+00:00\",\"dateModified\":\"2026-04-25T10:04:12+00:00\",\"breadcrumb\":{\"@id\":\"https:\/\/beautyinstitute.ee\/toode\/retinal-serum-level-1-esimene-kokkupuude\/#breadcrumb\"},\"inLanguage\":\"ru-RU\",\"potentialAction\":[{\"@type\":\"ReadAction\",\"target\":[\"https:\/\/beautyinstitute.ee\/toode\/retinal-serum-level-1-esimene-kokkupuude\/\"]}]},{\"@type\":\"ImageObject\",\"inLanguage\":\"ru-RU\",\"@id\":\"https:\/\/beautyinstitute.ee\/toode\/retinal-serum-level-1-esimene-kokkupuude\/#primaryimage\",\"url\":\"https:\/\/beautyinstitute.ee\/wp-content\/uploads\/2026\/01\/retinal-1.jpg\",\"contentUrl\":\"https:\/\/beautyinstitute.ee\/wp-content\/uploads\/2026\/01\/retinal-1.jpg\",\"width\":1920,\"height\":1920},{\"@type\":\"BreadcrumbList\",\"@id\":\"https:\/\/beautyinstitute.ee\/toode\/retinal-serum-level-1-esimene-kokkupuude\/#breadcrumb\",\"itemListElement\":[{\"@type\":\"ListItem\",\"position\":1,\"name\":\"Home\",\"item\":\"https:\/\/beautyinstitute.ee\/ru\/\"},{\"@type\":\"ListItem\",\"position\":2,\"name\":\"E-pood\",\"item\":\"https:\/\/beautyinstitute.ee\/e-pood\/\"},{\"@type\":\"ListItem\",\"position\":3,\"name\":\"Retinal Serum Level 1 15Ml\"}]},{\"@type\":\"WebSite\",\"@id\":\"https:\/\/beautyinstitute.ee\/#website\",\"url\":\"https:\/\/beautyinstitute.ee\/\",\"name\":\"Beauty Institute\",\"description\":\"CNC Cosmetic ametlik maaletooja ja edasim\u00fc\u00fcja Eestis, Soomes, L\u00e4tis. Aparaadikosmeetika, koolitused, kosmeetikatooted.\",\"potentialAction\":[{\"@type\":\"SearchAction\",\"target\":{\"@type\":\"EntryPoint\",\"urlTemplate\":\"https:\/\/beautyinstitute.ee\/?s={search_term_string}\"},\"query-input\":{\"@type\":\"PropertyValueSpecification\",\"valueRequired\":true,\"valueName\":\"search_term_string\"}}],\"inLanguage\":\"ru-RU\"}]}<\/script>\n<!-- \/ Yoast SEO plugin. -->","yoast_head_json":{"title":"Retinal Serum Level 1 15Ml - Beauty Institute","robots":{"index":"index","follow":"follow","max-snippet":"max-snippet:-1","max-image-preview":"max-image-preview:large","max-video-preview":"max-video-preview:-1"},"canonical":"https:\/\/beautyinstitute.ee\/toode\/retinal-serum-level-1-esimene-kokkupuude\/","og_locale":"ru_RU","og_type":"article","og_title":"Retinal Serum Level 1 15Ml - Beauty Institute","og_description":"\u201eSissejuhatus \u00f5rna naha uuenemisse.\u201c &#8211; esimene kokkupuude Level 1 on loodud selleks, et harjutada nahka \u00f5rnalt retinali toimega. Kapseldatud vorm tagab aeglase ja kontrollitud vabanemise \u2013 ideaalne tundlikule ja kergesti \u00e4rrituvale nahale. Toime: Stimuleerib rakuaktiivsust nahka \u00fcle koormamata. Nagu vaikne impulss, mis toimib s\u00fcgaval nahas\u00a0ja aitab nahal p\u00e4ev-p\u00e4evalt uueneda. 3% RETINAL kompleks niatsiinamiid ja h\u00fcaluroonhape [&hellip;]","og_url":"https:\/\/beautyinstitute.ee\/toode\/retinal-serum-level-1-esimene-kokkupuude\/","og_site_name":"Beauty Institute","article_modified_time":"2026-04-25T10:04:12+00:00","og_image":[{"width":1920,"height":1920,"url":"https:\/\/beautyinstitute.ee\/wp-content\/uploads\/2026\/01\/retinal-1.jpg","type":"image\/jpeg"}],"twitter_card":"summary_large_image","twitter_site":"@Beauty_Eesti","twitter_misc":{"\u041f\u0440\u0438\u043c\u0435\u0440\u043d\u043e\u0435 \u0432\u0440\u0435\u043c\u044f \u0434\u043b\u044f \u0447\u0442\u0435\u043d\u0438\u044f":"1 \u043c\u0438\u043d\u0443\u0442\u0430"},"schema":{"@context":"https:\/\/schema.org","@graph":[{"@type":"WebPage","@id":"https:\/\/beautyinstitute.ee\/toode\/retinal-serum-level-1-esimene-kokkupuude\/","url":"https:\/\/beautyinstitute.ee\/toode\/retinal-serum-level-1-esimene-kokkupuude\/","name":"Retinal Serum Level 1 15Ml - Beauty Institute","isPartOf":{"@id":"https:\/\/beautyinstitute.ee\/#website"},"primaryImageOfPage":{"@id":"https:\/\/beautyinstitute.ee\/toode\/retinal-serum-level-1-esimene-kokkupuude\/#primaryimage"},"image":{"@id":"https:\/\/beautyinstitute.ee\/toode\/retinal-serum-level-1-esimene-kokkupuude\/#primaryimage"},"thumbnailUrl":"https:\/\/beautyinstitute.ee\/wp-content\/uploads\/2026\/01\/retinal-1.jpg","datePublished":"2026-01-08T13:22:27+00:00","dateModified":"2026-04-25T10:04:12+00:00","breadcrumb":{"@id":"https:\/\/beautyinstitute.ee\/toode\/retinal-serum-level-1-esimene-kokkupuude\/#breadcrumb"},"inLanguage":"ru-RU","potentialAction":[{"@type":"ReadAction","target":["https:\/\/beautyinstitute.ee\/toode\/retinal-serum-level-1-esimene-kokkupuude\/"]}]},{"@type":"ImageObject","inLanguage":"ru-RU","@id":"https:\/\/beautyinstitute.ee\/toode\/retinal-serum-level-1-esimene-kokkupuude\/#primaryimage","url":"https:\/\/beautyinstitute.ee\/wp-content\/uploads\/2026\/01\/retinal-1.jpg","contentUrl":"https:\/\/beautyinstitute.ee\/wp-content\/uploads\/2026\/01\/retinal-1.jpg","width":1920,"height":1920},{"@type":"BreadcrumbList","@id":"https:\/\/beautyinstitute.ee\/toode\/retinal-serum-level-1-esimene-kokkupuude\/#breadcrumb","itemListElement":[{"@type":"ListItem","position":1,"name":"Home","item":"https:\/\/beautyinstitute.ee\/ru\/"},{"@type":"ListItem","position":2,"name":"E-pood","item":"https:\/\/beautyinstitute.ee\/e-pood\/"},{"@type":"ListItem","position":3,"name":"Retinal Serum Level 1 15Ml"}]},{"@type":"WebSite","@id":"https:\/\/beautyinstitute.ee\/#website","url":"https:\/\/beautyinstitute.ee\/","name":"Beauty Institute","description":"CNC Cosmetic ametlik maaletooja ja edasim\u00fc\u00fcja Eestis, Soomes, L\u00e4tis. Aparaadikosmeetika, koolitused, kosmeetikatooted.","potentialAction":[{"@type":"SearchAction","target":{"@type":"EntryPoint","urlTemplate":"https:\/\/beautyinstitute.ee\/?s={search_term_string}"},"query-input":{"@type":"PropertyValueSpecification","valueRequired":true,"valueName":"search_term_string"}}],"inLanguage":"ru-RU"}]}},"_links":{"self":[{"href":"https:\/\/beautyinstitute.ee\/ru\/wp-json\/wp\/v2\/product\/36883","targetHints":{"allow":["GET"]}}],"collection":[{"href":"https:\/\/beautyinstitute.ee\/ru\/wp-json\/wp\/v2\/product"}],"about":[{"href":"https:\/\/beautyinstitute.ee\/ru\/wp-json\/wp\/v2\/types\/product"}],"wp:featuredmedia":[{"embeddable":true,"href":"https:\/\/beautyinstitute.ee\/ru\/wp-json\/wp\/v2\/media\/36884"}],"wp:attachment":[{"href":"https:\/\/beautyinstitute.ee\/ru\/wp-json\/wp\/v2\/media?parent=36883"}],"wp:term":[{"taxonomy":"product_cat","embeddable":true,"href":"https:\/\/beautyinstitute.ee\/ru\/wp-json\/wp\/v2\/product_cat?post=36883"},{"taxonomy":"product_tag","embeddable":true,"href":"https:\/\/beautyinstitute.ee\/ru\/wp-json\/wp\/v2\/product_tag?post=36883"}],"curies":[{"name":"wp","href":"https:\/\/api.w.org\/{rel}","templated":true}]}}