{"id":36887,"date":"2026-01-08T15:41:32","date_gmt":"2026-01-08T13:41:32","guid":{"rendered":"https:\/\/beautyinstitute.ee\/?post_type=product&#038;p=36887"},"modified":"2026-04-19T16:15:39","modified_gmt":"2026-04-19T13:15:39","slug":"retinal-serum-level-2-15ml","status":"publish","type":"product","link":"https:\/\/beautyinstitute.ee\/ru\/toode\/retinal-serum-level-2-15ml\/","title":{"rendered":"Retinal Serum Level 2 15Ml"},"content":{"rendered":"<p data-start=\"93\" data-end=\"210\"><em data-start=\"143\" data-end=\"208\">\u201eNahale, mis soovib enamat kui hooldust \u2013 ta soovib kontrolli.\u201c &#8211; aeg uues t\u00e4henduses<\/em><\/p>\n<p data-start=\"212\" data-end=\"342\">Level 2 on naha transformatsiooni v\u00f5imas j\u00e4tk. See on m\u00f5eldud nahale, millel on s\u00fcgavamad vajadused ja n\u00e4htavad vananemise m\u00e4rgid.<\/p>\n<p data-start=\"349\" data-end=\"360\"><strong>Toime: <\/strong>Tugev <strong data-start=\"367\" data-end=\"378\">2. faas<\/strong> intensiivsemaks ja s\u00fcgavamaks hoolduseks. \u00a0K\u00f5rge kontsentratsiooniga kapseldatud retinal koos niatsiinamiidi ja h\u00fcaluroonhappega tagab funktsionaalse naha noorenemise. Naha uuenemisprotsessid aktiveeritakse pikaajaliselt ning peened jooned, elastsuse kadu ja tuhm jume paranevad m\u00e4rgatavalt.<\/p>\n<p data-start=\"679\" data-end=\"690\"><strong>Sobib: <\/strong>K\u00fcpsele nahale, millel esinevad n\u00e4htavad naha vananemise tunnused.<\/p>\n<p data-start=\"763\" data-end=\"779\"><strong>Kasutamine: <\/strong>Kanda \u00f5htul puhastatud ja kuivale nahale. Kanda peale <strong data-start=\"834\" data-end=\"851\">Retinal Cream<\/strong>.<\/p>\n<p data-start=\"859\" data-end=\"871\"><strong>M\u00e4rkus: <\/strong>Mitte kasutada raseduse ega imetamise ajal. Kasutamise ajal on vajalik piisav p\u00e4ikesekaitse.<\/p>\n<h3 data-start=\"971\" data-end=\"984\">Eelised<\/h3>\n<ul data-start=\"985\" data-end=\"1254\">\n<li data-start=\"985\" data-end=\"1014\">\n<p data-start=\"987\" data-end=\"1014\">Niisutab ja seob niiskust<\/p>\n<\/li>\n<li data-start=\"1015\" data-end=\"1061\">\n<p data-start=\"1017\" data-end=\"1061\">V\u00e4hendab kuivusest tingitud peeneid kortse<\/p>\n<\/li>\n<li data-start=\"1062\" data-end=\"1120\">\n<p data-start=\"1064\" data-end=\"1120\">Muudab naha t\u00e4idlasemaks<\/p>\n<\/li>\n<li data-start=\"1121\" data-end=\"1156\">\n<p data-start=\"1123\" data-end=\"1156\">Kaitseb vabade radikaalide eest<\/p>\n<\/li>\n<li data-start=\"1157\" data-end=\"1202\">\n<p data-start=\"1159\" data-end=\"1202\">Aitab ennetada enneaegset naha vananemist<\/p>\n<\/li>\n<li data-start=\"1203\" data-end=\"1228\">\n<p data-start=\"1205\" data-end=\"1228\">Tugevdab nahabarj\u00e4\u00e4ri<\/p>\n<\/li>\n<li data-start=\"1229\" data-end=\"1254\">\n<p data-start=\"1231\" data-end=\"1254\">P\u00f5letikuvastase toimega<\/p>\n<\/li>\n<\/ul>\n<p data-start=\"1261\" data-end=\"1286\"><strong>Peamised toimeained: <\/strong>Kapseldatud retinal, niatsiinamiid, h\u00fcaluroonhape, E-vitamiin<\/p>\n","protected":false},"excerpt":{"rendered":"<p>\u201eNahale, mis soovib enamat kui hooldust \u2013 ta soovib kontrolli.\u201c &#8211; aeg uues t\u00e4henduses Level 2 on naha transformatsiooni v\u00f5imas j\u00e4tk. See on m\u00f5eldud nahale, millel on s\u00fcgavamad vajadused ja n\u00e4htavad vananemise m\u00e4rgid. Toime: Tugev 2. faas intensiivsemaks ja s\u00fcgavamaks hoolduseks. \u00a0K\u00f5rge kontsentratsiooniga kapseldatud retinal koos niatsiinamiidi ja h\u00fcaluroonhappega tagab funktsionaalse naha noorenemise. Naha uuenemisprotsessid [&hellip;]<\/p>\n","protected":false},"featured_media":36889,"template":"","meta":{"_acf_changed":false},"product_cat":[325,278,249,186],"product_tag":[],"class_list":["post-36887","product","type-product","status-publish","has-post-thumbnail","hentry","product_cat-retinal","product_cat-cnc","product_cat-seerumid-2","product_cat-uued-tulijad"],"acf":[],"yoast_head":"<!-- This site is optimized with the Yoast SEO plugin v25.4 - https:\/\/yoast.com\/wordpress\/plugins\/seo\/ -->\n<title>Retinal Serum Level 2 15Ml - Beauty Institute<\/title>\n<meta name=\"robots\" content=\"index, follow, max-snippet:-1, max-image-preview:large, max-video-preview:-1\" \/>\n<link rel=\"canonical\" href=\"https:\/\/beautyinstitute.ee\/toode\/retinal-serum-level-2-15ml\/\" \/>\n<meta property=\"og:locale\" content=\"ru_RU\" \/>\n<meta property=\"og:type\" content=\"article\" \/>\n<meta property=\"og:title\" content=\"Retinal Serum Level 2 15Ml - Beauty Institute\" \/>\n<meta property=\"og:description\" content=\"\u201eNahale, mis soovib enamat kui hooldust \u2013 ta soovib kontrolli.\u201c &#8211; aeg uues t\u00e4henduses Level 2 on naha transformatsiooni v\u00f5imas j\u00e4tk. See on m\u00f5eldud nahale, millel on s\u00fcgavamad vajadused ja n\u00e4htavad vananemise m\u00e4rgid. Toime: Tugev 2. faas intensiivsemaks ja s\u00fcgavamaks hoolduseks. \u00a0K\u00f5rge kontsentratsiooniga kapseldatud retinal koos niatsiinamiidi ja h\u00fcaluroonhappega tagab funktsionaalse naha noorenemise. Naha uuenemisprotsessid [&hellip;]\" \/>\n<meta property=\"og:url\" content=\"https:\/\/beautyinstitute.ee\/toode\/retinal-serum-level-2-15ml\/\" \/>\n<meta property=\"og:site_name\" content=\"Beauty Institute\" \/>\n<meta property=\"article:modified_time\" content=\"2026-04-19T13:15:39+00:00\" \/>\n<meta property=\"og:image\" content=\"https:\/\/beautyinstitute.ee\/wp-content\/uploads\/2026\/01\/retinal-2.jpg\" \/>\n\t<meta property=\"og:image:width\" content=\"1920\" \/>\n\t<meta property=\"og:image:height\" content=\"1920\" \/>\n\t<meta property=\"og:image:type\" content=\"image\/jpeg\" \/>\n<meta name=\"twitter:card\" content=\"summary_large_image\" \/>\n<meta name=\"twitter:site\" content=\"@Beauty_Eesti\" \/>\n<meta name=\"twitter:label1\" content=\"\u041f\u0440\u0438\u043c\u0435\u0440\u043d\u043e\u0435 \u0432\u0440\u0435\u043c\u044f \u0434\u043b\u044f \u0447\u0442\u0435\u043d\u0438\u044f\" \/>\n\t<meta name=\"twitter:data1\" content=\"1 \u043c\u0438\u043d\u0443\u0442\u0430\" \/>\n<script type=\"application\/ld+json\" class=\"yoast-schema-graph\">{\"@context\":\"https:\/\/schema.org\",\"@graph\":[{\"@type\":\"WebPage\",\"@id\":\"https:\/\/beautyinstitute.ee\/toode\/retinal-serum-level-2-15ml\/\",\"url\":\"https:\/\/beautyinstitute.ee\/toode\/retinal-serum-level-2-15ml\/\",\"name\":\"Retinal Serum Level 2 15Ml - Beauty Institute\",\"isPartOf\":{\"@id\":\"https:\/\/beautyinstitute.ee\/#website\"},\"primaryImageOfPage\":{\"@id\":\"https:\/\/beautyinstitute.ee\/toode\/retinal-serum-level-2-15ml\/#primaryimage\"},\"image\":{\"@id\":\"https:\/\/beautyinstitute.ee\/toode\/retinal-serum-level-2-15ml\/#primaryimage\"},\"thumbnailUrl\":\"https:\/\/beautyinstitute.ee\/wp-content\/uploads\/2026\/01\/retinal-2.jpg\",\"datePublished\":\"2026-01-08T13:41:32+00:00\",\"dateModified\":\"2026-04-19T13:15:39+00:00\",\"breadcrumb\":{\"@id\":\"https:\/\/beautyinstitute.ee\/toode\/retinal-serum-level-2-15ml\/#breadcrumb\"},\"inLanguage\":\"ru-RU\",\"potentialAction\":[{\"@type\":\"ReadAction\",\"target\":[\"https:\/\/beautyinstitute.ee\/toode\/retinal-serum-level-2-15ml\/\"]}]},{\"@type\":\"ImageObject\",\"inLanguage\":\"ru-RU\",\"@id\":\"https:\/\/beautyinstitute.ee\/toode\/retinal-serum-level-2-15ml\/#primaryimage\",\"url\":\"https:\/\/beautyinstitute.ee\/wp-content\/uploads\/2026\/01\/retinal-2.jpg\",\"contentUrl\":\"https:\/\/beautyinstitute.ee\/wp-content\/uploads\/2026\/01\/retinal-2.jpg\",\"width\":1920,\"height\":1920},{\"@type\":\"BreadcrumbList\",\"@id\":\"https:\/\/beautyinstitute.ee\/toode\/retinal-serum-level-2-15ml\/#breadcrumb\",\"itemListElement\":[{\"@type\":\"ListItem\",\"position\":1,\"name\":\"Home\",\"item\":\"https:\/\/beautyinstitute.ee\/ru\/\"},{\"@type\":\"ListItem\",\"position\":2,\"name\":\"E-pood\",\"item\":\"https:\/\/beautyinstitute.ee\/e-pood\/\"},{\"@type\":\"ListItem\",\"position\":3,\"name\":\"Retinal Serum Level 2 15Ml\"}]},{\"@type\":\"WebSite\",\"@id\":\"https:\/\/beautyinstitute.ee\/#website\",\"url\":\"https:\/\/beautyinstitute.ee\/\",\"name\":\"Beauty Institute\",\"description\":\"CNC Cosmetic ametlik maaletooja ja edasim\u00fc\u00fcja Eestis, Soomes, L\u00e4tis. Aparaadikosmeetika, koolitused, kosmeetikatooted.\",\"potentialAction\":[{\"@type\":\"SearchAction\",\"target\":{\"@type\":\"EntryPoint\",\"urlTemplate\":\"https:\/\/beautyinstitute.ee\/?s={search_term_string}\"},\"query-input\":{\"@type\":\"PropertyValueSpecification\",\"valueRequired\":true,\"valueName\":\"search_term_string\"}}],\"inLanguage\":\"ru-RU\"}]}<\/script>\n<!-- \/ Yoast SEO plugin. -->","yoast_head_json":{"title":"Retinal Serum Level 2 15Ml - Beauty Institute","robots":{"index":"index","follow":"follow","max-snippet":"max-snippet:-1","max-image-preview":"max-image-preview:large","max-video-preview":"max-video-preview:-1"},"canonical":"https:\/\/beautyinstitute.ee\/toode\/retinal-serum-level-2-15ml\/","og_locale":"ru_RU","og_type":"article","og_title":"Retinal Serum Level 2 15Ml - Beauty Institute","og_description":"\u201eNahale, mis soovib enamat kui hooldust \u2013 ta soovib kontrolli.\u201c &#8211; aeg uues t\u00e4henduses Level 2 on naha transformatsiooni v\u00f5imas j\u00e4tk. See on m\u00f5eldud nahale, millel on s\u00fcgavamad vajadused ja n\u00e4htavad vananemise m\u00e4rgid. Toime: Tugev 2. faas intensiivsemaks ja s\u00fcgavamaks hoolduseks. \u00a0K\u00f5rge kontsentratsiooniga kapseldatud retinal koos niatsiinamiidi ja h\u00fcaluroonhappega tagab funktsionaalse naha noorenemise. Naha uuenemisprotsessid [&hellip;]","og_url":"https:\/\/beautyinstitute.ee\/toode\/retinal-serum-level-2-15ml\/","og_site_name":"Beauty Institute","article_modified_time":"2026-04-19T13:15:39+00:00","og_image":[{"width":1920,"height":1920,"url":"https:\/\/beautyinstitute.ee\/wp-content\/uploads\/2026\/01\/retinal-2.jpg","type":"image\/jpeg"}],"twitter_card":"summary_large_image","twitter_site":"@Beauty_Eesti","twitter_misc":{"\u041f\u0440\u0438\u043c\u0435\u0440\u043d\u043e\u0435 \u0432\u0440\u0435\u043c\u044f \u0434\u043b\u044f \u0447\u0442\u0435\u043d\u0438\u044f":"1 \u043c\u0438\u043d\u0443\u0442\u0430"},"schema":{"@context":"https:\/\/schema.org","@graph":[{"@type":"WebPage","@id":"https:\/\/beautyinstitute.ee\/toode\/retinal-serum-level-2-15ml\/","url":"https:\/\/beautyinstitute.ee\/toode\/retinal-serum-level-2-15ml\/","name":"Retinal Serum Level 2 15Ml - Beauty Institute","isPartOf":{"@id":"https:\/\/beautyinstitute.ee\/#website"},"primaryImageOfPage":{"@id":"https:\/\/beautyinstitute.ee\/toode\/retinal-serum-level-2-15ml\/#primaryimage"},"image":{"@id":"https:\/\/beautyinstitute.ee\/toode\/retinal-serum-level-2-15ml\/#primaryimage"},"thumbnailUrl":"https:\/\/beautyinstitute.ee\/wp-content\/uploads\/2026\/01\/retinal-2.jpg","datePublished":"2026-01-08T13:41:32+00:00","dateModified":"2026-04-19T13:15:39+00:00","breadcrumb":{"@id":"https:\/\/beautyinstitute.ee\/toode\/retinal-serum-level-2-15ml\/#breadcrumb"},"inLanguage":"ru-RU","potentialAction":[{"@type":"ReadAction","target":["https:\/\/beautyinstitute.ee\/toode\/retinal-serum-level-2-15ml\/"]}]},{"@type":"ImageObject","inLanguage":"ru-RU","@id":"https:\/\/beautyinstitute.ee\/toode\/retinal-serum-level-2-15ml\/#primaryimage","url":"https:\/\/beautyinstitute.ee\/wp-content\/uploads\/2026\/01\/retinal-2.jpg","contentUrl":"https:\/\/beautyinstitute.ee\/wp-content\/uploads\/2026\/01\/retinal-2.jpg","width":1920,"height":1920},{"@type":"BreadcrumbList","@id":"https:\/\/beautyinstitute.ee\/toode\/retinal-serum-level-2-15ml\/#breadcrumb","itemListElement":[{"@type":"ListItem","position":1,"name":"Home","item":"https:\/\/beautyinstitute.ee\/ru\/"},{"@type":"ListItem","position":2,"name":"E-pood","item":"https:\/\/beautyinstitute.ee\/e-pood\/"},{"@type":"ListItem","position":3,"name":"Retinal Serum Level 2 15Ml"}]},{"@type":"WebSite","@id":"https:\/\/beautyinstitute.ee\/#website","url":"https:\/\/beautyinstitute.ee\/","name":"Beauty Institute","description":"CNC Cosmetic ametlik maaletooja ja edasim\u00fc\u00fcja Eestis, Soomes, L\u00e4tis. Aparaadikosmeetika, koolitused, kosmeetikatooted.","potentialAction":[{"@type":"SearchAction","target":{"@type":"EntryPoint","urlTemplate":"https:\/\/beautyinstitute.ee\/?s={search_term_string}"},"query-input":{"@type":"PropertyValueSpecification","valueRequired":true,"valueName":"search_term_string"}}],"inLanguage":"ru-RU"}]}},"_links":{"self":[{"href":"https:\/\/beautyinstitute.ee\/ru\/wp-json\/wp\/v2\/product\/36887","targetHints":{"allow":["GET"]}}],"collection":[{"href":"https:\/\/beautyinstitute.ee\/ru\/wp-json\/wp\/v2\/product"}],"about":[{"href":"https:\/\/beautyinstitute.ee\/ru\/wp-json\/wp\/v2\/types\/product"}],"wp:featuredmedia":[{"embeddable":true,"href":"https:\/\/beautyinstitute.ee\/ru\/wp-json\/wp\/v2\/media\/36889"}],"wp:attachment":[{"href":"https:\/\/beautyinstitute.ee\/ru\/wp-json\/wp\/v2\/media?parent=36887"}],"wp:term":[{"taxonomy":"product_cat","embeddable":true,"href":"https:\/\/beautyinstitute.ee\/ru\/wp-json\/wp\/v2\/product_cat?post=36887"},{"taxonomy":"product_tag","embeddable":true,"href":"https:\/\/beautyinstitute.ee\/ru\/wp-json\/wp\/v2\/product_tag?post=36887"}],"curies":[{"name":"wp","href":"https:\/\/api.w.org\/{rel}","templated":true}]}}