{"id":37111,"date":"2026-02-01T16:57:20","date_gmt":"2026-02-01T14:57:20","guid":{"rendered":"https:\/\/beautyinstitute.ee\/?post_type=product&#038;p=37111"},"modified":"2026-04-07T14:13:27","modified_gmt":"2026-04-07T11:13:27","slug":"retinal-kreem-50ml","status":"publish","type":"product","link":"https:\/\/beautyinstitute.ee\/ru\/toode\/retinal-kreem-50ml\/","title":{"rendered":"Retinal Kreem 50Ml"},"content":{"rendered":"<p data-start=\"126\" data-end=\"178\"><strong data-start=\"126\" data-end=\"176\">Sinu naha tulevik vajab kaitset \u2013 ja tugevust<\/strong><\/p>\n<p data-start=\"180\" data-end=\"451\">Retinal kreem \u00a0on enamat, kui viimane hooldussamm \u2013 see stabiliseerib kogu naha uuenemisprotsessi, tugevdab nahabarj\u00e4\u00e4ri ja rahustab v\u00f5imalikke \u00e4rritusi. Samal ajal varustab kreem nahka intensiivselt niiskuse ja oluliste lipiididega, toetades selle loomulikku taastumist. Aktiivne rahuhetk p\u00e4rast intensiivset rakutreeningut \u2013 n\u00e4htavalt siledama ja vastupidavama naha heaks<\/p>\n<p data-start=\"562\" data-end=\"573\"><strong>Toime:<\/strong> koostis toetab nahabarj\u00e4\u00e4ri <strong data-start=\"602\" data-end=\"620\">h\u00fcaluroonhappe<\/strong> ja <strong data-start=\"624\" data-end=\"639\">skvalaaniga<\/strong>, samal ajal kui <strong data-start=\"656\" data-end=\"677\">retin\u00fc\u00fclpalmitaat<\/strong> soodustab naha uuenemist. <strong data-start=\"704\" data-end=\"717\">Bakuchiol<\/strong> aitab v\u00e4hendada \u00e4rritusi ning muudab naha siledamaks ja \u00fchtlasemaks<\/p>\n<p data-start=\"793\" data-end=\"806\"><strong>Eelised<\/strong><\/p>\n<ul data-start=\"807\" data-end=\"1030\">\n<li data-start=\"807\" data-end=\"843\">\n<p data-start=\"809\" data-end=\"843\">V\u00e4hendab kortse ja peeneid jooni<\/p>\n<\/li>\n<li data-start=\"844\" data-end=\"871\">\n<p data-start=\"846\" data-end=\"871\">Parandab naha elastsust<\/p>\n<\/li>\n<li data-start=\"872\" data-end=\"908\">\n<p data-start=\"874\" data-end=\"908\">Silub ja \u00fchtlustab nahatekstuuri<\/p>\n<\/li>\n<li data-start=\"909\" data-end=\"947\">\n<p data-start=\"911\" data-end=\"947\">Aitab siduda ja s\u00e4ilitada niiskust<\/p>\n<\/li>\n<li data-start=\"948\" data-end=\"984\">\n<p data-start=\"950\" data-end=\"984\">Kaitseb ja tugevdab nahabarj\u00e4\u00e4ri<\/p>\n<\/li>\n<li data-start=\"985\" data-end=\"1030\">\n<p data-start=\"987\" data-end=\"1030\">Toetab naha loomulikku taastumisprotsessi<\/p>\n<\/li>\n<\/ul>\n<p data-start=\"1037\" data-end=\"1048\"><strong>Sobib: <\/strong>K\u00f5ikidele nahat\u00fc\u00fcpidele<\/p>\n<p data-start=\"1079\" data-end=\"1095\"><strong>Kasutamine: <\/strong>Kanna hommikul ja\/v\u00f5i \u00f5htul puhastatud nahale<\/p>\n<p data-start=\"1149\" data-end=\"1161\"><strong>M\u00e4rkus: <\/strong>Ei sobi kasutamiseks raseduse ja imetamise ajal. P\u00e4evasel kasutamisel on soovitatav piisav p\u00e4ikesekaitse<\/p>\n<p data-start=\"1276\" data-end=\"1301\"><strong>Peamised toimeained: <\/strong>Bakuchiol \u00a0A-vitamiini derivaat (retin\u00fc\u00fclpalmitaat), skvalaan, h\u00fcaluroonhape<\/p>\n","protected":false},"excerpt":{"rendered":"<p>Sinu naha tulevik vajab kaitset \u2013 ja tugevust Retinal kreem \u00a0on enamat, kui viimane hooldussamm \u2013 see stabiliseerib kogu naha uuenemisprotsessi, tugevdab nahabarj\u00e4\u00e4ri ja rahustab v\u00f5imalikke \u00e4rritusi. Samal ajal varustab kreem nahka intensiivselt niiskuse ja oluliste lipiididega, toetades selle loomulikku taastumist. Aktiivne rahuhetk p\u00e4rast intensiivset rakutreeningut \u2013 n\u00e4htavalt siledama ja vastupidavama naha heaks Toime: koostis [&hellip;]<\/p>\n","protected":false},"featured_media":37112,"template":"","meta":{"_acf_changed":false},"product_cat":[325,250,186],"product_tag":[],"class_list":["post-37111","product","type-product","status-publish","has-post-thumbnail","hentry","product_cat-retinal","product_cat-naokreemid","product_cat-uued-tulijad"],"acf":[],"yoast_head":"<!-- This site is optimized with the Yoast SEO plugin v25.4 - https:\/\/yoast.com\/wordpress\/plugins\/seo\/ -->\n<title>Retinal Kreem 50Ml - Beauty Institute<\/title>\n<meta name=\"robots\" content=\"index, follow, max-snippet:-1, max-image-preview:large, max-video-preview:-1\" \/>\n<link rel=\"canonical\" href=\"https:\/\/beautyinstitute.ee\/toode\/retinal-kreem-50ml\/\" \/>\n<meta property=\"og:locale\" content=\"ru_RU\" \/>\n<meta property=\"og:type\" content=\"article\" \/>\n<meta property=\"og:title\" content=\"Retinal Kreem 50Ml - Beauty Institute\" \/>\n<meta property=\"og:description\" content=\"Sinu naha tulevik vajab kaitset \u2013 ja tugevust Retinal kreem \u00a0on enamat, kui viimane hooldussamm \u2013 see stabiliseerib kogu naha uuenemisprotsessi, tugevdab nahabarj\u00e4\u00e4ri ja rahustab v\u00f5imalikke \u00e4rritusi. Samal ajal varustab kreem nahka intensiivselt niiskuse ja oluliste lipiididega, toetades selle loomulikku taastumist. Aktiivne rahuhetk p\u00e4rast intensiivset rakutreeningut \u2013 n\u00e4htavalt siledama ja vastupidavama naha heaks Toime: koostis [&hellip;]\" \/>\n<meta property=\"og:url\" content=\"https:\/\/beautyinstitute.ee\/toode\/retinal-kreem-50ml\/\" \/>\n<meta property=\"og:site_name\" content=\"Beauty Institute\" \/>\n<meta property=\"article:modified_time\" content=\"2026-04-07T11:13:27+00:00\" \/>\n<meta property=\"og:image\" content=\"https:\/\/beautyinstitute.ee\/wp-content\/uploads\/2026\/02\/retinal-kreem.jpg\" \/>\n\t<meta property=\"og:image:width\" content=\"2000\" \/>\n\t<meta property=\"og:image:height\" content=\"2000\" \/>\n\t<meta property=\"og:image:type\" content=\"image\/jpeg\" \/>\n<meta name=\"twitter:card\" content=\"summary_large_image\" \/>\n<meta name=\"twitter:site\" content=\"@Beauty_Eesti\" \/>\n<meta name=\"twitter:label1\" content=\"\u041f\u0440\u0438\u043c\u0435\u0440\u043d\u043e\u0435 \u0432\u0440\u0435\u043c\u044f \u0434\u043b\u044f \u0447\u0442\u0435\u043d\u0438\u044f\" \/>\n\t<meta name=\"twitter:data1\" content=\"1 \u043c\u0438\u043d\u0443\u0442\u0430\" \/>\n<script type=\"application\/ld+json\" class=\"yoast-schema-graph\">{\"@context\":\"https:\/\/schema.org\",\"@graph\":[{\"@type\":\"WebPage\",\"@id\":\"https:\/\/beautyinstitute.ee\/toode\/retinal-kreem-50ml\/\",\"url\":\"https:\/\/beautyinstitute.ee\/toode\/retinal-kreem-50ml\/\",\"name\":\"Retinal Kreem 50Ml - Beauty Institute\",\"isPartOf\":{\"@id\":\"https:\/\/beautyinstitute.ee\/#website\"},\"primaryImageOfPage\":{\"@id\":\"https:\/\/beautyinstitute.ee\/toode\/retinal-kreem-50ml\/#primaryimage\"},\"image\":{\"@id\":\"https:\/\/beautyinstitute.ee\/toode\/retinal-kreem-50ml\/#primaryimage\"},\"thumbnailUrl\":\"https:\/\/beautyinstitute.ee\/wp-content\/uploads\/2026\/02\/retinal-kreem.jpg\",\"datePublished\":\"2026-02-01T14:57:20+00:00\",\"dateModified\":\"2026-04-07T11:13:27+00:00\",\"breadcrumb\":{\"@id\":\"https:\/\/beautyinstitute.ee\/toode\/retinal-kreem-50ml\/#breadcrumb\"},\"inLanguage\":\"ru-RU\",\"potentialAction\":[{\"@type\":\"ReadAction\",\"target\":[\"https:\/\/beautyinstitute.ee\/toode\/retinal-kreem-50ml\/\"]}]},{\"@type\":\"ImageObject\",\"inLanguage\":\"ru-RU\",\"@id\":\"https:\/\/beautyinstitute.ee\/toode\/retinal-kreem-50ml\/#primaryimage\",\"url\":\"https:\/\/beautyinstitute.ee\/wp-content\/uploads\/2026\/02\/retinal-kreem.jpg\",\"contentUrl\":\"https:\/\/beautyinstitute.ee\/wp-content\/uploads\/2026\/02\/retinal-kreem.jpg\",\"width\":2000,\"height\":2000},{\"@type\":\"BreadcrumbList\",\"@id\":\"https:\/\/beautyinstitute.ee\/toode\/retinal-kreem-50ml\/#breadcrumb\",\"itemListElement\":[{\"@type\":\"ListItem\",\"position\":1,\"name\":\"Home\",\"item\":\"https:\/\/beautyinstitute.ee\/ru\/\"},{\"@type\":\"ListItem\",\"position\":2,\"name\":\"E-pood\",\"item\":\"https:\/\/beautyinstitute.ee\/e-pood\/\"},{\"@type\":\"ListItem\",\"position\":3,\"name\":\"Retinal Kreem 50Ml\"}]},{\"@type\":\"WebSite\",\"@id\":\"https:\/\/beautyinstitute.ee\/#website\",\"url\":\"https:\/\/beautyinstitute.ee\/\",\"name\":\"Beauty Institute\",\"description\":\"CNC Cosmetic ametlik maaletooja ja edasim\u00fc\u00fcja Eestis, Soomes, L\u00e4tis. Aparaadikosmeetika, koolitused, kosmeetikatooted.\",\"potentialAction\":[{\"@type\":\"SearchAction\",\"target\":{\"@type\":\"EntryPoint\",\"urlTemplate\":\"https:\/\/beautyinstitute.ee\/?s={search_term_string}\"},\"query-input\":{\"@type\":\"PropertyValueSpecification\",\"valueRequired\":true,\"valueName\":\"search_term_string\"}}],\"inLanguage\":\"ru-RU\"}]}<\/script>\n<!-- \/ Yoast SEO plugin. -->","yoast_head_json":{"title":"Retinal Kreem 50Ml - Beauty Institute","robots":{"index":"index","follow":"follow","max-snippet":"max-snippet:-1","max-image-preview":"max-image-preview:large","max-video-preview":"max-video-preview:-1"},"canonical":"https:\/\/beautyinstitute.ee\/toode\/retinal-kreem-50ml\/","og_locale":"ru_RU","og_type":"article","og_title":"Retinal Kreem 50Ml - Beauty Institute","og_description":"Sinu naha tulevik vajab kaitset \u2013 ja tugevust Retinal kreem \u00a0on enamat, kui viimane hooldussamm \u2013 see stabiliseerib kogu naha uuenemisprotsessi, tugevdab nahabarj\u00e4\u00e4ri ja rahustab v\u00f5imalikke \u00e4rritusi. Samal ajal varustab kreem nahka intensiivselt niiskuse ja oluliste lipiididega, toetades selle loomulikku taastumist. Aktiivne rahuhetk p\u00e4rast intensiivset rakutreeningut \u2013 n\u00e4htavalt siledama ja vastupidavama naha heaks Toime: koostis [&hellip;]","og_url":"https:\/\/beautyinstitute.ee\/toode\/retinal-kreem-50ml\/","og_site_name":"Beauty Institute","article_modified_time":"2026-04-07T11:13:27+00:00","og_image":[{"width":2000,"height":2000,"url":"https:\/\/beautyinstitute.ee\/wp-content\/uploads\/2026\/02\/retinal-kreem.jpg","type":"image\/jpeg"}],"twitter_card":"summary_large_image","twitter_site":"@Beauty_Eesti","twitter_misc":{"\u041f\u0440\u0438\u043c\u0435\u0440\u043d\u043e\u0435 \u0432\u0440\u0435\u043c\u044f \u0434\u043b\u044f \u0447\u0442\u0435\u043d\u0438\u044f":"1 \u043c\u0438\u043d\u0443\u0442\u0430"},"schema":{"@context":"https:\/\/schema.org","@graph":[{"@type":"WebPage","@id":"https:\/\/beautyinstitute.ee\/toode\/retinal-kreem-50ml\/","url":"https:\/\/beautyinstitute.ee\/toode\/retinal-kreem-50ml\/","name":"Retinal Kreem 50Ml - Beauty Institute","isPartOf":{"@id":"https:\/\/beautyinstitute.ee\/#website"},"primaryImageOfPage":{"@id":"https:\/\/beautyinstitute.ee\/toode\/retinal-kreem-50ml\/#primaryimage"},"image":{"@id":"https:\/\/beautyinstitute.ee\/toode\/retinal-kreem-50ml\/#primaryimage"},"thumbnailUrl":"https:\/\/beautyinstitute.ee\/wp-content\/uploads\/2026\/02\/retinal-kreem.jpg","datePublished":"2026-02-01T14:57:20+00:00","dateModified":"2026-04-07T11:13:27+00:00","breadcrumb":{"@id":"https:\/\/beautyinstitute.ee\/toode\/retinal-kreem-50ml\/#breadcrumb"},"inLanguage":"ru-RU","potentialAction":[{"@type":"ReadAction","target":["https:\/\/beautyinstitute.ee\/toode\/retinal-kreem-50ml\/"]}]},{"@type":"ImageObject","inLanguage":"ru-RU","@id":"https:\/\/beautyinstitute.ee\/toode\/retinal-kreem-50ml\/#primaryimage","url":"https:\/\/beautyinstitute.ee\/wp-content\/uploads\/2026\/02\/retinal-kreem.jpg","contentUrl":"https:\/\/beautyinstitute.ee\/wp-content\/uploads\/2026\/02\/retinal-kreem.jpg","width":2000,"height":2000},{"@type":"BreadcrumbList","@id":"https:\/\/beautyinstitute.ee\/toode\/retinal-kreem-50ml\/#breadcrumb","itemListElement":[{"@type":"ListItem","position":1,"name":"Home","item":"https:\/\/beautyinstitute.ee\/ru\/"},{"@type":"ListItem","position":2,"name":"E-pood","item":"https:\/\/beautyinstitute.ee\/e-pood\/"},{"@type":"ListItem","position":3,"name":"Retinal Kreem 50Ml"}]},{"@type":"WebSite","@id":"https:\/\/beautyinstitute.ee\/#website","url":"https:\/\/beautyinstitute.ee\/","name":"Beauty Institute","description":"CNC Cosmetic ametlik maaletooja ja edasim\u00fc\u00fcja Eestis, Soomes, L\u00e4tis. Aparaadikosmeetika, koolitused, kosmeetikatooted.","potentialAction":[{"@type":"SearchAction","target":{"@type":"EntryPoint","urlTemplate":"https:\/\/beautyinstitute.ee\/?s={search_term_string}"},"query-input":{"@type":"PropertyValueSpecification","valueRequired":true,"valueName":"search_term_string"}}],"inLanguage":"ru-RU"}]}},"_links":{"self":[{"href":"https:\/\/beautyinstitute.ee\/ru\/wp-json\/wp\/v2\/product\/37111","targetHints":{"allow":["GET"]}}],"collection":[{"href":"https:\/\/beautyinstitute.ee\/ru\/wp-json\/wp\/v2\/product"}],"about":[{"href":"https:\/\/beautyinstitute.ee\/ru\/wp-json\/wp\/v2\/types\/product"}],"wp:featuredmedia":[{"embeddable":true,"href":"https:\/\/beautyinstitute.ee\/ru\/wp-json\/wp\/v2\/media\/37112"}],"wp:attachment":[{"href":"https:\/\/beautyinstitute.ee\/ru\/wp-json\/wp\/v2\/media?parent=37111"}],"wp:term":[{"taxonomy":"product_cat","embeddable":true,"href":"https:\/\/beautyinstitute.ee\/ru\/wp-json\/wp\/v2\/product_cat?post=37111"},{"taxonomy":"product_tag","embeddable":true,"href":"https:\/\/beautyinstitute.ee\/ru\/wp-json\/wp\/v2\/product_tag?post=37111"}],"curies":[{"name":"wp","href":"https:\/\/api.w.org\/{rel}","templated":true}]}}