{"id":37115,"date":"2026-02-01T17:16:12","date_gmt":"2026-02-01T15:16:12","guid":{"rendered":"https:\/\/beautyinstitute.ee\/?post_type=product&#038;p=37115"},"modified":"2026-04-27T14:53:33","modified_gmt":"2026-04-27T11:53:33","slug":"retinal-komplekt-kingitus","status":"publish","type":"product","link":"https:\/\/beautyinstitute.ee\/ru\/toode\/retinal-komplekt-kingitus\/","title":{"rendered":"Retinal Komplekt + Kingitus"},"content":{"rendered":"<p><strong><span class=\"il\">Retinal<\/span> Serum Level 1<\/strong> \u2013 ideaalne algus retinaliga. Aitab nahal toimeainega harjuda ja toetab naha uuenemist.<\/p>\n<p><strong><span class=\"il\">Retinal<\/span> Serum Level 2<\/strong> \u2013 j\u00e4rgmine samm intensiivsemaks hoolduseks. Aitab siluda peeneid jooni ja kortse, v\u00e4hendada h\u00fcperpigmentatsiooni ja \u00fchtlustada naha tekstuuri.<\/p>\n<p><strong><span class=\"il\">Retinal<\/span> Cream<\/strong> \u2013 kantakse seerumite peale. Rahustab nahka, tugevdab kaitsebarj\u00e4\u00e4ri ning niisutab s\u00fcgavuti kuuri ajal.<\/p>\n<p><strong>TASUTA kingituseks <\/strong>kaasa CNC Sun Drops SPF 50 (15 ml)ja <span class=\"il\">Retinal<\/span> sarja juurde kuuluv kott<\/p>\n","protected":false},"excerpt":{"rendered":"<p>Retinal Serum Level 1 \u2013 ideaalne algus retinaliga. Aitab nahal toimeainega harjuda ja toetab naha uuenemist. Retinal Serum Level 2 \u2013 j\u00e4rgmine samm intensiivsemaks hoolduseks. Aitab siluda peeneid jooni ja kortse, v\u00e4hendada h\u00fcperpigmentatsiooni ja \u00fchtlustada naha tekstuuri. Retinal Cream \u2013 kantakse seerumite peale. Rahustab nahka, tugevdab kaitsebarj\u00e4\u00e4ri ning niisutab s\u00fcgavuti kuuri ajal. TASUTA kingituseks kaasa [&hellip;]<\/p>\n","protected":false},"featured_media":37116,"template":"","meta":{"_acf_changed":false},"product_cat":[325],"product_tag":[],"class_list":["post-37115","product","type-product","status-publish","has-post-thumbnail","hentry","product_cat-retinal"],"acf":[],"yoast_head":"<!-- This site is optimized with the Yoast SEO plugin v25.4 - https:\/\/yoast.com\/wordpress\/plugins\/seo\/ -->\n<title>Retinal Komplekt + Kingitus - Beauty Institute<\/title>\n<meta name=\"robots\" content=\"index, follow, max-snippet:-1, max-image-preview:large, max-video-preview:-1\" \/>\n<link rel=\"canonical\" href=\"https:\/\/beautyinstitute.ee\/toode\/retinal-komplekt-kingitus\/\" \/>\n<meta property=\"og:locale\" content=\"ru_RU\" \/>\n<meta property=\"og:type\" content=\"article\" \/>\n<meta property=\"og:title\" content=\"Retinal Komplekt + Kingitus - Beauty Institute\" \/>\n<meta property=\"og:description\" content=\"Retinal Serum Level 1 \u2013 ideaalne algus retinaliga. Aitab nahal toimeainega harjuda ja toetab naha uuenemist. Retinal Serum Level 2 \u2013 j\u00e4rgmine samm intensiivsemaks hoolduseks. Aitab siluda peeneid jooni ja kortse, v\u00e4hendada h\u00fcperpigmentatsiooni ja \u00fchtlustada naha tekstuuri. Retinal Cream \u2013 kantakse seerumite peale. Rahustab nahka, tugevdab kaitsebarj\u00e4\u00e4ri ning niisutab s\u00fcgavuti kuuri ajal. TASUTA kingituseks kaasa [&hellip;]\" \/>\n<meta property=\"og:url\" content=\"https:\/\/beautyinstitute.ee\/toode\/retinal-komplekt-kingitus\/\" \/>\n<meta property=\"og:site_name\" content=\"Beauty Institute\" \/>\n<meta property=\"article:modified_time\" content=\"2026-04-27T11:53:33+00:00\" \/>\n<meta property=\"og:image\" content=\"https:\/\/beautyinstitute.ee\/wp-content\/uploads\/2026\/02\/retinal-komp-2-1024x1024.jpeg\" \/>\n\t<meta property=\"og:image:width\" content=\"1024\" \/>\n\t<meta property=\"og:image:height\" content=\"1024\" \/>\n\t<meta property=\"og:image:type\" content=\"image\/jpeg\" \/>\n<meta name=\"twitter:card\" content=\"summary_large_image\" \/>\n<meta name=\"twitter:site\" content=\"@Beauty_Eesti\" \/>\n<meta name=\"twitter:label1\" content=\"\u041f\u0440\u0438\u043c\u0435\u0440\u043d\u043e\u0435 \u0432\u0440\u0435\u043c\u044f \u0434\u043b\u044f \u0447\u0442\u0435\u043d\u0438\u044f\" \/>\n\t<meta name=\"twitter:data1\" content=\"1 \u043c\u0438\u043d\u0443\u0442\u0430\" \/>\n<script type=\"application\/ld+json\" class=\"yoast-schema-graph\">{\"@context\":\"https:\/\/schema.org\",\"@graph\":[{\"@type\":\"WebPage\",\"@id\":\"https:\/\/beautyinstitute.ee\/toode\/retinal-komplekt-kingitus\/\",\"url\":\"https:\/\/beautyinstitute.ee\/toode\/retinal-komplekt-kingitus\/\",\"name\":\"Retinal Komplekt + Kingitus - Beauty Institute\",\"isPartOf\":{\"@id\":\"https:\/\/beautyinstitute.ee\/#website\"},\"primaryImageOfPage\":{\"@id\":\"https:\/\/beautyinstitute.ee\/toode\/retinal-komplekt-kingitus\/#primaryimage\"},\"image\":{\"@id\":\"https:\/\/beautyinstitute.ee\/toode\/retinal-komplekt-kingitus\/#primaryimage\"},\"thumbnailUrl\":\"https:\/\/beautyinstitute.ee\/wp-content\/uploads\/2026\/02\/retinal-komp-2.jpeg\",\"datePublished\":\"2026-02-01T15:16:12+00:00\",\"dateModified\":\"2026-04-27T11:53:33+00:00\",\"breadcrumb\":{\"@id\":\"https:\/\/beautyinstitute.ee\/toode\/retinal-komplekt-kingitus\/#breadcrumb\"},\"inLanguage\":\"ru-RU\",\"potentialAction\":[{\"@type\":\"ReadAction\",\"target\":[\"https:\/\/beautyinstitute.ee\/toode\/retinal-komplekt-kingitus\/\"]}]},{\"@type\":\"ImageObject\",\"inLanguage\":\"ru-RU\",\"@id\":\"https:\/\/beautyinstitute.ee\/toode\/retinal-komplekt-kingitus\/#primaryimage\",\"url\":\"https:\/\/beautyinstitute.ee\/wp-content\/uploads\/2026\/02\/retinal-komp-2.jpeg\",\"contentUrl\":\"https:\/\/beautyinstitute.ee\/wp-content\/uploads\/2026\/02\/retinal-komp-2.jpeg\",\"width\":2250,\"height\":2250},{\"@type\":\"BreadcrumbList\",\"@id\":\"https:\/\/beautyinstitute.ee\/toode\/retinal-komplekt-kingitus\/#breadcrumb\",\"itemListElement\":[{\"@type\":\"ListItem\",\"position\":1,\"name\":\"Home\",\"item\":\"https:\/\/beautyinstitute.ee\/ru\/\"},{\"@type\":\"ListItem\",\"position\":2,\"name\":\"E-pood\",\"item\":\"https:\/\/beautyinstitute.ee\/e-pood\/\"},{\"@type\":\"ListItem\",\"position\":3,\"name\":\"Retinal Komplekt + Kingitus\"}]},{\"@type\":\"WebSite\",\"@id\":\"https:\/\/beautyinstitute.ee\/#website\",\"url\":\"https:\/\/beautyinstitute.ee\/\",\"name\":\"Beauty Institute\",\"description\":\"CNC Cosmetic ametlik maaletooja ja edasim\u00fc\u00fcja Eestis, Soomes, L\u00e4tis. Aparaadikosmeetika, koolitused, kosmeetikatooted.\",\"potentialAction\":[{\"@type\":\"SearchAction\",\"target\":{\"@type\":\"EntryPoint\",\"urlTemplate\":\"https:\/\/beautyinstitute.ee\/?s={search_term_string}\"},\"query-input\":{\"@type\":\"PropertyValueSpecification\",\"valueRequired\":true,\"valueName\":\"search_term_string\"}}],\"inLanguage\":\"ru-RU\"}]}<\/script>\n<!-- \/ Yoast SEO plugin. -->","yoast_head_json":{"title":"Retinal Komplekt + Kingitus - Beauty Institute","robots":{"index":"index","follow":"follow","max-snippet":"max-snippet:-1","max-image-preview":"max-image-preview:large","max-video-preview":"max-video-preview:-1"},"canonical":"https:\/\/beautyinstitute.ee\/toode\/retinal-komplekt-kingitus\/","og_locale":"ru_RU","og_type":"article","og_title":"Retinal Komplekt + Kingitus - Beauty Institute","og_description":"Retinal Serum Level 1 \u2013 ideaalne algus retinaliga. Aitab nahal toimeainega harjuda ja toetab naha uuenemist. Retinal Serum Level 2 \u2013 j\u00e4rgmine samm intensiivsemaks hoolduseks. Aitab siluda peeneid jooni ja kortse, v\u00e4hendada h\u00fcperpigmentatsiooni ja \u00fchtlustada naha tekstuuri. Retinal Cream \u2013 kantakse seerumite peale. Rahustab nahka, tugevdab kaitsebarj\u00e4\u00e4ri ning niisutab s\u00fcgavuti kuuri ajal. TASUTA kingituseks kaasa [&hellip;]","og_url":"https:\/\/beautyinstitute.ee\/toode\/retinal-komplekt-kingitus\/","og_site_name":"Beauty Institute","article_modified_time":"2026-04-27T11:53:33+00:00","og_image":[{"width":1024,"height":1024,"url":"https:\/\/beautyinstitute.ee\/wp-content\/uploads\/2026\/02\/retinal-komp-2-1024x1024.jpeg","type":"image\/jpeg"}],"twitter_card":"summary_large_image","twitter_site":"@Beauty_Eesti","twitter_misc":{"\u041f\u0440\u0438\u043c\u0435\u0440\u043d\u043e\u0435 \u0432\u0440\u0435\u043c\u044f \u0434\u043b\u044f \u0447\u0442\u0435\u043d\u0438\u044f":"1 \u043c\u0438\u043d\u0443\u0442\u0430"},"schema":{"@context":"https:\/\/schema.org","@graph":[{"@type":"WebPage","@id":"https:\/\/beautyinstitute.ee\/toode\/retinal-komplekt-kingitus\/","url":"https:\/\/beautyinstitute.ee\/toode\/retinal-komplekt-kingitus\/","name":"Retinal Komplekt + Kingitus - Beauty Institute","isPartOf":{"@id":"https:\/\/beautyinstitute.ee\/#website"},"primaryImageOfPage":{"@id":"https:\/\/beautyinstitute.ee\/toode\/retinal-komplekt-kingitus\/#primaryimage"},"image":{"@id":"https:\/\/beautyinstitute.ee\/toode\/retinal-komplekt-kingitus\/#primaryimage"},"thumbnailUrl":"https:\/\/beautyinstitute.ee\/wp-content\/uploads\/2026\/02\/retinal-komp-2.jpeg","datePublished":"2026-02-01T15:16:12+00:00","dateModified":"2026-04-27T11:53:33+00:00","breadcrumb":{"@id":"https:\/\/beautyinstitute.ee\/toode\/retinal-komplekt-kingitus\/#breadcrumb"},"inLanguage":"ru-RU","potentialAction":[{"@type":"ReadAction","target":["https:\/\/beautyinstitute.ee\/toode\/retinal-komplekt-kingitus\/"]}]},{"@type":"ImageObject","inLanguage":"ru-RU","@id":"https:\/\/beautyinstitute.ee\/toode\/retinal-komplekt-kingitus\/#primaryimage","url":"https:\/\/beautyinstitute.ee\/wp-content\/uploads\/2026\/02\/retinal-komp-2.jpeg","contentUrl":"https:\/\/beautyinstitute.ee\/wp-content\/uploads\/2026\/02\/retinal-komp-2.jpeg","width":2250,"height":2250},{"@type":"BreadcrumbList","@id":"https:\/\/beautyinstitute.ee\/toode\/retinal-komplekt-kingitus\/#breadcrumb","itemListElement":[{"@type":"ListItem","position":1,"name":"Home","item":"https:\/\/beautyinstitute.ee\/ru\/"},{"@type":"ListItem","position":2,"name":"E-pood","item":"https:\/\/beautyinstitute.ee\/e-pood\/"},{"@type":"ListItem","position":3,"name":"Retinal Komplekt + Kingitus"}]},{"@type":"WebSite","@id":"https:\/\/beautyinstitute.ee\/#website","url":"https:\/\/beautyinstitute.ee\/","name":"Beauty Institute","description":"CNC Cosmetic ametlik maaletooja ja edasim\u00fc\u00fcja Eestis, Soomes, L\u00e4tis. Aparaadikosmeetika, koolitused, kosmeetikatooted.","potentialAction":[{"@type":"SearchAction","target":{"@type":"EntryPoint","urlTemplate":"https:\/\/beautyinstitute.ee\/?s={search_term_string}"},"query-input":{"@type":"PropertyValueSpecification","valueRequired":true,"valueName":"search_term_string"}}],"inLanguage":"ru-RU"}]}},"_links":{"self":[{"href":"https:\/\/beautyinstitute.ee\/ru\/wp-json\/wp\/v2\/product\/37115","targetHints":{"allow":["GET"]}}],"collection":[{"href":"https:\/\/beautyinstitute.ee\/ru\/wp-json\/wp\/v2\/product"}],"about":[{"href":"https:\/\/beautyinstitute.ee\/ru\/wp-json\/wp\/v2\/types\/product"}],"wp:featuredmedia":[{"embeddable":true,"href":"https:\/\/beautyinstitute.ee\/ru\/wp-json\/wp\/v2\/media\/37116"}],"wp:attachment":[{"href":"https:\/\/beautyinstitute.ee\/ru\/wp-json\/wp\/v2\/media?parent=37115"}],"wp:term":[{"taxonomy":"product_cat","embeddable":true,"href":"https:\/\/beautyinstitute.ee\/ru\/wp-json\/wp\/v2\/product_cat?post=37115"},{"taxonomy":"product_tag","embeddable":true,"href":"https:\/\/beautyinstitute.ee\/ru\/wp-json\/wp\/v2\/product_tag?post=37115"}],"curies":[{"name":"wp","href":"https:\/\/api.w.org\/{rel}","templated":true}]}}