{"id":37849,"date":"2026-03-30T16:01:01","date_gmt":"2026-03-30T13:01:01","guid":{"rendered":"https:\/\/beautyinstitute.ee\/?post_type=product&#038;p=37849"},"modified":"2026-04-27T11:20:07","modified_gmt":"2026-04-27T08:20:07","slug":"edition-4-0","status":"publish","type":"product","link":"https:\/\/beautyinstitute.ee\/ru\/toode\/edition-4-0\/","title":{"rendered":"Edition 4.0"},"content":{"rendered":"<p data-section-id=\"tmktxo\" data-start=\"127\" data-end=\"182\"><span style=\"font-size: 14px;\"><span role=\"text\"><strong data-start=\"132\" data-end=\"180\">Pikaealisuse teadus ajatult kauni naha jaoks- <\/strong><\/span><em>inspireeritud rakkude pikaealisusest ja epigeneetilisest innovatsioonist<\/em><\/span><\/p>\n<p><span style=\"font-size: 14px;\" role=\"text\"><strong data-start=\"295\" data-end=\"308\">Kirjeldus: <\/strong><\/span><span style=\"font-size: 14px;\"><strong data-start=\"310\" data-end=\"344\"><span style=\"font-size: 14px;\">L<\/span>ongevity Age-Reset n\u00e4ohooldus<\/strong><\/span><\/p>\n<p><span style=\"font-size: 14px;\">T\u00e4iustatud Lift &amp; Repair valem seab uued standardid vananemisvastases nahahoolduses. See aktiveerib sihip\u00e4raselt naha pikaealisusmehhanisme, suurendab selle taastumisv\u00f5imet ning viib naha kvaliteedi uuele, nooruslikumale tasemele.<\/span><\/p>\n<p data-section-id=\"1fck2em\" data-start=\"587\" data-end=\"602\"><span role=\"text\"><strong data-start=\"593\" data-end=\"602\">Toime: <\/strong><\/span><span style=\"font-size: 14px;\">V\u00e4hendab sihip\u00e4raselt mikro-p\u00f5letikke ja oks\u00fcdatiivset stressi, et aktiveerida naha rakuline uuenemiss\u00fcsteem ning tugevdada selle eluj\u00f5ulisust molekulaarsel tasandil. T\u00f5husad lifting-peptiidid ja teprenoon toetavad naha DNA taastumisprotsesse, parandavad naha tihedust ning siluvad kortse kolmem\u00f5\u00f5tmeliselt, andes n\u00e4ole selgema kontuuri. Bi-molekulaarne h\u00fcaluroonhape ja antioks\u00fcdantne astelpaju\u00f5li tagavad s\u00fcgavniisutuse ja kaitse \u2013 tulemuseks on s\u00e4rav nahk, mis defineerib nooruslikkuse uuel tasemel.<\/span><\/p>\n<p data-section-id=\"5cgxzn\" data-start=\"1119\" data-end=\"1134\"><span style=\"font-size: 14px;\"><span role=\"text\"><strong data-start=\"1125\" data-end=\"1134\">Sobib: <\/strong><\/span>N\u00f5udlikule, k\u00fcpsele ja taastumist vajavale nahale<\/span><\/p>\n<p data-section-id=\"opoojd\" data-start=\"1192\" data-end=\"1212\"><span style=\"font-size: 14px;\"><span role=\"text\"><strong data-start=\"1198\" data-end=\"1212\">Kasutamine: <\/strong><\/span>Kanna hommikul ja \u00f5htul puhastatud n\u00e4ole ja kaelale, kasutades \u00fclespoole suunatud liigutusi.<\/span><\/p>\n<p data-section-id=\"1ac65bd\" data-start=\"1313\" data-end=\"1330\"><span style=\"font-size: 14px;\" role=\"text\"><strong data-start=\"1319\" data-end=\"1330\">Eelised<\/strong><\/span><\/p>\n<p data-start=\"1332\" data-end=\"1636\"><span style=\"font-size: 14px;\">\u2022 Mitmekordne korrigeeriv toime \u2013 <em data-start=\"1366\" data-end=\"1381\">Lift &amp; Repair<\/em><\/span><br data-start=\"1381\" data-end=\"1384\" \/><span style=\"font-size: 14px;\">\u2022 Terviklik vananemisvastane hooldus<\/span><br data-start=\"1420\" data-end=\"1423\" \/><span style=\"font-size: 14px;\">\u2022 Kortsusid siluv, nahatooni \u00fchtlustav ja DNA taastumist toetav<\/span><br data-start=\"1486\" data-end=\"1489\" \/><span style=\"font-size: 14px;\">\u2022 Aktiveerib naha pikaealisusprotsesse<\/span><br data-start=\"1527\" data-end=\"1530\" \/><span style=\"font-size: 14px;\">\u2022 V\u00e4hendab mikro-p\u00f5letikku ja oks\u00fcdatiivset stressi<\/span><br data-start=\"1581\" data-end=\"1584\" \/><span style=\"font-size: 14px;\">\u2022 Sisaldab teadusuuringutega t\u00f5estatud toimeaineid<\/span><\/p>\n<p data-section-id=\"mflcko\" data-start=\"1643\" data-end=\"1672\"><span style=\"font-size: 14px;\"><span role=\"text\"><strong data-start=\"1649\" data-end=\"1672\">Peamised toimeained: <\/strong><\/span>Skin longevity enhancer, lifting-peptiidid, anti-gl\u00fckatsiooni toimeaine, anti-aging taastav kompleks<\/span><br data-start=\"1777\" data-end=\"1780\" \/><span style=\"font-size: 14px;\">l\u00fchikese ja pika ahelaga h\u00fcaluroonhape, astelpaju viljaliha\u00f5li<\/span><br data-start=\"1843\" data-end=\"1846\" \/><span style=\"font-size: 14px;\">sheav\u00f5i, makadaamiap\u00e4hkli\u00f5li, pentavitin\u00ae (Saccharide Isomerate), allantoiin, vitamiin E<\/span><\/p>\n<p data-section-id=\"5cgxzn\" data-start=\"1119\" data-end=\"1134\">\n","protected":false},"excerpt":{"rendered":"<p>Pikaealisuse teadus ajatult kauni naha jaoks- inspireeritud rakkude pikaealisusest ja epigeneetilisest innovatsioonist Kirjeldus: Longevity Age-Reset n\u00e4ohooldus T\u00e4iustatud Lift &amp; Repair valem seab uued standardid vananemisvastases nahahoolduses. See aktiveerib sihip\u00e4raselt naha pikaealisusmehhanisme, suurendab selle taastumisv\u00f5imet ning viib naha kvaliteedi uuele, nooruslikumale tasemele. Toime: V\u00e4hendab sihip\u00e4raselt mikro-p\u00f5letikke ja oks\u00fcdatiivset stressi, et aktiveerida naha rakuline uuenemiss\u00fcsteem ning tugevdada [&hellip;]<\/p>\n","protected":false},"featured_media":37363,"template":"","meta":{"_acf_changed":false},"product_cat":[250,186,125],"product_tag":[],"class_list":["post-37849","product","type-product","status-publish","has-post-thumbnail","hentry","product_cat-naokreemid","product_cat-uued-tulijad","product_cat-edition-3-5"],"acf":[],"yoast_head":"<!-- This site is optimized with the Yoast SEO plugin v25.4 - https:\/\/yoast.com\/wordpress\/plugins\/seo\/ -->\n<title>Edition 4.0 - Beauty Institute<\/title>\n<meta name=\"robots\" content=\"index, follow, max-snippet:-1, max-image-preview:large, max-video-preview:-1\" \/>\n<link rel=\"canonical\" href=\"https:\/\/beautyinstitute.ee\/toode\/edition-4-0\/\" \/>\n<meta property=\"og:locale\" content=\"ru_RU\" \/>\n<meta property=\"og:type\" content=\"article\" \/>\n<meta property=\"og:title\" content=\"Edition 4.0 - Beauty Institute\" \/>\n<meta property=\"og:description\" content=\"Pikaealisuse teadus ajatult kauni naha jaoks- inspireeritud rakkude pikaealisusest ja epigeneetilisest innovatsioonist Kirjeldus: Longevity Age-Reset n\u00e4ohooldus T\u00e4iustatud Lift &amp; Repair valem seab uued standardid vananemisvastases nahahoolduses. See aktiveerib sihip\u00e4raselt naha pikaealisusmehhanisme, suurendab selle taastumisv\u00f5imet ning viib naha kvaliteedi uuele, nooruslikumale tasemele. Toime: V\u00e4hendab sihip\u00e4raselt mikro-p\u00f5letikke ja oks\u00fcdatiivset stressi, et aktiveerida naha rakuline uuenemiss\u00fcsteem ning tugevdada [&hellip;]\" \/>\n<meta property=\"og:url\" content=\"https:\/\/beautyinstitute.ee\/toode\/edition-4-0\/\" \/>\n<meta property=\"og:site_name\" content=\"Beauty Institute\" \/>\n<meta property=\"article:modified_time\" content=\"2026-04-27T08:20:07+00:00\" \/>\n<meta property=\"og:image\" content=\"https:\/\/beautyinstitute.ee\/wp-content\/uploads\/2026\/02\/6e3583a86a3b85e6a696bbc48f10bff6_1920x1920.jpg\" \/>\n\t<meta property=\"og:image:width\" content=\"1920\" \/>\n\t<meta property=\"og:image:height\" content=\"1920\" \/>\n\t<meta property=\"og:image:type\" content=\"image\/jpeg\" \/>\n<meta name=\"twitter:card\" content=\"summary_large_image\" \/>\n<meta name=\"twitter:site\" content=\"@Beauty_Eesti\" \/>\n<meta name=\"twitter:label1\" content=\"\u041f\u0440\u0438\u043c\u0435\u0440\u043d\u043e\u0435 \u0432\u0440\u0435\u043c\u044f \u0434\u043b\u044f \u0447\u0442\u0435\u043d\u0438\u044f\" \/>\n\t<meta name=\"twitter:data1\" content=\"2 \u043c\u0438\u043d\u0443\u0442\u044b\" \/>\n<script type=\"application\/ld+json\" class=\"yoast-schema-graph\">{\"@context\":\"https:\/\/schema.org\",\"@graph\":[{\"@type\":\"WebPage\",\"@id\":\"https:\/\/beautyinstitute.ee\/toode\/edition-4-0\/\",\"url\":\"https:\/\/beautyinstitute.ee\/toode\/edition-4-0\/\",\"name\":\"Edition 4.0 - Beauty Institute\",\"isPartOf\":{\"@id\":\"https:\/\/beautyinstitute.ee\/#website\"},\"primaryImageOfPage\":{\"@id\":\"https:\/\/beautyinstitute.ee\/toode\/edition-4-0\/#primaryimage\"},\"image\":{\"@id\":\"https:\/\/beautyinstitute.ee\/toode\/edition-4-0\/#primaryimage\"},\"thumbnailUrl\":\"https:\/\/beautyinstitute.ee\/wp-content\/uploads\/2026\/02\/6e3583a86a3b85e6a696bbc48f10bff6_1920x1920.jpg\",\"datePublished\":\"2026-03-30T13:01:01+00:00\",\"dateModified\":\"2026-04-27T08:20:07+00:00\",\"breadcrumb\":{\"@id\":\"https:\/\/beautyinstitute.ee\/toode\/edition-4-0\/#breadcrumb\"},\"inLanguage\":\"ru-RU\",\"potentialAction\":[{\"@type\":\"ReadAction\",\"target\":[\"https:\/\/beautyinstitute.ee\/toode\/edition-4-0\/\"]}]},{\"@type\":\"ImageObject\",\"inLanguage\":\"ru-RU\",\"@id\":\"https:\/\/beautyinstitute.ee\/toode\/edition-4-0\/#primaryimage\",\"url\":\"https:\/\/beautyinstitute.ee\/wp-content\/uploads\/2026\/02\/6e3583a86a3b85e6a696bbc48f10bff6_1920x1920.jpg\",\"contentUrl\":\"https:\/\/beautyinstitute.ee\/wp-content\/uploads\/2026\/02\/6e3583a86a3b85e6a696bbc48f10bff6_1920x1920.jpg\",\"width\":1920,\"height\":1920},{\"@type\":\"BreadcrumbList\",\"@id\":\"https:\/\/beautyinstitute.ee\/toode\/edition-4-0\/#breadcrumb\",\"itemListElement\":[{\"@type\":\"ListItem\",\"position\":1,\"name\":\"Home\",\"item\":\"https:\/\/beautyinstitute.ee\/ru\/\"},{\"@type\":\"ListItem\",\"position\":2,\"name\":\"E-pood\",\"item\":\"https:\/\/beautyinstitute.ee\/e-pood\/\"},{\"@type\":\"ListItem\",\"position\":3,\"name\":\"Edition 4.0\"}]},{\"@type\":\"WebSite\",\"@id\":\"https:\/\/beautyinstitute.ee\/#website\",\"url\":\"https:\/\/beautyinstitute.ee\/\",\"name\":\"Beauty Institute\",\"description\":\"CNC Cosmetic ametlik maaletooja ja edasim\u00fc\u00fcja Eestis, Soomes, L\u00e4tis. Aparaadikosmeetika, koolitused, kosmeetikatooted.\",\"potentialAction\":[{\"@type\":\"SearchAction\",\"target\":{\"@type\":\"EntryPoint\",\"urlTemplate\":\"https:\/\/beautyinstitute.ee\/?s={search_term_string}\"},\"query-input\":{\"@type\":\"PropertyValueSpecification\",\"valueRequired\":true,\"valueName\":\"search_term_string\"}}],\"inLanguage\":\"ru-RU\"}]}<\/script>\n<!-- \/ Yoast SEO plugin. -->","yoast_head_json":{"title":"Edition 4.0 - Beauty Institute","robots":{"index":"index","follow":"follow","max-snippet":"max-snippet:-1","max-image-preview":"max-image-preview:large","max-video-preview":"max-video-preview:-1"},"canonical":"https:\/\/beautyinstitute.ee\/toode\/edition-4-0\/","og_locale":"ru_RU","og_type":"article","og_title":"Edition 4.0 - Beauty Institute","og_description":"Pikaealisuse teadus ajatult kauni naha jaoks- inspireeritud rakkude pikaealisusest ja epigeneetilisest innovatsioonist Kirjeldus: Longevity Age-Reset n\u00e4ohooldus T\u00e4iustatud Lift &amp; Repair valem seab uued standardid vananemisvastases nahahoolduses. See aktiveerib sihip\u00e4raselt naha pikaealisusmehhanisme, suurendab selle taastumisv\u00f5imet ning viib naha kvaliteedi uuele, nooruslikumale tasemele. Toime: V\u00e4hendab sihip\u00e4raselt mikro-p\u00f5letikke ja oks\u00fcdatiivset stressi, et aktiveerida naha rakuline uuenemiss\u00fcsteem ning tugevdada [&hellip;]","og_url":"https:\/\/beautyinstitute.ee\/toode\/edition-4-0\/","og_site_name":"Beauty Institute","article_modified_time":"2026-04-27T08:20:07+00:00","og_image":[{"width":1920,"height":1920,"url":"https:\/\/beautyinstitute.ee\/wp-content\/uploads\/2026\/02\/6e3583a86a3b85e6a696bbc48f10bff6_1920x1920.jpg","type":"image\/jpeg"}],"twitter_card":"summary_large_image","twitter_site":"@Beauty_Eesti","twitter_misc":{"\u041f\u0440\u0438\u043c\u0435\u0440\u043d\u043e\u0435 \u0432\u0440\u0435\u043c\u044f \u0434\u043b\u044f \u0447\u0442\u0435\u043d\u0438\u044f":"2 \u043c\u0438\u043d\u0443\u0442\u044b"},"schema":{"@context":"https:\/\/schema.org","@graph":[{"@type":"WebPage","@id":"https:\/\/beautyinstitute.ee\/toode\/edition-4-0\/","url":"https:\/\/beautyinstitute.ee\/toode\/edition-4-0\/","name":"Edition 4.0 - Beauty Institute","isPartOf":{"@id":"https:\/\/beautyinstitute.ee\/#website"},"primaryImageOfPage":{"@id":"https:\/\/beautyinstitute.ee\/toode\/edition-4-0\/#primaryimage"},"image":{"@id":"https:\/\/beautyinstitute.ee\/toode\/edition-4-0\/#primaryimage"},"thumbnailUrl":"https:\/\/beautyinstitute.ee\/wp-content\/uploads\/2026\/02\/6e3583a86a3b85e6a696bbc48f10bff6_1920x1920.jpg","datePublished":"2026-03-30T13:01:01+00:00","dateModified":"2026-04-27T08:20:07+00:00","breadcrumb":{"@id":"https:\/\/beautyinstitute.ee\/toode\/edition-4-0\/#breadcrumb"},"inLanguage":"ru-RU","potentialAction":[{"@type":"ReadAction","target":["https:\/\/beautyinstitute.ee\/toode\/edition-4-0\/"]}]},{"@type":"ImageObject","inLanguage":"ru-RU","@id":"https:\/\/beautyinstitute.ee\/toode\/edition-4-0\/#primaryimage","url":"https:\/\/beautyinstitute.ee\/wp-content\/uploads\/2026\/02\/6e3583a86a3b85e6a696bbc48f10bff6_1920x1920.jpg","contentUrl":"https:\/\/beautyinstitute.ee\/wp-content\/uploads\/2026\/02\/6e3583a86a3b85e6a696bbc48f10bff6_1920x1920.jpg","width":1920,"height":1920},{"@type":"BreadcrumbList","@id":"https:\/\/beautyinstitute.ee\/toode\/edition-4-0\/#breadcrumb","itemListElement":[{"@type":"ListItem","position":1,"name":"Home","item":"https:\/\/beautyinstitute.ee\/ru\/"},{"@type":"ListItem","position":2,"name":"E-pood","item":"https:\/\/beautyinstitute.ee\/e-pood\/"},{"@type":"ListItem","position":3,"name":"Edition 4.0"}]},{"@type":"WebSite","@id":"https:\/\/beautyinstitute.ee\/#website","url":"https:\/\/beautyinstitute.ee\/","name":"Beauty Institute","description":"CNC Cosmetic ametlik maaletooja ja edasim\u00fc\u00fcja Eestis, Soomes, L\u00e4tis. Aparaadikosmeetika, koolitused, kosmeetikatooted.","potentialAction":[{"@type":"SearchAction","target":{"@type":"EntryPoint","urlTemplate":"https:\/\/beautyinstitute.ee\/?s={search_term_string}"},"query-input":{"@type":"PropertyValueSpecification","valueRequired":true,"valueName":"search_term_string"}}],"inLanguage":"ru-RU"}]}},"_links":{"self":[{"href":"https:\/\/beautyinstitute.ee\/ru\/wp-json\/wp\/v2\/product\/37849","targetHints":{"allow":["GET"]}}],"collection":[{"href":"https:\/\/beautyinstitute.ee\/ru\/wp-json\/wp\/v2\/product"}],"about":[{"href":"https:\/\/beautyinstitute.ee\/ru\/wp-json\/wp\/v2\/types\/product"}],"wp:featuredmedia":[{"embeddable":true,"href":"https:\/\/beautyinstitute.ee\/ru\/wp-json\/wp\/v2\/media\/37363"}],"wp:attachment":[{"href":"https:\/\/beautyinstitute.ee\/ru\/wp-json\/wp\/v2\/media?parent=37849"}],"wp:term":[{"taxonomy":"product_cat","embeddable":true,"href":"https:\/\/beautyinstitute.ee\/ru\/wp-json\/wp\/v2\/product_cat?post=37849"},{"taxonomy":"product_tag","embeddable":true,"href":"https:\/\/beautyinstitute.ee\/ru\/wp-json\/wp\/v2\/product_tag?post=37849"}],"curies":[{"name":"wp","href":"https:\/\/api.w.org\/{rel}","templated":true}]}}