{"id":37860,"date":"2026-03-30T18:23:38","date_gmt":"2026-03-30T15:23:38","guid":{"rendered":"https:\/\/beautyinstitute.ee\/?post_type=product&#038;p=37860"},"modified":"2026-04-27T11:20:07","modified_gmt":"2026-04-27T08:20:07","slug":"edition-lift-essence","status":"publish","type":"product","link":"https:\/\/beautyinstitute.ee\/ru\/toode\/edition-lift-essence\/","title":{"rendered":"Edition Lift Essence"},"content":{"rendered":"<p data-start=\"117\" data-end=\"156\"><strong data-start=\"117\" data-end=\"154\">K\u00f5rge toimeainesisaldusega seerum<\/strong><\/p>\n<p data-start=\"158\" data-end=\"319\"><span style=\"font-size: 14px;\">T\u00f5hus aktiivseerum, mis \u00fchendab mere p\u00e4ritolu innovatsiooni ja tipptasemel peptiiditehnoloogia, et parandada naha struktuuri ja taastada selle nooruslik v\u00e4limus.<\/span><\/p>\n<p data-section-id=\"1fck2em\" data-start=\"326\" data-end=\"341\"><span style=\"font-size: 14px;\" role=\"text\"><strong data-start=\"332\" data-end=\"341\">Toime: <\/strong><\/span><span style=\"font-size: 14px;\">Mereplankton ja bi-molekulaarne h\u00fcaluroonhape aitavad juba p\u00e4rast esimest kasutuskorda t\u00e4ita peeneid jooni ja kortse, muutes naha siledamaks ja pringimaks. <\/span><span style=\"font-size: 14px;\">Kahe biotehnoloogiliselt loodud nutika peptiidi kombinatsioon toetab naha kollageenikiudude v\u00f5rgustiku taastumist ning m\u00f5jub t\u00f5husalt nii vananemis- kui miimikakortsudele. <\/span><span style=\"font-size: 14px;\">\u201c<strong data-start=\"678\" data-end=\"702\">Youth Gene Activator<\/strong>\u201d stimuleerib 14 geeni, mis osalevad kollageeni, elastiini ja h\u00fcaluroonhappe s\u00fcnteesis. See aitab nahal toota loomulikke \u201cfiller\u201d-aineid ning parandab n\u00e4htavalt naha struktuuri ja elastsust, mis aitavad taastada meie kontuurid. <strong data-start=\"678\" data-end=\"702\">Youth Gene Activator tegeleb meie ilukolmnurgaga ehk v\u00e4ga detailselt n\u00e4okontuuridega.<\/strong><\/span><\/p>\n<p data-section-id=\"5cgxzn\" data-start=\"899\" data-end=\"914\"><span style=\"font-size: 14px;\"><span role=\"text\"><strong data-start=\"905\" data-end=\"914\">Sobib: <\/strong><\/span>N\u00f5udlikule, k\u00fcpsele ja taastumist vajavale nahale, millel esineb elastsuse ja pinguldatuse kadu<\/span><\/p>\n<p data-section-id=\"1ac65bd\" data-start=\"1018\" data-end=\"1035\"><span style=\"font-size: 14px;\" role=\"text\"><strong data-start=\"1024\" data-end=\"1035\">Eelised<\/strong><\/span><\/p>\n<p data-start=\"1037\" data-end=\"1378\"><span style=\"font-size: 14px;\">\u2022 Peened jooned ja kortsud on m\u00e4rgatavalt v\u00e4henenud juba p\u00e4rast esimest kasutuskorda<\/span><br data-start=\"1121\" data-end=\"1124\" \/><span style=\"font-size: 14px;\">\u2022 S\u00fcgav ja mitmetasandiline niisutus<\/span><br data-start=\"1160\" data-end=\"1163\" \/><span style=\"font-size: 14px;\">\u2022 Teadusuuringutega t\u00f5estatud peptiidid aitavad v\u00e4hendada nii miimika- kui vananemiskortse<\/span><br data-start=\"1253\" data-end=\"1256\" \/><span style=\"font-size: 14px;\">\u2022 Aitab ennetada kortsude teket nooremal nahal<\/span><br data-start=\"1302\" data-end=\"1305\" \/><span style=\"font-size: 14px;\">\u2022 Toetab naha loomulikku kollageeni tootmist ja v\u00e4hendab kollageenikadu- taastab kontuurid<\/span><\/p>\n<p data-section-id=\"mflcko\" data-start=\"1385\" data-end=\"1414\"><span style=\"font-size: 14px;\"><span role=\"text\"><strong data-start=\"1391\" data-end=\"1414\">Peamised toimeained: k<\/strong><\/span>ahekordselt aktiivne h\u00fcaluroonhape, EPS mereplanktonist, neuropeptiidid, <strong>Youth Gene Activator<\/strong><\/span><\/p>\n","protected":false},"excerpt":{"rendered":"<p>K\u00f5rge toimeainesisaldusega seerum T\u00f5hus aktiivseerum, mis \u00fchendab mere p\u00e4ritolu innovatsiooni ja tipptasemel peptiiditehnoloogia, et parandada naha struktuuri ja taastada selle nooruslik v\u00e4limus. Toime: Mereplankton ja bi-molekulaarne h\u00fcaluroonhape aitavad juba p\u00e4rast esimest kasutuskorda t\u00e4ita peeneid jooni ja kortse, muutes naha siledamaks ja pringimaks. Kahe biotehnoloogiliselt loodud nutika peptiidi kombinatsioon toetab naha kollageenikiudude v\u00f5rgustiku taastumist ning m\u00f5jub [&hellip;]<\/p>\n","protected":false},"featured_media":37872,"template":"","meta":{"_acf_changed":false},"product_cat":[186,125],"product_tag":[],"class_list":["post-37860","product","type-product","status-publish","has-post-thumbnail","hentry","product_cat-uued-tulijad","product_cat-edition-3-5"],"acf":[],"yoast_head":"<!-- This site is optimized with the Yoast SEO plugin v25.4 - https:\/\/yoast.com\/wordpress\/plugins\/seo\/ -->\n<title>Edition Lift Essence - Beauty Institute<\/title>\n<meta name=\"robots\" content=\"index, follow, max-snippet:-1, max-image-preview:large, max-video-preview:-1\" \/>\n<link rel=\"canonical\" href=\"https:\/\/beautyinstitute.ee\/toode\/edition-lift-essence\/\" \/>\n<meta property=\"og:locale\" content=\"ru_RU\" \/>\n<meta property=\"og:type\" content=\"article\" \/>\n<meta property=\"og:title\" content=\"Edition Lift Essence - Beauty Institute\" \/>\n<meta property=\"og:description\" content=\"K\u00f5rge toimeainesisaldusega seerum T\u00f5hus aktiivseerum, mis \u00fchendab mere p\u00e4ritolu innovatsiooni ja tipptasemel peptiiditehnoloogia, et parandada naha struktuuri ja taastada selle nooruslik v\u00e4limus. Toime: Mereplankton ja bi-molekulaarne h\u00fcaluroonhape aitavad juba p\u00e4rast esimest kasutuskorda t\u00e4ita peeneid jooni ja kortse, muutes naha siledamaks ja pringimaks. Kahe biotehnoloogiliselt loodud nutika peptiidi kombinatsioon toetab naha kollageenikiudude v\u00f5rgustiku taastumist ning m\u00f5jub [&hellip;]\" \/>\n<meta property=\"og:url\" content=\"https:\/\/beautyinstitute.ee\/toode\/edition-lift-essence\/\" \/>\n<meta property=\"og:site_name\" content=\"Beauty Institute\" \/>\n<meta property=\"article:modified_time\" content=\"2026-04-27T08:20:07+00:00\" \/>\n<meta property=\"og:image\" content=\"https:\/\/beautyinstitute.ee\/wp-content\/uploads\/2026\/03\/edition-eliksiir.png\" \/>\n\t<meta property=\"og:image:width\" content=\"781\" \/>\n\t<meta property=\"og:image:height\" content=\"1920\" \/>\n\t<meta property=\"og:image:type\" content=\"image\/png\" \/>\n<meta name=\"twitter:card\" content=\"summary_large_image\" \/>\n<meta name=\"twitter:site\" content=\"@Beauty_Eesti\" \/>\n<meta name=\"twitter:label1\" content=\"\u041f\u0440\u0438\u043c\u0435\u0440\u043d\u043e\u0435 \u0432\u0440\u0435\u043c\u044f \u0434\u043b\u044f \u0447\u0442\u0435\u043d\u0438\u044f\" \/>\n\t<meta name=\"twitter:data1\" content=\"2 \u043c\u0438\u043d\u0443\u0442\u044b\" \/>\n<script type=\"application\/ld+json\" class=\"yoast-schema-graph\">{\"@context\":\"https:\/\/schema.org\",\"@graph\":[{\"@type\":\"WebPage\",\"@id\":\"https:\/\/beautyinstitute.ee\/toode\/edition-lift-essence\/\",\"url\":\"https:\/\/beautyinstitute.ee\/toode\/edition-lift-essence\/\",\"name\":\"Edition Lift Essence - Beauty Institute\",\"isPartOf\":{\"@id\":\"https:\/\/beautyinstitute.ee\/#website\"},\"primaryImageOfPage\":{\"@id\":\"https:\/\/beautyinstitute.ee\/toode\/edition-lift-essence\/#primaryimage\"},\"image\":{\"@id\":\"https:\/\/beautyinstitute.ee\/toode\/edition-lift-essence\/#primaryimage\"},\"thumbnailUrl\":\"https:\/\/beautyinstitute.ee\/wp-content\/uploads\/2026\/03\/edition-eliksiir.png\",\"datePublished\":\"2026-03-30T15:23:38+00:00\",\"dateModified\":\"2026-04-27T08:20:07+00:00\",\"breadcrumb\":{\"@id\":\"https:\/\/beautyinstitute.ee\/toode\/edition-lift-essence\/#breadcrumb\"},\"inLanguage\":\"ru-RU\",\"potentialAction\":[{\"@type\":\"ReadAction\",\"target\":[\"https:\/\/beautyinstitute.ee\/toode\/edition-lift-essence\/\"]}]},{\"@type\":\"ImageObject\",\"inLanguage\":\"ru-RU\",\"@id\":\"https:\/\/beautyinstitute.ee\/toode\/edition-lift-essence\/#primaryimage\",\"url\":\"https:\/\/beautyinstitute.ee\/wp-content\/uploads\/2026\/03\/edition-eliksiir.png\",\"contentUrl\":\"https:\/\/beautyinstitute.ee\/wp-content\/uploads\/2026\/03\/edition-eliksiir.png\",\"width\":781,\"height\":1920},{\"@type\":\"BreadcrumbList\",\"@id\":\"https:\/\/beautyinstitute.ee\/toode\/edition-lift-essence\/#breadcrumb\",\"itemListElement\":[{\"@type\":\"ListItem\",\"position\":1,\"name\":\"Home\",\"item\":\"https:\/\/beautyinstitute.ee\/ru\/\"},{\"@type\":\"ListItem\",\"position\":2,\"name\":\"E-pood\",\"item\":\"https:\/\/beautyinstitute.ee\/e-pood\/\"},{\"@type\":\"ListItem\",\"position\":3,\"name\":\"Edition Lift Essence\"}]},{\"@type\":\"WebSite\",\"@id\":\"https:\/\/beautyinstitute.ee\/#website\",\"url\":\"https:\/\/beautyinstitute.ee\/\",\"name\":\"Beauty Institute\",\"description\":\"CNC Cosmetic ametlik maaletooja ja edasim\u00fc\u00fcja Eestis, Soomes, L\u00e4tis. Aparaadikosmeetika, koolitused, kosmeetikatooted.\",\"potentialAction\":[{\"@type\":\"SearchAction\",\"target\":{\"@type\":\"EntryPoint\",\"urlTemplate\":\"https:\/\/beautyinstitute.ee\/?s={search_term_string}\"},\"query-input\":{\"@type\":\"PropertyValueSpecification\",\"valueRequired\":true,\"valueName\":\"search_term_string\"}}],\"inLanguage\":\"ru-RU\"}]}<\/script>\n<!-- \/ Yoast SEO plugin. -->","yoast_head_json":{"title":"Edition Lift Essence - Beauty Institute","robots":{"index":"index","follow":"follow","max-snippet":"max-snippet:-1","max-image-preview":"max-image-preview:large","max-video-preview":"max-video-preview:-1"},"canonical":"https:\/\/beautyinstitute.ee\/toode\/edition-lift-essence\/","og_locale":"ru_RU","og_type":"article","og_title":"Edition Lift Essence - Beauty Institute","og_description":"K\u00f5rge toimeainesisaldusega seerum T\u00f5hus aktiivseerum, mis \u00fchendab mere p\u00e4ritolu innovatsiooni ja tipptasemel peptiiditehnoloogia, et parandada naha struktuuri ja taastada selle nooruslik v\u00e4limus. Toime: Mereplankton ja bi-molekulaarne h\u00fcaluroonhape aitavad juba p\u00e4rast esimest kasutuskorda t\u00e4ita peeneid jooni ja kortse, muutes naha siledamaks ja pringimaks. Kahe biotehnoloogiliselt loodud nutika peptiidi kombinatsioon toetab naha kollageenikiudude v\u00f5rgustiku taastumist ning m\u00f5jub [&hellip;]","og_url":"https:\/\/beautyinstitute.ee\/toode\/edition-lift-essence\/","og_site_name":"Beauty Institute","article_modified_time":"2026-04-27T08:20:07+00:00","og_image":[{"width":781,"height":1920,"url":"https:\/\/beautyinstitute.ee\/wp-content\/uploads\/2026\/03\/edition-eliksiir.png","type":"image\/png"}],"twitter_card":"summary_large_image","twitter_site":"@Beauty_Eesti","twitter_misc":{"\u041f\u0440\u0438\u043c\u0435\u0440\u043d\u043e\u0435 \u0432\u0440\u0435\u043c\u044f \u0434\u043b\u044f \u0447\u0442\u0435\u043d\u0438\u044f":"2 \u043c\u0438\u043d\u0443\u0442\u044b"},"schema":{"@context":"https:\/\/schema.org","@graph":[{"@type":"WebPage","@id":"https:\/\/beautyinstitute.ee\/toode\/edition-lift-essence\/","url":"https:\/\/beautyinstitute.ee\/toode\/edition-lift-essence\/","name":"Edition Lift Essence - Beauty Institute","isPartOf":{"@id":"https:\/\/beautyinstitute.ee\/#website"},"primaryImageOfPage":{"@id":"https:\/\/beautyinstitute.ee\/toode\/edition-lift-essence\/#primaryimage"},"image":{"@id":"https:\/\/beautyinstitute.ee\/toode\/edition-lift-essence\/#primaryimage"},"thumbnailUrl":"https:\/\/beautyinstitute.ee\/wp-content\/uploads\/2026\/03\/edition-eliksiir.png","datePublished":"2026-03-30T15:23:38+00:00","dateModified":"2026-04-27T08:20:07+00:00","breadcrumb":{"@id":"https:\/\/beautyinstitute.ee\/toode\/edition-lift-essence\/#breadcrumb"},"inLanguage":"ru-RU","potentialAction":[{"@type":"ReadAction","target":["https:\/\/beautyinstitute.ee\/toode\/edition-lift-essence\/"]}]},{"@type":"ImageObject","inLanguage":"ru-RU","@id":"https:\/\/beautyinstitute.ee\/toode\/edition-lift-essence\/#primaryimage","url":"https:\/\/beautyinstitute.ee\/wp-content\/uploads\/2026\/03\/edition-eliksiir.png","contentUrl":"https:\/\/beautyinstitute.ee\/wp-content\/uploads\/2026\/03\/edition-eliksiir.png","width":781,"height":1920},{"@type":"BreadcrumbList","@id":"https:\/\/beautyinstitute.ee\/toode\/edition-lift-essence\/#breadcrumb","itemListElement":[{"@type":"ListItem","position":1,"name":"Home","item":"https:\/\/beautyinstitute.ee\/ru\/"},{"@type":"ListItem","position":2,"name":"E-pood","item":"https:\/\/beautyinstitute.ee\/e-pood\/"},{"@type":"ListItem","position":3,"name":"Edition Lift Essence"}]},{"@type":"WebSite","@id":"https:\/\/beautyinstitute.ee\/#website","url":"https:\/\/beautyinstitute.ee\/","name":"Beauty Institute","description":"CNC Cosmetic ametlik maaletooja ja edasim\u00fc\u00fcja Eestis, Soomes, L\u00e4tis. Aparaadikosmeetika, koolitused, kosmeetikatooted.","potentialAction":[{"@type":"SearchAction","target":{"@type":"EntryPoint","urlTemplate":"https:\/\/beautyinstitute.ee\/?s={search_term_string}"},"query-input":{"@type":"PropertyValueSpecification","valueRequired":true,"valueName":"search_term_string"}}],"inLanguage":"ru-RU"}]}},"_links":{"self":[{"href":"https:\/\/beautyinstitute.ee\/ru\/wp-json\/wp\/v2\/product\/37860","targetHints":{"allow":["GET"]}}],"collection":[{"href":"https:\/\/beautyinstitute.ee\/ru\/wp-json\/wp\/v2\/product"}],"about":[{"href":"https:\/\/beautyinstitute.ee\/ru\/wp-json\/wp\/v2\/types\/product"}],"wp:featuredmedia":[{"embeddable":true,"href":"https:\/\/beautyinstitute.ee\/ru\/wp-json\/wp\/v2\/media\/37872"}],"wp:attachment":[{"href":"https:\/\/beautyinstitute.ee\/ru\/wp-json\/wp\/v2\/media?parent=37860"}],"wp:term":[{"taxonomy":"product_cat","embeddable":true,"href":"https:\/\/beautyinstitute.ee\/ru\/wp-json\/wp\/v2\/product_cat?post=37860"},{"taxonomy":"product_tag","embeddable":true,"href":"https:\/\/beautyinstitute.ee\/ru\/wp-json\/wp\/v2\/product_tag?post=37860"}],"curies":[{"name":"wp","href":"https:\/\/api.w.org\/{rel}","templated":true}]}}