{"id":37876,"date":"2026-03-30T21:38:18","date_gmt":"2026-03-30T18:38:18","guid":{"rendered":"https:\/\/beautyinstitute.ee\/?post_type=product&#038;p=37876"},"modified":"2026-04-27T11:45:18","modified_gmt":"2026-04-27T08:45:18","slug":"edition-4-0-komplekt","status":"publish","type":"product","link":"https:\/\/beautyinstitute.ee\/ru\/toode\/edition-4-0-komplekt\/","title":{"rendered":"Edition 4.0 Komplekt"},"content":{"rendered":"<p data-section-id=\"tmktxo\" data-start=\"127\" data-end=\"182\"><strong>Edition 4.0 kreem<\/strong><\/p>\n<p data-section-id=\"tmktxo\" data-start=\"127\" data-end=\"182\"><span role=\"text\"><strong data-start=\"132\" data-end=\"180\">Pikaealisuse teadus ajatult kauni naha jaoks- <\/strong><\/span><em>inspireeritud rakkude pikaealisusest ja epigeneetilisest innovatsioonist<\/em><\/p>\n<p><span role=\"text\"><strong data-start=\"295\" data-end=\"308\">Kirjeldus: <\/strong><\/span><strong data-start=\"310\" data-end=\"344\">Longevity Age-Reset n\u00e4ohooldus<\/strong><\/p>\n<p>T\u00e4iustatud Lift &amp; Repair valem seab uued standardid vananemisvastases nahahoolduses. See aktiveerib sihip\u00e4raselt naha pikaealisusmehhanisme, suurendab selle taastumisv\u00f5imet ning viib naha kvaliteedi uuele, nooruslikumale tasemele.<\/p>\n<p data-section-id=\"1fck2em\" data-start=\"587\" data-end=\"602\"><span role=\"text\"><strong data-start=\"593\" data-end=\"602\">Toime: <\/strong><\/span>V\u00e4hendab sihip\u00e4raselt mikro-p\u00f5letikke ja oks\u00fcdatiivset stressi, et aktiveerida naha rakuline uuenemiss\u00fcsteem ning tugevdada selle eluj\u00f5ulisust molekulaarsel tasandil. T\u00f5husad lifting-peptiidid ja teprenoon toetavad naha DNA taastumisprotsesse, parandavad naha tihedust ning siluvad kortse kolmem\u00f5\u00f5tmeliselt, andes n\u00e4ole selgema kontuuri. Bi-molekulaarne h\u00fcaluroonhape ja antioks\u00fcdantne astelpaju\u00f5li tagavad s\u00fcgavniisutuse ja kaitse \u2013 tulemuseks on s\u00e4rav nahk, mis defineerib nooruslikkuse uuel tasemel.<\/p>\n<p data-section-id=\"5cgxzn\" data-start=\"1119\" data-end=\"1134\"><span role=\"text\"><strong data-start=\"1125\" data-end=\"1134\">Sobib: <\/strong><\/span>N\u00f5udlikule, k\u00fcpsele ja taastumist vajavale nahale<\/p>\n<p data-section-id=\"opoojd\" data-start=\"1192\" data-end=\"1212\"><span role=\"text\"><strong data-start=\"1198\" data-end=\"1212\">Kasutamine: <\/strong><\/span>Kanna hommikul ja \u00f5htul puhastatud n\u00e4ole ja kaelale, kasutades \u00fclespoole suunatud liigutusi.<\/p>\n<p data-section-id=\"1ac65bd\" data-start=\"1313\" data-end=\"1330\"><span role=\"text\"><strong data-start=\"1319\" data-end=\"1330\">Eelised<\/strong><\/span><\/p>\n<p data-start=\"1332\" data-end=\"1636\">\u2022 Mitmekordne korrigeeriv toime \u2013 <em data-start=\"1366\" data-end=\"1381\">Lift &amp; Repair<\/em><br data-start=\"1381\" data-end=\"1384\" \/>\u2022 Terviklik vananemisvastane hooldus<br data-start=\"1420\" data-end=\"1423\" \/>\u2022 Kortsusid siluv, nahatooni \u00fchtlustav ja DNA taastumist toetav<br data-start=\"1486\" data-end=\"1489\" \/>\u2022 Aktiveerib naha pikaealisusprotsesse<br data-start=\"1527\" data-end=\"1530\" \/>\u2022 V\u00e4hendab mikro-p\u00f5letikku ja oks\u00fcdatiivset stressi<br data-start=\"1581\" data-end=\"1584\" \/>\u2022 Sisaldab teadusuuringutega t\u00f5estatud toimeaineid<\/p>\n<p data-section-id=\"mflcko\" data-start=\"1643\" data-end=\"1672\"><span role=\"text\"><strong data-start=\"1649\" data-end=\"1672\">Peamised toimeained: <\/strong><\/span>Skin longevity enhancer, lifting-peptiidid, anti-gl\u00fckatsiooni toimeaine, anti-aging taastav kompleks<br data-start=\"1777\" data-end=\"1780\" \/>l\u00fchikese ja pika ahelaga h\u00fcaluroonhape, astelpaju viljaliha\u00f5li<br data-start=\"1843\" data-end=\"1846\" \/>sheav\u00f5i, makadaamiap\u00e4hkli\u00f5li, pentavitin\u00ae (Saccharide Isomerate), allantoiin, vitamiin E<\/p>\n<p data-start=\"117\" data-end=\"156\">\n<p data-start=\"117\" data-end=\"156\"><strong>Edition lift essence<\/strong><\/p>\n<p data-start=\"117\" data-end=\"156\"><strong data-start=\"117\" data-end=\"154\">K\u00f5rge toimeainesisaldusega seerum<\/strong><\/p>\n<p data-start=\"158\" data-end=\"319\">T\u00f5hus aktiivseerum, mis \u00fchendab mere p\u00e4ritolu innovatsiooni ja tipptasemel peptiiditehnoloogia, et parandada naha struktuuri ja taastada selle nooruslik v\u00e4limus.<\/p>\n<p data-section-id=\"1fck2em\" data-start=\"326\" data-end=\"341\"><span role=\"text\"><strong data-start=\"332\" data-end=\"341\">Toime: <\/strong><\/span>Mereplankton ja bi-molekulaarne h\u00fcaluroonhape aitavad juba p\u00e4rast esimest kasutuskorda t\u00e4ita peeneid jooni ja kortse, muutes naha siledamaks ja pringimaks. Kahe biotehnoloogiliselt loodud nutika peptiidi kombinatsioon toetab naha kollageenikiudude v\u00f5rgustiku taastumist ning m\u00f5jub t\u00f5husalt nii vananemis- kui miimikakortsudele. \u201c<strong data-start=\"678\" data-end=\"702\">Youth Gene Activator<\/strong>\u201d stimuleerib 14 geeni, mis osalevad kollageeni, elastiini ja h\u00fcaluroonhappe s\u00fcnteesis. See aitab nahal toota loomulikke \u201cfiller\u201d-aineid ning parandab n\u00e4htavalt naha struktuuri ja elastsust, mis aitavad taastada meie kontuurid. <strong data-start=\"678\" data-end=\"702\">Youth Gene Activator tegeleb meie ilukolmnurgaga ehk v\u00e4ga detailselt n\u00e4okontuuridega.<\/strong><\/p>\n<p data-section-id=\"5cgxzn\" data-start=\"899\" data-end=\"914\"><span role=\"text\"><strong data-start=\"905\" data-end=\"914\">Sobib: <\/strong><\/span>N\u00f5udlikule, k\u00fcpsele ja taastumist vajavale nahale, millel esineb elastsuse ja pinguldatuse kadu<\/p>\n<p data-section-id=\"1ac65bd\" data-start=\"1018\" data-end=\"1035\"><span role=\"text\"><strong data-start=\"1024\" data-end=\"1035\">Eelised<\/strong><\/span><\/p>\n<p data-start=\"1037\" data-end=\"1378\">\u2022 Peened jooned ja kortsud on m\u00e4rgatavalt v\u00e4henenud juba p\u00e4rast esimest kasutuskorda<br data-start=\"1121\" data-end=\"1124\" \/>\u2022 S\u00fcgav ja mitmetasandiline niisutus<br data-start=\"1160\" data-end=\"1163\" \/>\u2022 Teadusuuringutega t\u00f5estatud peptiidid aitavad v\u00e4hendada nii miimika- kui vananemiskortse<br data-start=\"1253\" data-end=\"1256\" \/>\u2022 Aitab ennetada kortsude teket nooremal nahal<br data-start=\"1302\" data-end=\"1305\" \/>\u2022 Toetab naha loomulikku kollageeni tootmist ja v\u00e4hendab kollageenikadu- taastab kontuurid<\/p>\n<p data-section-id=\"mflcko\" data-start=\"1385\" data-end=\"1414\"><span role=\"text\"><strong data-start=\"1391\" data-end=\"1414\">Peamised toimeained: k<\/strong><\/span>ahekordselt aktiivne h\u00fcaluroonhape, EPS mereplanktonist, neuropeptiidid, <strong>Youth Gene Activator<\/strong><\/p>\n","protected":false},"excerpt":{"rendered":"<p>Edition 4.0 kreem Pikaealisuse teadus ajatult kauni naha jaoks- inspireeritud rakkude pikaealisusest ja epigeneetilisest innovatsioonist Kirjeldus: Longevity Age-Reset n\u00e4ohooldus T\u00e4iustatud Lift &amp; Repair valem seab uued standardid vananemisvastases nahahoolduses. See aktiveerib sihip\u00e4raselt naha pikaealisusmehhanisme, suurendab selle taastumisv\u00f5imet ning viib naha kvaliteedi uuele, nooruslikumale tasemele. Toime: V\u00e4hendab sihip\u00e4raselt mikro-p\u00f5letikke ja oks\u00fcdatiivset stressi, et aktiveerida naha rakuline [&hellip;]<\/p>\n","protected":false},"featured_media":37877,"template":"","meta":{"_acf_changed":false},"product_cat":[323,186,125],"product_tag":[],"class_list":["post-37876","product","type-product","status-publish","has-post-thumbnail","hentry","product_cat-jooulud-2025","product_cat-uued-tulijad","product_cat-edition-3-5"],"acf":[],"yoast_head":"<!-- This site is optimized with the Yoast SEO plugin v25.4 - https:\/\/yoast.com\/wordpress\/plugins\/seo\/ -->\n<title>Edition 4.0 Komplekt - Beauty Institute<\/title>\n<meta name=\"robots\" content=\"index, follow, max-snippet:-1, max-image-preview:large, max-video-preview:-1\" \/>\n<link rel=\"canonical\" href=\"https:\/\/beautyinstitute.ee\/toode\/edition-4-0-komplekt\/\" \/>\n<meta property=\"og:locale\" content=\"ru_RU\" \/>\n<meta property=\"og:type\" content=\"article\" \/>\n<meta property=\"og:title\" content=\"Edition 4.0 Komplekt - Beauty Institute\" \/>\n<meta property=\"og:description\" content=\"Edition 4.0 kreem Pikaealisuse teadus ajatult kauni naha jaoks- inspireeritud rakkude pikaealisusest ja epigeneetilisest innovatsioonist Kirjeldus: Longevity Age-Reset n\u00e4ohooldus T\u00e4iustatud Lift &amp; Repair valem seab uued standardid vananemisvastases nahahoolduses. See aktiveerib sihip\u00e4raselt naha pikaealisusmehhanisme, suurendab selle taastumisv\u00f5imet ning viib naha kvaliteedi uuele, nooruslikumale tasemele. Toime: V\u00e4hendab sihip\u00e4raselt mikro-p\u00f5letikke ja oks\u00fcdatiivset stressi, et aktiveerida naha rakuline [&hellip;]\" \/>\n<meta property=\"og:url\" content=\"https:\/\/beautyinstitute.ee\/toode\/edition-4-0-komplekt\/\" \/>\n<meta property=\"og:site_name\" content=\"Beauty Institute\" \/>\n<meta property=\"article:modified_time\" content=\"2026-04-27T08:45:18+00:00\" \/>\n<meta property=\"og:image\" content=\"https:\/\/beautyinstitute.ee\/wp-content\/uploads\/2026\/03\/komplekt-edition.jpg\" \/>\n\t<meta property=\"og:image:width\" content=\"800\" \/>\n\t<meta property=\"og:image:height\" content=\"800\" \/>\n\t<meta property=\"og:image:type\" content=\"image\/jpeg\" \/>\n<meta name=\"twitter:card\" content=\"summary_large_image\" \/>\n<meta name=\"twitter:site\" content=\"@Beauty_Eesti\" \/>\n<meta name=\"twitter:label1\" content=\"\u041f\u0440\u0438\u043c\u0435\u0440\u043d\u043e\u0435 \u0432\u0440\u0435\u043c\u044f \u0434\u043b\u044f \u0447\u0442\u0435\u043d\u0438\u044f\" \/>\n\t<meta name=\"twitter:data1\" content=\"3 \u043c\u0438\u043d\u0443\u0442\u044b\" \/>\n<script type=\"application\/ld+json\" class=\"yoast-schema-graph\">{\"@context\":\"https:\/\/schema.org\",\"@graph\":[{\"@type\":\"WebPage\",\"@id\":\"https:\/\/beautyinstitute.ee\/toode\/edition-4-0-komplekt\/\",\"url\":\"https:\/\/beautyinstitute.ee\/toode\/edition-4-0-komplekt\/\",\"name\":\"Edition 4.0 Komplekt - Beauty Institute\",\"isPartOf\":{\"@id\":\"https:\/\/beautyinstitute.ee\/#website\"},\"primaryImageOfPage\":{\"@id\":\"https:\/\/beautyinstitute.ee\/toode\/edition-4-0-komplekt\/#primaryimage\"},\"image\":{\"@id\":\"https:\/\/beautyinstitute.ee\/toode\/edition-4-0-komplekt\/#primaryimage\"},\"thumbnailUrl\":\"https:\/\/beautyinstitute.ee\/wp-content\/uploads\/2026\/03\/komplekt-edition.jpg\",\"datePublished\":\"2026-03-30T18:38:18+00:00\",\"dateModified\":\"2026-04-27T08:45:18+00:00\",\"breadcrumb\":{\"@id\":\"https:\/\/beautyinstitute.ee\/toode\/edition-4-0-komplekt\/#breadcrumb\"},\"inLanguage\":\"ru-RU\",\"potentialAction\":[{\"@type\":\"ReadAction\",\"target\":[\"https:\/\/beautyinstitute.ee\/toode\/edition-4-0-komplekt\/\"]}]},{\"@type\":\"ImageObject\",\"inLanguage\":\"ru-RU\",\"@id\":\"https:\/\/beautyinstitute.ee\/toode\/edition-4-0-komplekt\/#primaryimage\",\"url\":\"https:\/\/beautyinstitute.ee\/wp-content\/uploads\/2026\/03\/komplekt-edition.jpg\",\"contentUrl\":\"https:\/\/beautyinstitute.ee\/wp-content\/uploads\/2026\/03\/komplekt-edition.jpg\",\"width\":800,\"height\":800},{\"@type\":\"BreadcrumbList\",\"@id\":\"https:\/\/beautyinstitute.ee\/toode\/edition-4-0-komplekt\/#breadcrumb\",\"itemListElement\":[{\"@type\":\"ListItem\",\"position\":1,\"name\":\"Home\",\"item\":\"https:\/\/beautyinstitute.ee\/ru\/\"},{\"@type\":\"ListItem\",\"position\":2,\"name\":\"E-pood\",\"item\":\"https:\/\/beautyinstitute.ee\/e-pood\/\"},{\"@type\":\"ListItem\",\"position\":3,\"name\":\"Edition 4.0 Komplekt\"}]},{\"@type\":\"WebSite\",\"@id\":\"https:\/\/beautyinstitute.ee\/#website\",\"url\":\"https:\/\/beautyinstitute.ee\/\",\"name\":\"Beauty Institute\",\"description\":\"CNC Cosmetic ametlik maaletooja ja edasim\u00fc\u00fcja Eestis, Soomes, L\u00e4tis. Aparaadikosmeetika, koolitused, kosmeetikatooted.\",\"potentialAction\":[{\"@type\":\"SearchAction\",\"target\":{\"@type\":\"EntryPoint\",\"urlTemplate\":\"https:\/\/beautyinstitute.ee\/?s={search_term_string}\"},\"query-input\":{\"@type\":\"PropertyValueSpecification\",\"valueRequired\":true,\"valueName\":\"search_term_string\"}}],\"inLanguage\":\"ru-RU\"}]}<\/script>\n<!-- \/ Yoast SEO plugin. -->","yoast_head_json":{"title":"Edition 4.0 Komplekt - Beauty Institute","robots":{"index":"index","follow":"follow","max-snippet":"max-snippet:-1","max-image-preview":"max-image-preview:large","max-video-preview":"max-video-preview:-1"},"canonical":"https:\/\/beautyinstitute.ee\/toode\/edition-4-0-komplekt\/","og_locale":"ru_RU","og_type":"article","og_title":"Edition 4.0 Komplekt - Beauty Institute","og_description":"Edition 4.0 kreem Pikaealisuse teadus ajatult kauni naha jaoks- inspireeritud rakkude pikaealisusest ja epigeneetilisest innovatsioonist Kirjeldus: Longevity Age-Reset n\u00e4ohooldus T\u00e4iustatud Lift &amp; Repair valem seab uued standardid vananemisvastases nahahoolduses. See aktiveerib sihip\u00e4raselt naha pikaealisusmehhanisme, suurendab selle taastumisv\u00f5imet ning viib naha kvaliteedi uuele, nooruslikumale tasemele. Toime: V\u00e4hendab sihip\u00e4raselt mikro-p\u00f5letikke ja oks\u00fcdatiivset stressi, et aktiveerida naha rakuline [&hellip;]","og_url":"https:\/\/beautyinstitute.ee\/toode\/edition-4-0-komplekt\/","og_site_name":"Beauty Institute","article_modified_time":"2026-04-27T08:45:18+00:00","og_image":[{"width":800,"height":800,"url":"https:\/\/beautyinstitute.ee\/wp-content\/uploads\/2026\/03\/komplekt-edition.jpg","type":"image\/jpeg"}],"twitter_card":"summary_large_image","twitter_site":"@Beauty_Eesti","twitter_misc":{"\u041f\u0440\u0438\u043c\u0435\u0440\u043d\u043e\u0435 \u0432\u0440\u0435\u043c\u044f \u0434\u043b\u044f \u0447\u0442\u0435\u043d\u0438\u044f":"3 \u043c\u0438\u043d\u0443\u0442\u044b"},"schema":{"@context":"https:\/\/schema.org","@graph":[{"@type":"WebPage","@id":"https:\/\/beautyinstitute.ee\/toode\/edition-4-0-komplekt\/","url":"https:\/\/beautyinstitute.ee\/toode\/edition-4-0-komplekt\/","name":"Edition 4.0 Komplekt - Beauty Institute","isPartOf":{"@id":"https:\/\/beautyinstitute.ee\/#website"},"primaryImageOfPage":{"@id":"https:\/\/beautyinstitute.ee\/toode\/edition-4-0-komplekt\/#primaryimage"},"image":{"@id":"https:\/\/beautyinstitute.ee\/toode\/edition-4-0-komplekt\/#primaryimage"},"thumbnailUrl":"https:\/\/beautyinstitute.ee\/wp-content\/uploads\/2026\/03\/komplekt-edition.jpg","datePublished":"2026-03-30T18:38:18+00:00","dateModified":"2026-04-27T08:45:18+00:00","breadcrumb":{"@id":"https:\/\/beautyinstitute.ee\/toode\/edition-4-0-komplekt\/#breadcrumb"},"inLanguage":"ru-RU","potentialAction":[{"@type":"ReadAction","target":["https:\/\/beautyinstitute.ee\/toode\/edition-4-0-komplekt\/"]}]},{"@type":"ImageObject","inLanguage":"ru-RU","@id":"https:\/\/beautyinstitute.ee\/toode\/edition-4-0-komplekt\/#primaryimage","url":"https:\/\/beautyinstitute.ee\/wp-content\/uploads\/2026\/03\/komplekt-edition.jpg","contentUrl":"https:\/\/beautyinstitute.ee\/wp-content\/uploads\/2026\/03\/komplekt-edition.jpg","width":800,"height":800},{"@type":"BreadcrumbList","@id":"https:\/\/beautyinstitute.ee\/toode\/edition-4-0-komplekt\/#breadcrumb","itemListElement":[{"@type":"ListItem","position":1,"name":"Home","item":"https:\/\/beautyinstitute.ee\/ru\/"},{"@type":"ListItem","position":2,"name":"E-pood","item":"https:\/\/beautyinstitute.ee\/e-pood\/"},{"@type":"ListItem","position":3,"name":"Edition 4.0 Komplekt"}]},{"@type":"WebSite","@id":"https:\/\/beautyinstitute.ee\/#website","url":"https:\/\/beautyinstitute.ee\/","name":"Beauty Institute","description":"CNC Cosmetic ametlik maaletooja ja edasim\u00fc\u00fcja Eestis, Soomes, L\u00e4tis. Aparaadikosmeetika, koolitused, kosmeetikatooted.","potentialAction":[{"@type":"SearchAction","target":{"@type":"EntryPoint","urlTemplate":"https:\/\/beautyinstitute.ee\/?s={search_term_string}"},"query-input":{"@type":"PropertyValueSpecification","valueRequired":true,"valueName":"search_term_string"}}],"inLanguage":"ru-RU"}]}},"_links":{"self":[{"href":"https:\/\/beautyinstitute.ee\/ru\/wp-json\/wp\/v2\/product\/37876","targetHints":{"allow":["GET"]}}],"collection":[{"href":"https:\/\/beautyinstitute.ee\/ru\/wp-json\/wp\/v2\/product"}],"about":[{"href":"https:\/\/beautyinstitute.ee\/ru\/wp-json\/wp\/v2\/types\/product"}],"wp:featuredmedia":[{"embeddable":true,"href":"https:\/\/beautyinstitute.ee\/ru\/wp-json\/wp\/v2\/media\/37877"}],"wp:attachment":[{"href":"https:\/\/beautyinstitute.ee\/ru\/wp-json\/wp\/v2\/media?parent=37876"}],"wp:term":[{"taxonomy":"product_cat","embeddable":true,"href":"https:\/\/beautyinstitute.ee\/ru\/wp-json\/wp\/v2\/product_cat?post=37876"},{"taxonomy":"product_tag","embeddable":true,"href":"https:\/\/beautyinstitute.ee\/ru\/wp-json\/wp\/v2\/product_tag?post=37876"}],"curies":[{"name":"wp","href":"https:\/\/api.w.org\/{rel}","templated":true}]}}