{"id":37989,"date":"2026-04-06T10:39:36","date_gmt":"2026-04-06T07:39:36","guid":{"rendered":"https:\/\/beautyinstitute.ee\/?post_type=product&#038;p=37989"},"modified":"2026-04-27T11:40:35","modified_gmt":"2026-04-27T08:40:35","slug":"magic-summer-kreem-50ml-2","status":"publish","type":"product","link":"https:\/\/beautyinstitute.ee\/ru\/toode\/magic-summer-kreem-50ml-2\/","title":{"rendered":"Magic Summer Kreem 50Ml"},"content":{"rendered":"<p data-start=\"110\" data-end=\"289\">Suvehommiku kergus, soe tuule\u00f5hk ja \u00a0v\u00e4rske briis \u2013 just selle tunde toob nahale ultrakerge tekstuuriga \u00a0Summer Magic 24h kreem. See sulandub nahaga, niisutab s\u00fcgavuti ja laseb nahal \u00a0hingata.<\/p>\n<p data-start=\"291\" data-end=\"571\">Hoolikalt valitud vitamiinid ja innovatiivsed argaani t\u00fcvirakud loovad nahale n\u00e4htamatu kaitsekihi, mis aitab nahka tugevdada, taastada ja kaitsta igap\u00e4evaste keskkonnam\u00f5jude eest. Indigotaime ekstrakt lisab nahale \u00f5rna ja loomuliku s\u00e4ra \u2013 justkui oleks p\u00e4ike puudutanud nahka. Tulemuseks on v\u00e4rskem, \u00fchtlasem ja eluj\u00f5ulisem nahk \u00a0ning suvine s\u00e4ra, mis p\u00fcsib ka p\u00e4rast p\u00e4ikeseloojangut.<\/p>\n<p data-start=\"291\" data-end=\"571\"><strong data-start=\"689\" data-end=\"699\">Sobib: <\/strong>K\u00f5igile nahat\u00fc\u00fcpidele<\/p>\n<p data-start=\"730\" data-end=\"742\"><strong data-start=\"730\" data-end=\"742\">Eelised:<\/strong><\/p>\n<ul data-start=\"744\" data-end=\"998\">\n<li data-section-id=\"h3x8m8\" data-start=\"744\" data-end=\"803\">Ultrakerge tekstuuriga \u00a0luksuslik, suvine vananemisvastane hooldus<\/li>\n<li data-section-id=\"1t96b4c\" data-start=\"804\" data-end=\"892\">Ideaalne p\u00e4evaseks kasutamiseks SPF-i all \u2013 toetab naha kaitset p\u00e4ikesestressi vastu<\/li>\n<li data-section-id=\"1ygytrq\" data-start=\"893\" data-end=\"952\">Rahustab ja taastab nahka p\u00e4rast p\u00e4ikese k\u00e4es viibimist<\/li>\n<li data-section-id=\"1ud0pk6\" data-start=\"953\" data-end=\"998\">Annab nahale loomuliku, tervisliku \u00a0ja s\u00e4rava jume<\/li>\n<\/ul>\n<p data-start=\"1005\" data-end=\"1020\"><strong data-start=\"1005\" data-end=\"1020\">Kasutamine: <\/strong>Kanna hommikul ja \u00f5htul puhastatud nahale ning masseeri \u00f5rnalt sisse. P\u00e4evasel ajal kasuta kindlasti lisaks p\u00e4ikesekaitset.<\/p>\n<p data-start=\"1152\" data-end=\"1176\"><strong data-start=\"1152\" data-end=\"1176\">Peamised toimeained: <\/strong>Magusmandli\u00f5li, skvalaan, 72h niiskusmagnet pentavitiin, sheav\u00f5i, pantenool, avokaado\u00f5li, E-vitamiin, p\u00e4evalille\u00f5li, aaloe vera, ektoiin, h\u00fcaluroonhape, rohelise tee ekstrakt, argaani t\u00fcvirakud, soja\u00f5li, neuropeptiidid.<\/p>\n","protected":false},"excerpt":{"rendered":"<p>Suvehommiku kergus, soe tuule\u00f5hk ja \u00a0v\u00e4rske briis \u2013 just selle tunde toob nahale ultrakerge tekstuuriga \u00a0Summer Magic 24h kreem. See sulandub nahaga, niisutab s\u00fcgavuti ja laseb nahal \u00a0hingata. Hoolikalt valitud vitamiinid ja innovatiivsed argaani t\u00fcvirakud loovad nahale n\u00e4htamatu kaitsekihi, mis aitab nahka tugevdada, taastada ja kaitsta igap\u00e4evaste keskkonnam\u00f5jude eest. Indigotaime ekstrakt lisab nahale \u00f5rna ja [&hellip;]<\/p>\n","protected":false},"featured_media":37997,"template":"","meta":{"_acf_changed":false},"product_cat":[279,250,186],"product_tag":[],"class_list":["post-37989","product","type-product","status-publish","has-post-thumbnail","hentry","product_cat-summer-magic","product_cat-naokreemid","product_cat-uued-tulijad"],"acf":[],"yoast_head":"<!-- This site is optimized with the Yoast SEO plugin v25.4 - https:\/\/yoast.com\/wordpress\/plugins\/seo\/ -->\n<title>Magic Summer Kreem 50Ml - Beauty Institute<\/title>\n<meta name=\"robots\" content=\"index, follow, max-snippet:-1, max-image-preview:large, max-video-preview:-1\" \/>\n<link rel=\"canonical\" href=\"https:\/\/beautyinstitute.ee\/toode\/magic-summer-kreem-50ml-2\/\" \/>\n<meta property=\"og:locale\" content=\"ru_RU\" \/>\n<meta property=\"og:type\" content=\"article\" \/>\n<meta property=\"og:title\" content=\"Magic Summer Kreem 50Ml - Beauty Institute\" \/>\n<meta property=\"og:description\" content=\"Suvehommiku kergus, soe tuule\u00f5hk ja \u00a0v\u00e4rske briis \u2013 just selle tunde toob nahale ultrakerge tekstuuriga \u00a0Summer Magic 24h kreem. See sulandub nahaga, niisutab s\u00fcgavuti ja laseb nahal \u00a0hingata. Hoolikalt valitud vitamiinid ja innovatiivsed argaani t\u00fcvirakud loovad nahale n\u00e4htamatu kaitsekihi, mis aitab nahka tugevdada, taastada ja kaitsta igap\u00e4evaste keskkonnam\u00f5jude eest. Indigotaime ekstrakt lisab nahale \u00f5rna ja [&hellip;]\" \/>\n<meta property=\"og:url\" content=\"https:\/\/beautyinstitute.ee\/toode\/magic-summer-kreem-50ml-2\/\" \/>\n<meta property=\"og:site_name\" content=\"Beauty Institute\" \/>\n<meta property=\"article:modified_time\" content=\"2026-04-27T08:40:35+00:00\" \/>\n<meta property=\"og:image\" content=\"https:\/\/beautyinstitute.ee\/wp-content\/uploads\/2026\/04\/summer-kreem.jpg\" \/>\n\t<meta property=\"og:image:width\" content=\"1920\" \/>\n\t<meta property=\"og:image:height\" content=\"1920\" \/>\n\t<meta property=\"og:image:type\" content=\"image\/jpeg\" \/>\n<meta name=\"twitter:card\" content=\"summary_large_image\" \/>\n<meta name=\"twitter:site\" content=\"@Beauty_Eesti\" \/>\n<meta name=\"twitter:label1\" content=\"\u041f\u0440\u0438\u043c\u0435\u0440\u043d\u043e\u0435 \u0432\u0440\u0435\u043c\u044f \u0434\u043b\u044f \u0447\u0442\u0435\u043d\u0438\u044f\" \/>\n\t<meta name=\"twitter:data1\" content=\"2 \u043c\u0438\u043d\u0443\u0442\u044b\" \/>\n<script type=\"application\/ld+json\" class=\"yoast-schema-graph\">{\"@context\":\"https:\/\/schema.org\",\"@graph\":[{\"@type\":\"WebPage\",\"@id\":\"https:\/\/beautyinstitute.ee\/toode\/magic-summer-kreem-50ml-2\/\",\"url\":\"https:\/\/beautyinstitute.ee\/toode\/magic-summer-kreem-50ml-2\/\",\"name\":\"Magic Summer Kreem 50Ml - Beauty Institute\",\"isPartOf\":{\"@id\":\"https:\/\/beautyinstitute.ee\/#website\"},\"primaryImageOfPage\":{\"@id\":\"https:\/\/beautyinstitute.ee\/toode\/magic-summer-kreem-50ml-2\/#primaryimage\"},\"image\":{\"@id\":\"https:\/\/beautyinstitute.ee\/toode\/magic-summer-kreem-50ml-2\/#primaryimage\"},\"thumbnailUrl\":\"https:\/\/beautyinstitute.ee\/wp-content\/uploads\/2026\/04\/summer-kreem.jpg\",\"datePublished\":\"2026-04-06T07:39:36+00:00\",\"dateModified\":\"2026-04-27T08:40:35+00:00\",\"breadcrumb\":{\"@id\":\"https:\/\/beautyinstitute.ee\/toode\/magic-summer-kreem-50ml-2\/#breadcrumb\"},\"inLanguage\":\"ru-RU\",\"potentialAction\":[{\"@type\":\"ReadAction\",\"target\":[\"https:\/\/beautyinstitute.ee\/toode\/magic-summer-kreem-50ml-2\/\"]}]},{\"@type\":\"ImageObject\",\"inLanguage\":\"ru-RU\",\"@id\":\"https:\/\/beautyinstitute.ee\/toode\/magic-summer-kreem-50ml-2\/#primaryimage\",\"url\":\"https:\/\/beautyinstitute.ee\/wp-content\/uploads\/2026\/04\/summer-kreem.jpg\",\"contentUrl\":\"https:\/\/beautyinstitute.ee\/wp-content\/uploads\/2026\/04\/summer-kreem.jpg\",\"width\":1920,\"height\":1920},{\"@type\":\"BreadcrumbList\",\"@id\":\"https:\/\/beautyinstitute.ee\/toode\/magic-summer-kreem-50ml-2\/#breadcrumb\",\"itemListElement\":[{\"@type\":\"ListItem\",\"position\":1,\"name\":\"Home\",\"item\":\"https:\/\/beautyinstitute.ee\/ru\/\"},{\"@type\":\"ListItem\",\"position\":2,\"name\":\"E-pood\",\"item\":\"https:\/\/beautyinstitute.ee\/e-pood\/\"},{\"@type\":\"ListItem\",\"position\":3,\"name\":\"Magic Summer Kreem 50Ml\"}]},{\"@type\":\"WebSite\",\"@id\":\"https:\/\/beautyinstitute.ee\/#website\",\"url\":\"https:\/\/beautyinstitute.ee\/\",\"name\":\"Beauty Institute\",\"description\":\"CNC Cosmetic ametlik maaletooja ja edasim\u00fc\u00fcja Eestis, Soomes, L\u00e4tis. Aparaadikosmeetika, koolitused, kosmeetikatooted.\",\"potentialAction\":[{\"@type\":\"SearchAction\",\"target\":{\"@type\":\"EntryPoint\",\"urlTemplate\":\"https:\/\/beautyinstitute.ee\/?s={search_term_string}\"},\"query-input\":{\"@type\":\"PropertyValueSpecification\",\"valueRequired\":true,\"valueName\":\"search_term_string\"}}],\"inLanguage\":\"ru-RU\"}]}<\/script>\n<!-- \/ Yoast SEO plugin. -->","yoast_head_json":{"title":"Magic Summer Kreem 50Ml - Beauty Institute","robots":{"index":"index","follow":"follow","max-snippet":"max-snippet:-1","max-image-preview":"max-image-preview:large","max-video-preview":"max-video-preview:-1"},"canonical":"https:\/\/beautyinstitute.ee\/toode\/magic-summer-kreem-50ml-2\/","og_locale":"ru_RU","og_type":"article","og_title":"Magic Summer Kreem 50Ml - Beauty Institute","og_description":"Suvehommiku kergus, soe tuule\u00f5hk ja \u00a0v\u00e4rske briis \u2013 just selle tunde toob nahale ultrakerge tekstuuriga \u00a0Summer Magic 24h kreem. See sulandub nahaga, niisutab s\u00fcgavuti ja laseb nahal \u00a0hingata. Hoolikalt valitud vitamiinid ja innovatiivsed argaani t\u00fcvirakud loovad nahale n\u00e4htamatu kaitsekihi, mis aitab nahka tugevdada, taastada ja kaitsta igap\u00e4evaste keskkonnam\u00f5jude eest. Indigotaime ekstrakt lisab nahale \u00f5rna ja [&hellip;]","og_url":"https:\/\/beautyinstitute.ee\/toode\/magic-summer-kreem-50ml-2\/","og_site_name":"Beauty Institute","article_modified_time":"2026-04-27T08:40:35+00:00","og_image":[{"width":1920,"height":1920,"url":"https:\/\/beautyinstitute.ee\/wp-content\/uploads\/2026\/04\/summer-kreem.jpg","type":"image\/jpeg"}],"twitter_card":"summary_large_image","twitter_site":"@Beauty_Eesti","twitter_misc":{"\u041f\u0440\u0438\u043c\u0435\u0440\u043d\u043e\u0435 \u0432\u0440\u0435\u043c\u044f \u0434\u043b\u044f \u0447\u0442\u0435\u043d\u0438\u044f":"2 \u043c\u0438\u043d\u0443\u0442\u044b"},"schema":{"@context":"https:\/\/schema.org","@graph":[{"@type":"WebPage","@id":"https:\/\/beautyinstitute.ee\/toode\/magic-summer-kreem-50ml-2\/","url":"https:\/\/beautyinstitute.ee\/toode\/magic-summer-kreem-50ml-2\/","name":"Magic Summer Kreem 50Ml - Beauty Institute","isPartOf":{"@id":"https:\/\/beautyinstitute.ee\/#website"},"primaryImageOfPage":{"@id":"https:\/\/beautyinstitute.ee\/toode\/magic-summer-kreem-50ml-2\/#primaryimage"},"image":{"@id":"https:\/\/beautyinstitute.ee\/toode\/magic-summer-kreem-50ml-2\/#primaryimage"},"thumbnailUrl":"https:\/\/beautyinstitute.ee\/wp-content\/uploads\/2026\/04\/summer-kreem.jpg","datePublished":"2026-04-06T07:39:36+00:00","dateModified":"2026-04-27T08:40:35+00:00","breadcrumb":{"@id":"https:\/\/beautyinstitute.ee\/toode\/magic-summer-kreem-50ml-2\/#breadcrumb"},"inLanguage":"ru-RU","potentialAction":[{"@type":"ReadAction","target":["https:\/\/beautyinstitute.ee\/toode\/magic-summer-kreem-50ml-2\/"]}]},{"@type":"ImageObject","inLanguage":"ru-RU","@id":"https:\/\/beautyinstitute.ee\/toode\/magic-summer-kreem-50ml-2\/#primaryimage","url":"https:\/\/beautyinstitute.ee\/wp-content\/uploads\/2026\/04\/summer-kreem.jpg","contentUrl":"https:\/\/beautyinstitute.ee\/wp-content\/uploads\/2026\/04\/summer-kreem.jpg","width":1920,"height":1920},{"@type":"BreadcrumbList","@id":"https:\/\/beautyinstitute.ee\/toode\/magic-summer-kreem-50ml-2\/#breadcrumb","itemListElement":[{"@type":"ListItem","position":1,"name":"Home","item":"https:\/\/beautyinstitute.ee\/ru\/"},{"@type":"ListItem","position":2,"name":"E-pood","item":"https:\/\/beautyinstitute.ee\/e-pood\/"},{"@type":"ListItem","position":3,"name":"Magic Summer Kreem 50Ml"}]},{"@type":"WebSite","@id":"https:\/\/beautyinstitute.ee\/#website","url":"https:\/\/beautyinstitute.ee\/","name":"Beauty Institute","description":"CNC Cosmetic ametlik maaletooja ja edasim\u00fc\u00fcja Eestis, Soomes, L\u00e4tis. Aparaadikosmeetika, koolitused, kosmeetikatooted.","potentialAction":[{"@type":"SearchAction","target":{"@type":"EntryPoint","urlTemplate":"https:\/\/beautyinstitute.ee\/?s={search_term_string}"},"query-input":{"@type":"PropertyValueSpecification","valueRequired":true,"valueName":"search_term_string"}}],"inLanguage":"ru-RU"}]}},"_links":{"self":[{"href":"https:\/\/beautyinstitute.ee\/ru\/wp-json\/wp\/v2\/product\/37989","targetHints":{"allow":["GET"]}}],"collection":[{"href":"https:\/\/beautyinstitute.ee\/ru\/wp-json\/wp\/v2\/product"}],"about":[{"href":"https:\/\/beautyinstitute.ee\/ru\/wp-json\/wp\/v2\/types\/product"}],"wp:featuredmedia":[{"embeddable":true,"href":"https:\/\/beautyinstitute.ee\/ru\/wp-json\/wp\/v2\/media\/37997"}],"wp:attachment":[{"href":"https:\/\/beautyinstitute.ee\/ru\/wp-json\/wp\/v2\/media?parent=37989"}],"wp:term":[{"taxonomy":"product_cat","embeddable":true,"href":"https:\/\/beautyinstitute.ee\/ru\/wp-json\/wp\/v2\/product_cat?post=37989"},{"taxonomy":"product_tag","embeddable":true,"href":"https:\/\/beautyinstitute.ee\/ru\/wp-json\/wp\/v2\/product_tag?post=37989"}],"curies":[{"name":"wp","href":"https:\/\/api.w.org\/{rel}","templated":true}]}}